{"id":1270,"date":"2022-08-22T11:35:47","date_gmt":"2022-08-22T09:35:47","guid":{"rendered":"https:\/\/www.synlab.fr\/oxabio\/?page_id=1270"},"modified":"2023-06-27T15:15:21","modified_gmt":"2023-06-27T13:15:21","slug":"avant-de-venir","status":"publish","type":"page","link":"https:\/\/www.synlab.fr\/oxabio\/patient\/avant-de-venir\/","title":{"rendered":"Avant de venir"},"content":{"rendered":"<div class=\"container block-texte_image\">\n\n\t\t\t<div class=\"block-texte_image-contenu order-1\" style=\"--widthContenu:58%\">\n\t\t\t<h2>Quels documents \u00e0 apporter <\/h2>\t\t\t<article><p>SYNLAB vous accompagne dans votre parcours patient, en vous aidant \u00e0 pr\u00e9parer votre visite, que vous soyez seul ou avec votre enfant.<\/p>\n<\/article>\t\t\t\t\t\t\n\t\t\t<p><a href=\"https:\/\/www.synlab.fr\/oxabio\/patient\/avant-de-venir\/quels-documents-a-apporter\/\" style=\"--colorCTA:#003765\" target=\"\" class=\"block-texte_image-contenu-cta\">En savoir plus<\/a><\/p>\t\t<\/div>\n\t\n\t\n\t\t<div class=\"block-texte_image-illustration order-0\" style=\"--widthImage:42%;\">\n\t\t\t<img decoding=\"async\" src=\"https:\/\/www.synlab.fr\/oxabio\/wp-content\/uploads\/sites\/41\/2023\/01\/Sans-titre-31.png\" alt=\"Sans titre (31)\"\/>\n\t\t<\/div>\n\n\t\n\t\t\n<\/div>\n\n\n\n\n\t\n\t\n\n\n\n<div class=\"container-fluid block-separateur\" style=\"--heightDesk:30px;--heightMob:20px;\">\n\n    \n    \n<\/div>\n\n<div class=\"container block-texte_image\">\n\n\t\t\t<div class=\"block-texte_image-contenu order-0\" style=\"--widthContenu:100%\">\n\t\t\t<h2>Prendre rendez-vous<\/h2>\t\t\t<article><p>Chez Synlab Oxabio, il existe 3 possibilit\u00e9s pour prendre rendez-vous dans un de nos laboratoires d&rsquo;analyses m\u00e9dicales.<\/p>\n<\/article>\t\t\t\t\t\t\n\t\t\t<p><a href=\"https:\/\/www.synlab.fr\/oxabio\/patient\/avant-de-venir\/prendre-rdv-contenu-sel\/\" style=\"--colorCTA:#003765\" target=\"\" class=\"block-texte_image-contenu-cta\">En savoir plus<\/a><\/p>\t\t<\/div>\n\t\n\t\n\t\t\n<\/div>\n\n\n\n\n\t\n\t\n\n\n\n<div class=\"container-fluid block-separateur\" style=\"--heightDesk:30px;--heightMob:20px;\">\n\n    \n    \n<\/div>\n\n<div class=\"container block-texte_image\">\n\n\t\t\t<div class=\"block-texte_image-contenu order-1\" style=\"--widthContenu:70%\">\n\t\t\t<h2>Pr\u00e9l\u00e8vement de mon enfant <\/h2>\t\t\t<article><p><strong>Notre \u00e9quipe est form\u00e9e pour accueillir dans les meilleures conditions les enfants.<\/strong> Les enfants peuvent appr\u00e9hender la prise de sang. Notre \u00e9quipe de pr\u00e9leveurs, assist\u00e9e des parents, pourront les rassurer afin que cet acte se d\u00e9roule de la fa\u00e7on la plus douce possible.<\/p>\n<\/article>\t\t\t\t\t\t\n\t\t\t<p><a href=\"https:\/\/www.synlab.fr\/oxabio\/patient\/avant-de-venir\/prelevement-de-mon-enfant\/\" style=\"--colorCTA:#003765\" target=\"\" class=\"block-texte_image-contenu-cta\">En savoir plus<\/a><\/p>\t\t<\/div>\n\t\n\t\n\t\t<div class=\"block-texte_image-illustration order-0\" style=\"--widthImage:30%;\">\n\t\t\t<img decoding=\"async\" src=\"https:\/\/www.synlab.fr\/oxabio\/wp-content\/uploads\/sites\/41\/2022\/11\/Sans-titre-22.png\" alt=\"Sans titre (22)\"\/>\n\t\t<\/div>\n\n\t\n\t\t\n<\/div>\n\n\n\n\n\t\n\t\n","protected":false},"excerpt":{"rendered":"","protected":false},"author":13,"featured_media":3114,"parent":18,"menu_order":1,"comment_status":"closed","ping_status":"closed","template":"","meta":{"_acf_changed":false,"footnotes":""},"class_list":["post-1270","page","type-page","status-publish","has-post-thumbnail","hentry"],"acf":[],"yoast_head":"<!-- This site is optimized with the Yoast SEO plugin v26.3 - https:\/\/yoast.com\/wordpress\/plugins\/seo\/ -->\n<title>SYNLAB Oxabio - Avant de venir dans nos laboratoires d&#039;analyses<\/title>\n<meta name=\"description\" content=\"SYNLAB Oxabio vous accompagne dans votre parcours patient, en vous aidant \u00e0 pr\u00e9parer votre visite, que vous soyez seul ou accompagn\u00e9 par votre enfant.\" \/>\n<meta name=\"robots\" content=\"noindex, follow, max-snippet:-1, max-image-preview:large, max-video-preview:-1\" \/>\n<meta property=\"og:locale\" content=\"fr_FR\" \/>\n<meta property=\"og:type\" content=\"article\" \/>\n<meta property=\"og:title\" content=\"SYNLAB Oxabio - Avant de venir dans nos laboratoires d&#039;analyses\" \/>\n<meta property=\"og:description\" content=\"SYNLAB Oxabio vous accompagne dans votre parcours patient, en vous aidant \u00e0 pr\u00e9parer votre visite, que vous soyez seul ou accompagn\u00e9 par votre enfant.\" \/>\n<meta property=\"og:url\" content=\"https:\/\/www.synlab.fr\/clone\/oxabio\/patient\/avant-de-venir\/\" \/>\n<meta property=\"og:site_name\" content=\"Synlab Oxabio\" \/>\n<meta property=\"article:modified_time\" content=\"2023-06-27T13:15:21+00:00\" \/>\n<meta property=\"og:image\" content=\"https:\/\/www.synlab.fr\/clone\/oxabio\/wp-content\/uploads\/sites\/41\/2022\/09\/scott-graham-OQMZwNd3ThU-unsplash-1.jpg\" \/>\n\t<meta property=\"og:image:width\" content=\"374\" \/>\n\t<meta property=\"og:image:height\" content=\"250\" \/>\n\t<meta property=\"og:image:type\" content=\"image\/jpeg\" \/>\n<meta name=\"twitter:card\" content=\"summary_large_image\" \/>\n<script type=\"application\/ld+json\" class=\"yoast-schema-graph\">{\"@context\":\"https:\/\/schema.org\",\"@graph\":[{\"@type\":\"WebPage\",\"@id\":\"https:\/\/www.synlab.fr\/clone\/oxabio\/patient\/avant-de-venir\/\",\"url\":\"https:\/\/www.synlab.fr\/clone\/oxabio\/patient\/avant-de-venir\/\",\"name\":\"SYNLAB Oxabio - Avant de venir dans nos laboratoires d'analyses\",\"isPartOf\":{\"@id\":\"https:\/\/www.synlab.fr\/oxabio\/#website\"},\"primaryImageOfPage\":{\"@id\":\"https:\/\/www.synlab.fr\/clone\/oxabio\/patient\/avant-de-venir\/#primaryimage\"},\"image\":{\"@id\":\"https:\/\/www.synlab.fr\/clone\/oxabio\/patient\/avant-de-venir\/#primaryimage\"},\"thumbnailUrl\":\"https:\/\/www.synlab.fr\/oxabio\/wp-content\/uploads\/sites\/41\/2022\/09\/scott-graham-OQMZwNd3ThU-unsplash-1.jpg\",\"datePublished\":\"2022-08-22T09:35:47+00:00\",\"dateModified\":\"2023-06-27T13:15:21+00:00\",\"description\":\"SYNLAB Oxabio vous accompagne dans votre parcours patient, en vous aidant \u00e0 pr\u00e9parer votre visite, que vous soyez seul ou accompagn\u00e9 par votre enfant.\",\"breadcrumb\":{\"@id\":\"https:\/\/www.synlab.fr\/clone\/oxabio\/patient\/avant-de-venir\/#breadcrumb\"},\"inLanguage\":\"fr-FR\",\"potentialAction\":[{\"@type\":\"ReadAction\",\"target\":[\"https:\/\/www.synlab.fr\/clone\/oxabio\/patient\/avant-de-venir\/\"]}]},{\"@type\":\"ImageObject\",\"inLanguage\":\"fr-FR\",\"@id\":\"https:\/\/www.synlab.fr\/clone\/oxabio\/patient\/avant-de-venir\/#primaryimage\",\"url\":\"https:\/\/www.synlab.fr\/oxabio\/wp-content\/uploads\/sites\/41\/2022\/09\/scott-graham-OQMZwNd3ThU-unsplash-1.jpg\",\"contentUrl\":\"https:\/\/www.synlab.fr\/oxabio\/wp-content\/uploads\/sites\/41\/2022\/09\/scott-graham-OQMZwNd3ThU-unsplash-1.jpg\",\"width\":374,\"height\":250,\"caption\":\"un homme qui remplit des documents administratifs\"},{\"@type\":\"BreadcrumbList\",\"@id\":\"https:\/\/www.synlab.fr\/clone\/oxabio\/patient\/avant-de-venir\/#breadcrumb\",\"itemListElement\":[{\"@type\":\"ListItem\",\"position\":1,\"name\":\"Home\",\"item\":\"https:\/\/www.synlab.fr\/oxabio\/\"},{\"@type\":\"ListItem\",\"position\":2,\"name\":\"Espace patient\",\"item\":\"https:\/\/www.synlab.fr\/clone\/oxabio\/patient\/\"},{\"@type\":\"ListItem\",\"position\":3,\"name\":\"Avant de venir\"}]},{\"@type\":\"WebSite\",\"@id\":\"https:\/\/www.synlab.fr\/oxabio\/#website\",\"url\":\"https:\/\/www.synlab.fr\/oxabio\/\",\"name\":\"Synlab Oxabio\",\"description\":\"Un site utilisant Synlab\",\"potentialAction\":[{\"@type\":\"SearchAction\",\"target\":{\"@type\":\"EntryPoint\",\"urlTemplate\":\"https:\/\/www.synlab.fr\/oxabio\/?s={search_term_string}\"},\"query-input\":{\"@type\":\"PropertyValueSpecification\",\"valueRequired\":true,\"valueName\":\"search_term_string\"}}],\"inLanguage\":\"fr-FR\"}]}<\/script>\n<!-- \/ Yoast SEO plugin. -->","yoast_head_json":{"title":"SYNLAB Oxabio - Avant de venir dans nos laboratoires d'analyses","description":"SYNLAB Oxabio vous accompagne dans votre parcours patient, en vous aidant \u00e0 pr\u00e9parer votre visite, que vous soyez seul ou accompagn\u00e9 par votre enfant.","robots":{"index":"noindex","follow":"follow","max-snippet":"max-snippet:-1","max-image-preview":"max-image-preview:large","max-video-preview":"max-video-preview:-1"},"og_locale":"fr_FR","og_type":"article","og_title":"SYNLAB Oxabio - Avant de venir dans nos laboratoires d'analyses","og_description":"SYNLAB Oxabio vous accompagne dans votre parcours patient, en vous aidant \u00e0 pr\u00e9parer votre visite, que vous soyez seul ou accompagn\u00e9 par votre enfant.","og_url":"https:\/\/www.synlab.fr\/clone\/oxabio\/patient\/avant-de-venir\/","og_site_name":"Synlab Oxabio","article_modified_time":"2023-06-27T13:15:21+00:00","og_image":[{"width":374,"height":250,"url":"https:\/\/www.synlab.fr\/clone\/oxabio\/wp-content\/uploads\/sites\/41\/2022\/09\/scott-graham-OQMZwNd3ThU-unsplash-1.jpg","type":"image\/jpeg"}],"twitter_card":"summary_large_image","schema":{"@context":"https:\/\/schema.org","@graph":[{"@type":"WebPage","@id":"https:\/\/www.synlab.fr\/clone\/oxabio\/patient\/avant-de-venir\/","url":"https:\/\/www.synlab.fr\/clone\/oxabio\/patient\/avant-de-venir\/","name":"SYNLAB Oxabio - Avant de venir dans nos laboratoires d'analyses","isPartOf":{"@id":"https:\/\/www.synlab.fr\/oxabio\/#website"},"primaryImageOfPage":{"@id":"https:\/\/www.synlab.fr\/clone\/oxabio\/patient\/avant-de-venir\/#primaryimage"},"image":{"@id":"https:\/\/www.synlab.fr\/clone\/oxabio\/patient\/avant-de-venir\/#primaryimage"},"thumbnailUrl":"https:\/\/www.synlab.fr\/oxabio\/wp-content\/uploads\/sites\/41\/2022\/09\/scott-graham-OQMZwNd3ThU-unsplash-1.jpg","datePublished":"2022-08-22T09:35:47+00:00","dateModified":"2023-06-27T13:15:21+00:00","description":"SYNLAB Oxabio vous accompagne dans votre parcours patient, en vous aidant \u00e0 pr\u00e9parer votre visite, que vous soyez seul ou accompagn\u00e9 par votre enfant.","breadcrumb":{"@id":"https:\/\/www.synlab.fr\/clone\/oxabio\/patient\/avant-de-venir\/#breadcrumb"},"inLanguage":"fr-FR","potentialAction":[{"@type":"ReadAction","target":["https:\/\/www.synlab.fr\/clone\/oxabio\/patient\/avant-de-venir\/"]}]},{"@type":"ImageObject","inLanguage":"fr-FR","@id":"https:\/\/www.synlab.fr\/clone\/oxabio\/patient\/avant-de-venir\/#primaryimage","url":"https:\/\/www.synlab.fr\/oxabio\/wp-content\/uploads\/sites\/41\/2022\/09\/scott-graham-OQMZwNd3ThU-unsplash-1.jpg","contentUrl":"https:\/\/www.synlab.fr\/oxabio\/wp-content\/uploads\/sites\/41\/2022\/09\/scott-graham-OQMZwNd3ThU-unsplash-1.jpg","width":374,"height":250,"caption":"un homme qui remplit des documents administratifs"},{"@type":"BreadcrumbList","@id":"https:\/\/www.synlab.fr\/clone\/oxabio\/patient\/avant-de-venir\/#breadcrumb","itemListElement":[{"@type":"ListItem","position":1,"name":"Home","item":"https:\/\/www.synlab.fr\/oxabio\/"},{"@type":"ListItem","position":2,"name":"Espace patient","item":"https:\/\/www.synlab.fr\/clone\/oxabio\/patient\/"},{"@type":"ListItem","position":3,"name":"Avant de venir"}]},{"@type":"WebSite","@id":"https:\/\/www.synlab.fr\/oxabio\/#website","url":"https:\/\/www.synlab.fr\/oxabio\/","name":"Synlab Oxabio","description":"Un site utilisant Synlab","potentialAction":[{"@type":"SearchAction","target":{"@type":"EntryPoint","urlTemplate":"https:\/\/www.synlab.fr\/oxabio\/?s={search_term_string}"},"query-input":{"@type":"PropertyValueSpecification","valueRequired":true,"valueName":"search_term_string"}}],"inLanguage":"fr-FR"}]}},"_links":{"self":[{"href":"https:\/\/www.synlab.fr\/oxabio\/wp-json\/wp\/v2\/pages\/1270","targetHints":{"allow":["GET"]}}],"collection":[{"href":"https:\/\/www.synlab.fr\/oxabio\/wp-json\/wp\/v2\/pages"}],"about":[{"href":"https:\/\/www.synlab.fr\/oxabio\/wp-json\/wp\/v2\/types\/page"}],"author":[{"embeddable":true,"href":"https:\/\/www.synlab.fr\/oxabio\/wp-json\/wp\/v2\/users\/13"}],"replies":[{"embeddable":true,"href":"https:\/\/www.synlab.fr\/oxabio\/wp-json\/wp\/v2\/comments?post=1270"}],"version-history":[{"count":42,"href":"https:\/\/www.synlab.fr\/oxabio\/wp-json\/wp\/v2\/pages\/1270\/revisions"}],"predecessor-version":[{"id":5346,"href":"https:\/\/www.synlab.fr\/oxabio\/wp-json\/wp\/v2\/pages\/1270\/revisions\/5346"}],"up":[{"embeddable":true,"href":"https:\/\/www.synlab.fr\/oxabio\/wp-json\/wp\/v2\/pages\/18"}],"wp:featuredmedia":[{"embeddable":true,"href":"https:\/\/www.synlab.fr\/oxabio\/wp-json\/wp\/v2\/media\/3114"}],"wp:attachment":[{"href":"https:\/\/www.synlab.fr\/oxabio\/wp-json\/wp\/v2\/media?parent=1270"}],"curies":[{"name":"wp","href":"https:\/\/api.w.org\/{rel}","templated":true}]}}