{"id":1274,"date":"2022-08-22T11:41:25","date_gmt":"2022-08-22T09:41:25","guid":{"rendered":"https:\/\/www.synlab.fr\/oxabio\/?page_id=1274"},"modified":"2023-01-13T16:34:33","modified_gmt":"2023-01-13T15:34:33","slug":"prelevement-a-domicile","status":"publish","type":"page","link":"https:\/\/www.synlab.fr\/oxabio\/patient\/prelevement-a-domicile\/","title":{"rendered":"Pr\u00e9l\u00e8vement \u00e0 domicile"},"content":{"rendered":"<div class=\"container block-texte_image\">\n\n\t\t\t<div class=\"block-texte_image-contenu order-1\" style=\"--widthContenu:75%\">\n\t\t\t\t\t\t<article><p>Les pr\u00e9l\u00e8vements peuvent \u00eatre r\u00e9alis\u00e9s \u00e0 domicile sur prescription m\u00e9dicale pour prise en charge par l&rsquo;Assurance Maladie.<\/p>\n<p>Vous pouvez toutefois choisir un pr\u00e9l\u00e8vement \u00e0 domicile, dans ce cas, les frais de l&rsquo;acte seront \u00e0 votre charge.<\/p>\n<p>Nous vous conseillons de faire appel \u00e0 un infirmier lib\u00e9ral conventionn\u00e9 avec le laboratoire qui nous transmettra les pr\u00e9l\u00e8vements. Si vous n&rsquo;avez pas d&rsquo;infirmier lib\u00e9ral, nous vous invitons \u00e0 prendre contact avec le laboratoire.<\/p>\n<\/article>\t\t\t\t\t\t\n\t\t\t<p><a href=\"https:\/\/www.synlab.fr\/oxabio\/trouver-un-laboratoire\/\" style=\"--colorCTA:#003765\" target=\"\" class=\"block-texte_image-contenu-cta\">Trouver le laboratoire SYNLAB le plus proche de chez vous <\/a><\/p>\t\t<\/div>\n\t\n\t\n\t\t<div class=\"block-texte_image-illustration order-0\" style=\"--widthImage:25%;\">\n\t\t\t<img decoding=\"async\" src=\"https:\/\/www.synlab.fr\/oxabio\/wp-content\/uploads\/sites\/41\/2023\/01\/skilled-focused-young-phlebotomy-technician-applying-tourniquet-male-patient-arm-venipuncture.jpg\" alt=\"skilled-focused-young-phlebotomy-technician-applying-tourniquet-male-patient-arm-venipuncture\"\/>\n\t\t<\/div>\n\n\t\n\t\t\n<\/div>\n\n\n\n\n\t\n\t\n","protected":false},"excerpt":{"rendered":"","protected":false},"author":13,"featured_media":712,"parent":18,"menu_order":3,"comment_status":"closed","ping_status":"closed","template":"","meta":{"_acf_changed":false,"footnotes":""},"class_list":["post-1274","page","type-page","status-publish","has-post-thumbnail","hentry"],"acf":[],"yoast_head":"<!-- This site is optimized with the Yoast SEO plugin v26.3 - https:\/\/yoast.com\/wordpress\/plugins\/seo\/ -->\n<title>SYNLAB Oxabio propose de r\u00e9aliser vos pr\u00e9l\u00e8vements \u00e0 domicile<\/title>\n<meta name=\"description\" content=\"Votre m\u00e9decin vous a prescrit un pr\u00e9l\u00e8vement \u00e0 r\u00e9aliser \u00e0 domicile, ou bien vous ne pouvez pas vous rendre au laboratoire ? Un(e) infirmier(e) peut se d\u00e9placer chez vous pour r\u00e9aliser cet acte m\u00e9dical.\" \/>\n<meta name=\"robots\" content=\"noindex, follow, max-snippet:-1, max-image-preview:large, max-video-preview:-1\" \/>\n<meta property=\"og:locale\" content=\"fr_FR\" \/>\n<meta property=\"og:type\" content=\"article\" \/>\n<meta property=\"og:title\" content=\"SYNLAB Oxabio propose de r\u00e9aliser vos pr\u00e9l\u00e8vements \u00e0 domicile\" \/>\n<meta property=\"og:description\" content=\"Votre m\u00e9decin vous a prescrit un pr\u00e9l\u00e8vement \u00e0 r\u00e9aliser \u00e0 domicile, ou bien vous ne pouvez pas vous rendre au laboratoire ? Un(e) infirmier(e) peut se d\u00e9placer chez vous pour r\u00e9aliser cet acte m\u00e9dical.\" \/>\n<meta property=\"og:url\" content=\"https:\/\/www.synlab.fr\/clone\/oxabio\/patient\/prelevement-a-domicile\/\" \/>\n<meta property=\"og:site_name\" content=\"Synlab Oxabio\" \/>\n<meta property=\"article:modified_time\" content=\"2023-01-13T15:34:33+00:00\" \/>\n<meta property=\"og:image\" content=\"https:\/\/www.synlab.fr\/clone\/oxabio\/wp-content\/uploads\/sites\/41\/2022\/08\/csm_Analyse-prise-de-sang_473f6198a4.jpeg\" \/>\n\t<meta property=\"og:image:width\" content=\"285\" \/>\n\t<meta property=\"og:image:height\" content=\"190\" \/>\n\t<meta property=\"og:image:type\" content=\"image\/jpeg\" \/>\n<meta name=\"twitter:card\" content=\"summary_large_image\" \/>\n<script type=\"application\/ld+json\" class=\"yoast-schema-graph\">{\"@context\":\"https:\/\/schema.org\",\"@graph\":[{\"@type\":\"WebPage\",\"@id\":\"https:\/\/www.synlab.fr\/clone\/oxabio\/patient\/prelevement-a-domicile\/\",\"url\":\"https:\/\/www.synlab.fr\/clone\/oxabio\/patient\/prelevement-a-domicile\/\",\"name\":\"SYNLAB Oxabio propose de r\u00e9aliser vos pr\u00e9l\u00e8vements \u00e0 domicile\",\"isPartOf\":{\"@id\":\"https:\/\/www.synlab.fr\/oxabio\/#website\"},\"primaryImageOfPage\":{\"@id\":\"https:\/\/www.synlab.fr\/clone\/oxabio\/patient\/prelevement-a-domicile\/#primaryimage\"},\"image\":{\"@id\":\"https:\/\/www.synlab.fr\/clone\/oxabio\/patient\/prelevement-a-domicile\/#primaryimage\"},\"thumbnailUrl\":\"https:\/\/www.synlab.fr\/oxabio\/wp-content\/uploads\/sites\/41\/2022\/08\/csm_Analyse-prise-de-sang_473f6198a4.jpeg\",\"datePublished\":\"2022-08-22T09:41:25+00:00\",\"dateModified\":\"2023-01-13T15:34:33+00:00\",\"description\":\"Votre m\u00e9decin vous a prescrit un pr\u00e9l\u00e8vement \u00e0 r\u00e9aliser \u00e0 domicile, ou bien vous ne pouvez pas vous rendre au laboratoire ? Un(e) infirmier(e) peut se d\u00e9placer chez vous pour r\u00e9aliser cet acte m\u00e9dical.\",\"breadcrumb\":{\"@id\":\"https:\/\/www.synlab.fr\/clone\/oxabio\/patient\/prelevement-a-domicile\/#breadcrumb\"},\"inLanguage\":\"fr-FR\",\"potentialAction\":[{\"@type\":\"ReadAction\",\"target\":[\"https:\/\/www.synlab.fr\/clone\/oxabio\/patient\/prelevement-a-domicile\/\"]}]},{\"@type\":\"ImageObject\",\"inLanguage\":\"fr-FR\",\"@id\":\"https:\/\/www.synlab.fr\/clone\/oxabio\/patient\/prelevement-a-domicile\/#primaryimage\",\"url\":\"https:\/\/www.synlab.fr\/oxabio\/wp-content\/uploads\/sites\/41\/2022\/08\/csm_Analyse-prise-de-sang_473f6198a4.jpeg\",\"contentUrl\":\"https:\/\/www.synlab.fr\/oxabio\/wp-content\/uploads\/sites\/41\/2022\/08\/csm_Analyse-prise-de-sang_473f6198a4.jpeg\",\"width\":285,\"height\":190,\"caption\":\"Un pr\u00e9leveur qui r\u00e9alise un prise de sang aupr\u00e8s d'un patient\"},{\"@type\":\"BreadcrumbList\",\"@id\":\"https:\/\/www.synlab.fr\/clone\/oxabio\/patient\/prelevement-a-domicile\/#breadcrumb\",\"itemListElement\":[{\"@type\":\"ListItem\",\"position\":1,\"name\":\"Home\",\"item\":\"https:\/\/www.synlab.fr\/oxabio\/\"},{\"@type\":\"ListItem\",\"position\":2,\"name\":\"Espace patient\",\"item\":\"https:\/\/www.synlab.fr\/clone\/oxabio\/patient\/\"},{\"@type\":\"ListItem\",\"position\":3,\"name\":\"Pr\u00e9l\u00e8vement \u00e0 domicile\"}]},{\"@type\":\"WebSite\",\"@id\":\"https:\/\/www.synlab.fr\/oxabio\/#website\",\"url\":\"https:\/\/www.synlab.fr\/oxabio\/\",\"name\":\"Synlab Oxabio\",\"description\":\"Un site utilisant Synlab\",\"potentialAction\":[{\"@type\":\"SearchAction\",\"target\":{\"@type\":\"EntryPoint\",\"urlTemplate\":\"https:\/\/www.synlab.fr\/oxabio\/?s={search_term_string}\"},\"query-input\":{\"@type\":\"PropertyValueSpecification\",\"valueRequired\":true,\"valueName\":\"search_term_string\"}}],\"inLanguage\":\"fr-FR\"}]}<\/script>\n<!-- \/ Yoast SEO plugin. -->","yoast_head_json":{"title":"SYNLAB Oxabio propose de r\u00e9aliser vos pr\u00e9l\u00e8vements \u00e0 domicile","description":"Votre m\u00e9decin vous a prescrit un pr\u00e9l\u00e8vement \u00e0 r\u00e9aliser \u00e0 domicile, ou bien vous ne pouvez pas vous rendre au laboratoire ? Un(e) infirmier(e) peut se d\u00e9placer chez vous pour r\u00e9aliser cet acte m\u00e9dical.","robots":{"index":"noindex","follow":"follow","max-snippet":"max-snippet:-1","max-image-preview":"max-image-preview:large","max-video-preview":"max-video-preview:-1"},"og_locale":"fr_FR","og_type":"article","og_title":"SYNLAB Oxabio propose de r\u00e9aliser vos pr\u00e9l\u00e8vements \u00e0 domicile","og_description":"Votre m\u00e9decin vous a prescrit un pr\u00e9l\u00e8vement \u00e0 r\u00e9aliser \u00e0 domicile, ou bien vous ne pouvez pas vous rendre au laboratoire ? Un(e) infirmier(e) peut se d\u00e9placer chez vous pour r\u00e9aliser cet acte m\u00e9dical.","og_url":"https:\/\/www.synlab.fr\/clone\/oxabio\/patient\/prelevement-a-domicile\/","og_site_name":"Synlab Oxabio","article_modified_time":"2023-01-13T15:34:33+00:00","og_image":[{"width":285,"height":190,"url":"https:\/\/www.synlab.fr\/clone\/oxabio\/wp-content\/uploads\/sites\/41\/2022\/08\/csm_Analyse-prise-de-sang_473f6198a4.jpeg","type":"image\/jpeg"}],"twitter_card":"summary_large_image","schema":{"@context":"https:\/\/schema.org","@graph":[{"@type":"WebPage","@id":"https:\/\/www.synlab.fr\/clone\/oxabio\/patient\/prelevement-a-domicile\/","url":"https:\/\/www.synlab.fr\/clone\/oxabio\/patient\/prelevement-a-domicile\/","name":"SYNLAB Oxabio propose de r\u00e9aliser vos pr\u00e9l\u00e8vements \u00e0 domicile","isPartOf":{"@id":"https:\/\/www.synlab.fr\/oxabio\/#website"},"primaryImageOfPage":{"@id":"https:\/\/www.synlab.fr\/clone\/oxabio\/patient\/prelevement-a-domicile\/#primaryimage"},"image":{"@id":"https:\/\/www.synlab.fr\/clone\/oxabio\/patient\/prelevement-a-domicile\/#primaryimage"},"thumbnailUrl":"https:\/\/www.synlab.fr\/oxabio\/wp-content\/uploads\/sites\/41\/2022\/08\/csm_Analyse-prise-de-sang_473f6198a4.jpeg","datePublished":"2022-08-22T09:41:25+00:00","dateModified":"2023-01-13T15:34:33+00:00","description":"Votre m\u00e9decin vous a prescrit un pr\u00e9l\u00e8vement \u00e0 r\u00e9aliser \u00e0 domicile, ou bien vous ne pouvez pas vous rendre au laboratoire ? Un(e) infirmier(e) peut se d\u00e9placer chez vous pour r\u00e9aliser cet acte m\u00e9dical.","breadcrumb":{"@id":"https:\/\/www.synlab.fr\/clone\/oxabio\/patient\/prelevement-a-domicile\/#breadcrumb"},"inLanguage":"fr-FR","potentialAction":[{"@type":"ReadAction","target":["https:\/\/www.synlab.fr\/clone\/oxabio\/patient\/prelevement-a-domicile\/"]}]},{"@type":"ImageObject","inLanguage":"fr-FR","@id":"https:\/\/www.synlab.fr\/clone\/oxabio\/patient\/prelevement-a-domicile\/#primaryimage","url":"https:\/\/www.synlab.fr\/oxabio\/wp-content\/uploads\/sites\/41\/2022\/08\/csm_Analyse-prise-de-sang_473f6198a4.jpeg","contentUrl":"https:\/\/www.synlab.fr\/oxabio\/wp-content\/uploads\/sites\/41\/2022\/08\/csm_Analyse-prise-de-sang_473f6198a4.jpeg","width":285,"height":190,"caption":"Un pr\u00e9leveur qui r\u00e9alise un prise de sang aupr\u00e8s d'un patient"},{"@type":"BreadcrumbList","@id":"https:\/\/www.synlab.fr\/clone\/oxabio\/patient\/prelevement-a-domicile\/#breadcrumb","itemListElement":[{"@type":"ListItem","position":1,"name":"Home","item":"https:\/\/www.synlab.fr\/oxabio\/"},{"@type":"ListItem","position":2,"name":"Espace patient","item":"https:\/\/www.synlab.fr\/clone\/oxabio\/patient\/"},{"@type":"ListItem","position":3,"name":"Pr\u00e9l\u00e8vement \u00e0 domicile"}]},{"@type":"WebSite","@id":"https:\/\/www.synlab.fr\/oxabio\/#website","url":"https:\/\/www.synlab.fr\/oxabio\/","name":"Synlab Oxabio","description":"Un site utilisant Synlab","potentialAction":[{"@type":"SearchAction","target":{"@type":"EntryPoint","urlTemplate":"https:\/\/www.synlab.fr\/oxabio\/?s={search_term_string}"},"query-input":{"@type":"PropertyValueSpecification","valueRequired":true,"valueName":"search_term_string"}}],"inLanguage":"fr-FR"}]}},"_links":{"self":[{"href":"https:\/\/www.synlab.fr\/oxabio\/wp-json\/wp\/v2\/pages\/1274","targetHints":{"allow":["GET"]}}],"collection":[{"href":"https:\/\/www.synlab.fr\/oxabio\/wp-json\/wp\/v2\/pages"}],"about":[{"href":"https:\/\/www.synlab.fr\/oxabio\/wp-json\/wp\/v2\/types\/page"}],"author":[{"embeddable":true,"href":"https:\/\/www.synlab.fr\/oxabio\/wp-json\/wp\/v2\/users\/13"}],"replies":[{"embeddable":true,"href":"https:\/\/www.synlab.fr\/oxabio\/wp-json\/wp\/v2\/comments?post=1274"}],"version-history":[{"count":9,"href":"https:\/\/www.synlab.fr\/oxabio\/wp-json\/wp\/v2\/pages\/1274\/revisions"}],"predecessor-version":[{"id":4708,"href":"https:\/\/www.synlab.fr\/oxabio\/wp-json\/wp\/v2\/pages\/1274\/revisions\/4708"}],"up":[{"embeddable":true,"href":"https:\/\/www.synlab.fr\/oxabio\/wp-json\/wp\/v2\/pages\/18"}],"wp:featuredmedia":[{"embeddable":true,"href":"https:\/\/www.synlab.fr\/oxabio\/wp-json\/wp\/v2\/media\/712"}],"wp:attachment":[{"href":"https:\/\/www.synlab.fr\/oxabio\/wp-json\/wp\/v2\/media?parent=1274"}],"curies":[{"name":"wp","href":"https:\/\/api.w.org\/{rel}","templated":true}]}}