{"id":1277,"date":"2022-08-22T11:43:12","date_gmt":"2022-08-22T09:43:12","guid":{"rendered":"https:\/\/www.synlab.fr\/oxabio\/?page_id=1277"},"modified":"2022-11-17T09:44:40","modified_gmt":"2022-11-17T08:44:40","slug":"prendre-rdv-contenu-sel","status":"publish","type":"page","link":"https:\/\/www.synlab.fr\/oxabio\/patient\/avant-de-venir\/prendre-rdv-contenu-sel\/","title":{"rendered":"Prendre rendez-vous"},"content":{"rendered":"<div class=\"container block-texte_image\">\n\n\t\t\t<div class=\"block-texte_image-contenu order-1\" style=\"--widthContenu:70%\">\n\t\t\t\t\t\t<article><p><strong>Pour prendre rendez-vous, il existe 3 possibilit\u00e9s : <\/strong><\/p>\n<ul>\n<li><strong>Venir au laboratoire<\/strong><\/li>\n<li><strong>T\u00e9l\u00e9phoner au laboratoire<\/strong><\/li>\n<li><strong>Rdv sur le site <a href=\"https:\/\/www.synlab.fr\/oxabio\/\">oxabio.fr<\/a> pour une prise de rdv en ligne ou directement sur <a href=\"http:\/\/www.doctolib.fr\">www.doctolib.fr<\/a> <\/strong>et rechercher laboratoire Synlab Oxabio + indiquer le nom de la ville.<\/li>\n<\/ul>\n<p>Les patients se pr\u00e9sentant sans rendez-vous sont bien s\u00fbr accept\u00e9s mais seront pris en charge apr\u00e8s les patients avec rendez-vous.<\/p>\n<p>En cas de doute sur les conditions de jeun ou si vous avez besoin de renseignements utiles au bon d\u00e9roulement de votre pr\u00e9l\u00e8vement et \u00e0 la fiabilit\u00e9 de vos r\u00e9sultats (conditions de jeun, r\u00e9gimes associ\u00e9s, protocoles sp\u00e9cifiques, flacons de recueil, heure sp\u00e9cifique de pr\u00e9l\u00e8vement si rythme circadien&#8230;), nous vous conseillons soit d\u2019appeler le laboratoire soit de nous contacter sur notre page Facebook @synlaboxabio, une secr\u00e9taire vous r\u00e9pondra avec pr\u00e9cision.<\/p>\n<p><strong>Pour les rendez-vous \u00e0 domicile<\/strong>, vous pouvez nous contacter directement. Nous vous adresserons soit un pr\u00e9leveur du laboratoire soit un infirmier lib\u00e9ral collaborateur en fonction des disponibilit\u00e9s.<\/p>\n<p><strong>Pour les pr\u00e9l\u00e8vements sp\u00e9cialis\u00e9s<\/strong>\u00a0(jeunes enfants, pr\u00e9l\u00e8vements vaginaux, test au synacth\u00e8ne, \u2026), la prise de rendez-vous est obligatoire.<\/p>\n<\/article>\t\t\t\t\t\t\n\t\t\t\t\t<\/div>\n\t\n\t\n\t\t<div class=\"block-texte_image-illustration order-0\" style=\"--widthImage:30%;\">\n\t\t\t<img decoding=\"async\" src=\"https:\/\/www.synlab.fr\/oxabio\/wp-content\/uploads\/sites\/41\/2022\/11\/SYNLAB_CAMPAGNE_RECRUTEMENT_A3_Aurelie_160922_Q_HD_EXE_03.pdf-4.png\" alt=\"SYNLAB_CAMPAGNE_RECRUTEMENT_A3_Aur\u00e9lie_160922_Q_HD_EXE_03.pdf (4)\"\/>\n\t\t<\/div>\n\n\t\n\t\t\n<\/div>\n\n\n\n\n\t\n\t\n","protected":false},"excerpt":{"rendered":"","protected":false},"author":13,"featured_media":4128,"parent":1270,"menu_order":1,"comment_status":"closed","ping_status":"closed","template":"","meta":{"_acf_changed":false,"footnotes":""},"class_list":["post-1277","page","type-page","status-publish","has-post-thumbnail","hentry"],"acf":[],"yoast_head":"<!-- This site is optimized with the Yoast SEO plugin v26.3 - https:\/\/yoast.com\/wordpress\/plugins\/seo\/ -->\n<title>SYNLAB Oxabio - Prendre Rendez-vous<\/title>\n<meta name=\"description\" content=\"SYNLAB Oxabio propose plusieurs possibilit\u00e9s pour prendre rendez-vous dans ses laboratoires d&#039;analyses m\u00e9dicales dans la r\u00e9gion Nord-De-France\" \/>\n<meta name=\"robots\" content=\"noindex, follow, max-snippet:-1, max-image-preview:large, max-video-preview:-1\" \/>\n<meta property=\"og:locale\" content=\"fr_FR\" \/>\n<meta property=\"og:type\" content=\"article\" \/>\n<meta property=\"og:title\" content=\"SYNLAB Oxabio - Prendre Rendez-vous\" \/>\n<meta property=\"og:description\" content=\"SYNLAB Oxabio propose plusieurs possibilit\u00e9s pour prendre rendez-vous dans ses laboratoires d&#039;analyses m\u00e9dicales dans la r\u00e9gion Nord-De-France\" \/>\n<meta property=\"og:url\" content=\"https:\/\/www.synlab.fr\/clone\/oxabio\/patient\/avant-de-venir\/prendre-rdv-contenu-sel\/\" \/>\n<meta property=\"og:site_name\" content=\"Synlab Oxabio\" \/>\n<meta property=\"article:modified_time\" content=\"2022-11-17T08:44:40+00:00\" \/>\n<meta property=\"og:image\" content=\"https:\/\/www.synlab.fr\/clone\/oxabio\/wp-content\/uploads\/sites\/41\/2022\/11\/SYNLAB_CAMPAGNE_RECRUTEMENT_A3_Aurelie_160922_Q_HD_EXE_03.pdf-4.png\" \/>\n\t<meta property=\"og:image:width\" content=\"1434\" \/>\n\t<meta property=\"og:image:height\" content=\"2000\" \/>\n\t<meta property=\"og:image:type\" content=\"image\/png\" \/>\n<meta name=\"twitter:card\" content=\"summary_large_image\" \/>\n<script type=\"application\/ld+json\" class=\"yoast-schema-graph\">{\"@context\":\"https:\/\/schema.org\",\"@graph\":[{\"@type\":\"WebPage\",\"@id\":\"https:\/\/www.synlab.fr\/clone\/oxabio\/patient\/avant-de-venir\/prendre-rdv-contenu-sel\/\",\"url\":\"https:\/\/www.synlab.fr\/clone\/oxabio\/patient\/avant-de-venir\/prendre-rdv-contenu-sel\/\",\"name\":\"SYNLAB Oxabio - Prendre Rendez-vous\",\"isPartOf\":{\"@id\":\"https:\/\/www.synlab.fr\/oxabio\/#website\"},\"primaryImageOfPage\":{\"@id\":\"https:\/\/www.synlab.fr\/clone\/oxabio\/patient\/avant-de-venir\/prendre-rdv-contenu-sel\/#primaryimage\"},\"image\":{\"@id\":\"https:\/\/www.synlab.fr\/clone\/oxabio\/patient\/avant-de-venir\/prendre-rdv-contenu-sel\/#primaryimage\"},\"thumbnailUrl\":\"https:\/\/www.synlab.fr\/oxabio\/wp-content\/uploads\/sites\/41\/2022\/11\/SYNLAB_CAMPAGNE_RECRUTEMENT_A3_Aurelie_160922_Q_HD_EXE_03.pdf-4.png\",\"datePublished\":\"2022-08-22T09:43:12+00:00\",\"dateModified\":\"2022-11-17T08:44:40+00:00\",\"description\":\"SYNLAB Oxabio propose plusieurs possibilit\u00e9s pour prendre rendez-vous dans ses laboratoires d'analyses m\u00e9dicales dans la r\u00e9gion Nord-De-France\",\"breadcrumb\":{\"@id\":\"https:\/\/www.synlab.fr\/clone\/oxabio\/patient\/avant-de-venir\/prendre-rdv-contenu-sel\/#breadcrumb\"},\"inLanguage\":\"fr-FR\",\"potentialAction\":[{\"@type\":\"ReadAction\",\"target\":[\"https:\/\/www.synlab.fr\/clone\/oxabio\/patient\/avant-de-venir\/prendre-rdv-contenu-sel\/\"]}]},{\"@type\":\"ImageObject\",\"inLanguage\":\"fr-FR\",\"@id\":\"https:\/\/www.synlab.fr\/clone\/oxabio\/patient\/avant-de-venir\/prendre-rdv-contenu-sel\/#primaryimage\",\"url\":\"https:\/\/www.synlab.fr\/oxabio\/wp-content\/uploads\/sites\/41\/2022\/11\/SYNLAB_CAMPAGNE_RECRUTEMENT_A3_Aurelie_160922_Q_HD_EXE_03.pdf-4.png\",\"contentUrl\":\"https:\/\/www.synlab.fr\/oxabio\/wp-content\/uploads\/sites\/41\/2022\/11\/SYNLAB_CAMPAGNE_RECRUTEMENT_A3_Aurelie_160922_Q_HD_EXE_03.pdf-4.png\",\"width\":1434,\"height\":2000},{\"@type\":\"BreadcrumbList\",\"@id\":\"https:\/\/www.synlab.fr\/clone\/oxabio\/patient\/avant-de-venir\/prendre-rdv-contenu-sel\/#breadcrumb\",\"itemListElement\":[{\"@type\":\"ListItem\",\"position\":1,\"name\":\"Home\",\"item\":\"https:\/\/www.synlab.fr\/oxabio\/\"},{\"@type\":\"ListItem\",\"position\":2,\"name\":\"Espace patient\",\"item\":\"https:\/\/www.synlab.fr\/clone\/oxabio\/patient\/\"},{\"@type\":\"ListItem\",\"position\":3,\"name\":\"Avant de venir\",\"item\":\"https:\/\/www.synlab.fr\/clone\/oxabio\/patient\/avant-de-venir\/\"},{\"@type\":\"ListItem\",\"position\":4,\"name\":\"Prendre rendez-vous\"}]},{\"@type\":\"WebSite\",\"@id\":\"https:\/\/www.synlab.fr\/oxabio\/#website\",\"url\":\"https:\/\/www.synlab.fr\/oxabio\/\",\"name\":\"Synlab Oxabio\",\"description\":\"Un site utilisant Synlab\",\"potentialAction\":[{\"@type\":\"SearchAction\",\"target\":{\"@type\":\"EntryPoint\",\"urlTemplate\":\"https:\/\/www.synlab.fr\/oxabio\/?s={search_term_string}\"},\"query-input\":{\"@type\":\"PropertyValueSpecification\",\"valueRequired\":true,\"valueName\":\"search_term_string\"}}],\"inLanguage\":\"fr-FR\"}]}<\/script>\n<!-- \/ Yoast SEO plugin. -->","yoast_head_json":{"title":"SYNLAB Oxabio - Prendre Rendez-vous","description":"SYNLAB Oxabio propose plusieurs possibilit\u00e9s pour prendre rendez-vous dans ses laboratoires d'analyses m\u00e9dicales dans la r\u00e9gion Nord-De-France","robots":{"index":"noindex","follow":"follow","max-snippet":"max-snippet:-1","max-image-preview":"max-image-preview:large","max-video-preview":"max-video-preview:-1"},"og_locale":"fr_FR","og_type":"article","og_title":"SYNLAB Oxabio - Prendre Rendez-vous","og_description":"SYNLAB Oxabio propose plusieurs possibilit\u00e9s pour prendre rendez-vous dans ses laboratoires d'analyses m\u00e9dicales dans la r\u00e9gion Nord-De-France","og_url":"https:\/\/www.synlab.fr\/clone\/oxabio\/patient\/avant-de-venir\/prendre-rdv-contenu-sel\/","og_site_name":"Synlab Oxabio","article_modified_time":"2022-11-17T08:44:40+00:00","og_image":[{"width":1434,"height":2000,"url":"https:\/\/www.synlab.fr\/clone\/oxabio\/wp-content\/uploads\/sites\/41\/2022\/11\/SYNLAB_CAMPAGNE_RECRUTEMENT_A3_Aurelie_160922_Q_HD_EXE_03.pdf-4.png","type":"image\/png"}],"twitter_card":"summary_large_image","schema":{"@context":"https:\/\/schema.org","@graph":[{"@type":"WebPage","@id":"https:\/\/www.synlab.fr\/clone\/oxabio\/patient\/avant-de-venir\/prendre-rdv-contenu-sel\/","url":"https:\/\/www.synlab.fr\/clone\/oxabio\/patient\/avant-de-venir\/prendre-rdv-contenu-sel\/","name":"SYNLAB Oxabio - Prendre Rendez-vous","isPartOf":{"@id":"https:\/\/www.synlab.fr\/oxabio\/#website"},"primaryImageOfPage":{"@id":"https:\/\/www.synlab.fr\/clone\/oxabio\/patient\/avant-de-venir\/prendre-rdv-contenu-sel\/#primaryimage"},"image":{"@id":"https:\/\/www.synlab.fr\/clone\/oxabio\/patient\/avant-de-venir\/prendre-rdv-contenu-sel\/#primaryimage"},"thumbnailUrl":"https:\/\/www.synlab.fr\/oxabio\/wp-content\/uploads\/sites\/41\/2022\/11\/SYNLAB_CAMPAGNE_RECRUTEMENT_A3_Aurelie_160922_Q_HD_EXE_03.pdf-4.png","datePublished":"2022-08-22T09:43:12+00:00","dateModified":"2022-11-17T08:44:40+00:00","description":"SYNLAB Oxabio propose plusieurs possibilit\u00e9s pour prendre rendez-vous dans ses laboratoires d'analyses m\u00e9dicales dans la r\u00e9gion Nord-De-France","breadcrumb":{"@id":"https:\/\/www.synlab.fr\/clone\/oxabio\/patient\/avant-de-venir\/prendre-rdv-contenu-sel\/#breadcrumb"},"inLanguage":"fr-FR","potentialAction":[{"@type":"ReadAction","target":["https:\/\/www.synlab.fr\/clone\/oxabio\/patient\/avant-de-venir\/prendre-rdv-contenu-sel\/"]}]},{"@type":"ImageObject","inLanguage":"fr-FR","@id":"https:\/\/www.synlab.fr\/clone\/oxabio\/patient\/avant-de-venir\/prendre-rdv-contenu-sel\/#primaryimage","url":"https:\/\/www.synlab.fr\/oxabio\/wp-content\/uploads\/sites\/41\/2022\/11\/SYNLAB_CAMPAGNE_RECRUTEMENT_A3_Aurelie_160922_Q_HD_EXE_03.pdf-4.png","contentUrl":"https:\/\/www.synlab.fr\/oxabio\/wp-content\/uploads\/sites\/41\/2022\/11\/SYNLAB_CAMPAGNE_RECRUTEMENT_A3_Aurelie_160922_Q_HD_EXE_03.pdf-4.png","width":1434,"height":2000},{"@type":"BreadcrumbList","@id":"https:\/\/www.synlab.fr\/clone\/oxabio\/patient\/avant-de-venir\/prendre-rdv-contenu-sel\/#breadcrumb","itemListElement":[{"@type":"ListItem","position":1,"name":"Home","item":"https:\/\/www.synlab.fr\/oxabio\/"},{"@type":"ListItem","position":2,"name":"Espace patient","item":"https:\/\/www.synlab.fr\/clone\/oxabio\/patient\/"},{"@type":"ListItem","position":3,"name":"Avant de venir","item":"https:\/\/www.synlab.fr\/clone\/oxabio\/patient\/avant-de-venir\/"},{"@type":"ListItem","position":4,"name":"Prendre rendez-vous"}]},{"@type":"WebSite","@id":"https:\/\/www.synlab.fr\/oxabio\/#website","url":"https:\/\/www.synlab.fr\/oxabio\/","name":"Synlab Oxabio","description":"Un site utilisant Synlab","potentialAction":[{"@type":"SearchAction","target":{"@type":"EntryPoint","urlTemplate":"https:\/\/www.synlab.fr\/oxabio\/?s={search_term_string}"},"query-input":{"@type":"PropertyValueSpecification","valueRequired":true,"valueName":"search_term_string"}}],"inLanguage":"fr-FR"}]}},"_links":{"self":[{"href":"https:\/\/www.synlab.fr\/oxabio\/wp-json\/wp\/v2\/pages\/1277","targetHints":{"allow":["GET"]}}],"collection":[{"href":"https:\/\/www.synlab.fr\/oxabio\/wp-json\/wp\/v2\/pages"}],"about":[{"href":"https:\/\/www.synlab.fr\/oxabio\/wp-json\/wp\/v2\/types\/page"}],"author":[{"embeddable":true,"href":"https:\/\/www.synlab.fr\/oxabio\/wp-json\/wp\/v2\/users\/13"}],"replies":[{"embeddable":true,"href":"https:\/\/www.synlab.fr\/oxabio\/wp-json\/wp\/v2\/comments?post=1277"}],"version-history":[{"count":16,"href":"https:\/\/www.synlab.fr\/oxabio\/wp-json\/wp\/v2\/pages\/1277\/revisions"}],"predecessor-version":[{"id":4223,"href":"https:\/\/www.synlab.fr\/oxabio\/wp-json\/wp\/v2\/pages\/1277\/revisions\/4223"}],"up":[{"embeddable":true,"href":"https:\/\/www.synlab.fr\/oxabio\/wp-json\/wp\/v2\/pages\/1270"}],"wp:featuredmedia":[{"embeddable":true,"href":"https:\/\/www.synlab.fr\/oxabio\/wp-json\/wp\/v2\/media\/4128"}],"wp:attachment":[{"href":"https:\/\/www.synlab.fr\/oxabio\/wp-json\/wp\/v2\/media?parent=1277"}],"curies":[{"name":"wp","href":"https:\/\/api.w.org\/{rel}","templated":true}]}}