{"id":1280,"date":"2022-08-22T11:47:12","date_gmt":"2022-08-22T09:47:12","guid":{"rendered":"https:\/\/www.synlab.fr\/oxabio\/?page_id=1280"},"modified":"2023-01-13T16:22:56","modified_gmt":"2023-01-13T15:22:56","slug":"a-propos-des-analyses-medicales","status":"publish","type":"page","link":"https:\/\/www.synlab.fr\/oxabio\/patient\/a-propos-des-analyses-medicales\/","title":{"rendered":"A propos des analyses m\u00e9dicales"},"content":{"rendered":"<div class=\"container block-texte_image\">\n\n\t\t\t<div class=\"block-texte_image-contenu order-1\" style=\"--widthContenu:100%\">\n\t\t\t<h2>A propos de vos r\u00e9sultats<\/h2>\t\t\t<article><p>Retrouvez ici toutes les informations relatives \u00e0 vos r\u00e9sultats d&rsquo;analyses m\u00e9dicales : les moyens de transmission, les remboursements, et une foire aux questions sur My Synlab, votre espace s\u00e9curis\u00e9 pour acc\u00e9der \u00e0 vos r\u00e9sultats en ligne.<\/p>\n<\/article>\t\t\t\t\t\t\n\t\t\t<p><a href=\"https:\/\/www.synlab.fr\/oxabio\/a-propos-des-analyses-medicales\/a-propos-de-vos-resultats\/\" style=\"--colorCTA:#003765\" target=\"\" class=\"block-texte_image-contenu-cta\">Voir les formalit\u00e9s<\/a><\/p>\t\t<\/div>\n\t\n\t\n\t\t\n<\/div>\n\n\n\n\n\t\n\t\n\n\n\n<div class=\"container-fluid block-separateur\" style=\"--heightDesk:30px;--heightMob:20px;\">\n\n    \n    \n<\/div>\n\n<div class=\"container block-texte_image\">\n\n\t\t\t<div class=\"block-texte_image-contenu order-1\" style=\"--widthContenu:50%\">\n\t\t\t<h2>Vos r\u00e9sultats en ligne avec mySYNLAB<\/h2>\t\t\t<article><p>Vous pouvez retrouvez l\u2019ensemble de vos r\u00e9sultats sur notre plateforme s\u00e9curis\u00e9e mySYNLAB.<\/p>\n<\/article>\t\t\t\t\t\t\n\t\t\t<p><a href=\"https:\/\/www.synlab.fr\/oxabio\/a-propos-des-analyses-medicales\/vos-resultats-en-ligne-avec-mysynlab\/\" style=\"--colorCTA:#003765\" target=\"\" class=\"block-texte_image-contenu-cta\">Consulter vos r\u00e9sultats<\/a><\/p>\t\t<\/div>\n\t\n\t\n\t\t<div class=\"block-texte_image-illustration order-0\" style=\"--widthImage:50%;\">\n\t\t\t<img decoding=\"async\" src=\"https:\/\/www.synlab.fr\/oxabio\/wp-content\/uploads\/sites\/41\/2022\/09\/mains-femme-ordinateur_Par-BullRun_AdobeStock-V2.jpeg\" alt=\"mains-femme-ordinateur_Par BullRun_AdobeStock-V2\"\/>\n\t\t<\/div>\n\n\t\n\t\t\n<\/div>\n\n\n\n\n\t\n\t\n\n\n\n<div class=\"container-fluid block-separateur\" style=\"--heightDesk:30px;--heightMob:20px;\">\n\n    \n    \n<\/div>\n\n<div class=\"container block-texte_image\">\n\n\t\t\t<div class=\"block-texte_image-contenu order-0\" style=\"--widthContenu:50%\">\n\t\t\t<h2>Remboursements<\/h2>\t\t\t<article><p>Quelles sont les conditions pour \u00eatre \u00e9ligible aux remboursements de vos analyses ?<\/p>\n<\/article>\t\t\t\t\t\t\n\t\t\t<p><a href=\"https:\/\/www.synlab.fr\/oxabio\/a-propos-des-analyses-medicales\/remboursement\/\" style=\"--colorCTA:#003765\" target=\"\" class=\"block-texte_image-contenu-cta\">Votre politique de remboursement <\/a><\/p>\t\t<\/div>\n\t\n\t\n\t\t<div class=\"block-texte_image-illustration order-1\" style=\"--widthImage:50%;\">\n\t\t\t<img decoding=\"async\" src=\"https:\/\/www.synlab.fr\/oxabio\/wp-content\/uploads\/sites\/41\/2023\/01\/close-up-picture-doctor-s-hands-posting-symbol-home-family-member-model.jpg\" alt=\"close-up-picture-doctor-s-hands-posting-symbol-home-family-member-model\"\/>\n\t\t<\/div>\n\n\t\n\t\t\n<\/div>\n\n\n\n\n\t\n\t\n\n\n\n<div class=\"container-fluid block-separateur\" style=\"--heightDesk:30px;--heightMob:20px;\">\n\n    \n    \n<\/div>\n\n<div class=\"container block-texte_image\">\n\n\t\t\t<div class=\"block-texte_image-contenu order-1\" style=\"--widthContenu:100%\">\n\t\t\t<h2>FAQ mySYNLAB<\/h2>\t\t\t<article><p>Si vous rencontrez des difficult\u00e9s, lors de l\u2019utilisation de la plateforme MySYNLAB, nous avons d\u00e9di\u00e9 une foire \u00e0 questions sur ce sujet.<\/p>\n<\/article>\t\t\t\t\t\t\n\t\t\t<p><a href=\"https:\/\/www.synlab.fr\/oxabio\/a-propos-des-analyses-medicales\/faq-mysynlab\/\" style=\"--colorCTA:#003765\" target=\"\" class=\"block-texte_image-contenu-cta\">Voir notre FAQ<\/a><\/p>\t\t<\/div>\n\t\n\t\n\t\t\n<\/div>\n\n\n\n\n\t\n\t\n","protected":false},"excerpt":{"rendered":"","protected":false},"author":13,"featured_media":0,"parent":18,"menu_order":2,"comment_status":"closed","ping_status":"closed","template":"","meta":{"_acf_changed":false,"footnotes":""},"class_list":["post-1280","page","type-page","status-publish","hentry"],"acf":[],"yoast_head":"<!-- This site is optimized with the Yoast SEO plugin v26.3 - https:\/\/yoast.com\/wordpress\/plugins\/seo\/ -->\n<title>SYNLAB Oxabio - A propos de vos analyses m\u00e9dicales<\/title>\n<meta name=\"description\" content=\"Retrouvez ici toutes les informations relatives \u00e0 vos r\u00e9sultats d&#039;analyses m\u00e9dicales : les moyens de transmission, les remboursements, et une foire aux questions sur mySYNLAB, votre espace s\u00e9curis\u00e9 pour acc\u00e9der \u00e0 vos r\u00e9sultats en ligne.\" \/>\n<meta name=\"robots\" content=\"noindex, follow, max-snippet:-1, max-image-preview:large, max-video-preview:-1\" \/>\n<meta property=\"og:locale\" content=\"fr_FR\" \/>\n<meta property=\"og:type\" content=\"article\" \/>\n<meta property=\"og:title\" content=\"SYNLAB Oxabio - A propos de vos analyses m\u00e9dicales\" \/>\n<meta property=\"og:description\" content=\"Retrouvez ici toutes les informations relatives \u00e0 vos r\u00e9sultats d&#039;analyses m\u00e9dicales : les moyens de transmission, les remboursements, et une foire aux questions sur mySYNLAB, votre espace s\u00e9curis\u00e9 pour acc\u00e9der \u00e0 vos r\u00e9sultats en ligne.\" \/>\n<meta property=\"og:url\" content=\"https:\/\/www.synlab.fr\/clone\/oxabio\/patient\/a-propos-des-analyses-medicales\/\" \/>\n<meta property=\"og:site_name\" content=\"Synlab Oxabio\" \/>\n<meta property=\"article:modified_time\" content=\"2023-01-13T15:22:56+00:00\" \/>\n<meta property=\"og:image\" content=\"https:\/\/www.synlab.fr\/clone\/oxabio\/wp-content\/uploads\/sites\/41\/2022\/10\/logo-synlab.png\" \/>\n\t<meta property=\"og:image:width\" content=\"1278\" \/>\n\t<meta property=\"og:image:height\" content=\"717\" \/>\n\t<meta property=\"og:image:type\" content=\"image\/png\" \/>\n<meta name=\"twitter:card\" content=\"summary_large_image\" \/>\n<script type=\"application\/ld+json\" class=\"yoast-schema-graph\">{\"@context\":\"https:\/\/schema.org\",\"@graph\":[{\"@type\":\"WebPage\",\"@id\":\"https:\/\/www.synlab.fr\/clone\/oxabio\/patient\/a-propos-des-analyses-medicales\/\",\"url\":\"https:\/\/www.synlab.fr\/clone\/oxabio\/patient\/a-propos-des-analyses-medicales\/\",\"name\":\"SYNLAB Oxabio - A propos de vos analyses m\u00e9dicales\",\"isPartOf\":{\"@id\":\"https:\/\/www.synlab.fr\/oxabio\/#website\"},\"datePublished\":\"2022-08-22T09:47:12+00:00\",\"dateModified\":\"2023-01-13T15:22:56+00:00\",\"description\":\"Retrouvez ici toutes les informations relatives \u00e0 vos r\u00e9sultats d'analyses m\u00e9dicales : les moyens de transmission, les remboursements, et une foire aux questions sur mySYNLAB, votre espace s\u00e9curis\u00e9 pour acc\u00e9der \u00e0 vos r\u00e9sultats en ligne.\",\"breadcrumb\":{\"@id\":\"https:\/\/www.synlab.fr\/clone\/oxabio\/patient\/a-propos-des-analyses-medicales\/#breadcrumb\"},\"inLanguage\":\"fr-FR\",\"potentialAction\":[{\"@type\":\"ReadAction\",\"target\":[\"https:\/\/www.synlab.fr\/clone\/oxabio\/patient\/a-propos-des-analyses-medicales\/\"]}]},{\"@type\":\"BreadcrumbList\",\"@id\":\"https:\/\/www.synlab.fr\/clone\/oxabio\/patient\/a-propos-des-analyses-medicales\/#breadcrumb\",\"itemListElement\":[{\"@type\":\"ListItem\",\"position\":1,\"name\":\"Home\",\"item\":\"https:\/\/www.synlab.fr\/oxabio\/\"},{\"@type\":\"ListItem\",\"position\":2,\"name\":\"Espace patient\",\"item\":\"https:\/\/www.synlab.fr\/clone\/oxabio\/patient\/\"},{\"@type\":\"ListItem\",\"position\":3,\"name\":\"A propos des analyses m\u00e9dicales\"}]},{\"@type\":\"WebSite\",\"@id\":\"https:\/\/www.synlab.fr\/oxabio\/#website\",\"url\":\"https:\/\/www.synlab.fr\/oxabio\/\",\"name\":\"Synlab Oxabio\",\"description\":\"Un site utilisant Synlab\",\"potentialAction\":[{\"@type\":\"SearchAction\",\"target\":{\"@type\":\"EntryPoint\",\"urlTemplate\":\"https:\/\/www.synlab.fr\/oxabio\/?s={search_term_string}\"},\"query-input\":{\"@type\":\"PropertyValueSpecification\",\"valueRequired\":true,\"valueName\":\"search_term_string\"}}],\"inLanguage\":\"fr-FR\"}]}<\/script>\n<!-- \/ Yoast SEO plugin. -->","yoast_head_json":{"title":"SYNLAB Oxabio - A propos de vos analyses m\u00e9dicales","description":"Retrouvez ici toutes les informations relatives \u00e0 vos r\u00e9sultats d'analyses m\u00e9dicales : les moyens de transmission, les remboursements, et une foire aux questions sur mySYNLAB, votre espace s\u00e9curis\u00e9 pour acc\u00e9der \u00e0 vos r\u00e9sultats en ligne.","robots":{"index":"noindex","follow":"follow","max-snippet":"max-snippet:-1","max-image-preview":"max-image-preview:large","max-video-preview":"max-video-preview:-1"},"og_locale":"fr_FR","og_type":"article","og_title":"SYNLAB Oxabio - A propos de vos analyses m\u00e9dicales","og_description":"Retrouvez ici toutes les informations relatives \u00e0 vos r\u00e9sultats d'analyses m\u00e9dicales : les moyens de transmission, les remboursements, et une foire aux questions sur mySYNLAB, votre espace s\u00e9curis\u00e9 pour acc\u00e9der \u00e0 vos r\u00e9sultats en ligne.","og_url":"https:\/\/www.synlab.fr\/clone\/oxabio\/patient\/a-propos-des-analyses-medicales\/","og_site_name":"Synlab Oxabio","article_modified_time":"2023-01-13T15:22:56+00:00","og_image":[{"width":1278,"height":717,"url":"https:\/\/www.synlab.fr\/clone\/oxabio\/wp-content\/uploads\/sites\/41\/2022\/10\/logo-synlab.png","type":"image\/png"}],"twitter_card":"summary_large_image","schema":{"@context":"https:\/\/schema.org","@graph":[{"@type":"WebPage","@id":"https:\/\/www.synlab.fr\/clone\/oxabio\/patient\/a-propos-des-analyses-medicales\/","url":"https:\/\/www.synlab.fr\/clone\/oxabio\/patient\/a-propos-des-analyses-medicales\/","name":"SYNLAB Oxabio - A propos de vos analyses m\u00e9dicales","isPartOf":{"@id":"https:\/\/www.synlab.fr\/oxabio\/#website"},"datePublished":"2022-08-22T09:47:12+00:00","dateModified":"2023-01-13T15:22:56+00:00","description":"Retrouvez ici toutes les informations relatives \u00e0 vos r\u00e9sultats d'analyses m\u00e9dicales : les moyens de transmission, les remboursements, et une foire aux questions sur mySYNLAB, votre espace s\u00e9curis\u00e9 pour acc\u00e9der \u00e0 vos r\u00e9sultats en ligne.","breadcrumb":{"@id":"https:\/\/www.synlab.fr\/clone\/oxabio\/patient\/a-propos-des-analyses-medicales\/#breadcrumb"},"inLanguage":"fr-FR","potentialAction":[{"@type":"ReadAction","target":["https:\/\/www.synlab.fr\/clone\/oxabio\/patient\/a-propos-des-analyses-medicales\/"]}]},{"@type":"BreadcrumbList","@id":"https:\/\/www.synlab.fr\/clone\/oxabio\/patient\/a-propos-des-analyses-medicales\/#breadcrumb","itemListElement":[{"@type":"ListItem","position":1,"name":"Home","item":"https:\/\/www.synlab.fr\/oxabio\/"},{"@type":"ListItem","position":2,"name":"Espace patient","item":"https:\/\/www.synlab.fr\/clone\/oxabio\/patient\/"},{"@type":"ListItem","position":3,"name":"A propos des analyses m\u00e9dicales"}]},{"@type":"WebSite","@id":"https:\/\/www.synlab.fr\/oxabio\/#website","url":"https:\/\/www.synlab.fr\/oxabio\/","name":"Synlab Oxabio","description":"Un site utilisant Synlab","potentialAction":[{"@type":"SearchAction","target":{"@type":"EntryPoint","urlTemplate":"https:\/\/www.synlab.fr\/oxabio\/?s={search_term_string}"},"query-input":{"@type":"PropertyValueSpecification","valueRequired":true,"valueName":"search_term_string"}}],"inLanguage":"fr-FR"}]}},"_links":{"self":[{"href":"https:\/\/www.synlab.fr\/oxabio\/wp-json\/wp\/v2\/pages\/1280","targetHints":{"allow":["GET"]}}],"collection":[{"href":"https:\/\/www.synlab.fr\/oxabio\/wp-json\/wp\/v2\/pages"}],"about":[{"href":"https:\/\/www.synlab.fr\/oxabio\/wp-json\/wp\/v2\/types\/page"}],"author":[{"embeddable":true,"href":"https:\/\/www.synlab.fr\/oxabio\/wp-json\/wp\/v2\/users\/13"}],"replies":[{"embeddable":true,"href":"https:\/\/www.synlab.fr\/oxabio\/wp-json\/wp\/v2\/comments?post=1280"}],"version-history":[{"count":12,"href":"https:\/\/www.synlab.fr\/oxabio\/wp-json\/wp\/v2\/pages\/1280\/revisions"}],"predecessor-version":[{"id":4973,"href":"https:\/\/www.synlab.fr\/oxabio\/wp-json\/wp\/v2\/pages\/1280\/revisions\/4973"}],"up":[{"embeddable":true,"href":"https:\/\/www.synlab.fr\/oxabio\/wp-json\/wp\/v2\/pages\/18"}],"wp:attachment":[{"href":"https:\/\/www.synlab.fr\/oxabio\/wp-json\/wp\/v2\/media?parent=1280"}],"curies":[{"name":"wp","href":"https:\/\/api.w.org\/{rel}","templated":true}]}}