{"id":1283,"date":"2022-08-22T11:52:49","date_gmt":"2022-08-22T09:52:49","guid":{"rendered":"https:\/\/www.synlab.fr\/oxabio\/?page_id=1283"},"modified":"2022-11-17T11:27:29","modified_gmt":"2022-11-17T10:27:29","slug":"remboursement","status":"publish","type":"page","link":"https:\/\/www.synlab.fr\/oxabio\/patient\/a-propos-des-analyses-medicales\/remboursement\/","title":{"rendered":"Remboursements"},"content":{"rendered":"<div class=\"container block-texte_image\">\n\n\t\t\t<div class=\"block-texte_image-contenu order-1\" style=\"--widthContenu:61%\">\n\t\t\t\t\t\t<article><p><span style=\"font-weight: 400\">La plupart des examens et analyses m\u00e9dicales sont rembours\u00e9s par la S\u00e9curit\u00e9 sociale.<\/span><\/p>\n<p><strong>Pour les analyses rembours\u00e9es : si vous \u00eates assur\u00e9 social, vous b\u00e9n\u00e9ficiez du tiers payant et vous ne faites pas d\u2019avance de frais. Vous avez juste \u00e0 pr\u00e9senter votre ordonnance, votre carte vitale et votre carte de mutuelle.<\/strong><\/p>\n<p><span style=\"font-weight: 400\">Pour les analyses non rembours\u00e9es (dites \u201chors nomenclatures\u201d) : nous vous en informerons et vous indiquerons le montant \u00e0 r\u00e9gler sur place.\u00a0<\/span><\/p>\n<p>Plus d&rsquo;infos sur le site <a href=\"https:\/\/www.ameli.fr\/assure\/remboursements\/rembourse\/tableau-recapitulatif-taux-remboursement%23:~:text%3DL%27Assurance%2520Maladie%2520prend%2520en,mutuelle%2520(ou%2520compl%25C3%25A9mentaire%2520sant%25C3%25A9)&amp;sa=D&amp;source=docs&amp;ust=1662734768714668&amp;usg=AOvVaw3xunzJRQ4VgjTUtv7vlQJC\">AMELI<\/a><\/p>\n<\/article>\t\t\t\t\t\t\n\t\t\t\t\t<\/div>\n\t\n\t\n\t\t<div class=\"block-texte_image-illustration order-0\" style=\"--widthImage:39%;\">\n\t\t\t<img decoding=\"async\" src=\"https:\/\/www.synlab.fr\/oxabio\/wp-content\/uploads\/sites\/41\/2022\/11\/Sans-titre-29.png\" alt=\"Sans titre (29)\"\/>\n\t\t<\/div>\n\n\t\n\t\t\n<\/div>\n\n\n\n\n\t\n\t\n\n\n\n<div class=\"container-fluid block-separateur\" style=\"--heightDesk:10px;--heightMob:15px;\">\n\n    \n    \n<\/div>\n\n\n<div class=\"container-grid block-satisfaction\">\n\t\t\t<h3>Le saviez-vous ?<\/h3>\t\n\n\t<div class=\"block-satisfaction-left\">\n\t\t<img decoding=\"async\" src=\"https:\/\/www.synlab.fr\/oxabio\/wp-content\/uploads\/sites\/41\/2022\/07\/Femme_bras_ouverts_plage_light-5-scaled.jpeg\" alt=\"Femme_bras_ouverts_plage_light\" \/>\n\t<\/div>\n\n\t<div class=\"block-satisfaction-right\">\n\t\n\t\t<div class=\"block-securite-right-item-texte\"><p><span style=\"font-weight: 400\">La S\u00e9curit\u00e9 sociale peut prendre en charge \u00e0 100% les examens et analyses de laboratoire pour <\/span><b>les patients atteints d\u2019une Affection de Longue Dur\u00e9e<\/b><span style=\"font-weight: 400\"> (ALD) et pour <\/span><b>les femmes enceintes apr\u00e8s 6 mois de <\/b><a href=\"https:\/\/www.april.fr\/complementaire-sante\/guide\/grossesse\"><b>grossesse<\/b><\/a><span style=\"font-weight: 400\">.<\/span><\/p>\n<\/div>\n\t\t\t\t\n\t\t\t\n\t\t\n\t<\/div>\n<\/div>\n\n","protected":false},"excerpt":{"rendered":"","protected":false},"author":13,"featured_media":0,"parent":1280,"menu_order":4,"comment_status":"closed","ping_status":"closed","template":"","meta":{"_acf_changed":false,"footnotes":""},"class_list":["post-1283","page","type-page","status-publish","hentry"],"acf":[],"yoast_head":"<!-- This site is optimized with the Yoast SEO plugin v26.3 - https:\/\/yoast.com\/wordpress\/plugins\/seo\/ -->\n<title>SYNLAB Oxabio | La politique de remboursements<\/title>\n<meta name=\"description\" content=\"Pour les analyses rembours\u00e9es : si vous \u00eates assur\u00e9 social, vous b\u00e9n\u00e9ficiez du tiers payant et vous ne faites pas d\u2019avance de frais. Vous avez juste \u00e0 pr\u00e9senter votre ordonnance, votre carte vitale et votre carte de mutuelle.\" \/>\n<meta name=\"robots\" content=\"noindex, follow, max-snippet:-1, max-image-preview:large, max-video-preview:-1\" \/>\n<meta property=\"og:locale\" content=\"fr_FR\" \/>\n<meta property=\"og:type\" content=\"article\" \/>\n<meta property=\"og:title\" content=\"SYNLAB Oxabio | La politique de remboursements\" \/>\n<meta property=\"og:description\" content=\"Pour les analyses rembours\u00e9es : si vous \u00eates assur\u00e9 social, vous b\u00e9n\u00e9ficiez du tiers payant et vous ne faites pas d\u2019avance de frais. Vous avez juste \u00e0 pr\u00e9senter votre ordonnance, votre carte vitale et votre carte de mutuelle.\" \/>\n<meta property=\"og:url\" content=\"https:\/\/www.synlab.fr\/clone\/oxabio\/patient\/a-propos-des-analyses-medicales\/remboursement\/\" \/>\n<meta property=\"og:site_name\" content=\"Synlab Oxabio\" \/>\n<meta property=\"article:modified_time\" content=\"2022-11-17T10:27:29+00:00\" \/>\n<meta property=\"og:image\" content=\"https:\/\/www.synlab.fr\/clone\/oxabio\/wp-content\/uploads\/sites\/41\/2022\/10\/logo-synlab.png\" \/>\n\t<meta property=\"og:image:width\" content=\"1278\" \/>\n\t<meta property=\"og:image:height\" content=\"717\" \/>\n\t<meta property=\"og:image:type\" content=\"image\/png\" \/>\n<meta name=\"twitter:card\" content=\"summary_large_image\" \/>\n<script type=\"application\/ld+json\" class=\"yoast-schema-graph\">{\"@context\":\"https:\/\/schema.org\",\"@graph\":[{\"@type\":\"WebPage\",\"@id\":\"https:\/\/www.synlab.fr\/clone\/oxabio\/patient\/a-propos-des-analyses-medicales\/remboursement\/\",\"url\":\"https:\/\/www.synlab.fr\/clone\/oxabio\/patient\/a-propos-des-analyses-medicales\/remboursement\/\",\"name\":\"SYNLAB Oxabio | La politique de remboursements\",\"isPartOf\":{\"@id\":\"https:\/\/www.synlab.fr\/oxabio\/#website\"},\"datePublished\":\"2022-08-22T09:52:49+00:00\",\"dateModified\":\"2022-11-17T10:27:29+00:00\",\"description\":\"Pour les analyses rembours\u00e9es : si vous \u00eates assur\u00e9 social, vous b\u00e9n\u00e9ficiez du tiers payant et vous ne faites pas d\u2019avance de frais. Vous avez juste \u00e0 pr\u00e9senter votre ordonnance, votre carte vitale et votre carte de mutuelle.\",\"breadcrumb\":{\"@id\":\"https:\/\/www.synlab.fr\/clone\/oxabio\/patient\/a-propos-des-analyses-medicales\/remboursement\/#breadcrumb\"},\"inLanguage\":\"fr-FR\",\"potentialAction\":[{\"@type\":\"ReadAction\",\"target\":[\"https:\/\/www.synlab.fr\/clone\/oxabio\/patient\/a-propos-des-analyses-medicales\/remboursement\/\"]}]},{\"@type\":\"BreadcrumbList\",\"@id\":\"https:\/\/www.synlab.fr\/clone\/oxabio\/patient\/a-propos-des-analyses-medicales\/remboursement\/#breadcrumb\",\"itemListElement\":[{\"@type\":\"ListItem\",\"position\":1,\"name\":\"Home\",\"item\":\"https:\/\/www.synlab.fr\/oxabio\/\"},{\"@type\":\"ListItem\",\"position\":2,\"name\":\"Espace patient\",\"item\":\"https:\/\/www.synlab.fr\/clone\/oxabio\/patient\/\"},{\"@type\":\"ListItem\",\"position\":3,\"name\":\"A propos des analyses m\u00e9dicales\",\"item\":\"https:\/\/www.synlab.fr\/clone\/oxabio\/patient\/a-propos-des-analyses-medicales\/\"},{\"@type\":\"ListItem\",\"position\":4,\"name\":\"Remboursements\"}]},{\"@type\":\"WebSite\",\"@id\":\"https:\/\/www.synlab.fr\/oxabio\/#website\",\"url\":\"https:\/\/www.synlab.fr\/oxabio\/\",\"name\":\"Synlab Oxabio\",\"description\":\"Un site utilisant Synlab\",\"potentialAction\":[{\"@type\":\"SearchAction\",\"target\":{\"@type\":\"EntryPoint\",\"urlTemplate\":\"https:\/\/www.synlab.fr\/oxabio\/?s={search_term_string}\"},\"query-input\":{\"@type\":\"PropertyValueSpecification\",\"valueRequired\":true,\"valueName\":\"search_term_string\"}}],\"inLanguage\":\"fr-FR\"}]}<\/script>\n<!-- \/ Yoast SEO plugin. -->","yoast_head_json":{"title":"SYNLAB Oxabio | La politique de remboursements","description":"Pour les analyses rembours\u00e9es : si vous \u00eates assur\u00e9 social, vous b\u00e9n\u00e9ficiez du tiers payant et vous ne faites pas d\u2019avance de frais. Vous avez juste \u00e0 pr\u00e9senter votre ordonnance, votre carte vitale et votre carte de mutuelle.","robots":{"index":"noindex","follow":"follow","max-snippet":"max-snippet:-1","max-image-preview":"max-image-preview:large","max-video-preview":"max-video-preview:-1"},"og_locale":"fr_FR","og_type":"article","og_title":"SYNLAB Oxabio | La politique de remboursements","og_description":"Pour les analyses rembours\u00e9es : si vous \u00eates assur\u00e9 social, vous b\u00e9n\u00e9ficiez du tiers payant et vous ne faites pas d\u2019avance de frais. Vous avez juste \u00e0 pr\u00e9senter votre ordonnance, votre carte vitale et votre carte de mutuelle.","og_url":"https:\/\/www.synlab.fr\/clone\/oxabio\/patient\/a-propos-des-analyses-medicales\/remboursement\/","og_site_name":"Synlab Oxabio","article_modified_time":"2022-11-17T10:27:29+00:00","og_image":[{"width":1278,"height":717,"url":"https:\/\/www.synlab.fr\/clone\/oxabio\/wp-content\/uploads\/sites\/41\/2022\/10\/logo-synlab.png","type":"image\/png"}],"twitter_card":"summary_large_image","schema":{"@context":"https:\/\/schema.org","@graph":[{"@type":"WebPage","@id":"https:\/\/www.synlab.fr\/clone\/oxabio\/patient\/a-propos-des-analyses-medicales\/remboursement\/","url":"https:\/\/www.synlab.fr\/clone\/oxabio\/patient\/a-propos-des-analyses-medicales\/remboursement\/","name":"SYNLAB Oxabio | La politique de remboursements","isPartOf":{"@id":"https:\/\/www.synlab.fr\/oxabio\/#website"},"datePublished":"2022-08-22T09:52:49+00:00","dateModified":"2022-11-17T10:27:29+00:00","description":"Pour les analyses rembours\u00e9es : si vous \u00eates assur\u00e9 social, vous b\u00e9n\u00e9ficiez du tiers payant et vous ne faites pas d\u2019avance de frais. Vous avez juste \u00e0 pr\u00e9senter votre ordonnance, votre carte vitale et votre carte de mutuelle.","breadcrumb":{"@id":"https:\/\/www.synlab.fr\/clone\/oxabio\/patient\/a-propos-des-analyses-medicales\/remboursement\/#breadcrumb"},"inLanguage":"fr-FR","potentialAction":[{"@type":"ReadAction","target":["https:\/\/www.synlab.fr\/clone\/oxabio\/patient\/a-propos-des-analyses-medicales\/remboursement\/"]}]},{"@type":"BreadcrumbList","@id":"https:\/\/www.synlab.fr\/clone\/oxabio\/patient\/a-propos-des-analyses-medicales\/remboursement\/#breadcrumb","itemListElement":[{"@type":"ListItem","position":1,"name":"Home","item":"https:\/\/www.synlab.fr\/oxabio\/"},{"@type":"ListItem","position":2,"name":"Espace patient","item":"https:\/\/www.synlab.fr\/clone\/oxabio\/patient\/"},{"@type":"ListItem","position":3,"name":"A propos des analyses m\u00e9dicales","item":"https:\/\/www.synlab.fr\/clone\/oxabio\/patient\/a-propos-des-analyses-medicales\/"},{"@type":"ListItem","position":4,"name":"Remboursements"}]},{"@type":"WebSite","@id":"https:\/\/www.synlab.fr\/oxabio\/#website","url":"https:\/\/www.synlab.fr\/oxabio\/","name":"Synlab Oxabio","description":"Un site utilisant Synlab","potentialAction":[{"@type":"SearchAction","target":{"@type":"EntryPoint","urlTemplate":"https:\/\/www.synlab.fr\/oxabio\/?s={search_term_string}"},"query-input":{"@type":"PropertyValueSpecification","valueRequired":true,"valueName":"search_term_string"}}],"inLanguage":"fr-FR"}]}},"_links":{"self":[{"href":"https:\/\/www.synlab.fr\/oxabio\/wp-json\/wp\/v2\/pages\/1283","targetHints":{"allow":["GET"]}}],"collection":[{"href":"https:\/\/www.synlab.fr\/oxabio\/wp-json\/wp\/v2\/pages"}],"about":[{"href":"https:\/\/www.synlab.fr\/oxabio\/wp-json\/wp\/v2\/types\/page"}],"author":[{"embeddable":true,"href":"https:\/\/www.synlab.fr\/oxabio\/wp-json\/wp\/v2\/users\/13"}],"replies":[{"embeddable":true,"href":"https:\/\/www.synlab.fr\/oxabio\/wp-json\/wp\/v2\/comments?post=1283"}],"version-history":[{"count":20,"href":"https:\/\/www.synlab.fr\/oxabio\/wp-json\/wp\/v2\/pages\/1283\/revisions"}],"predecessor-version":[{"id":4286,"href":"https:\/\/www.synlab.fr\/oxabio\/wp-json\/wp\/v2\/pages\/1283\/revisions\/4286"}],"up":[{"embeddable":true,"href":"https:\/\/www.synlab.fr\/oxabio\/wp-json\/wp\/v2\/pages\/1280"}],"wp:attachment":[{"href":"https:\/\/www.synlab.fr\/oxabio\/wp-json\/wp\/v2\/media?parent=1283"}],"curies":[{"name":"wp","href":"https:\/\/api.w.org\/{rel}","templated":true}]}}