{"id":1301,"date":"2022-08-22T14:31:35","date_gmt":"2022-08-22T12:31:35","guid":{"rendered":"https:\/\/www.synlab.fr\/oxabio\/?page_id=1301"},"modified":"2022-11-25T16:04:50","modified_gmt":"2022-11-25T15:04:50","slug":"a-propos-des-resultats","status":"publish","type":"page","link":"https:\/\/www.synlab.fr\/oxabio\/espace-professionnels-de-sante\/prescrire-des-analyses\/a-propos-des-resultats\/","title":{"rendered":"A propos des r\u00e9sultats"},"content":{"rendered":"<div class=\"container block-texte_image\">\n\n\t\t\t<div class=\"block-texte_image-contenu order-1\" style=\"--widthContenu:100%\">\n\t\t\t\t\t\t<article><p>Sur prescription m\u00e9dicale, les r\u00e9sultats sont rendus syst\u00e9matiquement au patient et au m\u00e9decin prescripteur.<\/p>\n<p>Hors prescription m\u00e9dicale, en fonction de l&rsquo;analyse concern\u00e9e, vous pourrez recevoir un compte-rendu \u00e9galement.<\/p>\n<\/article>\t\t\t\t\t\t\n\t\t\t\t\t<\/div>\n\t\n\t\n\t\t\n<\/div>\n\n\n\n\n\t\n\t\n\n\n<div class=\"container block-texte_image\">\n\n\t\t\t<div class=\"block-texte_image-contenu order-1\" style=\"--widthContenu:100%\">\n\t\t\t<h2>Cas particuliers<\/h2>\t\t\t<article><p>La transmission de r\u00e9sultats de biologie m\u00e9dicale est soumise \u00e0 une r\u00e9glementation particuli\u00e8re notamment concernant les analyses effectu\u00e9es pour :<\/p>\n<p>&#8211; la m\u00e9decine du travail \u00a0(r\u00e9sultat uniquement au m\u00e9decin du travail)<\/p>\n<p>&#8211; les assurances (c\u2019est le patient qui transmet le r\u00e9sultat \u00e0 la compagnie sauf d\u00e9l\u00e9gation \u00e9crite)<\/p>\n<p>&#8211; les mineurs ( pour test de grossesse, analyse en rapport avec une MST, toxiques urinaires, &#8230;; r\u00e9sultat en double exemplaires au m\u00e9decin prescripteur).<\/p>\n<p>&#8211; les analyses g\u00e9n\u00e9tiques (r\u00e9sultat uniquement au m\u00e9decin prescripteur).<\/p>\n<\/article>\t\t\t\t\t\t\n\t\t\t\t\t<\/div>\n\t\n\t\n\t\t\n<\/div>\n\n\n\n\n\t\n\t\n\n\n<div class=\"container block-texte_image\">\n\n\t\t\t<div class=\"block-texte_image-contenu order-1\" style=\"--widthContenu:100%\">\n\t\t\t<h2>D\u00e9lai de rendu des r\u00e9sultats<\/h2>\t\t\t<article><p>La majorit\u00e9 des r\u00e9sultats d&rsquo;analyses faites au laboratoire sont disponibles le jour m\u00eame par voie t\u00e9l\u00e9matique.<\/p>\n<\/article>\t\t\t\t\t\t\n\t\t\t\t\t<\/div>\n\t\n\t\n\t\t\n<\/div>\n\n\n\n\n\t\n\t\n\n\n\n<div class=\"container-fluid block-separateur\" style=\"--heightDesk:10px;--heightMob:2px;\">\n\n    \n    \n<\/div>\n\n\n<div class=\"container-grid block-satisfaction\">\n\t\t\t<h2> Incertitudes :<\/h2>\t\n\n\t<div class=\"block-satisfaction-left\">\n\t\t<img decoding=\"async\" src=\"https:\/\/www.synlab.fr\/oxabio\/wp-content\/uploads\/sites\/41\/2022\/11\/17973871-800x800.jpg\" alt=\"orange question mark background with text space\" \/>\n\t<\/div>\n\n\t<div class=\"block-satisfaction-right\">\n\t\n\t\t<div class=\"block-securite-right-item-texte\"><p>Les incertitudes \u00e9largies\u00a0de nos param\u00e8tres sont consultables en cliquant<a href=\"https:\/\/www.synlab.fr\/oxabio\/wp-content\/uploads\/sites\/41\/2022\/10\/Incertitudes2020.pdf\">\u00a0ici.<\/a><\/p>\n<\/div>\n\t\t\t\t\n\t\t\t\n\t\t\n\t<\/div>\n<\/div>\n\n","protected":false},"excerpt":{"rendered":"","protected":false},"author":13,"featured_media":0,"parent":4359,"menu_order":1,"comment_status":"closed","ping_status":"closed","template":"","meta":{"_acf_changed":false,"footnotes":""},"class_list":["post-1301","page","type-page","status-publish","hentry"],"acf":[],"yoast_head":"<!-- This site is optimized with the Yoast SEO plugin v26.3 - https:\/\/yoast.com\/wordpress\/plugins\/seo\/ -->\n<title>SYNLAB Oxabio - A propos des r\u00e9sultats<\/title>\n<meta name=\"description\" content=\"Sur prescription m\u00e9dicale, les r\u00e9sultats sont rendus syst\u00e9matiquement au patient et au m\u00e9decin prescripteur.Hors prescription m\u00e9dicale, en fonction de l&#039;analyse concern\u00e9e, vous pourrez recevoir un compte-rendu \u00e9galement.\" \/>\n<meta name=\"robots\" content=\"noindex, follow, max-snippet:-1, max-image-preview:large, max-video-preview:-1\" \/>\n<meta property=\"og:locale\" content=\"fr_FR\" \/>\n<meta property=\"og:type\" content=\"article\" \/>\n<meta property=\"og:title\" content=\"SYNLAB Oxabio - A propos des r\u00e9sultats\" \/>\n<meta property=\"og:description\" content=\"Sur prescription m\u00e9dicale, les r\u00e9sultats sont rendus syst\u00e9matiquement au patient et au m\u00e9decin prescripteur.Hors prescription m\u00e9dicale, en fonction de l&#039;analyse concern\u00e9e, vous pourrez recevoir un compte-rendu \u00e9galement.\" \/>\n<meta property=\"og:url\" content=\"https:\/\/www.synlab.fr\/oxabio\/espace-professionnels-de-sante\/prescrire-des-analyses\/a-propos-des-resultats\/\" \/>\n<meta property=\"og:site_name\" content=\"Synlab Oxabio\" \/>\n<meta property=\"article:modified_time\" content=\"2022-11-25T15:04:50+00:00\" \/>\n<meta property=\"og:image\" content=\"https:\/\/www.synlab.fr\/clone\/oxabio\/wp-content\/uploads\/sites\/41\/2022\/10\/logo-synlab.png\" \/>\n\t<meta property=\"og:image:width\" content=\"1278\" \/>\n\t<meta property=\"og:image:height\" content=\"717\" \/>\n\t<meta property=\"og:image:type\" content=\"image\/png\" \/>\n<meta name=\"twitter:card\" content=\"summary_large_image\" \/>\n<script type=\"application\/ld+json\" class=\"yoast-schema-graph\">{\"@context\":\"https:\/\/schema.org\",\"@graph\":[{\"@type\":\"WebPage\",\"@id\":\"https:\/\/www.synlab.fr\/oxabio\/espace-professionnels-de-sante\/prescrire-des-analyses\/a-propos-des-resultats\/\",\"url\":\"https:\/\/www.synlab.fr\/oxabio\/espace-professionnels-de-sante\/prescrire-des-analyses\/a-propos-des-resultats\/\",\"name\":\"SYNLAB Oxabio - A propos des r\u00e9sultats\",\"isPartOf\":{\"@id\":\"https:\/\/www.synlab.fr\/oxabio\/#website\"},\"datePublished\":\"2022-08-22T12:31:35+00:00\",\"dateModified\":\"2022-11-25T15:04:50+00:00\",\"description\":\"Sur prescription m\u00e9dicale, les r\u00e9sultats sont rendus syst\u00e9matiquement au patient et au m\u00e9decin prescripteur.Hors prescription m\u00e9dicale, en fonction de l'analyse concern\u00e9e, vous pourrez recevoir un compte-rendu \u00e9galement.\",\"breadcrumb\":{\"@id\":\"https:\/\/www.synlab.fr\/oxabio\/espace-professionnels-de-sante\/prescrire-des-analyses\/a-propos-des-resultats\/#breadcrumb\"},\"inLanguage\":\"fr-FR\",\"potentialAction\":[{\"@type\":\"ReadAction\",\"target\":[\"https:\/\/www.synlab.fr\/oxabio\/espace-professionnels-de-sante\/prescrire-des-analyses\/a-propos-des-resultats\/\"]}]},{\"@type\":\"BreadcrumbList\",\"@id\":\"https:\/\/www.synlab.fr\/oxabio\/espace-professionnels-de-sante\/prescrire-des-analyses\/a-propos-des-resultats\/#breadcrumb\",\"itemListElement\":[{\"@type\":\"ListItem\",\"position\":1,\"name\":\"Home\",\"item\":\"https:\/\/www.synlab.fr\/oxabio\/\"},{\"@type\":\"ListItem\",\"position\":2,\"name\":\"Espace professionnels de sant\u00e9\",\"item\":\"https:\/\/www.synlab.fr\/oxabio\/espace-professionnels-de-sante\/\"},{\"@type\":\"ListItem\",\"position\":3,\"name\":\"Prescrire des analyses\",\"item\":\"https:\/\/www.synlab.fr\/oxabio\/espace-professionnels-de-sante\/prescrire-des-analyses\/\"},{\"@type\":\"ListItem\",\"position\":4,\"name\":\"A propos des r\u00e9sultats\"}]},{\"@type\":\"WebSite\",\"@id\":\"https:\/\/www.synlab.fr\/oxabio\/#website\",\"url\":\"https:\/\/www.synlab.fr\/oxabio\/\",\"name\":\"Synlab Oxabio\",\"description\":\"Un site utilisant Synlab\",\"potentialAction\":[{\"@type\":\"SearchAction\",\"target\":{\"@type\":\"EntryPoint\",\"urlTemplate\":\"https:\/\/www.synlab.fr\/oxabio\/?s={search_term_string}\"},\"query-input\":{\"@type\":\"PropertyValueSpecification\",\"valueRequired\":true,\"valueName\":\"search_term_string\"}}],\"inLanguage\":\"fr-FR\"}]}<\/script>\n<!-- \/ Yoast SEO plugin. -->","yoast_head_json":{"title":"SYNLAB Oxabio - A propos des r\u00e9sultats","description":"Sur prescription m\u00e9dicale, les r\u00e9sultats sont rendus syst\u00e9matiquement au patient et au m\u00e9decin prescripteur.Hors prescription m\u00e9dicale, en fonction de l'analyse concern\u00e9e, vous pourrez recevoir un compte-rendu \u00e9galement.","robots":{"index":"noindex","follow":"follow","max-snippet":"max-snippet:-1","max-image-preview":"max-image-preview:large","max-video-preview":"max-video-preview:-1"},"og_locale":"fr_FR","og_type":"article","og_title":"SYNLAB Oxabio - A propos des r\u00e9sultats","og_description":"Sur prescription m\u00e9dicale, les r\u00e9sultats sont rendus syst\u00e9matiquement au patient et au m\u00e9decin prescripteur.Hors prescription m\u00e9dicale, en fonction de l'analyse concern\u00e9e, vous pourrez recevoir un compte-rendu \u00e9galement.","og_url":"https:\/\/www.synlab.fr\/oxabio\/espace-professionnels-de-sante\/prescrire-des-analyses\/a-propos-des-resultats\/","og_site_name":"Synlab Oxabio","article_modified_time":"2022-11-25T15:04:50+00:00","og_image":[{"width":1278,"height":717,"url":"https:\/\/www.synlab.fr\/clone\/oxabio\/wp-content\/uploads\/sites\/41\/2022\/10\/logo-synlab.png","type":"image\/png"}],"twitter_card":"summary_large_image","schema":{"@context":"https:\/\/schema.org","@graph":[{"@type":"WebPage","@id":"https:\/\/www.synlab.fr\/oxabio\/espace-professionnels-de-sante\/prescrire-des-analyses\/a-propos-des-resultats\/","url":"https:\/\/www.synlab.fr\/oxabio\/espace-professionnels-de-sante\/prescrire-des-analyses\/a-propos-des-resultats\/","name":"SYNLAB Oxabio - A propos des r\u00e9sultats","isPartOf":{"@id":"https:\/\/www.synlab.fr\/oxabio\/#website"},"datePublished":"2022-08-22T12:31:35+00:00","dateModified":"2022-11-25T15:04:50+00:00","description":"Sur prescription m\u00e9dicale, les r\u00e9sultats sont rendus syst\u00e9matiquement au patient et au m\u00e9decin prescripteur.Hors prescription m\u00e9dicale, en fonction de l'analyse concern\u00e9e, vous pourrez recevoir un compte-rendu \u00e9galement.","breadcrumb":{"@id":"https:\/\/www.synlab.fr\/oxabio\/espace-professionnels-de-sante\/prescrire-des-analyses\/a-propos-des-resultats\/#breadcrumb"},"inLanguage":"fr-FR","potentialAction":[{"@type":"ReadAction","target":["https:\/\/www.synlab.fr\/oxabio\/espace-professionnels-de-sante\/prescrire-des-analyses\/a-propos-des-resultats\/"]}]},{"@type":"BreadcrumbList","@id":"https:\/\/www.synlab.fr\/oxabio\/espace-professionnels-de-sante\/prescrire-des-analyses\/a-propos-des-resultats\/#breadcrumb","itemListElement":[{"@type":"ListItem","position":1,"name":"Home","item":"https:\/\/www.synlab.fr\/oxabio\/"},{"@type":"ListItem","position":2,"name":"Espace professionnels de sant\u00e9","item":"https:\/\/www.synlab.fr\/oxabio\/espace-professionnels-de-sante\/"},{"@type":"ListItem","position":3,"name":"Prescrire des analyses","item":"https:\/\/www.synlab.fr\/oxabio\/espace-professionnels-de-sante\/prescrire-des-analyses\/"},{"@type":"ListItem","position":4,"name":"A propos des r\u00e9sultats"}]},{"@type":"WebSite","@id":"https:\/\/www.synlab.fr\/oxabio\/#website","url":"https:\/\/www.synlab.fr\/oxabio\/","name":"Synlab Oxabio","description":"Un site utilisant Synlab","potentialAction":[{"@type":"SearchAction","target":{"@type":"EntryPoint","urlTemplate":"https:\/\/www.synlab.fr\/oxabio\/?s={search_term_string}"},"query-input":{"@type":"PropertyValueSpecification","valueRequired":true,"valueName":"search_term_string"}}],"inLanguage":"fr-FR"}]}},"_links":{"self":[{"href":"https:\/\/www.synlab.fr\/oxabio\/wp-json\/wp\/v2\/pages\/1301","targetHints":{"allow":["GET"]}}],"collection":[{"href":"https:\/\/www.synlab.fr\/oxabio\/wp-json\/wp\/v2\/pages"}],"about":[{"href":"https:\/\/www.synlab.fr\/oxabio\/wp-json\/wp\/v2\/types\/page"}],"author":[{"embeddable":true,"href":"https:\/\/www.synlab.fr\/oxabio\/wp-json\/wp\/v2\/users\/13"}],"replies":[{"embeddable":true,"href":"https:\/\/www.synlab.fr\/oxabio\/wp-json\/wp\/v2\/comments?post=1301"}],"version-history":[{"count":17,"href":"https:\/\/www.synlab.fr\/oxabio\/wp-json\/wp\/v2\/pages\/1301\/revisions"}],"predecessor-version":[{"id":4512,"href":"https:\/\/www.synlab.fr\/oxabio\/wp-json\/wp\/v2\/pages\/1301\/revisions\/4512"}],"up":[{"embeddable":true,"href":"https:\/\/www.synlab.fr\/oxabio\/wp-json\/wp\/v2\/pages\/4359"}],"wp:attachment":[{"href":"https:\/\/www.synlab.fr\/oxabio\/wp-json\/wp\/v2\/media?parent=1301"}],"curies":[{"name":"wp","href":"https:\/\/api.w.org\/{rel}","templated":true}]}}