{"id":1328,"date":"2022-08-22T15:20:05","date_gmt":"2022-08-22T13:20:05","guid":{"rendered":"https:\/\/www.synlab.fr\/oxabio\/?page_id=1328"},"modified":"2023-04-21T14:35:31","modified_gmt":"2023-04-21T12:35:31","slug":"prelever","status":"publish","type":"page","link":"https:\/\/www.synlab.fr\/oxabio\/espace-professionnels-de-sante\/prelever\/","title":{"rendered":"Pr\u00e9lever"},"content":{"rendered":"<div class=\"container block-texte_image\">\n\n\t\t\t<div class=\"block-texte_image-contenu order-1\" style=\"--widthContenu:80%\">\n\t\t\t<h2>Quelques bonnes pratiques<\/h2>\t\t\t<article><p>La phase pr\u00e9-analytique est essentielle dans le processus de r\u00e9alisation des analyses et pour leur interpr\u00e9tation.<\/p>\n<p>Ainsi, il est imp\u00e9ratif:<\/p>\n<ul>\n<li><strong>De v\u00e9rifier les p\u00e9remptions du mat\u00e9riel de pr\u00e9l\u00e8vement<\/strong> que vous utilisez.<\/li>\n<li><strong>De respecter les temp\u00e9ratures de stockage du mat\u00e9riel de pr\u00e9l\u00e8vement<\/strong> (les bo\u00eetes de pr\u00e9l\u00e8vement que nous vous transmettons ne doivent \u00eatre plac\u00e9es dans vos v\u00e9hicules qu\u2019au moment de partir r\u00e9aliser vos domiciles).<\/li>\n<li><strong>De v\u00e9rifier l&rsquo;identit\u00e9 compl\u00e8te du patient et d\u2019identifier chaque pr\u00e9l\u00e8vement.<\/strong> Si vous utilisez les \u00e9tiquettes pr\u00e9-imprim\u00e9es que nous transmettons aux patients, \u00eatre attentif aux inversions de fiche entre conjoint.<\/li>\n<li><strong>De nous transmettre le contexte clinique<\/strong> nous permettant d\u2019interpr\u00e9ter au mieux les r\u00e9sultats d\u2019analyse.<\/li>\n<li><strong>De respecter l\u2019ordre des tubes. (bleu, rouge, vert, violet, gris)<\/strong><\/li>\n<li><strong>De proc\u00e9der \u00e0 l&rsquo;homog\u00e9n\u00e9isation des tubes par 5 \u00e0 10 retournements lents<\/strong> imm\u00e9diatement apr\u00e8s le pr\u00e9l\u00e8vement<\/li>\n<li><strong>De respecter les d\u00e9lais d\u2019acheminement<\/strong> qui vous sont donn\u00e9s.<\/li>\n<li><strong>De transporter les tubes \u00e0 la temp\u00e9rature indiqu\u00e9e<\/strong> dans le pr\u00e9sent manuel.<\/li>\n<li><strong>De ne pas placer d\u2019aiguille souill\u00e9e<\/strong> dans les bo\u00eetes de pr\u00e9l\u00e8vement.<\/li>\n<li>Pour les analyses de groupage sanguin, ph\u00e9notypage, RAI,<strong> l\u2019identification du tube doit comporter les nom, pr\u00e9nom, nom de jeune fille, date de naissance du patient et l\u2019heure de pr\u00e9l\u00e8vement.<\/strong> Il est n\u00e9cessaire de nous fournir une photo ou une copie d&rsquo;une pi\u00e8ce d&rsquo;identit\u00e9 avec photographie.<\/li>\n<\/ul>\n<p>&nbsp;<\/p>\n<\/article>\t\t\t\t\t\t\n\t\t\t<p><a href=\"https:\/\/ilabpro.labco.eu\/public\/F118\/analysis\/0\/1\" style=\"--colorCTA:#003765\" target=\"_blank\" class=\"block-texte_image-contenu-cta\">Retrouvez le catalogue ILAB ici<\/a><\/p>\t\t<\/div>\n\t\n\t\n\t\t<div class=\"block-texte_image-illustration order-0\" style=\"--widthImage:20%;\">\n\t\t\t<img decoding=\"async\" src=\"https:\/\/www.synlab.fr\/oxabio\/wp-content\/uploads\/sites\/41\/2023\/01\/abstract-innovative-idea-representation-scaled.jpg\" alt=\"abstract-innovative-idea-representation\"\/>\n\t\t<\/div>\n\n\t\n\t\t\n<\/div>\n\n\n\n\n\t\n\t\n\n\n\n<div class=\"container-fluid block-separateur\" style=\"--heightDesk:10px;--heightMob:15px;\">\n\n    \n    \n<\/div>\n\n<div class=\"container block-texte_image\">\n\n\t\t\t<div class=\"block-texte_image-contenu order-0\" style=\"--widthContenu:80%\">\n\t\t\t<h2>A propos des r\u00e9sultats <\/h2>\t\t\t<article><p>La majorit\u00e9 des r\u00e9sultats d\u2019analyses est disponible le jour m\u00eame. <strong>Ces derniers sont communiqu\u00e9s syst\u00e9matiquement au prescripteur avec des moyens appropri\u00e9s et dans des d\u00e9lais compatibles avec la criticit\u00e9 et le degr\u00e9 d\u2019urgence des r\u00e9sultats.<\/strong><\/p>\n<\/article>\t\t\t\t\t\t\n\t\t\t<p><a href=\"https:\/\/www.synlab.fr\/oxabio\/espace-professionnels-de-sante\/prelever\/a-propos-des-resultats\/\" style=\"--colorCTA:#003765\" target=\"\" class=\"block-texte_image-contenu-cta\">En savoir plus<\/a><\/p>\t\t<\/div>\n\t\n\t\n\t\t<div class=\"block-texte_image-illustration order-1\" style=\"--widthImage:20%;\">\n\t\t\t<img decoding=\"async\" src=\"https:\/\/www.synlab.fr\/oxabio\/wp-content\/uploads\/sites\/41\/2023\/01\/Sans-titre-33.png\" alt=\"Sans titre (33)\"\/>\n\t\t<\/div>\n\n\t\n\t\t\n<\/div>\n\n\n\n\n\t\n\t\n\n\n\n<div class=\"container-fluid block-separateur\" style=\"--heightDesk:10px;--heightMob:15px;\">\n\n    \n    \n<\/div>\n\n<div class=\"container block-texte_image\">\n\n\t\t\t<div class=\"block-texte_image-contenu order-1\" style=\"--widthContenu:80%\">\n\t\t\t<h2>Conventions<\/h2>\t\t\t<article><p>Consulter notre convention IDEL <a href=\"https:\/\/www.synlab.fr\/oxabio\/espace-professionnels-de-sante\/prelever\/conventions\/\">ici.<\/a><\/p>\n<\/article>\t\t\t\t\t\t\n\t\t\t<p><a href=\"https:\/\/www.synlab.fr\/oxabio\/espace-professionnels-de-sante\/prelever\/conventions\/\" style=\"--colorCTA:#003765\" target=\"\" class=\"block-texte_image-contenu-cta\">En savoir plus<\/a><\/p>\t\t<\/div>\n\t\n\t\n\t\t<div class=\"block-texte_image-illustration order-0\" style=\"--widthImage:20%;\">\n\t\t\t<img decoding=\"async\" src=\"https:\/\/www.synlab.fr\/oxabio\/wp-content\/uploads\/sites\/41\/2023\/01\/multiracial-group-of-young-creative-people-in-smart-casual-wear-discussing-business-shaking-hands-together.jpg\" alt=\"multiracial-group-of-young-creative-people-in-smart-casual-wear-discussing-business-shaking-hands-together\"\/>\n\t\t<\/div>\n\n\t\n\t\t\n<\/div>\n\n\n\n\n\t\n\t\n\n\n\n<div class=\"container-fluid block-separateur\" style=\"--heightDesk:10px;--heightMob:15px;\">\n\n    \n    \n<\/div>\n\n<div class=\"container block-texte_image\">\n\n\t\t\t<div class=\"block-texte_image-contenu order-0\" style=\"--widthContenu:80%\">\n\t\t\t<h2>G\u00e9rer les urgences <\/h2>\t\t\t<article><p>Afin de mieux g\u00e9rer vos urgences au laboratoire, quelques pr\u00e9cisions utiles.<\/p>\n<p>Des pr\u00e9l\u00e8vements sont consid\u00e9r\u00e9s urgents lorsqu&rsquo;ils sont li\u00e9s \u00e0:<\/p>\n<ul>\n<li>L&rsquo;\u00e9tat clinique du patient \u00a0et aux analyses prescrites (exemple: troponine, BNP, &#8230;).<\/li>\n<li>d\u00e9lai de rendu de r\u00e9sultats court pour un traitement m\u00e9dical vital (exemple: \u00e0 faxer avant 16h pour chimioth\u00e9rapie).<\/li>\n<\/ul>\n<p>&nbsp;<\/p>\n<\/article>\t\t\t\t\t\t\n\t\t\t<p><a href=\"https:\/\/www.synlab.fr\/oxabio\/espace-professionnels-de-sante\/prelever\/gerer-les-urgences\/\" style=\"--colorCTA:#003765\" target=\"\" class=\"block-texte_image-contenu-cta\">En savoir plus<\/a><\/p>\t\t<\/div>\n\t\n\t\n\t\t<div class=\"block-texte_image-illustration order-1\" style=\"--widthImage:20%;\">\n\t\t\t<img decoding=\"async\" src=\"https:\/\/www.synlab.fr\/oxabio\/wp-content\/uploads\/sites\/41\/2023\/01\/front-view-of-woman-holding-heart-shape-scaled-e1674033933252.jpg\" alt=\"front-view-of-woman-holding-heart-shape\"\/>\n\t\t<\/div>\n\n\t\n\t\t\n<\/div>\n\n\n\n\n\t\n\t\n\n\n\n<div class=\"container-fluid block-separateur\" style=\"--heightDesk:10px;--heightMob:15px;\">\n\n    \n    \n<\/div>\n\n<div class=\"container block-texte_image\">\n\n\t\t\t<div class=\"block-texte_image-contenu order-1\" style=\"--widthContenu:80%\">\n\t\t\t<h2>Documents et liens utiles <\/h2>\t\t\t<article><p>Retrouvez tous les documents et liens utiles (fiche de pr\u00e9conisation des tubes, fiche de liaison, protocole de pr\u00e9l\u00e8vement, &#8230; )<\/p>\n<\/article>\t\t\t\t\t\t\n\t\t\t<p><a href=\"https:\/\/www.synlab.fr\/oxabio\/espace-professionnels-de-sante\/prelever\/documents-utiles\/\" style=\"--colorCTA:#003765\" target=\"\" class=\"block-texte_image-contenu-cta\">En savoir plus<\/a><\/p>\t\t<\/div>\n\t\n\t\n\t\t<div class=\"block-texte_image-illustration order-0\" style=\"--widthImage:20%;\">\n\t\t\t<img decoding=\"async\" src=\"https:\/\/www.synlab.fr\/oxabio\/wp-content\/uploads\/sites\/41\/2023\/01\/hand-using-laptop-computer-with-virtual-screen-and-document-for-online-approve-paperless-quality-assurance-and-erp-management-concept.jpg\" alt=\"hand-using-laptop-computer-with-virtual-screen-and-document-for-online-approve-paperless-quality-assurance-and-erp-management-concept\"\/>\n\t\t<\/div>\n\n\t\n\t\t\n<\/div>\n\n\n\n\n\t\n\t\n\n\n\n<div class=\"container-fluid block-separateur\" style=\"--heightDesk:10px;--heightMob:15px;\">\n\n    \n    \n<\/div>\n\n<div class=\"container block-texte_image\">\n\n\t\t\t<div class=\"block-texte_image-contenu order-0\" style=\"--widthContenu:80%\">\n\t\t\t<h2>Mat\u00e9riels de pr\u00e9l\u00e8vements<\/h2>\t\t\t<article><p>Le laboratoire met \u00e0 votre disposition du mat\u00e9riel de pr\u00e9l\u00e8vement.<\/p>\n<\/article>\t\t\t\t\t\t\n\t\t\t<p><a href=\"https:\/\/www.synlab.fr\/oxabio\/espace-professionnels-de-sante\/prelever\/materiels-de-prelevements\/\" style=\"--colorCTA:#003765\" target=\"\" class=\"block-texte_image-contenu-cta\">En savoir plus<\/a><\/p>\t\t<\/div>\n\t\n\t\n\t\t<div class=\"block-texte_image-illustration order-1\" style=\"--widthImage:20%;\">\n\t\t\t<img decoding=\"async\" src=\"https:\/\/www.synlab.fr\/oxabio\/wp-content\/uploads\/sites\/41\/2023\/01\/blood-samples-in-test-tube-rack-1.jpg\" alt=\"blood-samples-in-test-tube-rack (1)\"\/>\n\t\t<\/div>\n\n\t\n\t\t\n<\/div>\n\n\n\n\n\t\n\t\n\n\n\n<div class=\"container-fluid block-separateur\" style=\"--heightDesk:10px;--heightMob:15px;\">\n\n    \n    \n<\/div>\n\n<div class=\"container block-texte_image\">\n\n\t\t\t<div class=\"block-texte_image-contenu order-1\" style=\"--widthContenu:80%\">\n\t\t\t<h2>Les protocoles de recueil<\/h2>\t\t\t<article><p>Certains pr\u00e9l\u00e8vements peuvent \u00eatre r\u00e9alis\u00e9s par le patient lui-m\u00eame.<br \/>\nTout pr\u00e9l\u00e8vement transmis au laboratoire doit \u00eatre identifi\u00e9 par le\u00a0<strong>nom, pr\u00e9nom et date de naissance<\/strong>\u00a0au minimum et transmis au laboratoire le plus rapidement possible. Le mat\u00e9riel est disponible sur demande gratuitement au laboratoire ou dans notre pharmacie partenaire.<\/p>\n<\/article>\t\t\t\t\t\t\n\t\t\t<p><a href=\"https:\/\/www.synlab.fr\/oxabio\/espace-professionnels-de-sante\/prelever\/les-protocoles-de-recueil\/\" style=\"--colorCTA:#003765\" target=\"\" class=\"block-texte_image-contenu-cta\">En savoir plus<\/a><\/p>\t\t<\/div>\n\t\n\t\n\t\t<div class=\"block-texte_image-illustration order-0\" style=\"--widthImage:20%;\">\n\t\t\t<img decoding=\"async\" src=\"https:\/\/www.synlab.fr\/oxabio\/wp-content\/uploads\/sites\/41\/2023\/01\/doctor-s-hands-holding-an-urine-test-scaled.jpg\" alt=\"doctor-s-hands-holding-an-urine-test\"\/>\n\t\t<\/div>\n\n\t\n\t\t\n<\/div>\n\n\n\n\n\t\n\t\n\n\n\n<div class=\"container-fluid block-separateur\" style=\"--heightDesk:10px;--heightMob:15px;\">\n\n    \n    \n<\/div>\n\n<div class=\"container block-texte_image\">\n\n\t\t\t<div class=\"block-texte_image-contenu order-0\" style=\"--widthContenu:80%\">\n\t\t\t<h2>Hygi\u00e8ne et s\u00e9curit\u00e9<\/h2>\t\t\t<article><p>Vous trouverez dans cette rubrique <strong>des informations utiles pour l&rsquo;\u00e9limination des d\u00e9chets de soins et la gestion en cas d&rsquo;accident d&rsquo;exposition au sang. <\/strong>En cas de besoin, n&rsquo;h\u00e9sitez pas \u00e0 contacter un biologiste du laboratoire.<\/p>\n<\/article>\t\t\t\t\t\t\n\t\t\t<p><a href=\"https:\/\/www.synlab.fr\/oxabio\/espace-professionnels-de-sante\/prelever\/hygiene-securite\/\" style=\"--colorCTA:#003765\" target=\"\" class=\"block-texte_image-contenu-cta\">En savoir plus<\/a><\/p>\t\t<\/div>\n\t\n\t\n\t\t<div class=\"block-texte_image-illustration order-1\" style=\"--widthImage:20%;\">\n\t\t\t<img decoding=\"async\" src=\"https:\/\/www.synlab.fr\/oxabio\/wp-content\/uploads\/sites\/41\/2023\/01\/blood-drop-paper-medical-cross-health-diy-element.jpg\" alt=\"blood-drop-paper-medical-cross-health-diy-element\"\/>\n\t\t<\/div>\n\n\t\n\t\t\n<\/div>\n\n\n\n\n\t\n\t\n\n\n\n<div class=\"container-fluid block-separateur\" style=\"--heightDesk:10px;--heightMob:15px;\">\n\n    \n    \n<\/div>\n\n<div class=\"container block-texte_image\">\n\n\t\t\t<div class=\"block-texte_image-contenu order-1\" style=\"--widthContenu:80%\">\n\t\t\t<h2>D\u00e9poser vos pr\u00e9l\u00e8vements<\/h2>\t\t\t<article><p>Retrouvez dans cette rubrique, <strong>les conditions pour transporter et d\u00e9poser les analyses des patients.<\/strong><\/p>\n<\/article>\t\t\t\t\t\t\n\t\t\t<p><a href=\"https:\/\/www.synlab.fr\/oxabio\/espace-professionnels-de-sante\/prelever\/deposer-vos-prelevements\/\" style=\"--colorCTA:#003765\" target=\"\" class=\"block-texte_image-contenu-cta\">En savoir plus<\/a><\/p>\t\t<\/div>\n\t\n\t\n\t\t<div class=\"block-texte_image-illustration order-0\" style=\"--widthImage:20%;\">\n\t\t\t<img decoding=\"async\" src=\"https:\/\/www.synlab.fr\/oxabio\/wp-content\/uploads\/sites\/41\/2023\/01\/temperature-measurent-thermometer-icon.jpg\" alt=\"temperature-measurent-thermometer-icon\"\/>\n\t\t<\/div>\n\n\t\n\t\t\n<\/div>\n\n\n\n\n\t\n\t\n\n\n\n<div class=\"container-fluid block-separateur\" style=\"--heightDesk:10px;--heightMob:15px;\">\n\n    \n    \n<\/div>\n\n<div class=\"container block-texte_image\">\n\n\t\t\t<div class=\"block-texte_image-contenu order-0\" style=\"--widthContenu:80%\">\n\t\t\t<h2>FAQ IDE<\/h2>\t\t\t<article><p>Retrouvez dans cette rubrique, <strong>quelques r\u00e9ponses aux questions souvent pos\u00e9es pour vos pr\u00e9l\u00e8vements.<\/strong><\/p>\n<\/article>\t\t\t\t\t\t\n\t\t\t<p><a href=\"https:\/\/www.synlab.fr\/oxabio\/espace-professionnels-de-sante\/prelever\/faq-ide\/\" style=\"--colorCTA:#003765\" target=\"\" class=\"block-texte_image-contenu-cta\">En savoir plus<\/a><\/p>\t\t<\/div>\n\t\n\t\n\t\t<div class=\"block-texte_image-illustration order-1\" style=\"--widthImage:20%;\">\n\t\t\t<img decoding=\"async\" src=\"https:\/\/www.synlab.fr\/oxabio\/wp-content\/uploads\/sites\/41\/2023\/01\/speech-bubble-with-question-mark.jpg\" alt=\"speech-bubble-with-question-mark\"\/>\n\t\t<\/div>\n\n\t\n\t\t\n<\/div>\n\n\n\n\n\t\n\t\n","protected":false},"excerpt":{"rendered":"","protected":false},"author":13,"featured_media":0,"parent":24,"menu_order":2,"comment_status":"closed","ping_status":"closed","template":"","meta":{"_acf_changed":false,"footnotes":""},"class_list":["post-1328","page","type-page","status-publish","hentry"],"acf":[],"yoast_head":"<!-- This site is optimized with the Yoast SEO plugin v26.3 - https:\/\/yoast.com\/wordpress\/plugins\/seo\/ -->\n<title>SYNLAB Oxabio | Pr\u00e9lever<\/title>\n<meta name=\"description\" content=\"Retrouvez facilement tous les documents n\u00e9cessaires \u00e0 la r\u00e9alisation des pr\u00e9l\u00e8vements aupr\u00e8s de vos patients gr\u00e2ce \u00e0 notre collection compl\u00e8te de documents pour les professionnels de sant\u00e9. Vous trouverez ici les conventions, les protocoles \u00e0 suivre pour effectuer les pr\u00e9l\u00e8vements en toute s\u00e9curit\u00e9.\" \/>\n<meta name=\"robots\" content=\"noindex, follow, max-snippet:-1, max-image-preview:large, max-video-preview:-1\" \/>\n<meta property=\"og:locale\" content=\"fr_FR\" \/>\n<meta property=\"og:type\" content=\"article\" \/>\n<meta property=\"og:title\" content=\"SYNLAB Oxabio | Pr\u00e9lever\" \/>\n<meta property=\"og:description\" content=\"Retrouvez facilement tous les documents n\u00e9cessaires \u00e0 la r\u00e9alisation des pr\u00e9l\u00e8vements aupr\u00e8s de vos patients gr\u00e2ce \u00e0 notre collection compl\u00e8te de documents pour les professionnels de sant\u00e9. Vous trouverez ici les conventions, les protocoles \u00e0 suivre pour effectuer les pr\u00e9l\u00e8vements en toute s\u00e9curit\u00e9.\" \/>\n<meta property=\"og:url\" content=\"https:\/\/www.synlab.fr\/oxabio\/espace-professionnels-de-sante\/prelever\/\" \/>\n<meta property=\"og:site_name\" content=\"Synlab Oxabio\" \/>\n<meta property=\"article:modified_time\" content=\"2023-04-21T12:35:31+00:00\" \/>\n<meta name=\"twitter:card\" content=\"summary_large_image\" \/>\n<script type=\"application\/ld+json\" class=\"yoast-schema-graph\">{\"@context\":\"https:\/\/schema.org\",\"@graph\":[{\"@type\":\"WebPage\",\"@id\":\"https:\/\/www.synlab.fr\/oxabio\/espace-professionnels-de-sante\/prelever\/\",\"url\":\"https:\/\/www.synlab.fr\/oxabio\/espace-professionnels-de-sante\/prelever\/\",\"name\":\"SYNLAB Oxabio | Pr\u00e9lever\",\"isPartOf\":{\"@id\":\"https:\/\/www.synlab.fr\/oxabio\/#website\"},\"datePublished\":\"2022-08-22T13:20:05+00:00\",\"dateModified\":\"2023-04-21T12:35:31+00:00\",\"description\":\"Retrouvez facilement tous les documents n\u00e9cessaires \u00e0 la r\u00e9alisation des pr\u00e9l\u00e8vements aupr\u00e8s de vos patients gr\u00e2ce \u00e0 notre collection compl\u00e8te de documents pour les professionnels de sant\u00e9. Vous trouverez ici les conventions, les protocoles \u00e0 suivre pour effectuer les pr\u00e9l\u00e8vements en toute s\u00e9curit\u00e9.\",\"breadcrumb\":{\"@id\":\"https:\/\/www.synlab.fr\/oxabio\/espace-professionnels-de-sante\/prelever\/#breadcrumb\"},\"inLanguage\":\"fr-FR\",\"potentialAction\":[{\"@type\":\"ReadAction\",\"target\":[\"https:\/\/www.synlab.fr\/oxabio\/espace-professionnels-de-sante\/prelever\/\"]}]},{\"@type\":\"BreadcrumbList\",\"@id\":\"https:\/\/www.synlab.fr\/oxabio\/espace-professionnels-de-sante\/prelever\/#breadcrumb\",\"itemListElement\":[{\"@type\":\"ListItem\",\"position\":1,\"name\":\"Home\",\"item\":\"https:\/\/www.synlab.fr\/oxabio\/\"},{\"@type\":\"ListItem\",\"position\":2,\"name\":\"Espace professionnels de sant\u00e9\",\"item\":\"https:\/\/www.synlab.fr\/oxabio\/espace-professionnels-de-sante\/\"},{\"@type\":\"ListItem\",\"position\":3,\"name\":\"Pr\u00e9lever\"}]},{\"@type\":\"WebSite\",\"@id\":\"https:\/\/www.synlab.fr\/oxabio\/#website\",\"url\":\"https:\/\/www.synlab.fr\/oxabio\/\",\"name\":\"Synlab Oxabio\",\"description\":\"Un site utilisant Synlab\",\"potentialAction\":[{\"@type\":\"SearchAction\",\"target\":{\"@type\":\"EntryPoint\",\"urlTemplate\":\"https:\/\/www.synlab.fr\/oxabio\/?s={search_term_string}\"},\"query-input\":{\"@type\":\"PropertyValueSpecification\",\"valueRequired\":true,\"valueName\":\"search_term_string\"}}],\"inLanguage\":\"fr-FR\"}]}<\/script>\n<!-- \/ Yoast SEO plugin. -->","yoast_head_json":{"title":"SYNLAB Oxabio | Pr\u00e9lever","description":"Retrouvez facilement tous les documents n\u00e9cessaires \u00e0 la r\u00e9alisation des pr\u00e9l\u00e8vements aupr\u00e8s de vos patients gr\u00e2ce \u00e0 notre collection compl\u00e8te de documents pour les professionnels de sant\u00e9. Vous trouverez ici les conventions, les protocoles \u00e0 suivre pour effectuer les pr\u00e9l\u00e8vements en toute s\u00e9curit\u00e9.","robots":{"index":"noindex","follow":"follow","max-snippet":"max-snippet:-1","max-image-preview":"max-image-preview:large","max-video-preview":"max-video-preview:-1"},"og_locale":"fr_FR","og_type":"article","og_title":"SYNLAB Oxabio | Pr\u00e9lever","og_description":"Retrouvez facilement tous les documents n\u00e9cessaires \u00e0 la r\u00e9alisation des pr\u00e9l\u00e8vements aupr\u00e8s de vos patients gr\u00e2ce \u00e0 notre collection compl\u00e8te de documents pour les professionnels de sant\u00e9. Vous trouverez ici les conventions, les protocoles \u00e0 suivre pour effectuer les pr\u00e9l\u00e8vements en toute s\u00e9curit\u00e9.","og_url":"https:\/\/www.synlab.fr\/oxabio\/espace-professionnels-de-sante\/prelever\/","og_site_name":"Synlab Oxabio","article_modified_time":"2023-04-21T12:35:31+00:00","twitter_card":"summary_large_image","schema":{"@context":"https:\/\/schema.org","@graph":[{"@type":"WebPage","@id":"https:\/\/www.synlab.fr\/oxabio\/espace-professionnels-de-sante\/prelever\/","url":"https:\/\/www.synlab.fr\/oxabio\/espace-professionnels-de-sante\/prelever\/","name":"SYNLAB Oxabio | Pr\u00e9lever","isPartOf":{"@id":"https:\/\/www.synlab.fr\/oxabio\/#website"},"datePublished":"2022-08-22T13:20:05+00:00","dateModified":"2023-04-21T12:35:31+00:00","description":"Retrouvez facilement tous les documents n\u00e9cessaires \u00e0 la r\u00e9alisation des pr\u00e9l\u00e8vements aupr\u00e8s de vos patients gr\u00e2ce \u00e0 notre collection compl\u00e8te de documents pour les professionnels de sant\u00e9. Vous trouverez ici les conventions, les protocoles \u00e0 suivre pour effectuer les pr\u00e9l\u00e8vements en toute s\u00e9curit\u00e9.","breadcrumb":{"@id":"https:\/\/www.synlab.fr\/oxabio\/espace-professionnels-de-sante\/prelever\/#breadcrumb"},"inLanguage":"fr-FR","potentialAction":[{"@type":"ReadAction","target":["https:\/\/www.synlab.fr\/oxabio\/espace-professionnels-de-sante\/prelever\/"]}]},{"@type":"BreadcrumbList","@id":"https:\/\/www.synlab.fr\/oxabio\/espace-professionnels-de-sante\/prelever\/#breadcrumb","itemListElement":[{"@type":"ListItem","position":1,"name":"Home","item":"https:\/\/www.synlab.fr\/oxabio\/"},{"@type":"ListItem","position":2,"name":"Espace professionnels de sant\u00e9","item":"https:\/\/www.synlab.fr\/oxabio\/espace-professionnels-de-sante\/"},{"@type":"ListItem","position":3,"name":"Pr\u00e9lever"}]},{"@type":"WebSite","@id":"https:\/\/www.synlab.fr\/oxabio\/#website","url":"https:\/\/www.synlab.fr\/oxabio\/","name":"Synlab Oxabio","description":"Un site utilisant Synlab","potentialAction":[{"@type":"SearchAction","target":{"@type":"EntryPoint","urlTemplate":"https:\/\/www.synlab.fr\/oxabio\/?s={search_term_string}"},"query-input":{"@type":"PropertyValueSpecification","valueRequired":true,"valueName":"search_term_string"}}],"inLanguage":"fr-FR"}]}},"_links":{"self":[{"href":"https:\/\/www.synlab.fr\/oxabio\/wp-json\/wp\/v2\/pages\/1328","targetHints":{"allow":["GET"]}}],"collection":[{"href":"https:\/\/www.synlab.fr\/oxabio\/wp-json\/wp\/v2\/pages"}],"about":[{"href":"https:\/\/www.synlab.fr\/oxabio\/wp-json\/wp\/v2\/types\/page"}],"author":[{"embeddable":true,"href":"https:\/\/www.synlab.fr\/oxabio\/wp-json\/wp\/v2\/users\/13"}],"replies":[{"embeddable":true,"href":"https:\/\/www.synlab.fr\/oxabio\/wp-json\/wp\/v2\/comments?post=1328"}],"version-history":[{"count":44,"href":"https:\/\/www.synlab.fr\/oxabio\/wp-json\/wp\/v2\/pages\/1328\/revisions"}],"predecessor-version":[{"id":5440,"href":"https:\/\/www.synlab.fr\/oxabio\/wp-json\/wp\/v2\/pages\/1328\/revisions\/5440"}],"up":[{"embeddable":true,"href":"https:\/\/www.synlab.fr\/oxabio\/wp-json\/wp\/v2\/pages\/24"}],"wp:attachment":[{"href":"https:\/\/www.synlab.fr\/oxabio\/wp-json\/wp\/v2\/media?parent=1328"}],"curies":[{"name":"wp","href":"https:\/\/api.w.org\/{rel}","templated":true}]}}