{"id":1330,"date":"2022-08-22T15:20:43","date_gmt":"2022-08-22T13:20:43","guid":{"rendered":"https:\/\/www.synlab.fr\/oxabio\/?page_id=1330"},"modified":"2022-11-17T15:18:32","modified_gmt":"2022-11-17T14:18:32","slug":"a-propos-des-resultats","status":"publish","type":"page","link":"https:\/\/www.synlab.fr\/oxabio\/espace-professionnels-de-sante\/prelever\/a-propos-des-resultats\/","title":{"rendered":"A propos des r\u00e9sultats"},"content":{"rendered":"<div class=\"container text-center \">\n\t\t\t<h3 class=\"w-100  m-b-40\">Votre laboratoire OXABIO propose diff\u00e9rents moyens de transmission des r\u00e9sultats \u00e0 vos patients <\/h3>\t<\/div>\n\n<div class=\"container-grid block-securite\">\n\n\t<div class=\"block-securite-left\">\n\t\t<img decoding=\"async\" src=\"https:\/\/www.synlab.fr\/oxabio\/wp-content\/uploads\/sites\/41\/2022\/10\/patiente-medecin-serre-main-800x700.jpeg\" alt=\"patiente-medecin-serre-main\" \/>\n\t<\/div>\n\n\t<div class=\"block-securite-right\">\n\t\t\t\t\t<div class=\"block-securite-right-item\">\n\t\t\t<div class=\"block-securite-right-item-picto\">\n\t\t\t\t<img decoding=\"async\" src=\"https:\/\/www.synlab.fr\/oxabio\/wp-content\/uploads\/sites\/41\/2022\/11\/flask-1.png\" alt=\"flask (1)\" \/>\n\t\t\t<\/div>\n\t\t\t<div>\n\t\t\t\t<div class=\"block-securite-right-item-titre\">Au laboratoire<\/div>\n\t\t\t\t<div class=\"block-securite-right-item-texte\"><\/div>\n\t\t\t\t<\/div>\n\t\t\t\n\t\t<\/div>\n\t\t\t\t<div class=\"block-securite-right-item\">\n\t\t\t<div class=\"block-securite-right-item-picto\">\n\t\t\t\t<img decoding=\"async\" src=\"https:\/\/www.synlab.fr\/oxabio\/wp-content\/uploads\/sites\/41\/2022\/11\/mail.png\" alt=\"mail\" \/>\n\t\t\t<\/div>\n\t\t\t<div>\n\t\t\t\t<div class=\"block-securite-right-item-titre\">Par la poste<\/div>\n\t\t\t\t<div class=\"block-securite-right-item-texte\"><\/div>\n\t\t\t\t<\/div>\n\t\t\t\n\t\t<\/div>\n\t\t\t\t<div class=\"block-securite-right-item\">\n\t\t\t<div class=\"block-securite-right-item-picto\">\n\t\t\t\t<img decoding=\"async\" src=\"https:\/\/www.synlab.fr\/oxabio\/wp-content\/uploads\/sites\/41\/2022\/11\/globe.png\" alt=\"globe\" \/>\n\t\t\t<\/div>\n\t\t\t<div>\n\t\t\t\t<div class=\"block-securite-right-item-titre\">Sur internet <\/div>\n\t\t\t\t<div class=\"block-securite-right-item-texte\"><\/div>\n\t\t\t\t<\/div>\n\t\t\t\n\t\t<\/div>\n\t\t\t\t<div class=\"block-securite-right-item\">\n\t\t\t<div class=\"block-securite-right-item-picto\">\n\t\t\t\t<img decoding=\"async\" src=\"https:\/\/www.synlab.fr\/oxabio\/wp-content\/uploads\/sites\/41\/2022\/11\/pharmacy.png\" alt=\"pharmacy\" \/>\n\t\t\t<\/div>\n\t\t\t<div>\n\t\t\t\t<div class=\"block-securite-right-item-titre\">A la pharmacie <\/div>\n\t\t\t\t<div class=\"block-securite-right-item-texte\"><\/div>\n\t\t\t\t<\/div>\n\t\t\t\n\t\t<\/div>\n\t\t\t\t<div class=\"block-securite-right-item\">\n\t\t\t<div class=\"block-securite-right-item-picto\">\n\t\t\t\t<img decoding=\"async\" src=\"https:\/\/www.synlab.fr\/oxabio\/wp-content\/uploads\/sites\/41\/2022\/11\/email.png\" alt=\"email\" \/>\n\t\t\t<\/div>\n\t\t\t<div>\n\t\t\t\t<div class=\"block-securite-right-item-titre\">Par email<\/div>\n\t\t\t\t<div class=\"block-securite-right-item-texte\"><\/div>\n\t\t\t\t<\/div>\n\t\t\t\n\t\t<\/div>\n\t\t\t\t<\/div>\n<\/div>\n\n\n\n\n<div class=\"container-fluid block-separateur\" style=\"--heightDesk:10px;--heightMob:15px;\">\n\n    \n    \n<\/div>\n\n<div class=\"container block-texte_image\">\n\n\t\t\t<div class=\"block-texte_image-contenu order-1\" style=\"--widthContenu:100%\">\n\t\t\t\t\t\t<article><p>Merci de renseigner le choix de votre patient sur la fiche de pr\u00e9l\u00e8vement pr\u00e9-remplie.<\/p>\n<p>La majorit\u00e9 des r\u00e9sultats d&rsquo;analyses est disponible le jour m\u00eame. Ces derniers sont communiqu\u00e9s syst\u00e9matiquement au prescripteur avec des moyens appropri\u00e9s et dans des d\u00e9lais compatibles avec la criticit\u00e9 et le degr\u00e9 d&rsquo;urgence des r\u00e9sultats.<br \/>\nDe plus, en cas de prescription par un m\u00e9decin sp\u00e9cialiste, nous pouvons transmettre sur demande, via la fiche de pr\u00e9l\u00e8vement,\u00a0un duplicata de vos r\u00e9sultats au m\u00e9decin r\u00e9f\u00e9rent.<\/p>\n<p>Pour l&rsquo;interpr\u00e9tation des r\u00e9sultats, le biologiste m\u00e9dical se tient \u00e0 la disposition des patients. Le m\u00e9decin prescripteur est toutefois la personne la plus appropri\u00e9e pour l&rsquo;interpr\u00e9tation des r\u00e9sultats, \u00e9tant en possession du dossier m\u00e9dical du patient.<\/p>\n<p>Quelques pr\u00e9cisions concernant la reprise des r\u00e9sultats :<br \/>\nAu laboratoire, pour des raisons de confidentialit\u00e9, une pi\u00e8ce d&rsquo;identit\u00e9 ou \u00ab\u00a0le ticket de rendu de r\u00e9sultat\u00a0\u00bb\u00a0sera demand\u00e9 au patient lors de la reprise de ses r\u00e9sultats.<\/p>\n<p>Par la poste, le d\u00e9lai de rendu de r\u00e9sultat sera d\u00e9pendant du traitement par la poste. Compter 1\u00a0\u00e0\u00a02 jours suppl\u00e9mentaires.<\/p>\n<p>Sur internet, le site\u00a0<a href=\"https:\/\/www.mesresultats.synlab.fr\/patient\/rest\/login\"><strong>mySYNLAB<\/strong><\/a>\u00a0s\u00e9curis\u00e9 et gratuit permet \u00e0 vos patients de consulter \u00e0 tout moment l&rsquo;ensemble de leurs r\u00e9sultats m\u00e9dicaux par l&rsquo;interm\u00e9diaire d&rsquo;un identifiant unique et personnel.\u00a0 Cet identifiant est not\u00e9 sur\u00a0le dernier compte rendu de r\u00e9sultat. Dans le cas d&rsquo;un premier bilan, cette modalit\u00e9 ne sera pas disponible.<\/p>\n<p>A la\u00a0pharmacie, nous proposons aux patients de r\u00e9cup\u00e9rer leurs r\u00e9sultats m\u00e9dicaux dans l&rsquo;une de nos pharmacies partenaires. Veuillez vous renseigner aupr\u00e8s de votre pharmacien.<\/p>\n<p><strong>Par Email<\/strong>, vos patients\u00a0peuvent\u00a0recevoir directement et de mani\u00e8re s\u00e9curis\u00e9e leurs r\u00e9sultats sur leur messagerie. Pour param\u00e9trer cet envoi, ils\u00a0doivent\u00a0cr\u00e9er un compte au moyen de leur\u00a0identifiant Labmedica disponible au Laboratoire ou sur les pr\u00e9c\u00e9dents comptes rendus d&rsquo;analyses. S&rsquo;ils\u00a0disposent\u00a0d\u00e9j\u00e0 d&rsquo;un compte il leur\u00a0suffit de modifier leurs pr\u00e9f\u00e9rences. Un SMS contenant le mot de passe n\u00e9cessaire \u00e0 l&rsquo;ouverture de\u00a0la pi\u00e8ce jointe est envoy\u00e9 conjointement au\u00a0mail.<\/p>\n<\/article>\t\t\t\t\t\t\n\t\t\t\t\t<\/div>\n\t\n\t\n\t\t\n<\/div>\n\n\n\n\n\t\n\t\n\n\n\n<div class=\"container-fluid block-separateur\" style=\"--heightDesk:10px;--heightMob:15px;\">\n\n    \n    \n<\/div>\n\n\n<div class=\"container-grid block-satisfaction\">\n\t\t\t\t\n\n\t<div class=\"block-satisfaction-left\">\n\t\t<img decoding=\"async\" src=\"https:\/\/www.synlab.fr\/oxabio\/wp-content\/uploads\/sites\/41\/2022\/10\/Image1.jpg\" alt=\"Image1\" \/>\n\t<\/div>\n\n\t<div class=\"block-satisfaction-right\">\n\t\n\t\t<div class=\"block-securite-right-item-texte\"><p><strong>Le laboratoire\u00a0peut refuser de rendre les r\u00e9sultats\u00a0dans un contexte r\u00e9glementaire (exemple :\u00a0patient mineur, m\u00e9decine du travail, &#8230;).<\/strong><\/p>\n<\/div>\n\t\t\t\t\n\t\t\t\n\t\t\n\t<\/div>\n<\/div>\n\n","protected":false},"excerpt":{"rendered":"","protected":false},"author":13,"featured_media":0,"parent":1328,"menu_order":1,"comment_status":"closed","ping_status":"closed","template":"","meta":{"_acf_changed":false,"footnotes":""},"class_list":["post-1330","page","type-page","status-publish","hentry"],"acf":[],"yoast_head":"<!-- This site is optimized with the Yoast SEO plugin v26.3 - https:\/\/yoast.com\/wordpress\/plugins\/seo\/ -->\n<title>SYNLAB Oxabio - A propos des r\u00e9sultats<\/title>\n<meta name=\"description\" content=\"La majorit\u00e9 des r\u00e9sultats d\u2019analyses est disponible le jour m\u00eame. Ces derniers sont communiqu\u00e9s syst\u00e9matiquement au prescripteur avec des moyens appropri\u00e9s et dans des d\u00e9lais compatibles avec la criticit\u00e9 et le degr\u00e9 d\u2019urgence des r\u00e9sultats.\" \/>\n<meta name=\"robots\" content=\"noindex, follow, max-snippet:-1, max-image-preview:large, max-video-preview:-1\" \/>\n<meta property=\"og:locale\" content=\"fr_FR\" \/>\n<meta property=\"og:type\" content=\"article\" \/>\n<meta property=\"og:title\" content=\"SYNLAB Oxabio - A propos des r\u00e9sultats\" \/>\n<meta property=\"og:description\" content=\"La majorit\u00e9 des r\u00e9sultats d\u2019analyses est disponible le jour m\u00eame. Ces derniers sont communiqu\u00e9s syst\u00e9matiquement au prescripteur avec des moyens appropri\u00e9s et dans des d\u00e9lais compatibles avec la criticit\u00e9 et le degr\u00e9 d\u2019urgence des r\u00e9sultats.\" \/>\n<meta property=\"og:url\" content=\"https:\/\/www.synlab.fr\/oxabio\/espace-professionnels-de-sante\/prelever\/a-propos-des-resultats\/\" \/>\n<meta property=\"og:site_name\" content=\"Synlab Oxabio\" \/>\n<meta property=\"article:modified_time\" content=\"2022-11-17T14:18:32+00:00\" \/>\n<meta property=\"og:image\" content=\"https:\/\/www.synlab.fr\/clone\/oxabio\/wp-content\/uploads\/sites\/41\/2022\/10\/logo-synlab.png\" \/>\n\t<meta property=\"og:image:width\" content=\"1278\" \/>\n\t<meta property=\"og:image:height\" content=\"717\" \/>\n\t<meta property=\"og:image:type\" content=\"image\/png\" \/>\n<meta name=\"twitter:card\" content=\"summary_large_image\" \/>\n<script type=\"application\/ld+json\" class=\"yoast-schema-graph\">{\"@context\":\"https:\/\/schema.org\",\"@graph\":[{\"@type\":\"WebPage\",\"@id\":\"https:\/\/www.synlab.fr\/oxabio\/espace-professionnels-de-sante\/prelever\/a-propos-des-resultats\/\",\"url\":\"https:\/\/www.synlab.fr\/oxabio\/espace-professionnels-de-sante\/prelever\/a-propos-des-resultats\/\",\"name\":\"SYNLAB Oxabio - A propos des r\u00e9sultats\",\"isPartOf\":{\"@id\":\"https:\/\/www.synlab.fr\/oxabio\/#website\"},\"datePublished\":\"2022-08-22T13:20:43+00:00\",\"dateModified\":\"2022-11-17T14:18:32+00:00\",\"description\":\"La majorit\u00e9 des r\u00e9sultats d\u2019analyses est disponible le jour m\u00eame. Ces derniers sont communiqu\u00e9s syst\u00e9matiquement au prescripteur avec des moyens appropri\u00e9s et dans des d\u00e9lais compatibles avec la criticit\u00e9 et le degr\u00e9 d\u2019urgence des r\u00e9sultats.\",\"breadcrumb\":{\"@id\":\"https:\/\/www.synlab.fr\/oxabio\/espace-professionnels-de-sante\/prelever\/a-propos-des-resultats\/#breadcrumb\"},\"inLanguage\":\"fr-FR\",\"potentialAction\":[{\"@type\":\"ReadAction\",\"target\":[\"https:\/\/www.synlab.fr\/oxabio\/espace-professionnels-de-sante\/prelever\/a-propos-des-resultats\/\"]}]},{\"@type\":\"BreadcrumbList\",\"@id\":\"https:\/\/www.synlab.fr\/oxabio\/espace-professionnels-de-sante\/prelever\/a-propos-des-resultats\/#breadcrumb\",\"itemListElement\":[{\"@type\":\"ListItem\",\"position\":1,\"name\":\"Home\",\"item\":\"https:\/\/www.synlab.fr\/oxabio\/\"},{\"@type\":\"ListItem\",\"position\":2,\"name\":\"Espace professionnels de sant\u00e9\",\"item\":\"https:\/\/www.synlab.fr\/oxabio\/espace-professionnels-de-sante\/\"},{\"@type\":\"ListItem\",\"position\":3,\"name\":\"Pr\u00e9lever\",\"item\":\"https:\/\/www.synlab.fr\/oxabio\/espace-professionnels-de-sante\/prelever\/\"},{\"@type\":\"ListItem\",\"position\":4,\"name\":\"A propos des r\u00e9sultats\"}]},{\"@type\":\"WebSite\",\"@id\":\"https:\/\/www.synlab.fr\/oxabio\/#website\",\"url\":\"https:\/\/www.synlab.fr\/oxabio\/\",\"name\":\"Synlab Oxabio\",\"description\":\"Un site utilisant Synlab\",\"potentialAction\":[{\"@type\":\"SearchAction\",\"target\":{\"@type\":\"EntryPoint\",\"urlTemplate\":\"https:\/\/www.synlab.fr\/oxabio\/?s={search_term_string}\"},\"query-input\":{\"@type\":\"PropertyValueSpecification\",\"valueRequired\":true,\"valueName\":\"search_term_string\"}}],\"inLanguage\":\"fr-FR\"}]}<\/script>\n<!-- \/ Yoast SEO plugin. -->","yoast_head_json":{"title":"SYNLAB Oxabio - A propos des r\u00e9sultats","description":"La majorit\u00e9 des r\u00e9sultats d\u2019analyses est disponible le jour m\u00eame. Ces derniers sont communiqu\u00e9s syst\u00e9matiquement au prescripteur avec des moyens appropri\u00e9s et dans des d\u00e9lais compatibles avec la criticit\u00e9 et le degr\u00e9 d\u2019urgence des r\u00e9sultats.","robots":{"index":"noindex","follow":"follow","max-snippet":"max-snippet:-1","max-image-preview":"max-image-preview:large","max-video-preview":"max-video-preview:-1"},"og_locale":"fr_FR","og_type":"article","og_title":"SYNLAB Oxabio - A propos des r\u00e9sultats","og_description":"La majorit\u00e9 des r\u00e9sultats d\u2019analyses est disponible le jour m\u00eame. Ces derniers sont communiqu\u00e9s syst\u00e9matiquement au prescripteur avec des moyens appropri\u00e9s et dans des d\u00e9lais compatibles avec la criticit\u00e9 et le degr\u00e9 d\u2019urgence des r\u00e9sultats.","og_url":"https:\/\/www.synlab.fr\/oxabio\/espace-professionnels-de-sante\/prelever\/a-propos-des-resultats\/","og_site_name":"Synlab Oxabio","article_modified_time":"2022-11-17T14:18:32+00:00","og_image":[{"width":1278,"height":717,"url":"https:\/\/www.synlab.fr\/clone\/oxabio\/wp-content\/uploads\/sites\/41\/2022\/10\/logo-synlab.png","type":"image\/png"}],"twitter_card":"summary_large_image","schema":{"@context":"https:\/\/schema.org","@graph":[{"@type":"WebPage","@id":"https:\/\/www.synlab.fr\/oxabio\/espace-professionnels-de-sante\/prelever\/a-propos-des-resultats\/","url":"https:\/\/www.synlab.fr\/oxabio\/espace-professionnels-de-sante\/prelever\/a-propos-des-resultats\/","name":"SYNLAB Oxabio - A propos des r\u00e9sultats","isPartOf":{"@id":"https:\/\/www.synlab.fr\/oxabio\/#website"},"datePublished":"2022-08-22T13:20:43+00:00","dateModified":"2022-11-17T14:18:32+00:00","description":"La majorit\u00e9 des r\u00e9sultats d\u2019analyses est disponible le jour m\u00eame. Ces derniers sont communiqu\u00e9s syst\u00e9matiquement au prescripteur avec des moyens appropri\u00e9s et dans des d\u00e9lais compatibles avec la criticit\u00e9 et le degr\u00e9 d\u2019urgence des r\u00e9sultats.","breadcrumb":{"@id":"https:\/\/www.synlab.fr\/oxabio\/espace-professionnels-de-sante\/prelever\/a-propos-des-resultats\/#breadcrumb"},"inLanguage":"fr-FR","potentialAction":[{"@type":"ReadAction","target":["https:\/\/www.synlab.fr\/oxabio\/espace-professionnels-de-sante\/prelever\/a-propos-des-resultats\/"]}]},{"@type":"BreadcrumbList","@id":"https:\/\/www.synlab.fr\/oxabio\/espace-professionnels-de-sante\/prelever\/a-propos-des-resultats\/#breadcrumb","itemListElement":[{"@type":"ListItem","position":1,"name":"Home","item":"https:\/\/www.synlab.fr\/oxabio\/"},{"@type":"ListItem","position":2,"name":"Espace professionnels de sant\u00e9","item":"https:\/\/www.synlab.fr\/oxabio\/espace-professionnels-de-sante\/"},{"@type":"ListItem","position":3,"name":"Pr\u00e9lever","item":"https:\/\/www.synlab.fr\/oxabio\/espace-professionnels-de-sante\/prelever\/"},{"@type":"ListItem","position":4,"name":"A propos des r\u00e9sultats"}]},{"@type":"WebSite","@id":"https:\/\/www.synlab.fr\/oxabio\/#website","url":"https:\/\/www.synlab.fr\/oxabio\/","name":"Synlab Oxabio","description":"Un site utilisant Synlab","potentialAction":[{"@type":"SearchAction","target":{"@type":"EntryPoint","urlTemplate":"https:\/\/www.synlab.fr\/oxabio\/?s={search_term_string}"},"query-input":{"@type":"PropertyValueSpecification","valueRequired":true,"valueName":"search_term_string"}}],"inLanguage":"fr-FR"}]}},"_links":{"self":[{"href":"https:\/\/www.synlab.fr\/oxabio\/wp-json\/wp\/v2\/pages\/1330","targetHints":{"allow":["GET"]}}],"collection":[{"href":"https:\/\/www.synlab.fr\/oxabio\/wp-json\/wp\/v2\/pages"}],"about":[{"href":"https:\/\/www.synlab.fr\/oxabio\/wp-json\/wp\/v2\/types\/page"}],"author":[{"embeddable":true,"href":"https:\/\/www.synlab.fr\/oxabio\/wp-json\/wp\/v2\/users\/13"}],"replies":[{"embeddable":true,"href":"https:\/\/www.synlab.fr\/oxabio\/wp-json\/wp\/v2\/comments?post=1330"}],"version-history":[{"count":12,"href":"https:\/\/www.synlab.fr\/oxabio\/wp-json\/wp\/v2\/pages\/1330\/revisions"}],"predecessor-version":[{"id":4193,"href":"https:\/\/www.synlab.fr\/oxabio\/wp-json\/wp\/v2\/pages\/1330\/revisions\/4193"}],"up":[{"embeddable":true,"href":"https:\/\/www.synlab.fr\/oxabio\/wp-json\/wp\/v2\/pages\/1328"}],"wp:attachment":[{"href":"https:\/\/www.synlab.fr\/oxabio\/wp-json\/wp\/v2\/media?parent=1330"}],"curies":[{"name":"wp","href":"https:\/\/api.w.org\/{rel}","templated":true}]}}