{"id":1338,"date":"2022-08-22T15:36:07","date_gmt":"2022-08-22T13:36:07","guid":{"rendered":"https:\/\/www.synlab.fr\/oxabio\/?page_id=1338"},"modified":"2023-02-07T16:26:35","modified_gmt":"2023-02-07T15:26:35","slug":"les-protocoles-de-recueil","status":"publish","type":"page","link":"https:\/\/www.synlab.fr\/oxabio\/espace-professionnels-de-sante\/prelever\/les-protocoles-de-recueil\/","title":{"rendered":"Les protocoles de recueil"},"content":{"rendered":"<div class=\"container block-texte_image\">\n\n\t\t\t<div class=\"block-texte_image-contenu order-1\" style=\"--widthContenu:100%\">\n\t\t\t<h2>Introduction<\/h2>\t\t\t<article><p>Certains pr\u00e9l\u00e8vements peuvent \u00eatre r\u00e9alis\u00e9s par le patient m\u00eame.<br \/>\nTout pr\u00e9l\u00e8vement transmis au laboratoire doit \u00eatre identifi\u00e9 par le\u00a0<strong>nom, pr\u00e9nom et date de naissance<\/strong> au minimum et transmis au laboratoire le plus rapidement possible. Le mat\u00e9riel est disponible sur demande gratuitement au laboratoire ou dans notre pharmacie partenaire.<\/p>\n<\/article>\t\t\t\t\t\t\n\t\t\t\t\t<\/div>\n\t\n\t\n\t\t\n<\/div>\n\n\n\n\n\t\n\t\n\n\n\n<div class=\"container-fluid block-separateur\" style=\"--heightDesk:10px;--heightMob:15px;\">\n\n    \n    \n<\/div>\n\n<div class=\"container block-texte_image\">\n\n\t\t\t<div class=\"block-texte_image-contenu order-1\" style=\"--widthContenu:100%\">\n\t\t\t<h2>ECBU<\/h2>\t\t\t<article><h3>Chez la femme<\/h3>\n<ul>\n<li>Se laver soigneusement les mains avec du savon et de l&rsquo;eau, les rincer, puis les essuyer avec un essuie-main \u00e0 usage unique.<\/li>\n<li>Avec une main \u00e9carter les grandes et les petites l\u00e8vres.<\/li>\n<li>Faire une toilette locale soigneuse au savon et \u00e0 l\u2019eau, ou en utilisant la lingette impr\u00e9gn\u00e9e de solution antiseptique.<\/li>\n<li>Ouvrir le flacon sans toucher les bords internes ni l\u2019int\u00e9rieur du bouchon.<\/li>\n<li>\u00c9liminer le premier jet de la miction *, recueillir les urines dans le r\u00e9cipient st\u00e9rile.<br \/>\n*<strong>sauf en cas d\u2019une recherche urinaire de Chlamydiae par PCR ou Mycoplasmes en culture, o\u00f9 l\u2019on recueille le\u00a0<u>premier jet d\u2019urine<\/u>.<\/strong><\/li>\n<li>Fermer le r\u00e9cipient soigneusement et le porter imm\u00e9diatement au laboratoire ou \u00e0 d\u00e9faut le mettre au r\u00e9frig\u00e9rateur (maximum 12h).<\/li>\n<li>En p\u00e9riode de r\u00e8gles, mettre en place un tampon vaginal au pr\u00e9alable.<\/li>\n<\/ul>\n<p>&nbsp;<\/p>\n<h3>Chez l&rsquo;homme<\/h3>\n<ul>\n<li>Se laver les mains comme pr\u00e9c\u00e9demment.<\/li>\n<li>D\u00e9couvrir enti\u00e8rement le gland.<\/li>\n<li>Faire une toilette locale soigneuse au savon et \u00e0 l\u2019eau, o\u00f9 en utilisant la lingette impr\u00e9gn\u00e9e de solution antiseptique.<\/li>\n<li>Ouvrir le flacon sans toucher les bords internes ni l\u2019int\u00e9rieur du bouchon.<\/li>\n<li>\u00c9liminer le premier jet * et recueillir les urines dans le flacon st\u00e9rile.<br \/>\n<strong>* sauf en cas d\u2019une recherche urinaire de Chlamydiae par PCR ou Mycoplasme en culture o\u00f9 l\u2019on recueille le\u00a0<u>premier jet d\u2019urine.<\/u><\/strong><\/li>\n<li>Fermer le flacon soigneusement et le porter imm\u00e9diatement au laboratoire ou \u00e0 d\u00e9faut le mettre au r\u00e9frig\u00e9rateur (maximum 12h).<\/li>\n<\/ul>\n<p>&nbsp;<\/p>\n<h3>Chez le nourrisson<\/h3>\n<ul>\n<li>Apr\u00e8s s\u2019\u00eatre lav\u00e9 les mains (ou apr\u00e8s avoir plac\u00e9 des gants) , d\u00e9sinfecter soigneusement, avec une lingette antiseptique pour les muqueuses, la zone du m\u00e9at urinaire ainsi que toute la surface cutan\u00e9e o\u00f9 sera plac\u00e9e la poche, attendre que la peau soit bien s\u00e8che,<\/li>\n<li>Poser ensuite un urinocol (poche) en \u00e9vitant de toucher les zones d\u00e9sinfect\u00e9es<\/li>\n<li>Surveiller l\u2019apparition de la premi\u00e8re miction. L\u2019urinocol ne doit pas rester en place plus de 30 minutes pour \u00e9viter les contaminations. Au-del\u00e0, il doit \u00eatre chang\u00e9 selon la proc\u00e9dure ci-dessus.<\/li>\n<li>Replacer ensuite l\u2019urinocol dans un flacon ECBU bien verticalement pour qu\u2019il ne se renverse pas, ne pas toucher les parois internes, ne pas mettre en contact l\u2019urine avec la partie adh\u00e9sive (risque de contamination)<\/li>\n<li>Acheminer ensuite le plus rapidement possible au Laboratoire ou placer \u00e0 4\u00b0C pendant 12H maximum.<\/li>\n<\/ul>\n<p>&nbsp;<\/p>\n<\/article>\t\t\t\t\t\t\n\t\t\t<p><a href=\"https:\/\/www.synlab.fr\/oxabio\/wp-content\/uploads\/sites\/41\/2023\/02\/Fiche-de-renseignements-pour-les-examens-cyto-bacteriologiques-des-urines-ECBU-V9-site-internet.pdf\" style=\"--colorCTA:#003765\" target=\"\" class=\"block-texte_image-contenu-cta\">T\u00e9l\u00e9chargez la fiche de renseignements<\/a><\/p>\t\t<\/div>\n\t\n\t\n\t\t\n<\/div>\n\n\n\n\n\t\n\t\n\n\n\n<div class=\"container-fluid block-separateur\" style=\"--heightDesk:10px;--heightMob:15px;\">\n\n    \n    \n<\/div>\n\n<div class=\"container block-texte_image\">\n\n\t\t\t<div class=\"block-texte_image-contenu order-1\" style=\"--widthContenu:100%\">\n\t\t\t<h2>Urine 24H<\/h2>\t\t\t<article><ul>\n<li>Le premier jour, au lever, jeter les urines dans les toilettes. Noter la date et l\u2019heure.<\/li>\n<li>Puis, pendant les 24 heures suivantes, recueillir toutes les urines de la journ\u00e9e et de la nuit.<\/li>\n<li>Le lendemain au lever, \u00e0 la m\u00eame heure que le d\u00e9but du recueil, uriner une derni\u00e8re fois dans le flacon.<\/li>\n<\/ul>\n<\/article>\t\t\t\t\t\t\n\t\t\t\t\t<\/div>\n\t\n\t\n\t\t\n<\/div>\n\n\n\n\n\t\n\t\n\n\n\n<div class=\"container-fluid block-separateur\" style=\"--heightDesk:10px;--heightMob:15px;\">\n\n    \n    \n<\/div>\n\n<div class=\"container block-texte_image\">\n\n\t\t\t<div class=\"block-texte_image-contenu order-1\" style=\"--widthContenu:100%\">\n\t\t\t<h2>HLM<\/h2>\t\t\t<article><h3>3 heures avant le lever :<\/h3>\n<ul>\n<li>vider la vessie, rejeter les urines dans les toilettes,<\/li>\n<li>boire un quart de litre d\u2019eau,<\/li>\n<li>noter l\u2019heure sur l\u2019\u00e9tiquette du flacon.<\/li>\n<\/ul>\n<h3>Apr\u00e8s 3 heures :<\/h3>\n<ul>\n<li>Uriner en recueillant la totalit\u00e9 des urines dans le flacon<\/li>\n<li>Noter l&rsquo;heure sur l&rsquo;\u00e9tiquette du flacon <strong>ainsi que<\/strong> <strong>l&rsquo;identit\u00e9 du patient\u00a0<\/strong><\/li>\n<\/ul>\n<p>NB : Si vous devez uriner avant la fin des 3 heures, veuillez recueillir ces urines dans le flacon.<\/p>\n<\/article>\t\t\t\t\t\t\n\t\t\t\t\t<\/div>\n\t\n\t\n\t\t\n<\/div>\n\n\n\n\n\t\n\t\n\n\n\n<div class=\"container-fluid block-separateur\" style=\"--heightDesk:10px;--heightMob:15px;\">\n\n    \n    \n<\/div>\n\n<div class=\"container block-texte_image\">\n\n\t\t\t<div class=\"block-texte_image-contenu order-1\" style=\"--widthContenu:100%\">\n\t\t\t<h2>Expectoration<\/h2>\t\t\t<article><ul>\n<li>Le pr\u00e9l\u00e8vement doit \u00eatre effectu\u00e9 de pr\u00e9f\u00e9rence le matin au r\u00e9veil<\/li>\n<li>Si possible, rincer la bouche avant le pr\u00e9l\u00e8vement<\/li>\n<li>Recueillir les expectorations apr\u00e8s un effort de toux ou apr\u00e8s une s\u00e9ance de kin\u00e9sith\u00e9rapie en limitant la contamination salivaire.<\/li>\n<li>Pour une recherche orient\u00e9e vers la recherche de Mycobact\u00e9rie, il est conseill\u00e9 de r\u00e9p\u00e9ter le pr\u00e9l\u00e8vement trois jours de suite. Chaque pr\u00e9l\u00e8vement sera transmis d\u00e8s le recueil au laboratoire.<\/li>\n<\/ul>\n<\/article>\t\t\t\t\t\t\n\t\t\t\t\t<\/div>\n\t\n\t\n\t\t\n<\/div>\n\n\n\n\n\t\n\t\n\n\n\n<div class=\"container-fluid block-separateur\" style=\"--heightDesk:10px;--heightMob:15px;\">\n\n    \n    \n<\/div>\n\n<div class=\"container block-texte_image\">\n\n\t\t\t<div class=\"block-texte_image-contenu order-1\" style=\"--widthContenu:100%\">\n\t\t\t<h2>Recueil de Selles (Coproculture\/ parasitologie\/ Coprologie fonctionnelle\/ Recherche de sang dans les selles)<\/h2>\t\t\t<article><p>Les selles peuvent \u00eatre \u00e9mises dans un r\u00e9cipient propre (pot de chambre ou bassin),\u00a0<u>ne contenant pas de d\u00e9sinfectant<\/u>\u00a0(eau de Javel par exemple). Une partie des selles (ou la totalit\u00e9 dans le cas d\u2019un recueil de 24 h)\u00a0 est recueillie avec la spatule et transf\u00e9r\u00e9e dans le flacon fourni par le Laboratoire. Dans la mesure du possible, recueillir un \u00e9chantillon pathologique : liquide, glaireux, sanglant, contenant des parasites visibles.<\/p>\n<p>Le pr\u00e9l\u00e8vement est \u00e0 conserver \u00e0 4\u00b0C pendant maximum 12h (2h \u00e0 temp\u00e9rature ambiante) avant de le d\u00e9poser au laboratoire en cas de coproculture.<\/p>\n<p>En cas de parasitologie, le delai maximum pr\u00e9conis\u00e9 est de 3h \u00e0 temp\u00e9rature ambiante. Les recherches particuli\u00e8res comme les amibes doivent \u00eatre effectu\u00e9es sur une selle emise au Laboratoire.<\/p>\n<p>Concernant la recherche de sang dans les selles, le recueil doit \u00eatre r\u00e9alis\u00e9 en dehors de la p\u00e9riode menstruelle et\/ou en l\u2019absence de pathologie h\u00e9morro\u00efdaire, il faut \u00e9viter de faire saigner les gencives lors du brossage des dents les jours pr\u00e9c\u00e9dents, \u00e9viter l&rsquo;administration de m\u00e9dicaments par voir rectale les jours pr\u00e9c\u00e9dents et \u00e9viter la contamination des selles par les urines. Le delai d&rsquo;acheminement est de 8h \u00e0 temp\u00e9rature ambiante et 24H \u00e0 4\u00b0C.<\/p>\n<h3>Cas particuliers<\/h3>\n<p>B\u00e9b\u00e9s : apporter directement la couche au laboratoire en respectant le d\u00e9lai de transmission le plus court possible.<\/p>\n<\/article>\t\t\t\t\t\t\n\t\t\t\t\t<\/div>\n\t\n\t\n\t\t\n<\/div>\n\n\n\n\n\t\n\t\n\n\n\n<div class=\"container-fluid block-separateur\" style=\"--heightDesk:10px;--heightMob:15px;\">\n\n    \n    \n<\/div>\n\n<div class=\"container block-texte_image\">\n\n\t\t\t<div class=\"block-texte_image-contenu order-1\" style=\"--widthContenu:100%\">\n\t\t\t<h2>Spermoculture<\/h2>\t\t\t<article><p>La spermoculture n\u00e9cessite un pr\u00e9paration particuli\u00e8re avant le pr\u00e9l\u00e8vement. Veuillez trouver ci-joint la fiche explicative de recueil.<br \/>\nCependant, pour r\u00e9aliser une spermoculture au laboratoire, veuillez prendre contact avec le site de votre choix afin de prendre rendez-vous.<\/p>\n<\/article>\t\t\t\t\t\t\n\t\t\t<p><a href=\"https:\/\/www.synlab.fr\/oxabio\/wp-content\/uploads\/sites\/41\/2023\/02\/Lettre-explicative-pour-une-spermoculture-V3-site-internet.pdf\" style=\"--colorCTA:#003765\" target=\"\" class=\"block-texte_image-contenu-cta\">Lettre explicative pour une spermoculture<\/a><\/p>\t\t<\/div>\n\t\n\t\n\t\t\n<\/div>\n\n\n\n\n\t\n\t\n\n\n\n<div class=\"container-fluid block-separateur\" style=\"--heightDesk:10px;--heightMob:15px;\">\n\n    \n    \n<\/div>\n\n<div class=\"container block-texte_image\">\n\n\t\t\t<div class=\"block-texte_image-contenu order-1\" style=\"--widthContenu:100%\">\n\t\t\t<h2>Protocole pour pr\u00e9l\u00e8vement nasopharyng\u00e9<\/h2>\t\t\t\t\t\t\t\t\t\n\t\t\t\t\t<\/div>\n\t\n\t\n\t\t\n<\/div>\n\n\n\n\n\t\n\t\n\n\n\n<div class=\"container-fluid block-separateur\" style=\"--heightDesk:20px;--heightMob:15px;\">\n\n    \n    \n<\/div>\n\n<div class=\"container block-texte_image\">\n\n\t\t\t<div class=\"block-texte_image-contenu order-1\" style=\"--widthContenu:100%\">\n\t\t\t<h2>H\u00e9moculture<\/h2>\t\t\t<article><p><strong>Mat\u00e9riel :\u00a0<\/strong>Les<strong>\u00a0<\/strong>flacons pour h\u00e9moculture sont disponibles sur demande au Laboratoire. Il est necessaire de verifier la date de p\u00e9remption des flacons avant utilisation.<\/p>\n<p>Pr\u00e9lever pour un adulte 2 flacons (1 aerobie + 1 anaerobie) par serie et 1 seul(aerobie) pour un enfant.<\/p>\n<p>Ces flacons sont adapt\u00e9s \u00e9galement pour la recherche d&rsquo;une mycose syst\u00e9mique (Candida).<\/p>\n<\/article>\t\t\t\t\t\t\n\t\t\t<p><a href=\"https:\/\/www.synlab.fr\/oxabio\/espace-professionnels-de-sante\/prelever\/les-protocoles-de-recueil\/hemoculture\/\" style=\"--colorCTA:#003765\" target=\"\" class=\"block-texte_image-contenu-cta\">En savoir plus<\/a><\/p>\t\t<\/div>\n\t\n\t\n\t\t\n<\/div>\n\n\n\n\n\t\n\t\n\n\n\n<div class=\"container-fluid block-separateur\" style=\"--heightDesk:20px;--heightMob:15px;\">\n\n    \n    \n<\/div>\n\n<div class=\"container block-texte_image\">\n\n\t\t\t<div class=\"block-texte_image-contenu order-1\" style=\"--widthContenu:100%\">\n\t\t\t<h2>Test d&rsquo;hyperglyc\u00e9mie provoqu\u00e9e<\/h2>\t\t\t<article><p>Les tests d&rsquo;hyperglyc\u00e9mie provoqu\u00e9e peuvent \u00eatre r\u00e9aliser chez les femmes enceintes selon recommandations entre 24 et 28 SA et hors grossesse selon la prescription m\u00e9dicale.<\/p>\n<\/article>\t\t\t\t\t\t\n\t\t\t<p><a href=\"https:\/\/www.synlab.fr\/oxabio\/espace-professionnels-de-sante\/prelever\/les-protocoles-de-recueil\/test-dhyperglycemie-provoquee\/\" style=\"--colorCTA:#003765\" target=\"\" class=\"block-texte_image-contenu-cta\">En savoir plus<\/a><\/p>\t\t<\/div>\n\t\n\t\n\t\t\n<\/div>\n\n\n\n\n\t\n\t\n\n\n\n<div class=\"container-fluid block-separateur\" style=\"--heightDesk:20px;--heightMob:15px;\">\n\n    \n    \n<\/div>\n\n<div class=\"container block-texte_image\">\n\n\t\t\t<div class=\"block-texte_image-contenu order-1\" style=\"--widthContenu:100%\">\n\t\t\t<h2>Test respiratoire : Helicobacter pylori<\/h2>\t\t\t<article><p><strong>Materiel\u00a0<\/strong>: Kit Helikit \u00e0 se procurer avec l&rsquo;ordonnance en pharmacie<\/p>\n<\/article>\t\t\t\t\t\t\n\t\t\t<p><a href=\"https:\/\/www.synlab.fr\/oxabio\/espace-professionnels-de-sante\/prelever\/les-protocoles-de-recueil\/test-respiratoire-helicobacter-pylori\/\" style=\"--colorCTA:#003765\" target=\"\" class=\"block-texte_image-contenu-cta\">En savoir plus<\/a><\/p>\t\t<\/div>\n\t\n\t\n\t\t\n<\/div>\n\n\n\n\n\t\n\t\n","protected":false},"excerpt":{"rendered":"","protected":false},"author":13,"featured_media":0,"parent":1328,"menu_order":6,"comment_status":"closed","ping_status":"closed","template":"","meta":{"_acf_changed":false,"footnotes":""},"class_list":["post-1338","page","type-page","status-publish","hentry"],"acf":[],"yoast_head":"<!-- This site is optimized with the Yoast SEO plugin v26.3 - https:\/\/yoast.com\/wordpress\/plugins\/seo\/ -->\n<title>SYNLAB Oxabio - Les protocoles de recueil<\/title>\n<meta name=\"description\" content=\"Tout pr\u00e9l\u00e8vement transmis au laboratoire doit \u00eatre identifi\u00e9 par le nom, pr\u00e9nom et date de naissance au minimum et transmis au laboratoire le plus rapidement possible. Le mat\u00e9riel est disponible sur demande gratuitement au laboratoire ou dans notre pharmacie partenaire.\" \/>\n<meta name=\"robots\" content=\"noindex, follow, max-snippet:-1, max-image-preview:large, max-video-preview:-1\" \/>\n<meta property=\"og:locale\" content=\"fr_FR\" \/>\n<meta property=\"og:type\" content=\"article\" \/>\n<meta property=\"og:title\" content=\"SYNLAB Oxabio - Les protocoles de recueil\" \/>\n<meta property=\"og:description\" content=\"Tout pr\u00e9l\u00e8vement transmis au laboratoire doit \u00eatre identifi\u00e9 par le nom, pr\u00e9nom et date de naissance au minimum et transmis au laboratoire le plus rapidement possible. Le mat\u00e9riel est disponible sur demande gratuitement au laboratoire ou dans notre pharmacie partenaire.\" \/>\n<meta property=\"og:url\" content=\"https:\/\/www.synlab.fr\/oxabio\/espace-professionnels-de-sante\/prelever\/les-protocoles-de-recueil\/\" \/>\n<meta property=\"og:site_name\" content=\"Synlab Oxabio\" \/>\n<meta property=\"article:modified_time\" content=\"2023-02-07T15:26:35+00:00\" \/>\n<meta name=\"twitter:card\" content=\"summary_large_image\" \/>\n<script type=\"application\/ld+json\" class=\"yoast-schema-graph\">{\"@context\":\"https:\/\/schema.org\",\"@graph\":[{\"@type\":\"WebPage\",\"@id\":\"https:\/\/www.synlab.fr\/oxabio\/espace-professionnels-de-sante\/prelever\/les-protocoles-de-recueil\/\",\"url\":\"https:\/\/www.synlab.fr\/oxabio\/espace-professionnels-de-sante\/prelever\/les-protocoles-de-recueil\/\",\"name\":\"SYNLAB Oxabio - Les protocoles de recueil\",\"isPartOf\":{\"@id\":\"https:\/\/www.synlab.fr\/oxabio\/#website\"},\"datePublished\":\"2022-08-22T13:36:07+00:00\",\"dateModified\":\"2023-02-07T15:26:35+00:00\",\"description\":\"Tout pr\u00e9l\u00e8vement transmis au laboratoire doit \u00eatre identifi\u00e9 par le nom, pr\u00e9nom et date de naissance au minimum et transmis au laboratoire le plus rapidement possible. Le mat\u00e9riel est disponible sur demande gratuitement au laboratoire ou dans notre pharmacie partenaire.\",\"breadcrumb\":{\"@id\":\"https:\/\/www.synlab.fr\/oxabio\/espace-professionnels-de-sante\/prelever\/les-protocoles-de-recueil\/#breadcrumb\"},\"inLanguage\":\"fr-FR\",\"potentialAction\":[{\"@type\":\"ReadAction\",\"target\":[\"https:\/\/www.synlab.fr\/oxabio\/espace-professionnels-de-sante\/prelever\/les-protocoles-de-recueil\/\"]}]},{\"@type\":\"BreadcrumbList\",\"@id\":\"https:\/\/www.synlab.fr\/oxabio\/espace-professionnels-de-sante\/prelever\/les-protocoles-de-recueil\/#breadcrumb\",\"itemListElement\":[{\"@type\":\"ListItem\",\"position\":1,\"name\":\"Home\",\"item\":\"https:\/\/www.synlab.fr\/oxabio\/\"},{\"@type\":\"ListItem\",\"position\":2,\"name\":\"Espace professionnels de sant\u00e9\",\"item\":\"https:\/\/www.synlab.fr\/oxabio\/espace-professionnels-de-sante\/\"},{\"@type\":\"ListItem\",\"position\":3,\"name\":\"Pr\u00e9lever\",\"item\":\"https:\/\/www.synlab.fr\/oxabio\/espace-professionnels-de-sante\/prelever\/\"},{\"@type\":\"ListItem\",\"position\":4,\"name\":\"Les protocoles de recueil\"}]},{\"@type\":\"WebSite\",\"@id\":\"https:\/\/www.synlab.fr\/oxabio\/#website\",\"url\":\"https:\/\/www.synlab.fr\/oxabio\/\",\"name\":\"Synlab Oxabio\",\"description\":\"Un site utilisant Synlab\",\"potentialAction\":[{\"@type\":\"SearchAction\",\"target\":{\"@type\":\"EntryPoint\",\"urlTemplate\":\"https:\/\/www.synlab.fr\/oxabio\/?s={search_term_string}\"},\"query-input\":{\"@type\":\"PropertyValueSpecification\",\"valueRequired\":true,\"valueName\":\"search_term_string\"}}],\"inLanguage\":\"fr-FR\"}]}<\/script>\n<!-- \/ Yoast SEO plugin. -->","yoast_head_json":{"title":"SYNLAB Oxabio - Les protocoles de recueil","description":"Tout pr\u00e9l\u00e8vement transmis au laboratoire doit \u00eatre identifi\u00e9 par le nom, pr\u00e9nom et date de naissance au minimum et transmis au laboratoire le plus rapidement possible. Le mat\u00e9riel est disponible sur demande gratuitement au laboratoire ou dans notre pharmacie partenaire.","robots":{"index":"noindex","follow":"follow","max-snippet":"max-snippet:-1","max-image-preview":"max-image-preview:large","max-video-preview":"max-video-preview:-1"},"og_locale":"fr_FR","og_type":"article","og_title":"SYNLAB Oxabio - Les protocoles de recueil","og_description":"Tout pr\u00e9l\u00e8vement transmis au laboratoire doit \u00eatre identifi\u00e9 par le nom, pr\u00e9nom et date de naissance au minimum et transmis au laboratoire le plus rapidement possible. Le mat\u00e9riel est disponible sur demande gratuitement au laboratoire ou dans notre pharmacie partenaire.","og_url":"https:\/\/www.synlab.fr\/oxabio\/espace-professionnels-de-sante\/prelever\/les-protocoles-de-recueil\/","og_site_name":"Synlab Oxabio","article_modified_time":"2023-02-07T15:26:35+00:00","twitter_card":"summary_large_image","schema":{"@context":"https:\/\/schema.org","@graph":[{"@type":"WebPage","@id":"https:\/\/www.synlab.fr\/oxabio\/espace-professionnels-de-sante\/prelever\/les-protocoles-de-recueil\/","url":"https:\/\/www.synlab.fr\/oxabio\/espace-professionnels-de-sante\/prelever\/les-protocoles-de-recueil\/","name":"SYNLAB Oxabio - Les protocoles de recueil","isPartOf":{"@id":"https:\/\/www.synlab.fr\/oxabio\/#website"},"datePublished":"2022-08-22T13:36:07+00:00","dateModified":"2023-02-07T15:26:35+00:00","description":"Tout pr\u00e9l\u00e8vement transmis au laboratoire doit \u00eatre identifi\u00e9 par le nom, pr\u00e9nom et date de naissance au minimum et transmis au laboratoire le plus rapidement possible. Le mat\u00e9riel est disponible sur demande gratuitement au laboratoire ou dans notre pharmacie partenaire.","breadcrumb":{"@id":"https:\/\/www.synlab.fr\/oxabio\/espace-professionnels-de-sante\/prelever\/les-protocoles-de-recueil\/#breadcrumb"},"inLanguage":"fr-FR","potentialAction":[{"@type":"ReadAction","target":["https:\/\/www.synlab.fr\/oxabio\/espace-professionnels-de-sante\/prelever\/les-protocoles-de-recueil\/"]}]},{"@type":"BreadcrumbList","@id":"https:\/\/www.synlab.fr\/oxabio\/espace-professionnels-de-sante\/prelever\/les-protocoles-de-recueil\/#breadcrumb","itemListElement":[{"@type":"ListItem","position":1,"name":"Home","item":"https:\/\/www.synlab.fr\/oxabio\/"},{"@type":"ListItem","position":2,"name":"Espace professionnels de sant\u00e9","item":"https:\/\/www.synlab.fr\/oxabio\/espace-professionnels-de-sante\/"},{"@type":"ListItem","position":3,"name":"Pr\u00e9lever","item":"https:\/\/www.synlab.fr\/oxabio\/espace-professionnels-de-sante\/prelever\/"},{"@type":"ListItem","position":4,"name":"Les protocoles de recueil"}]},{"@type":"WebSite","@id":"https:\/\/www.synlab.fr\/oxabio\/#website","url":"https:\/\/www.synlab.fr\/oxabio\/","name":"Synlab Oxabio","description":"Un site utilisant Synlab","potentialAction":[{"@type":"SearchAction","target":{"@type":"EntryPoint","urlTemplate":"https:\/\/www.synlab.fr\/oxabio\/?s={search_term_string}"},"query-input":{"@type":"PropertyValueSpecification","valueRequired":true,"valueName":"search_term_string"}}],"inLanguage":"fr-FR"}]}},"_links":{"self":[{"href":"https:\/\/www.synlab.fr\/oxabio\/wp-json\/wp\/v2\/pages\/1338","targetHints":{"allow":["GET"]}}],"collection":[{"href":"https:\/\/www.synlab.fr\/oxabio\/wp-json\/wp\/v2\/pages"}],"about":[{"href":"https:\/\/www.synlab.fr\/oxabio\/wp-json\/wp\/v2\/types\/page"}],"author":[{"embeddable":true,"href":"https:\/\/www.synlab.fr\/oxabio\/wp-json\/wp\/v2\/users\/13"}],"replies":[{"embeddable":true,"href":"https:\/\/www.synlab.fr\/oxabio\/wp-json\/wp\/v2\/comments?post=1338"}],"version-history":[{"count":25,"href":"https:\/\/www.synlab.fr\/oxabio\/wp-json\/wp\/v2\/pages\/1338\/revisions"}],"predecessor-version":[{"id":5119,"href":"https:\/\/www.synlab.fr\/oxabio\/wp-json\/wp\/v2\/pages\/1338\/revisions\/5119"}],"up":[{"embeddable":true,"href":"https:\/\/www.synlab.fr\/oxabio\/wp-json\/wp\/v2\/pages\/1328"}],"wp:attachment":[{"href":"https:\/\/www.synlab.fr\/oxabio\/wp-json\/wp\/v2\/media?parent=1338"}],"curies":[{"name":"wp","href":"https:\/\/api.w.org\/{rel}","templated":true}]}}