{"id":1348,"date":"2022-08-22T15:45:03","date_gmt":"2022-08-22T13:45:03","guid":{"rendered":"https:\/\/www.synlab.fr\/oxabio\/?page_id=1348"},"modified":"2023-04-21T13:55:11","modified_gmt":"2023-04-21T11:55:11","slug":"resultats-patients","status":"publish","type":"page","link":"https:\/\/www.synlab.fr\/oxabio\/espace-professionnels-de-sante\/resultats-patients\/","title":{"rendered":"R\u00e9sultats patients"},"content":{"rendered":"\n<div class=\"wp-block-buttons is-content-justification-center is-layout-flex wp-container-core-buttons-is-layout-16018d1d wp-block-buttons-is-layout-flex\">\n<div class=\"wp-block-button\"><a class=\"wp-block-button__link has-vivid-cyan-blue-background-color has-background wp-element-button\" href=\"https:\/\/www.mesresultats.synlab.fr\/doctor\/rest\/login\" target=\"_blank\" rel=\"noreferrer noopener\"><strong>Acc\u00e8s MY SYNLAB PRESCRIPTEURS ICI<\/strong><\/a><\/div>\n<\/div>\n\n\n\n<div class=\"container-fluid block-separateur\" style=\"--heightDesk:15px;--heightMob:10px;\">\n\n    \n    \n<\/div>\n\n<div class=\"container block-texte_image\">\n\n\t\t\t<div class=\"block-texte_image-contenu order-1\" style=\"--widthContenu:80%\">\n\t\t\t\t\t\t<article><p><strong>Sur prescription m\u00e9dicale, les r\u00e9sultats sont rendus syst\u00e9matiquement au patient et au m\u00e9decin prescripteur.<\/strong><br \/>\nHors prescription m\u00e9dicale, en fonction de l&rsquo;analyse concern\u00e9e, vous pourrez recevoir un compte-rendu \u00e9galement.<\/p>\n<h3>Cas particuliers<\/h3>\n<p><strong>La transmission de r\u00e9sultats de biologie m\u00e9dicale est soumise \u00e0 une r\u00e9glementation particuli\u00e8re<\/strong> notamment concernant les analyses effectu\u00e9es pour :<\/p>\n<ul>\n<li>la m\u00e9decine du travail \u00a0(r\u00e9sultat uniquement au m\u00e9decin du travail)<\/li>\n<li>les assurances (c\u2019est le patient qui transmet le r\u00e9sultat \u00e0 la compagnie sauf d\u00e9l\u00e9gation \u00e9crite)<\/li>\n<li>les mineurs ( pour test de grossesse, analyse en rapport avec une MST, toxiques urinaires, &#8230;; r\u00e9sultat en double exemplaires au m\u00e9decin prescripteur).<\/li>\n<li>les analyses g\u00e9n\u00e9tiques (r\u00e9sultat uniquement au m\u00e9decin prescripteur).<\/li>\n<\/ul>\n<p>&nbsp;<\/p>\n<h3>D\u00e9lai de rendu des r\u00e9sultats<\/h3>\n<p><strong>La majorit\u00e9 des r\u00e9sultats d\u2019analyses faites au laboratoire sont disponibles le jour m\u00eame<\/strong> par voie t\u00e9l\u00e9matique.<\/p>\n<h3>Incertitudes :<\/h3>\n<p><strong>Les incertitudes \u00e9largies\u00a0de nos param\u00e8tres<\/strong> sont consultables en cliquant\u00a0<a href=\"https:\/\/www.synlab.fr\/oxabio\/wp-content\/uploads\/sites\/41\/2023\/02\/incertitudes-de-mesure-2022-pour-site-internet-V14.pdf\" target=\"_blank\" rel=\"noopener\">ici<\/a>.<\/p>\n<\/article>\t\t\t\t\t\t\n\t\t\t\t\t<\/div>\n\t\n\t\n\t\t<div class=\"block-texte_image-illustration order-0\" style=\"--widthImage:20%;\">\n\t\t\t<img decoding=\"async\" src=\"https:\/\/www.synlab.fr\/oxabio\/wp-content\/uploads\/sites\/41\/2023\/01\/Sans-titre-33.png\" alt=\"Sans titre (33)\"\/>\n\t\t<\/div>\n\n\t\n\t\t\n<\/div>\n\n\n\n\n\t\n\t\n\n\n\n<div class=\"container-fluid block-separateur\" style=\"--heightDesk:15px;--heightMob:10px;\">\n\n    \n    \n<\/div>","protected":false},"excerpt":{"rendered":"","protected":false},"author":13,"featured_media":3114,"parent":24,"menu_order":4,"comment_status":"closed","ping_status":"closed","template":"","meta":{"_acf_changed":false,"footnotes":""},"class_list":["post-1348","page","type-page","status-publish","has-post-thumbnail","hentry"],"acf":[],"yoast_head":"<!-- This site is optimized with the Yoast SEO plugin v26.3 - https:\/\/yoast.com\/wordpress\/plugins\/seo\/ -->\n<title>SYNLAB Oxabio - R\u00e9sultats de vos patients<\/title>\n<meta name=\"description\" content=\"Sur prescription m\u00e9dicale, les r\u00e9sultats sont rendus syst\u00e9matiquement au patient et au m\u00e9decin prescripteur.Hors prescription m\u00e9dicale, en fonction de l\u2019analyse concern\u00e9e, vous pourrez recevoir un compte-rendu \u00e9galement.\" \/>\n<meta name=\"robots\" content=\"noindex, follow, max-snippet:-1, max-image-preview:large, max-video-preview:-1\" \/>\n<meta property=\"og:locale\" content=\"fr_FR\" \/>\n<meta property=\"og:type\" content=\"article\" \/>\n<meta property=\"og:title\" content=\"SYNLAB Oxabio - R\u00e9sultats de vos patients\" \/>\n<meta property=\"og:description\" content=\"Sur prescription m\u00e9dicale, les r\u00e9sultats sont rendus syst\u00e9matiquement au patient et au m\u00e9decin prescripteur.Hors prescription m\u00e9dicale, en fonction de l\u2019analyse concern\u00e9e, vous pourrez recevoir un compte-rendu \u00e9galement.\" \/>\n<meta property=\"og:url\" content=\"https:\/\/www.synlab.fr\/oxabio\/espace-professionnels-de-sante\/resultats-patients\/\" \/>\n<meta property=\"og:site_name\" content=\"Synlab Oxabio\" \/>\n<meta property=\"article:modified_time\" content=\"2023-04-21T11:55:11+00:00\" \/>\n<meta property=\"og:image\" content=\"https:\/\/www.synlab.fr\/clone\/oxabio\/wp-content\/uploads\/sites\/41\/2022\/09\/scott-graham-OQMZwNd3ThU-unsplash-1.jpg\" \/>\n\t<meta property=\"og:image:width\" content=\"374\" \/>\n\t<meta property=\"og:image:height\" content=\"250\" \/>\n\t<meta property=\"og:image:type\" content=\"image\/jpeg\" \/>\n<meta name=\"twitter:card\" content=\"summary_large_image\" \/>\n<meta name=\"twitter:label1\" content=\"Dur\u00e9e de lecture estim\u00e9e\" \/>\n\t<meta name=\"twitter:data1\" content=\"1 minute\" \/>\n<script type=\"application\/ld+json\" class=\"yoast-schema-graph\">{\"@context\":\"https:\/\/schema.org\",\"@graph\":[{\"@type\":\"WebPage\",\"@id\":\"https:\/\/www.synlab.fr\/oxabio\/espace-professionnels-de-sante\/resultats-patients\/\",\"url\":\"https:\/\/www.synlab.fr\/oxabio\/espace-professionnels-de-sante\/resultats-patients\/\",\"name\":\"SYNLAB Oxabio - R\u00e9sultats de vos patients\",\"isPartOf\":{\"@id\":\"https:\/\/www.synlab.fr\/oxabio\/#website\"},\"primaryImageOfPage\":{\"@id\":\"https:\/\/www.synlab.fr\/oxabio\/espace-professionnels-de-sante\/resultats-patients\/#primaryimage\"},\"image\":{\"@id\":\"https:\/\/www.synlab.fr\/oxabio\/espace-professionnels-de-sante\/resultats-patients\/#primaryimage\"},\"thumbnailUrl\":\"https:\/\/www.synlab.fr\/oxabio\/wp-content\/uploads\/sites\/41\/2022\/09\/scott-graham-OQMZwNd3ThU-unsplash-1.jpg\",\"datePublished\":\"2022-08-22T13:45:03+00:00\",\"dateModified\":\"2023-04-21T11:55:11+00:00\",\"description\":\"Sur prescription m\u00e9dicale, les r\u00e9sultats sont rendus syst\u00e9matiquement au patient et au m\u00e9decin prescripteur.Hors prescription m\u00e9dicale, en fonction de l\u2019analyse concern\u00e9e, vous pourrez recevoir un compte-rendu \u00e9galement.\",\"breadcrumb\":{\"@id\":\"https:\/\/www.synlab.fr\/oxabio\/espace-professionnels-de-sante\/resultats-patients\/#breadcrumb\"},\"inLanguage\":\"fr-FR\",\"potentialAction\":[{\"@type\":\"ReadAction\",\"target\":[\"https:\/\/www.synlab.fr\/oxabio\/espace-professionnels-de-sante\/resultats-patients\/\"]}]},{\"@type\":\"ImageObject\",\"inLanguage\":\"fr-FR\",\"@id\":\"https:\/\/www.synlab.fr\/oxabio\/espace-professionnels-de-sante\/resultats-patients\/#primaryimage\",\"url\":\"https:\/\/www.synlab.fr\/oxabio\/wp-content\/uploads\/sites\/41\/2022\/09\/scott-graham-OQMZwNd3ThU-unsplash-1.jpg\",\"contentUrl\":\"https:\/\/www.synlab.fr\/oxabio\/wp-content\/uploads\/sites\/41\/2022\/09\/scott-graham-OQMZwNd3ThU-unsplash-1.jpg\",\"width\":374,\"height\":250,\"caption\":\"un homme qui remplit des documents administratifs\"},{\"@type\":\"BreadcrumbList\",\"@id\":\"https:\/\/www.synlab.fr\/oxabio\/espace-professionnels-de-sante\/resultats-patients\/#breadcrumb\",\"itemListElement\":[{\"@type\":\"ListItem\",\"position\":1,\"name\":\"Home\",\"item\":\"https:\/\/www.synlab.fr\/oxabio\/\"},{\"@type\":\"ListItem\",\"position\":2,\"name\":\"Espace professionnels de sant\u00e9\",\"item\":\"https:\/\/www.synlab.fr\/oxabio\/espace-professionnels-de-sante\/\"},{\"@type\":\"ListItem\",\"position\":3,\"name\":\"R\u00e9sultats patients\"}]},{\"@type\":\"WebSite\",\"@id\":\"https:\/\/www.synlab.fr\/oxabio\/#website\",\"url\":\"https:\/\/www.synlab.fr\/oxabio\/\",\"name\":\"Synlab Oxabio\",\"description\":\"Un site utilisant Synlab\",\"potentialAction\":[{\"@type\":\"SearchAction\",\"target\":{\"@type\":\"EntryPoint\",\"urlTemplate\":\"https:\/\/www.synlab.fr\/oxabio\/?s={search_term_string}\"},\"query-input\":{\"@type\":\"PropertyValueSpecification\",\"valueRequired\":true,\"valueName\":\"search_term_string\"}}],\"inLanguage\":\"fr-FR\"}]}<\/script>\n<!-- \/ Yoast SEO plugin. -->","yoast_head_json":{"title":"SYNLAB Oxabio - R\u00e9sultats de vos patients","description":"Sur prescription m\u00e9dicale, les r\u00e9sultats sont rendus syst\u00e9matiquement au patient et au m\u00e9decin prescripteur.Hors prescription m\u00e9dicale, en fonction de l\u2019analyse concern\u00e9e, vous pourrez recevoir un compte-rendu \u00e9galement.","robots":{"index":"noindex","follow":"follow","max-snippet":"max-snippet:-1","max-image-preview":"max-image-preview:large","max-video-preview":"max-video-preview:-1"},"og_locale":"fr_FR","og_type":"article","og_title":"SYNLAB Oxabio - R\u00e9sultats de vos patients","og_description":"Sur prescription m\u00e9dicale, les r\u00e9sultats sont rendus syst\u00e9matiquement au patient et au m\u00e9decin prescripteur.Hors prescription m\u00e9dicale, en fonction de l\u2019analyse concern\u00e9e, vous pourrez recevoir un compte-rendu \u00e9galement.","og_url":"https:\/\/www.synlab.fr\/oxabio\/espace-professionnels-de-sante\/resultats-patients\/","og_site_name":"Synlab Oxabio","article_modified_time":"2023-04-21T11:55:11+00:00","og_image":[{"width":374,"height":250,"url":"https:\/\/www.synlab.fr\/clone\/oxabio\/wp-content\/uploads\/sites\/41\/2022\/09\/scott-graham-OQMZwNd3ThU-unsplash-1.jpg","type":"image\/jpeg"}],"twitter_card":"summary_large_image","twitter_misc":{"Dur\u00e9e de lecture estim\u00e9e":"1 minute"},"schema":{"@context":"https:\/\/schema.org","@graph":[{"@type":"WebPage","@id":"https:\/\/www.synlab.fr\/oxabio\/espace-professionnels-de-sante\/resultats-patients\/","url":"https:\/\/www.synlab.fr\/oxabio\/espace-professionnels-de-sante\/resultats-patients\/","name":"SYNLAB Oxabio - R\u00e9sultats de vos patients","isPartOf":{"@id":"https:\/\/www.synlab.fr\/oxabio\/#website"},"primaryImageOfPage":{"@id":"https:\/\/www.synlab.fr\/oxabio\/espace-professionnels-de-sante\/resultats-patients\/#primaryimage"},"image":{"@id":"https:\/\/www.synlab.fr\/oxabio\/espace-professionnels-de-sante\/resultats-patients\/#primaryimage"},"thumbnailUrl":"https:\/\/www.synlab.fr\/oxabio\/wp-content\/uploads\/sites\/41\/2022\/09\/scott-graham-OQMZwNd3ThU-unsplash-1.jpg","datePublished":"2022-08-22T13:45:03+00:00","dateModified":"2023-04-21T11:55:11+00:00","description":"Sur prescription m\u00e9dicale, les r\u00e9sultats sont rendus syst\u00e9matiquement au patient et au m\u00e9decin prescripteur.Hors prescription m\u00e9dicale, en fonction de l\u2019analyse concern\u00e9e, vous pourrez recevoir un compte-rendu \u00e9galement.","breadcrumb":{"@id":"https:\/\/www.synlab.fr\/oxabio\/espace-professionnels-de-sante\/resultats-patients\/#breadcrumb"},"inLanguage":"fr-FR","potentialAction":[{"@type":"ReadAction","target":["https:\/\/www.synlab.fr\/oxabio\/espace-professionnels-de-sante\/resultats-patients\/"]}]},{"@type":"ImageObject","inLanguage":"fr-FR","@id":"https:\/\/www.synlab.fr\/oxabio\/espace-professionnels-de-sante\/resultats-patients\/#primaryimage","url":"https:\/\/www.synlab.fr\/oxabio\/wp-content\/uploads\/sites\/41\/2022\/09\/scott-graham-OQMZwNd3ThU-unsplash-1.jpg","contentUrl":"https:\/\/www.synlab.fr\/oxabio\/wp-content\/uploads\/sites\/41\/2022\/09\/scott-graham-OQMZwNd3ThU-unsplash-1.jpg","width":374,"height":250,"caption":"un homme qui remplit des documents administratifs"},{"@type":"BreadcrumbList","@id":"https:\/\/www.synlab.fr\/oxabio\/espace-professionnels-de-sante\/resultats-patients\/#breadcrumb","itemListElement":[{"@type":"ListItem","position":1,"name":"Home","item":"https:\/\/www.synlab.fr\/oxabio\/"},{"@type":"ListItem","position":2,"name":"Espace professionnels de sant\u00e9","item":"https:\/\/www.synlab.fr\/oxabio\/espace-professionnels-de-sante\/"},{"@type":"ListItem","position":3,"name":"R\u00e9sultats patients"}]},{"@type":"WebSite","@id":"https:\/\/www.synlab.fr\/oxabio\/#website","url":"https:\/\/www.synlab.fr\/oxabio\/","name":"Synlab Oxabio","description":"Un site utilisant Synlab","potentialAction":[{"@type":"SearchAction","target":{"@type":"EntryPoint","urlTemplate":"https:\/\/www.synlab.fr\/oxabio\/?s={search_term_string}"},"query-input":{"@type":"PropertyValueSpecification","valueRequired":true,"valueName":"search_term_string"}}],"inLanguage":"fr-FR"}]}},"_links":{"self":[{"href":"https:\/\/www.synlab.fr\/oxabio\/wp-json\/wp\/v2\/pages\/1348","targetHints":{"allow":["GET"]}}],"collection":[{"href":"https:\/\/www.synlab.fr\/oxabio\/wp-json\/wp\/v2\/pages"}],"about":[{"href":"https:\/\/www.synlab.fr\/oxabio\/wp-json\/wp\/v2\/types\/page"}],"author":[{"embeddable":true,"href":"https:\/\/www.synlab.fr\/oxabio\/wp-json\/wp\/v2\/users\/13"}],"replies":[{"embeddable":true,"href":"https:\/\/www.synlab.fr\/oxabio\/wp-json\/wp\/v2\/comments?post=1348"}],"version-history":[{"count":37,"href":"https:\/\/www.synlab.fr\/oxabio\/wp-json\/wp\/v2\/pages\/1348\/revisions"}],"predecessor-version":[{"id":5102,"href":"https:\/\/www.synlab.fr\/oxabio\/wp-json\/wp\/v2\/pages\/1348\/revisions\/5102"}],"up":[{"embeddable":true,"href":"https:\/\/www.synlab.fr\/oxabio\/wp-json\/wp\/v2\/pages\/24"}],"wp:featuredmedia":[{"embeddable":true,"href":"https:\/\/www.synlab.fr\/oxabio\/wp-json\/wp\/v2\/media\/3114"}],"wp:attachment":[{"href":"https:\/\/www.synlab.fr\/oxabio\/wp-json\/wp\/v2\/media?parent=1348"}],"curies":[{"name":"wp","href":"https:\/\/api.w.org\/{rel}","templated":true}]}}