{"id":1422,"date":"2022-08-23T11:58:16","date_gmt":"2022-08-23T09:58:16","guid":{"rendered":"https:\/\/www.synlab.fr\/oxabio\/?page_id=1422"},"modified":"2023-01-20T14:47:42","modified_gmt":"2023-01-20T13:47:42","slug":"nos-engagements","status":"publish","type":"page","link":"https:\/\/www.synlab.fr\/oxabio\/nous-connaitre\/nos-engagements\/","title":{"rendered":"Nos engagements"},"content":{"rendered":"\n<div class=\"container-fluid block-separateur\" style=\"--heightDesk:10px;--heightMob:15px;\">\n\n    \n    \n<\/div>\n\n\n<div class=\"container-fluid block-separateur\" style=\"--heightDesk:10px;--heightMob:15px;\">\n\n    \n    \n<\/div>\n\n<div class=\"container block-texte_image\">\n\n\t\t\t<div class=\"block-texte_image-contenu order-1\" style=\"--widthContenu:100%\">\n\t\t\t<h3>S&rsquo;ENGAGER POUR LA PREVENTION SANTE<\/h3>\t\t\t<article><ul>\n<li style=\"font-weight: 400\">Chaque ann\u00e9e, nous organisons des actions de pr\u00e9vention dans nos laboratoires. L&rsquo;objectif est de sensibiliser nos patients \u00e0 certaines pathologies. Nous jouons ainsi notre r\u00f4le de conseil \u00e0 travers des d\u00e9pistages.<\/li>\n<\/ul>\n<\/article>\t\t\t\t\t\t\n\t\t\t\t\t<\/div>\n\t\n\t\n\t\t\n<\/div>\n\n\n\n\n\t\n\t\n\n\n<div class=\"container block-equipes\">\n\n\t\n\t\t\t\t\t<div class=\"block-equipes-item\">\n\t\t\t<div class=\"block-equipes-item-image\">\n\t\t\t\t<img decoding=\"async\" src=\"https:\/\/www.synlab.fr\/oxabio\/wp-content\/uploads\/sites\/41\/2023\/01\/world-diabetes-day-close-up-picture-of-using-medical-device-for-check-glucose-in-the-blood-200x200.jpg\" alt=\"world-diabetes-day-close-up-picture-of-using-medical-device-for-check-glucose-in-the-blood\" \/>\n\t\t\t<\/div>\n\t\t\t<div class=\"block-equipes-item-textes\">\n\t\t\t\t<div class=\"block-equipes-item-textes-nom\">Diab\u00e8te<\/div>\n\t\t\t\t<div class=\"block-equipes-item-textes-fonction\">Entretien avec le patient, questionnaire, prise de mesure et test de la glyc\u00e9mie capillaire<\/div>\n\t\t\t\t\t\t\t<\/div>\n\t\t<\/div>\n\t\t\t\t<div class=\"block-equipes-item\">\n\t\t\t<div class=\"block-equipes-item-image\">\n\t\t\t\t<img decoding=\"async\" src=\"https:\/\/www.synlab.fr\/oxabio\/wp-content\/uploads\/sites\/41\/2023\/01\/post-reseaux-vih_couple-mixte-2-200x200.jpg\" alt=\"post reseaux vih_couple mixte (2)\" \/>\n\t\t\t<\/div>\n\t\t\t<div class=\"block-equipes-item-textes\">\n\t\t\t\t<div class=\"block-equipes-item-textes-nom\">VIH<\/div>\n\t\t\t\t<div class=\"block-equipes-item-textes-fonction\">D\u00e9pistage du VIH avec des journ\u00e9es de sensibilisation<\/div>\n\t\t\t\t\t\t\t<\/div>\n\t\t<\/div>\n\t\t\t\t<div class=\"block-equipes-item\">\n\t\t\t<div class=\"block-equipes-item-image\">\n\t\t\t\t<img decoding=\"async\" src=\"https:\/\/www.synlab.fr\/oxabio\/wp-content\/uploads\/sites\/41\/2023\/01\/green-ribbon-symbol-of-kidney-cancer-isolated-on-gray-wall-200x200.jpg\" alt=\"green-ribbon-symbol-of-kidney-cancer-isolated-on-gray-wall\" \/>\n\t\t\t<\/div>\n\t\t\t<div class=\"block-equipes-item-textes\">\n\t\t\t\t<div class=\"block-equipes-item-textes-nom\">Maladies du rein<\/div>\n\t\t\t\t<div class=\"block-equipes-item-textes-fonction\">D\u00e9pistage avec le dosage de la cr\u00e9atinine offert \u00e0 nos patients<\/div>\n\t\t\t\t\t\t\t<\/div>\n\t\t<\/div>\n\t\t\t\t<div class=\"block-equipes-item\">\n\t\t\t<div class=\"block-equipes-item-image\">\n\t\t\t\t<img decoding=\"async\" src=\"https:\/\/www.synlab.fr\/oxabio\/wp-content\/uploads\/sites\/41\/2023\/01\/front-view-of-woman-holding-heart-shape-1-200x200.jpg\" alt=\"front-view-of-woman-holding-heart-shape\" \/>\n\t\t\t<\/div>\n\t\t\t<div class=\"block-equipes-item-textes\">\n\t\t\t\t<div class=\"block-equipes-item-textes-nom\">Maladies cardio-vasculaires<\/div>\n\t\t\t\t<div class=\"block-equipes-item-textes-fonction\">Organisation de d\u00e9pistage chez les femmes<\/div>\n\t\t\t\t\t\t\t<\/div>\n\t\t<\/div>\n\t\t\t\t\n<\/div>\n\n\n\n<div class=\"container block-texte_image\">\n\n\t\t\t<div class=\"block-texte_image-contenu order-1\" style=\"--widthContenu:80%\">\n\t\t\t<h3>APPORTER NOTRE SOUTIEN POUR LA LUTTE CONTRE LE CANCER DU SEIN<\/h3>\t\t\t<article><p>Chaque ann\u00e9e, <strong>nous nous engageons \u00e0 collecter des dons en faveur d&rsquo;associations \u0153uvrant pour la lutte contre le cancer du sein.<\/strong> Nous menons diverses actions (revente de rubans, gobelets, animation sur les r\u00e9seaux sociaux) afin de r\u00e9colter un maximum de dons \u00e0 travers nos 9 laboratoires dans les Hauts de France.<\/p>\n<\/article>\t\t\t\t\t\t\n\t\t\t\t\t<\/div>\n\t\n\t\n\t\t<div class=\"block-texte_image-illustration order-0\" style=\"--widthImage:20%;\">\n\t\t\t<img decoding=\"async\" src=\"https:\/\/www.synlab.fr\/oxabio\/wp-content\/uploads\/sites\/41\/2023\/01\/244017658_10228403395248948_1511227733299514911_n-1.jpg\" alt=\"244017658_10228403395248948_1511227733299514911_n (1)\"\/>\n\t\t<\/div>\n\n\t\n\t\t\n<\/div>\n\n\n\n\n\t\n\t\n","protected":false},"excerpt":{"rendered":"","protected":false},"author":13,"featured_media":3547,"parent":26,"menu_order":4,"comment_status":"closed","ping_status":"closed","template":"","meta":{"_acf_changed":false,"footnotes":""},"class_list":["post-1422","page","type-page","status-publish","has-post-thumbnail","hentry"],"acf":[],"yoast_head":"<!-- This site is optimized with the Yoast SEO plugin v26.3 - https:\/\/yoast.com\/wordpress\/plugins\/seo\/ -->\n<title>SYNLAB - La responsabilit\u00e9 soci\u00e9tale des entreprises<\/title>\n<meta name=\"description\" content=\"En tant qu\u2019entreprise internationale du secteur des soins de sant\u00e9 et \u00e0 travers notre responsabilit\u00e9 soci\u00e9tale des entreprises, nous avons la possibilit\u00e9 d\u2019avoir un impact positif sur la sant\u00e9 des gens dans le monde entier mais \u00e9galement la responsabilit\u00e9 d\u2019agir dans le meilleur int\u00e9r\u00eat des diverses communaut\u00e9s.\" \/>\n<meta name=\"robots\" content=\"noindex, follow, max-snippet:-1, max-image-preview:large, max-video-preview:-1\" \/>\n<meta property=\"og:locale\" content=\"fr_FR\" \/>\n<meta property=\"og:type\" content=\"article\" \/>\n<meta property=\"og:title\" content=\"SYNLAB - La responsabilit\u00e9 soci\u00e9tale des entreprises\" \/>\n<meta property=\"og:description\" content=\"En tant qu\u2019entreprise internationale du secteur des soins de sant\u00e9 et \u00e0 travers notre responsabilit\u00e9 soci\u00e9tale des entreprises, nous avons la possibilit\u00e9 d\u2019avoir un impact positif sur la sant\u00e9 des gens dans le monde entier mais \u00e9galement la responsabilit\u00e9 d\u2019agir dans le meilleur int\u00e9r\u00eat des diverses communaut\u00e9s.\" \/>\n<meta property=\"og:url\" content=\"https:\/\/www.synlab.fr\/oxabio\/nous-connaitre\/nos-engagements\/\" \/>\n<meta property=\"og:site_name\" content=\"Synlab Oxabio\" \/>\n<meta property=\"article:modified_time\" content=\"2023-01-20T13:47:42+00:00\" \/>\n<meta property=\"og:image\" content=\"https:\/\/www.synlab.fr\/clone\/oxabio\/wp-content\/uploads\/sites\/41\/2022\/10\/markus-spiske-mz5I5In8zxE-unsplash.jpg\" \/>\n\t<meta property=\"og:image:width\" content=\"640\" \/>\n\t<meta property=\"og:image:height\" content=\"960\" \/>\n\t<meta property=\"og:image:type\" content=\"image\/jpeg\" \/>\n<meta name=\"twitter:card\" content=\"summary_large_image\" \/>\n<script type=\"application\/ld+json\" class=\"yoast-schema-graph\">{\"@context\":\"https:\/\/schema.org\",\"@graph\":[{\"@type\":\"WebPage\",\"@id\":\"https:\/\/www.synlab.fr\/oxabio\/nous-connaitre\/nos-engagements\/\",\"url\":\"https:\/\/www.synlab.fr\/oxabio\/nous-connaitre\/nos-engagements\/\",\"name\":\"SYNLAB - La responsabilit\u00e9 soci\u00e9tale des entreprises\",\"isPartOf\":{\"@id\":\"https:\/\/www.synlab.fr\/oxabio\/#website\"},\"primaryImageOfPage\":{\"@id\":\"https:\/\/www.synlab.fr\/oxabio\/nous-connaitre\/nos-engagements\/#primaryimage\"},\"image\":{\"@id\":\"https:\/\/www.synlab.fr\/oxabio\/nous-connaitre\/nos-engagements\/#primaryimage\"},\"thumbnailUrl\":\"https:\/\/www.synlab.fr\/oxabio\/wp-content\/uploads\/sites\/41\/2022\/10\/markus-spiske-mz5I5In8zxE-unsplash.jpg\",\"datePublished\":\"2022-08-23T09:58:16+00:00\",\"dateModified\":\"2023-01-20T13:47:42+00:00\",\"description\":\"En tant qu\u2019entreprise internationale du secteur des soins de sant\u00e9 et \u00e0 travers notre responsabilit\u00e9 soci\u00e9tale des entreprises, nous avons la possibilit\u00e9 d\u2019avoir un impact positif sur la sant\u00e9 des gens dans le monde entier mais \u00e9galement la responsabilit\u00e9 d\u2019agir dans le meilleur int\u00e9r\u00eat des diverses communaut\u00e9s.\",\"breadcrumb\":{\"@id\":\"https:\/\/www.synlab.fr\/oxabio\/nous-connaitre\/nos-engagements\/#breadcrumb\"},\"inLanguage\":\"fr-FR\",\"potentialAction\":[{\"@type\":\"ReadAction\",\"target\":[\"https:\/\/www.synlab.fr\/oxabio\/nous-connaitre\/nos-engagements\/\"]}]},{\"@type\":\"ImageObject\",\"inLanguage\":\"fr-FR\",\"@id\":\"https:\/\/www.synlab.fr\/oxabio\/nous-connaitre\/nos-engagements\/#primaryimage\",\"url\":\"https:\/\/www.synlab.fr\/oxabio\/wp-content\/uploads\/sites\/41\/2022\/10\/markus-spiske-mz5I5In8zxE-unsplash.jpg\",\"contentUrl\":\"https:\/\/www.synlab.fr\/oxabio\/wp-content\/uploads\/sites\/41\/2022\/10\/markus-spiske-mz5I5In8zxE-unsplash.jpg\",\"width\":640,\"height\":960,\"caption\":\"Le message \\\"We care about the future\\\" coll\u00e9 sur une vitre\"},{\"@type\":\"BreadcrumbList\",\"@id\":\"https:\/\/www.synlab.fr\/oxabio\/nous-connaitre\/nos-engagements\/#breadcrumb\",\"itemListElement\":[{\"@type\":\"ListItem\",\"position\":1,\"name\":\"Home\",\"item\":\"https:\/\/www.synlab.fr\/oxabio\/\"},{\"@type\":\"ListItem\",\"position\":2,\"name\":\"Nous conna\u00eetre\",\"item\":\"https:\/\/www.synlab.fr\/oxabio\/nous-connaitre\/\"},{\"@type\":\"ListItem\",\"position\":3,\"name\":\"Nos engagements\"}]},{\"@type\":\"WebSite\",\"@id\":\"https:\/\/www.synlab.fr\/oxabio\/#website\",\"url\":\"https:\/\/www.synlab.fr\/oxabio\/\",\"name\":\"Synlab Oxabio\",\"description\":\"Un site utilisant Synlab\",\"potentialAction\":[{\"@type\":\"SearchAction\",\"target\":{\"@type\":\"EntryPoint\",\"urlTemplate\":\"https:\/\/www.synlab.fr\/oxabio\/?s={search_term_string}\"},\"query-input\":{\"@type\":\"PropertyValueSpecification\",\"valueRequired\":true,\"valueName\":\"search_term_string\"}}],\"inLanguage\":\"fr-FR\"}]}<\/script>\n<!-- \/ Yoast SEO plugin. -->","yoast_head_json":{"title":"SYNLAB - La responsabilit\u00e9 soci\u00e9tale des entreprises","description":"En tant qu\u2019entreprise internationale du secteur des soins de sant\u00e9 et \u00e0 travers notre responsabilit\u00e9 soci\u00e9tale des entreprises, nous avons la possibilit\u00e9 d\u2019avoir un impact positif sur la sant\u00e9 des gens dans le monde entier mais \u00e9galement la responsabilit\u00e9 d\u2019agir dans le meilleur int\u00e9r\u00eat des diverses communaut\u00e9s.","robots":{"index":"noindex","follow":"follow","max-snippet":"max-snippet:-1","max-image-preview":"max-image-preview:large","max-video-preview":"max-video-preview:-1"},"og_locale":"fr_FR","og_type":"article","og_title":"SYNLAB - La responsabilit\u00e9 soci\u00e9tale des entreprises","og_description":"En tant qu\u2019entreprise internationale du secteur des soins de sant\u00e9 et \u00e0 travers notre responsabilit\u00e9 soci\u00e9tale des entreprises, nous avons la possibilit\u00e9 d\u2019avoir un impact positif sur la sant\u00e9 des gens dans le monde entier mais \u00e9galement la responsabilit\u00e9 d\u2019agir dans le meilleur int\u00e9r\u00eat des diverses communaut\u00e9s.","og_url":"https:\/\/www.synlab.fr\/oxabio\/nous-connaitre\/nos-engagements\/","og_site_name":"Synlab Oxabio","article_modified_time":"2023-01-20T13:47:42+00:00","og_image":[{"width":640,"height":960,"url":"https:\/\/www.synlab.fr\/clone\/oxabio\/wp-content\/uploads\/sites\/41\/2022\/10\/markus-spiske-mz5I5In8zxE-unsplash.jpg","type":"image\/jpeg"}],"twitter_card":"summary_large_image","schema":{"@context":"https:\/\/schema.org","@graph":[{"@type":"WebPage","@id":"https:\/\/www.synlab.fr\/oxabio\/nous-connaitre\/nos-engagements\/","url":"https:\/\/www.synlab.fr\/oxabio\/nous-connaitre\/nos-engagements\/","name":"SYNLAB - La responsabilit\u00e9 soci\u00e9tale des entreprises","isPartOf":{"@id":"https:\/\/www.synlab.fr\/oxabio\/#website"},"primaryImageOfPage":{"@id":"https:\/\/www.synlab.fr\/oxabio\/nous-connaitre\/nos-engagements\/#primaryimage"},"image":{"@id":"https:\/\/www.synlab.fr\/oxabio\/nous-connaitre\/nos-engagements\/#primaryimage"},"thumbnailUrl":"https:\/\/www.synlab.fr\/oxabio\/wp-content\/uploads\/sites\/41\/2022\/10\/markus-spiske-mz5I5In8zxE-unsplash.jpg","datePublished":"2022-08-23T09:58:16+00:00","dateModified":"2023-01-20T13:47:42+00:00","description":"En tant qu\u2019entreprise internationale du secteur des soins de sant\u00e9 et \u00e0 travers notre responsabilit\u00e9 soci\u00e9tale des entreprises, nous avons la possibilit\u00e9 d\u2019avoir un impact positif sur la sant\u00e9 des gens dans le monde entier mais \u00e9galement la responsabilit\u00e9 d\u2019agir dans le meilleur int\u00e9r\u00eat des diverses communaut\u00e9s.","breadcrumb":{"@id":"https:\/\/www.synlab.fr\/oxabio\/nous-connaitre\/nos-engagements\/#breadcrumb"},"inLanguage":"fr-FR","potentialAction":[{"@type":"ReadAction","target":["https:\/\/www.synlab.fr\/oxabio\/nous-connaitre\/nos-engagements\/"]}]},{"@type":"ImageObject","inLanguage":"fr-FR","@id":"https:\/\/www.synlab.fr\/oxabio\/nous-connaitre\/nos-engagements\/#primaryimage","url":"https:\/\/www.synlab.fr\/oxabio\/wp-content\/uploads\/sites\/41\/2022\/10\/markus-spiske-mz5I5In8zxE-unsplash.jpg","contentUrl":"https:\/\/www.synlab.fr\/oxabio\/wp-content\/uploads\/sites\/41\/2022\/10\/markus-spiske-mz5I5In8zxE-unsplash.jpg","width":640,"height":960,"caption":"Le message \"We care about the future\" coll\u00e9 sur une vitre"},{"@type":"BreadcrumbList","@id":"https:\/\/www.synlab.fr\/oxabio\/nous-connaitre\/nos-engagements\/#breadcrumb","itemListElement":[{"@type":"ListItem","position":1,"name":"Home","item":"https:\/\/www.synlab.fr\/oxabio\/"},{"@type":"ListItem","position":2,"name":"Nous conna\u00eetre","item":"https:\/\/www.synlab.fr\/oxabio\/nous-connaitre\/"},{"@type":"ListItem","position":3,"name":"Nos engagements"}]},{"@type":"WebSite","@id":"https:\/\/www.synlab.fr\/oxabio\/#website","url":"https:\/\/www.synlab.fr\/oxabio\/","name":"Synlab Oxabio","description":"Un site utilisant Synlab","potentialAction":[{"@type":"SearchAction","target":{"@type":"EntryPoint","urlTemplate":"https:\/\/www.synlab.fr\/oxabio\/?s={search_term_string}"},"query-input":{"@type":"PropertyValueSpecification","valueRequired":true,"valueName":"search_term_string"}}],"inLanguage":"fr-FR"}]}},"_links":{"self":[{"href":"https:\/\/www.synlab.fr\/oxabio\/wp-json\/wp\/v2\/pages\/1422","targetHints":{"allow":["GET"]}}],"collection":[{"href":"https:\/\/www.synlab.fr\/oxabio\/wp-json\/wp\/v2\/pages"}],"about":[{"href":"https:\/\/www.synlab.fr\/oxabio\/wp-json\/wp\/v2\/types\/page"}],"author":[{"embeddable":true,"href":"https:\/\/www.synlab.fr\/oxabio\/wp-json\/wp\/v2\/users\/13"}],"replies":[{"embeddable":true,"href":"https:\/\/www.synlab.fr\/oxabio\/wp-json\/wp\/v2\/comments?post=1422"}],"version-history":[{"count":18,"href":"https:\/\/www.synlab.fr\/oxabio\/wp-json\/wp\/v2\/pages\/1422\/revisions"}],"predecessor-version":[{"id":4932,"href":"https:\/\/www.synlab.fr\/oxabio\/wp-json\/wp\/v2\/pages\/1422\/revisions\/4932"}],"up":[{"embeddable":true,"href":"https:\/\/www.synlab.fr\/oxabio\/wp-json\/wp\/v2\/pages\/26"}],"wp:featuredmedia":[{"embeddable":true,"href":"https:\/\/www.synlab.fr\/oxabio\/wp-json\/wp\/v2\/media\/3547"}],"wp:attachment":[{"href":"https:\/\/www.synlab.fr\/oxabio\/wp-json\/wp\/v2\/media?parent=1422"}],"curies":[{"name":"wp","href":"https:\/\/api.w.org\/{rel}","templated":true}]}}