{"id":1608,"date":"2022-08-29T11:53:52","date_gmt":"2022-08-29T09:53:52","guid":{"rendered":"https:\/\/www.synlab.fr\/oxabio\/?page_id=1608"},"modified":"2023-01-19T12:04:09","modified_gmt":"2023-01-19T11:04:09","slug":"histoire","status":"publish","type":"page","link":"https:\/\/www.synlab.fr\/oxabio\/nous-connaitre\/decouvrir-synlab-oxabio\/histoire\/","title":{"rendered":"Un peu d&rsquo;histoire"},"content":{"rendered":"<div class=\"container block-texte_image\">\n\n\t\t\t<div class=\"block-texte_image-contenu order-1\" style=\"--widthContenu:100%\">\n\t\t\t\t\t\t<article><p>A l\u2019origine, le Laboratoire a \u00e9t\u00e9 cr\u00e9\u00e9 par le Dr Douay\u00a0 <strong>en 1947<\/strong> dans l\u2019arri\u00e8re-cuisine d\u2019une maison bourgeoise de Cambrai. Ce dernier fut ensuite rejoint par d\u2019autres biologistes associ\u00e9s et collaborateurs : Dr Tahon Castel Marie-Madeleine, le Dr Goudaert Fassote Fran\u00e7oise, le Dr Artus Damien, Dr Dauchy Philippe et le Dr Larre Roger.<\/p>\n<p><strong>L\u2019ann\u00e9e 2004<\/strong> sera riche en \u00e9v\u00e9nements avec notamment la fusion du laboratoire avec la SEL du Cambr\u00e9sis du Dr Eric Leclercq et l\u2019arriv\u00e9e de deux nouveaux biologistes, le Dr Capelle Jean-Damien et le Dr Bourlart-Simon Audrey. Le Laboratoire rejoindra cette m\u00eame ann\u00e9e le r\u00e9seau de Laboratoires LABCO.<\/p>\n<p><strong>En 2009<\/strong>, le Dr Artus Damien et le Dr Goudaert Fassote Fran\u00e7oise ont cess\u00e9 leur activit\u00e9 et le Dr Bibas Dominique a rejoint la structure, suivie en 2012 par l\u2019arriv\u00e9e du Dr Jaspart-Nocon Lise.<\/p>\n<p><strong>En 2012,<\/strong> le Laboratoire cr\u00e9e 2 nouveaux sites p\u00e9ri-analytiques \u00e0 Douchy-les-Mines et Douai. Le Centre Biologique du Cambr\u00e9sis prend alors le nom d\u2019OXABIO suite \u00e0 cette extension g\u00e9ographique.<\/p>\n<p><strong>En 2013<\/strong>, la SELAS Oxabio devient SYNLAB Oxabio, en effet le r\u00e9seau LABCO change de nom pour devenir SYNLAB, leader europ\u00e9en du diagnostic m\u00e9dical.<\/p>\n<p><strong>En 2020<\/strong>, deux sites ont \u00e9t\u00e9 ouverts\u00a0: H\u00e9nin-Beaumont et Leforest.<\/p>\n<p><strong>Fin 2021<\/strong>, le Dr Jops a rejoint notre \u00e9quipe pour ensuite r\u00e9aliser l\u2019ouverture du dernier site \u00e0 B\u00e9thune en f\u00e9vrier 2022.<\/p>\n<p><strong>D\u00e9but 2022<\/strong>, le Dr Fourdinier s\u2019int\u00e9grera \u00e0 l\u2019\u00e9quipe de biologistes pour le plateau technique de Cambrai.<\/p>\n<\/article>\t\t\t\t\t\t\n\t\t\t\t\t<\/div>\n\t\n\t\n\t\t\n<\/div>\n\n\n\n\n\t\n\t\n\n\n<div class=\"container block-equipes\">\n\n\t\n\t\t\t\t\t<div class=\"block-equipes-item\">\n\t\t\t<div class=\"block-equipes-item-image\">\n\t\t\t\t<img decoding=\"async\" src=\"https:\/\/www.synlab.fr\/oxabio\/wp-content\/uploads\/sites\/41\/2023\/01\/PND-cambrai-1-200x200.jpg\" alt=\"PND-cambrai-1\" \/>\n\t\t\t<\/div>\n\t\t\t<div class=\"block-equipes-item-textes\">\n\t\t\t\t<div class=\"block-equipes-item-textes-nom\">Porte Notre-Dame Cambrai<\/div>\n\t\t\t\t<div class=\"block-equipes-item-textes-fonction\"><\/div>\n\t\t\t\t\t\t\t<\/div>\n\t\t<\/div>\n\t\t\t\t<div class=\"block-equipes-item\">\n\t\t\t<div class=\"block-equipes-item-image\">\n\t\t\t\t<img decoding=\"async\" src=\"https:\/\/www.synlab.fr\/oxabio\/wp-content\/uploads\/sites\/41\/2023\/01\/FACADE-MARTIN-MARTINE-200x200.jpg\" alt=\"FACADE MARTIN MARTINE\" \/>\n\t\t\t<\/div>\n\t\t\t<div class=\"block-equipes-item-textes\">\n\t\t\t\t<div class=\"block-equipes-item-textes-nom\">Martin-Martine Cambrai<\/div>\n\t\t\t\t<div class=\"block-equipes-item-textes-fonction\"><\/div>\n\t\t\t\t\t\t\t<\/div>\n\t\t<\/div>\n\t\t\t\t<div class=\"block-equipes-item\">\n\t\t\t<div class=\"block-equipes-item-image\">\n\t\t\t\t<img decoding=\"async\" src=\"https:\/\/www.synlab.fr\/oxabio\/wp-content\/uploads\/sites\/41\/2023\/01\/caudry-2-200x200.jpg\" alt=\"caudry (2)\" \/>\n\t\t\t<\/div>\n\t\t\t<div class=\"block-equipes-item-textes\">\n\t\t\t\t<div class=\"block-equipes-item-textes-nom\">Caudry<\/div>\n\t\t\t\t<div class=\"block-equipes-item-textes-fonction\"><\/div>\n\t\t\t\t\t\t\t<\/div>\n\t\t<\/div>\n\t\t\t\t<div class=\"block-equipes-item\">\n\t\t\t<div class=\"block-equipes-item-image\">\n\t\t\t\t<img decoding=\"async\" src=\"https:\/\/www.synlab.fr\/oxabio\/wp-content\/uploads\/sites\/41\/2023\/01\/solesmes-200x200.webp\" alt=\"solesmes\" \/>\n\t\t\t<\/div>\n\t\t\t<div class=\"block-equipes-item-textes\">\n\t\t\t\t<div class=\"block-equipes-item-textes-nom\">Solesmes<\/div>\n\t\t\t\t<div class=\"block-equipes-item-textes-fonction\"><\/div>\n\t\t\t\t\t\t\t<\/div>\n\t\t<\/div>\n\t\t\t\t<div class=\"block-equipes-item\">\n\t\t\t<div class=\"block-equipes-item-image\">\n\t\t\t\t<img decoding=\"async\" src=\"https:\/\/www.synlab.fr\/oxabio\/wp-content\/uploads\/sites\/41\/2023\/01\/douchy-2-200x200.jpg\" alt=\"douchy 2\" \/>\n\t\t\t<\/div>\n\t\t\t<div class=\"block-equipes-item-textes\">\n\t\t\t\t<div class=\"block-equipes-item-textes-nom\">Douchy-les-Mines<\/div>\n\t\t\t\t<div class=\"block-equipes-item-textes-fonction\"><\/div>\n\t\t\t\t\t\t\t<\/div>\n\t\t<\/div>\n\t\t\t\t<div class=\"block-equipes-item\">\n\t\t\t<div class=\"block-equipes-item-image\">\n\t\t\t\t<img decoding=\"async\" src=\"https:\/\/www.synlab.fr\/oxabio\/wp-content\/uploads\/sites\/41\/2023\/01\/douai-2-200x200.jpg\" alt=\"douai 2\" \/>\n\t\t\t<\/div>\n\t\t\t<div class=\"block-equipes-item-textes\">\n\t\t\t\t<div class=\"block-equipes-item-textes-nom\">Douai<\/div>\n\t\t\t\t<div class=\"block-equipes-item-textes-fonction\"><\/div>\n\t\t\t\t\t\t\t<\/div>\n\t\t<\/div>\n\t\t\t\t<div class=\"block-equipes-item\">\n\t\t\t<div class=\"block-equipes-item-image\">\n\t\t\t\t<img decoding=\"async\" src=\"https:\/\/www.synlab.fr\/oxabio\/wp-content\/uploads\/sites\/41\/2023\/01\/LEFOREST-3-200x200.jpg\" alt=\"LEFOREST 3\" \/>\n\t\t\t<\/div>\n\t\t\t<div class=\"block-equipes-item-textes\">\n\t\t\t\t<div class=\"block-equipes-item-textes-nom\">Leforest<\/div>\n\t\t\t\t<div class=\"block-equipes-item-textes-fonction\"><\/div>\n\t\t\t\t\t\t\t<\/div>\n\t\t<\/div>\n\t\t\t\t<div class=\"block-equipes-item\">\n\t\t\t<div class=\"block-equipes-item-image\">\n\t\t\t\t<img decoding=\"async\" src=\"https:\/\/www.synlab.fr\/oxabio\/wp-content\/uploads\/sites\/41\/2023\/01\/henin-beaumont-200x200.jpeg\" alt=\"henin beaumont\" \/>\n\t\t\t<\/div>\n\t\t\t<div class=\"block-equipes-item-textes\">\n\t\t\t\t<div class=\"block-equipes-item-textes-nom\">H\u00e9nin-Beaumont<\/div>\n\t\t\t\t<div class=\"block-equipes-item-textes-fonction\"><\/div>\n\t\t\t\t\t\t\t<\/div>\n\t\t<\/div>\n\t\t\t\t<div class=\"block-equipes-item\">\n\t\t\t<div class=\"block-equipes-item-image\">\n\t\t\t\t<img decoding=\"async\" src=\"https:\/\/www.synlab.fr\/oxabio\/wp-content\/uploads\/sites\/41\/2023\/01\/b2-200x200.jpg\" alt=\"b2\" \/>\n\t\t\t<\/div>\n\t\t\t<div class=\"block-equipes-item-textes\">\n\t\t\t\t<div class=\"block-equipes-item-textes-nom\">B\u00e9thune<\/div>\n\t\t\t\t<div class=\"block-equipes-item-textes-fonction\"><\/div>\n\t\t\t\t\t\t\t<\/div>\n\t\t<\/div>\n\t\t\t\t\n<\/div>\n\n","protected":false},"excerpt":{"rendered":"","protected":false},"author":13,"featured_media":0,"parent":1380,"menu_order":1,"comment_status":"closed","ping_status":"closed","template":"","meta":{"_acf_changed":false,"footnotes":""},"class_list":["post-1608","page","type-page","status-publish","hentry"],"acf":[],"yoast_head":"<!-- This site is optimized with the Yoast SEO plugin v26.3 - https:\/\/yoast.com\/wordpress\/plugins\/seo\/ -->\n<title>SYNLAB Oxabio - un peu d&#039;histoire<\/title>\n<meta name=\"description\" content=\"A l\u2019origine, le Laboratoire a \u00e9t\u00e9 cr\u00e9\u00e9 par le Dr Douay en 1947 dans l\u2019arri\u00e8re-cuisine d\u2019une maison bourgeoise de Cambrai. Ce dernier fut ensuite rejoint par d\u2019autres biologistes associ\u00e9s et collaborateurs : Dr Tahon Castel Marie-Madeleine, le Dr Goudaert Fassote Fran\u00e7oise, le Dr Artus Damien, Dr Dauchy Philippe et le Dr Larre Roger.\" \/>\n<meta name=\"robots\" content=\"noindex, follow, max-snippet:-1, max-image-preview:large, max-video-preview:-1\" \/>\n<meta property=\"og:locale\" content=\"fr_FR\" \/>\n<meta property=\"og:type\" content=\"article\" \/>\n<meta property=\"og:title\" content=\"SYNLAB Oxabio - un peu d&#039;histoire\" \/>\n<meta property=\"og:description\" content=\"A l\u2019origine, le Laboratoire a \u00e9t\u00e9 cr\u00e9\u00e9 par le Dr Douay en 1947 dans l\u2019arri\u00e8re-cuisine d\u2019une maison bourgeoise de Cambrai. Ce dernier fut ensuite rejoint par d\u2019autres biologistes associ\u00e9s et collaborateurs : Dr Tahon Castel Marie-Madeleine, le Dr Goudaert Fassote Fran\u00e7oise, le Dr Artus Damien, Dr Dauchy Philippe et le Dr Larre Roger.\" \/>\n<meta property=\"og:url\" content=\"https:\/\/www.synlab.fr\/oxabio\/nous-connaitre\/decouvrir-synlab-oxabio\/histoire\/\" \/>\n<meta property=\"og:site_name\" content=\"Synlab Oxabio\" \/>\n<meta property=\"article:modified_time\" content=\"2023-01-19T11:04:09+00:00\" \/>\n<meta name=\"twitter:card\" content=\"summary_large_image\" \/>\n<script type=\"application\/ld+json\" class=\"yoast-schema-graph\">{\"@context\":\"https:\/\/schema.org\",\"@graph\":[{\"@type\":\"WebPage\",\"@id\":\"https:\/\/www.synlab.fr\/oxabio\/nous-connaitre\/decouvrir-synlab-oxabio\/histoire\/\",\"url\":\"https:\/\/www.synlab.fr\/oxabio\/nous-connaitre\/decouvrir-synlab-oxabio\/histoire\/\",\"name\":\"SYNLAB Oxabio - un peu d'histoire\",\"isPartOf\":{\"@id\":\"https:\/\/www.synlab.fr\/oxabio\/#website\"},\"datePublished\":\"2022-08-29T09:53:52+00:00\",\"dateModified\":\"2023-01-19T11:04:09+00:00\",\"description\":\"A l\u2019origine, le Laboratoire a \u00e9t\u00e9 cr\u00e9\u00e9 par le Dr Douay en 1947 dans l\u2019arri\u00e8re-cuisine d\u2019une maison bourgeoise de Cambrai. Ce dernier fut ensuite rejoint par d\u2019autres biologistes associ\u00e9s et collaborateurs : Dr Tahon Castel Marie-Madeleine, le Dr Goudaert Fassote Fran\u00e7oise, le Dr Artus Damien, Dr Dauchy Philippe et le Dr Larre Roger.\",\"breadcrumb\":{\"@id\":\"https:\/\/www.synlab.fr\/oxabio\/nous-connaitre\/decouvrir-synlab-oxabio\/histoire\/#breadcrumb\"},\"inLanguage\":\"fr-FR\",\"potentialAction\":[{\"@type\":\"ReadAction\",\"target\":[\"https:\/\/www.synlab.fr\/oxabio\/nous-connaitre\/decouvrir-synlab-oxabio\/histoire\/\"]}]},{\"@type\":\"BreadcrumbList\",\"@id\":\"https:\/\/www.synlab.fr\/oxabio\/nous-connaitre\/decouvrir-synlab-oxabio\/histoire\/#breadcrumb\",\"itemListElement\":[{\"@type\":\"ListItem\",\"position\":1,\"name\":\"Home\",\"item\":\"https:\/\/www.synlab.fr\/oxabio\/\"},{\"@type\":\"ListItem\",\"position\":2,\"name\":\"Nous conna\u00eetre\",\"item\":\"https:\/\/www.synlab.fr\/oxabio\/nous-connaitre\/\"},{\"@type\":\"ListItem\",\"position\":3,\"name\":\"D\u00e9couvrir SYNLAB Oxabio\",\"item\":\"https:\/\/www.synlab.fr\/oxabio\/nous-connaitre\/decouvrir-synlab-oxabio\/\"},{\"@type\":\"ListItem\",\"position\":4,\"name\":\"Un peu d&rsquo;histoire\"}]},{\"@type\":\"WebSite\",\"@id\":\"https:\/\/www.synlab.fr\/oxabio\/#website\",\"url\":\"https:\/\/www.synlab.fr\/oxabio\/\",\"name\":\"Synlab Oxabio\",\"description\":\"Un site utilisant Synlab\",\"potentialAction\":[{\"@type\":\"SearchAction\",\"target\":{\"@type\":\"EntryPoint\",\"urlTemplate\":\"https:\/\/www.synlab.fr\/oxabio\/?s={search_term_string}\"},\"query-input\":{\"@type\":\"PropertyValueSpecification\",\"valueRequired\":true,\"valueName\":\"search_term_string\"}}],\"inLanguage\":\"fr-FR\"}]}<\/script>\n<!-- \/ Yoast SEO plugin. -->","yoast_head_json":{"title":"SYNLAB Oxabio - un peu d'histoire","description":"A l\u2019origine, le Laboratoire a \u00e9t\u00e9 cr\u00e9\u00e9 par le Dr Douay en 1947 dans l\u2019arri\u00e8re-cuisine d\u2019une maison bourgeoise de Cambrai. Ce dernier fut ensuite rejoint par d\u2019autres biologistes associ\u00e9s et collaborateurs : Dr Tahon Castel Marie-Madeleine, le Dr Goudaert Fassote Fran\u00e7oise, le Dr Artus Damien, Dr Dauchy Philippe et le Dr Larre Roger.","robots":{"index":"noindex","follow":"follow","max-snippet":"max-snippet:-1","max-image-preview":"max-image-preview:large","max-video-preview":"max-video-preview:-1"},"og_locale":"fr_FR","og_type":"article","og_title":"SYNLAB Oxabio - un peu d'histoire","og_description":"A l\u2019origine, le Laboratoire a \u00e9t\u00e9 cr\u00e9\u00e9 par le Dr Douay en 1947 dans l\u2019arri\u00e8re-cuisine d\u2019une maison bourgeoise de Cambrai. Ce dernier fut ensuite rejoint par d\u2019autres biologistes associ\u00e9s et collaborateurs : Dr Tahon Castel Marie-Madeleine, le Dr Goudaert Fassote Fran\u00e7oise, le Dr Artus Damien, Dr Dauchy Philippe et le Dr Larre Roger.","og_url":"https:\/\/www.synlab.fr\/oxabio\/nous-connaitre\/decouvrir-synlab-oxabio\/histoire\/","og_site_name":"Synlab Oxabio","article_modified_time":"2023-01-19T11:04:09+00:00","twitter_card":"summary_large_image","schema":{"@context":"https:\/\/schema.org","@graph":[{"@type":"WebPage","@id":"https:\/\/www.synlab.fr\/oxabio\/nous-connaitre\/decouvrir-synlab-oxabio\/histoire\/","url":"https:\/\/www.synlab.fr\/oxabio\/nous-connaitre\/decouvrir-synlab-oxabio\/histoire\/","name":"SYNLAB Oxabio - un peu d'histoire","isPartOf":{"@id":"https:\/\/www.synlab.fr\/oxabio\/#website"},"datePublished":"2022-08-29T09:53:52+00:00","dateModified":"2023-01-19T11:04:09+00:00","description":"A l\u2019origine, le Laboratoire a \u00e9t\u00e9 cr\u00e9\u00e9 par le Dr Douay en 1947 dans l\u2019arri\u00e8re-cuisine d\u2019une maison bourgeoise de Cambrai. Ce dernier fut ensuite rejoint par d\u2019autres biologistes associ\u00e9s et collaborateurs : Dr Tahon Castel Marie-Madeleine, le Dr Goudaert Fassote Fran\u00e7oise, le Dr Artus Damien, Dr Dauchy Philippe et le Dr Larre Roger.","breadcrumb":{"@id":"https:\/\/www.synlab.fr\/oxabio\/nous-connaitre\/decouvrir-synlab-oxabio\/histoire\/#breadcrumb"},"inLanguage":"fr-FR","potentialAction":[{"@type":"ReadAction","target":["https:\/\/www.synlab.fr\/oxabio\/nous-connaitre\/decouvrir-synlab-oxabio\/histoire\/"]}]},{"@type":"BreadcrumbList","@id":"https:\/\/www.synlab.fr\/oxabio\/nous-connaitre\/decouvrir-synlab-oxabio\/histoire\/#breadcrumb","itemListElement":[{"@type":"ListItem","position":1,"name":"Home","item":"https:\/\/www.synlab.fr\/oxabio\/"},{"@type":"ListItem","position":2,"name":"Nous conna\u00eetre","item":"https:\/\/www.synlab.fr\/oxabio\/nous-connaitre\/"},{"@type":"ListItem","position":3,"name":"D\u00e9couvrir SYNLAB Oxabio","item":"https:\/\/www.synlab.fr\/oxabio\/nous-connaitre\/decouvrir-synlab-oxabio\/"},{"@type":"ListItem","position":4,"name":"Un peu d&rsquo;histoire"}]},{"@type":"WebSite","@id":"https:\/\/www.synlab.fr\/oxabio\/#website","url":"https:\/\/www.synlab.fr\/oxabio\/","name":"Synlab Oxabio","description":"Un site utilisant Synlab","potentialAction":[{"@type":"SearchAction","target":{"@type":"EntryPoint","urlTemplate":"https:\/\/www.synlab.fr\/oxabio\/?s={search_term_string}"},"query-input":{"@type":"PropertyValueSpecification","valueRequired":true,"valueName":"search_term_string"}}],"inLanguage":"fr-FR"}]}},"_links":{"self":[{"href":"https:\/\/www.synlab.fr\/oxabio\/wp-json\/wp\/v2\/pages\/1608","targetHints":{"allow":["GET"]}}],"collection":[{"href":"https:\/\/www.synlab.fr\/oxabio\/wp-json\/wp\/v2\/pages"}],"about":[{"href":"https:\/\/www.synlab.fr\/oxabio\/wp-json\/wp\/v2\/types\/page"}],"author":[{"embeddable":true,"href":"https:\/\/www.synlab.fr\/oxabio\/wp-json\/wp\/v2\/users\/13"}],"replies":[{"embeddable":true,"href":"https:\/\/www.synlab.fr\/oxabio\/wp-json\/wp\/v2\/comments?post=1608"}],"version-history":[{"count":14,"href":"https:\/\/www.synlab.fr\/oxabio\/wp-json\/wp\/v2\/pages\/1608\/revisions"}],"predecessor-version":[{"id":4873,"href":"https:\/\/www.synlab.fr\/oxabio\/wp-json\/wp\/v2\/pages\/1608\/revisions\/4873"}],"up":[{"embeddable":true,"href":"https:\/\/www.synlab.fr\/oxabio\/wp-json\/wp\/v2\/pages\/1380"}],"wp:attachment":[{"href":"https:\/\/www.synlab.fr\/oxabio\/wp-json\/wp\/v2\/media?parent=1608"}],"curies":[{"name":"wp","href":"https:\/\/api.w.org\/{rel}","templated":true}]}}