{"id":1610,"date":"2022-08-29T11:56:37","date_gmt":"2022-08-29T09:56:37","guid":{"rendered":"https:\/\/www.synlab.fr\/oxabio\/?page_id=1610"},"modified":"2023-01-19T14:24:18","modified_gmt":"2023-01-19T13:24:18","slug":"nos-valeurs","status":"publish","type":"page","link":"https:\/\/www.synlab.fr\/oxabio\/nous-connaitre\/decouvrir-synlab-oxabio\/nos-valeurs\/","title":{"rendered":"Nos valeurs"},"content":{"rendered":"\n<div class=\"container-fluid block-separateur\" style=\"--heightDesk:10px;--heightMob:2px;\">\n\n    \n    \n<\/div>\n\n<div class=\"container text-center \">\n\t<\/div>\n\n<div class=\"container-grid block-securite\">\n\n\t<div class=\"block-securite-left\">\n\t\t<img decoding=\"async\" src=\"https:\/\/www.synlab.fr\/oxabio\/wp-content\/uploads\/sites\/41\/2023\/01\/happy-family-in-nature-full-shot-1-800x800.jpg\" alt=\"happy-family-in-nature-full-shot\" \/>\n\t<\/div>\n\n\t<div class=\"block-securite-right\">\n\t\t\t\t\t<div class=\"block-securite-right-item\">\n\t\t\t<div class=\"block-securite-right-item-picto\">\n\t\t\t\t<img decoding=\"async\" src=\"https:\/\/www.synlab.fr\/oxabio\/wp-content\/uploads\/sites\/41\/2022\/05\/Map.svg\" alt=\"Map\" \/>\n\t\t\t<\/div>\n\t\t\t<div>\n\t\t\t\t<div class=\"block-securite-right-item-titre\">Proximit\u00e9:<\/div>\n\t\t\t\t<div class=\"block-securite-right-item-texte\">&#8211;\tPar notre implantation g\u00e9ographique \u00e0 travers les Hauts de France, nous sommes pr\u00e9sents sur 8 villes : Cambrai (2 sites), Caudry, Solesmes, Douchy-Les-Mines, Douai, Leforest, H\u00e9nin-Beaumont, B\u00e9thune avec le plateau technique bas\u00e9 au laboratoire Porte Notre-Dame \u00e0 Cambrai.<br \/>\r\n&#8211;\tPar notre qualit\u00e9 d\u2019accueil : nous tenons \u00e0 offrir \u00e0 nos patients une qualit\u00e9 d\u2019accueil \u00e9lev\u00e9e. Nous mettons aussi un point d\u2019honneur \u00e0 lier avec nos patients, une v\u00e9ritable relation de confiance.<br \/>\r\n<\/div>\n\t\t\t\t<\/div>\n\t\t\t\n\t\t<\/div>\n\t\t\t\t<div class=\"block-securite-right-item\">\n\t\t\t<div class=\"block-securite-right-item-picto\">\n\t\t\t\t<img decoding=\"async\" src=\"https:\/\/www.synlab.fr\/oxabio\/wp-content\/uploads\/sites\/41\/2022\/11\/flask.png\" alt=\"flask\" \/>\n\t\t\t<\/div>\n\t\t\t<div>\n\t\t\t\t<div class=\"block-securite-right-item-titre\">Excellence :<\/div>\n\t\t\t\t<div class=\"block-securite-right-item-texte\">&#8211;\tNos laboratoires sont accr\u00e9dit\u00e9s selon la norme NF EN ISO 15189 v 2012 &#8211; \u00ab\u00a0Accr\u00e9ditation COFRAC Examens M\u00e9dicaux, n\u00b08-1034, liste des sites et port\u00e9es disponibles sur www.cofrac.fr \u00ab\u00a0, pour 100% de leur activit\u00e9.<br \/>\r\nCette accr\u00e9ditation permet de garantir la fiabilit\u00e9 des examens de biologie m\u00e9dicale.<br \/>\r\n&#8211;\tNous renouvelons aussi de fa\u00e7on r\u00e9guli\u00e8re nos automates afin de maintenir une offre d\u2019analyses performante.<br \/>\r\n<\/div>\n\t\t\t\t<\/div>\n\t\t\t\n\t\t<\/div>\n\t\t\t\t<div class=\"block-securite-right-item\">\n\t\t\t<div class=\"block-securite-right-item-picto\">\n\t\t\t\t<img decoding=\"async\" src=\"https:\/\/www.synlab.fr\/oxabio\/wp-content\/uploads\/sites\/41\/2022\/10\/TREATMENT-CONTROL.jpg\" alt=\"TREATMENT CONTROL\" \/>\n\t\t\t<\/div>\n\t\t\t<div>\n\t\t\t\t<div class=\"block-securite-right-item-titre\">Bienveillance :<\/div>\n\t\t\t\t<div class=\"block-securite-right-item-texte\">&#8211;\tParce-que venir dans nos laboratoires peut \u00eatre une exp\u00e9rience redout\u00e9e chez certains d\u2019entre vous, nous faisons tout ce qui possible pour le rendre le plus agr\u00e9able avec une prise en charge adapt\u00e9e selon votre situation : pour les enfants, les femmes enceintes, les personnes \u00e2g\u00e9es, les personnes avec une pathologie qui n\u00e9cessite un suivi r\u00e9gulier. <br \/>\r\nNous essayons d\u2019avoir un mot pour chacun d\u2019entre vous. Un bon accueil fait partie int\u00e9grante du parcours de soin. <\/div>\n\t\t\t\t<\/div>\n\t\t\t\n\t\t<\/div>\n\t\t\t\t<\/div>\n<\/div>\n\n","protected":false},"excerpt":{"rendered":"","protected":false},"author":13,"featured_media":0,"parent":1380,"menu_order":2,"comment_status":"closed","ping_status":"closed","template":"","meta":{"_acf_changed":false,"footnotes":""},"class_list":["post-1610","page","type-page","status-publish","hentry"],"acf":[],"yoast_head":"<!-- This site is optimized with the Yoast SEO plugin v26.3 - https:\/\/yoast.com\/wordpress\/plugins\/seo\/ -->\n<title>SYNLAB Oxabio - Nos valeurs<\/title>\n<meta name=\"description\" content=\"Le laboratoire OXABIO, accr\u00e9dit\u00e9 depuis 2011 selon la norme NF EN ISO 15189, r\u00e9alise sur ces diff\u00e9rents sites plus de 85% des analyses de routine et sp\u00e9cialis\u00e9es.\" \/>\n<meta name=\"robots\" content=\"noindex, follow, max-snippet:-1, max-image-preview:large, max-video-preview:-1\" \/>\n<meta property=\"og:locale\" content=\"fr_FR\" \/>\n<meta property=\"og:type\" content=\"article\" \/>\n<meta property=\"og:title\" content=\"SYNLAB Oxabio - Nos valeurs\" \/>\n<meta property=\"og:description\" content=\"Le laboratoire OXABIO, accr\u00e9dit\u00e9 depuis 2011 selon la norme NF EN ISO 15189, r\u00e9alise sur ces diff\u00e9rents sites plus de 85% des analyses de routine et sp\u00e9cialis\u00e9es.\" \/>\n<meta property=\"og:url\" content=\"https:\/\/www.synlab.fr\/oxabio\/nous-connaitre\/decouvrir-synlab-oxabio\/nos-valeurs\/\" \/>\n<meta property=\"og:site_name\" content=\"Synlab Oxabio\" \/>\n<meta property=\"article:modified_time\" content=\"2023-01-19T13:24:18+00:00\" \/>\n<meta name=\"twitter:card\" content=\"summary_large_image\" \/>\n<script type=\"application\/ld+json\" class=\"yoast-schema-graph\">{\"@context\":\"https:\/\/schema.org\",\"@graph\":[{\"@type\":\"WebPage\",\"@id\":\"https:\/\/www.synlab.fr\/oxabio\/nous-connaitre\/decouvrir-synlab-oxabio\/nos-valeurs\/\",\"url\":\"https:\/\/www.synlab.fr\/oxabio\/nous-connaitre\/decouvrir-synlab-oxabio\/nos-valeurs\/\",\"name\":\"SYNLAB Oxabio - Nos valeurs\",\"isPartOf\":{\"@id\":\"https:\/\/www.synlab.fr\/oxabio\/#website\"},\"datePublished\":\"2022-08-29T09:56:37+00:00\",\"dateModified\":\"2023-01-19T13:24:18+00:00\",\"description\":\"Le laboratoire OXABIO, accr\u00e9dit\u00e9 depuis 2011 selon la norme NF EN ISO 15189, r\u00e9alise sur ces diff\u00e9rents sites plus de 85% des analyses de routine et sp\u00e9cialis\u00e9es.\",\"breadcrumb\":{\"@id\":\"https:\/\/www.synlab.fr\/oxabio\/nous-connaitre\/decouvrir-synlab-oxabio\/nos-valeurs\/#breadcrumb\"},\"inLanguage\":\"fr-FR\",\"potentialAction\":[{\"@type\":\"ReadAction\",\"target\":[\"https:\/\/www.synlab.fr\/oxabio\/nous-connaitre\/decouvrir-synlab-oxabio\/nos-valeurs\/\"]}]},{\"@type\":\"BreadcrumbList\",\"@id\":\"https:\/\/www.synlab.fr\/oxabio\/nous-connaitre\/decouvrir-synlab-oxabio\/nos-valeurs\/#breadcrumb\",\"itemListElement\":[{\"@type\":\"ListItem\",\"position\":1,\"name\":\"Home\",\"item\":\"https:\/\/www.synlab.fr\/oxabio\/\"},{\"@type\":\"ListItem\",\"position\":2,\"name\":\"Nous conna\u00eetre\",\"item\":\"https:\/\/www.synlab.fr\/oxabio\/nous-connaitre\/\"},{\"@type\":\"ListItem\",\"position\":3,\"name\":\"D\u00e9couvrir SYNLAB Oxabio\",\"item\":\"https:\/\/www.synlab.fr\/oxabio\/nous-connaitre\/decouvrir-synlab-oxabio\/\"},{\"@type\":\"ListItem\",\"position\":4,\"name\":\"Nos valeurs\"}]},{\"@type\":\"WebSite\",\"@id\":\"https:\/\/www.synlab.fr\/oxabio\/#website\",\"url\":\"https:\/\/www.synlab.fr\/oxabio\/\",\"name\":\"Synlab Oxabio\",\"description\":\"Un site utilisant Synlab\",\"potentialAction\":[{\"@type\":\"SearchAction\",\"target\":{\"@type\":\"EntryPoint\",\"urlTemplate\":\"https:\/\/www.synlab.fr\/oxabio\/?s={search_term_string}\"},\"query-input\":{\"@type\":\"PropertyValueSpecification\",\"valueRequired\":true,\"valueName\":\"search_term_string\"}}],\"inLanguage\":\"fr-FR\"}]}<\/script>\n<!-- \/ Yoast SEO plugin. -->","yoast_head_json":{"title":"SYNLAB Oxabio - Nos valeurs","description":"Le laboratoire OXABIO, accr\u00e9dit\u00e9 depuis 2011 selon la norme NF EN ISO 15189, r\u00e9alise sur ces diff\u00e9rents sites plus de 85% des analyses de routine et sp\u00e9cialis\u00e9es.","robots":{"index":"noindex","follow":"follow","max-snippet":"max-snippet:-1","max-image-preview":"max-image-preview:large","max-video-preview":"max-video-preview:-1"},"og_locale":"fr_FR","og_type":"article","og_title":"SYNLAB Oxabio - Nos valeurs","og_description":"Le laboratoire OXABIO, accr\u00e9dit\u00e9 depuis 2011 selon la norme NF EN ISO 15189, r\u00e9alise sur ces diff\u00e9rents sites plus de 85% des analyses de routine et sp\u00e9cialis\u00e9es.","og_url":"https:\/\/www.synlab.fr\/oxabio\/nous-connaitre\/decouvrir-synlab-oxabio\/nos-valeurs\/","og_site_name":"Synlab Oxabio","article_modified_time":"2023-01-19T13:24:18+00:00","twitter_card":"summary_large_image","schema":{"@context":"https:\/\/schema.org","@graph":[{"@type":"WebPage","@id":"https:\/\/www.synlab.fr\/oxabio\/nous-connaitre\/decouvrir-synlab-oxabio\/nos-valeurs\/","url":"https:\/\/www.synlab.fr\/oxabio\/nous-connaitre\/decouvrir-synlab-oxabio\/nos-valeurs\/","name":"SYNLAB Oxabio - Nos valeurs","isPartOf":{"@id":"https:\/\/www.synlab.fr\/oxabio\/#website"},"datePublished":"2022-08-29T09:56:37+00:00","dateModified":"2023-01-19T13:24:18+00:00","description":"Le laboratoire OXABIO, accr\u00e9dit\u00e9 depuis 2011 selon la norme NF EN ISO 15189, r\u00e9alise sur ces diff\u00e9rents sites plus de 85% des analyses de routine et sp\u00e9cialis\u00e9es.","breadcrumb":{"@id":"https:\/\/www.synlab.fr\/oxabio\/nous-connaitre\/decouvrir-synlab-oxabio\/nos-valeurs\/#breadcrumb"},"inLanguage":"fr-FR","potentialAction":[{"@type":"ReadAction","target":["https:\/\/www.synlab.fr\/oxabio\/nous-connaitre\/decouvrir-synlab-oxabio\/nos-valeurs\/"]}]},{"@type":"BreadcrumbList","@id":"https:\/\/www.synlab.fr\/oxabio\/nous-connaitre\/decouvrir-synlab-oxabio\/nos-valeurs\/#breadcrumb","itemListElement":[{"@type":"ListItem","position":1,"name":"Home","item":"https:\/\/www.synlab.fr\/oxabio\/"},{"@type":"ListItem","position":2,"name":"Nous conna\u00eetre","item":"https:\/\/www.synlab.fr\/oxabio\/nous-connaitre\/"},{"@type":"ListItem","position":3,"name":"D\u00e9couvrir SYNLAB Oxabio","item":"https:\/\/www.synlab.fr\/oxabio\/nous-connaitre\/decouvrir-synlab-oxabio\/"},{"@type":"ListItem","position":4,"name":"Nos valeurs"}]},{"@type":"WebSite","@id":"https:\/\/www.synlab.fr\/oxabio\/#website","url":"https:\/\/www.synlab.fr\/oxabio\/","name":"Synlab Oxabio","description":"Un site utilisant Synlab","potentialAction":[{"@type":"SearchAction","target":{"@type":"EntryPoint","urlTemplate":"https:\/\/www.synlab.fr\/oxabio\/?s={search_term_string}"},"query-input":{"@type":"PropertyValueSpecification","valueRequired":true,"valueName":"search_term_string"}}],"inLanguage":"fr-FR"}]}},"_links":{"self":[{"href":"https:\/\/www.synlab.fr\/oxabio\/wp-json\/wp\/v2\/pages\/1610","targetHints":{"allow":["GET"]}}],"collection":[{"href":"https:\/\/www.synlab.fr\/oxabio\/wp-json\/wp\/v2\/pages"}],"about":[{"href":"https:\/\/www.synlab.fr\/oxabio\/wp-json\/wp\/v2\/types\/page"}],"author":[{"embeddable":true,"href":"https:\/\/www.synlab.fr\/oxabio\/wp-json\/wp\/v2\/users\/13"}],"replies":[{"embeddable":true,"href":"https:\/\/www.synlab.fr\/oxabio\/wp-json\/wp\/v2\/comments?post=1610"}],"version-history":[{"count":12,"href":"https:\/\/www.synlab.fr\/oxabio\/wp-json\/wp\/v2\/pages\/1610\/revisions"}],"predecessor-version":[{"id":4876,"href":"https:\/\/www.synlab.fr\/oxabio\/wp-json\/wp\/v2\/pages\/1610\/revisions\/4876"}],"up":[{"embeddable":true,"href":"https:\/\/www.synlab.fr\/oxabio\/wp-json\/wp\/v2\/pages\/1380"}],"wp:attachment":[{"href":"https:\/\/www.synlab.fr\/oxabio\/wp-json\/wp\/v2\/media?parent=1610"}],"curies":[{"name":"wp","href":"https:\/\/api.w.org\/{rel}","templated":true}]}}