{"id":1616,"date":"2022-08-29T12:06:06","date_gmt":"2022-08-29T10:06:06","guid":{"rendered":"https:\/\/www.synlab.fr\/oxabio\/?page_id=1616"},"modified":"2023-02-07T11:16:29","modified_gmt":"2023-02-07T10:16:29","slug":"offre-analytique","status":"publish","type":"page","link":"https:\/\/www.synlab.fr\/oxabio\/nous-connaitre\/decouvrir-synlab-oxabio\/offre-analytique\/","title":{"rendered":"Notre offre analytique"},"content":{"rendered":"<div class=\"container block-texte_image\">\n\n\t\t\t<div class=\"block-texte_image-contenu order-1\" style=\"--widthContenu:80%\">\n\t\t\t<h2>Introduction<\/h2>\t\t\t<article><p><strong>Notre offre analytique\u00a0: + de 85% des analyses r\u00e9alis\u00e9es sur notre plateau technique<\/strong><\/p>\n<p>Le laboratoire SYNLAB OXABIO, accr\u00e9dit\u00e9 depuis 2011 selon la norme NF EN ISO 15189, r\u00e9alise sur ces diff\u00e9rents sites plus de 85% des analyses de routine et sp\u00e9cialis\u00e9es. Le laboratoire dispose d&rsquo;un plateau technique innovant et d&rsquo;\u00e9quipements performants afin de maintenir les d\u00e9lais de rendus de r\u00e9sultats les plus courts possibles.<\/p>\n<p>Le laboratoire r\u00e9alise plus de 140 analyses dans ces locaux, de fa\u00e7on automatiques ou manuelles, r\u00e9parties en diff\u00e9rents secteurs :<strong> biochimie g\u00e9n\u00e9rale et sp\u00e9cialis\u00e9e, h\u00e9matocytologie, h\u00e9mostase, immuno-h\u00e9matologie, auto-immunit\u00e9, allergie, microbiologie g\u00e9n\u00e9rale<\/strong> (s\u00e9rologie infectieuse, bact\u00e9riologie, parasitologie et mycologie).<\/p>\n<p><strong>Le laboratoire, soucieux de la qualit\u00e9 de ces r\u00e9sultats, met tout en \u0153uvre pour am\u00e9liorer la satisfaction de ses interlocuteurs :<\/strong><\/p>\n<ul>\n<li>renouvellement p\u00e9riodique du mat\u00e9riel<\/li>\n<li>investissement dans de nouvelles technologies plus performantes<\/li>\n<li>r\u00e9duction des d\u00e9lais analytiques<\/li>\n<\/ul>\n<p>Les autres analyses sont sous trait\u00e9es par des laboratoires r\u00e9pondant aux crit\u00e8res d&rsquo;exigence du laboratoire (Cerba, EFS, &#8230;). En cas de sous-traitance, le laboratoire ex\u00e9cutant est sp\u00e9cifi\u00e9 sur le compte-rendu.<\/p>\n<\/article>\t\t\t\t\t\t\n\t\t\t\t\t<\/div>\n\t\n\t\n\t\t<div class=\"block-texte_image-illustration order-0\" style=\"--widthImage:20%;\">\n\t\t\t<img decoding=\"async\" src=\"https:\/\/www.synlab.fr\/oxabio\/wp-content\/uploads\/sites\/41\/2022\/09\/Technicien_plateau-technique.jpeg\" alt=\"Technicien_plateau-technique\"\/>\n\t\t<\/div>\n\n\t\n\t\t\n<\/div>\n\n\n\n\n\t\n\t\n\n\n\n<div class=\"container-fluid block-separateur\" style=\"--heightDesk:10px;--heightMob:2px;\">\n\n    \n    \n<\/div>\n\n<div class=\"container block-texte_image\">\n\n\t\t\t<div class=\"block-texte_image-contenu order-0\" style=\"--widthContenu:55%\">\n\t\t\t<h2>Une v\u00e9ritable d\u00e9marche de politique qualit\u00e9 en interne :<\/h2>\t\t\t<article><p>Les laboratoires Synlab Oxabio ont toujours fait de la qualit\u00e9 une priorit\u00e9, concr\u00e9tis\u00e9e depuis plus de dix ans par l\u2019obtention et le maintien de leur accr\u00e9ditation. <strong>Aujourd&rsquo;hui, les laboratoires SYNLAB OXABIO sont accr\u00e9dit\u00e9s selon la norme NF EN ISO 15189 v 2012 &#8211; \u00ab\u00a0Accr\u00e9ditation COFRAC Examens M\u00e9dicaux, n\u00b08-1034, liste des sites et port\u00e9es disponibles sur www.cofrac.fr \u00ab\u00a0, pour 100% de leur activit\u00e9.<\/strong><\/p>\n<p>Soucieux d&rsquo;\u00eatre \u00e0 la hauteur de la confiance que vous pouvez nous t\u00e9moigner, SYNLAB OXABIO s&rsquo;inscrit au c\u0153ur m\u00eame d\u2019une d\u00e9marche d\u2019am\u00e9lioration continue, en r\u00e9pondant aux exigences r\u00e9glementaires et normatives.<\/p>\n<\/article>\t\t\t\t\t\t\n\t\t\t\t\t<\/div>\n\t\n\t\n\t\t<div class=\"block-texte_image-illustration order-1\" style=\"--widthImage:45%;\">\n\t\t\t<img decoding=\"async\" src=\"https:\/\/www.synlab.fr\/oxabio\/wp-content\/uploads\/sites\/41\/2023\/01\/standard-quality-control-concept-m.jpg\" alt=\"standard-quality-control-concept-m\"\/>\n\t\t<\/div>\n\n\t\n\t\t\n<\/div>\n\n\n\n\n\t\n\t\n\n\n\n<div class=\"container-fluid block-separateur\" style=\"--heightDesk:10px;--heightMob:2px;\">\n\n    \n    \n<\/div>\n\n<div class=\"container block-texte_image\">\n\n\t\t\t<div class=\"block-texte_image-contenu order-1\" style=\"--widthContenu:70%\">\n\t\t\t<h2>Nos engagements<\/h2>\t\t\t<article><ul>\n<li><strong>Accueillir nos patients de mani\u00e8re chaleureuse, conviviale<\/strong> et en toute confidentialit\u00e9<\/li>\n<li>Assurer <strong>une prise en charge efficace et rapide<\/strong><\/li>\n<li>R\u00e9aliser vos pr\u00e9l\u00e8vements par du <strong>personnel qualifi\u00e9 et comp\u00e9tent<\/strong><\/li>\n<li>\u00catre \u00e0 l\u2019\u00e9coute de vos attentes et de vos besoins<\/li>\n<li><strong>Rendre des r\u00e9sultats fiables et dans les meilleurs d\u00e9lais possibles<\/strong><\/li>\n<li>Faire r\u00e9aliser les analyses plus sp\u00e9cialis\u00e9es par des laboratoires agr\u00e9\u00e9s capables de rendre des r\u00e9sultats \u00e9galement fiables et rapides<\/li>\n<li>Nous mettre en relation avec les organismes de sant\u00e9 et de protection sociale de fa\u00e7on \u00e0 vous \u00e9viter, autant que possible, l\u2019avance de frais<\/li>\n<li><strong>Prendre les mesures n\u00e9cessaires pour informer le m\u00e9decin prescripteur en cas de r\u00e9sultat pathologique<\/strong>, n\u00e9cessitant une intervention th\u00e9rapeutique<\/li>\n<\/ul>\n<\/article>\t\t\t\t\t\t\n\t\t\t\t\t<\/div>\n\t\n\t\n\t\t<div class=\"block-texte_image-illustration order-0\" style=\"--widthImage:30%;\">\n\t\t\t<img decoding=\"async\" src=\"https:\/\/www.synlab.fr\/oxabio\/wp-content\/uploads\/sites\/41\/2023\/01\/multiracial-group-of-young-creative-people-in-smart-casual-wear-discussing-business-shaking-hands-together.jpg\" alt=\"multiracial-group-of-young-creative-people-in-smart-casual-wear-discussing-business-shaking-hands-together\"\/>\n\t\t<\/div>\n\n\t\n\t\t\n<\/div>\n\n\n\n\n\t\n\t\n\n\n\n<div class=\"container-fluid block-separateur\" style=\"--heightDesk:10px;--heightMob:2px;\">\n\n    \n    \n<\/div>\n\n<div class=\"container block-texte_image\">\n\n\t\t\t<div class=\"block-texte_image-contenu order-0\" style=\"--widthContenu:70%\">\n\t\t\t<h2>Nos laboratoires accr\u00e9dit\u00e9s : une preuve formelle de comp\u00e9tence<\/h2>\t\t\t<article><p>Depuis de nombreuses ann\u00e9es, SYNLAB OXABIO a mis en place <strong>une d\u00e9marche qualit\u00e9 volontaire afin d\u2019am\u00e9liorer son organisation mais surtout de mieux satisfaire ses patients, et l\u2019ensemble de ses correspondants :<\/strong> m\u00e9decins prescripteurs, infirmiers (-\u00e8res)\u2026 Pour cela, nous adressons \u00e0 la fin de chaque pr\u00e9l\u00e8vement, un questionnaire de satisfaction en ligne pour les patients dans une d\u00e9marche d\u2019am\u00e9lioration continue.<\/p>\n<\/article>\t\t\t\t\t\t\n\t\t\t\t\t<\/div>\n\t\n\t\n\t\t<div class=\"block-texte_image-illustration order-1\" style=\"--widthImage:30%;\">\n\t\t\t<img decoding=\"async\" src=\"https:\/\/www.synlab.fr\/oxabio\/wp-content\/uploads\/sites\/41\/2023\/01\/collage-of-customer-experience-concept.jpg\" alt=\"collage-of-customer-experience-concept\"\/>\n\t\t<\/div>\n\n\t\n\t\t\n<\/div>\n\n\n\n\n\t\n\t\n\n\n\n<div class=\"container-fluid block-separateur\" style=\"--heightDesk:10px;--heightMob:2px;\">\n\n    \n    \n<\/div>\n\n<div class=\"container block-texte_image\">\n\n\t\t\t<div class=\"block-texte_image-contenu order-1\" style=\"--widthContenu:70%\">\n\t\t\t<h2>Le biologiste m\u00e9dical, Un acteur cl\u00e9 du parcours de soin des patients  <\/h2>\t\t\t<article><p>La prestation de conseil est l\u2019expertise, par le biologiste, des demandes d\u2019examens de biologie m\u00e9dicale et de leurs r\u00e9sultats, afin d\u2019apporter un soutien clinico-biologique.<\/p>\n<p><strong>Cette prestation est assur\u00e9e \u00e0 toutes les \u00e9tapes de votre dossier :<\/strong><\/p>\n<ul>\n<li><strong>Avant analyse :<\/strong> assistance des prescripteurs pour le choix des tests, mise \u00e0 disposition sur ce site des fiches pratiques \u00e0 votre intention, conseils donn\u00e9s par le personnel.<\/li>\n<li><strong>En cours d\u2019analyse :<\/strong> investigations compl\u00e9mentaires, apr\u00e8s concertation avec le clinicien, lors de la d\u00e9couverte d\u2019un r\u00e9sultat anormal permettant un gain de temps diagnostic<\/li>\n<li><strong>Apr\u00e8s analyse :<\/strong> interpr\u00e9tation finale des r\u00e9sultats biologiques lorsque n\u00e9cessaire, commentaire des r\u00e9sultats sur demande.<\/li>\n<\/ul>\n<\/article>\t\t\t\t\t\t\n\t\t\t\t\t<\/div>\n\t\n\t\n\t\t<div class=\"block-texte_image-illustration order-0\" style=\"--widthImage:30%;\">\n\t\t\t<img decoding=\"async\" src=\"https:\/\/www.synlab.fr\/oxabio\/wp-content\/uploads\/sites\/41\/2023\/01\/JOURNEE-DES-PHARMACIENS-2.png\" alt=\"JOURNEE DES PHARMACIENS (2)\"\/>\n\t\t<\/div>\n\n\t\n\t\t\n<\/div>\n\n\n\n\n\t\n\t\n\n\n\n<div class=\"container-fluid block-separateur\" style=\"--heightDesk:15px;--heightMob:10px;\">\n\n    \n    \n<\/div>\n\n\n<div class=\"container-grid block-satisfaction\">\n\t\t\t\t\n\n\t<div class=\"block-satisfaction-left\">\n\t\t<img decoding=\"async\" src=\"https:\/\/www.synlab.fr\/oxabio\/wp-content\/uploads\/sites\/41\/2023\/01\/speech-bubble-with-question-mark-800x800.jpg\" alt=\"speech-bubble-with-question-mark\" \/>\n\t<\/div>\n\n\t<div class=\"block-satisfaction-right\">\n\t\n\t\t<div class=\"block-securite-right-item-texte\"><p><strong>Le saviez-vous\u00a0?<\/strong><\/p>\n<p>Le biologiste m\u00e9dical est un professionnel de sant\u00e9 qui reste disponible et \u00e0 votre \u00e9coute pour toutes demandes d\u2019informations si vous avez besoin d\u2019une interpr\u00e9tation ou d\u2019un conseil.<\/p>\n<\/div>\n\t\t\t\t\n\t\t\t\n\t\t\n\t<\/div>\n<\/div>\n\n\n\n\n<blockquote class=\"wp-block-quote is-layout-flow wp-block-quote-is-layout-flow\">\n<p><\/p>\n<\/blockquote>\n","protected":false},"excerpt":{"rendered":"","protected":false},"author":13,"featured_media":3152,"parent":1380,"menu_order":4,"comment_status":"closed","ping_status":"closed","template":"","meta":{"_acf_changed":false,"footnotes":""},"class_list":["post-1616","page","type-page","status-publish","has-post-thumbnail","hentry"],"acf":[],"yoast_head":"<!-- This site is optimized with the Yoast SEO plugin v26.3 - https:\/\/yoast.com\/wordpress\/plugins\/seo\/ -->\n<title>SYNLAB Oxabio - Notre offre analytique<\/title>\n<meta name=\"description\" content=\"Le laboratoire r\u00e9alise plus de 140 analyses dans ces locaux, de fa\u00e7on automatiques ou manuelles, r\u00e9parties en diff\u00e9rents secteurs : biochimie, h\u00e9matologie, allergie, bact\u00e9riologie.\" \/>\n<meta name=\"robots\" content=\"noindex, follow, max-snippet:-1, max-image-preview:large, max-video-preview:-1\" \/>\n<meta property=\"og:locale\" content=\"fr_FR\" \/>\n<meta property=\"og:type\" content=\"article\" \/>\n<meta property=\"og:title\" content=\"SYNLAB Oxabio - Notre offre analytique\" \/>\n<meta property=\"og:description\" content=\"Le laboratoire r\u00e9alise plus de 140 analyses dans ces locaux, de fa\u00e7on automatiques ou manuelles, r\u00e9parties en diff\u00e9rents secteurs : biochimie, h\u00e9matologie, allergie, bact\u00e9riologie.\" \/>\n<meta property=\"og:url\" content=\"https:\/\/www.synlab.fr\/oxabio\/nous-connaitre\/decouvrir-synlab-oxabio\/offre-analytique\/\" \/>\n<meta property=\"og:site_name\" content=\"Synlab Oxabio\" \/>\n<meta property=\"article:modified_time\" content=\"2023-02-07T10:16:29+00:00\" \/>\n<meta property=\"og:image\" content=\"https:\/\/www.synlab.fr\/clone\/oxabio\/wp-content\/uploads\/sites\/41\/2022\/09\/ecouvillon_tube_gants_bleuD2.jpg\" \/>\n\t<meta property=\"og:image:width\" content=\"1062\" \/>\n\t<meta property=\"og:image:height\" content=\"500\" \/>\n\t<meta property=\"og:image:type\" content=\"image\/jpeg\" \/>\n<meta name=\"twitter:card\" content=\"summary_large_image\" \/>\n<script type=\"application\/ld+json\" class=\"yoast-schema-graph\">{\"@context\":\"https:\/\/schema.org\",\"@graph\":[{\"@type\":\"WebPage\",\"@id\":\"https:\/\/www.synlab.fr\/oxabio\/nous-connaitre\/decouvrir-synlab-oxabio\/offre-analytique\/\",\"url\":\"https:\/\/www.synlab.fr\/oxabio\/nous-connaitre\/decouvrir-synlab-oxabio\/offre-analytique\/\",\"name\":\"SYNLAB Oxabio - Notre offre analytique\",\"isPartOf\":{\"@id\":\"https:\/\/www.synlab.fr\/oxabio\/#website\"},\"primaryImageOfPage\":{\"@id\":\"https:\/\/www.synlab.fr\/oxabio\/nous-connaitre\/decouvrir-synlab-oxabio\/offre-analytique\/#primaryimage\"},\"image\":{\"@id\":\"https:\/\/www.synlab.fr\/oxabio\/nous-connaitre\/decouvrir-synlab-oxabio\/offre-analytique\/#primaryimage\"},\"thumbnailUrl\":\"https:\/\/www.synlab.fr\/oxabio\/wp-content\/uploads\/sites\/41\/2022\/09\/ecouvillon_tube_gants_bleuD2.jpg\",\"datePublished\":\"2022-08-29T10:06:06+00:00\",\"dateModified\":\"2023-02-07T10:16:29+00:00\",\"description\":\"Le laboratoire r\u00e9alise plus de 140 analyses dans ces locaux, de fa\u00e7on automatiques ou manuelles, r\u00e9parties en diff\u00e9rents secteurs : biochimie, h\u00e9matologie, allergie, bact\u00e9riologie.\",\"breadcrumb\":{\"@id\":\"https:\/\/www.synlab.fr\/oxabio\/nous-connaitre\/decouvrir-synlab-oxabio\/offre-analytique\/#breadcrumb\"},\"inLanguage\":\"fr-FR\",\"potentialAction\":[{\"@type\":\"ReadAction\",\"target\":[\"https:\/\/www.synlab.fr\/oxabio\/nous-connaitre\/decouvrir-synlab-oxabio\/offre-analytique\/\"]}]},{\"@type\":\"ImageObject\",\"inLanguage\":\"fr-FR\",\"@id\":\"https:\/\/www.synlab.fr\/oxabio\/nous-connaitre\/decouvrir-synlab-oxabio\/offre-analytique\/#primaryimage\",\"url\":\"https:\/\/www.synlab.fr\/oxabio\/wp-content\/uploads\/sites\/41\/2022\/09\/ecouvillon_tube_gants_bleuD2.jpg\",\"contentUrl\":\"https:\/\/www.synlab.fr\/oxabio\/wp-content\/uploads\/sites\/41\/2022\/09\/ecouvillon_tube_gants_bleuD2.jpg\",\"width\":1062,\"height\":500,\"caption\":\"Biologiste avec tes gants bleus qui tient un \u00e9couvillon\"},{\"@type\":\"BreadcrumbList\",\"@id\":\"https:\/\/www.synlab.fr\/oxabio\/nous-connaitre\/decouvrir-synlab-oxabio\/offre-analytique\/#breadcrumb\",\"itemListElement\":[{\"@type\":\"ListItem\",\"position\":1,\"name\":\"Home\",\"item\":\"https:\/\/www.synlab.fr\/oxabio\/\"},{\"@type\":\"ListItem\",\"position\":2,\"name\":\"Nous conna\u00eetre\",\"item\":\"https:\/\/www.synlab.fr\/oxabio\/nous-connaitre\/\"},{\"@type\":\"ListItem\",\"position\":3,\"name\":\"D\u00e9couvrir SYNLAB Oxabio\",\"item\":\"https:\/\/www.synlab.fr\/oxabio\/nous-connaitre\/decouvrir-synlab-oxabio\/\"},{\"@type\":\"ListItem\",\"position\":4,\"name\":\"Notre offre analytique\"}]},{\"@type\":\"WebSite\",\"@id\":\"https:\/\/www.synlab.fr\/oxabio\/#website\",\"url\":\"https:\/\/www.synlab.fr\/oxabio\/\",\"name\":\"Synlab Oxabio\",\"description\":\"Un site utilisant Synlab\",\"potentialAction\":[{\"@type\":\"SearchAction\",\"target\":{\"@type\":\"EntryPoint\",\"urlTemplate\":\"https:\/\/www.synlab.fr\/oxabio\/?s={search_term_string}\"},\"query-input\":{\"@type\":\"PropertyValueSpecification\",\"valueRequired\":true,\"valueName\":\"search_term_string\"}}],\"inLanguage\":\"fr-FR\"}]}<\/script>\n<!-- \/ Yoast SEO plugin. -->","yoast_head_json":{"title":"SYNLAB Oxabio - Notre offre analytique","description":"Le laboratoire r\u00e9alise plus de 140 analyses dans ces locaux, de fa\u00e7on automatiques ou manuelles, r\u00e9parties en diff\u00e9rents secteurs : biochimie, h\u00e9matologie, allergie, bact\u00e9riologie.","robots":{"index":"noindex","follow":"follow","max-snippet":"max-snippet:-1","max-image-preview":"max-image-preview:large","max-video-preview":"max-video-preview:-1"},"og_locale":"fr_FR","og_type":"article","og_title":"SYNLAB Oxabio - Notre offre analytique","og_description":"Le laboratoire r\u00e9alise plus de 140 analyses dans ces locaux, de fa\u00e7on automatiques ou manuelles, r\u00e9parties en diff\u00e9rents secteurs : biochimie, h\u00e9matologie, allergie, bact\u00e9riologie.","og_url":"https:\/\/www.synlab.fr\/oxabio\/nous-connaitre\/decouvrir-synlab-oxabio\/offre-analytique\/","og_site_name":"Synlab Oxabio","article_modified_time":"2023-02-07T10:16:29+00:00","og_image":[{"width":1062,"height":500,"url":"https:\/\/www.synlab.fr\/clone\/oxabio\/wp-content\/uploads\/sites\/41\/2022\/09\/ecouvillon_tube_gants_bleuD2.jpg","type":"image\/jpeg"}],"twitter_card":"summary_large_image","schema":{"@context":"https:\/\/schema.org","@graph":[{"@type":"WebPage","@id":"https:\/\/www.synlab.fr\/oxabio\/nous-connaitre\/decouvrir-synlab-oxabio\/offre-analytique\/","url":"https:\/\/www.synlab.fr\/oxabio\/nous-connaitre\/decouvrir-synlab-oxabio\/offre-analytique\/","name":"SYNLAB Oxabio - Notre offre analytique","isPartOf":{"@id":"https:\/\/www.synlab.fr\/oxabio\/#website"},"primaryImageOfPage":{"@id":"https:\/\/www.synlab.fr\/oxabio\/nous-connaitre\/decouvrir-synlab-oxabio\/offre-analytique\/#primaryimage"},"image":{"@id":"https:\/\/www.synlab.fr\/oxabio\/nous-connaitre\/decouvrir-synlab-oxabio\/offre-analytique\/#primaryimage"},"thumbnailUrl":"https:\/\/www.synlab.fr\/oxabio\/wp-content\/uploads\/sites\/41\/2022\/09\/ecouvillon_tube_gants_bleuD2.jpg","datePublished":"2022-08-29T10:06:06+00:00","dateModified":"2023-02-07T10:16:29+00:00","description":"Le laboratoire r\u00e9alise plus de 140 analyses dans ces locaux, de fa\u00e7on automatiques ou manuelles, r\u00e9parties en diff\u00e9rents secteurs : biochimie, h\u00e9matologie, allergie, bact\u00e9riologie.","breadcrumb":{"@id":"https:\/\/www.synlab.fr\/oxabio\/nous-connaitre\/decouvrir-synlab-oxabio\/offre-analytique\/#breadcrumb"},"inLanguage":"fr-FR","potentialAction":[{"@type":"ReadAction","target":["https:\/\/www.synlab.fr\/oxabio\/nous-connaitre\/decouvrir-synlab-oxabio\/offre-analytique\/"]}]},{"@type":"ImageObject","inLanguage":"fr-FR","@id":"https:\/\/www.synlab.fr\/oxabio\/nous-connaitre\/decouvrir-synlab-oxabio\/offre-analytique\/#primaryimage","url":"https:\/\/www.synlab.fr\/oxabio\/wp-content\/uploads\/sites\/41\/2022\/09\/ecouvillon_tube_gants_bleuD2.jpg","contentUrl":"https:\/\/www.synlab.fr\/oxabio\/wp-content\/uploads\/sites\/41\/2022\/09\/ecouvillon_tube_gants_bleuD2.jpg","width":1062,"height":500,"caption":"Biologiste avec tes gants bleus qui tient un \u00e9couvillon"},{"@type":"BreadcrumbList","@id":"https:\/\/www.synlab.fr\/oxabio\/nous-connaitre\/decouvrir-synlab-oxabio\/offre-analytique\/#breadcrumb","itemListElement":[{"@type":"ListItem","position":1,"name":"Home","item":"https:\/\/www.synlab.fr\/oxabio\/"},{"@type":"ListItem","position":2,"name":"Nous conna\u00eetre","item":"https:\/\/www.synlab.fr\/oxabio\/nous-connaitre\/"},{"@type":"ListItem","position":3,"name":"D\u00e9couvrir SYNLAB Oxabio","item":"https:\/\/www.synlab.fr\/oxabio\/nous-connaitre\/decouvrir-synlab-oxabio\/"},{"@type":"ListItem","position":4,"name":"Notre offre analytique"}]},{"@type":"WebSite","@id":"https:\/\/www.synlab.fr\/oxabio\/#website","url":"https:\/\/www.synlab.fr\/oxabio\/","name":"Synlab Oxabio","description":"Un site utilisant Synlab","potentialAction":[{"@type":"SearchAction","target":{"@type":"EntryPoint","urlTemplate":"https:\/\/www.synlab.fr\/oxabio\/?s={search_term_string}"},"query-input":{"@type":"PropertyValueSpecification","valueRequired":true,"valueName":"search_term_string"}}],"inLanguage":"fr-FR"}]}},"_links":{"self":[{"href":"https:\/\/www.synlab.fr\/oxabio\/wp-json\/wp\/v2\/pages\/1616","targetHints":{"allow":["GET"]}}],"collection":[{"href":"https:\/\/www.synlab.fr\/oxabio\/wp-json\/wp\/v2\/pages"}],"about":[{"href":"https:\/\/www.synlab.fr\/oxabio\/wp-json\/wp\/v2\/types\/page"}],"author":[{"embeddable":true,"href":"https:\/\/www.synlab.fr\/oxabio\/wp-json\/wp\/v2\/users\/13"}],"replies":[{"embeddable":true,"href":"https:\/\/www.synlab.fr\/oxabio\/wp-json\/wp\/v2\/comments?post=1616"}],"version-history":[{"count":30,"href":"https:\/\/www.synlab.fr\/oxabio\/wp-json\/wp\/v2\/pages\/1616\/revisions"}],"predecessor-version":[{"id":4998,"href":"https:\/\/www.synlab.fr\/oxabio\/wp-json\/wp\/v2\/pages\/1616\/revisions\/4998"}],"up":[{"embeddable":true,"href":"https:\/\/www.synlab.fr\/oxabio\/wp-json\/wp\/v2\/pages\/1380"}],"wp:featuredmedia":[{"embeddable":true,"href":"https:\/\/www.synlab.fr\/oxabio\/wp-json\/wp\/v2\/media\/3152"}],"wp:attachment":[{"href":"https:\/\/www.synlab.fr\/oxabio\/wp-json\/wp\/v2\/media?parent=1616"}],"curies":[{"name":"wp","href":"https:\/\/api.w.org\/{rel}","templated":true}]}}