{"id":1623,"date":"2022-08-29T13:47:47","date_gmt":"2022-08-29T11:47:47","guid":{"rendered":"https:\/\/www.synlab.fr\/oxabio\/?page_id=1623"},"modified":"2023-01-19T16:09:32","modified_gmt":"2023-01-19T15:09:32","slug":"les-equipes","status":"publish","type":"page","link":"https:\/\/www.synlab.fr\/oxabio\/nous-connaitre\/decouvrir-synlab-oxabio\/les-equipes\/","title":{"rendered":"Catalogue des analyses"},"content":{"rendered":"<div class=\"container block-texte_image\">\n\n\t\t\t<div class=\"block-texte_image-contenu order-1\" style=\"--widthContenu:75%\">\n\t\t\t\t\t\t<article><div class=\"clear h10px\"><img loading=\"lazy\" decoding=\"async\" src=\"https:\/\/www.oxabio.fr\/Pics\/1px.gif\" alt=\"\" width=\"1\" height=\"1\" \/><strong>Le laboratoire r\u00e9alise plus de 140 analyses sur l&rsquo;ensemble des sites et les analyses particuli\u00e8res sont envoy\u00e9es dans des laboratoires sp\u00e9cialis\u00e9s (ex : CERBA, EFS).<\/strong><\/div>\n<div><\/div>\n<div id=\"main_CMS\">\n<p><strong>90% des analyses r\u00e9alis\u00e9es au laboratoire sont rendues le jour m\u00eame.<\/strong><br \/>\nLe laboratoire traite les pr\u00e9l\u00e8vements sanguins, urinaires, f\u00e9caux, liquides divers (gastrique, articulaire, &#8230;) d&rsquo;origine humaine ou animale.<\/p>\n<p>Selon les analyses prescrites, des informations (heure de pr\u00e9l\u00e8vement, poids, date des derni\u00e8res r\u00e8gles , traitement, &#8230;) ou des pr\u00e9conisations de pr\u00e9l\u00e8vements (\u00e9tat de je\u00fbn, nature du tube pr\u00e9lev\u00e9, conservation des pr\u00e9l\u00e8vements, &#8230;) sont requises.<\/p>\n<p>Pour plus d&rsquo;information, vous pouvez consulter\u00a0<a href=\"https:\/\/ilabpro.labco.eu\/public\/F118\/analysis\/0\/1\" target=\"_blank\" rel=\"noopener\">Ilab<\/a>.<\/p>\n<p>Pour obtenir plus de renseignements sur les analyses prescrites par votre m\u00e9decin, rendez-vous sur le site\u00a0<a href=\"http:\/\/www.labtestsonline.fr\/\" target=\"_blank\" rel=\"noopener\"><strong>Labtestonline<\/strong><\/a>.<\/p>\n<\/div>\n<\/article>\t\t\t\t\t\t\n\t\t\t\t\t<\/div>\n\t\n\t\n\t\t<div class=\"block-texte_image-illustration order-0\" style=\"--widthImage:25%;\">\n\t\t\t<img decoding=\"async\" src=\"https:\/\/www.synlab.fr\/oxabio\/wp-content\/uploads\/sites\/41\/2022\/10\/testalize-me-9xHsWmh3m_4-unsplash.jpg\" alt=\"testalize-me-9xHsWmh3m_4-unsplash\"\/>\n\t\t<\/div>\n\n\t\n\t\t\n<\/div>\n\n\n\n\n\t\n\t\n\n\n<div class=\"container block-equipes\">\n\n\t\n\t\t\t\t\t<div class=\"block-equipes-item\">\n\t\t\t<div class=\"block-equipes-item-image\">\n\t\t\t\t<img decoding=\"async\" src=\"https:\/\/www.synlab.fr\/oxabio\/wp-content\/uploads\/sites\/41\/2023\/01\/Sans-titre-200x200.jpg\" alt=\"Sans titre\" \/>\n\t\t\t<\/div>\n\t\t\t<div class=\"block-equipes-item-textes\">\n\t\t\t\t<div class=\"block-equipes-item-textes-nom\">H\u00e9matologie<\/div>\n\t\t\t\t<div class=\"block-equipes-item-textes-fonction\"><\/div>\n\t\t\t\t\t\t\t<\/div>\n\t\t<\/div>\n\t\t\t\t<div class=\"block-equipes-item\">\n\t\t\t<div class=\"block-equipes-item-image\">\n\t\t\t\t<img decoding=\"async\" src=\"https:\/\/www.synlab.fr\/oxabio\/wp-content\/uploads\/sites\/41\/2023\/01\/kugu-200x200.jpg\" alt=\"kugu\" \/>\n\t\t\t<\/div>\n\t\t\t<div class=\"block-equipes-item-textes\">\n\t\t\t\t<div class=\"block-equipes-item-textes-nom\">Biochimie<\/div>\n\t\t\t\t<div class=\"block-equipes-item-textes-fonction\"><\/div>\n\t\t\t\t\t\t\t<\/div>\n\t\t<\/div>\n\t\t\t\t<div class=\"block-equipes-item\">\n\t\t\t<div class=\"block-equipes-item-image\">\n\t\t\t\t<img decoding=\"async\" src=\"https:\/\/www.synlab.fr\/oxabio\/wp-content\/uploads\/sites\/41\/2023\/01\/fhs-200x200.jpg\" alt=\"fhs\" \/>\n\t\t\t<\/div>\n\t\t\t<div class=\"block-equipes-item-textes\">\n\t\t\t\t<div class=\"block-equipes-item-textes-nom\">Immunologie<\/div>\n\t\t\t\t<div class=\"block-equipes-item-textes-fonction\"><\/div>\n\t\t\t\t\t\t\t<\/div>\n\t\t<\/div>\n\t\t\t\t<div class=\"block-equipes-item\">\n\t\t\t<div class=\"block-equipes-item-image\">\n\t\t\t\t<img decoding=\"async\" src=\"https:\/\/www.synlab.fr\/oxabio\/wp-content\/uploads\/sites\/41\/2023\/01\/ogu-200x200.jpg\" alt=\"ogu\" \/>\n\t\t\t<\/div>\n\t\t\t<div class=\"block-equipes-item-textes\">\n\t\t\t\t<div class=\"block-equipes-item-textes-nom\">Bact\u00e9riologie<\/div>\n\t\t\t\t<div class=\"block-equipes-item-textes-fonction\"><\/div>\n\t\t\t\t\t\t\t<\/div>\n\t\t<\/div>\n\t\t\t\t\n<\/div>\n\n\n\n\n<p><\/p>\n","protected":false},"excerpt":{"rendered":"","protected":false},"author":13,"featured_media":0,"parent":1380,"menu_order":5,"comment_status":"closed","ping_status":"closed","template":"","meta":{"_acf_changed":false,"footnotes":""},"class_list":["post-1623","page","type-page","status-publish","hentry"],"acf":[],"yoast_head":"<!-- This site is optimized with the Yoast SEO plugin v26.3 - https:\/\/yoast.com\/wordpress\/plugins\/seo\/ -->\n<title>SYNLAB Oxabio - Catalogue des analyses<\/title>\n<meta name=\"description\" content=\"Le laboratoire r\u00e9alise plus de 140 analyses sur l\u2019ensemble des sites et les analyses particuli\u00e8res sont envoy\u00e9es dans des laboratoires sp\u00e9cialis\u00e9s (ex : CERBA, EFS).\" \/>\n<meta name=\"robots\" content=\"noindex, follow, max-snippet:-1, max-image-preview:large, max-video-preview:-1\" \/>\n<meta property=\"og:locale\" content=\"fr_FR\" \/>\n<meta property=\"og:type\" content=\"article\" \/>\n<meta property=\"og:title\" content=\"SYNLAB Oxabio - Catalogue des analyses\" \/>\n<meta property=\"og:description\" content=\"Le laboratoire r\u00e9alise plus de 140 analyses sur l\u2019ensemble des sites et les analyses particuli\u00e8res sont envoy\u00e9es dans des laboratoires sp\u00e9cialis\u00e9s (ex : CERBA, EFS).\" \/>\n<meta property=\"og:url\" content=\"https:\/\/www.synlab.fr\/oxabio\/nous-connaitre\/decouvrir-synlab-oxabio\/les-equipes\/\" \/>\n<meta property=\"og:site_name\" content=\"Synlab Oxabio\" \/>\n<meta property=\"article:modified_time\" content=\"2023-01-19T15:09:32+00:00\" \/>\n<meta name=\"twitter:card\" content=\"summary_large_image\" \/>\n<script type=\"application\/ld+json\" class=\"yoast-schema-graph\">{\"@context\":\"https:\/\/schema.org\",\"@graph\":[{\"@type\":\"WebPage\",\"@id\":\"https:\/\/www.synlab.fr\/oxabio\/nous-connaitre\/decouvrir-synlab-oxabio\/les-equipes\/\",\"url\":\"https:\/\/www.synlab.fr\/oxabio\/nous-connaitre\/decouvrir-synlab-oxabio\/les-equipes\/\",\"name\":\"SYNLAB Oxabio - Catalogue des analyses\",\"isPartOf\":{\"@id\":\"https:\/\/www.synlab.fr\/oxabio\/#website\"},\"datePublished\":\"2022-08-29T11:47:47+00:00\",\"dateModified\":\"2023-01-19T15:09:32+00:00\",\"description\":\"Le laboratoire r\u00e9alise plus de 140 analyses sur l\u2019ensemble des sites et les analyses particuli\u00e8res sont envoy\u00e9es dans des laboratoires sp\u00e9cialis\u00e9s (ex : CERBA, EFS).\",\"breadcrumb\":{\"@id\":\"https:\/\/www.synlab.fr\/oxabio\/nous-connaitre\/decouvrir-synlab-oxabio\/les-equipes\/#breadcrumb\"},\"inLanguage\":\"fr-FR\",\"potentialAction\":[{\"@type\":\"ReadAction\",\"target\":[\"https:\/\/www.synlab.fr\/oxabio\/nous-connaitre\/decouvrir-synlab-oxabio\/les-equipes\/\"]}]},{\"@type\":\"BreadcrumbList\",\"@id\":\"https:\/\/www.synlab.fr\/oxabio\/nous-connaitre\/decouvrir-synlab-oxabio\/les-equipes\/#breadcrumb\",\"itemListElement\":[{\"@type\":\"ListItem\",\"position\":1,\"name\":\"Home\",\"item\":\"https:\/\/www.synlab.fr\/oxabio\/\"},{\"@type\":\"ListItem\",\"position\":2,\"name\":\"Nous conna\u00eetre\",\"item\":\"https:\/\/www.synlab.fr\/oxabio\/nous-connaitre\/\"},{\"@type\":\"ListItem\",\"position\":3,\"name\":\"D\u00e9couvrir SYNLAB Oxabio\",\"item\":\"https:\/\/www.synlab.fr\/oxabio\/nous-connaitre\/decouvrir-synlab-oxabio\/\"},{\"@type\":\"ListItem\",\"position\":4,\"name\":\"Catalogue des analyses\"}]},{\"@type\":\"WebSite\",\"@id\":\"https:\/\/www.synlab.fr\/oxabio\/#website\",\"url\":\"https:\/\/www.synlab.fr\/oxabio\/\",\"name\":\"Synlab Oxabio\",\"description\":\"Un site utilisant Synlab\",\"potentialAction\":[{\"@type\":\"SearchAction\",\"target\":{\"@type\":\"EntryPoint\",\"urlTemplate\":\"https:\/\/www.synlab.fr\/oxabio\/?s={search_term_string}\"},\"query-input\":{\"@type\":\"PropertyValueSpecification\",\"valueRequired\":true,\"valueName\":\"search_term_string\"}}],\"inLanguage\":\"fr-FR\"}]}<\/script>\n<!-- \/ Yoast SEO plugin. -->","yoast_head_json":{"title":"SYNLAB Oxabio - Catalogue des analyses","description":"Le laboratoire r\u00e9alise plus de 140 analyses sur l\u2019ensemble des sites et les analyses particuli\u00e8res sont envoy\u00e9es dans des laboratoires sp\u00e9cialis\u00e9s (ex : CERBA, EFS).","robots":{"index":"noindex","follow":"follow","max-snippet":"max-snippet:-1","max-image-preview":"max-image-preview:large","max-video-preview":"max-video-preview:-1"},"og_locale":"fr_FR","og_type":"article","og_title":"SYNLAB Oxabio - Catalogue des analyses","og_description":"Le laboratoire r\u00e9alise plus de 140 analyses sur l\u2019ensemble des sites et les analyses particuli\u00e8res sont envoy\u00e9es dans des laboratoires sp\u00e9cialis\u00e9s (ex : CERBA, EFS).","og_url":"https:\/\/www.synlab.fr\/oxabio\/nous-connaitre\/decouvrir-synlab-oxabio\/les-equipes\/","og_site_name":"Synlab Oxabio","article_modified_time":"2023-01-19T15:09:32+00:00","twitter_card":"summary_large_image","schema":{"@context":"https:\/\/schema.org","@graph":[{"@type":"WebPage","@id":"https:\/\/www.synlab.fr\/oxabio\/nous-connaitre\/decouvrir-synlab-oxabio\/les-equipes\/","url":"https:\/\/www.synlab.fr\/oxabio\/nous-connaitre\/decouvrir-synlab-oxabio\/les-equipes\/","name":"SYNLAB Oxabio - Catalogue des analyses","isPartOf":{"@id":"https:\/\/www.synlab.fr\/oxabio\/#website"},"datePublished":"2022-08-29T11:47:47+00:00","dateModified":"2023-01-19T15:09:32+00:00","description":"Le laboratoire r\u00e9alise plus de 140 analyses sur l\u2019ensemble des sites et les analyses particuli\u00e8res sont envoy\u00e9es dans des laboratoires sp\u00e9cialis\u00e9s (ex : CERBA, EFS).","breadcrumb":{"@id":"https:\/\/www.synlab.fr\/oxabio\/nous-connaitre\/decouvrir-synlab-oxabio\/les-equipes\/#breadcrumb"},"inLanguage":"fr-FR","potentialAction":[{"@type":"ReadAction","target":["https:\/\/www.synlab.fr\/oxabio\/nous-connaitre\/decouvrir-synlab-oxabio\/les-equipes\/"]}]},{"@type":"BreadcrumbList","@id":"https:\/\/www.synlab.fr\/oxabio\/nous-connaitre\/decouvrir-synlab-oxabio\/les-equipes\/#breadcrumb","itemListElement":[{"@type":"ListItem","position":1,"name":"Home","item":"https:\/\/www.synlab.fr\/oxabio\/"},{"@type":"ListItem","position":2,"name":"Nous conna\u00eetre","item":"https:\/\/www.synlab.fr\/oxabio\/nous-connaitre\/"},{"@type":"ListItem","position":3,"name":"D\u00e9couvrir SYNLAB Oxabio","item":"https:\/\/www.synlab.fr\/oxabio\/nous-connaitre\/decouvrir-synlab-oxabio\/"},{"@type":"ListItem","position":4,"name":"Catalogue des analyses"}]},{"@type":"WebSite","@id":"https:\/\/www.synlab.fr\/oxabio\/#website","url":"https:\/\/www.synlab.fr\/oxabio\/","name":"Synlab Oxabio","description":"Un site utilisant Synlab","potentialAction":[{"@type":"SearchAction","target":{"@type":"EntryPoint","urlTemplate":"https:\/\/www.synlab.fr\/oxabio\/?s={search_term_string}"},"query-input":{"@type":"PropertyValueSpecification","valueRequired":true,"valueName":"search_term_string"}}],"inLanguage":"fr-FR"}]}},"_links":{"self":[{"href":"https:\/\/www.synlab.fr\/oxabio\/wp-json\/wp\/v2\/pages\/1623","targetHints":{"allow":["GET"]}}],"collection":[{"href":"https:\/\/www.synlab.fr\/oxabio\/wp-json\/wp\/v2\/pages"}],"about":[{"href":"https:\/\/www.synlab.fr\/oxabio\/wp-json\/wp\/v2\/types\/page"}],"author":[{"embeddable":true,"href":"https:\/\/www.synlab.fr\/oxabio\/wp-json\/wp\/v2\/users\/13"}],"replies":[{"embeddable":true,"href":"https:\/\/www.synlab.fr\/oxabio\/wp-json\/wp\/v2\/comments?post=1623"}],"version-history":[{"count":16,"href":"https:\/\/www.synlab.fr\/oxabio\/wp-json\/wp\/v2\/pages\/1623\/revisions"}],"predecessor-version":[{"id":4903,"href":"https:\/\/www.synlab.fr\/oxabio\/wp-json\/wp\/v2\/pages\/1623\/revisions\/4903"}],"up":[{"embeddable":true,"href":"https:\/\/www.synlab.fr\/oxabio\/wp-json\/wp\/v2\/pages\/1380"}],"wp:attachment":[{"href":"https:\/\/www.synlab.fr\/oxabio\/wp-json\/wp\/v2\/media?parent=1623"}],"curies":[{"name":"wp","href":"https:\/\/api.w.org\/{rel}","templated":true}]}}