{"id":18,"date":"2022-04-28T17:16:11","date_gmt":"2022-04-28T15:16:11","guid":{"rendered":"https:\/\/www.synlab.fr\/aix-en-provence\/?page_id=18"},"modified":"2023-02-07T13:57:04","modified_gmt":"2023-02-07T12:57:04","slug":"patient","status":"publish","type":"page","link":"https:\/\/www.synlab.fr\/oxabio\/patient\/","title":{"rendered":"Espace patient"},"content":{"rendered":"<div class=\"container block-texte_image\">\n\n\t\t\t<div class=\"block-texte_image-contenu order-1\" style=\"--widthContenu:100%\">\n\t\t\t<h2>Se pr\u00e9parer avant votre arriv\u00e9e dans nos laboratoires d&rsquo;analyses <\/h2>\t\t\t<article><p>Bienvenue dans cet espace de sant\u00e9 o\u00f9 vous pourrez retrouver l&rsquo;ensemble des informations n\u00e9cessaires pour pr\u00e9parer votre visite ou celles de vos proches au sein de nos laboratoires d&rsquo;analyses m\u00e9dicales SYNLAB.<\/p>\n<\/article>\t\t\t\t\t\t\n\t\t\t\t\t<\/div>\n\t\n\t\n\t\t\n<\/div>\n\n\n\n\n\t\n\t\n\n\n\n<div class=\"container-fluid block-separateur\" style=\"--heightDesk:30px;--heightMob:20px;\">\n\n    \n    \n<\/div>\n\n<div class=\"container block-texte_image\">\n\n\t\t\t<div class=\"block-texte_image-contenu order-1\" style=\"--widthContenu:70%\">\n\t\t\t<h2>Avant de venir <\/h2>\t\t\t<article><p>Quels sont les documents \u00e0 apporter ? Quand \u00eatre \u00e0 jeun ?<\/p>\n<p>Toutes les r\u00e9ponses \u00e0 ces questions sont disponibles dans cette rubrique.<\/p>\n<\/article>\t\t\t\t\t\t\n\t\t\t<p><a href=\"https:\/\/www.synlab.fr\/oxabio\/patient\/avant-de-venir\/\" style=\"--colorCTA:#003765\" target=\"\" class=\"block-texte_image-contenu-cta\">En savoir plus<\/a><\/p>\t\t<\/div>\n\t\n\t\n\t\t<div class=\"block-texte_image-illustration order-0\" style=\"--widthImage:30%;\">\n\t\t\t<img decoding=\"async\" src=\"https:\/\/www.synlab.fr\/oxabio\/wp-content\/uploads\/sites\/41\/2023\/01\/Sans-titre-31.png\" alt=\"Sans titre (31)\"\/>\n\t\t<\/div>\n\n\t\n\t\t\n<\/div>\n\n\n\n\n\t\n\t\n\n\n\n<div class=\"container-fluid block-separateur\" style=\"--heightDesk:30px;--heightMob:20px;\">\n\n    \n    \n<\/div>\n\n<div class=\"container block-texte_image\">\n\n\t\t\t<div class=\"block-texte_image-contenu order-0\" style=\"--widthContenu:70%\">\n\t\t\t<h2>A propos de mes analyses m\u00e9dicales <\/h2>\t\t\t<article><p>Vous souhaitez savoir : Si vos analyses sont prises en charge dans leur int\u00e9gralit\u00e9 par votre s\u00e9curit\u00e9 sociale ? Quand et o\u00f9 retrouvez vos r\u00e9sultats d&rsquo;analyses ?<\/p>\n<p>Toutes les r\u00e9ponses \u00e0 ces questions sont disponibles dans cette rubrique.<\/p>\n<\/article>\t\t\t\t\t\t\n\t\t\t<p><a href=\"https:\/\/www.synlab.fr\/oxabio\/patient\/a-propos-des-analyses-medicales\/\" style=\"--colorCTA:#003765\" target=\"\" class=\"block-texte_image-contenu-cta\">En savoir plus<\/a><\/p>\t\t<\/div>\n\t\n\t\n\t\t<div class=\"block-texte_image-illustration order-1\" style=\"--widthImage:30%;\">\n\t\t\t<img decoding=\"async\" src=\"https:\/\/www.synlab.fr\/oxabio\/wp-content\/uploads\/sites\/41\/2022\/10\/Un-docteur-qui-montre-lecran-de-sa-tablette-a-sa-patiente-.jpg\" alt=\"Un docteur qui montre l'\u00e9cran de sa tablette \u00e0 sa patiente\"\/>\n\t\t<\/div>\n\n\t\n\t\t\n<\/div>\n\n\n\n\n\t\n\t\n\n\n\n<div class=\"container-fluid block-separateur\" style=\"--heightDesk:20px;--heightMob:10px;\">\n\n    \n    \n<\/div>\n\n<div class=\"container block-texte_image\">\n\n\t\t\t<div class=\"block-texte_image-contenu order-1\" style=\"--widthContenu:80%\">\n\t\t\t<h2>Les protocoles de recueil<\/h2>\t\t\t<article><p>Certains pr\u00e9l\u00e8vements peuvent \u00eatre r\u00e9alis\u00e9s par le patient m\u00eame.<br \/>\nTout pr\u00e9l\u00e8vement transmis au laboratoire doit \u00eatre identifi\u00e9 par le\u00a0<strong>nom, pr\u00e9nom et date de naissance<\/strong> au minimum et transmis au laboratoire le plus rapidement possible. Le mat\u00e9riel est disponible sur demande gratuitement au laboratoire ou dans notre pharmacie partenaire.<\/p>\n<\/article>\t\t\t\t\t\t\n\t\t\t<p><a href=\"https:\/\/www.synlab.fr\/oxabio\/espace-professionnels-de-sante\/prelever\/les-protocoles-de-recueil\/\" style=\"--colorCTA:#003765\" target=\"\" class=\"block-texte_image-contenu-cta\">En savoir plus<\/a><\/p>\t\t<\/div>\n\t\n\t\n\t\t<div class=\"block-texte_image-illustration order-0\" style=\"--widthImage:20%;\">\n\t\t\t<img decoding=\"async\" src=\"https:\/\/www.synlab.fr\/oxabio\/wp-content\/uploads\/sites\/41\/2023\/01\/doctor-s-hands-holding-an-urine-test-scaled.jpg\" alt=\"doctor-s-hands-holding-an-urine-test\"\/>\n\t\t<\/div>\n\n\t\n\t\t\n<\/div>\n\n\n\n\n\t\n\t\n","protected":false},"excerpt":{"rendered":"","protected":false},"author":1,"featured_media":0,"parent":0,"menu_order":0,"comment_status":"closed","ping_status":"closed","template":"","meta":{"_acf_changed":false,"footnotes":""},"class_list":["post-18","page","type-page","status-publish","hentry"],"acf":[],"yoast_head":"<!-- This site is optimized with the Yoast SEO plugin v26.3 - https:\/\/yoast.com\/wordpress\/plugins\/seo\/ -->\n<title>SYNLAB Oxabio - Espace Patient<\/title>\n<meta name=\"description\" content=\"Notre espace sant\u00e9 r\u00e9capitule l\u2019ensemble des informations n\u00e9cessaires pour pr\u00e9parer votre visite ou celles de vos proches au sein de nos laboratoires d\u2019analyses m\u00e9dicales SYNLAB Oxabio.\" \/>\n<meta name=\"robots\" content=\"noindex, follow, max-snippet:-1, max-image-preview:large, max-video-preview:-1\" \/>\n<meta property=\"og:locale\" content=\"fr_FR\" \/>\n<meta property=\"og:type\" content=\"article\" \/>\n<meta property=\"og:title\" content=\"SYNLAB Oxabio - Espace Patient\" \/>\n<meta property=\"og:description\" content=\"Notre espace sant\u00e9 r\u00e9capitule l\u2019ensemble des informations n\u00e9cessaires pour pr\u00e9parer votre visite ou celles de vos proches au sein de nos laboratoires d\u2019analyses m\u00e9dicales SYNLAB Oxabio.\" \/>\n<meta property=\"og:url\" content=\"https:\/\/www.synlab.fr\/clone\/oxabio\/patient\/\" \/>\n<meta property=\"og:site_name\" content=\"Synlab Oxabio\" \/>\n<meta property=\"article:modified_time\" content=\"2023-02-07T12:57:04+00:00\" \/>\n<meta name=\"twitter:card\" content=\"summary_large_image\" \/>\n<script type=\"application\/ld+json\" class=\"yoast-schema-graph\">{\"@context\":\"https:\/\/schema.org\",\"@graph\":[{\"@type\":\"WebPage\",\"@id\":\"https:\/\/www.synlab.fr\/clone\/oxabio\/patient\/\",\"url\":\"https:\/\/www.synlab.fr\/clone\/oxabio\/patient\/\",\"name\":\"SYNLAB Oxabio - Espace Patient\",\"isPartOf\":{\"@id\":\"https:\/\/www.synlab.fr\/oxabio\/#website\"},\"datePublished\":\"2022-04-28T15:16:11+00:00\",\"dateModified\":\"2023-02-07T12:57:04+00:00\",\"description\":\"Notre espace sant\u00e9 r\u00e9capitule l\u2019ensemble des informations n\u00e9cessaires pour pr\u00e9parer votre visite ou celles de vos proches au sein de nos laboratoires d\u2019analyses m\u00e9dicales SYNLAB Oxabio.\",\"breadcrumb\":{\"@id\":\"https:\/\/www.synlab.fr\/clone\/oxabio\/patient\/#breadcrumb\"},\"inLanguage\":\"fr-FR\",\"potentialAction\":[{\"@type\":\"ReadAction\",\"target\":[\"https:\/\/www.synlab.fr\/clone\/oxabio\/patient\/\"]}]},{\"@type\":\"BreadcrumbList\",\"@id\":\"https:\/\/www.synlab.fr\/clone\/oxabio\/patient\/#breadcrumb\",\"itemListElement\":[{\"@type\":\"ListItem\",\"position\":1,\"name\":\"Home\",\"item\":\"https:\/\/www.synlab.fr\/oxabio\/\"},{\"@type\":\"ListItem\",\"position\":2,\"name\":\"Espace patient\"}]},{\"@type\":\"WebSite\",\"@id\":\"https:\/\/www.synlab.fr\/oxabio\/#website\",\"url\":\"https:\/\/www.synlab.fr\/oxabio\/\",\"name\":\"Synlab Oxabio\",\"description\":\"Un site utilisant Synlab\",\"potentialAction\":[{\"@type\":\"SearchAction\",\"target\":{\"@type\":\"EntryPoint\",\"urlTemplate\":\"https:\/\/www.synlab.fr\/oxabio\/?s={search_term_string}\"},\"query-input\":{\"@type\":\"PropertyValueSpecification\",\"valueRequired\":true,\"valueName\":\"search_term_string\"}}],\"inLanguage\":\"fr-FR\"}]}<\/script>\n<!-- \/ Yoast SEO plugin. -->","yoast_head_json":{"title":"SYNLAB Oxabio - Espace Patient","description":"Notre espace sant\u00e9 r\u00e9capitule l\u2019ensemble des informations n\u00e9cessaires pour pr\u00e9parer votre visite ou celles de vos proches au sein de nos laboratoires d\u2019analyses m\u00e9dicales SYNLAB Oxabio.","robots":{"index":"noindex","follow":"follow","max-snippet":"max-snippet:-1","max-image-preview":"max-image-preview:large","max-video-preview":"max-video-preview:-1"},"og_locale":"fr_FR","og_type":"article","og_title":"SYNLAB Oxabio - Espace Patient","og_description":"Notre espace sant\u00e9 r\u00e9capitule l\u2019ensemble des informations n\u00e9cessaires pour pr\u00e9parer votre visite ou celles de vos proches au sein de nos laboratoires d\u2019analyses m\u00e9dicales SYNLAB Oxabio.","og_url":"https:\/\/www.synlab.fr\/clone\/oxabio\/patient\/","og_site_name":"Synlab Oxabio","article_modified_time":"2023-02-07T12:57:04+00:00","twitter_card":"summary_large_image","schema":{"@context":"https:\/\/schema.org","@graph":[{"@type":"WebPage","@id":"https:\/\/www.synlab.fr\/clone\/oxabio\/patient\/","url":"https:\/\/www.synlab.fr\/clone\/oxabio\/patient\/","name":"SYNLAB Oxabio - Espace Patient","isPartOf":{"@id":"https:\/\/www.synlab.fr\/oxabio\/#website"},"datePublished":"2022-04-28T15:16:11+00:00","dateModified":"2023-02-07T12:57:04+00:00","description":"Notre espace sant\u00e9 r\u00e9capitule l\u2019ensemble des informations n\u00e9cessaires pour pr\u00e9parer votre visite ou celles de vos proches au sein de nos laboratoires d\u2019analyses m\u00e9dicales SYNLAB Oxabio.","breadcrumb":{"@id":"https:\/\/www.synlab.fr\/clone\/oxabio\/patient\/#breadcrumb"},"inLanguage":"fr-FR","potentialAction":[{"@type":"ReadAction","target":["https:\/\/www.synlab.fr\/clone\/oxabio\/patient\/"]}]},{"@type":"BreadcrumbList","@id":"https:\/\/www.synlab.fr\/clone\/oxabio\/patient\/#breadcrumb","itemListElement":[{"@type":"ListItem","position":1,"name":"Home","item":"https:\/\/www.synlab.fr\/oxabio\/"},{"@type":"ListItem","position":2,"name":"Espace patient"}]},{"@type":"WebSite","@id":"https:\/\/www.synlab.fr\/oxabio\/#website","url":"https:\/\/www.synlab.fr\/oxabio\/","name":"Synlab Oxabio","description":"Un site utilisant Synlab","potentialAction":[{"@type":"SearchAction","target":{"@type":"EntryPoint","urlTemplate":"https:\/\/www.synlab.fr\/oxabio\/?s={search_term_string}"},"query-input":{"@type":"PropertyValueSpecification","valueRequired":true,"valueName":"search_term_string"}}],"inLanguage":"fr-FR"}]}},"_links":{"self":[{"href":"https:\/\/www.synlab.fr\/oxabio\/wp-json\/wp\/v2\/pages\/18","targetHints":{"allow":["GET"]}}],"collection":[{"href":"https:\/\/www.synlab.fr\/oxabio\/wp-json\/wp\/v2\/pages"}],"about":[{"href":"https:\/\/www.synlab.fr\/oxabio\/wp-json\/wp\/v2\/types\/page"}],"author":[{"embeddable":true,"href":"https:\/\/www.synlab.fr\/oxabio\/wp-json\/wp\/v2\/users\/1"}],"replies":[{"embeddable":true,"href":"https:\/\/www.synlab.fr\/oxabio\/wp-json\/wp\/v2\/comments?post=18"}],"version-history":[{"count":15,"href":"https:\/\/www.synlab.fr\/oxabio\/wp-json\/wp\/v2\/pages\/18\/revisions"}],"predecessor-version":[{"id":5036,"href":"https:\/\/www.synlab.fr\/oxabio\/wp-json\/wp\/v2\/pages\/18\/revisions\/5036"}],"wp:attachment":[{"href":"https:\/\/www.synlab.fr\/oxabio\/wp-json\/wp\/v2\/media?parent=18"}],"curies":[{"name":"wp","href":"https:\/\/api.w.org\/{rel}","templated":true}]}}