{"id":20,"date":"2022-04-28T17:16:23","date_gmt":"2022-04-28T15:16:23","guid":{"rendered":"https:\/\/www.synlab.fr\/aix-en-provence\/?page_id=20"},"modified":"2023-10-27T16:13:15","modified_gmt":"2023-10-27T14:13:15","slug":"votre-sante","status":"publish","type":"page","link":"https:\/\/www.synlab.fr\/oxabio\/votre-sante\/","title":{"rendered":"Votre sant\u00e9"},"content":{"rendered":"<div class=\"container block-texte_image\">\n\n\t\t\t<div class=\"block-texte_image-contenu order-1\" style=\"--widthContenu:70%\">\n\t\t\t<h2>Biologie fonctionnelle et nutritionnelle<\/h2>\t\t\t<article><p>Les avanc\u00e9es scientifiques permettent aujourd\u2019hui de proposer des analyses compl\u00e9mentaires en biologie fonctionnelle et nutritionnelle afin de pouvoir<\/p>\n<ul>\n<li>\u00c9valuer l\u2019\u00e9tat de sant\u00e9 et certains facteurs de risque du patient avec plus de pr\u00e9cision,<\/li>\n<li>\u00c9largir les possibilit\u00e9s d\u2019optimiser les traitements,<\/li>\n<li>Prodiguer des conseils en mati\u00e8re de nutrition et d\u2019hygi\u00e8ne de vie.<\/li>\n<\/ul>\n<p>&nbsp;<\/p>\n<\/article>\t\t\t\t\t\t\n\t\t\t<p><a href=\"https:\/\/www.synlab.fr\/votre-sante\/biologie-fonctionnelle-nutritionnelle\/\" style=\"--colorCTA:#003765\" target=\"\" class=\"block-texte_image-contenu-cta\">En savoir plus<\/a><\/p>\t\t<\/div>\n\t\n\t\n\t\t<div class=\"block-texte_image-illustration order-0\" style=\"--widthImage:30%;\">\n\t\t\t<img decoding=\"async\" src=\"https:\/\/www.synlab.fr\/oxabio\/wp-content\/uploads\/sites\/41\/2022\/09\/RS9646_clipdealer-copie2.jpg\" alt=\"RS9646_clipdealer-copie2\"\/>\n\t\t<\/div>\n\n\t\n\t\t\n<\/div>\n\n\n\n\n\t\n\t\n\n\n\n<div class=\"container-fluid block-separateur\" style=\"--heightDesk:10px;--heightMob:15px;\">\n\n    \n    \n<\/div>\n\n<div class=\"container block-texte_image\">\n\n\t\t\t<div class=\"block-texte_image-contenu order-1\" style=\"--widthContenu:70%\">\n\t\t\t<h2>Cardiovasculaire<\/h2>\t\t\t<article><p>Il s\u2019agit de maladies li\u00e9es \u00e0 une accumulation de graisse sur les parois des art\u00e8res. Le durcissement des art\u00e8res est progressif et les sympt\u00f4mes ne se manifestent souvent que tardivement. Les plus connues sont l\u2019AVC lorsque le cerveau est atteint, l\u2019infarctus t\u00e9moin d\u2019une attaque du c\u0153ur et l\u2019art\u00e9rite qui touche les membres inf\u00e9rieurs.<\/p>\n<\/article>\t\t\t\t\t\t\n\t\t\t<p><a href=\"https:\/\/www.synlab.fr\/votre-sante\/cardiovasculaires\/\" style=\"--colorCTA:#003765\" target=\"\" class=\"block-texte_image-contenu-cta\">En savoir plus<\/a><\/p>\t\t<\/div>\n\t\n\t\n\t\t<div class=\"block-texte_image-illustration order-0\" style=\"--widthImage:30%;\">\n\t\t\t<img decoding=\"async\" src=\"https:\/\/www.synlab.fr\/oxabio\/wp-content\/uploads\/sites\/41\/2022\/08\/csm_RS7710_sy_sports_cl_A50156797_clean_2017-scr_22a5f4a40b.jpg\" alt=\"csm_RS7710_sy_sports_cl_A50156797_clean_2017-scr_22a5f4a40b\"\/>\n\t\t<\/div>\n\n\t\n\t\t\n<\/div>\n\n\n\n\n\t\n\t\n\n\n\n<div class=\"container-fluid block-separateur\" style=\"--heightDesk:10px;--heightMob:15px;\">\n\n    \n    \n<\/div>\n\n<div class=\"container block-texte_image\">\n\n\t\t\t<div class=\"block-texte_image-contenu order-0\" style=\"--widthContenu:70%\">\n\t\t\t<h2>COVID<\/h2>\t\t\t<article><p>Toutes les informations sur le coronavirus SARS-CoV-2 (COVID-19<\/p>\n<\/article>\t\t\t\t\t\t\n\t\t\t<p><a href=\"https:\/\/www.synlab.fr\/votre-sante\/coronavirus\/\" style=\"--colorCTA:#003765\" target=\"\" class=\"block-texte_image-contenu-cta\">En savoir plus<\/a><\/p>\t\t<\/div>\n\t\n\t\n\t\t<div class=\"block-texte_image-illustration order-1\" style=\"--widthImage:30%;\">\n\t\t\t<img decoding=\"async\" src=\"https:\/\/www.synlab.fr\/oxabio\/wp-content\/uploads\/sites\/41\/2022\/08\/csm_RS799_clipdealer-A142952319-original-scr_759880c73f.jpg\" alt=\"csm_RS799_clipdealer-A142952319-original-scr_759880c73f\"\/>\n\t\t<\/div>\n\n\t\n\t\t\n<\/div>\n\n\n\n\n\t\n\t\n\n\n\n<div class=\"container-fluid block-separateur\" style=\"--heightDesk:10px;--heightMob:15px;\">\n\n    \n    \n<\/div>\n\n<div class=\"container block-texte_image\">\n\n\t\t\t<div class=\"block-texte_image-contenu order-1\" style=\"--widthContenu:70%\">\n\t\t\t<h2>Infections Sexuellement Transmissibles <\/h2>\t\t\t<article><p>Les\u00a0<strong>infections sexuellement transmissibles<\/strong>\u00a0(IST), autrefois appel\u00e9es\u00a0<strong>maladies sexuellement transmissibles<\/strong>, sont provoqu\u00e9es par des virus, des bact\u00e9ries ou des parasites. Comme leur nom l\u2019indique, ces IST se transmettent par contact cutan\u00e9 ou muqueux lors d\u2019un rapport sexuel (vaginal, anal ou oral).\u00a0 Certaines de ces infections se transmettent aussi de la m\u00e8re \u00e0 l\u2019enfant pendant la grossesse et \u00e0 l\u2019accouchement.<\/p>\n<\/article>\t\t\t\t\t\t\n\t\t\t<p><a href=\"https:\/\/www.synlab.fr\/votre-sante\/infection-sexuellement-transmissible\/\" style=\"--colorCTA:#003765\" target=\"\" class=\"block-texte_image-contenu-cta\">En savoir plus<\/a><\/p>\t\t<\/div>\n\t\n\t\n\t\t<div class=\"block-texte_image-illustration order-0\" style=\"--widthImage:30%;\">\n\t\t\t<img decoding=\"async\" src=\"https:\/\/www.synlab.fr\/oxabio\/wp-content\/uploads\/sites\/41\/2022\/08\/csm_RS6900_sy_intimate_couple_cl_A27011004_clean_2014_cd46f80ebd.jpg\" alt=\"csm_RS6900_sy_intimate_couple_cl_A27011004_clean_2014_cd46f80ebd\"\/>\n\t\t<\/div>\n\n\t\n\t\t\n<\/div>\n\n\n\n\n\t\n\t\n\n\n\n<div class=\"container-fluid block-separateur\" style=\"--heightDesk:10px;--heightMob:15px;\">\n\n    \n    \n<\/div>\n\n<div class=\"container block-texte_image\">\n\n\t\t\t<div class=\"block-texte_image-contenu order-0\" style=\"--widthContenu:70%\">\n\t\t\t<h2>Maladies infectieuses<\/h2>\t\t\t<article><p>SYNLAB propose une liste des maladies infectieuses diagnostiqu\u00e9e au sein de nos laboratoires d&rsquo;analyses m\u00e9dicales. Nous apportons une d\u00e9finition, une description des sympt\u00f4mes et les traitements existants (ou non) pour chaque maladie.<\/p>\n<\/article>\t\t\t\t\t\t\n\t\t\t<p><a href=\"https:\/\/www.synlab.fr\/votre-sante\/maladies-infectieuses\/\" style=\"--colorCTA:#003765\" target=\"\" class=\"block-texte_image-contenu-cta\">En savoir plus<\/a><\/p>\t\t<\/div>\n\t\n\t\n\t\t<div class=\"block-texte_image-illustration order-1\" style=\"--widthImage:30%;\">\n\t\t\t<img decoding=\"async\" src=\"https:\/\/www.synlab.fr\/oxabio\/wp-content\/uploads\/sites\/41\/2022\/08\/csm_AdobeStock_207281013__1__591b5a6985.jpeg\" alt=\"csm_AdobeStock_207281013__1__591b5a6985\"\/>\n\t\t<\/div>\n\n\t\n\t\t\n<\/div>\n\n\n\n\n\t\n\t\n\n\n\n<div class=\"container-fluid block-separateur\" style=\"--heightDesk:10px;--heightMob:15px;\">\n\n    \n    \n<\/div>\n\n<div class=\"container block-texte_image\">\n\n\t\t\t<div class=\"block-texte_image-contenu order-1\" style=\"--widthContenu:70%\">\n\t\t\t<h2>Microbiote intestinal<\/h2>\t\t\t<article><p>Au-del\u00e0 de sa fonction digestive, notre tube digestif communique avec notre cerveau, stimule notre immunit\u00e9 et contribue \u00e0 notre bonne sant\u00e9 g\u00e9n\u00e9rale.\u00a0 Comment\u00a0? Gr\u00e2ce au microbiote intestinal, compos\u00e9 de milliards de micro-organismes, qui colonisent l\u2019intestin gr\u00eale et le c\u00f4lon.<\/p>\n<\/article>\t\t\t\t\t\t\n\t\t\t<p><a href=\"https:\/\/www.synlab.fr\/votre-sante\/microbiote-intestinal\/\" style=\"--colorCTA:#003765\" target=\"\" class=\"block-texte_image-contenu-cta\">En savoir plus<\/a><\/p>\t\t<\/div>\n\t\n\t\n\t\t<div class=\"block-texte_image-illustration order-0\" style=\"--widthImage:30%;\">\n\t\t\t<img decoding=\"async\" src=\"https:\/\/www.synlab.fr\/oxabio\/wp-content\/uploads\/sites\/41\/2022\/09\/alicia-petresc-c3KZP4azG6g-unsplash.jpg\" alt=\"alicia-petresc-c3KZP4azG6g-unsplash\"\/>\n\t\t<\/div>\n\n\t\n\t\t\n<\/div>\n\n\n\n\n\t\n\t\n\n\n\n<div class=\"container-fluid block-separateur\" style=\"--heightDesk:10px;--heightMob:15px;\">\n\n    \n    \n<\/div>\n\n<div class=\"container block-texte_image\">\n\n\t\t\t<div class=\"block-texte_image-contenu order-0\" style=\"--widthContenu:70%\">\n\t\t\t<h2>Maladies vectorielles \u00e0 tiques<\/h2>\t\t\t<article><p>Saviez-vous que les tiques, si elles sont\u00a0<strong>infect\u00e9es<\/strong>, peuvent transmettre des bact\u00e9ries \u00e0 l\u2019Homme lors de la piq\u00fbre ? C\u2019est ce que l\u2019on appelle les\u00a0<strong>Maladies Vectorielles \u00e0 Tiques<\/strong>\u00a0(MVT).<\/p>\n<p>Ces maladies infectieuses sont en pleine expansion \u00e0 cause de diff\u00e9rents facteurs tels que les changements climatiques et l\u2019interaction de l\u2019homme avec son environnement.<\/p>\n<\/article>\t\t\t\t\t\t\n\t\t\t<p><a href=\"https:\/\/www.synlab.fr\/votre-sante\/maladies-vectorielles-tiques-lyme\/\" style=\"--colorCTA:#003765\" target=\"\" class=\"block-texte_image-contenu-cta\">En savoir plus<\/a><\/p>\t\t<\/div>\n\t\n\t\n\t\t<div class=\"block-texte_image-illustration order-1\" style=\"--widthImage:30%;\">\n\t\t\t<img decoding=\"async\" src=\"https:\/\/www.synlab.fr\/oxabio\/wp-content\/uploads\/sites\/41\/2022\/09\/erik-karits-Zz8dJU0b2LI-unsplash.jpg\" alt=\"erik-karits-Zz8dJU0b2LI-unsplash\"\/>\n\t\t<\/div>\n\n\t\n\t\t\n<\/div>\n\n\n\n\n\t\n\t\n\n\n\n<div class=\"container-fluid block-separateur\" style=\"--heightDesk:10px;--heightMob:15px;\">\n\n    \n    \n<\/div>\n\n<div class=\"container block-texte_image\">\n\n\t\t\t<div class=\"block-texte_image-contenu order-1\" style=\"--widthContenu:70%\">\n\t\t\t<h2>Pr\u00e9vention et bien-\u00eatre<\/h2>\t\t\t<article><p>Les biologistes m\u00e9dicaux SYNLAB mettent \u00e0 votre disposition les techniques et les examens les plus pointus pour permettre aux\u00a0<strong>professionnels de sant\u00e9<\/strong>\u00a0de mieux prendre en charge leurs patients. Ils organisent r\u00e9guli\u00e8rement, partout en France, des conf\u00e9rences et des rencontres m\u00e9dicales pour faire le point sur une th\u00e9matique particuli\u00e8re. Ils sont \u00e0 votre \u00e9coute pour vous apporter toutes les pr\u00e9cisions et le soutien n\u00e9cessaires \u00e0 votre exercice clinique.<\/p>\n<\/article>\t\t\t\t\t\t\n\t\t\t<p><a href=\"https:\/\/www.synlab.fr\/votre-sante\/prevention-bien-etre-2\/\" style=\"--colorCTA:#003765\" target=\"\" class=\"block-texte_image-contenu-cta\">En savoir plus<\/a><\/p>\t\t<\/div>\n\t\n\t\n\t\t<div class=\"block-texte_image-illustration order-0\" style=\"--widthImage:30%;\">\n\t\t\t<img decoding=\"async\" src=\"https:\/\/www.synlab.fr\/oxabio\/wp-content\/uploads\/sites\/41\/2022\/08\/csm_RS7986_sy_smiling_pretty_girl_cl_A46675110_clean_2017-scr_e7f3e58916.jpg\" alt=\"csm_RS7986_sy_smiling_pretty_girl_cl_A46675110_clean_2017-scr_e7f3e58916\"\/>\n\t\t<\/div>\n\n\t\n\t\t\n<\/div>\n\n\n\n\n\t\n\t\n\n\n\n<div class=\"container-fluid block-separateur\" style=\"--heightDesk:10px;--heightMob:15px;\">\n\n    \n    \n<\/div>\n\n<div class=\"container block-texte_image\">\n\n\t\t\t<div class=\"block-texte_image-contenu order-0\" style=\"--widthContenu:70%\">\n\t\t\t<h2>Bilan de pr\u00e9vention sans ordonnance<\/h2>\t\t\t<article><p>Pour tous ceux qui veulent prendre leur sant\u00e9 en main, SYNLAB a con\u00e7u une gamme de\u00a0<strong>bilans de pr\u00e9vention<\/strong>\u00a0\u00e0 r\u00e9aliser\u00a0<strong>sans ordonnance<\/strong>\u00a0dans votre laboratoire. Vous y trouverez des analyses adapt\u00e9es \u00e0 votre profil. La pr\u00e9vention est une arme efficace pour pr\u00e9server son capital sant\u00e9. Plus les maladies sont depist\u00e9es t\u00f4t, meilleure est leur prise en charge m\u00e9dicale<\/p>\n<\/article>\t\t\t\t\t\t\n\t\t\t<p><a href=\"https:\/\/www.synlab.fr\/votre-sante\/bilan-de-prevention-sans-ordonnance\/\" style=\"--colorCTA:#003765\" target=\"\" class=\"block-texte_image-contenu-cta\">En savoir plus<\/a><\/p>\t\t<\/div>\n\t\n\t\n\t\t<div class=\"block-texte_image-illustration order-1\" style=\"--widthImage:30%;\">\n\t\t\t<img decoding=\"async\" src=\"https:\/\/www.synlab.fr\/oxabio\/wp-content\/uploads\/sites\/41\/2022\/08\/csm_Image-BSO-Le_saviez-vous_5b0dfd3986-1.png\" alt=\"csm_Image-BSO-Le_saviez-vous_5b0dfd3986-1\"\/>\n\t\t<\/div>\n\n\t\n\t\t\n<\/div>\n\n\n\n\n\t\n\t\n\n\n\n<div class=\"container-fluid block-separateur\" style=\"--heightDesk:10px;--heightMob:15px;\">\n\n    \n    \n<\/div>\n\n<div class=\"container block-texte_image\">\n\n\t\t\t<div class=\"block-texte_image-contenu order-1\" style=\"--widthContenu:70%\">\n\t\t\t<h2>Sant\u00e9 de la femme<\/h2>\t\t\t<article><p>Nos biologistes m\u00e9dicaux vous connaissent bien. Sp\u00e9cialistes du diagnostic, ils jouent un r\u00f4le actif pour votre sant\u00e9 :\u00a0d\u00e9pistage du cancer du col de l\u2019ut\u00e9rus, d\u00e9sir d\u2019enfant et fertilit\u00e9, d\u00e9pistage des IST, grossesse et suivi de grossesse, suivi gyn\u00e9cologique, suivi de votre \u00e9tat g\u00e9n\u00e9ral, m\u00e9nopause, affections longue dur\u00e9e, etc. Ils\u00a0travaillent en \u00e9troite collaboration avec les prescripteurs qui vous suivent\u00a0: gyn\u00e9cologues, m\u00e9decins g\u00e9n\u00e9ralistes, sages-femmes. Ils \u00e9changent aussi avec les autres professionnels de sant\u00e9 \u00e0 vos c\u00f4t\u00e9s \u2013 infirmi\u00e8res, pharmaciens, dentistes, kin\u00e9sith\u00e9rapeutes, notamment.<\/p>\n<\/article>\t\t\t\t\t\t\n\t\t\t<p><a href=\"https:\/\/www.synlab.fr\/votre-sante\/sante-femme\/\" style=\"--colorCTA:#003765\" target=\"\" class=\"block-texte_image-contenu-cta\">En savoir plus<\/a><\/p>\t\t<\/div>\n\t\n\t\n\t\t<div class=\"block-texte_image-illustration order-0\" style=\"--widthImage:30%;\">\n\t\t\t<img decoding=\"async\" src=\"https:\/\/www.synlab.fr\/oxabio\/wp-content\/uploads\/sites\/41\/2022\/08\/csm_RS8156_sy_woman_cl_A26667331_clean_2018.de-scr_100d08c017.jpg\" alt=\"csm_RS8156_sy_woman_cl_A26667331_clean_2018.de-scr_100d08c017\"\/>\n\t\t<\/div>\n\n\t\n\t\t\n<\/div>\n\n\n\n\n\t\n\t\n","protected":false},"excerpt":{"rendered":"","protected":false},"author":1,"featured_media":0,"parent":0,"menu_order":0,"comment_status":"closed","ping_status":"closed","template":"","meta":{"_acf_changed":false,"footnotes":""},"class_list":["post-20","page","type-page","status-publish","hentry"],"acf":[],"yoast_head":"<!-- This site is optimized with the Yoast SEO plugin v26.3 - https:\/\/yoast.com\/wordpress\/plugins\/seo\/ -->\n<title>SYNLAB Oxabio - Votre Sant\u00e9<\/title>\n<meta name=\"description\" content=\"Prenez en main votre sant\u00e9 ! SYNLAB Oxabio vous accompagne dans de nombreuses sp\u00e9cialit\u00e9s afin de d\u00e9tecter ou pr\u00e9venir certaines maladies.\" \/>\n<meta name=\"robots\" content=\"noindex, follow, max-snippet:-1, max-image-preview:large, max-video-preview:-1\" \/>\n<meta property=\"og:locale\" content=\"fr_FR\" \/>\n<meta property=\"og:type\" content=\"article\" \/>\n<meta property=\"og:title\" content=\"SYNLAB Oxabio - Votre Sant\u00e9\" \/>\n<meta property=\"og:description\" content=\"Prenez en main votre sant\u00e9 ! SYNLAB Oxabio vous accompagne dans de nombreuses sp\u00e9cialit\u00e9s afin de d\u00e9tecter ou pr\u00e9venir certaines maladies.\" \/>\n<meta property=\"og:url\" content=\"https:\/\/www.synlab.fr\/oxabio\/votre-sante\/\" \/>\n<meta property=\"og:site_name\" content=\"Synlab Oxabio\" \/>\n<meta property=\"article:modified_time\" content=\"2023-10-27T14:13:15+00:00\" \/>\n<meta name=\"twitter:card\" content=\"summary_large_image\" \/>\n<script type=\"application\/ld+json\" class=\"yoast-schema-graph\">{\"@context\":\"https:\/\/schema.org\",\"@graph\":[{\"@type\":\"WebPage\",\"@id\":\"https:\/\/www.synlab.fr\/oxabio\/votre-sante\/\",\"url\":\"https:\/\/www.synlab.fr\/oxabio\/votre-sante\/\",\"name\":\"SYNLAB Oxabio - Votre Sant\u00e9\",\"isPartOf\":{\"@id\":\"https:\/\/www.synlab.fr\/oxabio\/#website\"},\"datePublished\":\"2022-04-28T15:16:23+00:00\",\"dateModified\":\"2023-10-27T14:13:15+00:00\",\"description\":\"Prenez en main votre sant\u00e9 ! SYNLAB Oxabio vous accompagne dans de nombreuses sp\u00e9cialit\u00e9s afin de d\u00e9tecter ou pr\u00e9venir certaines maladies.\",\"breadcrumb\":{\"@id\":\"https:\/\/www.synlab.fr\/oxabio\/votre-sante\/#breadcrumb\"},\"inLanguage\":\"fr-FR\",\"potentialAction\":[{\"@type\":\"ReadAction\",\"target\":[\"https:\/\/www.synlab.fr\/oxabio\/votre-sante\/\"]}]},{\"@type\":\"BreadcrumbList\",\"@id\":\"https:\/\/www.synlab.fr\/oxabio\/votre-sante\/#breadcrumb\",\"itemListElement\":[{\"@type\":\"ListItem\",\"position\":1,\"name\":\"Home\",\"item\":\"https:\/\/www.synlab.fr\/oxabio\/\"},{\"@type\":\"ListItem\",\"position\":2,\"name\":\"Votre sant\u00e9\"}]},{\"@type\":\"WebSite\",\"@id\":\"https:\/\/www.synlab.fr\/oxabio\/#website\",\"url\":\"https:\/\/www.synlab.fr\/oxabio\/\",\"name\":\"Synlab Oxabio\",\"description\":\"Un site utilisant Synlab\",\"potentialAction\":[{\"@type\":\"SearchAction\",\"target\":{\"@type\":\"EntryPoint\",\"urlTemplate\":\"https:\/\/www.synlab.fr\/oxabio\/?s={search_term_string}\"},\"query-input\":{\"@type\":\"PropertyValueSpecification\",\"valueRequired\":true,\"valueName\":\"search_term_string\"}}],\"inLanguage\":\"fr-FR\"}]}<\/script>\n<!-- \/ Yoast SEO plugin. -->","yoast_head_json":{"title":"SYNLAB Oxabio - Votre Sant\u00e9","description":"Prenez en main votre sant\u00e9 ! SYNLAB Oxabio vous accompagne dans de nombreuses sp\u00e9cialit\u00e9s afin de d\u00e9tecter ou pr\u00e9venir certaines maladies.","robots":{"index":"noindex","follow":"follow","max-snippet":"max-snippet:-1","max-image-preview":"max-image-preview:large","max-video-preview":"max-video-preview:-1"},"og_locale":"fr_FR","og_type":"article","og_title":"SYNLAB Oxabio - Votre Sant\u00e9","og_description":"Prenez en main votre sant\u00e9 ! SYNLAB Oxabio vous accompagne dans de nombreuses sp\u00e9cialit\u00e9s afin de d\u00e9tecter ou pr\u00e9venir certaines maladies.","og_url":"https:\/\/www.synlab.fr\/oxabio\/votre-sante\/","og_site_name":"Synlab Oxabio","article_modified_time":"2023-10-27T14:13:15+00:00","twitter_card":"summary_large_image","schema":{"@context":"https:\/\/schema.org","@graph":[{"@type":"WebPage","@id":"https:\/\/www.synlab.fr\/oxabio\/votre-sante\/","url":"https:\/\/www.synlab.fr\/oxabio\/votre-sante\/","name":"SYNLAB Oxabio - Votre Sant\u00e9","isPartOf":{"@id":"https:\/\/www.synlab.fr\/oxabio\/#website"},"datePublished":"2022-04-28T15:16:23+00:00","dateModified":"2023-10-27T14:13:15+00:00","description":"Prenez en main votre sant\u00e9 ! SYNLAB Oxabio vous accompagne dans de nombreuses sp\u00e9cialit\u00e9s afin de d\u00e9tecter ou pr\u00e9venir certaines maladies.","breadcrumb":{"@id":"https:\/\/www.synlab.fr\/oxabio\/votre-sante\/#breadcrumb"},"inLanguage":"fr-FR","potentialAction":[{"@type":"ReadAction","target":["https:\/\/www.synlab.fr\/oxabio\/votre-sante\/"]}]},{"@type":"BreadcrumbList","@id":"https:\/\/www.synlab.fr\/oxabio\/votre-sante\/#breadcrumb","itemListElement":[{"@type":"ListItem","position":1,"name":"Home","item":"https:\/\/www.synlab.fr\/oxabio\/"},{"@type":"ListItem","position":2,"name":"Votre sant\u00e9"}]},{"@type":"WebSite","@id":"https:\/\/www.synlab.fr\/oxabio\/#website","url":"https:\/\/www.synlab.fr\/oxabio\/","name":"Synlab Oxabio","description":"Un site utilisant Synlab","potentialAction":[{"@type":"SearchAction","target":{"@type":"EntryPoint","urlTemplate":"https:\/\/www.synlab.fr\/oxabio\/?s={search_term_string}"},"query-input":{"@type":"PropertyValueSpecification","valueRequired":true,"valueName":"search_term_string"}}],"inLanguage":"fr-FR"}]}},"_links":{"self":[{"href":"https:\/\/www.synlab.fr\/oxabio\/wp-json\/wp\/v2\/pages\/20","targetHints":{"allow":["GET"]}}],"collection":[{"href":"https:\/\/www.synlab.fr\/oxabio\/wp-json\/wp\/v2\/pages"}],"about":[{"href":"https:\/\/www.synlab.fr\/oxabio\/wp-json\/wp\/v2\/types\/page"}],"author":[{"embeddable":true,"href":"https:\/\/www.synlab.fr\/oxabio\/wp-json\/wp\/v2\/users\/1"}],"replies":[{"embeddable":true,"href":"https:\/\/www.synlab.fr\/oxabio\/wp-json\/wp\/v2\/comments?post=20"}],"version-history":[{"count":7,"href":"https:\/\/www.synlab.fr\/oxabio\/wp-json\/wp\/v2\/pages\/20\/revisions"}],"predecessor-version":[{"id":5454,"href":"https:\/\/www.synlab.fr\/oxabio\/wp-json\/wp\/v2\/pages\/20\/revisions\/5454"}],"wp:attachment":[{"href":"https:\/\/www.synlab.fr\/oxabio\/wp-json\/wp\/v2\/media?parent=20"}],"curies":[{"name":"wp","href":"https:\/\/api.w.org\/{rel}","templated":true}]}}