{"id":24,"date":"2022-04-28T17:16:45","date_gmt":"2022-04-28T15:16:45","guid":{"rendered":"https:\/\/www.synlab.fr\/aix-en-provence\/?page_id=24"},"modified":"2023-10-27T14:48:40","modified_gmt":"2023-10-27T12:48:40","slug":"espace-professionnels-de-sante","status":"publish","type":"page","link":"https:\/\/www.synlab.fr\/oxabio\/espace-professionnels-de-sante\/","title":{"rendered":"Espace professionnels de sant\u00e9"},"content":{"rendered":"<div class=\"container block-texte_image\">\n\n\t\t\t<div class=\"block-texte_image-contenu order-1\" style=\"--widthContenu:70%\">\n\t\t\t<h2>Prescrire des analyses <\/h2>\t\t\t<article><p><strong>Retrouvez ici toutes les informations utiles pour bien prescrire :<\/strong> notre catalogue d&rsquo;analyses, les liens utiles, les formulaires \u00e0 t\u00e9l\u00e9charger et enfin l&rsquo;acc\u00e8s aux r\u00e9sultats de vos patients.<\/p>\n<\/article>\t\t\t\t\t\t\n\t\t\t<p><a href=\"https:\/\/www.synlab.fr\/oxabio\/espace-professionnels-de-sante\/prescrire-des-analyses\/\" style=\"--colorCTA:#003765\" target=\"\" class=\"block-texte_image-contenu-cta\">En savoir plus<\/a><\/p>\t\t<\/div>\n\t\n\t\n\t\t<div class=\"block-texte_image-illustration order-0\" style=\"--widthImage:30%;\">\n\t\t\t<img decoding=\"async\" src=\"https:\/\/www.synlab.fr\/oxabio\/wp-content\/uploads\/sites\/41\/2022\/10\/Femme-medecin--e1665736667258.jpg\" alt=\"Femme medecin\"\/>\n\t\t<\/div>\n\n\t\n\t\t\n<\/div>\n\n\n\n\n\t\n\t\n\n\n\n<div class=\"container-fluid block-separateur\" style=\"--heightDesk:10px;--heightMob:15px;\">\n\n    \n    \n<\/div>\n\n<div class=\"container block-texte_image\">\n\n\t\t\t<div class=\"block-texte_image-contenu order-0\" style=\"--widthContenu:70%\">\n\t\t\t<h2>Pr\u00e9lever<\/h2>\t\t\t<article><p><strong>Retrouvez les \u00e9l\u00e9ments essentielles pour les infirmiers lib\u00e9raux :<\/strong> les bonnes pratiques pour la bonne r\u00e9alisation des analyses, le manuel de pr\u00e9l\u00e8vement, les conventions, g\u00e9rer les urgences et les documents utiles.<\/p>\n<\/article>\t\t\t\t\t\t\n\t\t\t<p><a href=\"https:\/\/www.synlab.fr\/oxabio\/espace-professionnels-de-sante\/prelever\/\" style=\"--colorCTA:#003765\" target=\"\" class=\"block-texte_image-contenu-cta\">En savoir plus<\/a><\/p>\t\t<\/div>\n\t\n\t\n\t\t<div class=\"block-texte_image-illustration order-1\" style=\"--widthImage:30%;\">\n\t\t\t<img decoding=\"async\" src=\"https:\/\/www.synlab.fr\/oxabio\/wp-content\/uploads\/sites\/41\/2022\/09\/RS9217_clipdealer-A42628720-V2.jpg\" alt=\"RS9217_clipdealer-A42628720-V2\"\/>\n\t\t<\/div>\n\n\t\n\t\t\n<\/div>\n\n\n\n\n\t\n\t\n\n\n\n<div class=\"container-fluid block-separateur\" style=\"--heightDesk:10px;--heightMob:15px;\">\n\n    \n    \n<\/div>\n\n<div class=\"container block-texte_image\">\n\n\t\t\t<div class=\"block-texte_image-contenu order-1\" style=\"--widthContenu:70%\">\n\t\t\t<h2>R\u00e9sultats patients<\/h2>\t\t\t<article><p><strong>Les r\u00e9sultats avec mySYNLAB : un service fiable, s\u00e9curis\u00e9e et rapide.<\/strong><\/p>\n<p>Votre patient a r\u00e9alis\u00e9 ses analyses de biologie m\u00e9dicale dans un laboratoire SYNLAB.<\/p>\n<\/article>\t\t\t\t\t\t\n\t\t\t<p><a href=\"https:\/\/www.synlab.fr\/oxabio\/espace-professionnels-de-sante\/resultats-patients\/\" style=\"--colorCTA:#003765\" target=\"\" class=\"block-texte_image-contenu-cta\">En savoir plus<\/a><\/p>\t\t<\/div>\n\t\n\t\n\t\t<div class=\"block-texte_image-illustration order-0\" style=\"--widthImage:30%;\">\n\t\t\t<img decoding=\"async\" src=\"https:\/\/www.synlab.fr\/oxabio\/wp-content\/uploads\/sites\/41\/2022\/11\/Sans-titre-25.png\" alt=\"Sans titre (25)\"\/>\n\t\t<\/div>\n\n\t\n\t\t\n<\/div>\n\n\n\n\n\t\n\t\n\n\n\n<div class=\"container-fluid block-separateur\" style=\"--heightDesk:10px;--heightMob:15px;\">\n\n    \n    \n<\/div>\n\n<div class=\"container block-texte_image\">\n\n\t\t\t<div class=\"block-texte_image-contenu order-0\" style=\"--widthContenu:70%\">\n\t\t\t<h2>Pour les laboratoires partenaires<\/h2>\t\t\t<article><p>Liste des documents utiles pour nos laboratoires partenaires<\/p>\n<\/article>\t\t\t\t\t\t\n\t\t\t<p><a href=\"https:\/\/www.synlab.fr\/oxabio\/espace-professionnels-de-sante\/pour-les-laboratoires-partenaires\/\" style=\"--colorCTA:#003765\" target=\"\" class=\"block-texte_image-contenu-cta\">En savoir plus<\/a><\/p>\t\t<\/div>\n\t\n\t\n\t\t<div class=\"block-texte_image-illustration order-1\" style=\"--widthImage:30%;\">\n\t\t\t<img decoding=\"async\" src=\"https:\/\/www.synlab.fr\/oxabio\/wp-content\/uploads\/sites\/41\/2022\/09\/Technicien_plateau-technique.jpeg\" alt=\"Technicien_plateau-technique\"\/>\n\t\t<\/div>\n\n\t\n\t\t\n<\/div>\n\n\n\n\n\t\n\t\n","protected":false},"excerpt":{"rendered":"","protected":false},"author":1,"featured_media":0,"parent":0,"menu_order":0,"comment_status":"closed","ping_status":"closed","template":"","meta":{"_acf_changed":false,"footnotes":""},"class_list":["post-24","page","type-page","status-publish","hentry"],"acf":[],"yoast_head":"<!-- This site is optimized with the Yoast SEO plugin v26.3 - https:\/\/yoast.com\/wordpress\/plugins\/seo\/ -->\n<title>SYNLAB Oxabio | Espace professionnel de sant\u00e9<\/title>\n<meta name=\"description\" content=\"Vous \u00eates un professionnel de sant\u00e9 ? Vous souhaitez connaitre les proc\u00e9dures de nos laboratoires d&#039;analyses m\u00e9dicales en mati\u00e8re de pr\u00e9l\u00e8vement et de prescription ? Retrouvez toutes ces informations dans notre espace Professionnel de sant\u00e9.\" \/>\n<meta name=\"robots\" content=\"noindex, follow, max-snippet:-1, max-image-preview:large, max-video-preview:-1\" \/>\n<meta property=\"og:locale\" content=\"fr_FR\" \/>\n<meta property=\"og:type\" content=\"article\" \/>\n<meta property=\"og:title\" content=\"SYNLAB Oxabio | Espace professionnel de sant\u00e9\" \/>\n<meta property=\"og:description\" content=\"Vous \u00eates un professionnel de sant\u00e9 ? Vous souhaitez connaitre les proc\u00e9dures de nos laboratoires d&#039;analyses m\u00e9dicales en mati\u00e8re de pr\u00e9l\u00e8vement et de prescription ? Retrouvez toutes ces informations dans notre espace Professionnel de sant\u00e9.\" \/>\n<meta property=\"og:url\" content=\"https:\/\/www.synlab.fr\/oxabio\/espace-professionnels-de-sante\/\" \/>\n<meta property=\"og:site_name\" content=\"Synlab Oxabio\" \/>\n<meta property=\"article:modified_time\" content=\"2023-10-27T12:48:40+00:00\" \/>\n<meta name=\"twitter:card\" content=\"summary_large_image\" \/>\n<script type=\"application\/ld+json\" class=\"yoast-schema-graph\">{\"@context\":\"https:\/\/schema.org\",\"@graph\":[{\"@type\":\"WebPage\",\"@id\":\"https:\/\/www.synlab.fr\/oxabio\/espace-professionnels-de-sante\/\",\"url\":\"https:\/\/www.synlab.fr\/oxabio\/espace-professionnels-de-sante\/\",\"name\":\"SYNLAB Oxabio | Espace professionnel de sant\u00e9\",\"isPartOf\":{\"@id\":\"https:\/\/www.synlab.fr\/oxabio\/#website\"},\"datePublished\":\"2022-04-28T15:16:45+00:00\",\"dateModified\":\"2023-10-27T12:48:40+00:00\",\"description\":\"Vous \u00eates un professionnel de sant\u00e9 ? Vous souhaitez connaitre les proc\u00e9dures de nos laboratoires d'analyses m\u00e9dicales en mati\u00e8re de pr\u00e9l\u00e8vement et de prescription ? Retrouvez toutes ces informations dans notre espace Professionnel de sant\u00e9.\",\"breadcrumb\":{\"@id\":\"https:\/\/www.synlab.fr\/oxabio\/espace-professionnels-de-sante\/#breadcrumb\"},\"inLanguage\":\"fr-FR\",\"potentialAction\":[{\"@type\":\"ReadAction\",\"target\":[\"https:\/\/www.synlab.fr\/oxabio\/espace-professionnels-de-sante\/\"]}]},{\"@type\":\"BreadcrumbList\",\"@id\":\"https:\/\/www.synlab.fr\/oxabio\/espace-professionnels-de-sante\/#breadcrumb\",\"itemListElement\":[{\"@type\":\"ListItem\",\"position\":1,\"name\":\"Home\",\"item\":\"https:\/\/www.synlab.fr\/oxabio\/\"},{\"@type\":\"ListItem\",\"position\":2,\"name\":\"Espace professionnels de sant\u00e9\"}]},{\"@type\":\"WebSite\",\"@id\":\"https:\/\/www.synlab.fr\/oxabio\/#website\",\"url\":\"https:\/\/www.synlab.fr\/oxabio\/\",\"name\":\"Synlab Oxabio\",\"description\":\"Un site utilisant Synlab\",\"potentialAction\":[{\"@type\":\"SearchAction\",\"target\":{\"@type\":\"EntryPoint\",\"urlTemplate\":\"https:\/\/www.synlab.fr\/oxabio\/?s={search_term_string}\"},\"query-input\":{\"@type\":\"PropertyValueSpecification\",\"valueRequired\":true,\"valueName\":\"search_term_string\"}}],\"inLanguage\":\"fr-FR\"}]}<\/script>\n<!-- \/ Yoast SEO plugin. -->","yoast_head_json":{"title":"SYNLAB Oxabio | Espace professionnel de sant\u00e9","description":"Vous \u00eates un professionnel de sant\u00e9 ? Vous souhaitez connaitre les proc\u00e9dures de nos laboratoires d'analyses m\u00e9dicales en mati\u00e8re de pr\u00e9l\u00e8vement et de prescription ? Retrouvez toutes ces informations dans notre espace Professionnel de sant\u00e9.","robots":{"index":"noindex","follow":"follow","max-snippet":"max-snippet:-1","max-image-preview":"max-image-preview:large","max-video-preview":"max-video-preview:-1"},"og_locale":"fr_FR","og_type":"article","og_title":"SYNLAB Oxabio | Espace professionnel de sant\u00e9","og_description":"Vous \u00eates un professionnel de sant\u00e9 ? Vous souhaitez connaitre les proc\u00e9dures de nos laboratoires d'analyses m\u00e9dicales en mati\u00e8re de pr\u00e9l\u00e8vement et de prescription ? Retrouvez toutes ces informations dans notre espace Professionnel de sant\u00e9.","og_url":"https:\/\/www.synlab.fr\/oxabio\/espace-professionnels-de-sante\/","og_site_name":"Synlab Oxabio","article_modified_time":"2023-10-27T12:48:40+00:00","twitter_card":"summary_large_image","schema":{"@context":"https:\/\/schema.org","@graph":[{"@type":"WebPage","@id":"https:\/\/www.synlab.fr\/oxabio\/espace-professionnels-de-sante\/","url":"https:\/\/www.synlab.fr\/oxabio\/espace-professionnels-de-sante\/","name":"SYNLAB Oxabio | Espace professionnel de sant\u00e9","isPartOf":{"@id":"https:\/\/www.synlab.fr\/oxabio\/#website"},"datePublished":"2022-04-28T15:16:45+00:00","dateModified":"2023-10-27T12:48:40+00:00","description":"Vous \u00eates un professionnel de sant\u00e9 ? Vous souhaitez connaitre les proc\u00e9dures de nos laboratoires d'analyses m\u00e9dicales en mati\u00e8re de pr\u00e9l\u00e8vement et de prescription ? Retrouvez toutes ces informations dans notre espace Professionnel de sant\u00e9.","breadcrumb":{"@id":"https:\/\/www.synlab.fr\/oxabio\/espace-professionnels-de-sante\/#breadcrumb"},"inLanguage":"fr-FR","potentialAction":[{"@type":"ReadAction","target":["https:\/\/www.synlab.fr\/oxabio\/espace-professionnels-de-sante\/"]}]},{"@type":"BreadcrumbList","@id":"https:\/\/www.synlab.fr\/oxabio\/espace-professionnels-de-sante\/#breadcrumb","itemListElement":[{"@type":"ListItem","position":1,"name":"Home","item":"https:\/\/www.synlab.fr\/oxabio\/"},{"@type":"ListItem","position":2,"name":"Espace professionnels de sant\u00e9"}]},{"@type":"WebSite","@id":"https:\/\/www.synlab.fr\/oxabio\/#website","url":"https:\/\/www.synlab.fr\/oxabio\/","name":"Synlab Oxabio","description":"Un site utilisant Synlab","potentialAction":[{"@type":"SearchAction","target":{"@type":"EntryPoint","urlTemplate":"https:\/\/www.synlab.fr\/oxabio\/?s={search_term_string}"},"query-input":{"@type":"PropertyValueSpecification","valueRequired":true,"valueName":"search_term_string"}}],"inLanguage":"fr-FR"}]}},"_links":{"self":[{"href":"https:\/\/www.synlab.fr\/oxabio\/wp-json\/wp\/v2\/pages\/24","targetHints":{"allow":["GET"]}}],"collection":[{"href":"https:\/\/www.synlab.fr\/oxabio\/wp-json\/wp\/v2\/pages"}],"about":[{"href":"https:\/\/www.synlab.fr\/oxabio\/wp-json\/wp\/v2\/types\/page"}],"author":[{"embeddable":true,"href":"https:\/\/www.synlab.fr\/oxabio\/wp-json\/wp\/v2\/users\/1"}],"replies":[{"embeddable":true,"href":"https:\/\/www.synlab.fr\/oxabio\/wp-json\/wp\/v2\/comments?post=24"}],"version-history":[{"count":18,"href":"https:\/\/www.synlab.fr\/oxabio\/wp-json\/wp\/v2\/pages\/24\/revisions"}],"predecessor-version":[{"id":5560,"href":"https:\/\/www.synlab.fr\/oxabio\/wp-json\/wp\/v2\/pages\/24\/revisions\/5560"}],"wp:attachment":[{"href":"https:\/\/www.synlab.fr\/oxabio\/wp-json\/wp\/v2\/media?parent=24"}],"curies":[{"name":"wp","href":"https:\/\/api.w.org\/{rel}","templated":true}]}}