{"id":2569,"date":"2022-09-08T12:09:58","date_gmt":"2022-09-08T10:09:58","guid":{"rendered":"https:\/\/www.synlab.fr\/oxabio\/?page_id=2569"},"modified":"2023-10-09T15:36:07","modified_gmt":"2023-10-09T13:36:07","slug":"espace-professionnel-contact","status":"publish","type":"page","link":"https:\/\/www.synlab.fr\/oxabio\/espace-professionnel-contact\/","title":{"rendered":"Espace professionnel &#8211; Contact"},"content":{"rendered":"<div class=\"container block-texte_image\">\n\n\t\n\t\n\t\t\n<\/div>\n\n\n\n\n\t\n\t\n\n\n<div class=\"container block-texte_image\">\n\n\t\t\t<div class=\"block-texte_image-contenu order-1\" style=\"--widthContenu:100%\">\n\t\t\t\t\t\t<article><div class=\"wpforms-container wpforms-container-full\" id=\"wpforms-5392\"><form id=\"wpforms-form-5392\" class=\"wpforms-validate wpforms-form wpforms-ajax-form\" data-formid=\"5392\" method=\"post\" enctype=\"multipart\/form-data\" action=\"\/oxabio\/wp-json\/wp\/v2\/pages\/2569?wpforms_form_id=5392\" data-token=\"10b1426ba6c79405ff296de9d93f213e\" data-token-time=\"1775254059\"><noscript class=\"wpforms-error-noscript\">Veuillez activer JavaScript dans votre navigateur pour remplir ce formulaire.<\/noscript><div class=\"wpforms-field-container\"><div id=\"wpforms-5392-field_1-container\" class=\"wpforms-field wpforms-field-layout\" data-field-id=\"1\"><label class=\"wpforms-field-label wpforms-label-hide\">Layout<\/label><div class=\"wpforms-field-layout-columns wpforms-field-layout-preset-50-50\"><div class=\"wpforms-layout-column wpforms-layout-column-50\" ><div id=\"wpforms-5392-field_9-container\" class=\"wpforms-field wpforms-field-select wpforms-field-select-style-classic\" data-field-id=\"9\"><label class=\"wpforms-field-label\" for=\"wpforms-5392-field_9\">Je suis <span class=\"wpforms-required-label\">*<\/span><\/label><select id=\"wpforms-5392-field_9\" class=\"wpforms-field-medium wpforms-field-required\" name=\"wpforms[fields][9]\" required=\"required\"><option value=\"Client Pro\" >Client Pro<\/option><option value=\"Journaliste\" >Journaliste<\/option><\/select><\/div><div id=\"wpforms-5392-field_3-container\" class=\"wpforms-field wpforms-field-radio wpforms-list-inline\" data-field-id=\"3\"><label class=\"wpforms-field-label\" for=\"wpforms-5392-field_3\">Civilit\u00e9 <span class=\"wpforms-required-label\">*<\/span><\/label><ul id=\"wpforms-5392-field_3\" class=\"wpforms-field-required\"><li class=\"choice-1 depth-1\"><input type=\"radio\" id=\"wpforms-5392-field_3_1\" name=\"wpforms[fields][3]\" value=\"Mme\" required ><label class=\"wpforms-field-label-inline\" for=\"wpforms-5392-field_3_1\">Mme<\/label><\/li><li class=\"choice-2 depth-1\"><input type=\"radio\" id=\"wpforms-5392-field_3_2\" name=\"wpforms[fields][3]\" value=\"M.\" required ><label class=\"wpforms-field-label-inline\" for=\"wpforms-5392-field_3_2\">M.<\/label><\/li><\/ul><\/div><div id=\"wpforms-5392-field_4-container\" class=\"wpforms-field wpforms-field-text\" data-field-id=\"4\"><label class=\"wpforms-field-label\" for=\"wpforms-5392-field_4\">Nom <span class=\"wpforms-required-label\">*<\/span><\/label><input type=\"text\" id=\"wpforms-5392-field_4\" class=\"wpforms-field-medium wpforms-field-required\" name=\"wpforms[fields][4]\" required><\/div><div id=\"wpforms-5392-field_6-container\" class=\"wpforms-field wpforms-field-text\" data-field-id=\"6\"><label class=\"wpforms-field-label\" for=\"wpforms-5392-field_6\">Pr\u00e9nom <span class=\"wpforms-required-label\">*<\/span><\/label><input type=\"text\" id=\"wpforms-5392-field_6\" class=\"wpforms-field-medium wpforms-field-required\" name=\"wpforms[fields][6]\" required><\/div><div id=\"wpforms-5392-field_5-container\" class=\"wpforms-field wpforms-field-text\" data-field-id=\"5\"><label class=\"wpforms-field-label\" for=\"wpforms-5392-field_5\">Entreprise<\/label><input type=\"text\" id=\"wpforms-5392-field_5\" class=\"wpforms-field-medium\" name=\"wpforms[fields][5]\" ><\/div><div id=\"wpforms-5392-field_7-container\" class=\"wpforms-field wpforms-field-phone\" data-field-id=\"7\"><label class=\"wpforms-field-label\" for=\"wpforms-5392-field_7\">T\u00e9l\u00e9phone <span class=\"wpforms-required-label\">*<\/span><\/label><input type=\"tel\" id=\"wpforms-5392-field_7\" class=\"wpforms-field-medium wpforms-field-required wpforms-smart-phone-field\" data-rule-smart-phone-field=\"true\" name=\"wpforms[fields][7]\" required><\/div><div id=\"wpforms-5392-field_8-container\" class=\"wpforms-field wpforms-field-email\" data-field-id=\"8\"><label class=\"wpforms-field-label\" for=\"wpforms-5392-field_8\">Email <span class=\"wpforms-required-label\">*<\/span><\/label><input type=\"email\" id=\"wpforms-5392-field_8\" class=\"wpforms-field-medium wpforms-field-required\" name=\"wpforms[fields][8]\" spellcheck=\"false\" required><\/div><\/div><div class=\"wpforms-layout-column wpforms-layout-column-50\" ><div id=\"wpforms-5392-field_10-container\" class=\"wpforms-field wpforms-field-textarea\" data-field-id=\"10\"><label class=\"wpforms-field-label\" for=\"wpforms-5392-field_10\">Adresse<\/label><textarea id=\"wpforms-5392-field_10\" class=\"wpforms-field-medium\" name=\"wpforms[fields][10]\" ><\/textarea><\/div><div id=\"wpforms-5392-field_11-container\" class=\"wpforms-field wpforms-field-text\" data-field-id=\"11\"><label class=\"wpforms-field-label\" for=\"wpforms-5392-field_11\">Ville<\/label><input type=\"text\" id=\"wpforms-5392-field_11\" class=\"wpforms-field-medium\" name=\"wpforms[fields][11]\" ><\/div><div id=\"wpforms-5392-field_12-container\" class=\"wpforms-field wpforms-field-number\" data-field-id=\"12\"><label class=\"wpforms-field-label\" for=\"wpforms-5392-field_12\">Code Postal<\/label><input type=\"number\" id=\"wpforms-5392-field_12\" class=\"wpforms-field-medium\" name=\"wpforms[fields][12]\" ><\/div><div id=\"wpforms-5392-field_13-container\" class=\"wpforms-field wpforms-field-select wpforms-field-select-style-classic\" data-field-id=\"13\"><label class=\"wpforms-field-label\" for=\"wpforms-5392-field_13\">Pays<\/label><select id=\"wpforms-5392-field_13\" class=\"wpforms-field-medium\" name=\"wpforms[fields][13]\"><option value=\"3 choix\" >3 choix<\/option><option value=\"France\" >France<\/option><option value=\"Suisse\" >Suisse<\/option><\/select><\/div><div id=\"wpforms-5392-field_14-container\" class=\"wpforms-field wpforms-field-file-upload\" data-field-id=\"14\"><label class=\"wpforms-field-label\" for=\"wpforms-5392-field_14\">Pi\u00e8ce jointe<\/label><input type=\"file\" id=\"wpforms-5392-field_14\" data-rule-extension=\"jpg,jpeg,jpe,png,gif,webp,mov,qt,avif,avi,mpeg,mpg,mpe,3gp,3gpp,3g2,3gp2,mid,midi,pdf,doc,docx,docm,pot,pps,ppt,pptx,pptm,odt,ppsx,ppsm,xla,xls,xlt,xlw,xlsx,xlsm,xlsb,key,mp3,m4a,m4b,ogg,oga,flac,wav,x-wav,mp4,m4v,webm,ogv,svg\" data-rule-maxsize=\"1536000\" name=\"wpforms_5392_14\" accept=\".jpg,.jpeg,.jpe,.png,.gif,.webp,.mov,.qt,.avif,.avi,.mpeg,.mpg,.mpe,.3gp,.3gpp,.3g2,.3gp2,.mid,.midi,.pdf,.doc,.docx,.docm,.pot,.pps,.ppt,.pptx,.pptm,.odt,.ppsx,.ppsm,.xla,.xls,.xlt,.xlw,.xlsx,.xlsm,.xlsb,.key,.mp3,.m4a,.m4b,.ogg,.oga,.flac,.wav,.x-wav,.mp4,.m4v,.webm,.ogv,.svg\" ><\/div><\/div><\/div><\/div><div id=\"wpforms-5392-field_15-container\" class=\"wpforms-field wpforms-field-select wpforms-field-select-style-classic\" data-field-id=\"15\"><label class=\"wpforms-field-label\" for=\"wpforms-5392-field_15\">Laboratoire <span class=\"wpforms-required-label\">*<\/span><\/label><select id=\"wpforms-5392-field_15\" class=\"wpforms-field-large wpforms-field-required\" name=\"wpforms[fields][15]\" required=\"required\"><option value=\"Douai\" >Douai<\/option><option value=\"Douchy les Mines\" >Douchy les Mines<\/option><option value=\"Gambetta\" >Gambetta<\/option><option value=\"Martin-Martine\" >Martin-Martine<\/option><option value=\"Porte Notre Dame\" >Porte Notre Dame<\/option><option value=\"Solesmes\" >Solesmes<\/option><option value=\"Leforest\" >Leforest<\/option><option value=\"H\u00e9nin Beaumont\" >H\u00e9nin Beaumont<\/option><option value=\"B\u00e9thune\" >B\u00e9thune<\/option><\/select><\/div><div id=\"wpforms-5392-field_16-container\" class=\"wpforms-field wpforms-field-textarea\" data-field-id=\"16\"><label class=\"wpforms-field-label\" for=\"wpforms-5392-field_16\">Message <span class=\"wpforms-required-label\">*<\/span><\/label><textarea id=\"wpforms-5392-field_16\" class=\"wpforms-field-medium wpforms-field-required\" name=\"wpforms[fields][16]\" required><\/textarea><\/div><div id=\"wpforms-5392-field_19-container\" class=\"wpforms-field wpforms-field-checkbox\" data-field-id=\"19\"><label class=\"wpforms-field-label wpforms-label-hide\" for=\"wpforms-5392-field_19\">Termes et conditions <span class=\"wpforms-required-label\">*<\/span><\/label><ul id=\"wpforms-5392-field_19\" class=\"wpforms-field-required\"><li class=\"choice-1 depth-1\"><input type=\"checkbox\" id=\"wpforms-5392-field_19_1\" name=\"wpforms[fields][19][]\" value=\"J&#039;accepte les termes et conditions de SYNLAB. &lt;a href=&quot;https:\/\/www.synlab.fr\/synlab-nouvelle-aquitaine\/nous-contacter\/&quot;&gt;(en savoir plus)&lt;\/a&gt; *\" required ><label class=\"wpforms-field-label-inline\" for=\"wpforms-5392-field_19_1\">J&rsquo;accepte les termes et conditions de SYNLAB. <a href=\"https:\/\/www.synlab.fr\/synlab-nouvelle-aquitaine\/nous-contacter\/\">(en savoir plus)<\/a> *<\/label><\/li><\/ul><\/div><\/div><!-- .wpforms-field-container --><div class=\"wpforms-submit-container\" ><input type=\"hidden\" name=\"wpforms[id]\" value=\"5392\"><input type=\"hidden\" name=\"page_title\" value=\"\"><input type=\"hidden\" name=\"page_url\" value=\"https:\/\/www.synlab.fr\/oxabio\/wp-json\/wp\/v2\/pages\/2569\"><button type=\"submit\" name=\"wpforms[submit]\" id=\"wpforms-submit-5392\" class=\"wpforms-submit\" data-alt-text=\"Envoi...\" data-submit-text=\"Envoyer\" aria-live=\"assertive\" value=\"wpforms-submit\">Envoyer<\/button><img loading=\"lazy\" decoding=\"async\" src=\"https:\/\/www.synlab.fr\/oxabio\/wp-content\/plugins\/wpforms\/assets\/images\/submit-spin.svg\" class=\"wpforms-submit-spinner\" style=\"display: none;\" width=\"26\" height=\"26\" alt=\"Chargement en cours\"><\/div><\/form><\/div>  <!-- .wpforms-container -->\n<\/article>\t\t\t\t\t\t\n\t\t\t\t\t<\/div>\n\t\n\t\n\t\t\n<\/div>\n\n\n\n\n\t\n\t\n","protected":false},"excerpt":{"rendered":"","protected":false},"author":13,"featured_media":0,"parent":0,"menu_order":0,"comment_status":"closed","ping_status":"closed","template":"","meta":{"_acf_changed":false,"footnotes":""},"class_list":["post-2569","page","type-page","status-publish","hentry"],"acf":[],"yoast_head":"<!-- This site is optimized with the Yoast SEO plugin v26.3 - https:\/\/yoast.com\/wordpress\/plugins\/seo\/ -->\n<title>SYNLAB Oxabio - Espace contact d\u00e9di\u00e9 professionnel<\/title>\n<meta name=\"description\" content=\"Vous \u00eates un professionnel, et vous souhaitez r\u00e9aliser un partenariat ou nous proposez une offre commerciale ? N&#039;h\u00e9sitez pas \u00e0 nous contacter en remplissant ce formulaire de contact. Nous vous recontacterons dans les meilleurs d\u00e9lais.\" \/>\n<meta name=\"robots\" content=\"noindex, follow, max-snippet:-1, max-image-preview:large, max-video-preview:-1\" \/>\n<meta property=\"og:locale\" content=\"fr_FR\" \/>\n<meta property=\"og:type\" content=\"article\" \/>\n<meta property=\"og:title\" content=\"SYNLAB Oxabio - Espace contact d\u00e9di\u00e9 professionnel\" \/>\n<meta property=\"og:description\" content=\"Vous \u00eates un professionnel, et vous souhaitez r\u00e9aliser un partenariat ou nous proposez une offre commerciale ? N&#039;h\u00e9sitez pas \u00e0 nous contacter en remplissant ce formulaire de contact. Nous vous recontacterons dans les meilleurs d\u00e9lais.\" \/>\n<meta property=\"og:url\" content=\"https:\/\/www.synlab.fr\/oxabio\/espace-professionnel-contact\/\" \/>\n<meta property=\"og:site_name\" content=\"Synlab Oxabio\" \/>\n<meta property=\"article:modified_time\" content=\"2023-10-09T13:36:07+00:00\" \/>\n<meta name=\"twitter:card\" content=\"summary_large_image\" \/>\n<script type=\"application\/ld+json\" class=\"yoast-schema-graph\">{\"@context\":\"https:\/\/schema.org\",\"@graph\":[{\"@type\":\"WebPage\",\"@id\":\"https:\/\/www.synlab.fr\/oxabio\/espace-professionnel-contact\/\",\"url\":\"https:\/\/www.synlab.fr\/oxabio\/espace-professionnel-contact\/\",\"name\":\"SYNLAB Oxabio - Espace contact d\u00e9di\u00e9 professionnel\",\"isPartOf\":{\"@id\":\"https:\/\/www.synlab.fr\/oxabio\/#website\"},\"datePublished\":\"2022-09-08T10:09:58+00:00\",\"dateModified\":\"2023-10-09T13:36:07+00:00\",\"description\":\"Vous \u00eates un professionnel, et vous souhaitez r\u00e9aliser un partenariat ou nous proposez une offre commerciale ? N'h\u00e9sitez pas \u00e0 nous contacter en remplissant ce formulaire de contact. Nous vous recontacterons dans les meilleurs d\u00e9lais.\",\"breadcrumb\":{\"@id\":\"https:\/\/www.synlab.fr\/oxabio\/espace-professionnel-contact\/#breadcrumb\"},\"inLanguage\":\"fr-FR\",\"potentialAction\":[{\"@type\":\"ReadAction\",\"target\":[\"https:\/\/www.synlab.fr\/oxabio\/espace-professionnel-contact\/\"]}]},{\"@type\":\"BreadcrumbList\",\"@id\":\"https:\/\/www.synlab.fr\/oxabio\/espace-professionnel-contact\/#breadcrumb\",\"itemListElement\":[{\"@type\":\"ListItem\",\"position\":1,\"name\":\"Home\",\"item\":\"https:\/\/www.synlab.fr\/oxabio\/\"},{\"@type\":\"ListItem\",\"position\":2,\"name\":\"Espace professionnel &#8211; Contact\"}]},{\"@type\":\"WebSite\",\"@id\":\"https:\/\/www.synlab.fr\/oxabio\/#website\",\"url\":\"https:\/\/www.synlab.fr\/oxabio\/\",\"name\":\"Synlab Oxabio\",\"description\":\"Un site utilisant Synlab\",\"potentialAction\":[{\"@type\":\"SearchAction\",\"target\":{\"@type\":\"EntryPoint\",\"urlTemplate\":\"https:\/\/www.synlab.fr\/oxabio\/?s={search_term_string}\"},\"query-input\":{\"@type\":\"PropertyValueSpecification\",\"valueRequired\":true,\"valueName\":\"search_term_string\"}}],\"inLanguage\":\"fr-FR\"}]}<\/script>\n<!-- \/ Yoast SEO plugin. -->","yoast_head_json":{"title":"SYNLAB Oxabio - Espace contact d\u00e9di\u00e9 professionnel","description":"Vous \u00eates un professionnel, et vous souhaitez r\u00e9aliser un partenariat ou nous proposez une offre commerciale ? N'h\u00e9sitez pas \u00e0 nous contacter en remplissant ce formulaire de contact. Nous vous recontacterons dans les meilleurs d\u00e9lais.","robots":{"index":"noindex","follow":"follow","max-snippet":"max-snippet:-1","max-image-preview":"max-image-preview:large","max-video-preview":"max-video-preview:-1"},"og_locale":"fr_FR","og_type":"article","og_title":"SYNLAB Oxabio - Espace contact d\u00e9di\u00e9 professionnel","og_description":"Vous \u00eates un professionnel, et vous souhaitez r\u00e9aliser un partenariat ou nous proposez une offre commerciale ? N'h\u00e9sitez pas \u00e0 nous contacter en remplissant ce formulaire de contact. Nous vous recontacterons dans les meilleurs d\u00e9lais.","og_url":"https:\/\/www.synlab.fr\/oxabio\/espace-professionnel-contact\/","og_site_name":"Synlab Oxabio","article_modified_time":"2023-10-09T13:36:07+00:00","twitter_card":"summary_large_image","schema":{"@context":"https:\/\/schema.org","@graph":[{"@type":"WebPage","@id":"https:\/\/www.synlab.fr\/oxabio\/espace-professionnel-contact\/","url":"https:\/\/www.synlab.fr\/oxabio\/espace-professionnel-contact\/","name":"SYNLAB Oxabio - Espace contact d\u00e9di\u00e9 professionnel","isPartOf":{"@id":"https:\/\/www.synlab.fr\/oxabio\/#website"},"datePublished":"2022-09-08T10:09:58+00:00","dateModified":"2023-10-09T13:36:07+00:00","description":"Vous \u00eates un professionnel, et vous souhaitez r\u00e9aliser un partenariat ou nous proposez une offre commerciale ? N'h\u00e9sitez pas \u00e0 nous contacter en remplissant ce formulaire de contact. Nous vous recontacterons dans les meilleurs d\u00e9lais.","breadcrumb":{"@id":"https:\/\/www.synlab.fr\/oxabio\/espace-professionnel-contact\/#breadcrumb"},"inLanguage":"fr-FR","potentialAction":[{"@type":"ReadAction","target":["https:\/\/www.synlab.fr\/oxabio\/espace-professionnel-contact\/"]}]},{"@type":"BreadcrumbList","@id":"https:\/\/www.synlab.fr\/oxabio\/espace-professionnel-contact\/#breadcrumb","itemListElement":[{"@type":"ListItem","position":1,"name":"Home","item":"https:\/\/www.synlab.fr\/oxabio\/"},{"@type":"ListItem","position":2,"name":"Espace professionnel &#8211; Contact"}]},{"@type":"WebSite","@id":"https:\/\/www.synlab.fr\/oxabio\/#website","url":"https:\/\/www.synlab.fr\/oxabio\/","name":"Synlab Oxabio","description":"Un site utilisant Synlab","potentialAction":[{"@type":"SearchAction","target":{"@type":"EntryPoint","urlTemplate":"https:\/\/www.synlab.fr\/oxabio\/?s={search_term_string}"},"query-input":{"@type":"PropertyValueSpecification","valueRequired":true,"valueName":"search_term_string"}}],"inLanguage":"fr-FR"}]}},"_links":{"self":[{"href":"https:\/\/www.synlab.fr\/oxabio\/wp-json\/wp\/v2\/pages\/2569","targetHints":{"allow":["GET"]}}],"collection":[{"href":"https:\/\/www.synlab.fr\/oxabio\/wp-json\/wp\/v2\/pages"}],"about":[{"href":"https:\/\/www.synlab.fr\/oxabio\/wp-json\/wp\/v2\/types\/page"}],"author":[{"embeddable":true,"href":"https:\/\/www.synlab.fr\/oxabio\/wp-json\/wp\/v2\/users\/13"}],"replies":[{"embeddable":true,"href":"https:\/\/www.synlab.fr\/oxabio\/wp-json\/wp\/v2\/comments?post=2569"}],"version-history":[{"count":5,"href":"https:\/\/www.synlab.fr\/oxabio\/wp-json\/wp\/v2\/pages\/2569\/revisions"}],"predecessor-version":[{"id":5406,"href":"https:\/\/www.synlab.fr\/oxabio\/wp-json\/wp\/v2\/pages\/2569\/revisions\/5406"}],"wp:attachment":[{"href":"https:\/\/www.synlab.fr\/oxabio\/wp-json\/wp\/v2\/media?parent=2569"}],"curies":[{"name":"wp","href":"https:\/\/api.w.org\/{rel}","templated":true}]}}