{"id":26,"date":"2022-04-28T17:17:01","date_gmt":"2022-04-28T15:17:01","guid":{"rendered":"https:\/\/www.synlab.fr\/aix-en-provence\/?page_id=26"},"modified":"2023-10-27T16:25:51","modified_gmt":"2023-10-27T14:25:51","slug":"nous-connaitre","status":"publish","type":"page","link":"https:\/\/www.synlab.fr\/oxabio\/nous-connaitre\/","title":{"rendered":"Nous conna\u00eetre"},"content":{"rendered":"<div class=\"container block-texte_image\">\n\n\t\t\t<div class=\"block-texte_image-contenu order-1\" style=\"--widthContenu:70%\">\n\t\t\t<h2>D\u00e9couvrir SYNLAB Oxabio<\/h2>\t\t\t<article><p><strong>Synlab Oxabio fait partie du r\u00e9seau SYNLAB, <\/strong>leader Europ\u00e9en du diagnostic m\u00e9dical. Le laboratoire est pr\u00e9sent dans les Hauts de France \u00e0 travers 9 sites : Cambrai (2 sites), Caudry, Solesmes, Douchy-les-Mines, Douai, Leforest, H\u00e9nin-Beaumont, B\u00e9thune.<\/p>\n<\/article>\t\t\t\t\t\t\n\t\t\t<p><a href=\"https:\/\/www.synlab.fr\/oxabio\/nous-connaitre\/decouvrir-synlab-oxabio\/\" style=\"--colorCTA:#003765\" target=\"\" class=\"block-texte_image-contenu-cta\">En savoir plus<\/a><\/p>\t\t<\/div>\n\t\n\t\n\t\t<div class=\"block-texte_image-illustration order-0\" style=\"--widthImage:30%;\">\n\t\t\t<img decoding=\"async\" src=\"https:\/\/www.synlab.fr\/oxabio\/wp-content\/uploads\/sites\/41\/2023\/01\/PND-cambrai.jpg\" alt=\"PND cambrai\"\/>\n\t\t<\/div>\n\n\t\n\t\t\n<\/div>\n\n\n\n\n\t\n\t\n\n\n\n<div class=\"container-fluid block-separateur\" style=\"--heightDesk:30px;--heightMob:20px;\">\n\n    \n    \n<\/div>\n\n<div class=\"container block-texte_image\">\n\n\t\t\t<div class=\"block-texte_image-contenu order-0\" style=\"--widthContenu:70%\">\n\t\t\t<h2>Notre offre<\/h2>\t\t\t<article><p>La sant\u00e9 de nos patients est la premi\u00e8re de nos priorit\u00e9s. <strong>Le laboratoire Synlab Oxabio, accr\u00e9dit\u00e9 depuis 2011 selon la norme NF EN ISO 15189, r\u00e9alise sur ces diff\u00e9rents sites plus de 85% des analyses de routine et sp\u00e9cialis\u00e9es.<\/strong><\/p>\n<p>Nous mettons nos comp\u00e9tences au service des patients, des m\u00e9decins, des \u00e9tablissements de sant\u00e9 dans les Hauts de France.<\/p>\n<\/article>\t\t\t\t\t\t\n\t\t\t<p><a href=\"https:\/\/www.synlab.fr\/nous-connaitre\/notre-offre\/\" style=\"--colorCTA:#003765\" target=\"\" class=\"block-texte_image-contenu-cta\">En savoir plus<\/a><\/p>\t\t<\/div>\n\t\n\t\n\t\t<div class=\"block-texte_image-illustration order-1\" style=\"--widthImage:30%;\">\n\t\t\t<img decoding=\"async\" src=\"https:\/\/www.synlab.fr\/oxabio\/wp-content\/uploads\/sites\/41\/2022\/09\/national-cancer-institute-9k4Fglw6eFQ-unsplash.jpg\" alt=\"national-cancer-institute-9k4Fglw6eFQ-unsplash\"\/>\n\t\t<\/div>\n\n\t\n\t\t\n<\/div>\n\n\n\n\n\t\n\t\n\n\n\n<div class=\"container-fluid block-separateur\" style=\"--heightDesk:30px;--heightMob:20px;\">\n\n    \n    \n<\/div>\n\n<div class=\"container block-texte_image\">\n\n\t\t\t<div class=\"block-texte_image-contenu order-1\" style=\"--widthContenu:70%\">\n\t\t\t<h2>Nos missions<\/h2>\t\t\t<article><ul>\n<li><strong>Fournir des services de diagnostic<\/strong> aux patients, aux m\u00e9decins, aux h\u00f4pitaux, aux institutions et aux entreprises.<\/li>\n<li><strong>Collecter les \u00e9chantillons, les acheminer vers des plateaux techniques pour les analyser,<\/strong> puis communiquer <strong>des r\u00e9sultats fiables<\/strong> et pr\u00e9cis dans les meilleurs d\u00e9lais.<\/li>\n<li><strong>Proposer une prestation de conseil<\/strong> pour l\u2019interpr\u00e9tation des r\u00e9sultats et l\u2019aide \u00e0 la d\u00e9cision m\u00e9dicale.<\/li>\n<li><strong>Suivre et s\u2019adapter aux r\u00e9glementations<\/strong><\/li>\n<li><strong>Se concentrer sur l\u2019excellence m\u00e9dicale<\/strong> centr\u00e9e sur le patient et client.<\/li>\n<\/ul>\n<p>&nbsp;<\/p>\n<\/article>\t\t\t\t\t\t\n\t\t\t<p><a href=\"https:\/\/www.synlab.fr\/nous-connaitre\/missions-et-valeurs\/\" style=\"--colorCTA:#003765\" target=\"\" class=\"block-texte_image-contenu-cta\">En savoir plus<\/a><\/p>\t\t<\/div>\n\t\n\t\n\t\t<div class=\"block-texte_image-illustration order-0\" style=\"--widthImage:30%;\">\n\t\t\t<img decoding=\"async\" src=\"https:\/\/www.synlab.fr\/oxabio\/wp-content\/uploads\/sites\/41\/2023\/01\/front-view-of-woman-holding-heart-shape-1-scaled.jpg\" alt=\"front-view-of-woman-holding-heart-shape\"\/>\n\t\t<\/div>\n\n\t\n\t\t\n<\/div>\n\n\n\n\n\t\n\t\n\n\n\n<div class=\"container-fluid block-separateur\" style=\"--heightDesk:30px;--heightMob:20px;\">\n\n    \n    \n<\/div>\n\n<div class=\"container block-texte_image\">\n\n\t\t\t<div class=\"block-texte_image-contenu order-0\" style=\"--widthContenu:70%\">\n\t\t\t<h2>Nos engagements<\/h2>\t\t\t<article><p>En tant qu\u2019entreprise du secteur des soins de sant\u00e9, nous avons la possibilit\u00e9 d\u2019avoir un impact positif sur la sant\u00e9 des gens. <strong>La pr\u00e9vention est un \u00e9l\u00e9ment cl\u00e9 de nos engagements.<\/strong> Chaque ann\u00e9e, nous nous investissons aupr\u00e8s de plusieurs th\u00e9matiques sant\u00e9 : <strong>diab\u00e8te, VIH, d\u00e9pistage du cancer du col de l&rsquo;ut\u00e9rus ou des actions pour la collecte de dons contre cancer du sein.<\/strong><\/p>\n<p>&nbsp;<\/p>\n<\/article>\t\t\t\t\t\t\n\t\t\t<p><a href=\"https:\/\/www.synlab.fr\/oxabio\/nous-connaitre\/nos-engagements\/\" style=\"--colorCTA:#003765\" target=\"\" class=\"block-texte_image-contenu-cta\">En savoir plus<\/a><\/p>\t\t<\/div>\n\t\n\t\n\t\t<div class=\"block-texte_image-illustration order-1\" style=\"--widthImage:30%;\">\n\t\t\t<img decoding=\"async\" src=\"https:\/\/www.synlab.fr\/oxabio\/wp-content\/uploads\/sites\/41\/2023\/01\/244017658_10228403395248948_1511227733299514911_n-1.jpg\" alt=\"244017658_10228403395248948_1511227733299514911_n (1)\"\/>\n\t\t<\/div>\n\n\t\n\t\t\n<\/div>\n\n\n\n\n\t\n\t\n\n\n\n<div class=\"container-fluid block-separateur\" style=\"--heightDesk:30px;--heightMob:20px;\">\n\n    \n    \n<\/div>","protected":false},"excerpt":{"rendered":"","protected":false},"author":1,"featured_media":0,"parent":0,"menu_order":0,"comment_status":"closed","ping_status":"closed","template":"","meta":{"_acf_changed":false,"footnotes":""},"class_list":["post-26","page","type-page","status-publish","hentry"],"acf":[],"yoast_head":"<!-- This site is optimized with the Yoast SEO plugin v26.3 - https:\/\/yoast.com\/wordpress\/plugins\/seo\/ -->\n<title>SYNLAB Oxabio - Nous connaitre<\/title>\n<meta name=\"description\" content=\"Vous \u00eates un patient ou une personne en recherche d&#039;emploi qui souhaite connaitre plus en d\u00e9tail l&#039;histoire et les valeurs de la soci\u00e9t\u00e9 SYNLAB Oxabio ? Vous trouverez l&#039;ensemble de vos r\u00e9ponses dans notre rubrique &quot;Nous conna\u00eetre&quot; .\" \/>\n<meta name=\"robots\" content=\"noindex, follow, max-snippet:-1, max-image-preview:large, max-video-preview:-1\" \/>\n<meta property=\"og:locale\" content=\"fr_FR\" \/>\n<meta property=\"og:type\" content=\"article\" \/>\n<meta property=\"og:title\" content=\"SYNLAB Oxabio - Nous connaitre\" \/>\n<meta property=\"og:description\" content=\"Vous \u00eates un patient ou une personne en recherche d&#039;emploi qui souhaite connaitre plus en d\u00e9tail l&#039;histoire et les valeurs de la soci\u00e9t\u00e9 SYNLAB Oxabio ? Vous trouverez l&#039;ensemble de vos r\u00e9ponses dans notre rubrique &quot;Nous conna\u00eetre&quot; .\" \/>\n<meta property=\"og:url\" content=\"https:\/\/www.synlab.fr\/oxabio\/nous-connaitre\/\" \/>\n<meta property=\"og:site_name\" content=\"Synlab Oxabio\" \/>\n<meta property=\"article:modified_time\" content=\"2023-10-27T14:25:51+00:00\" \/>\n<meta name=\"twitter:card\" content=\"summary_large_image\" \/>\n<script type=\"application\/ld+json\" class=\"yoast-schema-graph\">{\"@context\":\"https:\/\/schema.org\",\"@graph\":[{\"@type\":\"WebPage\",\"@id\":\"https:\/\/www.synlab.fr\/oxabio\/nous-connaitre\/\",\"url\":\"https:\/\/www.synlab.fr\/oxabio\/nous-connaitre\/\",\"name\":\"SYNLAB Oxabio - Nous connaitre\",\"isPartOf\":{\"@id\":\"https:\/\/www.synlab.fr\/oxabio\/#website\"},\"datePublished\":\"2022-04-28T15:17:01+00:00\",\"dateModified\":\"2023-10-27T14:25:51+00:00\",\"description\":\"Vous \u00eates un patient ou une personne en recherche d'emploi qui souhaite connaitre plus en d\u00e9tail l'histoire et les valeurs de la soci\u00e9t\u00e9 SYNLAB Oxabio ? Vous trouverez l'ensemble de vos r\u00e9ponses dans notre rubrique \\\"Nous conna\u00eetre\\\" .\",\"breadcrumb\":{\"@id\":\"https:\/\/www.synlab.fr\/oxabio\/nous-connaitre\/#breadcrumb\"},\"inLanguage\":\"fr-FR\",\"potentialAction\":[{\"@type\":\"ReadAction\",\"target\":[\"https:\/\/www.synlab.fr\/oxabio\/nous-connaitre\/\"]}]},{\"@type\":\"BreadcrumbList\",\"@id\":\"https:\/\/www.synlab.fr\/oxabio\/nous-connaitre\/#breadcrumb\",\"itemListElement\":[{\"@type\":\"ListItem\",\"position\":1,\"name\":\"Home\",\"item\":\"https:\/\/www.synlab.fr\/oxabio\/\"},{\"@type\":\"ListItem\",\"position\":2,\"name\":\"Nous conna\u00eetre\"}]},{\"@type\":\"WebSite\",\"@id\":\"https:\/\/www.synlab.fr\/oxabio\/#website\",\"url\":\"https:\/\/www.synlab.fr\/oxabio\/\",\"name\":\"Synlab Oxabio\",\"description\":\"Un site utilisant Synlab\",\"potentialAction\":[{\"@type\":\"SearchAction\",\"target\":{\"@type\":\"EntryPoint\",\"urlTemplate\":\"https:\/\/www.synlab.fr\/oxabio\/?s={search_term_string}\"},\"query-input\":{\"@type\":\"PropertyValueSpecification\",\"valueRequired\":true,\"valueName\":\"search_term_string\"}}],\"inLanguage\":\"fr-FR\"}]}<\/script>\n<!-- \/ Yoast SEO plugin. -->","yoast_head_json":{"title":"SYNLAB Oxabio - Nous connaitre","description":"Vous \u00eates un patient ou une personne en recherche d'emploi qui souhaite connaitre plus en d\u00e9tail l'histoire et les valeurs de la soci\u00e9t\u00e9 SYNLAB Oxabio ? Vous trouverez l'ensemble de vos r\u00e9ponses dans notre rubrique \"Nous conna\u00eetre\" .","robots":{"index":"noindex","follow":"follow","max-snippet":"max-snippet:-1","max-image-preview":"max-image-preview:large","max-video-preview":"max-video-preview:-1"},"og_locale":"fr_FR","og_type":"article","og_title":"SYNLAB Oxabio - Nous connaitre","og_description":"Vous \u00eates un patient ou une personne en recherche d'emploi qui souhaite connaitre plus en d\u00e9tail l'histoire et les valeurs de la soci\u00e9t\u00e9 SYNLAB Oxabio ? Vous trouverez l'ensemble de vos r\u00e9ponses dans notre rubrique \"Nous conna\u00eetre\" .","og_url":"https:\/\/www.synlab.fr\/oxabio\/nous-connaitre\/","og_site_name":"Synlab Oxabio","article_modified_time":"2023-10-27T14:25:51+00:00","twitter_card":"summary_large_image","schema":{"@context":"https:\/\/schema.org","@graph":[{"@type":"WebPage","@id":"https:\/\/www.synlab.fr\/oxabio\/nous-connaitre\/","url":"https:\/\/www.synlab.fr\/oxabio\/nous-connaitre\/","name":"SYNLAB Oxabio - Nous connaitre","isPartOf":{"@id":"https:\/\/www.synlab.fr\/oxabio\/#website"},"datePublished":"2022-04-28T15:17:01+00:00","dateModified":"2023-10-27T14:25:51+00:00","description":"Vous \u00eates un patient ou une personne en recherche d'emploi qui souhaite connaitre plus en d\u00e9tail l'histoire et les valeurs de la soci\u00e9t\u00e9 SYNLAB Oxabio ? Vous trouverez l'ensemble de vos r\u00e9ponses dans notre rubrique \"Nous conna\u00eetre\" .","breadcrumb":{"@id":"https:\/\/www.synlab.fr\/oxabio\/nous-connaitre\/#breadcrumb"},"inLanguage":"fr-FR","potentialAction":[{"@type":"ReadAction","target":["https:\/\/www.synlab.fr\/oxabio\/nous-connaitre\/"]}]},{"@type":"BreadcrumbList","@id":"https:\/\/www.synlab.fr\/oxabio\/nous-connaitre\/#breadcrumb","itemListElement":[{"@type":"ListItem","position":1,"name":"Home","item":"https:\/\/www.synlab.fr\/oxabio\/"},{"@type":"ListItem","position":2,"name":"Nous conna\u00eetre"}]},{"@type":"WebSite","@id":"https:\/\/www.synlab.fr\/oxabio\/#website","url":"https:\/\/www.synlab.fr\/oxabio\/","name":"Synlab Oxabio","description":"Un site utilisant Synlab","potentialAction":[{"@type":"SearchAction","target":{"@type":"EntryPoint","urlTemplate":"https:\/\/www.synlab.fr\/oxabio\/?s={search_term_string}"},"query-input":{"@type":"PropertyValueSpecification","valueRequired":true,"valueName":"search_term_string"}}],"inLanguage":"fr-FR"}]}},"_links":{"self":[{"href":"https:\/\/www.synlab.fr\/oxabio\/wp-json\/wp\/v2\/pages\/26","targetHints":{"allow":["GET"]}}],"collection":[{"href":"https:\/\/www.synlab.fr\/oxabio\/wp-json\/wp\/v2\/pages"}],"about":[{"href":"https:\/\/www.synlab.fr\/oxabio\/wp-json\/wp\/v2\/types\/page"}],"author":[{"embeddable":true,"href":"https:\/\/www.synlab.fr\/oxabio\/wp-json\/wp\/v2\/users\/1"}],"replies":[{"embeddable":true,"href":"https:\/\/www.synlab.fr\/oxabio\/wp-json\/wp\/v2\/comments?post=26"}],"version-history":[{"count":27,"href":"https:\/\/www.synlab.fr\/oxabio\/wp-json\/wp\/v2\/pages\/26\/revisions"}],"predecessor-version":[{"id":5480,"href":"https:\/\/www.synlab.fr\/oxabio\/wp-json\/wp\/v2\/pages\/26\/revisions\/5480"}],"wp:attachment":[{"href":"https:\/\/www.synlab.fr\/oxabio\/wp-json\/wp\/v2\/media?parent=26"}],"curies":[{"name":"wp","href":"https:\/\/api.w.org\/{rel}","templated":true}]}}