{"id":3079,"date":"2022-09-20T14:42:31","date_gmt":"2022-09-20T12:42:31","guid":{"rendered":"https:\/\/www.synlab.fr\/oxabio\/?page_id=3079"},"modified":"2023-02-07T16:03:36","modified_gmt":"2023-02-07T15:03:36","slug":"liens-utiles","status":"publish","type":"page","link":"https:\/\/www.synlab.fr\/oxabio\/espace-professionnels-de-sante\/prescrire-des-analyses\/liens-utiles\/","title":{"rendered":"Vos liens utiles"},"content":{"rendered":"<div class=\"container block-texte_image\">\n\n\t\t\t<div class=\"block-texte_image-contenu order-1\" style=\"--widthContenu:80%\">\n\t\t\t<h2>HT21 <\/h2>\t\t\t<article><p>Nous vous rappelons les diff\u00e9rentes modalit\u00e9s de prescription :<\/p>\n<p><strong>HT21, 1er trimestre<\/strong><\/p>\n<ul>\n<li>Pr\u00e9l\u00e8vement entre 11 et 13 SA + 6j<\/li>\n<li>Monofoetale UNIQUEMENT<\/li>\n<li>Num\u00e9ro d&rsquo;appartenance au r\u00e9seau OBLIGATOIRE<\/li>\n<li>Ordonnance<\/li>\n<li>Consentement \u00e0 joindre<\/li>\n<li>Compte-rendu \u00e9chographique \u00e0 joindre<\/li>\n<\/ul>\n<p>&nbsp;<\/p>\n<p><strong>HT21, 2\u00e8me trimestre int\u00e9gr\u00e9<\/strong><\/p>\n<ul>\n<li>Pr\u00e9l\u00e8vement entre 14 et 17 + 6 SA<\/li>\n<li>Monofoetale UNIQUEMENT<\/li>\n<li>Num\u00e9ro d&rsquo;appartenance au r\u00e9seau OBLIGATOIRE<\/li>\n<li>Ordonnance<\/li>\n<li>Consentement \u00e0 joindre<\/li>\n<li>Compte-rendu \u00e9chographique \u00e0 joindre<\/li>\n<\/ul>\n<p>&nbsp;<\/p>\n<p><strong>HT21, 2\u00e8me trimestre marqueurs s\u00e9riques<\/strong><\/p>\n<ul>\n<li>Pr\u00e9l\u00e8vement entre 14 et 17sa+6j<\/li>\n<li>Ordonnance<\/li>\n<li>Consentement \u00e0 joindre<\/li>\n<\/ul>\n<\/article>\t\t\t\t\t\t\n\t\t\t\t\t<\/div>\n\t\n\t\n\t\t<div class=\"block-texte_image-illustration order-0\" style=\"--widthImage:20%;\">\n\t\t\t<img decoding=\"async\" src=\"https:\/\/www.synlab.fr\/oxabio\/wp-content\/uploads\/sites\/41\/2022\/10\/Grossesse-genetique_3-e1664806087501.jpeg\" alt=\"Grossesse-genetique_3\"\/>\n\t\t<\/div>\n\n\t\n\t\t\n<\/div>\n\n\n\n\n\t\n\t\n\n\n\n<div class=\"container-fluid block-separateur\" style=\"--heightDesk:px;--heightMob:px;\">\n\n    \n    \n<\/div>\n\n\n<div class=\"container-fluid block-separateur\" style=\"--heightDesk:px;--heightMob:px;\">\n\n    \n    \n<\/div>\n\n<div class=\"container block-texte_image\">\n\n\t\t\t<div class=\"block-texte_image-contenu order-1\" style=\"--widthContenu:100%\">\n\t\t\t<h3> Les documents utiles pour un HT21 : <\/h3>\t\t\t<article><ul>\n<li>Calendrier<\/li>\n<li>\n<div><a href=\"https:\/\/www.synlab.fr\/oxabio\/wp-content\/uploads\/sites\/41\/2022\/10\/PreconisationdestubespourprelevementsexterieursV17.pdf\" target=\"_new\">Pr\u00e9conisations pr\u00e9 analytique<\/a><\/div>\n<\/li>\n<li>\n<div>Consentement (nous contacter \u00e0 ce sujet)<\/div>\n<\/li>\n<\/ul>\n<\/article>\t\t\t\t\t\t\n\t\t\t\t\t<\/div>\n\t\n\t\n\t\t\n<\/div>\n\n\n\n\n\t\n\t\n\n\n<div class=\"container block-texte_image\">\n\n\t\t\t<div class=\"block-texte_image-contenu order-1\" style=\"--widthContenu:100%\">\n\t\t\t<h3> Actualit\u00e9 : Test DPNI<\/h3>\t\t\t<article><ul>\n<li>D\u00e9pistage pr\u00e9natal\u00a0non invasif\u00a0de la trisomie\u00a021 et autres aneuplo\u00efdies :\u00a0<strong>DPNI<\/strong><\/li>\n<li>Pr\u00e9l\u00e8vement \u00e0 partir de 12SA<\/li>\n<li>Monofoetale, g\u00e9mellaire et FIV<\/li>\n<li>Ordonnance,\u00a0<a href=\"https:\/\/www.synlab.fr\/oxabio\/wp-content\/uploads\/sites\/41\/2023\/02\/Consentement-Alpigene-DPNI-v4-site-internet.pdf\" target=\"_blank\" rel=\"noopener\">Consentement\u00a0obligatoire<\/a>\u00a0et\u00a0<a href=\"https:\/\/www.synlab.fr\/oxabio\/wp-content\/uploads\/sites\/41\/2023\/02\/Fiche-de-renseignements-cliniques-pour-le-DPNI-v2-site-internet.pdf\" target=\"_blank\" rel=\"noopener\">fiche de renseignement<\/a><\/li>\n<li>Pour femme dont le risque est &gt; ou \u00e9gal \u00e0 1\/1000 (crit\u00e8res ACLF V1 d\u00e9cembre 2015) ou ATCD de trisomie.<\/li>\n<li><b>Test \u00e9ligible au remboursement depuis le 17\/01\/19 sous conditions.<\/b><\/li>\n<\/ul>\n<\/article>\t\t\t\t\t\t\n\t\t\t\t\t<\/div>\n\t\n\t\n\t\t\n<\/div>\n\n\n\n\n\t\n\t\n\n\n\n<div class=\"container-fluid block-separateur\" style=\"--heightDesk:px;--heightMob:px;\">\n\n    \n    \n<\/div>\n\n\n<div class=\"container-fluid block-separateur\" style=\"--heightDesk:10px;--heightMob:15px;\">\n\n    \n    \n<\/div>\n\n<div class=\"container block-texte_image\">\n\n\t\t\t<div class=\"block-texte_image-contenu order-1\" style=\"--widthContenu:70%\">\n\t\t\t<h2>Alpig\u00e8ne<\/h2>\t\t\t<article><p><a href=\"http:\/\/alpigene.manuelprelevement.fr\/default.aspx?start=1\">Manuel de Pr\u00e9l\u00e8vement<\/a><\/p>\n<p><a href=\"https:\/\/www.synlab.fr\/oxabio\/wp-content\/uploads\/sites\/41\/2022\/10\/ConsentementAlpigenev2.pdf\">Consentement et attestation de consultation HLA B27<\/a><\/p>\n<p><a href=\"https:\/\/www.synlab.fr\/oxabio\/wp-content\/uploads\/sites\/41\/2022\/11\/4265_03-A-PRE-7R_009___04_Consentement_Alpigene_-_.pdf\">Consentement et attestation de consultation DPNI<\/a><\/p>\n<p><a href=\"https:\/\/www.synlab.fr\/oxabio\/wp-content\/uploads\/sites\/41\/2022\/11\/3222_03-A-PRE-7R_010___02_Fiche_de_renseignements_.pdf\">Fiche de renseignement DPNI<\/a><\/p>\n<\/article>\t\t\t\t\t\t\n\t\t\t\t\t<\/div>\n\t\n\t\n\t\t<div class=\"block-texte_image-illustration order-0\" style=\"--widthImage:30%;\">\n\t\t\t<img decoding=\"async\" src=\"https:\/\/www.synlab.fr\/oxabio\/wp-content\/uploads\/sites\/41\/2023\/02\/Sans-titre-43.png\" alt=\"Sans titre (43)\"\/>\n\t\t<\/div>\n\n\t\n\t\t\n<\/div>\n\n\n\n\n\t\n\t\n\n\n\n<div class=\"container-fluid block-separateur\" style=\"--heightDesk:20px;--heightMob:15px;\">\n\n    \n    \n<\/div>\n\n<div class=\"container block-texte_image\">\n\n\t\t\t<div class=\"block-texte_image-contenu order-1\" style=\"--widthContenu:100%\">\n\t\t\t<h2>Cerba<\/h2>\t\t\t<article><div>Le laboratoire OXABIO travaille avec le laboratoire CERBA pour les analyses sp\u00e9cialis\u00e9es et les analyses g\u00e9n\u00e9tiques.<\/div>\n<div><\/div>\n<div><a href=\"https:\/\/www.lab-cerba.com\/home\" target=\"_blank\" rel=\"noopener\">Guide des examens sp\u00e9cialis\u00e9s<\/a><\/div>\n<div><\/div>\n<div>Les modalit\u00e9s de prescription et de communication des r\u00e9sultats des analyses g\u00e9n\u00e9tiques sont encadr\u00e9es par un d\u00e9cr\u00eat.<\/div>\n<p>Lors de la prescription d&rsquo;une analyse g\u00e9n\u00e9tique, telle que HLAB27, mutation du facteur 5, mutation du facteur 2, &#8230; , il est n\u00e9cessaire de joindre:<\/p>\n<p><a href=\"https:\/\/www.synlab.fr\/oxabio\/wp-content\/uploads\/sites\/41\/2022\/10\/fichedeconsentementv4.pdf\" target=\"_blank\" rel=\"noopener\">fiche de consentement et d&rsquo;attestation de consultation<\/a><\/p>\n<div>\n<div><a href=\"http:\/\/www.lab-cerba.com\/home\/transmettre-et-prescrire-un-exam\/documents-pratiques.html\" target=\"_blank\" rel=\"noopener\">fiches de renseignements cliniques<\/a><\/div>\n<\/div>\n<\/article>\t\t\t\t\t\t\n\t\t\t\t\t<\/div>\n\t\n\t\n\t\t\n<\/div>\n\n\n\n\n\t\n\t\n\n\n\n<div class=\"container-fluid block-separateur\" style=\"--heightDesk:10px;--heightMob:15px;\">\n\n    \n    \n<\/div>\n\n<div class=\"container block-texte_image\">\n\n\t\t\t<div class=\"block-texte_image-contenu order-1\" style=\"--widthContenu:70%\">\n\t\t\t<h2>Ameli<\/h2>\t\t\t<article><div class=\"clear h10px\"><img loading=\"lazy\" decoding=\"async\" src=\"https:\/\/www.oxabio.fr\/Pics\/1px.gif\" alt=\"\" width=\"1\" height=\"1\" \/>La tarification des examens de biologie m\u00e9dicale est d\u00e9finie dans la\u00a0<a href=\"http:\/\/www.codage.ext.cnamts.fr\/codif\/nabm\/\/telecharge\/index_tele.php?p_site=AMELI\" target=\"_blank\" rel=\"noopener\">Nomenclature des Actes de Biologie M\u00e9dicale<\/a>\u00a0(NABM) de l\u2019Assurance Maladie.<\/div>\n<div id=\"main_CMS\">\n<div><\/div>\n<div>Certaines analyses sp\u00e9cialis\u00e9es sont \u00ab hors nomenclature \u00bb et ne sont pas rembours\u00e9es par la s\u00e9curit\u00e9 sociale. Leur montant sera donc \u00e0 la charge du patient.<\/div>\n<div><\/div>\n<div>Lorsqu\u2019une analyse prescrite est hors nomenclature, le laboratoire en informe le patient qui choisit de r\u00e9aliser ou non l\u2019examen.<\/div>\n<div>Le laboratoire se tient \u00e0 votre disposition pour de plus amples informations.<\/div>\n<div><\/div>\n<div>Vous former, nous informer, veuillez trouver ci-dessous quelques liens d&rsquo;int\u00e9r\u00eats :<\/div>\n<div><a href=\"https:\/\/www.synlab.fr\/oxabio\/wp-content\/uploads\/sites\/41\/2022\/10\/memo_exploration_biologique_thyroidienne.pdf\" target=\"_blank\" rel=\"noopener\">Bilan thyro\u00efdien<\/a><\/div>\n<div><a href=\"https:\/\/www.synlab.fr\/oxabio\/wp-content\/uploads\/sites\/41\/2022\/10\/CNAM_Memo_Groupe_Sanguin.pdf\" target=\"_blank\" rel=\"noopener\">Bilan de groupe sanguin\/documents-pratiques<\/a><\/div>\n<div><a href=\"https:\/\/www.synlab.fr\/oxabio\/wp-content\/uploads\/sites\/41\/2022\/10\/Ameli_memoVitamineD.pdf\" target=\"_blank\" rel=\"noopener\">Vitamine D<\/a><\/div>\n<\/div>\n<\/article>\t\t\t\t\t\t\n\t\t\t\t\t<\/div>\n\t\n\t\n\t\t<div class=\"block-texte_image-illustration order-0\" style=\"--widthImage:30%;\">\n\t\t\t<img decoding=\"async\" src=\"https:\/\/www.synlab.fr\/oxabio\/wp-content\/uploads\/sites\/41\/2023\/02\/Sans-titre-44.png\" alt=\"Sans titre (44)\"\/>\n\t\t<\/div>\n\n\t\n\t\t\n<\/div>\n\n\n\n\n\t\n\t\n\n\n\n<div class=\"container-fluid block-separateur\" style=\"--heightDesk:10px;--heightMob:15px;\">\n\n    \n    \n<\/div>\n\n\n<div class=\"container-fluid block-separateur\" style=\"--heightDesk:10px;--heightMob:15px;\">\n\n    \n    \n<\/div>\n\n<div class=\"container block-texte_image\">\n\n\t\t\t<div class=\"block-texte_image-contenu order-0\" style=\"--widthContenu:70%\">\n\t\t\t<h2>Synlab Heppignies Belgique<\/h2>\t\t\t<article><p>En partenariat avec le laboratoire expert Synlab Heppignies, membre du r\u00e9seau Synlab, votre laboratoire Synlab Oxabio \u00e9largi son domaine d&rsquo;analyses avec une nouvelle approche, celle de la Biologie nutritionnelle et fonctionnelle.<\/p>\n<p>La biologie nutritionnelle et fonctionnelle est une approche compl\u00e9mentaire\u00a0des outils \u00ab\u00a0classiques\u00a0\u00bb de la biologie m\u00e9dicale, le premier th\u00e8me abord\u00e9 est celui des neurosciences avec :<\/p>\n<p>&#8211; les troubles de l&rsquo;humeur et la d\u00e9pression (<a href=\"https:\/\/www.oxabio.fr\/media\/PDF\/OXABIO\/oxabio-fiche-depression.pdf\">Fiche d\u00e9taill\u00e9e<\/a>)<\/p>\n<p>&#8211; Les troubles de la m\u00e9moire et le d\u00e9clin cognitif (<a href=\"https:\/\/www.synlab.fr\/oxabio\/wp-content\/uploads\/sites\/41\/2022\/10\/Fichememoire.pdf\">Fiche d\u00e9taill\u00e9e<\/a>)<\/p>\n<p>&#8211; Brainscreen (Fiche d\u00e9taill\u00e9e)<\/p>\n<p>Vous pourrez trouver en cliquant\u00a0<a href=\"https:\/\/www.oxabio.fr\/MEDIA\/PDF\/OXABIO\/BNFDiaporama.pdf\">ICI<\/a> le diaporama du Dr Coudron expos\u00e9 lors de notre premi\u00e8re r\u00e9union sur ce th\u00e8me.<\/p>\n<\/article>\t\t\t\t\t\t\n\t\t\t\t\t<\/div>\n\t\n\t\n\t\t<div class=\"block-texte_image-illustration order-1\" style=\"--widthImage:30%;\">\n\t\t\t<img decoding=\"async\" src=\"https:\/\/www.synlab.fr\/oxabio\/wp-content\/uploads\/sites\/41\/2023\/02\/vue-dessus-aliments-sains-pour-composition-renforcant-immunite.jpg\" alt=\"vue-dessus-aliments-sains-pour-composition-renforcant-immunite\"\/>\n\t\t<\/div>\n\n\t\n\t\t\n<\/div>\n\n\n\n\n\t\n\t\n\n\n\n<p><\/p>\n","protected":false},"excerpt":{"rendered":"","protected":false},"author":13,"featured_media":970,"parent":4359,"menu_order":2,"comment_status":"closed","ping_status":"closed","template":"","meta":{"_acf_changed":false,"footnotes":""},"class_list":["post-3079","page","type-page","status-publish","has-post-thumbnail","hentry"],"acf":[],"yoast_head":"<!-- This site is optimized with the Yoast SEO plugin v26.3 - https:\/\/yoast.com\/wordpress\/plugins\/seo\/ -->\n<title>SYNLAB Oxabio - Liens utiles<\/title>\n<meta name=\"robots\" content=\"noindex, follow, max-snippet:-1, max-image-preview:large, max-video-preview:-1\" \/>\n<meta property=\"og:locale\" content=\"fr_FR\" \/>\n<meta property=\"og:type\" content=\"article\" \/>\n<meta property=\"og:title\" content=\"SYNLAB Oxabio - Liens utiles\" \/>\n<meta property=\"og:url\" content=\"https:\/\/www.synlab.fr\/oxabio\/espace-professionnels-de-sante\/prescrire-des-analyses\/liens-utiles\/\" \/>\n<meta property=\"og:site_name\" content=\"Synlab Oxabio\" \/>\n<meta property=\"article:modified_time\" content=\"2023-02-07T15:03:36+00:00\" \/>\n<meta property=\"og:image\" content=\"https:\/\/www.synlab.fr\/clone\/oxabio\/wp-content\/uploads\/sites\/41\/2022\/08\/csm_Prelevement_HPV_53e9c61af3-1.jpg\" \/>\n\t<meta property=\"og:image:width\" content=\"300\" \/>\n\t<meta property=\"og:image:height\" content=\"317\" \/>\n\t<meta property=\"og:image:type\" content=\"image\/jpeg\" \/>\n<meta name=\"twitter:card\" content=\"summary_large_image\" \/>\n<script type=\"application\/ld+json\" class=\"yoast-schema-graph\">{\"@context\":\"https:\/\/schema.org\",\"@graph\":[{\"@type\":\"WebPage\",\"@id\":\"https:\/\/www.synlab.fr\/oxabio\/espace-professionnels-de-sante\/prescrire-des-analyses\/liens-utiles\/\",\"url\":\"https:\/\/www.synlab.fr\/oxabio\/espace-professionnels-de-sante\/prescrire-des-analyses\/liens-utiles\/\",\"name\":\"SYNLAB Oxabio - Liens utiles\",\"isPartOf\":{\"@id\":\"https:\/\/www.synlab.fr\/oxabio\/#website\"},\"primaryImageOfPage\":{\"@id\":\"https:\/\/www.synlab.fr\/oxabio\/espace-professionnels-de-sante\/prescrire-des-analyses\/liens-utiles\/#primaryimage\"},\"image\":{\"@id\":\"https:\/\/www.synlab.fr\/oxabio\/espace-professionnels-de-sante\/prescrire-des-analyses\/liens-utiles\/#primaryimage\"},\"thumbnailUrl\":\"https:\/\/www.synlab.fr\/oxabio\/wp-content\/uploads\/sites\/41\/2022\/08\/csm_Prelevement_HPV_53e9c61af3-1.jpg\",\"datePublished\":\"2022-09-20T12:42:31+00:00\",\"dateModified\":\"2023-02-07T15:03:36+00:00\",\"breadcrumb\":{\"@id\":\"https:\/\/www.synlab.fr\/oxabio\/espace-professionnels-de-sante\/prescrire-des-analyses\/liens-utiles\/#breadcrumb\"},\"inLanguage\":\"fr-FR\",\"potentialAction\":[{\"@type\":\"ReadAction\",\"target\":[\"https:\/\/www.synlab.fr\/oxabio\/espace-professionnels-de-sante\/prescrire-des-analyses\/liens-utiles\/\"]}]},{\"@type\":\"ImageObject\",\"inLanguage\":\"fr-FR\",\"@id\":\"https:\/\/www.synlab.fr\/oxabio\/espace-professionnels-de-sante\/prescrire-des-analyses\/liens-utiles\/#primaryimage\",\"url\":\"https:\/\/www.synlab.fr\/oxabio\/wp-content\/uploads\/sites\/41\/2022\/08\/csm_Prelevement_HPV_53e9c61af3-1.jpg\",\"contentUrl\":\"https:\/\/www.synlab.fr\/oxabio\/wp-content\/uploads\/sites\/41\/2022\/08\/csm_Prelevement_HPV_53e9c61af3-1.jpg\",\"width\":300,\"height\":317,\"caption\":\"Pr\u00e9leveur tenant un frottis et un r\u00e9cipient d'analyses\"},{\"@type\":\"BreadcrumbList\",\"@id\":\"https:\/\/www.synlab.fr\/oxabio\/espace-professionnels-de-sante\/prescrire-des-analyses\/liens-utiles\/#breadcrumb\",\"itemListElement\":[{\"@type\":\"ListItem\",\"position\":1,\"name\":\"Home\",\"item\":\"https:\/\/www.synlab.fr\/oxabio\/\"},{\"@type\":\"ListItem\",\"position\":2,\"name\":\"Espace professionnels de sant\u00e9\",\"item\":\"https:\/\/www.synlab.fr\/oxabio\/espace-professionnels-de-sante\/\"},{\"@type\":\"ListItem\",\"position\":3,\"name\":\"Prescrire des analyses\",\"item\":\"https:\/\/www.synlab.fr\/oxabio\/espace-professionnels-de-sante\/prescrire-des-analyses\/\"},{\"@type\":\"ListItem\",\"position\":4,\"name\":\"Vos liens utiles\"}]},{\"@type\":\"WebSite\",\"@id\":\"https:\/\/www.synlab.fr\/oxabio\/#website\",\"url\":\"https:\/\/www.synlab.fr\/oxabio\/\",\"name\":\"Synlab Oxabio\",\"description\":\"Un site utilisant Synlab\",\"potentialAction\":[{\"@type\":\"SearchAction\",\"target\":{\"@type\":\"EntryPoint\",\"urlTemplate\":\"https:\/\/www.synlab.fr\/oxabio\/?s={search_term_string}\"},\"query-input\":{\"@type\":\"PropertyValueSpecification\",\"valueRequired\":true,\"valueName\":\"search_term_string\"}}],\"inLanguage\":\"fr-FR\"}]}<\/script>\n<!-- \/ Yoast SEO plugin. -->","yoast_head_json":{"title":"SYNLAB Oxabio - Liens utiles","robots":{"index":"noindex","follow":"follow","max-snippet":"max-snippet:-1","max-image-preview":"max-image-preview:large","max-video-preview":"max-video-preview:-1"},"og_locale":"fr_FR","og_type":"article","og_title":"SYNLAB Oxabio - Liens utiles","og_url":"https:\/\/www.synlab.fr\/oxabio\/espace-professionnels-de-sante\/prescrire-des-analyses\/liens-utiles\/","og_site_name":"Synlab Oxabio","article_modified_time":"2023-02-07T15:03:36+00:00","og_image":[{"width":300,"height":317,"url":"https:\/\/www.synlab.fr\/clone\/oxabio\/wp-content\/uploads\/sites\/41\/2022\/08\/csm_Prelevement_HPV_53e9c61af3-1.jpg","type":"image\/jpeg"}],"twitter_card":"summary_large_image","schema":{"@context":"https:\/\/schema.org","@graph":[{"@type":"WebPage","@id":"https:\/\/www.synlab.fr\/oxabio\/espace-professionnels-de-sante\/prescrire-des-analyses\/liens-utiles\/","url":"https:\/\/www.synlab.fr\/oxabio\/espace-professionnels-de-sante\/prescrire-des-analyses\/liens-utiles\/","name":"SYNLAB Oxabio - Liens utiles","isPartOf":{"@id":"https:\/\/www.synlab.fr\/oxabio\/#website"},"primaryImageOfPage":{"@id":"https:\/\/www.synlab.fr\/oxabio\/espace-professionnels-de-sante\/prescrire-des-analyses\/liens-utiles\/#primaryimage"},"image":{"@id":"https:\/\/www.synlab.fr\/oxabio\/espace-professionnels-de-sante\/prescrire-des-analyses\/liens-utiles\/#primaryimage"},"thumbnailUrl":"https:\/\/www.synlab.fr\/oxabio\/wp-content\/uploads\/sites\/41\/2022\/08\/csm_Prelevement_HPV_53e9c61af3-1.jpg","datePublished":"2022-09-20T12:42:31+00:00","dateModified":"2023-02-07T15:03:36+00:00","breadcrumb":{"@id":"https:\/\/www.synlab.fr\/oxabio\/espace-professionnels-de-sante\/prescrire-des-analyses\/liens-utiles\/#breadcrumb"},"inLanguage":"fr-FR","potentialAction":[{"@type":"ReadAction","target":["https:\/\/www.synlab.fr\/oxabio\/espace-professionnels-de-sante\/prescrire-des-analyses\/liens-utiles\/"]}]},{"@type":"ImageObject","inLanguage":"fr-FR","@id":"https:\/\/www.synlab.fr\/oxabio\/espace-professionnels-de-sante\/prescrire-des-analyses\/liens-utiles\/#primaryimage","url":"https:\/\/www.synlab.fr\/oxabio\/wp-content\/uploads\/sites\/41\/2022\/08\/csm_Prelevement_HPV_53e9c61af3-1.jpg","contentUrl":"https:\/\/www.synlab.fr\/oxabio\/wp-content\/uploads\/sites\/41\/2022\/08\/csm_Prelevement_HPV_53e9c61af3-1.jpg","width":300,"height":317,"caption":"Pr\u00e9leveur tenant un frottis et un r\u00e9cipient d'analyses"},{"@type":"BreadcrumbList","@id":"https:\/\/www.synlab.fr\/oxabio\/espace-professionnels-de-sante\/prescrire-des-analyses\/liens-utiles\/#breadcrumb","itemListElement":[{"@type":"ListItem","position":1,"name":"Home","item":"https:\/\/www.synlab.fr\/oxabio\/"},{"@type":"ListItem","position":2,"name":"Espace professionnels de sant\u00e9","item":"https:\/\/www.synlab.fr\/oxabio\/espace-professionnels-de-sante\/"},{"@type":"ListItem","position":3,"name":"Prescrire des analyses","item":"https:\/\/www.synlab.fr\/oxabio\/espace-professionnels-de-sante\/prescrire-des-analyses\/"},{"@type":"ListItem","position":4,"name":"Vos liens utiles"}]},{"@type":"WebSite","@id":"https:\/\/www.synlab.fr\/oxabio\/#website","url":"https:\/\/www.synlab.fr\/oxabio\/","name":"Synlab Oxabio","description":"Un site utilisant Synlab","potentialAction":[{"@type":"SearchAction","target":{"@type":"EntryPoint","urlTemplate":"https:\/\/www.synlab.fr\/oxabio\/?s={search_term_string}"},"query-input":{"@type":"PropertyValueSpecification","valueRequired":true,"valueName":"search_term_string"}}],"inLanguage":"fr-FR"}]}},"_links":{"self":[{"href":"https:\/\/www.synlab.fr\/oxabio\/wp-json\/wp\/v2\/pages\/3079","targetHints":{"allow":["GET"]}}],"collection":[{"href":"https:\/\/www.synlab.fr\/oxabio\/wp-json\/wp\/v2\/pages"}],"about":[{"href":"https:\/\/www.synlab.fr\/oxabio\/wp-json\/wp\/v2\/types\/page"}],"author":[{"embeddable":true,"href":"https:\/\/www.synlab.fr\/oxabio\/wp-json\/wp\/v2\/users\/13"}],"replies":[{"embeddable":true,"href":"https:\/\/www.synlab.fr\/oxabio\/wp-json\/wp\/v2\/comments?post=3079"}],"version-history":[{"count":49,"href":"https:\/\/www.synlab.fr\/oxabio\/wp-json\/wp\/v2\/pages\/3079\/revisions"}],"predecessor-version":[{"id":5097,"href":"https:\/\/www.synlab.fr\/oxabio\/wp-json\/wp\/v2\/pages\/3079\/revisions\/5097"}],"up":[{"embeddable":true,"href":"https:\/\/www.synlab.fr\/oxabio\/wp-json\/wp\/v2\/pages\/4359"}],"wp:featuredmedia":[{"embeddable":true,"href":"https:\/\/www.synlab.fr\/oxabio\/wp-json\/wp\/v2\/media\/970"}],"wp:attachment":[{"href":"https:\/\/www.synlab.fr\/oxabio\/wp-json\/wp\/v2\/media?parent=3079"}],"curies":[{"name":"wp","href":"https:\/\/api.w.org\/{rel}","templated":true}]}}