{"id":3085,"date":"2022-09-20T14:54:00","date_gmt":"2022-09-20T12:54:00","guid":{"rendered":"https:\/\/www.synlab.fr\/oxabio\/?page_id=3085"},"modified":"2022-11-17T15:04:01","modified_gmt":"2022-11-17T14:04:01","slug":"catalogue-d-analyses","status":"publish","type":"page","link":"https:\/\/www.synlab.fr\/oxabio\/espace-professionnels-de-sante\/prescrire-des-analyses\/catalogue-d-analyses\/","title":{"rendered":"Notre catalogue d&rsquo;analyses"},"content":{"rendered":"<div class=\"container block-texte_image\">\n\n\t\t\t<div class=\"block-texte_image-contenu order-1\" style=\"--widthContenu:100%\">\n\t\t\t\t\t\t<article><p>Le laboratoire r\u00e9alise plus de 140 analyses sur l&rsquo;ensemble des sites et les analyses particuli\u00e8res sont envoy\u00e9es dans des laboratoires sp\u00e9cialis\u00e9s (ex : CERBA, EFS).<\/p>\n<p>90% des analyses r\u00e9alis\u00e9es au laboratoire sont rendues le jour m\u00eame.<br \/>\nLe laboratoire traite les pr\u00e9l\u00e8vements sanguins, urinaires, f\u00e9caux, liquides divers (gastrique, articulaire, &#8230;) d&rsquo;origine humaine ou animale.<\/p>\n<p>Selon les analyses prescrites, des informations (heure de pr\u00e9l\u00e8vement, poids, date des derni\u00e8res r\u00e8gles , traitement, &#8230;) ou des pr\u00e9conisations de pr\u00e9l\u00e8vements (\u00e9tat de je\u00fbn, nature du tube pr\u00e9lev\u00e9, conservation des pr\u00e9l\u00e8vements, &#8230;) sont requises.<\/p>\n<p>Pour plus d&rsquo;information, vous pouvez consulter\u00a0<a href=\"https:\/\/ilabpro.labco.eu\/public\/F118\/analysis\/0\/1\">Ilab<\/a>.<\/p>\n<p>Pour obtenir plus de renseignements sur les analyses prescrites par votre m\u00e9decin, rendez-vous sur le site\u00a0<a href=\"http:\/\/www.labtestsonline.fr\/\"><strong>Labtestonline<\/strong><\/a>.<\/p>\n<\/article>\t\t\t\t\t\t\n\t\t\t\t\t<\/div>\n\t\n\t\n\t\t\n<\/div>\n\n\n\n\n\t\n\t\n","protected":false},"excerpt":{"rendered":"","protected":false},"author":13,"featured_media":2048,"parent":4359,"menu_order":3,"comment_status":"closed","ping_status":"closed","template":"","meta":{"_acf_changed":false,"footnotes":""},"class_list":["post-3085","page","type-page","status-publish","has-post-thumbnail","hentry"],"acf":[],"yoast_head":"<!-- This site is optimized with the Yoast SEO plugin v26.3 - https:\/\/yoast.com\/wordpress\/plugins\/seo\/ -->\n<title>SYNLAB Oxabio - Notre catalogue d&#039;analyses<\/title>\n<meta name=\"robots\" content=\"noindex, follow, max-snippet:-1, max-image-preview:large, max-video-preview:-1\" \/>\n<meta property=\"og:locale\" content=\"fr_FR\" \/>\n<meta property=\"og:type\" content=\"article\" \/>\n<meta property=\"og:title\" content=\"SYNLAB Oxabio - Notre catalogue d&#039;analyses\" \/>\n<meta property=\"og:url\" content=\"https:\/\/www.synlab.fr\/oxabio\/espace-professionnels-de-sante\/prescrire-des-analyses\/catalogue-d-analyses\/\" \/>\n<meta property=\"og:site_name\" content=\"Synlab Oxabio\" \/>\n<meta property=\"article:modified_time\" content=\"2022-11-17T14:04:01+00:00\" \/>\n<meta property=\"og:image\" content=\"https:\/\/www.synlab.fr\/clone\/oxabio\/wp-content\/uploads\/sites\/41\/2022\/08\/csm_RS7976_sy_pregnant_woman_at_home_cl_A32487626_clean_2017-scr_9f6c86009f.jpg\" \/>\n\t<meta property=\"og:image:width\" content=\"800\" \/>\n\t<meta property=\"og:image:height\" content=\"534\" \/>\n\t<meta property=\"og:image:type\" content=\"image\/jpeg\" \/>\n<meta name=\"twitter:card\" content=\"summary_large_image\" \/>\n<script type=\"application\/ld+json\" class=\"yoast-schema-graph\">{\"@context\":\"https:\/\/schema.org\",\"@graph\":[{\"@type\":\"WebPage\",\"@id\":\"https:\/\/www.synlab.fr\/oxabio\/espace-professionnels-de-sante\/prescrire-des-analyses\/catalogue-d-analyses\/\",\"url\":\"https:\/\/www.synlab.fr\/oxabio\/espace-professionnels-de-sante\/prescrire-des-analyses\/catalogue-d-analyses\/\",\"name\":\"SYNLAB Oxabio - Notre catalogue d'analyses\",\"isPartOf\":{\"@id\":\"https:\/\/www.synlab.fr\/oxabio\/#website\"},\"primaryImageOfPage\":{\"@id\":\"https:\/\/www.synlab.fr\/oxabio\/espace-professionnels-de-sante\/prescrire-des-analyses\/catalogue-d-analyses\/#primaryimage\"},\"image\":{\"@id\":\"https:\/\/www.synlab.fr\/oxabio\/espace-professionnels-de-sante\/prescrire-des-analyses\/catalogue-d-analyses\/#primaryimage\"},\"thumbnailUrl\":\"https:\/\/www.synlab.fr\/oxabio\/wp-content\/uploads\/sites\/41\/2022\/08\/csm_RS7976_sy_pregnant_woman_at_home_cl_A32487626_clean_2017-scr_9f6c86009f.jpg\",\"datePublished\":\"2022-09-20T12:54:00+00:00\",\"dateModified\":\"2022-11-17T14:04:01+00:00\",\"breadcrumb\":{\"@id\":\"https:\/\/www.synlab.fr\/oxabio\/espace-professionnels-de-sante\/prescrire-des-analyses\/catalogue-d-analyses\/#breadcrumb\"},\"inLanguage\":\"fr-FR\",\"potentialAction\":[{\"@type\":\"ReadAction\",\"target\":[\"https:\/\/www.synlab.fr\/oxabio\/espace-professionnels-de-sante\/prescrire-des-analyses\/catalogue-d-analyses\/\"]}]},{\"@type\":\"ImageObject\",\"inLanguage\":\"fr-FR\",\"@id\":\"https:\/\/www.synlab.fr\/oxabio\/espace-professionnels-de-sante\/prescrire-des-analyses\/catalogue-d-analyses\/#primaryimage\",\"url\":\"https:\/\/www.synlab.fr\/oxabio\/wp-content\/uploads\/sites\/41\/2022\/08\/csm_RS7976_sy_pregnant_woman_at_home_cl_A32487626_clean_2017-scr_9f6c86009f.jpg\",\"contentUrl\":\"https:\/\/www.synlab.fr\/oxabio\/wp-content\/uploads\/sites\/41\/2022\/08\/csm_RS7976_sy_pregnant_woman_at_home_cl_A32487626_clean_2017-scr_9f6c86009f.jpg\",\"width\":800,\"height\":534,\"caption\":\"Femme enceinte allong\u00e9e dans le tapis du salon\"},{\"@type\":\"BreadcrumbList\",\"@id\":\"https:\/\/www.synlab.fr\/oxabio\/espace-professionnels-de-sante\/prescrire-des-analyses\/catalogue-d-analyses\/#breadcrumb\",\"itemListElement\":[{\"@type\":\"ListItem\",\"position\":1,\"name\":\"Home\",\"item\":\"https:\/\/www.synlab.fr\/oxabio\/\"},{\"@type\":\"ListItem\",\"position\":2,\"name\":\"Espace professionnels de sant\u00e9\",\"item\":\"https:\/\/www.synlab.fr\/oxabio\/espace-professionnels-de-sante\/\"},{\"@type\":\"ListItem\",\"position\":3,\"name\":\"Prescrire des analyses\",\"item\":\"https:\/\/www.synlab.fr\/oxabio\/espace-professionnels-de-sante\/prescrire-des-analyses\/\"},{\"@type\":\"ListItem\",\"position\":4,\"name\":\"Notre catalogue d&rsquo;analyses\"}]},{\"@type\":\"WebSite\",\"@id\":\"https:\/\/www.synlab.fr\/oxabio\/#website\",\"url\":\"https:\/\/www.synlab.fr\/oxabio\/\",\"name\":\"Synlab Oxabio\",\"description\":\"Un site utilisant Synlab\",\"potentialAction\":[{\"@type\":\"SearchAction\",\"target\":{\"@type\":\"EntryPoint\",\"urlTemplate\":\"https:\/\/www.synlab.fr\/oxabio\/?s={search_term_string}\"},\"query-input\":{\"@type\":\"PropertyValueSpecification\",\"valueRequired\":true,\"valueName\":\"search_term_string\"}}],\"inLanguage\":\"fr-FR\"}]}<\/script>\n<!-- \/ Yoast SEO plugin. -->","yoast_head_json":{"title":"SYNLAB Oxabio - Notre catalogue d'analyses","robots":{"index":"noindex","follow":"follow","max-snippet":"max-snippet:-1","max-image-preview":"max-image-preview:large","max-video-preview":"max-video-preview:-1"},"og_locale":"fr_FR","og_type":"article","og_title":"SYNLAB Oxabio - Notre catalogue d'analyses","og_url":"https:\/\/www.synlab.fr\/oxabio\/espace-professionnels-de-sante\/prescrire-des-analyses\/catalogue-d-analyses\/","og_site_name":"Synlab Oxabio","article_modified_time":"2022-11-17T14:04:01+00:00","og_image":[{"width":800,"height":534,"url":"https:\/\/www.synlab.fr\/clone\/oxabio\/wp-content\/uploads\/sites\/41\/2022\/08\/csm_RS7976_sy_pregnant_woman_at_home_cl_A32487626_clean_2017-scr_9f6c86009f.jpg","type":"image\/jpeg"}],"twitter_card":"summary_large_image","schema":{"@context":"https:\/\/schema.org","@graph":[{"@type":"WebPage","@id":"https:\/\/www.synlab.fr\/oxabio\/espace-professionnels-de-sante\/prescrire-des-analyses\/catalogue-d-analyses\/","url":"https:\/\/www.synlab.fr\/oxabio\/espace-professionnels-de-sante\/prescrire-des-analyses\/catalogue-d-analyses\/","name":"SYNLAB Oxabio - Notre catalogue d'analyses","isPartOf":{"@id":"https:\/\/www.synlab.fr\/oxabio\/#website"},"primaryImageOfPage":{"@id":"https:\/\/www.synlab.fr\/oxabio\/espace-professionnels-de-sante\/prescrire-des-analyses\/catalogue-d-analyses\/#primaryimage"},"image":{"@id":"https:\/\/www.synlab.fr\/oxabio\/espace-professionnels-de-sante\/prescrire-des-analyses\/catalogue-d-analyses\/#primaryimage"},"thumbnailUrl":"https:\/\/www.synlab.fr\/oxabio\/wp-content\/uploads\/sites\/41\/2022\/08\/csm_RS7976_sy_pregnant_woman_at_home_cl_A32487626_clean_2017-scr_9f6c86009f.jpg","datePublished":"2022-09-20T12:54:00+00:00","dateModified":"2022-11-17T14:04:01+00:00","breadcrumb":{"@id":"https:\/\/www.synlab.fr\/oxabio\/espace-professionnels-de-sante\/prescrire-des-analyses\/catalogue-d-analyses\/#breadcrumb"},"inLanguage":"fr-FR","potentialAction":[{"@type":"ReadAction","target":["https:\/\/www.synlab.fr\/oxabio\/espace-professionnels-de-sante\/prescrire-des-analyses\/catalogue-d-analyses\/"]}]},{"@type":"ImageObject","inLanguage":"fr-FR","@id":"https:\/\/www.synlab.fr\/oxabio\/espace-professionnels-de-sante\/prescrire-des-analyses\/catalogue-d-analyses\/#primaryimage","url":"https:\/\/www.synlab.fr\/oxabio\/wp-content\/uploads\/sites\/41\/2022\/08\/csm_RS7976_sy_pregnant_woman_at_home_cl_A32487626_clean_2017-scr_9f6c86009f.jpg","contentUrl":"https:\/\/www.synlab.fr\/oxabio\/wp-content\/uploads\/sites\/41\/2022\/08\/csm_RS7976_sy_pregnant_woman_at_home_cl_A32487626_clean_2017-scr_9f6c86009f.jpg","width":800,"height":534,"caption":"Femme enceinte allong\u00e9e dans le tapis du salon"},{"@type":"BreadcrumbList","@id":"https:\/\/www.synlab.fr\/oxabio\/espace-professionnels-de-sante\/prescrire-des-analyses\/catalogue-d-analyses\/#breadcrumb","itemListElement":[{"@type":"ListItem","position":1,"name":"Home","item":"https:\/\/www.synlab.fr\/oxabio\/"},{"@type":"ListItem","position":2,"name":"Espace professionnels de sant\u00e9","item":"https:\/\/www.synlab.fr\/oxabio\/espace-professionnels-de-sante\/"},{"@type":"ListItem","position":3,"name":"Prescrire des analyses","item":"https:\/\/www.synlab.fr\/oxabio\/espace-professionnels-de-sante\/prescrire-des-analyses\/"},{"@type":"ListItem","position":4,"name":"Notre catalogue d&rsquo;analyses"}]},{"@type":"WebSite","@id":"https:\/\/www.synlab.fr\/oxabio\/#website","url":"https:\/\/www.synlab.fr\/oxabio\/","name":"Synlab Oxabio","description":"Un site utilisant Synlab","potentialAction":[{"@type":"SearchAction","target":{"@type":"EntryPoint","urlTemplate":"https:\/\/www.synlab.fr\/oxabio\/?s={search_term_string}"},"query-input":{"@type":"PropertyValueSpecification","valueRequired":true,"valueName":"search_term_string"}}],"inLanguage":"fr-FR"}]}},"_links":{"self":[{"href":"https:\/\/www.synlab.fr\/oxabio\/wp-json\/wp\/v2\/pages\/3085","targetHints":{"allow":["GET"]}}],"collection":[{"href":"https:\/\/www.synlab.fr\/oxabio\/wp-json\/wp\/v2\/pages"}],"about":[{"href":"https:\/\/www.synlab.fr\/oxabio\/wp-json\/wp\/v2\/types\/page"}],"author":[{"embeddable":true,"href":"https:\/\/www.synlab.fr\/oxabio\/wp-json\/wp\/v2\/users\/13"}],"replies":[{"embeddable":true,"href":"https:\/\/www.synlab.fr\/oxabio\/wp-json\/wp\/v2\/comments?post=3085"}],"version-history":[{"count":11,"href":"https:\/\/www.synlab.fr\/oxabio\/wp-json\/wp\/v2\/pages\/3085\/revisions"}],"predecessor-version":[{"id":4370,"href":"https:\/\/www.synlab.fr\/oxabio\/wp-json\/wp\/v2\/pages\/3085\/revisions\/4370"}],"up":[{"embeddable":true,"href":"https:\/\/www.synlab.fr\/oxabio\/wp-json\/wp\/v2\/pages\/4359"}],"wp:featuredmedia":[{"embeddable":true,"href":"https:\/\/www.synlab.fr\/oxabio\/wp-json\/wp\/v2\/media\/2048"}],"wp:attachment":[{"href":"https:\/\/www.synlab.fr\/oxabio\/wp-json\/wp\/v2\/media?parent=3085"}],"curies":[{"name":"wp","href":"https:\/\/api.w.org\/{rel}","templated":true}]}}