{"id":3742,"date":"2022-10-21T16:09:24","date_gmt":"2022-10-21T14:09:24","guid":{"rendered":"https:\/\/www.synlab.fr\/oxabio\/?page_id=3742"},"modified":"2022-11-23T14:43:41","modified_gmt":"2022-11-23T13:43:41","slug":"prelevement-de-mon-enfant","status":"publish","type":"page","link":"https:\/\/www.synlab.fr\/oxabio\/patient\/avant-de-venir\/prelevement-de-mon-enfant\/","title":{"rendered":"Pr\u00e9l\u00e8vement de mon enfant"},"content":{"rendered":"<div class=\"container block-texte_image\">\n\n\t\t\t<div class=\"block-texte_image-contenu order-1\" style=\"--widthContenu:55%\">\n\t\t\t<h2>La peur de l\u2019aiguille chez les plus petits :<\/h2>\t\t\t<article><p><strong>Notre \u00e9quipe est form\u00e9e pour accueillir dans les meilleures conditions les enfants.<\/strong> Les enfants peuvent appr\u00e9hender la prise de sang. Notre \u00e9quipe de pr\u00e9leveurs, assist\u00e9e des parents, pourront les rassurer afin que cet acte se d\u00e9roule de la fa\u00e7on la plus douce possible.<\/p>\n<p><strong>Vous pouvez demander \u00e0 votre m\u00e9decin traitant de prescrire un patch ou une pommade antidouleur<\/strong> \u00e0 appliquer sur une peau saine au point de ponction 1 h30 avant votre venue au laboratoire. Les patchs \u00ab ELMA\u00ae \u00bb peuvent s\u2019acheter en pharmacie et \u00eatre rembours\u00e9s sous prescription m\u00e9dicale.<\/p>\n<p>Pensez \u00e0 les retirer avant votre venue au laboratoire, au moins 15 minutes avant.<\/p>\n<p>N\u2019h\u00e9sitez pas \u00e0 nous demander conseil en cas de doute sur l\u2019application du patch ou de la pommade.<\/p>\n<\/article>\t\t\t\t\t\t\n\t\t\t\t\t<\/div>\n\t\n\t\n\t\t\t<div class=\"block-texte_image-illustration video order-0\" style=\"--widthImage:45%;\">\n            <iframe loading=\"lazy\" width=\"640\" height=\"360\" src=\"https:\/\/youtu.be\/mpH9ML4REQc\" frameborder=\"0\" allow=\"accelerometer; autoplay; clipboard-write; encrypted-media; gyroscope;\n            picture-in-picture; web-share\" allowfullscreen=\"\"><\/iframe>\n\n\n\t\t<\/div>\n\n\t\t\n<\/div>\n\n\n\n\n\t\n\t\n","protected":false},"excerpt":{"rendered":"","protected":false},"author":13,"featured_media":3123,"parent":1270,"menu_order":3,"comment_status":"closed","ping_status":"closed","template":"","meta":{"_acf_changed":false,"footnotes":""},"class_list":["post-3742","page","type-page","status-publish","has-post-thumbnail","hentry"],"acf":[],"yoast_head":"<!-- This site is optimized with the Yoast SEO plugin v26.3 - https:\/\/yoast.com\/wordpress\/plugins\/seo\/ -->\n<title>SYNLAB Oxabio - Pr\u00e9l\u00e8vement de mon enfant<\/title>\n<meta name=\"description\" content=\"Notre \u00e9quipe est form\u00e9e pour accueillir dans les meilleures conditions les enfants. Les enfants peuvent appr\u00e9hender la prise de sang. Notre \u00e9quipe de pr\u00e9leveurs, assist\u00e9e des parents, pourront les rassurer afin que cet acte se d\u00e9roule de la fa\u00e7on la plus douce possible.\" \/>\n<meta name=\"robots\" content=\"noindex, follow, max-snippet:-1, max-image-preview:large, max-video-preview:-1\" \/>\n<meta property=\"og:locale\" content=\"fr_FR\" \/>\n<meta property=\"og:type\" content=\"article\" \/>\n<meta property=\"og:title\" content=\"SYNLAB Oxabio - Pr\u00e9l\u00e8vement de mon enfant\" \/>\n<meta property=\"og:description\" content=\"Notre \u00e9quipe est form\u00e9e pour accueillir dans les meilleures conditions les enfants. Les enfants peuvent appr\u00e9hender la prise de sang. Notre \u00e9quipe de pr\u00e9leveurs, assist\u00e9e des parents, pourront les rassurer afin que cet acte se d\u00e9roule de la fa\u00e7on la plus douce possible.\" \/>\n<meta property=\"og:url\" content=\"https:\/\/www.synlab.fr\/clone\/oxabio\/patient\/avant-de-venir\/prelevement-de-mon-enfant\/\" \/>\n<meta property=\"og:site_name\" content=\"Synlab Oxabio\" \/>\n<meta property=\"article:modified_time\" content=\"2022-11-23T13:43:41+00:00\" \/>\n<meta property=\"og:image\" content=\"https:\/\/www.synlab.fr\/clone\/oxabio\/wp-content\/uploads\/sites\/41\/2022\/09\/RS12765_clipdealer-B88287372-copie3.jpg\" \/>\n\t<meta property=\"og:image:width\" content=\"640\" \/>\n\t<meta property=\"og:image:height\" content=\"427\" \/>\n\t<meta property=\"og:image:type\" content=\"image\/jpeg\" \/>\n<meta name=\"twitter:card\" content=\"summary_large_image\" \/>\n<script type=\"application\/ld+json\" class=\"yoast-schema-graph\">{\"@context\":\"https:\/\/schema.org\",\"@graph\":[{\"@type\":\"WebPage\",\"@id\":\"https:\/\/www.synlab.fr\/clone\/oxabio\/patient\/avant-de-venir\/prelevement-de-mon-enfant\/\",\"url\":\"https:\/\/www.synlab.fr\/clone\/oxabio\/patient\/avant-de-venir\/prelevement-de-mon-enfant\/\",\"name\":\"SYNLAB Oxabio - Pr\u00e9l\u00e8vement de mon enfant\",\"isPartOf\":{\"@id\":\"https:\/\/www.synlab.fr\/oxabio\/#website\"},\"primaryImageOfPage\":{\"@id\":\"https:\/\/www.synlab.fr\/clone\/oxabio\/patient\/avant-de-venir\/prelevement-de-mon-enfant\/#primaryimage\"},\"image\":{\"@id\":\"https:\/\/www.synlab.fr\/clone\/oxabio\/patient\/avant-de-venir\/prelevement-de-mon-enfant\/#primaryimage\"},\"thumbnailUrl\":\"https:\/\/www.synlab.fr\/oxabio\/wp-content\/uploads\/sites\/41\/2022\/09\/RS12765_clipdealer-B88287372-copie3.jpg\",\"datePublished\":\"2022-10-21T14:09:24+00:00\",\"dateModified\":\"2022-11-23T13:43:41+00:00\",\"description\":\"Notre \u00e9quipe est form\u00e9e pour accueillir dans les meilleures conditions les enfants. Les enfants peuvent appr\u00e9hender la prise de sang. Notre \u00e9quipe de pr\u00e9leveurs, assist\u00e9e des parents, pourront les rassurer afin que cet acte se d\u00e9roule de la fa\u00e7on la plus douce possible.\",\"breadcrumb\":{\"@id\":\"https:\/\/www.synlab.fr\/clone\/oxabio\/patient\/avant-de-venir\/prelevement-de-mon-enfant\/#breadcrumb\"},\"inLanguage\":\"fr-FR\",\"potentialAction\":[{\"@type\":\"ReadAction\",\"target\":[\"https:\/\/www.synlab.fr\/clone\/oxabio\/patient\/avant-de-venir\/prelevement-de-mon-enfant\/\"]}]},{\"@type\":\"ImageObject\",\"inLanguage\":\"fr-FR\",\"@id\":\"https:\/\/www.synlab.fr\/clone\/oxabio\/patient\/avant-de-venir\/prelevement-de-mon-enfant\/#primaryimage\",\"url\":\"https:\/\/www.synlab.fr\/oxabio\/wp-content\/uploads\/sites\/41\/2022\/09\/RS12765_clipdealer-B88287372-copie3.jpg\",\"contentUrl\":\"https:\/\/www.synlab.fr\/oxabio\/wp-content\/uploads\/sites\/41\/2022\/09\/RS12765_clipdealer-B88287372-copie3.jpg\",\"width\":640,\"height\":427,\"caption\":\"Une mee ayant son enfant sur les genoux discute avec une m\u00e9decin\"},{\"@type\":\"BreadcrumbList\",\"@id\":\"https:\/\/www.synlab.fr\/clone\/oxabio\/patient\/avant-de-venir\/prelevement-de-mon-enfant\/#breadcrumb\",\"itemListElement\":[{\"@type\":\"ListItem\",\"position\":1,\"name\":\"Home\",\"item\":\"https:\/\/www.synlab.fr\/oxabio\/\"},{\"@type\":\"ListItem\",\"position\":2,\"name\":\"Espace patient\",\"item\":\"https:\/\/www.synlab.fr\/clone\/oxabio\/patient\/\"},{\"@type\":\"ListItem\",\"position\":3,\"name\":\"Avant de venir\",\"item\":\"https:\/\/www.synlab.fr\/clone\/oxabio\/patient\/avant-de-venir\/\"},{\"@type\":\"ListItem\",\"position\":4,\"name\":\"Pr\u00e9l\u00e8vement de mon enfant\"}]},{\"@type\":\"WebSite\",\"@id\":\"https:\/\/www.synlab.fr\/oxabio\/#website\",\"url\":\"https:\/\/www.synlab.fr\/oxabio\/\",\"name\":\"Synlab Oxabio\",\"description\":\"Un site utilisant Synlab\",\"potentialAction\":[{\"@type\":\"SearchAction\",\"target\":{\"@type\":\"EntryPoint\",\"urlTemplate\":\"https:\/\/www.synlab.fr\/oxabio\/?s={search_term_string}\"},\"query-input\":{\"@type\":\"PropertyValueSpecification\",\"valueRequired\":true,\"valueName\":\"search_term_string\"}}],\"inLanguage\":\"fr-FR\"}]}<\/script>\n<!-- \/ Yoast SEO plugin. -->","yoast_head_json":{"title":"SYNLAB Oxabio - Pr\u00e9l\u00e8vement de mon enfant","description":"Notre \u00e9quipe est form\u00e9e pour accueillir dans les meilleures conditions les enfants. Les enfants peuvent appr\u00e9hender la prise de sang. Notre \u00e9quipe de pr\u00e9leveurs, assist\u00e9e des parents, pourront les rassurer afin que cet acte se d\u00e9roule de la fa\u00e7on la plus douce possible.","robots":{"index":"noindex","follow":"follow","max-snippet":"max-snippet:-1","max-image-preview":"max-image-preview:large","max-video-preview":"max-video-preview:-1"},"og_locale":"fr_FR","og_type":"article","og_title":"SYNLAB Oxabio - Pr\u00e9l\u00e8vement de mon enfant","og_description":"Notre \u00e9quipe est form\u00e9e pour accueillir dans les meilleures conditions les enfants. Les enfants peuvent appr\u00e9hender la prise de sang. Notre \u00e9quipe de pr\u00e9leveurs, assist\u00e9e des parents, pourront les rassurer afin que cet acte se d\u00e9roule de la fa\u00e7on la plus douce possible.","og_url":"https:\/\/www.synlab.fr\/clone\/oxabio\/patient\/avant-de-venir\/prelevement-de-mon-enfant\/","og_site_name":"Synlab Oxabio","article_modified_time":"2022-11-23T13:43:41+00:00","og_image":[{"width":640,"height":427,"url":"https:\/\/www.synlab.fr\/clone\/oxabio\/wp-content\/uploads\/sites\/41\/2022\/09\/RS12765_clipdealer-B88287372-copie3.jpg","type":"image\/jpeg"}],"twitter_card":"summary_large_image","schema":{"@context":"https:\/\/schema.org","@graph":[{"@type":"WebPage","@id":"https:\/\/www.synlab.fr\/clone\/oxabio\/patient\/avant-de-venir\/prelevement-de-mon-enfant\/","url":"https:\/\/www.synlab.fr\/clone\/oxabio\/patient\/avant-de-venir\/prelevement-de-mon-enfant\/","name":"SYNLAB Oxabio - Pr\u00e9l\u00e8vement de mon enfant","isPartOf":{"@id":"https:\/\/www.synlab.fr\/oxabio\/#website"},"primaryImageOfPage":{"@id":"https:\/\/www.synlab.fr\/clone\/oxabio\/patient\/avant-de-venir\/prelevement-de-mon-enfant\/#primaryimage"},"image":{"@id":"https:\/\/www.synlab.fr\/clone\/oxabio\/patient\/avant-de-venir\/prelevement-de-mon-enfant\/#primaryimage"},"thumbnailUrl":"https:\/\/www.synlab.fr\/oxabio\/wp-content\/uploads\/sites\/41\/2022\/09\/RS12765_clipdealer-B88287372-copie3.jpg","datePublished":"2022-10-21T14:09:24+00:00","dateModified":"2022-11-23T13:43:41+00:00","description":"Notre \u00e9quipe est form\u00e9e pour accueillir dans les meilleures conditions les enfants. Les enfants peuvent appr\u00e9hender la prise de sang. Notre \u00e9quipe de pr\u00e9leveurs, assist\u00e9e des parents, pourront les rassurer afin que cet acte se d\u00e9roule de la fa\u00e7on la plus douce possible.","breadcrumb":{"@id":"https:\/\/www.synlab.fr\/clone\/oxabio\/patient\/avant-de-venir\/prelevement-de-mon-enfant\/#breadcrumb"},"inLanguage":"fr-FR","potentialAction":[{"@type":"ReadAction","target":["https:\/\/www.synlab.fr\/clone\/oxabio\/patient\/avant-de-venir\/prelevement-de-mon-enfant\/"]}]},{"@type":"ImageObject","inLanguage":"fr-FR","@id":"https:\/\/www.synlab.fr\/clone\/oxabio\/patient\/avant-de-venir\/prelevement-de-mon-enfant\/#primaryimage","url":"https:\/\/www.synlab.fr\/oxabio\/wp-content\/uploads\/sites\/41\/2022\/09\/RS12765_clipdealer-B88287372-copie3.jpg","contentUrl":"https:\/\/www.synlab.fr\/oxabio\/wp-content\/uploads\/sites\/41\/2022\/09\/RS12765_clipdealer-B88287372-copie3.jpg","width":640,"height":427,"caption":"Une mee ayant son enfant sur les genoux discute avec une m\u00e9decin"},{"@type":"BreadcrumbList","@id":"https:\/\/www.synlab.fr\/clone\/oxabio\/patient\/avant-de-venir\/prelevement-de-mon-enfant\/#breadcrumb","itemListElement":[{"@type":"ListItem","position":1,"name":"Home","item":"https:\/\/www.synlab.fr\/oxabio\/"},{"@type":"ListItem","position":2,"name":"Espace patient","item":"https:\/\/www.synlab.fr\/clone\/oxabio\/patient\/"},{"@type":"ListItem","position":3,"name":"Avant de venir","item":"https:\/\/www.synlab.fr\/clone\/oxabio\/patient\/avant-de-venir\/"},{"@type":"ListItem","position":4,"name":"Pr\u00e9l\u00e8vement de mon enfant"}]},{"@type":"WebSite","@id":"https:\/\/www.synlab.fr\/oxabio\/#website","url":"https:\/\/www.synlab.fr\/oxabio\/","name":"Synlab Oxabio","description":"Un site utilisant Synlab","potentialAction":[{"@type":"SearchAction","target":{"@type":"EntryPoint","urlTemplate":"https:\/\/www.synlab.fr\/oxabio\/?s={search_term_string}"},"query-input":{"@type":"PropertyValueSpecification","valueRequired":true,"valueName":"search_term_string"}}],"inLanguage":"fr-FR"}]}},"_links":{"self":[{"href":"https:\/\/www.synlab.fr\/oxabio\/wp-json\/wp\/v2\/pages\/3742","targetHints":{"allow":["GET"]}}],"collection":[{"href":"https:\/\/www.synlab.fr\/oxabio\/wp-json\/wp\/v2\/pages"}],"about":[{"href":"https:\/\/www.synlab.fr\/oxabio\/wp-json\/wp\/v2\/types\/page"}],"author":[{"embeddable":true,"href":"https:\/\/www.synlab.fr\/oxabio\/wp-json\/wp\/v2\/users\/13"}],"replies":[{"embeddable":true,"href":"https:\/\/www.synlab.fr\/oxabio\/wp-json\/wp\/v2\/comments?post=3742"}],"version-history":[{"count":13,"href":"https:\/\/www.synlab.fr\/oxabio\/wp-json\/wp\/v2\/pages\/3742\/revisions"}],"predecessor-version":[{"id":4455,"href":"https:\/\/www.synlab.fr\/oxabio\/wp-json\/wp\/v2\/pages\/3742\/revisions\/4455"}],"up":[{"embeddable":true,"href":"https:\/\/www.synlab.fr\/oxabio\/wp-json\/wp\/v2\/pages\/1270"}],"wp:featuredmedia":[{"embeddable":true,"href":"https:\/\/www.synlab.fr\/oxabio\/wp-json\/wp\/v2\/media\/3123"}],"wp:attachment":[{"href":"https:\/\/www.synlab.fr\/oxabio\/wp-json\/wp\/v2\/media?parent=3742"}],"curies":[{"name":"wp","href":"https:\/\/api.w.org\/{rel}","templated":true}]}}