{"id":3871,"date":"2022-10-24T14:47:19","date_gmt":"2022-10-24T12:47:19","guid":{"rendered":"https:\/\/www.synlab.fr\/oxabio\/?page_id=3871"},"modified":"2022-11-17T15:33:54","modified_gmt":"2022-11-17T14:33:54","slug":"faq-ide","status":"publish","type":"page","link":"https:\/\/www.synlab.fr\/oxabio\/espace-professionnels-de-sante\/prelever\/faq-ide\/","title":{"rendered":"FAQ IDE"},"content":{"rendered":"<div class=\"container block-faq \">\n\n\t\n\t\t\t\t\t<div class=\"block-faq-item\">\n\t\t\t<div class=\"block-faq-item-titre\">Comment dois-je g\u00e9rer un pr\u00e9l\u00e8vement urgent ?<\/div>\n\t\t\t<article class=\"block-faq-item-texte\"><p>Les urgences peuvent \u00eatre de 2 types :<\/p>\n<ul>\n<li><strong>Soit li\u00e9es \u00e0 l\u2019\u00e9tat clinique du patient :<\/strong>\u00a0dans ce cas les renseignements cliniques doivent \u00eatre inscrits sur la fiche de liaison, un post-it jaune plac\u00e9 dans la pochette puis avertir une personne du Laboratoire ou de la pharmacie partenaire du caract\u00e8re urgent.<\/li>\n<li><strong>Soit li\u00e9es \u00e0 la prise en charge du patient<\/strong>\u00a0notamment pour les bilans de chimioth\u00e9rapie \u00e0 faxer. Dans ce cas, placer le bon URGENCE CHIMIOTHERAPIE dans la pochette et de m\u00eame avertir une personne du laboratoire ou de la pharmacie.<\/li>\n<\/ul>\n<p>&nbsp;<\/p>\n<p>Il est important de porter une attention toute particuli\u00e8re \u00e0 la v\u00e9rification des coordonn\u00e9es (T\u00e9l\u00e9phone, Fax) de la personne \u00e0 pr\u00e9venir et du patient en cas de m\u00e9decin non joignable.<\/p>\n<p>Nous sommes parfois amen\u00e9s \u00e0 vous appeler dans ce genre de situation probl\u00e9matique et nous vous remercions de votre collaboration.<\/p>\n<\/article>\n\t\t<\/div>\n\t\t\t\t<div class=\"block-faq-item\">\n\t\t\t<div class=\"block-faq-item-titre\">Exceptionnellement j\u2019ai un patient \u00e0 pr\u00e9lever le soir, comment le g\u00e9rer ? Qui pr\u00e9venir ? Comment conserver le pr\u00e9l\u00e8vement ?<\/div>\n\t\t\t<article class=\"block-faq-item-texte\"><p>Certaines analyses peuvent \u00eatre pr\u00e9lev\u00e9es la veille au soir et conserv\u00e9es \u00e0 temp\u00e9rature ambiante jusqu\u2019au lendemain matin dernier d\u00e9lai.<\/p>\n<p>C\u2019est le cas notamment des plaquettes et des s\u00e9rologies.<\/p>\n<p>N\u2019h\u00e9sitez pas \u00e0 nous contacter en cas de doute pour vous \u00e9viter de devoir renouveler le pr\u00e9l\u00e8vement suite au non-respect des conditions pr\u00e9 analytiques.<\/p>\n<\/article>\n\t\t<\/div>\n\t\t\t\t<div class=\"block-faq-item\">\n\t\t\t<div class=\"block-faq-item-titre\">Quels sont les d\u00e9lais de rendu de r\u00e9sultats ?<\/div>\n\t\t\t<article class=\"block-faq-item-texte\"><p><strong><u>Au m\u00e9decin :<\/u><\/strong><\/p>\n<p>Les r\u00e9sultats sont syst\u00e9matiquement transmis au m\u00e9decin prescripteur et au m\u00e9decin rajout\u00e9 par vos soins sur la fiche de liaison. Les d\u00e9lais d\u00e9pendent du degr\u00e9 d\u2019urgence du r\u00e9sultat et du moyen de transmission choisi par le m\u00e9decin.<\/p>\n<p>Exemple :<\/p>\n<p>Les r\u00e9sultats hautement pathologiques sont communiqu\u00e9s au m\u00e9decin par t\u00e9l\u00e9phone.<\/p>\n<p>La transmission informatique, via apicrypt ou LabMedica, est imm\u00e9diate apr\u00e8s validation biologique.<\/p>\n<p>Par la poste, rajouter le d\u00e9lai habituel d\u2019acheminement.<\/p>\n<p>&nbsp;<\/p>\n<p><strong><u>Au patient :<\/u><\/strong><\/p>\n<p>En fonction des choix faits sur la fiche de liaison :<\/p>\n<p><strong>Si r\u00e9sultats au laboratoire :<\/strong>\u00a0la plupart des analyses (sauf bact\u00e9riologie) sont disponibles le soir m\u00eame.<\/p>\n<p><strong>Si r\u00e9sultats via le serveur LabMedica :<\/strong>\u00a0la plupart des analyses (sauf bact\u00e9riologie) sont disponibles dans l\u2019apr\u00e8s-midi.<\/p>\n<p><strong>Si r\u00e9sultats r\u00e9cup\u00e9r\u00e9s \u00e0 la pharmacie :<\/strong>\u00a0les r\u00e9sultats sont disponibles le lendemain (sauf bact\u00e9riologie).<\/p>\n<p><strong>Si r\u00e9sultats post\u00e9s \u00e0 domicile :<\/strong>\u00a0en moyenne compter 2 jours de plus.<\/p>\n<p>&nbsp;<\/p>\n<p><strong><u>A noter :<\/u><\/strong>\u00a0Les r\u00e9sultats des tests de grossesse, s\u00e9rologies virales et bilan pour contraception ne sont pas rendus au mineur mais seulement au m\u00e9decin en double exemplaire.<\/p>\n<p>Les bilans d\u2019assurance sont adress\u00e9s en double exemplaire au patient accompagn\u00e9 de la facture. Le patient se chargera lui-m\u00eame de l\u2019envoi du dossier \u00e0 la compagnie d\u2019assurance.<\/p>\n<p>Les r\u00e9sultats des bilans de la m\u00e9decine du travail ne sont pas rendus au patient.<\/p>\n<\/article>\n\t\t<\/div>\n\t\t\t\t\n<\/div>\n\n","protected":false},"excerpt":{"rendered":"","protected":false},"author":13,"featured_media":0,"parent":1328,"menu_order":9,"comment_status":"closed","ping_status":"closed","template":"","meta":{"_acf_changed":false,"footnotes":""},"class_list":["post-3871","page","type-page","status-publish","hentry"],"acf":[],"yoast_head":"<!-- This site is optimized with the Yoast SEO plugin v26.3 - https:\/\/yoast.com\/wordpress\/plugins\/seo\/ -->\n<title>SYNLAB Oxabio - FAQ IDE<\/title>\n<meta name=\"description\" content=\"Suite \u00e0 de nombreuses interrogations pos\u00e9s par nos infirmi\u00e8res lib\u00e9rales au sein de nos laboratoires d&#039;analyses m\u00e9dicales autour des pr\u00e9l\u00e8vements \u00e0 domicile. SYNLAB Oxabio a d\u00e9cid\u00e9 de r\u00e9pondre \u00e0 l&#039;ensemble de vos questions \u00e0 travers une FAQ.\" \/>\n<meta name=\"robots\" content=\"noindex, follow, max-snippet:-1, max-image-preview:large, max-video-preview:-1\" \/>\n<meta property=\"og:locale\" content=\"fr_FR\" \/>\n<meta property=\"og:type\" content=\"article\" \/>\n<meta property=\"og:title\" content=\"SYNLAB Oxabio - FAQ IDE\" \/>\n<meta property=\"og:description\" content=\"Suite \u00e0 de nombreuses interrogations pos\u00e9s par nos infirmi\u00e8res lib\u00e9rales au sein de nos laboratoires d&#039;analyses m\u00e9dicales autour des pr\u00e9l\u00e8vements \u00e0 domicile. SYNLAB Oxabio a d\u00e9cid\u00e9 de r\u00e9pondre \u00e0 l&#039;ensemble de vos questions \u00e0 travers une FAQ.\" \/>\n<meta property=\"og:url\" content=\"https:\/\/www.synlab.fr\/oxabio\/espace-professionnels-de-sante\/prelever\/faq-ide\/\" \/>\n<meta property=\"og:site_name\" content=\"Synlab Oxabio\" \/>\n<meta property=\"article:modified_time\" content=\"2022-11-17T14:33:54+00:00\" \/>\n<meta name=\"twitter:card\" content=\"summary_large_image\" \/>\n<script type=\"application\/ld+json\" class=\"yoast-schema-graph\">{\"@context\":\"https:\/\/schema.org\",\"@graph\":[{\"@type\":\"WebPage\",\"@id\":\"https:\/\/www.synlab.fr\/oxabio\/espace-professionnels-de-sante\/prelever\/faq-ide\/\",\"url\":\"https:\/\/www.synlab.fr\/oxabio\/espace-professionnels-de-sante\/prelever\/faq-ide\/\",\"name\":\"SYNLAB Oxabio - FAQ IDE\",\"isPartOf\":{\"@id\":\"https:\/\/www.synlab.fr\/oxabio\/#website\"},\"datePublished\":\"2022-10-24T12:47:19+00:00\",\"dateModified\":\"2022-11-17T14:33:54+00:00\",\"description\":\"Suite \u00e0 de nombreuses interrogations pos\u00e9s par nos infirmi\u00e8res lib\u00e9rales au sein de nos laboratoires d'analyses m\u00e9dicales autour des pr\u00e9l\u00e8vements \u00e0 domicile. SYNLAB Oxabio a d\u00e9cid\u00e9 de r\u00e9pondre \u00e0 l'ensemble de vos questions \u00e0 travers une FAQ.\",\"breadcrumb\":{\"@id\":\"https:\/\/www.synlab.fr\/oxabio\/espace-professionnels-de-sante\/prelever\/faq-ide\/#breadcrumb\"},\"inLanguage\":\"fr-FR\",\"potentialAction\":[{\"@type\":\"ReadAction\",\"target\":[\"https:\/\/www.synlab.fr\/oxabio\/espace-professionnels-de-sante\/prelever\/faq-ide\/\"]}]},{\"@type\":\"BreadcrumbList\",\"@id\":\"https:\/\/www.synlab.fr\/oxabio\/espace-professionnels-de-sante\/prelever\/faq-ide\/#breadcrumb\",\"itemListElement\":[{\"@type\":\"ListItem\",\"position\":1,\"name\":\"Home\",\"item\":\"https:\/\/www.synlab.fr\/oxabio\/\"},{\"@type\":\"ListItem\",\"position\":2,\"name\":\"Espace professionnels de sant\u00e9\",\"item\":\"https:\/\/www.synlab.fr\/oxabio\/espace-professionnels-de-sante\/\"},{\"@type\":\"ListItem\",\"position\":3,\"name\":\"Pr\u00e9lever\",\"item\":\"https:\/\/www.synlab.fr\/oxabio\/espace-professionnels-de-sante\/prelever\/\"},{\"@type\":\"ListItem\",\"position\":4,\"name\":\"FAQ IDE\"}]},{\"@type\":\"WebSite\",\"@id\":\"https:\/\/www.synlab.fr\/oxabio\/#website\",\"url\":\"https:\/\/www.synlab.fr\/oxabio\/\",\"name\":\"Synlab Oxabio\",\"description\":\"Un site utilisant Synlab\",\"potentialAction\":[{\"@type\":\"SearchAction\",\"target\":{\"@type\":\"EntryPoint\",\"urlTemplate\":\"https:\/\/www.synlab.fr\/oxabio\/?s={search_term_string}\"},\"query-input\":{\"@type\":\"PropertyValueSpecification\",\"valueRequired\":true,\"valueName\":\"search_term_string\"}}],\"inLanguage\":\"fr-FR\"}]}<\/script>\n<!-- \/ Yoast SEO plugin. -->","yoast_head_json":{"title":"SYNLAB Oxabio - FAQ IDE","description":"Suite \u00e0 de nombreuses interrogations pos\u00e9s par nos infirmi\u00e8res lib\u00e9rales au sein de nos laboratoires d'analyses m\u00e9dicales autour des pr\u00e9l\u00e8vements \u00e0 domicile. SYNLAB Oxabio a d\u00e9cid\u00e9 de r\u00e9pondre \u00e0 l'ensemble de vos questions \u00e0 travers une FAQ.","robots":{"index":"noindex","follow":"follow","max-snippet":"max-snippet:-1","max-image-preview":"max-image-preview:large","max-video-preview":"max-video-preview:-1"},"og_locale":"fr_FR","og_type":"article","og_title":"SYNLAB Oxabio - FAQ IDE","og_description":"Suite \u00e0 de nombreuses interrogations pos\u00e9s par nos infirmi\u00e8res lib\u00e9rales au sein de nos laboratoires d'analyses m\u00e9dicales autour des pr\u00e9l\u00e8vements \u00e0 domicile. SYNLAB Oxabio a d\u00e9cid\u00e9 de r\u00e9pondre \u00e0 l'ensemble de vos questions \u00e0 travers une FAQ.","og_url":"https:\/\/www.synlab.fr\/oxabio\/espace-professionnels-de-sante\/prelever\/faq-ide\/","og_site_name":"Synlab Oxabio","article_modified_time":"2022-11-17T14:33:54+00:00","twitter_card":"summary_large_image","schema":{"@context":"https:\/\/schema.org","@graph":[{"@type":"WebPage","@id":"https:\/\/www.synlab.fr\/oxabio\/espace-professionnels-de-sante\/prelever\/faq-ide\/","url":"https:\/\/www.synlab.fr\/oxabio\/espace-professionnels-de-sante\/prelever\/faq-ide\/","name":"SYNLAB Oxabio - FAQ IDE","isPartOf":{"@id":"https:\/\/www.synlab.fr\/oxabio\/#website"},"datePublished":"2022-10-24T12:47:19+00:00","dateModified":"2022-11-17T14:33:54+00:00","description":"Suite \u00e0 de nombreuses interrogations pos\u00e9s par nos infirmi\u00e8res lib\u00e9rales au sein de nos laboratoires d'analyses m\u00e9dicales autour des pr\u00e9l\u00e8vements \u00e0 domicile. SYNLAB Oxabio a d\u00e9cid\u00e9 de r\u00e9pondre \u00e0 l'ensemble de vos questions \u00e0 travers une FAQ.","breadcrumb":{"@id":"https:\/\/www.synlab.fr\/oxabio\/espace-professionnels-de-sante\/prelever\/faq-ide\/#breadcrumb"},"inLanguage":"fr-FR","potentialAction":[{"@type":"ReadAction","target":["https:\/\/www.synlab.fr\/oxabio\/espace-professionnels-de-sante\/prelever\/faq-ide\/"]}]},{"@type":"BreadcrumbList","@id":"https:\/\/www.synlab.fr\/oxabio\/espace-professionnels-de-sante\/prelever\/faq-ide\/#breadcrumb","itemListElement":[{"@type":"ListItem","position":1,"name":"Home","item":"https:\/\/www.synlab.fr\/oxabio\/"},{"@type":"ListItem","position":2,"name":"Espace professionnels de sant\u00e9","item":"https:\/\/www.synlab.fr\/oxabio\/espace-professionnels-de-sante\/"},{"@type":"ListItem","position":3,"name":"Pr\u00e9lever","item":"https:\/\/www.synlab.fr\/oxabio\/espace-professionnels-de-sante\/prelever\/"},{"@type":"ListItem","position":4,"name":"FAQ IDE"}]},{"@type":"WebSite","@id":"https:\/\/www.synlab.fr\/oxabio\/#website","url":"https:\/\/www.synlab.fr\/oxabio\/","name":"Synlab Oxabio","description":"Un site utilisant Synlab","potentialAction":[{"@type":"SearchAction","target":{"@type":"EntryPoint","urlTemplate":"https:\/\/www.synlab.fr\/oxabio\/?s={search_term_string}"},"query-input":{"@type":"PropertyValueSpecification","valueRequired":true,"valueName":"search_term_string"}}],"inLanguage":"fr-FR"}]}},"_links":{"self":[{"href":"https:\/\/www.synlab.fr\/oxabio\/wp-json\/wp\/v2\/pages\/3871","targetHints":{"allow":["GET"]}}],"collection":[{"href":"https:\/\/www.synlab.fr\/oxabio\/wp-json\/wp\/v2\/pages"}],"about":[{"href":"https:\/\/www.synlab.fr\/oxabio\/wp-json\/wp\/v2\/types\/page"}],"author":[{"embeddable":true,"href":"https:\/\/www.synlab.fr\/oxabio\/wp-json\/wp\/v2\/users\/13"}],"replies":[{"embeddable":true,"href":"https:\/\/www.synlab.fr\/oxabio\/wp-json\/wp\/v2\/comments?post=3871"}],"version-history":[{"count":6,"href":"https:\/\/www.synlab.fr\/oxabio\/wp-json\/wp\/v2\/pages\/3871\/revisions"}],"predecessor-version":[{"id":4461,"href":"https:\/\/www.synlab.fr\/oxabio\/wp-json\/wp\/v2\/pages\/3871\/revisions\/4461"}],"up":[{"embeddable":true,"href":"https:\/\/www.synlab.fr\/oxabio\/wp-json\/wp\/v2\/pages\/1328"}],"wp:attachment":[{"href":"https:\/\/www.synlab.fr\/oxabio\/wp-json\/wp\/v2\/media?parent=3871"}],"curies":[{"name":"wp","href":"https:\/\/api.w.org\/{rel}","templated":true}]}}