{"id":3877,"date":"2022-10-24T14:59:15","date_gmt":"2022-10-24T12:59:15","guid":{"rendered":"https:\/\/www.synlab.fr\/oxabio\/?page_id=3877"},"modified":"2023-04-21T14:11:44","modified_gmt":"2023-04-21T12:11:44","slug":"pour-les-laboratoires-partenaires","status":"publish","type":"page","link":"https:\/\/www.synlab.fr\/oxabio\/espace-professionnels-de-sante\/pour-les-laboratoires-partenaires\/","title":{"rendered":"Pour les laboratoires partenaires"},"content":{"rendered":"<div class=\"container block-texte_image\">\n\n\t\t\t<div class=\"block-texte_image-contenu order-1\" style=\"--widthContenu:80%\">\n\t\t\t\t\t\t<article><p>Dans le cadre du partenariat avec nos laboratoires partenaires, nous mettons \u00e0 votre disposition les documents utiles ci-dessous:<\/p>\n<p><strong>La liste des allerg\u00e8nes recherch\u00e9s au laboratoire OXABIO<\/strong><\/p>\n<p><a href=\"https:\/\/www.synlab.fr\/oxabio\/wp-content\/uploads\/sites\/41\/2022\/10\/liste-des-allergenes-du-laboratoire.pdf\">Pour en savoir plus, cliquer ici.<\/a><\/p>\n<p><strong>ILAB &#8211; Dictionnaire interactif sur la recherche de tube<\/strong><\/p>\n<p>Il s\u2019agit d\u2019une version d\u2019essai, merci de nous faire part de vos remarques \u00e0\u00a0<a href=\"mailto:laboratoire@oxabio.fr\">laboratoire@oxabio.fr<\/a>\u00a0\u00bb<\/p>\n<p><a href=\"https:\/\/ilabpro.labco.eu\/public\/F118\/analysis\/0\/1\">Pour en savoir plus, cliquer ici.<\/a><\/p>\n<\/article>\t\t\t\t\t\t\n\t\t\t\t\t<\/div>\n\t\n\t\n\t\t<div class=\"block-texte_image-illustration order-0\" style=\"--widthImage:20%;\">\n\t\t\t<img decoding=\"async\" src=\"https:\/\/www.synlab.fr\/oxabio\/wp-content\/uploads\/sites\/41\/2022\/09\/Technicien_plateau-technique.jpeg\" alt=\"Technicien_plateau-technique\"\/>\n\t\t<\/div>\n\n\t\n\t\t\n<\/div>\n\n\n\n\n\t\n\t\n","protected":false},"excerpt":{"rendered":"","protected":false},"author":13,"featured_media":0,"parent":24,"menu_order":3,"comment_status":"closed","ping_status":"closed","template":"","meta":{"_acf_changed":false,"footnotes":""},"class_list":["post-3877","page","type-page","status-publish","hentry"],"acf":[],"yoast_head":"<!-- This site is optimized with the Yoast SEO plugin v26.3 - https:\/\/yoast.com\/wordpress\/plugins\/seo\/ -->\n<title>SYNLAB Oxabio - Pour nos laboratoires partenaires<\/title>\n<meta name=\"description\" content=\"SYNLAB Oxabio met \u00e0 disposition d&#039;un large \u00e9ventail de documents pour nos partenaires de laboratoire. Nous sommes convaincus que ces ressources sont pr\u00e9cieuses pour les laboratoires partenaires dans leur travail quotidien\" \/>\n<meta name=\"robots\" content=\"noindex, follow, max-snippet:-1, max-image-preview:large, max-video-preview:-1\" \/>\n<meta property=\"og:locale\" content=\"fr_FR\" \/>\n<meta property=\"og:type\" content=\"article\" \/>\n<meta property=\"og:title\" content=\"SYNLAB Oxabio - Pour nos laboratoires partenaires\" \/>\n<meta property=\"og:description\" content=\"SYNLAB Oxabio met \u00e0 disposition d&#039;un large \u00e9ventail de documents pour nos partenaires de laboratoire. Nous sommes convaincus que ces ressources sont pr\u00e9cieuses pour les laboratoires partenaires dans leur travail quotidien\" \/>\n<meta property=\"og:url\" content=\"https:\/\/www.synlab.fr\/oxabio\/espace-professionnels-de-sante\/pour-les-laboratoires-partenaires\/\" \/>\n<meta property=\"og:site_name\" content=\"Synlab Oxabio\" \/>\n<meta property=\"article:modified_time\" content=\"2023-04-21T12:11:44+00:00\" \/>\n<meta name=\"twitter:card\" content=\"summary_large_image\" \/>\n<script type=\"application\/ld+json\" class=\"yoast-schema-graph\">{\"@context\":\"https:\/\/schema.org\",\"@graph\":[{\"@type\":\"WebPage\",\"@id\":\"https:\/\/www.synlab.fr\/oxabio\/espace-professionnels-de-sante\/pour-les-laboratoires-partenaires\/\",\"url\":\"https:\/\/www.synlab.fr\/oxabio\/espace-professionnels-de-sante\/pour-les-laboratoires-partenaires\/\",\"name\":\"SYNLAB Oxabio - Pour nos laboratoires partenaires\",\"isPartOf\":{\"@id\":\"https:\/\/www.synlab.fr\/oxabio\/#website\"},\"datePublished\":\"2022-10-24T12:59:15+00:00\",\"dateModified\":\"2023-04-21T12:11:44+00:00\",\"description\":\"SYNLAB Oxabio met \u00e0 disposition d'un large \u00e9ventail de documents pour nos partenaires de laboratoire. Nous sommes convaincus que ces ressources sont pr\u00e9cieuses pour les laboratoires partenaires dans leur travail quotidien\",\"breadcrumb\":{\"@id\":\"https:\/\/www.synlab.fr\/oxabio\/espace-professionnels-de-sante\/pour-les-laboratoires-partenaires\/#breadcrumb\"},\"inLanguage\":\"fr-FR\",\"potentialAction\":[{\"@type\":\"ReadAction\",\"target\":[\"https:\/\/www.synlab.fr\/oxabio\/espace-professionnels-de-sante\/pour-les-laboratoires-partenaires\/\"]}]},{\"@type\":\"BreadcrumbList\",\"@id\":\"https:\/\/www.synlab.fr\/oxabio\/espace-professionnels-de-sante\/pour-les-laboratoires-partenaires\/#breadcrumb\",\"itemListElement\":[{\"@type\":\"ListItem\",\"position\":1,\"name\":\"Home\",\"item\":\"https:\/\/www.synlab.fr\/oxabio\/\"},{\"@type\":\"ListItem\",\"position\":2,\"name\":\"Espace professionnels de sant\u00e9\",\"item\":\"https:\/\/www.synlab.fr\/oxabio\/espace-professionnels-de-sante\/\"},{\"@type\":\"ListItem\",\"position\":3,\"name\":\"Pour les laboratoires partenaires\"}]},{\"@type\":\"WebSite\",\"@id\":\"https:\/\/www.synlab.fr\/oxabio\/#website\",\"url\":\"https:\/\/www.synlab.fr\/oxabio\/\",\"name\":\"Synlab Oxabio\",\"description\":\"Un site utilisant Synlab\",\"potentialAction\":[{\"@type\":\"SearchAction\",\"target\":{\"@type\":\"EntryPoint\",\"urlTemplate\":\"https:\/\/www.synlab.fr\/oxabio\/?s={search_term_string}\"},\"query-input\":{\"@type\":\"PropertyValueSpecification\",\"valueRequired\":true,\"valueName\":\"search_term_string\"}}],\"inLanguage\":\"fr-FR\"}]}<\/script>\n<!-- \/ Yoast SEO plugin. -->","yoast_head_json":{"title":"SYNLAB Oxabio - Pour nos laboratoires partenaires","description":"SYNLAB Oxabio met \u00e0 disposition d'un large \u00e9ventail de documents pour nos partenaires de laboratoire. Nous sommes convaincus que ces ressources sont pr\u00e9cieuses pour les laboratoires partenaires dans leur travail quotidien","robots":{"index":"noindex","follow":"follow","max-snippet":"max-snippet:-1","max-image-preview":"max-image-preview:large","max-video-preview":"max-video-preview:-1"},"og_locale":"fr_FR","og_type":"article","og_title":"SYNLAB Oxabio - Pour nos laboratoires partenaires","og_description":"SYNLAB Oxabio met \u00e0 disposition d'un large \u00e9ventail de documents pour nos partenaires de laboratoire. Nous sommes convaincus que ces ressources sont pr\u00e9cieuses pour les laboratoires partenaires dans leur travail quotidien","og_url":"https:\/\/www.synlab.fr\/oxabio\/espace-professionnels-de-sante\/pour-les-laboratoires-partenaires\/","og_site_name":"Synlab Oxabio","article_modified_time":"2023-04-21T12:11:44+00:00","twitter_card":"summary_large_image","schema":{"@context":"https:\/\/schema.org","@graph":[{"@type":"WebPage","@id":"https:\/\/www.synlab.fr\/oxabio\/espace-professionnels-de-sante\/pour-les-laboratoires-partenaires\/","url":"https:\/\/www.synlab.fr\/oxabio\/espace-professionnels-de-sante\/pour-les-laboratoires-partenaires\/","name":"SYNLAB Oxabio - Pour nos laboratoires partenaires","isPartOf":{"@id":"https:\/\/www.synlab.fr\/oxabio\/#website"},"datePublished":"2022-10-24T12:59:15+00:00","dateModified":"2023-04-21T12:11:44+00:00","description":"SYNLAB Oxabio met \u00e0 disposition d'un large \u00e9ventail de documents pour nos partenaires de laboratoire. Nous sommes convaincus que ces ressources sont pr\u00e9cieuses pour les laboratoires partenaires dans leur travail quotidien","breadcrumb":{"@id":"https:\/\/www.synlab.fr\/oxabio\/espace-professionnels-de-sante\/pour-les-laboratoires-partenaires\/#breadcrumb"},"inLanguage":"fr-FR","potentialAction":[{"@type":"ReadAction","target":["https:\/\/www.synlab.fr\/oxabio\/espace-professionnels-de-sante\/pour-les-laboratoires-partenaires\/"]}]},{"@type":"BreadcrumbList","@id":"https:\/\/www.synlab.fr\/oxabio\/espace-professionnels-de-sante\/pour-les-laboratoires-partenaires\/#breadcrumb","itemListElement":[{"@type":"ListItem","position":1,"name":"Home","item":"https:\/\/www.synlab.fr\/oxabio\/"},{"@type":"ListItem","position":2,"name":"Espace professionnels de sant\u00e9","item":"https:\/\/www.synlab.fr\/oxabio\/espace-professionnels-de-sante\/"},{"@type":"ListItem","position":3,"name":"Pour les laboratoires partenaires"}]},{"@type":"WebSite","@id":"https:\/\/www.synlab.fr\/oxabio\/#website","url":"https:\/\/www.synlab.fr\/oxabio\/","name":"Synlab Oxabio","description":"Un site utilisant Synlab","potentialAction":[{"@type":"SearchAction","target":{"@type":"EntryPoint","urlTemplate":"https:\/\/www.synlab.fr\/oxabio\/?s={search_term_string}"},"query-input":{"@type":"PropertyValueSpecification","valueRequired":true,"valueName":"search_term_string"}}],"inLanguage":"fr-FR"}]}},"_links":{"self":[{"href":"https:\/\/www.synlab.fr\/oxabio\/wp-json\/wp\/v2\/pages\/3877","targetHints":{"allow":["GET"]}}],"collection":[{"href":"https:\/\/www.synlab.fr\/oxabio\/wp-json\/wp\/v2\/pages"}],"about":[{"href":"https:\/\/www.synlab.fr\/oxabio\/wp-json\/wp\/v2\/types\/page"}],"author":[{"embeddable":true,"href":"https:\/\/www.synlab.fr\/oxabio\/wp-json\/wp\/v2\/users\/13"}],"replies":[{"embeddable":true,"href":"https:\/\/www.synlab.fr\/oxabio\/wp-json\/wp\/v2\/comments?post=3877"}],"version-history":[{"count":6,"href":"https:\/\/www.synlab.fr\/oxabio\/wp-json\/wp\/v2\/pages\/3877\/revisions"}],"predecessor-version":[{"id":5304,"href":"https:\/\/www.synlab.fr\/oxabio\/wp-json\/wp\/v2\/pages\/3877\/revisions\/5304"}],"up":[{"embeddable":true,"href":"https:\/\/www.synlab.fr\/oxabio\/wp-json\/wp\/v2\/pages\/24"}],"wp:attachment":[{"href":"https:\/\/www.synlab.fr\/oxabio\/wp-json\/wp\/v2\/media?parent=3877"}],"curies":[{"name":"wp","href":"https:\/\/api.w.org\/{rel}","templated":true}]}}