{"id":4201,"date":"2022-11-17T09:10:06","date_gmt":"2022-11-17T08:10:06","guid":{"rendered":"https:\/\/www.synlab.fr\/oxabio\/?page_id=4201"},"modified":"2022-11-17T09:13:23","modified_gmt":"2022-11-17T08:13:23","slug":"quels-documents-a-apporter","status":"publish","type":"page","link":"https:\/\/www.synlab.fr\/oxabio\/patient\/avant-de-venir\/quels-documents-a-apporter\/","title":{"rendered":"Quels documents \u00e0 apporter ?"},"content":{"rendered":"<div class=\"container text-center \">\n\t<\/div>\n\n<div class=\"container-grid block-securite\">\n\n\t<div class=\"block-securite-left\">\n\t\t<img decoding=\"async\" src=\"https:\/\/www.synlab.fr\/oxabio\/wp-content\/uploads\/sites\/41\/2022\/09\/scott-graham-OQMZwNd3ThU-unsplash-1.jpg\" alt=\"scott-graham-OQMZwNd3ThU-unsplash (1)\" \/>\n\t<\/div>\n\n\t<div class=\"block-securite-right\">\n\t\t\t\t\t<div class=\"block-securite-right-item\">\n\t\t\t<div class=\"block-securite-right-item-picto\">\n\t\t\t\t<img decoding=\"async\" src=\"https:\/\/www.synlab.fr\/oxabio\/wp-content\/uploads\/sites\/41\/2022\/09\/prescription.png\" alt=\"prescription\" \/>\n\t\t\t<\/div>\n\t\t\t<div>\n\t\t\t\t<div class=\"block-securite-right-item-titre\">Votre ordonnance<\/div>\n\t\t\t\t<div class=\"block-securite-right-item-texte\">Votre ordonnance si vous venez sur prescription m\u00e9dicale<\/div>\n\t\t\t\t<\/div>\n\t\t\t\n\t\t<\/div>\n\t\t\t\t<div class=\"block-securite-right-item\">\n\t\t\t<div class=\"block-securite-right-item-picto\">\n\t\t\t\t<img decoding=\"async\" src=\"https:\/\/www.synlab.fr\/oxabio\/wp-content\/uploads\/sites\/41\/2022\/09\/id-card.png\" alt=\"id-card\" \/>\n\t\t\t<\/div>\n\t\t\t<div>\n\t\t\t\t<div class=\"block-securite-right-item-titre\">Carte vitale<\/div>\n\t\t\t\t<div class=\"block-securite-right-item-texte\">Votre carte vitale \u00e0 jour<\/div>\n\t\t\t\t<\/div>\n\t\t\t\n\t\t<\/div>\n\t\t\t\t<div class=\"block-securite-right-item\">\n\t\t\t<div class=\"block-securite-right-item-picto\">\n\t\t\t\t<img decoding=\"async\" src=\"https:\/\/www.synlab.fr\/oxabio\/wp-content\/uploads\/sites\/41\/2022\/09\/id-card.png\" alt=\"id-card\" \/>\n\t\t\t<\/div>\n\t\t\t<div>\n\t\t\t\t<div class=\"block-securite-right-item-titre\">Carte mutuelle<\/div>\n\t\t\t\t<div class=\"block-securite-right-item-texte\">Votre carte de mutuelle \u00e0 jour<\/div>\n\t\t\t\t<\/div>\n\t\t\t\n\t\t<\/div>\n\t\t\t\t<\/div>\n<\/div>\n\n\n\n\n<div class=\"container-fluid block-separateur\" style=\"--heightDesk:10px;--heightMob:15px;\">\n\n    \n    \n<\/div>\n\n<div class=\"container block-texte_image\">\n\n\t\t\t<div class=\"block-texte_image-contenu order-1\" style=\"--widthContenu:100%\">\n\t\t\t<h2>Se pr\u00e9parer <\/h2>\t\t\t<article><h3>Quand \u00eatre \u00e0 je\u00fbn ?<\/h3>\n<p><span style=\"font-weight: 400;\">D\u2019une mani\u00e8re g\u00e9n\u00e9rale, si votre pr\u00e9l\u00e8vement ne comporte pas de caract\u00e8re d\u2019urgence, ou s\u2019il ne s\u2019agit pas d\u2019un cas particulier, il est pr\u00e9f\u00e9rable, dans la mesure du possible, d\u2019\u00eatre pr\u00e9lev\u00e9 \u00e0 jeun.<\/span><\/p>\n<p>&nbsp;<\/p>\n<p><span style=\"font-weight: 400;\">Si vous avez des questions, n\u2019h\u00e9sitez pas \u00e0 contacter le secr\u00e9tariat de votre laboratoire.<\/span><\/p>\n<\/article>\t\t\t\t\t\t\n\t\t\t<p><a href=\"https:\/\/www.synlab.fr\/oxabio\/trouver-un-laboratoire\/\" style=\"--colorCTA:#dd9933\" target=\"\" class=\"block-texte_image-contenu-cta\">Trouver un labo partenaire <\/a><\/p>\t\t<\/div>\n\t\n\t\n\t\t\n<\/div>\n\n\n\n\n\t\n\t\n\n\n\n<div class=\"container-fluid block-separateur\" style=\"--heightDesk:10px;--heightMob:15px;\">\n\n    \n    \n<\/div>\n\n<div class=\"container block-texte_image\">\n\n\t\t\t<div class=\"block-texte_image-contenu order-1\" style=\"--widthContenu:100%\">\n\t\t\t<h3>Mon enfant doit \u00eatre pr\u00e9lev\u00e9<\/h3>\t\t\t<article><p><span style=\"font-weight: 400;\">Nous savons que les prises de sang peuvent parfois vous inqui\u00e9ter ou inqui\u00e9ter votre enfant. C\u2019est pourquoi nous mettons tout en \u0153uvre au laboratoire pour faciliter la prise en charge des plus petits et ainsi vous rassurer.<\/span><\/p>\n<\/article>\t\t\t\t\t\t\n\t\t\t\t\t<\/div>\n\t\n\t\n\t\t\n<\/div>\n\n\n\n\n\t\n\t\n\n\n<div class=\"container block-equipes mix2\">\n\n\t\n\t\t\t\t\t<div class=\"block-equipes-item\">\n\t\t\t<div class=\"block-equipes-item-image\">\n\t\t\t\t<img decoding=\"async\" src=\"https:\/\/www.synlab.fr\/oxabio\/wp-content\/uploads\/sites\/41\/2022\/09\/gabrielle-henderson-HJckKnwCXxQ-unsplash-200x200.jpg\" alt=\"gabrielle-henderson-HJckKnwCXxQ-unsplash\" \/>\n\t\t\t<\/div>\n\t\t\t<div class=\"block-equipes-item-textes noshadow\">\n\t\t\t\t<div class=\"block-equipes-item-textes-titre\">CONSEILS <\/div>\n\t\t\t\t<div class=\"block-equipes-item-textes-texte\">Nous pouvons vous accompagner pour expliquer \u00e0 votre enfant, avec des termes adapt\u00e9s \u00e0 son \u00e2ge, le d\u00e9roulement de la prise de sang. Pensez \u00e0 prendre son jouet pr\u00e9f\u00e9r\u00e9 ou un objet familier pour le distraire lors de la prise de sang.<\/div>\n\t\t\t<\/div>\n\t\t<\/div>\n\t\t\t\t<div class=\"block-equipes-item\">\n\t\t\t<div class=\"block-equipes-item-image\">\n\t\t\t\t<img decoding=\"async\" src=\"https:\/\/www.synlab.fr\/oxabio\/wp-content\/uploads\/sites\/41\/2022\/09\/RS12765_clipdealer-B88287372-copie3-200x200.jpg\" alt=\"RS12765_clipdealer-B88287372-copie3\" \/>\n\t\t\t<\/div>\n\t\t\t<div class=\"block-equipes-item-textes noshadow\">\n\t\t\t\t<div class=\"block-equipes-item-textes-titre\">ACCUEIL<\/div>\n\t\t\t\t<div class=\"block-equipes-item-textes-texte\">Notre salle d\u2019attente est \u00e9quip\u00e9e d\u2019un espace am\u00e9nag\u00e9 color\u00e9 et d\u00e9di\u00e9 aux plus petits. Des jeux lui permettront de patienter en l\u2019occupant.rnrn<\/div>\n\t\t\t<\/div>\n\t\t<\/div>\n\t\t\t\t<div class=\"block-equipes-item\">\n\t\t\t<div class=\"block-equipes-item-image\">\n\t\t\t\t<img decoding=\"async\" src=\"https:\/\/www.synlab.fr\/oxabio\/wp-content\/uploads\/sites\/41\/2022\/09\/RS11553_B383395468_copie_1-200x200.jpg\" alt=\"RS11553_B383395468_copie_1\" \/>\n\t\t\t<\/div>\n\t\t\t<div class=\"block-equipes-item-textes noshadow\">\n\t\t\t\t<div class=\"block-equipes-item-textes-titre\">P\u00c9DAGOGIE <\/div>\n\t\t\t\t<div class=\"block-equipes-item-textes-texte\">Nous expliquons autant que possible, avec des mots simples et une petite histoire, comment va se d\u00e9rouler la prise de sang ou le pr\u00e9l\u00e8vement.<\/div>\n\t\t\t<\/div>\n\t\t<\/div>\n\t\t\t\t<div class=\"block-equipes-item\">\n\t\t\t<div class=\"block-equipes-item-image\">\n\t\t\t\t<img decoding=\"async\" src=\"https:\/\/www.synlab.fr\/oxabio\/wp-content\/uploads\/sites\/41\/2022\/09\/prise-de-sang_Par-Ekaterina_AdobeStock_279033857-copie-200x200.jpeg\" alt=\"prise-de-sang_Par Ekaterina_AdobeStock_279033857-copie\" \/>\n\t\t\t<\/div>\n\t\t\t<div class=\"block-equipes-item-textes noshadow\">\n\t\t\t\t<div class=\"block-equipes-item-textes-titre\">EXPERTISE<\/div>\n\t\t\t\t<div class=\"block-equipes-item-textes-texte\">Nos pr\u00e9leveurs sont form\u00e9s pour r\u00e9aliser des pr\u00e9l\u00e8vements sur les enfants, m\u00eame les plus jeunes.<\/div>\n\t\t\t<\/div>\n\t\t<\/div>\n\t\t\t\t\n<\/div>\n\n\n\n\n<div class=\"container-fluid block-separateur\" style=\"--heightDesk:10px;--heightMob:15px;\">\n\n    \n    \n<\/div>\n\n\n<div class=\"container-grid block-satisfaction\">\n\t\t\t<h3>Vous connaissez la cr\u00e8me ou les patchs \u00ab EMLA\u00ae \u00bb ?<\/h3>\t\n\n\t<div class=\"block-satisfaction-left\">\n\t\t<img decoding=\"async\" src=\"https:\/\/www.synlab.fr\/oxabio\/wp-content\/uploads\/sites\/41\/2022\/09\/absolutvision-82TpEld0_e4-unsplash.jpg\" alt=\"absolutvision-82TpEld0_e4-unsplash\" \/>\n\t<\/div>\n\n\t<div class=\"block-satisfaction-right\">\n\t\n\t\t<div class=\"block-securite-right-item-texte\"><p><span style=\"font-weight: 400;\">Ils permettent d\u2019anesth\u00e9sier la peau et ainsi r\u00e9duire la douleur. Vous pouvez l\u2019appliquer 1h avant la prise de sang. Il est conseill\u00e9 d&rsquo;enlever le patch 20 min avant le pr\u00e9l\u00e8vement. Ils sont disponibles en pharmacie sur prescription m\u00e9dicale, et sont rembours\u00e9s par la S\u00e9curit\u00e9 Sociale. Demandez conseil \u00e0 votre m\u00e9decin.<\/span><\/p>\n<\/div>\n\t\t\t\t\n\t\t\t\n\t\t\n\t<\/div>\n<\/div>\n\n","protected":false},"excerpt":{"rendered":"","protected":false},"author":13,"featured_media":3114,"parent":1270,"menu_order":1,"comment_status":"closed","ping_status":"closed","template":"","meta":{"_acf_changed":false,"footnotes":""},"class_list":["post-4201","page","type-page","status-publish","has-post-thumbnail","hentry"],"acf":[],"yoast_head":"<!-- This site is optimized with the Yoast SEO plugin v26.3 - https:\/\/yoast.com\/wordpress\/plugins\/seo\/ -->\n<title>SYNLAB Oxabio - Quels documents \u00e0 apporter pour mes analyses ?<\/title>\n<meta name=\"description\" content=\"SYNLAB Oxabio vous accompagne dans votre parcours patient, en vous aidant \u00e0 pr\u00e9parer votre visite, que vous soyez seul ou accompagn\u00e9 par votre enfant.\" \/>\n<meta name=\"robots\" content=\"noindex, follow, max-snippet:-1, max-image-preview:large, max-video-preview:-1\" \/>\n<meta property=\"og:locale\" content=\"fr_FR\" \/>\n<meta property=\"og:type\" content=\"article\" \/>\n<meta property=\"og:title\" content=\"SYNLAB Oxabio - Quels documents \u00e0 apporter pour mes analyses ?\" \/>\n<meta property=\"og:description\" content=\"SYNLAB Oxabio vous accompagne dans votre parcours patient, en vous aidant \u00e0 pr\u00e9parer votre visite, que vous soyez seul ou accompagn\u00e9 par votre enfant.\" \/>\n<meta property=\"og:url\" content=\"https:\/\/www.synlab.fr\/clone\/oxabio\/patient\/avant-de-venir\/quels-documents-a-apporter\/\" \/>\n<meta property=\"og:site_name\" content=\"Synlab Oxabio\" \/>\n<meta property=\"article:modified_time\" content=\"2022-11-17T08:13:23+00:00\" \/>\n<meta property=\"og:image\" content=\"https:\/\/www.synlab.fr\/clone\/oxabio\/wp-content\/uploads\/sites\/41\/2022\/09\/scott-graham-OQMZwNd3ThU-unsplash-1.jpg\" \/>\n\t<meta property=\"og:image:width\" content=\"374\" \/>\n\t<meta property=\"og:image:height\" content=\"250\" \/>\n\t<meta property=\"og:image:type\" content=\"image\/jpeg\" \/>\n<meta name=\"twitter:card\" content=\"summary_large_image\" \/>\n<script type=\"application\/ld+json\" class=\"yoast-schema-graph\">{\"@context\":\"https:\/\/schema.org\",\"@graph\":[{\"@type\":\"WebPage\",\"@id\":\"https:\/\/www.synlab.fr\/clone\/oxabio\/patient\/avant-de-venir\/quels-documents-a-apporter\/\",\"url\":\"https:\/\/www.synlab.fr\/clone\/oxabio\/patient\/avant-de-venir\/quels-documents-a-apporter\/\",\"name\":\"SYNLAB Oxabio - Quels documents \u00e0 apporter pour mes analyses ?\",\"isPartOf\":{\"@id\":\"https:\/\/www.synlab.fr\/oxabio\/#website\"},\"primaryImageOfPage\":{\"@id\":\"https:\/\/www.synlab.fr\/clone\/oxabio\/patient\/avant-de-venir\/quels-documents-a-apporter\/#primaryimage\"},\"image\":{\"@id\":\"https:\/\/www.synlab.fr\/clone\/oxabio\/patient\/avant-de-venir\/quels-documents-a-apporter\/#primaryimage\"},\"thumbnailUrl\":\"https:\/\/www.synlab.fr\/oxabio\/wp-content\/uploads\/sites\/41\/2022\/09\/scott-graham-OQMZwNd3ThU-unsplash-1.jpg\",\"datePublished\":\"2022-11-17T08:10:06+00:00\",\"dateModified\":\"2022-11-17T08:13:23+00:00\",\"description\":\"SYNLAB Oxabio vous accompagne dans votre parcours patient, en vous aidant \u00e0 pr\u00e9parer votre visite, que vous soyez seul ou accompagn\u00e9 par votre enfant.\",\"breadcrumb\":{\"@id\":\"https:\/\/www.synlab.fr\/clone\/oxabio\/patient\/avant-de-venir\/quels-documents-a-apporter\/#breadcrumb\"},\"inLanguage\":\"fr-FR\",\"potentialAction\":[{\"@type\":\"ReadAction\",\"target\":[\"https:\/\/www.synlab.fr\/clone\/oxabio\/patient\/avant-de-venir\/quels-documents-a-apporter\/\"]}]},{\"@type\":\"ImageObject\",\"inLanguage\":\"fr-FR\",\"@id\":\"https:\/\/www.synlab.fr\/clone\/oxabio\/patient\/avant-de-venir\/quels-documents-a-apporter\/#primaryimage\",\"url\":\"https:\/\/www.synlab.fr\/oxabio\/wp-content\/uploads\/sites\/41\/2022\/09\/scott-graham-OQMZwNd3ThU-unsplash-1.jpg\",\"contentUrl\":\"https:\/\/www.synlab.fr\/oxabio\/wp-content\/uploads\/sites\/41\/2022\/09\/scott-graham-OQMZwNd3ThU-unsplash-1.jpg\",\"width\":374,\"height\":250,\"caption\":\"un homme qui remplit des documents administratifs\"},{\"@type\":\"BreadcrumbList\",\"@id\":\"https:\/\/www.synlab.fr\/clone\/oxabio\/patient\/avant-de-venir\/quels-documents-a-apporter\/#breadcrumb\",\"itemListElement\":[{\"@type\":\"ListItem\",\"position\":1,\"name\":\"Home\",\"item\":\"https:\/\/www.synlab.fr\/oxabio\/\"},{\"@type\":\"ListItem\",\"position\":2,\"name\":\"Espace patient\",\"item\":\"https:\/\/www.synlab.fr\/clone\/oxabio\/patient\/\"},{\"@type\":\"ListItem\",\"position\":3,\"name\":\"Avant de venir\",\"item\":\"https:\/\/www.synlab.fr\/clone\/oxabio\/patient\/avant-de-venir\/\"},{\"@type\":\"ListItem\",\"position\":4,\"name\":\"Quels documents \u00e0 apporter ?\"}]},{\"@type\":\"WebSite\",\"@id\":\"https:\/\/www.synlab.fr\/oxabio\/#website\",\"url\":\"https:\/\/www.synlab.fr\/oxabio\/\",\"name\":\"Synlab Oxabio\",\"description\":\"Un site utilisant Synlab\",\"potentialAction\":[{\"@type\":\"SearchAction\",\"target\":{\"@type\":\"EntryPoint\",\"urlTemplate\":\"https:\/\/www.synlab.fr\/oxabio\/?s={search_term_string}\"},\"query-input\":{\"@type\":\"PropertyValueSpecification\",\"valueRequired\":true,\"valueName\":\"search_term_string\"}}],\"inLanguage\":\"fr-FR\"}]}<\/script>\n<!-- \/ Yoast SEO plugin. -->","yoast_head_json":{"title":"SYNLAB Oxabio - Quels documents \u00e0 apporter pour mes analyses ?","description":"SYNLAB Oxabio vous accompagne dans votre parcours patient, en vous aidant \u00e0 pr\u00e9parer votre visite, que vous soyez seul ou accompagn\u00e9 par votre enfant.","robots":{"index":"noindex","follow":"follow","max-snippet":"max-snippet:-1","max-image-preview":"max-image-preview:large","max-video-preview":"max-video-preview:-1"},"og_locale":"fr_FR","og_type":"article","og_title":"SYNLAB Oxabio - Quels documents \u00e0 apporter pour mes analyses ?","og_description":"SYNLAB Oxabio vous accompagne dans votre parcours patient, en vous aidant \u00e0 pr\u00e9parer votre visite, que vous soyez seul ou accompagn\u00e9 par votre enfant.","og_url":"https:\/\/www.synlab.fr\/clone\/oxabio\/patient\/avant-de-venir\/quels-documents-a-apporter\/","og_site_name":"Synlab Oxabio","article_modified_time":"2022-11-17T08:13:23+00:00","og_image":[{"width":374,"height":250,"url":"https:\/\/www.synlab.fr\/clone\/oxabio\/wp-content\/uploads\/sites\/41\/2022\/09\/scott-graham-OQMZwNd3ThU-unsplash-1.jpg","type":"image\/jpeg"}],"twitter_card":"summary_large_image","schema":{"@context":"https:\/\/schema.org","@graph":[{"@type":"WebPage","@id":"https:\/\/www.synlab.fr\/clone\/oxabio\/patient\/avant-de-venir\/quels-documents-a-apporter\/","url":"https:\/\/www.synlab.fr\/clone\/oxabio\/patient\/avant-de-venir\/quels-documents-a-apporter\/","name":"SYNLAB Oxabio - Quels documents \u00e0 apporter pour mes analyses ?","isPartOf":{"@id":"https:\/\/www.synlab.fr\/oxabio\/#website"},"primaryImageOfPage":{"@id":"https:\/\/www.synlab.fr\/clone\/oxabio\/patient\/avant-de-venir\/quels-documents-a-apporter\/#primaryimage"},"image":{"@id":"https:\/\/www.synlab.fr\/clone\/oxabio\/patient\/avant-de-venir\/quels-documents-a-apporter\/#primaryimage"},"thumbnailUrl":"https:\/\/www.synlab.fr\/oxabio\/wp-content\/uploads\/sites\/41\/2022\/09\/scott-graham-OQMZwNd3ThU-unsplash-1.jpg","datePublished":"2022-11-17T08:10:06+00:00","dateModified":"2022-11-17T08:13:23+00:00","description":"SYNLAB Oxabio vous accompagne dans votre parcours patient, en vous aidant \u00e0 pr\u00e9parer votre visite, que vous soyez seul ou accompagn\u00e9 par votre enfant.","breadcrumb":{"@id":"https:\/\/www.synlab.fr\/clone\/oxabio\/patient\/avant-de-venir\/quels-documents-a-apporter\/#breadcrumb"},"inLanguage":"fr-FR","potentialAction":[{"@type":"ReadAction","target":["https:\/\/www.synlab.fr\/clone\/oxabio\/patient\/avant-de-venir\/quels-documents-a-apporter\/"]}]},{"@type":"ImageObject","inLanguage":"fr-FR","@id":"https:\/\/www.synlab.fr\/clone\/oxabio\/patient\/avant-de-venir\/quels-documents-a-apporter\/#primaryimage","url":"https:\/\/www.synlab.fr\/oxabio\/wp-content\/uploads\/sites\/41\/2022\/09\/scott-graham-OQMZwNd3ThU-unsplash-1.jpg","contentUrl":"https:\/\/www.synlab.fr\/oxabio\/wp-content\/uploads\/sites\/41\/2022\/09\/scott-graham-OQMZwNd3ThU-unsplash-1.jpg","width":374,"height":250,"caption":"un homme qui remplit des documents administratifs"},{"@type":"BreadcrumbList","@id":"https:\/\/www.synlab.fr\/clone\/oxabio\/patient\/avant-de-venir\/quels-documents-a-apporter\/#breadcrumb","itemListElement":[{"@type":"ListItem","position":1,"name":"Home","item":"https:\/\/www.synlab.fr\/oxabio\/"},{"@type":"ListItem","position":2,"name":"Espace patient","item":"https:\/\/www.synlab.fr\/clone\/oxabio\/patient\/"},{"@type":"ListItem","position":3,"name":"Avant de venir","item":"https:\/\/www.synlab.fr\/clone\/oxabio\/patient\/avant-de-venir\/"},{"@type":"ListItem","position":4,"name":"Quels documents \u00e0 apporter ?"}]},{"@type":"WebSite","@id":"https:\/\/www.synlab.fr\/oxabio\/#website","url":"https:\/\/www.synlab.fr\/oxabio\/","name":"Synlab Oxabio","description":"Un site utilisant Synlab","potentialAction":[{"@type":"SearchAction","target":{"@type":"EntryPoint","urlTemplate":"https:\/\/www.synlab.fr\/oxabio\/?s={search_term_string}"},"query-input":{"@type":"PropertyValueSpecification","valueRequired":true,"valueName":"search_term_string"}}],"inLanguage":"fr-FR"}]}},"_links":{"self":[{"href":"https:\/\/www.synlab.fr\/oxabio\/wp-json\/wp\/v2\/pages\/4201","targetHints":{"allow":["GET"]}}],"collection":[{"href":"https:\/\/www.synlab.fr\/oxabio\/wp-json\/wp\/v2\/pages"}],"about":[{"href":"https:\/\/www.synlab.fr\/oxabio\/wp-json\/wp\/v2\/types\/page"}],"author":[{"embeddable":true,"href":"https:\/\/www.synlab.fr\/oxabio\/wp-json\/wp\/v2\/users\/13"}],"replies":[{"embeddable":true,"href":"https:\/\/www.synlab.fr\/oxabio\/wp-json\/wp\/v2\/comments?post=4201"}],"version-history":[{"count":7,"href":"https:\/\/www.synlab.fr\/oxabio\/wp-json\/wp\/v2\/pages\/4201\/revisions"}],"predecessor-version":[{"id":4566,"href":"https:\/\/www.synlab.fr\/oxabio\/wp-json\/wp\/v2\/pages\/4201\/revisions\/4566"}],"up":[{"embeddable":true,"href":"https:\/\/www.synlab.fr\/oxabio\/wp-json\/wp\/v2\/pages\/1270"}],"wp:featuredmedia":[{"embeddable":true,"href":"https:\/\/www.synlab.fr\/oxabio\/wp-json\/wp\/v2\/media\/3114"}],"wp:attachment":[{"href":"https:\/\/www.synlab.fr\/oxabio\/wp-json\/wp\/v2\/media?parent=4201"}],"curies":[{"name":"wp","href":"https:\/\/api.w.org\/{rel}","templated":true}]}}