{"id":5111,"date":"2023-02-07T16:24:19","date_gmt":"2023-02-07T15:24:19","guid":{"rendered":"https:\/\/www.synlab.fr\/oxabio\/?page_id=5111"},"modified":"2023-02-07T16:24:41","modified_gmt":"2023-02-07T15:24:41","slug":"test-dhyperglycemie-provoquee","status":"publish","type":"page","link":"https:\/\/www.synlab.fr\/oxabio\/espace-professionnels-de-sante\/prelever\/les-protocoles-de-recueil\/test-dhyperglycemie-provoquee\/","title":{"rendered":"Test d&rsquo;hyperglyc\u00e9mie provoqu\u00e9e"},"content":{"rendered":"<div class=\"container block-texte_image\">\n\n\t\t\t<div class=\"block-texte_image-contenu order-1\" style=\"--widthContenu:100%\">\n\t\t\t\t\t\t<article><p>Les tests d&rsquo;hyperglyc\u00e9mie provoqu\u00e9e peuvent \u00eatre r\u00e9aliser chez les femmes enceintes selon recommandations entre 24 et 28 SA et hors grossesse selon la prescription m\u00e9dicale.<\/p>\n<\/article>\t\t\t\t\t\t\n\t\t\t\t\t<\/div>\n\t\n\t\n\t\t\n<\/div>\n\n\n\n\n\t\n\t\n\n\n\n<div class=\"container-fluid block-separateur\" style=\"--heightDesk:10px;--heightMob:15px;\">\n\n    \n    \n<\/div>\n\n<div class=\"container block-texte_image\">\n\n\t\t\t<div class=\"block-texte_image-contenu order-1\" style=\"--widthContenu:100%\">\n\t\t\t<h2>Produit <\/h2>\t\t\t<article><p>Glucose anhydre \u00e0 r\u00e9cuperer en Pharmacie<\/p>\n<ul>\n<li>75g chez les femmes enceintes<\/li>\n<li>1.75 g\/kg chez les enfants avec un maximum de 75g<\/li>\n<\/ul>\n<\/article>\t\t\t\t\t\t\n\t\t\t\t\t<\/div>\n\t\n\t\n\t\t\n<\/div>\n\n\n\n\n\t\n\t\n\n\n\n<div class=\"container-fluid block-separateur\" style=\"--heightDesk:10px;--heightMob:15px;\">\n\n    \n    \n<\/div>\n\n<div class=\"container block-texte_image\">\n\n\t\t\t<div class=\"block-texte_image-contenu order-1\" style=\"--widthContenu:100%\">\n\t\t\t<h2>Pr\u00e9paration du patient <\/h2>\t\t\t<article><p>Le patient doit \u00eatre \u00e0 jeun depuis 12h, ne pas avoir pris de m\u00e9dicaments (si possible, sinon le signaler sur fiche de pr\u00e9l\u00e8vement) et en dehors d&rsquo;une periode d&rsquo;infection.<\/p>\n<\/article>\t\t\t\t\t\t\n\t\t\t\t\t<\/div>\n\t\n\t\n\t\t\n<\/div>\n\n\n\n\n\t\n\t\n\n\n\n<div class=\"container-fluid block-separateur\" style=\"--heightDesk:10px;--heightMob:15px;\">\n\n    \n    \n<\/div>\n\n<div class=\"container block-texte_image\">\n\n\t\t\t<div class=\"block-texte_image-contenu order-1\" style=\"--widthContenu:100%\">\n\t\t\t<h2>Dur\u00e9e de l&rsquo;\u00e9preuve <\/h2>\t\t\t<article><ul>\n<li>2 H pour les femmes enceintes : pr\u00e9l\u00e8vements sanguins \u00e0 T0, T1H, T2H<\/li>\n<li>2 \u00e0 3 H selon la pr\u00e9scription en dehors de la grossesse<\/li>\n<\/ul>\n<\/article>\t\t\t\t\t\t\n\t\t\t\t\t<\/div>\n\t\n\t\n\t\t\n<\/div>\n\n\n\n\n\t\n\t\n\n\n\n<div class=\"container-fluid block-separateur\" style=\"--heightDesk:10px;--heightMob:15px;\">\n\n    \n    \n<\/div>\n\n<div class=\"container block-texte_image\">\n\n\t\t\t<div class=\"block-texte_image-contenu order-1\" style=\"--widthContenu:100%\">\n\t\t\t<h2>D\u00e9roulement de l&rsquo;\u00e9preuve<\/h2>\t\t\t<article><p>Le patient doit rester au repos strict, ne pas fumer ni manger pendant le test.<\/p>\n<p>Pr\u00e9l\u00e8vement \u00e0 T0 d&rsquo;une glyc\u00e9mie \u00e0 jeun (+\/- insuline et peptide C selon pr\u00e9scription) puis ingestion de la solution de glucose en moins de 5 min.<\/p>\n<p>Pendant la grossesse : pr\u00e9lever \u00e0 1 H et 2 H une glyc\u00e9mie. Bien identifier les tubes et noter les heures de pr\u00e9levement sur les tubes.<\/p>\n<p>Pour les HGPO hors grossesse : se r\u00e9f\u00e9rer \u00e0 la prescription, en l&rsquo;absence de precisions pr\u00e9lever une glyc\u00e9mie \u00e0 T0 et T2 H. Bien identifier les tubes et noter dessus l&rsquo;heure de pr\u00e9l\u00e8vement.<\/p>\n<\/article>\t\t\t\t\t\t\n\t\t\t\t\t<\/div>\n\t\n\t\n\t\t\n<\/div>\n\n\n\n\n\t\n\t\n","protected":false},"excerpt":{"rendered":"","protected":false},"author":13,"featured_media":0,"parent":1338,"menu_order":2,"comment_status":"closed","ping_status":"closed","template":"","meta":{"_acf_changed":false,"footnotes":""},"class_list":["post-5111","page","type-page","status-publish","hentry"],"acf":[],"yoast_head":"<!-- This site is optimized with the Yoast SEO plugin v26.3 - https:\/\/yoast.com\/wordpress\/plugins\/seo\/ -->\n<title>Test d&#039;hyperglyc\u00e9mie provoqu\u00e9e - Synlab Oxabio<\/title>\n<meta name=\"robots\" content=\"noindex, follow, max-snippet:-1, max-image-preview:large, max-video-preview:-1\" \/>\n<meta property=\"og:locale\" content=\"fr_FR\" \/>\n<meta property=\"og:type\" content=\"article\" \/>\n<meta property=\"og:title\" content=\"Test d&#039;hyperglyc\u00e9mie provoqu\u00e9e - Synlab Oxabio\" \/>\n<meta property=\"og:url\" content=\"https:\/\/www.synlab.fr\/oxabio\/espace-professionnels-de-sante\/prelever\/les-protocoles-de-recueil\/test-dhyperglycemie-provoquee\/\" \/>\n<meta property=\"og:site_name\" content=\"Synlab Oxabio\" \/>\n<meta property=\"article:modified_time\" content=\"2023-02-07T15:24:41+00:00\" \/>\n<meta name=\"twitter:card\" content=\"summary_large_image\" \/>\n<script type=\"application\/ld+json\" class=\"yoast-schema-graph\">{\"@context\":\"https:\/\/schema.org\",\"@graph\":[{\"@type\":\"WebPage\",\"@id\":\"https:\/\/www.synlab.fr\/oxabio\/espace-professionnels-de-sante\/prelever\/les-protocoles-de-recueil\/test-dhyperglycemie-provoquee\/\",\"url\":\"https:\/\/www.synlab.fr\/oxabio\/espace-professionnels-de-sante\/prelever\/les-protocoles-de-recueil\/test-dhyperglycemie-provoquee\/\",\"name\":\"Test d'hyperglyc\u00e9mie provoqu\u00e9e - Synlab Oxabio\",\"isPartOf\":{\"@id\":\"https:\/\/www.synlab.fr\/oxabio\/#website\"},\"datePublished\":\"2023-02-07T15:24:19+00:00\",\"dateModified\":\"2023-02-07T15:24:41+00:00\",\"breadcrumb\":{\"@id\":\"https:\/\/www.synlab.fr\/oxabio\/espace-professionnels-de-sante\/prelever\/les-protocoles-de-recueil\/test-dhyperglycemie-provoquee\/#breadcrumb\"},\"inLanguage\":\"fr-FR\",\"potentialAction\":[{\"@type\":\"ReadAction\",\"target\":[\"https:\/\/www.synlab.fr\/oxabio\/espace-professionnels-de-sante\/prelever\/les-protocoles-de-recueil\/test-dhyperglycemie-provoquee\/\"]}]},{\"@type\":\"BreadcrumbList\",\"@id\":\"https:\/\/www.synlab.fr\/oxabio\/espace-professionnels-de-sante\/prelever\/les-protocoles-de-recueil\/test-dhyperglycemie-provoquee\/#breadcrumb\",\"itemListElement\":[{\"@type\":\"ListItem\",\"position\":1,\"name\":\"Home\",\"item\":\"https:\/\/www.synlab.fr\/oxabio\/\"},{\"@type\":\"ListItem\",\"position\":2,\"name\":\"Espace professionnels de sant\u00e9\",\"item\":\"https:\/\/www.synlab.fr\/oxabio\/espace-professionnels-de-sante\/\"},{\"@type\":\"ListItem\",\"position\":3,\"name\":\"Pr\u00e9lever\",\"item\":\"https:\/\/www.synlab.fr\/oxabio\/espace-professionnels-de-sante\/prelever\/\"},{\"@type\":\"ListItem\",\"position\":4,\"name\":\"Les protocoles de recueil\",\"item\":\"https:\/\/www.synlab.fr\/oxabio\/espace-professionnels-de-sante\/prelever\/les-protocoles-de-recueil\/\"},{\"@type\":\"ListItem\",\"position\":5,\"name\":\"Test d&rsquo;hyperglyc\u00e9mie provoqu\u00e9e\"}]},{\"@type\":\"WebSite\",\"@id\":\"https:\/\/www.synlab.fr\/oxabio\/#website\",\"url\":\"https:\/\/www.synlab.fr\/oxabio\/\",\"name\":\"Synlab Oxabio\",\"description\":\"Un site utilisant Synlab\",\"potentialAction\":[{\"@type\":\"SearchAction\",\"target\":{\"@type\":\"EntryPoint\",\"urlTemplate\":\"https:\/\/www.synlab.fr\/oxabio\/?s={search_term_string}\"},\"query-input\":{\"@type\":\"PropertyValueSpecification\",\"valueRequired\":true,\"valueName\":\"search_term_string\"}}],\"inLanguage\":\"fr-FR\"}]}<\/script>\n<!-- \/ Yoast SEO plugin. -->","yoast_head_json":{"title":"Test d'hyperglyc\u00e9mie provoqu\u00e9e - Synlab Oxabio","robots":{"index":"noindex","follow":"follow","max-snippet":"max-snippet:-1","max-image-preview":"max-image-preview:large","max-video-preview":"max-video-preview:-1"},"og_locale":"fr_FR","og_type":"article","og_title":"Test d'hyperglyc\u00e9mie provoqu\u00e9e - Synlab Oxabio","og_url":"https:\/\/www.synlab.fr\/oxabio\/espace-professionnels-de-sante\/prelever\/les-protocoles-de-recueil\/test-dhyperglycemie-provoquee\/","og_site_name":"Synlab Oxabio","article_modified_time":"2023-02-07T15:24:41+00:00","twitter_card":"summary_large_image","schema":{"@context":"https:\/\/schema.org","@graph":[{"@type":"WebPage","@id":"https:\/\/www.synlab.fr\/oxabio\/espace-professionnels-de-sante\/prelever\/les-protocoles-de-recueil\/test-dhyperglycemie-provoquee\/","url":"https:\/\/www.synlab.fr\/oxabio\/espace-professionnels-de-sante\/prelever\/les-protocoles-de-recueil\/test-dhyperglycemie-provoquee\/","name":"Test d'hyperglyc\u00e9mie provoqu\u00e9e - Synlab Oxabio","isPartOf":{"@id":"https:\/\/www.synlab.fr\/oxabio\/#website"},"datePublished":"2023-02-07T15:24:19+00:00","dateModified":"2023-02-07T15:24:41+00:00","breadcrumb":{"@id":"https:\/\/www.synlab.fr\/oxabio\/espace-professionnels-de-sante\/prelever\/les-protocoles-de-recueil\/test-dhyperglycemie-provoquee\/#breadcrumb"},"inLanguage":"fr-FR","potentialAction":[{"@type":"ReadAction","target":["https:\/\/www.synlab.fr\/oxabio\/espace-professionnels-de-sante\/prelever\/les-protocoles-de-recueil\/test-dhyperglycemie-provoquee\/"]}]},{"@type":"BreadcrumbList","@id":"https:\/\/www.synlab.fr\/oxabio\/espace-professionnels-de-sante\/prelever\/les-protocoles-de-recueil\/test-dhyperglycemie-provoquee\/#breadcrumb","itemListElement":[{"@type":"ListItem","position":1,"name":"Home","item":"https:\/\/www.synlab.fr\/oxabio\/"},{"@type":"ListItem","position":2,"name":"Espace professionnels de sant\u00e9","item":"https:\/\/www.synlab.fr\/oxabio\/espace-professionnels-de-sante\/"},{"@type":"ListItem","position":3,"name":"Pr\u00e9lever","item":"https:\/\/www.synlab.fr\/oxabio\/espace-professionnels-de-sante\/prelever\/"},{"@type":"ListItem","position":4,"name":"Les protocoles de recueil","item":"https:\/\/www.synlab.fr\/oxabio\/espace-professionnels-de-sante\/prelever\/les-protocoles-de-recueil\/"},{"@type":"ListItem","position":5,"name":"Test d&rsquo;hyperglyc\u00e9mie provoqu\u00e9e"}]},{"@type":"WebSite","@id":"https:\/\/www.synlab.fr\/oxabio\/#website","url":"https:\/\/www.synlab.fr\/oxabio\/","name":"Synlab Oxabio","description":"Un site utilisant Synlab","potentialAction":[{"@type":"SearchAction","target":{"@type":"EntryPoint","urlTemplate":"https:\/\/www.synlab.fr\/oxabio\/?s={search_term_string}"},"query-input":{"@type":"PropertyValueSpecification","valueRequired":true,"valueName":"search_term_string"}}],"inLanguage":"fr-FR"}]}},"_links":{"self":[{"href":"https:\/\/www.synlab.fr\/oxabio\/wp-json\/wp\/v2\/pages\/5111","targetHints":{"allow":["GET"]}}],"collection":[{"href":"https:\/\/www.synlab.fr\/oxabio\/wp-json\/wp\/v2\/pages"}],"about":[{"href":"https:\/\/www.synlab.fr\/oxabio\/wp-json\/wp\/v2\/types\/page"}],"author":[{"embeddable":true,"href":"https:\/\/www.synlab.fr\/oxabio\/wp-json\/wp\/v2\/users\/13"}],"replies":[{"embeddable":true,"href":"https:\/\/www.synlab.fr\/oxabio\/wp-json\/wp\/v2\/comments?post=5111"}],"version-history":[{"count":5,"href":"https:\/\/www.synlab.fr\/oxabio\/wp-json\/wp\/v2\/pages\/5111\/revisions"}],"predecessor-version":[{"id":5116,"href":"https:\/\/www.synlab.fr\/oxabio\/wp-json\/wp\/v2\/pages\/5111\/revisions\/5116"}],"up":[{"embeddable":true,"href":"https:\/\/www.synlab.fr\/oxabio\/wp-json\/wp\/v2\/pages\/1338"}],"wp:attachment":[{"href":"https:\/\/www.synlab.fr\/oxabio\/wp-json\/wp\/v2\/media?parent=5111"}],"curies":[{"name":"wp","href":"https:\/\/api.w.org\/{rel}","templated":true}]}}