{"id":5409,"date":"2023-10-09T15:37:28","date_gmt":"2023-10-09T13:37:28","guid":{"rendered":"https:\/\/www.synlab.fr\/oxabio\/?page_id=5409"},"modified":"2023-10-27T16:20:46","modified_gmt":"2023-10-27T14:20:46","slug":"decouvrir-nos-offres","status":"publish","type":"page","link":"https:\/\/www.synlab.fr\/oxabio\/nos-opportunites-synlab\/decouvrir-nos-offres\/","title":{"rendered":"D\u00e9couvrir nos offres"},"content":{"rendered":"<div class=\"container block-texte_image\">\n\n\t\t\t<div class=\"block-texte_image-contenu order-1\" style=\"--widthContenu:60%\">\n\t\t\t<h2>Nos offres d&#8217;emploi<\/h2>\t\t\t<article><p>Des opportunit\u00e9s, des m\u00e9tiers et des missions vari\u00e9es partout en France.<\/p>\n<\/article>\t\t\t\t\t\t\n\t\t\t<p><a href=\"https:\/\/www.synlab.fr\/oxabio\/nos-opportunites-synlab\/decouvrir-nos-offres\/nos-offres\/\" style=\"--colorCTA:#003765\" target=\"\" class=\"block-texte_image-contenu-cta\">Toutes nos offres<\/a><\/p>\t\t<\/div>\n\t\n\t\n\t\t<div class=\"block-texte_image-illustration order-0\" style=\"--widthImage:40%;\">\n\t\t\t<img decoding=\"async\" src=\"https:\/\/www.synlab.fr\/oxabio\/wp-content\/uploads\/sites\/41\/2023\/10\/entretien-embauche.jpg\" alt=\"entretien-embauche\"\/>\n\t\t<\/div>\n\n\t\n\t\t\n<\/div>\n\n\n\n\n\t\n\t\n\n\n\n<div class=\"container-fluid block-separateur\" style=\"--heightDesk:10px;--heightMob:15px;\">\n\n    \n    \n<\/div>\n\n<div class=\"container block-texte_image\">\n\n\t\t\t<div class=\"block-texte_image-contenu order-0\" style=\"--widthContenu:60%\">\n\t\t\t<h2>Candidature spontan\u00e9e<\/h2>\t\t\t<article><p>Aucune offre ne correspond \u00e0 votre recherche ? Envoyez-nous votre candidature spontan\u00e9e !<\/p>\n<\/article>\t\t\t\t\t\t\n\t\t\t<p><a href=\"https:\/\/www.synlab.fr\/oxabio\/nos-opportunites-synlab\/decouvrir-nos-offres\/candidature-spontanee\/\" style=\"--colorCTA:#003765\" target=\"\" class=\"block-texte_image-contenu-cta\">Je candidate<\/a><\/p>\t\t<\/div>\n\t\n\t\n\t\t<div class=\"block-texte_image-illustration order-1\" style=\"--widthImage:40%;\">\n\t\t\t<img decoding=\"async\" src=\"https:\/\/www.synlab.fr\/oxabio\/wp-content\/uploads\/sites\/41\/2023\/10\/homme-qui-postule-sur-son-telephone.jpg\" alt=\"homme-qui-postule-sur-son-t\u00e9l\u00e9phone\"\/>\n\t\t<\/div>\n\n\t\n\t\t\n<\/div>\n\n\n\n\n\t\n\t\n","protected":false},"excerpt":{"rendered":"","protected":false},"author":13,"featured_media":0,"parent":5407,"menu_order":0,"comment_status":"closed","ping_status":"closed","template":"","meta":{"_acf_changed":false,"footnotes":""},"class_list":["post-5409","page","type-page","status-publish","hentry"],"acf":[],"yoast_head":"<!-- This site is optimized with the Yoast SEO plugin v26.3 - https:\/\/yoast.com\/wordpress\/plugins\/seo\/ -->\n<title>D\u00e9couvrir nos offres - Synlab Oxabio<\/title>\n<meta name=\"robots\" content=\"noindex, follow, max-snippet:-1, max-image-preview:large, max-video-preview:-1\" \/>\n<meta property=\"og:locale\" content=\"fr_FR\" \/>\n<meta property=\"og:type\" content=\"article\" \/>\n<meta property=\"og:title\" content=\"D\u00e9couvrir nos offres - Synlab Oxabio\" \/>\n<meta property=\"og:url\" content=\"https:\/\/www.synlab.fr\/oxabio\/nos-opportunites-synlab\/decouvrir-nos-offres\/\" \/>\n<meta property=\"og:site_name\" content=\"Synlab Oxabio\" \/>\n<meta property=\"article:modified_time\" content=\"2023-10-27T14:20:46+00:00\" \/>\n<meta name=\"twitter:card\" content=\"summary_large_image\" \/>\n<script type=\"application\/ld+json\" class=\"yoast-schema-graph\">{\"@context\":\"https:\/\/schema.org\",\"@graph\":[{\"@type\":\"WebPage\",\"@id\":\"https:\/\/www.synlab.fr\/oxabio\/nos-opportunites-synlab\/decouvrir-nos-offres\/\",\"url\":\"https:\/\/www.synlab.fr\/oxabio\/nos-opportunites-synlab\/decouvrir-nos-offres\/\",\"name\":\"D\u00e9couvrir nos offres - Synlab Oxabio\",\"isPartOf\":{\"@id\":\"https:\/\/www.synlab.fr\/oxabio\/#website\"},\"datePublished\":\"2023-10-09T13:37:28+00:00\",\"dateModified\":\"2023-10-27T14:20:46+00:00\",\"breadcrumb\":{\"@id\":\"https:\/\/www.synlab.fr\/oxabio\/nos-opportunites-synlab\/decouvrir-nos-offres\/#breadcrumb\"},\"inLanguage\":\"fr-FR\",\"potentialAction\":[{\"@type\":\"ReadAction\",\"target\":[\"https:\/\/www.synlab.fr\/oxabio\/nos-opportunites-synlab\/decouvrir-nos-offres\/\"]}]},{\"@type\":\"BreadcrumbList\",\"@id\":\"https:\/\/www.synlab.fr\/oxabio\/nos-opportunites-synlab\/decouvrir-nos-offres\/#breadcrumb\",\"itemListElement\":[{\"@type\":\"ListItem\",\"position\":1,\"name\":\"Home\",\"item\":\"https:\/\/www.synlab.fr\/oxabio\/\"},{\"@type\":\"ListItem\",\"position\":2,\"name\":\"Travailler chez SYNLAB\",\"item\":\"https:\/\/www.synlab.fr\/oxabio\/nos-opportunites-synlab\/\"},{\"@type\":\"ListItem\",\"position\":3,\"name\":\"D\u00e9couvrir nos offres\"}]},{\"@type\":\"WebSite\",\"@id\":\"https:\/\/www.synlab.fr\/oxabio\/#website\",\"url\":\"https:\/\/www.synlab.fr\/oxabio\/\",\"name\":\"Synlab Oxabio\",\"description\":\"Un site utilisant Synlab\",\"potentialAction\":[{\"@type\":\"SearchAction\",\"target\":{\"@type\":\"EntryPoint\",\"urlTemplate\":\"https:\/\/www.synlab.fr\/oxabio\/?s={search_term_string}\"},\"query-input\":{\"@type\":\"PropertyValueSpecification\",\"valueRequired\":true,\"valueName\":\"search_term_string\"}}],\"inLanguage\":\"fr-FR\"}]}<\/script>\n<!-- \/ Yoast SEO plugin. -->","yoast_head_json":{"title":"D\u00e9couvrir nos offres - Synlab Oxabio","robots":{"index":"noindex","follow":"follow","max-snippet":"max-snippet:-1","max-image-preview":"max-image-preview:large","max-video-preview":"max-video-preview:-1"},"og_locale":"fr_FR","og_type":"article","og_title":"D\u00e9couvrir nos offres - Synlab Oxabio","og_url":"https:\/\/www.synlab.fr\/oxabio\/nos-opportunites-synlab\/decouvrir-nos-offres\/","og_site_name":"Synlab Oxabio","article_modified_time":"2023-10-27T14:20:46+00:00","twitter_card":"summary_large_image","schema":{"@context":"https:\/\/schema.org","@graph":[{"@type":"WebPage","@id":"https:\/\/www.synlab.fr\/oxabio\/nos-opportunites-synlab\/decouvrir-nos-offres\/","url":"https:\/\/www.synlab.fr\/oxabio\/nos-opportunites-synlab\/decouvrir-nos-offres\/","name":"D\u00e9couvrir nos offres - Synlab Oxabio","isPartOf":{"@id":"https:\/\/www.synlab.fr\/oxabio\/#website"},"datePublished":"2023-10-09T13:37:28+00:00","dateModified":"2023-10-27T14:20:46+00:00","breadcrumb":{"@id":"https:\/\/www.synlab.fr\/oxabio\/nos-opportunites-synlab\/decouvrir-nos-offres\/#breadcrumb"},"inLanguage":"fr-FR","potentialAction":[{"@type":"ReadAction","target":["https:\/\/www.synlab.fr\/oxabio\/nos-opportunites-synlab\/decouvrir-nos-offres\/"]}]},{"@type":"BreadcrumbList","@id":"https:\/\/www.synlab.fr\/oxabio\/nos-opportunites-synlab\/decouvrir-nos-offres\/#breadcrumb","itemListElement":[{"@type":"ListItem","position":1,"name":"Home","item":"https:\/\/www.synlab.fr\/oxabio\/"},{"@type":"ListItem","position":2,"name":"Travailler chez SYNLAB","item":"https:\/\/www.synlab.fr\/oxabio\/nos-opportunites-synlab\/"},{"@type":"ListItem","position":3,"name":"D\u00e9couvrir nos offres"}]},{"@type":"WebSite","@id":"https:\/\/www.synlab.fr\/oxabio\/#website","url":"https:\/\/www.synlab.fr\/oxabio\/","name":"Synlab Oxabio","description":"Un site utilisant Synlab","potentialAction":[{"@type":"SearchAction","target":{"@type":"EntryPoint","urlTemplate":"https:\/\/www.synlab.fr\/oxabio\/?s={search_term_string}"},"query-input":{"@type":"PropertyValueSpecification","valueRequired":true,"valueName":"search_term_string"}}],"inLanguage":"fr-FR"}]}},"_links":{"self":[{"href":"https:\/\/www.synlab.fr\/oxabio\/wp-json\/wp\/v2\/pages\/5409","targetHints":{"allow":["GET"]}}],"collection":[{"href":"https:\/\/www.synlab.fr\/oxabio\/wp-json\/wp\/v2\/pages"}],"about":[{"href":"https:\/\/www.synlab.fr\/oxabio\/wp-json\/wp\/v2\/types\/page"}],"author":[{"embeddable":true,"href":"https:\/\/www.synlab.fr\/oxabio\/wp-json\/wp\/v2\/users\/13"}],"replies":[{"embeddable":true,"href":"https:\/\/www.synlab.fr\/oxabio\/wp-json\/wp\/v2\/comments?post=5409"}],"version-history":[{"count":5,"href":"https:\/\/www.synlab.fr\/oxabio\/wp-json\/wp\/v2\/pages\/5409\/revisions"}],"predecessor-version":[{"id":5472,"href":"https:\/\/www.synlab.fr\/oxabio\/wp-json\/wp\/v2\/pages\/5409\/revisions\/5472"}],"up":[{"embeddable":true,"href":"https:\/\/www.synlab.fr\/oxabio\/wp-json\/wp\/v2\/pages\/5407"}],"wp:attachment":[{"href":"https:\/\/www.synlab.fr\/oxabio\/wp-json\/wp\/v2\/media?parent=5409"}],"curies":[{"name":"wp","href":"https:\/\/api.w.org\/{rel}","templated":true}]}}