{"id":1274,"date":"2022-08-22T11:41:25","date_gmt":"2022-08-22T09:41:25","guid":{"rendered":"https:\/\/www.synlab.fr\/synlab-nouvelle-aquitaine\/?page_id=1274"},"modified":"2023-05-10T17:27:14","modified_gmt":"2023-05-10T15:27:14","slug":"prelevement-a-domicile","status":"publish","type":"page","link":"https:\/\/www.synlab.fr\/synlab-nouvelle-aquitaine\/patient\/prelevement-a-domicile\/","title":{"rendered":"Pr\u00e9l\u00e8vement \u00e0 domicile"},"content":{"rendered":"<div class=\"container block-texte_image\">\n\n\t\t\t<div class=\"block-texte_image-contenu order-1\" style=\"--widthContenu:100%\">\n\t\t\t\t\t\t<article><p><strong>Votre m\u00e9decin vous a prescrit un pr\u00e9l\u00e8vement \u00e0 r\u00e9aliser \u00e0 domicile, ou bien vous ne pouvez pas vous rendre au laboratoire ?<\/strong><\/p>\n<p>Un(e) infirmier(e) peut se d\u00e9placer chez vous pour r\u00e9aliser cet acte m\u00e9dical.<\/p>\n<p>Si votre ordonnance mentionne un pr\u00e9l\u00e8vement \u00e0 domicile, la prestation sera totalement prise en charge par l\u2019assurance maladie (pas d\u2019avance de frais). Dans le cas contraire, un suppl\u00e9ment pourra vous \u00eatre factur\u00e9.<\/p>\n<p>Pour en savoir plus, (modalit\u00e9s de pr\u00e9l\u00e8vement, prise de rendez-vous, tarif\u2026), nous vous invitons \u00e0 contacter le secr\u00e9tariat du laboratoire.<\/p>\n<p>Nous vous recommandons de nous contacter plusieurs jours avant la date de rendez-vous souhait\u00e9e.<\/p>\n<p>&nbsp;<\/p>\n<\/article>\t\t\t\t\t\t\n\t\t\t<p><a href=\"https:\/\/www.synlab.fr\/synlab-nouvelle-aquitaine\/trouver-un-laboratoire\/?services=rdv-domicile\" style=\"--colorCTA:#003765\" target=\"\" class=\"block-texte_image-contenu-cta\">Trouver le laboratoire SYNLAB le plus proche de chez vous <\/a><\/p>\t\t<\/div>\n\t\n\t\n\t\t\n<\/div>\n\n\n\n\n\t\n\t\n","protected":false},"excerpt":{"rendered":"","protected":false},"author":13,"featured_media":712,"parent":18,"menu_order":3,"comment_status":"closed","ping_status":"closed","template":"","meta":{"_acf_changed":false,"footnotes":""},"class_list":["post-1274","page","type-page","status-publish","has-post-thumbnail","hentry"],"acf":[],"yoast_head":"<!-- This site is optimized with the Yoast SEO plugin v26.3 - https:\/\/yoast.com\/wordpress\/plugins\/seo\/ -->\n<title>SYNLAB NA propose de r\u00e9aliser vos pr\u00e9l\u00e8vements \u00e0 domicile<\/title>\n<meta name=\"description\" content=\"Votre m\u00e9decin vous a prescrit un pr\u00e9l\u00e8vement \u00e0 r\u00e9aliser \u00e0 domicile, ou bien vous ne pouvez pas vous rendre au laboratoire ? Un(e) infirmier(e) peut se d\u00e9placer chez vous pour r\u00e9aliser cet acte m\u00e9dical.\" \/>\n<meta name=\"robots\" content=\"noindex, follow, max-snippet:-1, max-image-preview:large, max-video-preview:-1\" \/>\n<meta property=\"og:locale\" content=\"fr_FR\" \/>\n<meta property=\"og:type\" content=\"article\" \/>\n<meta property=\"og:title\" content=\"SYNLAB NA propose de r\u00e9aliser vos pr\u00e9l\u00e8vements \u00e0 domicile\" \/>\n<meta property=\"og:description\" content=\"Votre m\u00e9decin vous a prescrit un pr\u00e9l\u00e8vement \u00e0 r\u00e9aliser \u00e0 domicile, ou bien vous ne pouvez pas vous rendre au laboratoire ? Un(e) infirmier(e) peut se d\u00e9placer chez vous pour r\u00e9aliser cet acte m\u00e9dical.\" \/>\n<meta property=\"og:url\" content=\"https:\/\/www.synlab.fr\/clone\/synlab-nouvelle-aquitaine\/patient\/prelevement-a-domicile\/\" \/>\n<meta property=\"og:site_name\" content=\"Synlab Nouvelle-Aquitaine\" \/>\n<meta property=\"article:modified_time\" content=\"2023-05-10T15:27:14+00:00\" \/>\n<meta property=\"og:image\" content=\"https:\/\/www.synlab.fr\/clone\/synlab-nouvelle-aquitaine\/wp-content\/uploads\/sites\/45\/2022\/08\/csm_Analyse-prise-de-sang_473f6198a4.jpeg\" \/>\n\t<meta property=\"og:image:width\" content=\"285\" \/>\n\t<meta property=\"og:image:height\" content=\"190\" \/>\n\t<meta property=\"og:image:type\" content=\"image\/jpeg\" \/>\n<meta name=\"twitter:card\" content=\"summary_large_image\" \/>\n<script type=\"application\/ld+json\" class=\"yoast-schema-graph\">{\"@context\":\"https:\/\/schema.org\",\"@graph\":[{\"@type\":\"WebPage\",\"@id\":\"https:\/\/www.synlab.fr\/clone\/synlab-nouvelle-aquitaine\/patient\/prelevement-a-domicile\/\",\"url\":\"https:\/\/www.synlab.fr\/clone\/synlab-nouvelle-aquitaine\/patient\/prelevement-a-domicile\/\",\"name\":\"SYNLAB NA propose de r\u00e9aliser vos pr\u00e9l\u00e8vements \u00e0 domicile\",\"isPartOf\":{\"@id\":\"https:\/\/www.synlab.fr\/synlab-nouvelle-aquitaine\/#website\"},\"primaryImageOfPage\":{\"@id\":\"https:\/\/www.synlab.fr\/clone\/synlab-nouvelle-aquitaine\/patient\/prelevement-a-domicile\/#primaryimage\"},\"image\":{\"@id\":\"https:\/\/www.synlab.fr\/clone\/synlab-nouvelle-aquitaine\/patient\/prelevement-a-domicile\/#primaryimage\"},\"thumbnailUrl\":\"https:\/\/www.synlab.fr\/synlab-nouvelle-aquitaine\/wp-content\/uploads\/sites\/45\/2022\/08\/csm_Analyse-prise-de-sang_473f6198a4.jpeg\",\"datePublished\":\"2022-08-22T09:41:25+00:00\",\"dateModified\":\"2023-05-10T15:27:14+00:00\",\"description\":\"Votre m\u00e9decin vous a prescrit un pr\u00e9l\u00e8vement \u00e0 r\u00e9aliser \u00e0 domicile, ou bien vous ne pouvez pas vous rendre au laboratoire ? Un(e) infirmier(e) peut se d\u00e9placer chez vous pour r\u00e9aliser cet acte m\u00e9dical.\",\"breadcrumb\":{\"@id\":\"https:\/\/www.synlab.fr\/clone\/synlab-nouvelle-aquitaine\/patient\/prelevement-a-domicile\/#breadcrumb\"},\"inLanguage\":\"fr-FR\",\"potentialAction\":[{\"@type\":\"ReadAction\",\"target\":[\"https:\/\/www.synlab.fr\/clone\/synlab-nouvelle-aquitaine\/patient\/prelevement-a-domicile\/\"]}]},{\"@type\":\"ImageObject\",\"inLanguage\":\"fr-FR\",\"@id\":\"https:\/\/www.synlab.fr\/clone\/synlab-nouvelle-aquitaine\/patient\/prelevement-a-domicile\/#primaryimage\",\"url\":\"https:\/\/www.synlab.fr\/synlab-nouvelle-aquitaine\/wp-content\/uploads\/sites\/45\/2022\/08\/csm_Analyse-prise-de-sang_473f6198a4.jpeg\",\"contentUrl\":\"https:\/\/www.synlab.fr\/synlab-nouvelle-aquitaine\/wp-content\/uploads\/sites\/45\/2022\/08\/csm_Analyse-prise-de-sang_473f6198a4.jpeg\",\"width\":285,\"height\":190,\"caption\":\"Un pr\u00e9leveur qui r\u00e9alise un prise de sang aupr\u00e8s d'un patient\"},{\"@type\":\"BreadcrumbList\",\"@id\":\"https:\/\/www.synlab.fr\/clone\/synlab-nouvelle-aquitaine\/patient\/prelevement-a-domicile\/#breadcrumb\",\"itemListElement\":[{\"@type\":\"ListItem\",\"position\":1,\"name\":\"Home\",\"item\":\"https:\/\/www.synlab.fr\/synlab-nouvelle-aquitaine\/\"},{\"@type\":\"ListItem\",\"position\":2,\"name\":\"Espace patient\",\"item\":\"https:\/\/www.synlab.fr\/clone\/synlab-nouvelle-aquitaine\/patient\/\"},{\"@type\":\"ListItem\",\"position\":3,\"name\":\"Pr\u00e9l\u00e8vement \u00e0 domicile\"}]},{\"@type\":\"WebSite\",\"@id\":\"https:\/\/www.synlab.fr\/synlab-nouvelle-aquitaine\/#website\",\"url\":\"https:\/\/www.synlab.fr\/synlab-nouvelle-aquitaine\/\",\"name\":\"Synlab Nouvelle-Aquitaine\",\"description\":\"Un site utilisant Synlab\",\"potentialAction\":[{\"@type\":\"SearchAction\",\"target\":{\"@type\":\"EntryPoint\",\"urlTemplate\":\"https:\/\/www.synlab.fr\/synlab-nouvelle-aquitaine\/?s={search_term_string}\"},\"query-input\":{\"@type\":\"PropertyValueSpecification\",\"valueRequired\":true,\"valueName\":\"search_term_string\"}}],\"inLanguage\":\"fr-FR\"}]}<\/script>\n<!-- \/ Yoast SEO plugin. -->","yoast_head_json":{"title":"SYNLAB NA propose de r\u00e9aliser vos pr\u00e9l\u00e8vements \u00e0 domicile","description":"Votre m\u00e9decin vous a prescrit un pr\u00e9l\u00e8vement \u00e0 r\u00e9aliser \u00e0 domicile, ou bien vous ne pouvez pas vous rendre au laboratoire ? Un(e) infirmier(e) peut se d\u00e9placer chez vous pour r\u00e9aliser cet acte m\u00e9dical.","robots":{"index":"noindex","follow":"follow","max-snippet":"max-snippet:-1","max-image-preview":"max-image-preview:large","max-video-preview":"max-video-preview:-1"},"og_locale":"fr_FR","og_type":"article","og_title":"SYNLAB NA propose de r\u00e9aliser vos pr\u00e9l\u00e8vements \u00e0 domicile","og_description":"Votre m\u00e9decin vous a prescrit un pr\u00e9l\u00e8vement \u00e0 r\u00e9aliser \u00e0 domicile, ou bien vous ne pouvez pas vous rendre au laboratoire ? Un(e) infirmier(e) peut se d\u00e9placer chez vous pour r\u00e9aliser cet acte m\u00e9dical.","og_url":"https:\/\/www.synlab.fr\/clone\/synlab-nouvelle-aquitaine\/patient\/prelevement-a-domicile\/","og_site_name":"Synlab Nouvelle-Aquitaine","article_modified_time":"2023-05-10T15:27:14+00:00","og_image":[{"width":285,"height":190,"url":"https:\/\/www.synlab.fr\/clone\/synlab-nouvelle-aquitaine\/wp-content\/uploads\/sites\/45\/2022\/08\/csm_Analyse-prise-de-sang_473f6198a4.jpeg","type":"image\/jpeg"}],"twitter_card":"summary_large_image","schema":{"@context":"https:\/\/schema.org","@graph":[{"@type":"WebPage","@id":"https:\/\/www.synlab.fr\/clone\/synlab-nouvelle-aquitaine\/patient\/prelevement-a-domicile\/","url":"https:\/\/www.synlab.fr\/clone\/synlab-nouvelle-aquitaine\/patient\/prelevement-a-domicile\/","name":"SYNLAB NA propose de r\u00e9aliser vos pr\u00e9l\u00e8vements \u00e0 domicile","isPartOf":{"@id":"https:\/\/www.synlab.fr\/synlab-nouvelle-aquitaine\/#website"},"primaryImageOfPage":{"@id":"https:\/\/www.synlab.fr\/clone\/synlab-nouvelle-aquitaine\/patient\/prelevement-a-domicile\/#primaryimage"},"image":{"@id":"https:\/\/www.synlab.fr\/clone\/synlab-nouvelle-aquitaine\/patient\/prelevement-a-domicile\/#primaryimage"},"thumbnailUrl":"https:\/\/www.synlab.fr\/synlab-nouvelle-aquitaine\/wp-content\/uploads\/sites\/45\/2022\/08\/csm_Analyse-prise-de-sang_473f6198a4.jpeg","datePublished":"2022-08-22T09:41:25+00:00","dateModified":"2023-05-10T15:27:14+00:00","description":"Votre m\u00e9decin vous a prescrit un pr\u00e9l\u00e8vement \u00e0 r\u00e9aliser \u00e0 domicile, ou bien vous ne pouvez pas vous rendre au laboratoire ? Un(e) infirmier(e) peut se d\u00e9placer chez vous pour r\u00e9aliser cet acte m\u00e9dical.","breadcrumb":{"@id":"https:\/\/www.synlab.fr\/clone\/synlab-nouvelle-aquitaine\/patient\/prelevement-a-domicile\/#breadcrumb"},"inLanguage":"fr-FR","potentialAction":[{"@type":"ReadAction","target":["https:\/\/www.synlab.fr\/clone\/synlab-nouvelle-aquitaine\/patient\/prelevement-a-domicile\/"]}]},{"@type":"ImageObject","inLanguage":"fr-FR","@id":"https:\/\/www.synlab.fr\/clone\/synlab-nouvelle-aquitaine\/patient\/prelevement-a-domicile\/#primaryimage","url":"https:\/\/www.synlab.fr\/synlab-nouvelle-aquitaine\/wp-content\/uploads\/sites\/45\/2022\/08\/csm_Analyse-prise-de-sang_473f6198a4.jpeg","contentUrl":"https:\/\/www.synlab.fr\/synlab-nouvelle-aquitaine\/wp-content\/uploads\/sites\/45\/2022\/08\/csm_Analyse-prise-de-sang_473f6198a4.jpeg","width":285,"height":190,"caption":"Un pr\u00e9leveur qui r\u00e9alise un prise de sang aupr\u00e8s d'un patient"},{"@type":"BreadcrumbList","@id":"https:\/\/www.synlab.fr\/clone\/synlab-nouvelle-aquitaine\/patient\/prelevement-a-domicile\/#breadcrumb","itemListElement":[{"@type":"ListItem","position":1,"name":"Home","item":"https:\/\/www.synlab.fr\/synlab-nouvelle-aquitaine\/"},{"@type":"ListItem","position":2,"name":"Espace patient","item":"https:\/\/www.synlab.fr\/clone\/synlab-nouvelle-aquitaine\/patient\/"},{"@type":"ListItem","position":3,"name":"Pr\u00e9l\u00e8vement \u00e0 domicile"}]},{"@type":"WebSite","@id":"https:\/\/www.synlab.fr\/synlab-nouvelle-aquitaine\/#website","url":"https:\/\/www.synlab.fr\/synlab-nouvelle-aquitaine\/","name":"Synlab Nouvelle-Aquitaine","description":"Un site utilisant Synlab","potentialAction":[{"@type":"SearchAction","target":{"@type":"EntryPoint","urlTemplate":"https:\/\/www.synlab.fr\/synlab-nouvelle-aquitaine\/?s={search_term_string}"},"query-input":{"@type":"PropertyValueSpecification","valueRequired":true,"valueName":"search_term_string"}}],"inLanguage":"fr-FR"}]}},"_links":{"self":[{"href":"https:\/\/www.synlab.fr\/synlab-nouvelle-aquitaine\/wp-json\/wp\/v2\/pages\/1274","targetHints":{"allow":["GET"]}}],"collection":[{"href":"https:\/\/www.synlab.fr\/synlab-nouvelle-aquitaine\/wp-json\/wp\/v2\/pages"}],"about":[{"href":"https:\/\/www.synlab.fr\/synlab-nouvelle-aquitaine\/wp-json\/wp\/v2\/types\/page"}],"author":[{"embeddable":true,"href":"https:\/\/www.synlab.fr\/synlab-nouvelle-aquitaine\/wp-json\/wp\/v2\/users\/13"}],"replies":[{"embeddable":true,"href":"https:\/\/www.synlab.fr\/synlab-nouvelle-aquitaine\/wp-json\/wp\/v2\/comments?post=1274"}],"version-history":[{"count":14,"href":"https:\/\/www.synlab.fr\/synlab-nouvelle-aquitaine\/wp-json\/wp\/v2\/pages\/1274\/revisions"}],"predecessor-version":[{"id":5818,"href":"https:\/\/www.synlab.fr\/synlab-nouvelle-aquitaine\/wp-json\/wp\/v2\/pages\/1274\/revisions\/5818"}],"up":[{"embeddable":true,"href":"https:\/\/www.synlab.fr\/synlab-nouvelle-aquitaine\/wp-json\/wp\/v2\/pages\/18"}],"wp:featuredmedia":[{"embeddable":true,"href":"https:\/\/www.synlab.fr\/synlab-nouvelle-aquitaine\/wp-json\/wp\/v2\/media\/712"}],"wp:attachment":[{"href":"https:\/\/www.synlab.fr\/synlab-nouvelle-aquitaine\/wp-json\/wp\/v2\/media?parent=1274"}],"curies":[{"name":"wp","href":"https:\/\/api.w.org\/{rel}","templated":true}]}}