{"id":1280,"date":"2022-08-22T11:47:12","date_gmt":"2022-08-22T09:47:12","guid":{"rendered":"https:\/\/www.synlab.fr\/synlab-nouvelle-aquitaine\/?page_id=1280"},"modified":"2023-07-03T17:11:35","modified_gmt":"2023-07-03T15:11:35","slug":"a-propos-des-analyses-medicales","status":"publish","type":"page","link":"https:\/\/www.synlab.fr\/synlab-nouvelle-aquitaine\/patient\/a-propos-des-analyses-medicales\/","title":{"rendered":"A propos des analyses m\u00e9dicales"},"content":{"rendered":"<div class=\"container block-texte_image\">\n\n\t\t\t<div class=\"block-texte_image-contenu order-1\" style=\"--widthContenu:50%\">\n\t\t\t<h2>Remboursements<\/h2>\t\t\t<article><p>Quelles sont les conditions pour \u00eatre \u00e9ligible aux remboursements de vos analyses ?<\/p>\n<p>La plupart des examens et analyses m\u00e9dicales sont rembours\u00e9s par la S\u00e9curit\u00e9 sociale.<\/p>\n<p>Pour les analyses rembours\u00e9es : si vous \u00eates assur\u00e9 social, vous b\u00e9n\u00e9ficiez du tiers payant et vous ne faites pas d\u2019avance de frais. Vous avez juste \u00e0 pr\u00e9senter votre ordonnance, votre carte vitale et votre carte de mutuelle.<\/p>\n<p>Pour les analyses non rembours\u00e9es (dites \u201chors nomenclatures\u201d) : nous vous en informerons et vous indiquerons le montant \u00e0 r\u00e9gler sur place.<\/p>\n<p>Plus d\u2019infos sur le site\u00a0<a href=\"https:\/\/www.ameli.fr\/creuse\/assure\">AMELI<\/a><\/p>\n<\/article>\t\t\t\t\t\t\n\t\t\t\t\t<\/div>\n\t\n\t\n\t\t<div class=\"block-texte_image-illustration order-0\" style=\"--widthImage:50%;\">\n\t\t\t<img decoding=\"async\" src=\"https:\/\/www.synlab.fr\/synlab-nouvelle-aquitaine\/wp-content\/uploads\/sites\/45\/2022\/09\/gabrielle-henderson-HJckKnwCXxQ-unsplash-e1681475778500.jpg\" alt=\"gabrielle-henderson-HJckKnwCXxQ-unsplash\"\/>\n\t\t<\/div>\n\n\t\n\t\t\n<\/div>\n\n\n\n\n\t\n\t\n\n\n\n<div class=\"container-fluid block-separateur\" style=\"--heightDesk:30px;--heightMob:20px;\">\n\n    \n    \n<\/div>\n\n<div class=\"container block-texte_image\">\n\n\t\t\t<div class=\"block-texte_image-contenu order-0\" style=\"--widthContenu:50%\">\n\t\t\t<h2>Avec mySYNLAB, consultez vos r\u00e9sultats en ligne<\/h2>\t\t\t<article><p><i>mySYNLAB<\/i>\u00a0est votre espace patient, personnel et s\u00e9curis\u00e9, o\u00f9 sont stock\u00e9s vos comptes-rendus d\u2019analyses r\u00e9alis\u00e9es par votre laboratoire SYNLAB. Avec les identifiants et mot de passe personnels remis par le laboratoire, vous pouvez vous connecter 7J\/7 et 24h\/24, partout depuis un ordinateur, une tablette ou un smartphone.<\/p>\n<p>Pratique quand le labo est ferm\u00e9, quand on ne peut pas se d\u00e9placer ou si l\u2019on vit loin du labo !<\/p>\n<p>&nbsp;<\/p>\n<p><strong>Comment \u00e7a marche ?<\/strong><\/p>\n<ul>\n<li>Le jour de votre pr\u00e9l\u00e8vement, votre laboratoire SYNLAB vous remet une carte avec votre identifiant patient.<\/li>\n<li>Une fois analyses pr\u00eates et valid\u00e9es par un biologiste, elles sont disponibles sur votre espace mySYNLAB.<\/li>\n<li>Connectez-vous gr\u00e2ce aux identifiants fournis par votre laboratoire.<\/li>\n<li>Consultez ou t\u00e9l\u00e9chargez vos comptes rendus d&rsquo;analyses. Si vous avez r\u00e9alis\u00e9 vos analyses sur ordonnance, une copie des r\u00e9sultats est envoy\u00e9e \u00e0 votre m\u00e9decin prescripteur.<\/li>\n<\/ul>\n<p>&nbsp;<\/p>\n<p>Avec mySYNLAB, vous retrouvez l\u2019historique de vos r\u00e9sultats sous forme de tableau ou de graphique.<\/p>\n<p>&nbsp;<\/p>\n<p><strong>Une question sur un r\u00e9sultat ?<\/strong><br \/>\nContactez le secr\u00e9tariat ou un biologiste du laboratoire.<\/p>\n<\/article>\t\t\t\t\t\t\n\t\t\t<p><a href=\"https:\/\/www.synlab.fr\/synlab-nouvelle-aquitaine\/patient\/a-propos-des-analyses-medicales\/vos-resultats-en-ligne-avec-mysynlab\/\" style=\"--colorCTA:#003765\" target=\"\" class=\"block-texte_image-contenu-cta\">Consulter vos r\u00e9sultats<\/a><\/p>\t\t<\/div>\n\t\n\t\n\t\t<div class=\"block-texte_image-illustration order-1\" style=\"--widthImage:50%;\">\n\t\t\t<img decoding=\"async\" src=\"https:\/\/www.synlab.fr\/synlab-nouvelle-aquitaine\/wp-content\/uploads\/sites\/45\/2022\/09\/mains-femme-ordinateur_Par-BullRun_AdobeStock-V2.jpeg\" alt=\"mains-femme-ordinateur_Par BullRun_AdobeStock-V2\"\/>\n\t\t<\/div>\n\n\t\n\t\t\n<\/div>\n\n\n\n\n\t\n\t\n\n\n\n<div class=\"container-fluid block-separateur\" style=\"--heightDesk:30px;--heightMob:20px;\">\n\n    \n    \n<\/div>\n\n<div class=\"container block-texte_image\">\n\n\t\t\t<div class=\"block-texte_image-contenu order-1\" style=\"--widthContenu:100%\">\n\t\t\t<h3>Des difficult\u00e9s \u00e0 acc\u00e9der \u00e0 mySYNLAB ?<\/h3>\t\t\t<article><p>Trouvez votre r\u00e9ponse en consultant notre notre <a href=\"https:\/\/www.synlab.fr\/questions-frequentes\/faq\/\" target=\"_blank\" rel=\"noopener\">page d\u00e9di\u00e9e<\/a>.<\/p>\n<\/article>\t\t\t\t\t\t\n\t\t\t<p><a href=\"https:\/\/www.synlab.fr\/synlab-nouvelle-aquitaine\/patient\/a-propos-des-analyses-medicales\/faq-mysynlab\/\" style=\"--colorCTA:#003765\" target=\"\" class=\"block-texte_image-contenu-cta\">Voir notre FAQ<\/a><\/p>\t\t<\/div>\n\t\n\t\n\t\t\n<\/div>\n\n\n\n\n\t\n\t\n","protected":false},"excerpt":{"rendered":"","protected":false},"author":13,"featured_media":3671,"parent":18,"menu_order":2,"comment_status":"closed","ping_status":"closed","template":"","meta":{"_acf_changed":false,"footnotes":""},"class_list":["post-1280","page","type-page","status-publish","has-post-thumbnail","hentry"],"acf":[],"yoast_head":"<!-- This site is optimized with the Yoast SEO plugin v26.3 - https:\/\/yoast.com\/wordpress\/plugins\/seo\/ -->\n<title>SYNLAB Nouvelle-Aquitaine - A propos de vos analyses m\u00e9dicales<\/title>\n<meta name=\"description\" content=\"Retrouvez ici toutes les informations relatives \u00e0 vos r\u00e9sultats d&#039;analyses m\u00e9dicales : les moyens de transmission, les remboursements, et une foire aux questions sur My Synlab, votre espace s\u00e9curis\u00e9 pour acc\u00e9der \u00e0 vos r\u00e9sultats en ligne.\" \/>\n<meta name=\"robots\" content=\"noindex, follow, max-snippet:-1, max-image-preview:large, max-video-preview:-1\" \/>\n<meta property=\"og:locale\" content=\"fr_FR\" \/>\n<meta property=\"og:type\" content=\"article\" \/>\n<meta property=\"og:title\" content=\"SYNLAB Nouvelle-Aquitaine - A propos de vos analyses m\u00e9dicales\" \/>\n<meta property=\"og:description\" content=\"Retrouvez ici toutes les informations relatives \u00e0 vos r\u00e9sultats d&#039;analyses m\u00e9dicales : les moyens de transmission, les remboursements, et une foire aux questions sur My Synlab, votre espace s\u00e9curis\u00e9 pour acc\u00e9der \u00e0 vos r\u00e9sultats en ligne.\" \/>\n<meta property=\"og:url\" content=\"https:\/\/www.synlab.fr\/clone\/synlab-nouvelle-aquitaine\/patient\/a-propos-des-analyses-medicales\/\" \/>\n<meta property=\"og:site_name\" content=\"Synlab Nouvelle-Aquitaine\" \/>\n<meta property=\"article:modified_time\" content=\"2023-07-03T15:11:35+00:00\" \/>\n<meta property=\"og:image\" content=\"https:\/\/www.synlab.fr\/clone\/synlab-nouvelle-aquitaine\/wp-content\/uploads\/sites\/45\/2022\/10\/logo-synlab.png\" \/>\n\t<meta property=\"og:image:width\" content=\"1278\" \/>\n\t<meta property=\"og:image:height\" content=\"717\" \/>\n\t<meta property=\"og:image:type\" content=\"image\/png\" \/>\n<meta name=\"twitter:card\" content=\"summary_large_image\" \/>\n<script type=\"application\/ld+json\" class=\"yoast-schema-graph\">{\"@context\":\"https:\/\/schema.org\",\"@graph\":[{\"@type\":\"WebPage\",\"@id\":\"https:\/\/www.synlab.fr\/clone\/synlab-nouvelle-aquitaine\/patient\/a-propos-des-analyses-medicales\/\",\"url\":\"https:\/\/www.synlab.fr\/clone\/synlab-nouvelle-aquitaine\/patient\/a-propos-des-analyses-medicales\/\",\"name\":\"SYNLAB Nouvelle-Aquitaine - A propos de vos analyses m\u00e9dicales\",\"isPartOf\":{\"@id\":\"https:\/\/www.synlab.fr\/synlab-nouvelle-aquitaine\/#website\"},\"primaryImageOfPage\":{\"@id\":\"https:\/\/www.synlab.fr\/clone\/synlab-nouvelle-aquitaine\/patient\/a-propos-des-analyses-medicales\/#primaryimage\"},\"image\":{\"@id\":\"https:\/\/www.synlab.fr\/clone\/synlab-nouvelle-aquitaine\/patient\/a-propos-des-analyses-medicales\/#primaryimage\"},\"thumbnailUrl\":\"https:\/\/www.synlab.fr\/synlab-nouvelle-aquitaine\/wp-content\/uploads\/sites\/45\/2022\/10\/logo-synlab.png\",\"datePublished\":\"2022-08-22T09:47:12+00:00\",\"dateModified\":\"2023-07-03T15:11:35+00:00\",\"description\":\"Retrouvez ici toutes les informations relatives \u00e0 vos r\u00e9sultats d'analyses m\u00e9dicales : les moyens de transmission, les remboursements, et une foire aux questions sur My Synlab, votre espace s\u00e9curis\u00e9 pour acc\u00e9der \u00e0 vos r\u00e9sultats en ligne.\",\"breadcrumb\":{\"@id\":\"https:\/\/www.synlab.fr\/clone\/synlab-nouvelle-aquitaine\/patient\/a-propos-des-analyses-medicales\/#breadcrumb\"},\"inLanguage\":\"fr-FR\",\"potentialAction\":[{\"@type\":\"ReadAction\",\"target\":[\"https:\/\/www.synlab.fr\/clone\/synlab-nouvelle-aquitaine\/patient\/a-propos-des-analyses-medicales\/\"]}]},{\"@type\":\"ImageObject\",\"inLanguage\":\"fr-FR\",\"@id\":\"https:\/\/www.synlab.fr\/clone\/synlab-nouvelle-aquitaine\/patient\/a-propos-des-analyses-medicales\/#primaryimage\",\"url\":\"https:\/\/www.synlab.fr\/synlab-nouvelle-aquitaine\/wp-content\/uploads\/sites\/45\/2022\/10\/logo-synlab.png\",\"contentUrl\":\"https:\/\/www.synlab.fr\/synlab-nouvelle-aquitaine\/wp-content\/uploads\/sites\/45\/2022\/10\/logo-synlab.png\",\"width\":1278,\"height\":717,\"caption\":\"Logo bleu SYNLAB\"},{\"@type\":\"BreadcrumbList\",\"@id\":\"https:\/\/www.synlab.fr\/clone\/synlab-nouvelle-aquitaine\/patient\/a-propos-des-analyses-medicales\/#breadcrumb\",\"itemListElement\":[{\"@type\":\"ListItem\",\"position\":1,\"name\":\"Home\",\"item\":\"https:\/\/www.synlab.fr\/synlab-nouvelle-aquitaine\/\"},{\"@type\":\"ListItem\",\"position\":2,\"name\":\"Espace patient\",\"item\":\"https:\/\/www.synlab.fr\/clone\/synlab-nouvelle-aquitaine\/patient\/\"},{\"@type\":\"ListItem\",\"position\":3,\"name\":\"A propos des analyses m\u00e9dicales\"}]},{\"@type\":\"WebSite\",\"@id\":\"https:\/\/www.synlab.fr\/synlab-nouvelle-aquitaine\/#website\",\"url\":\"https:\/\/www.synlab.fr\/synlab-nouvelle-aquitaine\/\",\"name\":\"Synlab Nouvelle-Aquitaine\",\"description\":\"Un site utilisant Synlab\",\"potentialAction\":[{\"@type\":\"SearchAction\",\"target\":{\"@type\":\"EntryPoint\",\"urlTemplate\":\"https:\/\/www.synlab.fr\/synlab-nouvelle-aquitaine\/?s={search_term_string}\"},\"query-input\":{\"@type\":\"PropertyValueSpecification\",\"valueRequired\":true,\"valueName\":\"search_term_string\"}}],\"inLanguage\":\"fr-FR\"}]}<\/script>\n<!-- \/ Yoast SEO plugin. -->","yoast_head_json":{"title":"SYNLAB Nouvelle-Aquitaine - A propos de vos analyses m\u00e9dicales","description":"Retrouvez ici toutes les informations relatives \u00e0 vos r\u00e9sultats d'analyses m\u00e9dicales : les moyens de transmission, les remboursements, et une foire aux questions sur My Synlab, votre espace s\u00e9curis\u00e9 pour acc\u00e9der \u00e0 vos r\u00e9sultats en ligne.","robots":{"index":"noindex","follow":"follow","max-snippet":"max-snippet:-1","max-image-preview":"max-image-preview:large","max-video-preview":"max-video-preview:-1"},"og_locale":"fr_FR","og_type":"article","og_title":"SYNLAB Nouvelle-Aquitaine - A propos de vos analyses m\u00e9dicales","og_description":"Retrouvez ici toutes les informations relatives \u00e0 vos r\u00e9sultats d'analyses m\u00e9dicales : les moyens de transmission, les remboursements, et une foire aux questions sur My Synlab, votre espace s\u00e9curis\u00e9 pour acc\u00e9der \u00e0 vos r\u00e9sultats en ligne.","og_url":"https:\/\/www.synlab.fr\/clone\/synlab-nouvelle-aquitaine\/patient\/a-propos-des-analyses-medicales\/","og_site_name":"Synlab Nouvelle-Aquitaine","article_modified_time":"2023-07-03T15:11:35+00:00","og_image":[{"width":1278,"height":717,"url":"https:\/\/www.synlab.fr\/clone\/synlab-nouvelle-aquitaine\/wp-content\/uploads\/sites\/45\/2022\/10\/logo-synlab.png","type":"image\/png"}],"twitter_card":"summary_large_image","schema":{"@context":"https:\/\/schema.org","@graph":[{"@type":"WebPage","@id":"https:\/\/www.synlab.fr\/clone\/synlab-nouvelle-aquitaine\/patient\/a-propos-des-analyses-medicales\/","url":"https:\/\/www.synlab.fr\/clone\/synlab-nouvelle-aquitaine\/patient\/a-propos-des-analyses-medicales\/","name":"SYNLAB Nouvelle-Aquitaine - A propos de vos analyses m\u00e9dicales","isPartOf":{"@id":"https:\/\/www.synlab.fr\/synlab-nouvelle-aquitaine\/#website"},"primaryImageOfPage":{"@id":"https:\/\/www.synlab.fr\/clone\/synlab-nouvelle-aquitaine\/patient\/a-propos-des-analyses-medicales\/#primaryimage"},"image":{"@id":"https:\/\/www.synlab.fr\/clone\/synlab-nouvelle-aquitaine\/patient\/a-propos-des-analyses-medicales\/#primaryimage"},"thumbnailUrl":"https:\/\/www.synlab.fr\/synlab-nouvelle-aquitaine\/wp-content\/uploads\/sites\/45\/2022\/10\/logo-synlab.png","datePublished":"2022-08-22T09:47:12+00:00","dateModified":"2023-07-03T15:11:35+00:00","description":"Retrouvez ici toutes les informations relatives \u00e0 vos r\u00e9sultats d'analyses m\u00e9dicales : les moyens de transmission, les remboursements, et une foire aux questions sur My Synlab, votre espace s\u00e9curis\u00e9 pour acc\u00e9der \u00e0 vos r\u00e9sultats en ligne.","breadcrumb":{"@id":"https:\/\/www.synlab.fr\/clone\/synlab-nouvelle-aquitaine\/patient\/a-propos-des-analyses-medicales\/#breadcrumb"},"inLanguage":"fr-FR","potentialAction":[{"@type":"ReadAction","target":["https:\/\/www.synlab.fr\/clone\/synlab-nouvelle-aquitaine\/patient\/a-propos-des-analyses-medicales\/"]}]},{"@type":"ImageObject","inLanguage":"fr-FR","@id":"https:\/\/www.synlab.fr\/clone\/synlab-nouvelle-aquitaine\/patient\/a-propos-des-analyses-medicales\/#primaryimage","url":"https:\/\/www.synlab.fr\/synlab-nouvelle-aquitaine\/wp-content\/uploads\/sites\/45\/2022\/10\/logo-synlab.png","contentUrl":"https:\/\/www.synlab.fr\/synlab-nouvelle-aquitaine\/wp-content\/uploads\/sites\/45\/2022\/10\/logo-synlab.png","width":1278,"height":717,"caption":"Logo bleu SYNLAB"},{"@type":"BreadcrumbList","@id":"https:\/\/www.synlab.fr\/clone\/synlab-nouvelle-aquitaine\/patient\/a-propos-des-analyses-medicales\/#breadcrumb","itemListElement":[{"@type":"ListItem","position":1,"name":"Home","item":"https:\/\/www.synlab.fr\/synlab-nouvelle-aquitaine\/"},{"@type":"ListItem","position":2,"name":"Espace patient","item":"https:\/\/www.synlab.fr\/clone\/synlab-nouvelle-aquitaine\/patient\/"},{"@type":"ListItem","position":3,"name":"A propos des analyses m\u00e9dicales"}]},{"@type":"WebSite","@id":"https:\/\/www.synlab.fr\/synlab-nouvelle-aquitaine\/#website","url":"https:\/\/www.synlab.fr\/synlab-nouvelle-aquitaine\/","name":"Synlab Nouvelle-Aquitaine","description":"Un site utilisant Synlab","potentialAction":[{"@type":"SearchAction","target":{"@type":"EntryPoint","urlTemplate":"https:\/\/www.synlab.fr\/synlab-nouvelle-aquitaine\/?s={search_term_string}"},"query-input":{"@type":"PropertyValueSpecification","valueRequired":true,"valueName":"search_term_string"}}],"inLanguage":"fr-FR"}]}},"_links":{"self":[{"href":"https:\/\/www.synlab.fr\/synlab-nouvelle-aquitaine\/wp-json\/wp\/v2\/pages\/1280","targetHints":{"allow":["GET"]}}],"collection":[{"href":"https:\/\/www.synlab.fr\/synlab-nouvelle-aquitaine\/wp-json\/wp\/v2\/pages"}],"about":[{"href":"https:\/\/www.synlab.fr\/synlab-nouvelle-aquitaine\/wp-json\/wp\/v2\/types\/page"}],"author":[{"embeddable":true,"href":"https:\/\/www.synlab.fr\/synlab-nouvelle-aquitaine\/wp-json\/wp\/v2\/users\/13"}],"replies":[{"embeddable":true,"href":"https:\/\/www.synlab.fr\/synlab-nouvelle-aquitaine\/wp-json\/wp\/v2\/comments?post=1280"}],"version-history":[{"count":35,"href":"https:\/\/www.synlab.fr\/synlab-nouvelle-aquitaine\/wp-json\/wp\/v2\/pages\/1280\/revisions"}],"predecessor-version":[{"id":6134,"href":"https:\/\/www.synlab.fr\/synlab-nouvelle-aquitaine\/wp-json\/wp\/v2\/pages\/1280\/revisions\/6134"}],"up":[{"embeddable":true,"href":"https:\/\/www.synlab.fr\/synlab-nouvelle-aquitaine\/wp-json\/wp\/v2\/pages\/18"}],"wp:featuredmedia":[{"embeddable":true,"href":"https:\/\/www.synlab.fr\/synlab-nouvelle-aquitaine\/wp-json\/wp\/v2\/media\/3671"}],"wp:attachment":[{"href":"https:\/\/www.synlab.fr\/synlab-nouvelle-aquitaine\/wp-json\/wp\/v2\/media?parent=1280"}],"curies":[{"name":"wp","href":"https:\/\/api.w.org\/{rel}","templated":true}]}}