{"id":1291,"date":"2022-08-22T11:58:12","date_gmt":"2022-08-22T09:58:12","guid":{"rendered":"https:\/\/www.synlab.fr\/synlab-nouvelle-aquitaine\/?page_id=1291"},"modified":"2023-07-17T16:03:09","modified_gmt":"2023-07-17T14:03:09","slug":"vos-resultats-en-ligne-avec-mysynlab","status":"publish","type":"page","link":"https:\/\/www.synlab.fr\/synlab-nouvelle-aquitaine\/patient\/a-propos-des-analyses-medicales\/vos-resultats-en-ligne-avec-mysynlab\/","title":{"rendered":"Votre compte mySYNLAB"},"content":{"rendered":"<div class=\"container block-texte_image\">\n\n\t\t\t<div class=\"block-texte_image-contenu order-1\" style=\"--widthContenu:100%\">\n\t\t\t\t\t\t<article><p><i><span style=\"font-weight: 400;\">mySYNLAB<\/span><\/i><span style=\"font-weight: 400;\"> est votre espace patient, personnel et s\u00e9curis\u00e9 ,o\u00f9 sont stock\u00e9es vos comptes-rendus d&rsquo;analyses r\u00e9alis\u00e9es par votre laboratoire SYNLAB. Avec les identifiant et mot de passe personnels remis par le laboratoire, vous pouvez vous connecter 7J\/7 et 24h\/24, partout depuis un ordinateur, une tablette ou un smartphone.<\/span><\/p>\n<p><span style=\"font-weight: 400;\">Pratique quand le labo est ferm\u00e9, quand on ne peut pas se d\u00e9placer ou si l&rsquo;on vit loin du labo !<\/span><\/p>\n<\/article>\t\t\t\t\t\t\n\t\t\t<p><a href=\"https:\/\/www.mesresultats.synlab.fr\/patient\/rest\/login\" style=\"--colorCTA:#003765\" target=\"\" class=\"block-texte_image-contenu-cta\">se connecter \u00e0 votre compte mysynlab<\/a><\/p>\t\t<\/div>\n\t\n\t\n\t\t\n<\/div>\n\n\n\n\n\t\n\t\n","protected":false},"excerpt":{"rendered":"","protected":false},"author":13,"featured_media":3671,"parent":1280,"menu_order":1,"comment_status":"closed","ping_status":"closed","template":"","meta":{"_acf_changed":false,"footnotes":""},"class_list":["post-1291","page","type-page","status-publish","has-post-thumbnail","hentry"],"acf":[],"yoast_head":"<!-- This site is optimized with the Yoast SEO plugin v26.3 - https:\/\/yoast.com\/wordpress\/plugins\/seo\/ -->\n<title>SYNLAB Nouvelle Aquitaine - vos r\u00e9sultats sur mySYNLAB<\/title>\n<meta name=\"description\" content=\"D\u00e8s que vos r\u00e9sultats d&#039;examens biologiques sont valid\u00e9s par le biologiste, ils sont disponibles, en ligne, dans votre espace s\u00e9curis\u00e9 mySYNLAB.\" \/>\n<meta name=\"robots\" content=\"noindex, follow, max-snippet:-1, max-image-preview:large, max-video-preview:-1\" \/>\n<meta property=\"og:locale\" content=\"fr_FR\" \/>\n<meta property=\"og:type\" content=\"article\" \/>\n<meta property=\"og:title\" content=\"SYNLAB Nouvelle Aquitaine - vos r\u00e9sultats sur mySYNLAB\" \/>\n<meta property=\"og:description\" content=\"D\u00e8s que vos r\u00e9sultats d&#039;examens biologiques sont valid\u00e9s par le biologiste, ils sont disponibles, en ligne, dans votre espace s\u00e9curis\u00e9 mySYNLAB.\" \/>\n<meta property=\"og:url\" content=\"https:\/\/www.synlab.fr\/clone\/synlab-nouvelle-aquitaine\/patient\/a-propos-des-analyses-medicales\/vos-resultats-en-ligne-avec-mysynlab\/\" \/>\n<meta property=\"og:site_name\" content=\"Synlab Nouvelle-Aquitaine\" \/>\n<meta property=\"article:modified_time\" content=\"2023-07-17T14:03:09+00:00\" \/>\n<meta property=\"og:image\" content=\"https:\/\/www.synlab.fr\/clone\/synlab-nouvelle-aquitaine\/wp-content\/uploads\/sites\/45\/2022\/10\/logo-synlab.png\" \/>\n\t<meta property=\"og:image:width\" content=\"1278\" \/>\n\t<meta property=\"og:image:height\" content=\"717\" \/>\n\t<meta property=\"og:image:type\" content=\"image\/png\" \/>\n<meta name=\"twitter:card\" content=\"summary_large_image\" \/>\n<script type=\"application\/ld+json\" class=\"yoast-schema-graph\">{\"@context\":\"https:\/\/schema.org\",\"@graph\":[{\"@type\":\"WebPage\",\"@id\":\"https:\/\/www.synlab.fr\/clone\/synlab-nouvelle-aquitaine\/patient\/a-propos-des-analyses-medicales\/vos-resultats-en-ligne-avec-mysynlab\/\",\"url\":\"https:\/\/www.synlab.fr\/clone\/synlab-nouvelle-aquitaine\/patient\/a-propos-des-analyses-medicales\/vos-resultats-en-ligne-avec-mysynlab\/\",\"name\":\"SYNLAB Nouvelle Aquitaine - vos r\u00e9sultats sur mySYNLAB\",\"isPartOf\":{\"@id\":\"https:\/\/www.synlab.fr\/synlab-nouvelle-aquitaine\/#website\"},\"primaryImageOfPage\":{\"@id\":\"https:\/\/www.synlab.fr\/clone\/synlab-nouvelle-aquitaine\/patient\/a-propos-des-analyses-medicales\/vos-resultats-en-ligne-avec-mysynlab\/#primaryimage\"},\"image\":{\"@id\":\"https:\/\/www.synlab.fr\/clone\/synlab-nouvelle-aquitaine\/patient\/a-propos-des-analyses-medicales\/vos-resultats-en-ligne-avec-mysynlab\/#primaryimage\"},\"thumbnailUrl\":\"https:\/\/www.synlab.fr\/synlab-nouvelle-aquitaine\/wp-content\/uploads\/sites\/45\/2022\/10\/logo-synlab.png\",\"datePublished\":\"2022-08-22T09:58:12+00:00\",\"dateModified\":\"2023-07-17T14:03:09+00:00\",\"description\":\"D\u00e8s que vos r\u00e9sultats d'examens biologiques sont valid\u00e9s par le biologiste, ils sont disponibles, en ligne, dans votre espace s\u00e9curis\u00e9 mySYNLAB.\",\"breadcrumb\":{\"@id\":\"https:\/\/www.synlab.fr\/clone\/synlab-nouvelle-aquitaine\/patient\/a-propos-des-analyses-medicales\/vos-resultats-en-ligne-avec-mysynlab\/#breadcrumb\"},\"inLanguage\":\"fr-FR\",\"potentialAction\":[{\"@type\":\"ReadAction\",\"target\":[\"https:\/\/www.synlab.fr\/clone\/synlab-nouvelle-aquitaine\/patient\/a-propos-des-analyses-medicales\/vos-resultats-en-ligne-avec-mysynlab\/\"]}]},{\"@type\":\"ImageObject\",\"inLanguage\":\"fr-FR\",\"@id\":\"https:\/\/www.synlab.fr\/clone\/synlab-nouvelle-aquitaine\/patient\/a-propos-des-analyses-medicales\/vos-resultats-en-ligne-avec-mysynlab\/#primaryimage\",\"url\":\"https:\/\/www.synlab.fr\/synlab-nouvelle-aquitaine\/wp-content\/uploads\/sites\/45\/2022\/10\/logo-synlab.png\",\"contentUrl\":\"https:\/\/www.synlab.fr\/synlab-nouvelle-aquitaine\/wp-content\/uploads\/sites\/45\/2022\/10\/logo-synlab.png\",\"width\":1278,\"height\":717,\"caption\":\"Logo bleu SYNLAB\"},{\"@type\":\"BreadcrumbList\",\"@id\":\"https:\/\/www.synlab.fr\/clone\/synlab-nouvelle-aquitaine\/patient\/a-propos-des-analyses-medicales\/vos-resultats-en-ligne-avec-mysynlab\/#breadcrumb\",\"itemListElement\":[{\"@type\":\"ListItem\",\"position\":1,\"name\":\"Home\",\"item\":\"https:\/\/www.synlab.fr\/synlab-nouvelle-aquitaine\/\"},{\"@type\":\"ListItem\",\"position\":2,\"name\":\"Espace patient\",\"item\":\"https:\/\/www.synlab.fr\/clone\/synlab-nouvelle-aquitaine\/patient\/\"},{\"@type\":\"ListItem\",\"position\":3,\"name\":\"A propos des analyses m\u00e9dicales\",\"item\":\"https:\/\/www.synlab.fr\/clone\/synlab-nouvelle-aquitaine\/patient\/a-propos-des-analyses-medicales\/\"},{\"@type\":\"ListItem\",\"position\":4,\"name\":\"Votre compte mySYNLAB\"}]},{\"@type\":\"WebSite\",\"@id\":\"https:\/\/www.synlab.fr\/synlab-nouvelle-aquitaine\/#website\",\"url\":\"https:\/\/www.synlab.fr\/synlab-nouvelle-aquitaine\/\",\"name\":\"Synlab Nouvelle-Aquitaine\",\"description\":\"Un site utilisant Synlab\",\"potentialAction\":[{\"@type\":\"SearchAction\",\"target\":{\"@type\":\"EntryPoint\",\"urlTemplate\":\"https:\/\/www.synlab.fr\/synlab-nouvelle-aquitaine\/?s={search_term_string}\"},\"query-input\":{\"@type\":\"PropertyValueSpecification\",\"valueRequired\":true,\"valueName\":\"search_term_string\"}}],\"inLanguage\":\"fr-FR\"}]}<\/script>\n<!-- \/ Yoast SEO plugin. -->","yoast_head_json":{"title":"SYNLAB Nouvelle Aquitaine - vos r\u00e9sultats sur mySYNLAB","description":"D\u00e8s que vos r\u00e9sultats d'examens biologiques sont valid\u00e9s par le biologiste, ils sont disponibles, en ligne, dans votre espace s\u00e9curis\u00e9 mySYNLAB.","robots":{"index":"noindex","follow":"follow","max-snippet":"max-snippet:-1","max-image-preview":"max-image-preview:large","max-video-preview":"max-video-preview:-1"},"og_locale":"fr_FR","og_type":"article","og_title":"SYNLAB Nouvelle Aquitaine - vos r\u00e9sultats sur mySYNLAB","og_description":"D\u00e8s que vos r\u00e9sultats d'examens biologiques sont valid\u00e9s par le biologiste, ils sont disponibles, en ligne, dans votre espace s\u00e9curis\u00e9 mySYNLAB.","og_url":"https:\/\/www.synlab.fr\/clone\/synlab-nouvelle-aquitaine\/patient\/a-propos-des-analyses-medicales\/vos-resultats-en-ligne-avec-mysynlab\/","og_site_name":"Synlab Nouvelle-Aquitaine","article_modified_time":"2023-07-17T14:03:09+00:00","og_image":[{"width":1278,"height":717,"url":"https:\/\/www.synlab.fr\/clone\/synlab-nouvelle-aquitaine\/wp-content\/uploads\/sites\/45\/2022\/10\/logo-synlab.png","type":"image\/png"}],"twitter_card":"summary_large_image","schema":{"@context":"https:\/\/schema.org","@graph":[{"@type":"WebPage","@id":"https:\/\/www.synlab.fr\/clone\/synlab-nouvelle-aquitaine\/patient\/a-propos-des-analyses-medicales\/vos-resultats-en-ligne-avec-mysynlab\/","url":"https:\/\/www.synlab.fr\/clone\/synlab-nouvelle-aquitaine\/patient\/a-propos-des-analyses-medicales\/vos-resultats-en-ligne-avec-mysynlab\/","name":"SYNLAB Nouvelle Aquitaine - vos r\u00e9sultats sur mySYNLAB","isPartOf":{"@id":"https:\/\/www.synlab.fr\/synlab-nouvelle-aquitaine\/#website"},"primaryImageOfPage":{"@id":"https:\/\/www.synlab.fr\/clone\/synlab-nouvelle-aquitaine\/patient\/a-propos-des-analyses-medicales\/vos-resultats-en-ligne-avec-mysynlab\/#primaryimage"},"image":{"@id":"https:\/\/www.synlab.fr\/clone\/synlab-nouvelle-aquitaine\/patient\/a-propos-des-analyses-medicales\/vos-resultats-en-ligne-avec-mysynlab\/#primaryimage"},"thumbnailUrl":"https:\/\/www.synlab.fr\/synlab-nouvelle-aquitaine\/wp-content\/uploads\/sites\/45\/2022\/10\/logo-synlab.png","datePublished":"2022-08-22T09:58:12+00:00","dateModified":"2023-07-17T14:03:09+00:00","description":"D\u00e8s que vos r\u00e9sultats d'examens biologiques sont valid\u00e9s par le biologiste, ils sont disponibles, en ligne, dans votre espace s\u00e9curis\u00e9 mySYNLAB.","breadcrumb":{"@id":"https:\/\/www.synlab.fr\/clone\/synlab-nouvelle-aquitaine\/patient\/a-propos-des-analyses-medicales\/vos-resultats-en-ligne-avec-mysynlab\/#breadcrumb"},"inLanguage":"fr-FR","potentialAction":[{"@type":"ReadAction","target":["https:\/\/www.synlab.fr\/clone\/synlab-nouvelle-aquitaine\/patient\/a-propos-des-analyses-medicales\/vos-resultats-en-ligne-avec-mysynlab\/"]}]},{"@type":"ImageObject","inLanguage":"fr-FR","@id":"https:\/\/www.synlab.fr\/clone\/synlab-nouvelle-aquitaine\/patient\/a-propos-des-analyses-medicales\/vos-resultats-en-ligne-avec-mysynlab\/#primaryimage","url":"https:\/\/www.synlab.fr\/synlab-nouvelle-aquitaine\/wp-content\/uploads\/sites\/45\/2022\/10\/logo-synlab.png","contentUrl":"https:\/\/www.synlab.fr\/synlab-nouvelle-aquitaine\/wp-content\/uploads\/sites\/45\/2022\/10\/logo-synlab.png","width":1278,"height":717,"caption":"Logo bleu SYNLAB"},{"@type":"BreadcrumbList","@id":"https:\/\/www.synlab.fr\/clone\/synlab-nouvelle-aquitaine\/patient\/a-propos-des-analyses-medicales\/vos-resultats-en-ligne-avec-mysynlab\/#breadcrumb","itemListElement":[{"@type":"ListItem","position":1,"name":"Home","item":"https:\/\/www.synlab.fr\/synlab-nouvelle-aquitaine\/"},{"@type":"ListItem","position":2,"name":"Espace patient","item":"https:\/\/www.synlab.fr\/clone\/synlab-nouvelle-aquitaine\/patient\/"},{"@type":"ListItem","position":3,"name":"A propos des analyses m\u00e9dicales","item":"https:\/\/www.synlab.fr\/clone\/synlab-nouvelle-aquitaine\/patient\/a-propos-des-analyses-medicales\/"},{"@type":"ListItem","position":4,"name":"Votre compte mySYNLAB"}]},{"@type":"WebSite","@id":"https:\/\/www.synlab.fr\/synlab-nouvelle-aquitaine\/#website","url":"https:\/\/www.synlab.fr\/synlab-nouvelle-aquitaine\/","name":"Synlab Nouvelle-Aquitaine","description":"Un site utilisant Synlab","potentialAction":[{"@type":"SearchAction","target":{"@type":"EntryPoint","urlTemplate":"https:\/\/www.synlab.fr\/synlab-nouvelle-aquitaine\/?s={search_term_string}"},"query-input":{"@type":"PropertyValueSpecification","valueRequired":true,"valueName":"search_term_string"}}],"inLanguage":"fr-FR"}]}},"_links":{"self":[{"href":"https:\/\/www.synlab.fr\/synlab-nouvelle-aquitaine\/wp-json\/wp\/v2\/pages\/1291","targetHints":{"allow":["GET"]}}],"collection":[{"href":"https:\/\/www.synlab.fr\/synlab-nouvelle-aquitaine\/wp-json\/wp\/v2\/pages"}],"about":[{"href":"https:\/\/www.synlab.fr\/synlab-nouvelle-aquitaine\/wp-json\/wp\/v2\/types\/page"}],"author":[{"embeddable":true,"href":"https:\/\/www.synlab.fr\/synlab-nouvelle-aquitaine\/wp-json\/wp\/v2\/users\/13"}],"replies":[{"embeddable":true,"href":"https:\/\/www.synlab.fr\/synlab-nouvelle-aquitaine\/wp-json\/wp\/v2\/comments?post=1291"}],"version-history":[{"count":15,"href":"https:\/\/www.synlab.fr\/synlab-nouvelle-aquitaine\/wp-json\/wp\/v2\/pages\/1291\/revisions"}],"predecessor-version":[{"id":5919,"href":"https:\/\/www.synlab.fr\/synlab-nouvelle-aquitaine\/wp-json\/wp\/v2\/pages\/1291\/revisions\/5919"}],"up":[{"embeddable":true,"href":"https:\/\/www.synlab.fr\/synlab-nouvelle-aquitaine\/wp-json\/wp\/v2\/pages\/1280"}],"wp:featuredmedia":[{"embeddable":true,"href":"https:\/\/www.synlab.fr\/synlab-nouvelle-aquitaine\/wp-json\/wp\/v2\/media\/3671"}],"wp:attachment":[{"href":"https:\/\/www.synlab.fr\/synlab-nouvelle-aquitaine\/wp-json\/wp\/v2\/media?parent=1291"}],"curies":[{"name":"wp","href":"https:\/\/api.w.org\/{rel}","templated":true}]}}