{"id":1348,"date":"2022-08-22T15:45:03","date_gmt":"2022-08-22T13:45:03","guid":{"rendered":"https:\/\/www.synlab.fr\/synlab-nouvelle-aquitaine\/?page_id=1348"},"modified":"2023-04-14T14:49:15","modified_gmt":"2023-04-14T12:49:15","slug":"resultats-patients","status":"publish","type":"page","link":"https:\/\/www.synlab.fr\/synlab-nouvelle-aquitaine\/espace-professionnels-de-sante\/resultats-patients\/","title":{"rendered":"R\u00e9sultats patients"},"content":{"rendered":"<div class=\"container block-texte_image\">\n\n\t\t\t<div class=\"block-texte_image-contenu order-1\" style=\"--widthContenu:70%\">\n\t\t\t<h2>Les r\u00e9sultats avec mySYNLAB : un service fiable, s\u00e9curis\u00e9e et rapide<\/h2>\t\t\t<article><p><span style=\"font-weight: 400;\">Votre patient a r\u00e9alis\u00e9 ses analyses de biologie m\u00e9dicale dans un laboratoire SYNLAB.<\/span><\/p>\n<p><span style=\"font-weight: 400;\"><strong>Notre serveur s\u00e9curis\u00e9 mySYNLAB Pro<\/strong> vous permet de consulter ses r\u00e9sultats en ligne depuis votre ordinateur, tablette ou smartphone.<\/span><\/p>\n<p><span style=\"font-weight: 400;\"><strong>Vous souhaitez b\u00e9n\u00e9ficier de mySYNLAB Pro ?<\/strong> Contactez notre laboratoire. Nous vous fournirons un acc\u00e8s personnalis\u00e9 et s\u00e9curis\u00e9.<\/span><\/p>\n<\/article>\t\t\t\t\t\t\n\t\t\t<p><a href=\"https:\/\/mesresultats.synlab.fr\/doctor\/rest\/login\" style=\"--colorCTA:#003765\" target=\"\" class=\"block-texte_image-contenu-cta\">Consulter les r\u00e9sultats de mon patient <\/a><\/p>\t\t<\/div>\n\t\n\t\n\t\t<div class=\"block-texte_image-illustration order-0\" style=\"--widthImage:30%;\">\n\t\t\t<img decoding=\"async\" src=\"https:\/\/www.synlab.fr\/synlab-nouvelle-aquitaine\/wp-content\/uploads\/sites\/45\/2022\/08\/scott-graham-OQMZwNd3ThU-unsplash.jpg\" alt=\"scott-graham-OQMZwNd3ThU-unsplash\"\/>\n\t\t<\/div>\n\n\t\n\t\t\n<\/div>\n\n\n\n\n\t\n\t\n\n\n\n<div class=\"container-fluid block-separateur\" style=\"--heightDesk:10px;--heightMob:15px;\">\n\n    \n    \n<\/div>\n\n<div class=\"container block-texte_image\">\n\n\t\t\t<div class=\"block-texte_image-contenu order-1\" style=\"--widthContenu:100%\">\n\t\t\t\t\t\t<article><p><strong>Vous pouvez \u00e9galement obtenir les r\u00e9sultat :<\/strong><\/p>\n<ul>\n<li style=\"font-weight: 400;\" aria-level=\"1\"><span style=\"font-weight: 400;\">Via une messagerie s\u00e9curis\u00e9e de sant\u00e9 (MMS)<\/span><\/li>\n<li style=\"font-weight: 400;\" aria-level=\"1\"><span style=\"font-weight: 400;\">Via les transmissions HPRIM, Apicrypt<\/span><\/li>\n<li style=\"font-weight: 400;\" aria-level=\"1\"><span style=\"font-weight: 400;\">Par fax<\/span><\/li>\n<\/ul>\n<p><span style=\"font-weight: 400;\">Nos biologistes m\u00e9dicaux sont disponibles pour \u00e9changer sur les r\u00e9sultats d\u2019analyses ou les analyses ou bilans \u00e0 effectuer dans le cadre du suivi m\u00e9dical de vos patients.<\/span><\/p>\n<\/article>\t\t\t\t\t\t\n\t\t\t<p><a href=\"https:\/\/www.synlab.fr\/synlab-nouvelle-aquitaine\/nous-contacter\/\" style=\"--colorCTA:#003765\" target=\"\" class=\"block-texte_image-contenu-cta\">Nous contacter <\/a><\/p>\t\t<\/div>\n\t\n\t\n\t\t\n<\/div>\n\n\n\n\n\t\n\t\n","protected":false},"excerpt":{"rendered":"","protected":false},"author":13,"featured_media":3114,"parent":24,"menu_order":3,"comment_status":"closed","ping_status":"closed","template":"","meta":{"_acf_changed":false,"footnotes":""},"class_list":["post-1348","page","type-page","status-publish","has-post-thumbnail","hentry"],"acf":[],"yoast_head":"<!-- This site is optimized with the Yoast SEO plugin v26.3 - https:\/\/yoast.com\/wordpress\/plugins\/seo\/ -->\n<title>SYNLAB Nouvelle-Aquitaine - R\u00e9sultats Patients<\/title>\n<meta name=\"description\" content=\"Notre serveur s\u00e9curis\u00e9 mySYNLAB Pro vous permet de consulter ses r\u00e9sultats en ligne depuis votre ordinateur, tablette ou smartphone.\" \/>\n<meta name=\"robots\" content=\"noindex, follow, max-snippet:-1, max-image-preview:large, max-video-preview:-1\" \/>\n<meta property=\"og:locale\" content=\"fr_FR\" \/>\n<meta property=\"og:type\" content=\"article\" \/>\n<meta property=\"og:title\" content=\"SYNLAB Nouvelle-Aquitaine - R\u00e9sultats Patients\" \/>\n<meta property=\"og:description\" content=\"Notre serveur s\u00e9curis\u00e9 mySYNLAB Pro vous permet de consulter ses r\u00e9sultats en ligne depuis votre ordinateur, tablette ou smartphone.\" \/>\n<meta property=\"og:url\" content=\"https:\/\/www.synlab.fr\/clone\/synlab-nouvelle-aquitaine\/espace-professionnels-de-sante\/resultats-patients\/\" \/>\n<meta property=\"og:site_name\" content=\"Synlab Nouvelle-Aquitaine\" \/>\n<meta property=\"article:modified_time\" content=\"2023-04-14T12:49:15+00:00\" \/>\n<meta property=\"og:image\" content=\"https:\/\/www.synlab.fr\/clone\/synlab-nouvelle-aquitaine\/wp-content\/uploads\/sites\/45\/2022\/09\/scott-graham-OQMZwNd3ThU-unsplash-1.jpg\" \/>\n\t<meta property=\"og:image:width\" content=\"374\" \/>\n\t<meta property=\"og:image:height\" content=\"250\" \/>\n\t<meta property=\"og:image:type\" content=\"image\/jpeg\" \/>\n<meta name=\"twitter:card\" content=\"summary_large_image\" \/>\n<script type=\"application\/ld+json\" class=\"yoast-schema-graph\">{\"@context\":\"https:\/\/schema.org\",\"@graph\":[{\"@type\":\"WebPage\",\"@id\":\"https:\/\/www.synlab.fr\/clone\/synlab-nouvelle-aquitaine\/espace-professionnels-de-sante\/resultats-patients\/\",\"url\":\"https:\/\/www.synlab.fr\/clone\/synlab-nouvelle-aquitaine\/espace-professionnels-de-sante\/resultats-patients\/\",\"name\":\"SYNLAB Nouvelle-Aquitaine - R\u00e9sultats Patients\",\"isPartOf\":{\"@id\":\"https:\/\/www.synlab.fr\/synlab-nouvelle-aquitaine\/#website\"},\"primaryImageOfPage\":{\"@id\":\"https:\/\/www.synlab.fr\/clone\/synlab-nouvelle-aquitaine\/espace-professionnels-de-sante\/resultats-patients\/#primaryimage\"},\"image\":{\"@id\":\"https:\/\/www.synlab.fr\/clone\/synlab-nouvelle-aquitaine\/espace-professionnels-de-sante\/resultats-patients\/#primaryimage\"},\"thumbnailUrl\":\"https:\/\/www.synlab.fr\/synlab-nouvelle-aquitaine\/wp-content\/uploads\/sites\/45\/2022\/09\/scott-graham-OQMZwNd3ThU-unsplash-1.jpg\",\"datePublished\":\"2022-08-22T13:45:03+00:00\",\"dateModified\":\"2023-04-14T12:49:15+00:00\",\"description\":\"Notre serveur s\u00e9curis\u00e9 mySYNLAB Pro vous permet de consulter ses r\u00e9sultats en ligne depuis votre ordinateur, tablette ou smartphone.\",\"breadcrumb\":{\"@id\":\"https:\/\/www.synlab.fr\/clone\/synlab-nouvelle-aquitaine\/espace-professionnels-de-sante\/resultats-patients\/#breadcrumb\"},\"inLanguage\":\"fr-FR\",\"potentialAction\":[{\"@type\":\"ReadAction\",\"target\":[\"https:\/\/www.synlab.fr\/clone\/synlab-nouvelle-aquitaine\/espace-professionnels-de-sante\/resultats-patients\/\"]}]},{\"@type\":\"ImageObject\",\"inLanguage\":\"fr-FR\",\"@id\":\"https:\/\/www.synlab.fr\/clone\/synlab-nouvelle-aquitaine\/espace-professionnels-de-sante\/resultats-patients\/#primaryimage\",\"url\":\"https:\/\/www.synlab.fr\/synlab-nouvelle-aquitaine\/wp-content\/uploads\/sites\/45\/2022\/09\/scott-graham-OQMZwNd3ThU-unsplash-1.jpg\",\"contentUrl\":\"https:\/\/www.synlab.fr\/synlab-nouvelle-aquitaine\/wp-content\/uploads\/sites\/45\/2022\/09\/scott-graham-OQMZwNd3ThU-unsplash-1.jpg\",\"width\":374,\"height\":250,\"caption\":\"un homme qui remplit des documents administratifs\"},{\"@type\":\"BreadcrumbList\",\"@id\":\"https:\/\/www.synlab.fr\/clone\/synlab-nouvelle-aquitaine\/espace-professionnels-de-sante\/resultats-patients\/#breadcrumb\",\"itemListElement\":[{\"@type\":\"ListItem\",\"position\":1,\"name\":\"Home\",\"item\":\"https:\/\/www.synlab.fr\/synlab-nouvelle-aquitaine\/\"},{\"@type\":\"ListItem\",\"position\":2,\"name\":\"Espace professionnel de sant\u00e9\",\"item\":\"https:\/\/www.synlab.fr\/clone\/synlab-nouvelle-aquitaine\/espace-professionnels-de-sante\/\"},{\"@type\":\"ListItem\",\"position\":3,\"name\":\"R\u00e9sultats patients\"}]},{\"@type\":\"WebSite\",\"@id\":\"https:\/\/www.synlab.fr\/synlab-nouvelle-aquitaine\/#website\",\"url\":\"https:\/\/www.synlab.fr\/synlab-nouvelle-aquitaine\/\",\"name\":\"Synlab Nouvelle-Aquitaine\",\"description\":\"Un site utilisant Synlab\",\"potentialAction\":[{\"@type\":\"SearchAction\",\"target\":{\"@type\":\"EntryPoint\",\"urlTemplate\":\"https:\/\/www.synlab.fr\/synlab-nouvelle-aquitaine\/?s={search_term_string}\"},\"query-input\":{\"@type\":\"PropertyValueSpecification\",\"valueRequired\":true,\"valueName\":\"search_term_string\"}}],\"inLanguage\":\"fr-FR\"}]}<\/script>\n<!-- \/ Yoast SEO plugin. -->","yoast_head_json":{"title":"SYNLAB Nouvelle-Aquitaine - R\u00e9sultats Patients","description":"Notre serveur s\u00e9curis\u00e9 mySYNLAB Pro vous permet de consulter ses r\u00e9sultats en ligne depuis votre ordinateur, tablette ou smartphone.","robots":{"index":"noindex","follow":"follow","max-snippet":"max-snippet:-1","max-image-preview":"max-image-preview:large","max-video-preview":"max-video-preview:-1"},"og_locale":"fr_FR","og_type":"article","og_title":"SYNLAB Nouvelle-Aquitaine - R\u00e9sultats Patients","og_description":"Notre serveur s\u00e9curis\u00e9 mySYNLAB Pro vous permet de consulter ses r\u00e9sultats en ligne depuis votre ordinateur, tablette ou smartphone.","og_url":"https:\/\/www.synlab.fr\/clone\/synlab-nouvelle-aquitaine\/espace-professionnels-de-sante\/resultats-patients\/","og_site_name":"Synlab Nouvelle-Aquitaine","article_modified_time":"2023-04-14T12:49:15+00:00","og_image":[{"width":374,"height":250,"url":"https:\/\/www.synlab.fr\/clone\/synlab-nouvelle-aquitaine\/wp-content\/uploads\/sites\/45\/2022\/09\/scott-graham-OQMZwNd3ThU-unsplash-1.jpg","type":"image\/jpeg"}],"twitter_card":"summary_large_image","schema":{"@context":"https:\/\/schema.org","@graph":[{"@type":"WebPage","@id":"https:\/\/www.synlab.fr\/clone\/synlab-nouvelle-aquitaine\/espace-professionnels-de-sante\/resultats-patients\/","url":"https:\/\/www.synlab.fr\/clone\/synlab-nouvelle-aquitaine\/espace-professionnels-de-sante\/resultats-patients\/","name":"SYNLAB Nouvelle-Aquitaine - R\u00e9sultats Patients","isPartOf":{"@id":"https:\/\/www.synlab.fr\/synlab-nouvelle-aquitaine\/#website"},"primaryImageOfPage":{"@id":"https:\/\/www.synlab.fr\/clone\/synlab-nouvelle-aquitaine\/espace-professionnels-de-sante\/resultats-patients\/#primaryimage"},"image":{"@id":"https:\/\/www.synlab.fr\/clone\/synlab-nouvelle-aquitaine\/espace-professionnels-de-sante\/resultats-patients\/#primaryimage"},"thumbnailUrl":"https:\/\/www.synlab.fr\/synlab-nouvelle-aquitaine\/wp-content\/uploads\/sites\/45\/2022\/09\/scott-graham-OQMZwNd3ThU-unsplash-1.jpg","datePublished":"2022-08-22T13:45:03+00:00","dateModified":"2023-04-14T12:49:15+00:00","description":"Notre serveur s\u00e9curis\u00e9 mySYNLAB Pro vous permet de consulter ses r\u00e9sultats en ligne depuis votre ordinateur, tablette ou smartphone.","breadcrumb":{"@id":"https:\/\/www.synlab.fr\/clone\/synlab-nouvelle-aquitaine\/espace-professionnels-de-sante\/resultats-patients\/#breadcrumb"},"inLanguage":"fr-FR","potentialAction":[{"@type":"ReadAction","target":["https:\/\/www.synlab.fr\/clone\/synlab-nouvelle-aquitaine\/espace-professionnels-de-sante\/resultats-patients\/"]}]},{"@type":"ImageObject","inLanguage":"fr-FR","@id":"https:\/\/www.synlab.fr\/clone\/synlab-nouvelle-aquitaine\/espace-professionnels-de-sante\/resultats-patients\/#primaryimage","url":"https:\/\/www.synlab.fr\/synlab-nouvelle-aquitaine\/wp-content\/uploads\/sites\/45\/2022\/09\/scott-graham-OQMZwNd3ThU-unsplash-1.jpg","contentUrl":"https:\/\/www.synlab.fr\/synlab-nouvelle-aquitaine\/wp-content\/uploads\/sites\/45\/2022\/09\/scott-graham-OQMZwNd3ThU-unsplash-1.jpg","width":374,"height":250,"caption":"un homme qui remplit des documents administratifs"},{"@type":"BreadcrumbList","@id":"https:\/\/www.synlab.fr\/clone\/synlab-nouvelle-aquitaine\/espace-professionnels-de-sante\/resultats-patients\/#breadcrumb","itemListElement":[{"@type":"ListItem","position":1,"name":"Home","item":"https:\/\/www.synlab.fr\/synlab-nouvelle-aquitaine\/"},{"@type":"ListItem","position":2,"name":"Espace professionnel de sant\u00e9","item":"https:\/\/www.synlab.fr\/clone\/synlab-nouvelle-aquitaine\/espace-professionnels-de-sante\/"},{"@type":"ListItem","position":3,"name":"R\u00e9sultats patients"}]},{"@type":"WebSite","@id":"https:\/\/www.synlab.fr\/synlab-nouvelle-aquitaine\/#website","url":"https:\/\/www.synlab.fr\/synlab-nouvelle-aquitaine\/","name":"Synlab Nouvelle-Aquitaine","description":"Un site utilisant Synlab","potentialAction":[{"@type":"SearchAction","target":{"@type":"EntryPoint","urlTemplate":"https:\/\/www.synlab.fr\/synlab-nouvelle-aquitaine\/?s={search_term_string}"},"query-input":{"@type":"PropertyValueSpecification","valueRequired":true,"valueName":"search_term_string"}}],"inLanguage":"fr-FR"}]}},"_links":{"self":[{"href":"https:\/\/www.synlab.fr\/synlab-nouvelle-aquitaine\/wp-json\/wp\/v2\/pages\/1348","targetHints":{"allow":["GET"]}}],"collection":[{"href":"https:\/\/www.synlab.fr\/synlab-nouvelle-aquitaine\/wp-json\/wp\/v2\/pages"}],"about":[{"href":"https:\/\/www.synlab.fr\/synlab-nouvelle-aquitaine\/wp-json\/wp\/v2\/types\/page"}],"author":[{"embeddable":true,"href":"https:\/\/www.synlab.fr\/synlab-nouvelle-aquitaine\/wp-json\/wp\/v2\/users\/13"}],"replies":[{"embeddable":true,"href":"https:\/\/www.synlab.fr\/synlab-nouvelle-aquitaine\/wp-json\/wp\/v2\/comments?post=1348"}],"version-history":[{"count":18,"href":"https:\/\/www.synlab.fr\/synlab-nouvelle-aquitaine\/wp-json\/wp\/v2\/pages\/1348\/revisions"}],"predecessor-version":[{"id":5147,"href":"https:\/\/www.synlab.fr\/synlab-nouvelle-aquitaine\/wp-json\/wp\/v2\/pages\/1348\/revisions\/5147"}],"up":[{"embeddable":true,"href":"https:\/\/www.synlab.fr\/synlab-nouvelle-aquitaine\/wp-json\/wp\/v2\/pages\/24"}],"wp:featuredmedia":[{"embeddable":true,"href":"https:\/\/www.synlab.fr\/synlab-nouvelle-aquitaine\/wp-json\/wp\/v2\/media\/3114"}],"wp:attachment":[{"href":"https:\/\/www.synlab.fr\/synlab-nouvelle-aquitaine\/wp-json\/wp\/v2\/media?parent=1348"}],"curies":[{"name":"wp","href":"https:\/\/api.w.org\/{rel}","templated":true}]}}