{"id":1380,"date":"2022-08-22T16:46:24","date_gmt":"2022-08-22T14:46:24","guid":{"rendered":"https:\/\/www.synlab.fr\/synlab-nouvelle-aquitaine\/?page_id=1380"},"modified":"2023-07-03T11:53:04","modified_gmt":"2023-07-03T09:53:04","slug":"decouvrir-synlab-nouvelle-aquitaine","status":"publish","type":"page","link":"https:\/\/www.synlab.fr\/synlab-nouvelle-aquitaine\/nous-connaitre\/decouvrir-synlab-nouvelle-aquitaine\/","title":{"rendered":"D\u00e9couvrir SYNLAB Nouvelle Aquitaine"},"content":{"rendered":"<div class=\"container block-texte_image\">\n\n\t\t\t<div class=\"block-texte_image-contenu order-1\" style=\"--widthContenu:100%\">\n\t\t\t<h2>Chiffre cl\u00e9s <\/h2>\t\t\t<article><ul>\n<li>N collaborateurs<\/li>\n<li>N biologistes<\/li>\n<li>N sites de pr\u00e9l\u00e8vements<\/li>\n<li>N plateaux techniques<\/li>\n<li>N territoires de sant\u00e9<\/li>\n<li>N dossiers patients \/ jour et par an<\/li>\n<li>Taux de satisfaction des patients<\/li>\n<\/ul>\n<\/article>\t\t\t\t\t\t\n\t\t\t\t\t<\/div>\n\t\n\t\n\t\t\n<\/div>\n\n\n\n\n\t\n\t\n\n\n\n<div class=\"container-fluid block-separateur\" style=\"--heightDesk:10px;--heightMob:15px;\">\n\n    \n    \n<\/div>\n\n<div class=\"container block-equipes\">\n\n\t\t\t\t<h2>Notre \u00e9quipe m\u00e9dicale<\/h2>\n\t\n\t\t\t\t\t<div class=\"block-equipes-item\">\n\t\t\t<div class=\"block-equipes-item-image\">\n\t\t\t\t<img decoding=\"async\" src=\"https:\/\/www.synlab.fr\/synlab-nouvelle-aquitaine\/wp-content\/uploads\/sites\/45\/2022\/08\/28J8Mlhv_400x400-200x200.jpg\" alt=\"28J8Mlhv_400x400\" \/>\n\t\t\t<\/div>\n\t\t\t<div class=\"block-equipes-item-textes\">\n\t\t\t\t<div class=\"block-equipes-item-textes-nom\">DR XAVIER MERLEN<\/div>\n\t\t\t\t<div class=\"block-equipes-item-textes-fonction\">Pr\u00e9sident &#8211; Directeur g\u00e9n\u00e9ral                          <\/div>\n\t\t\t\t\t\t\t<\/div>\n\t\t<\/div>\n\t\t\t\t<div class=\"block-equipes-item\">\n\t\t\t<div class=\"block-equipes-item-image\">\n\t\t\t\t<img decoding=\"async\" src=\"https:\/\/www.synlab.fr\/synlab-nouvelle-aquitaine\/wp-content\/uploads\/sites\/45\/2022\/08\/28J8Mlhv_400x400-200x200.jpg\" alt=\"28J8Mlhv_400x400\" \/>\n\t\t\t<\/div>\n\t\t\t<div class=\"block-equipes-item-textes\">\n\t\t\t\t<div class=\"block-equipes-item-textes-nom\">DR ANTOINE BUSSE<\/div>\n\t\t\t\t<div class=\"block-equipes-item-textes-fonction\">Directeur g\u00e9n\u00e9ral <\/div>\n\t\t\t\t\t\t\t<\/div>\n\t\t<\/div>\n\t\t\t\t<div class=\"block-equipes-item\">\n\t\t\t<div class=\"block-equipes-item-image\">\n\t\t\t\t<img decoding=\"async\" src=\"\" alt=\"\" \/>\n\t\t\t<\/div>\n\t\t\t<div class=\"block-equipes-item-textes\">\n\t\t\t\t<div class=\"block-equipes-item-textes-nom\">DR HOUSE<\/div>\n\t\t\t\t<div class=\"block-equipes-item-textes-fonction\"><\/div>\n\t\t\t\t\t\t\t<\/div>\n\t\t<\/div>\n\t\t\t\t<div class=\"block-equipes-item\">\n\t\t\t<div class=\"block-equipes-item-image\">\n\t\t\t\t<img decoding=\"async\" src=\"\" alt=\"\" \/>\n\t\t\t<\/div>\n\t\t\t<div class=\"block-equipes-item-textes\">\n\t\t\t\t<div class=\"block-equipes-item-textes-nom\">DR MAMOUR<\/div>\n\t\t\t\t<div class=\"block-equipes-item-textes-fonction\"><\/div>\n\t\t\t\t\t\t\t<\/div>\n\t\t<\/div>\n\t\t\t\t\n<\/div>\n\n\n\n\n<div class=\"container-fluid block-separateur\" style=\"--heightDesk:10px;--heightMob:15px;\">\n\n    \n    \n<\/div>\n\n<div class=\"container block-texte_image\">\n\n\t\t\t<div class=\"block-texte_image-contenu order-1\" style=\"--widthContenu:100%\">\n\t\t\t<h2>Nos engagements RSE<\/h2>\t\t\t<article><h3>Environnement<\/h3>\n<h3>Economie<\/h3>\n<h3>Social<\/h3>\n<p>&nbsp;<\/p>\n<\/article>\t\t\t\t\t\t\n\t\t\t\t\t<\/div>\n\t\n\t\n\t\t\n<\/div>\n\n\n\n\n\t\n\t\n\n\n<div class=\"container block-texte_image\">\n\n\t\t\t<div class=\"block-texte_image-contenu order-1\" style=\"--widthContenu:100%\">\n\t\t\t<h2>D\u00e9marche Qualit\u00e9 <\/h2>\t\t\t<article><p class=\"bodytext\">Le laboratoire Synlab\u00a0 est engag\u00e9 depuis plusieurs ann\u00e9es dans une d\u00e9marche de qualit\u00e9 et d\u2019am\u00e9lioration continue, bas\u00e9e sur le respect du GBEA (Guide de Bonne Ex\u00e9cution des Analyses) et de la Norme NF EN ISO 15189 relative aux exigences particuli\u00e8res concernant la qualit\u00e9 et la comp\u00e9tence des laboratoires de biologie m\u00e9dicale.<\/p>\n<h2>Accr\u00e9ditation<\/h2>\n<p class=\"bodytext\">L\u2019accr\u00e9ditation est une reconnaissance de la comp\u00e9tence d\u2019une organisation dans un domaine donn\u00e9 par un organisme tiers.\u00a0L\u2019accr\u00e9ditation s\u2019appuie sur un r\u00e9f\u00e9rentiel normatif d\u00e9finissant des exigences en termes de syst\u00e8me qualit\u00e9 et de comp\u00e9tence technique. Pour les laboratoires de biologie m\u00e9dicale, il s&rsquo;agit de la norme NF EN ISO 15189.<br \/>\nEn France,\u00a0le COFRAC (COmit\u00e9 FRan\u00e7ais d\u2019ACcr\u00e9ditation) est le seul organisme accr\u00e9diteur.<\/p>\n<\/article>\t\t\t\t\t\t\n\t\t\t\t\t<\/div>\n\t\n\t\n\t\t\n<\/div>\n\n\n\n\n\t\n\t\n\n\n\n<div class=\"container-grid block-satisfaction\">\n\t\t\t\t\n\n\t<div class=\"block-satisfaction-left\">\n\t\t<img decoding=\"async\" src=\"https:\/\/www.synlab.fr\/synlab-nouvelle-aquitaine\/wp-content\/uploads\/sites\/45\/2022\/05\/image-5.png\" alt=\"image 5\" \/>\n\t<\/div>\n\n\t<div class=\"block-satisfaction-right\">\n\t\n\t\t<div class=\"block-securite-right-item-texte\"><p>Le laboratoire Synlab <b>Nouvelle Aquitaine<\/b> est accr\u00e9dit\u00e9 depuis <strong>2012<\/strong> sous le num\u00e9ro<strong> 8-3532<\/strong> pour tous ses sites pour les activit\u00e9s pr\u00e9-, analytiques et post-analytiques.<br \/>\nRetrouvez la liste des sites et la port\u00e9e d&rsquo;accr\u00e9ditation\u00a0sur\u00a0le site du\u00a0<a class=\"external-link-new-window\" href=\"https:\/\/www.cofrac.fr\/fr\/organismes\/fiche.php?entite_id=82051958\" target=\"_blank\" rel=\"noopener\">COFRAC<\/a>.<\/p>\n<\/div>\n\t\t\t\t\n\t\t\t\n\t\t\n\t<\/div>\n<\/div>\n\n","protected":false},"excerpt":{"rendered":"","protected":false},"author":13,"featured_media":3476,"parent":26,"menu_order":1,"comment_status":"closed","ping_status":"closed","template":"","meta":{"_acf_changed":false,"footnotes":""},"class_list":["post-1380","page","type-page","status-publish","has-post-thumbnail","hentry"],"acf":[],"yoast_head":"<!-- This site is optimized with the Yoast SEO plugin v26.3 - https:\/\/yoast.com\/wordpress\/plugins\/seo\/ -->\n<title>D\u00e9couvrir SYNLAB Nouvelle-Aquitaine<\/title>\n<meta name=\"description\" content=\"L&#039;ensemble des laboratoires d&#039;analyses m\u00e9dicales de la r\u00e9gion Aquitaine sont g\u00e9r\u00e9s par la soci\u00e9t\u00e9 SYNLAB Nouvelle Aquitaine qui garantit la proximit\u00e9 de la sant\u00e9 au plus proche de ses patients.\" \/>\n<meta name=\"robots\" content=\"noindex, follow, max-snippet:-1, max-image-preview:large, max-video-preview:-1\" \/>\n<meta property=\"og:locale\" content=\"fr_FR\" \/>\n<meta property=\"og:type\" content=\"article\" \/>\n<meta property=\"og:title\" content=\"D\u00e9couvrir SYNLAB Nouvelle-Aquitaine\" \/>\n<meta property=\"og:description\" content=\"L&#039;ensemble des laboratoires d&#039;analyses m\u00e9dicales de la r\u00e9gion Aquitaine sont g\u00e9r\u00e9s par la soci\u00e9t\u00e9 SYNLAB Nouvelle Aquitaine qui garantit la proximit\u00e9 de la sant\u00e9 au plus proche de ses patients.\" \/>\n<meta property=\"og:url\" content=\"https:\/\/www.synlab.fr\/synlab-nouvelle-aquitaine\/nous-connaitre\/decouvrir-synlab-nouvelle-aquitaine\/\" \/>\n<meta property=\"og:site_name\" content=\"Synlab Nouvelle-Aquitaine\" \/>\n<meta property=\"article:modified_time\" content=\"2023-07-03T09:53:04+00:00\" \/>\n<meta property=\"og:image\" content=\"https:\/\/www.synlab.fr\/clone\/synlab-nouvelle-aquitaine\/wp-content\/uploads\/sites\/45\/2022\/10\/trnava-university-Ao6MBMOB8Po-unsplash.jpg\" \/>\n\t<meta property=\"og:image:width\" content=\"640\" \/>\n\t<meta property=\"og:image:height\" content=\"960\" \/>\n\t<meta property=\"og:image:type\" content=\"image\/jpeg\" \/>\n<meta name=\"twitter:card\" content=\"summary_large_image\" \/>\n<script type=\"application\/ld+json\" class=\"yoast-schema-graph\">{\"@context\":\"https:\/\/schema.org\",\"@graph\":[{\"@type\":\"WebPage\",\"@id\":\"https:\/\/www.synlab.fr\/synlab-nouvelle-aquitaine\/nous-connaitre\/decouvrir-synlab-nouvelle-aquitaine\/\",\"url\":\"https:\/\/www.synlab.fr\/synlab-nouvelle-aquitaine\/nous-connaitre\/decouvrir-synlab-nouvelle-aquitaine\/\",\"name\":\"D\u00e9couvrir SYNLAB Nouvelle-Aquitaine\",\"isPartOf\":{\"@id\":\"https:\/\/www.synlab.fr\/synlab-nouvelle-aquitaine\/#website\"},\"primaryImageOfPage\":{\"@id\":\"https:\/\/www.synlab.fr\/synlab-nouvelle-aquitaine\/nous-connaitre\/decouvrir-synlab-nouvelle-aquitaine\/#primaryimage\"},\"image\":{\"@id\":\"https:\/\/www.synlab.fr\/synlab-nouvelle-aquitaine\/nous-connaitre\/decouvrir-synlab-nouvelle-aquitaine\/#primaryimage\"},\"thumbnailUrl\":\"https:\/\/www.synlab.fr\/synlab-nouvelle-aquitaine\/wp-content\/uploads\/sites\/45\/2022\/10\/trnava-university-Ao6MBMOB8Po-unsplash.jpg\",\"datePublished\":\"2022-08-22T14:46:24+00:00\",\"dateModified\":\"2023-07-03T09:53:04+00:00\",\"description\":\"L'ensemble des laboratoires d'analyses m\u00e9dicales de la r\u00e9gion Aquitaine sont g\u00e9r\u00e9s par la soci\u00e9t\u00e9 SYNLAB Nouvelle Aquitaine qui garantit la proximit\u00e9 de la sant\u00e9 au plus proche de ses patients.\",\"breadcrumb\":{\"@id\":\"https:\/\/www.synlab.fr\/synlab-nouvelle-aquitaine\/nous-connaitre\/decouvrir-synlab-nouvelle-aquitaine\/#breadcrumb\"},\"inLanguage\":\"fr-FR\",\"potentialAction\":[{\"@type\":\"ReadAction\",\"target\":[\"https:\/\/www.synlab.fr\/synlab-nouvelle-aquitaine\/nous-connaitre\/decouvrir-synlab-nouvelle-aquitaine\/\"]}]},{\"@type\":\"ImageObject\",\"inLanguage\":\"fr-FR\",\"@id\":\"https:\/\/www.synlab.fr\/synlab-nouvelle-aquitaine\/nous-connaitre\/decouvrir-synlab-nouvelle-aquitaine\/#primaryimage\",\"url\":\"https:\/\/www.synlab.fr\/synlab-nouvelle-aquitaine\/wp-content\/uploads\/sites\/45\/2022\/10\/trnava-university-Ao6MBMOB8Po-unsplash.jpg\",\"contentUrl\":\"https:\/\/www.synlab.fr\/synlab-nouvelle-aquitaine\/wp-content\/uploads\/sites\/45\/2022\/10\/trnava-university-Ao6MBMOB8Po-unsplash.jpg\",\"width\":640,\"height\":960,\"caption\":\"Bureau dans un laboratoire\"},{\"@type\":\"BreadcrumbList\",\"@id\":\"https:\/\/www.synlab.fr\/synlab-nouvelle-aquitaine\/nous-connaitre\/decouvrir-synlab-nouvelle-aquitaine\/#breadcrumb\",\"itemListElement\":[{\"@type\":\"ListItem\",\"position\":1,\"name\":\"Home\",\"item\":\"https:\/\/www.synlab.fr\/synlab-nouvelle-aquitaine\/\"},{\"@type\":\"ListItem\",\"position\":2,\"name\":\"Nous conna\u00eetre\",\"item\":\"https:\/\/www.synlab.fr\/synlab-nouvelle-aquitaine\/nous-connaitre\/\"},{\"@type\":\"ListItem\",\"position\":3,\"name\":\"D\u00e9couvrir SYNLAB Nouvelle Aquitaine\"}]},{\"@type\":\"WebSite\",\"@id\":\"https:\/\/www.synlab.fr\/synlab-nouvelle-aquitaine\/#website\",\"url\":\"https:\/\/www.synlab.fr\/synlab-nouvelle-aquitaine\/\",\"name\":\"Synlab Nouvelle-Aquitaine\",\"description\":\"Un site utilisant Synlab\",\"potentialAction\":[{\"@type\":\"SearchAction\",\"target\":{\"@type\":\"EntryPoint\",\"urlTemplate\":\"https:\/\/www.synlab.fr\/synlab-nouvelle-aquitaine\/?s={search_term_string}\"},\"query-input\":{\"@type\":\"PropertyValueSpecification\",\"valueRequired\":true,\"valueName\":\"search_term_string\"}}],\"inLanguage\":\"fr-FR\"}]}<\/script>\n<!-- \/ Yoast SEO plugin. -->","yoast_head_json":{"title":"D\u00e9couvrir SYNLAB Nouvelle-Aquitaine","description":"L'ensemble des laboratoires d'analyses m\u00e9dicales de la r\u00e9gion Aquitaine sont g\u00e9r\u00e9s par la soci\u00e9t\u00e9 SYNLAB Nouvelle Aquitaine qui garantit la proximit\u00e9 de la sant\u00e9 au plus proche de ses patients.","robots":{"index":"noindex","follow":"follow","max-snippet":"max-snippet:-1","max-image-preview":"max-image-preview:large","max-video-preview":"max-video-preview:-1"},"og_locale":"fr_FR","og_type":"article","og_title":"D\u00e9couvrir SYNLAB Nouvelle-Aquitaine","og_description":"L'ensemble des laboratoires d'analyses m\u00e9dicales de la r\u00e9gion Aquitaine sont g\u00e9r\u00e9s par la soci\u00e9t\u00e9 SYNLAB Nouvelle Aquitaine qui garantit la proximit\u00e9 de la sant\u00e9 au plus proche de ses patients.","og_url":"https:\/\/www.synlab.fr\/synlab-nouvelle-aquitaine\/nous-connaitre\/decouvrir-synlab-nouvelle-aquitaine\/","og_site_name":"Synlab Nouvelle-Aquitaine","article_modified_time":"2023-07-03T09:53:04+00:00","og_image":[{"width":640,"height":960,"url":"https:\/\/www.synlab.fr\/clone\/synlab-nouvelle-aquitaine\/wp-content\/uploads\/sites\/45\/2022\/10\/trnava-university-Ao6MBMOB8Po-unsplash.jpg","type":"image\/jpeg"}],"twitter_card":"summary_large_image","schema":{"@context":"https:\/\/schema.org","@graph":[{"@type":"WebPage","@id":"https:\/\/www.synlab.fr\/synlab-nouvelle-aquitaine\/nous-connaitre\/decouvrir-synlab-nouvelle-aquitaine\/","url":"https:\/\/www.synlab.fr\/synlab-nouvelle-aquitaine\/nous-connaitre\/decouvrir-synlab-nouvelle-aquitaine\/","name":"D\u00e9couvrir SYNLAB Nouvelle-Aquitaine","isPartOf":{"@id":"https:\/\/www.synlab.fr\/synlab-nouvelle-aquitaine\/#website"},"primaryImageOfPage":{"@id":"https:\/\/www.synlab.fr\/synlab-nouvelle-aquitaine\/nous-connaitre\/decouvrir-synlab-nouvelle-aquitaine\/#primaryimage"},"image":{"@id":"https:\/\/www.synlab.fr\/synlab-nouvelle-aquitaine\/nous-connaitre\/decouvrir-synlab-nouvelle-aquitaine\/#primaryimage"},"thumbnailUrl":"https:\/\/www.synlab.fr\/synlab-nouvelle-aquitaine\/wp-content\/uploads\/sites\/45\/2022\/10\/trnava-university-Ao6MBMOB8Po-unsplash.jpg","datePublished":"2022-08-22T14:46:24+00:00","dateModified":"2023-07-03T09:53:04+00:00","description":"L'ensemble des laboratoires d'analyses m\u00e9dicales de la r\u00e9gion Aquitaine sont g\u00e9r\u00e9s par la soci\u00e9t\u00e9 SYNLAB Nouvelle Aquitaine qui garantit la proximit\u00e9 de la sant\u00e9 au plus proche de ses patients.","breadcrumb":{"@id":"https:\/\/www.synlab.fr\/synlab-nouvelle-aquitaine\/nous-connaitre\/decouvrir-synlab-nouvelle-aquitaine\/#breadcrumb"},"inLanguage":"fr-FR","potentialAction":[{"@type":"ReadAction","target":["https:\/\/www.synlab.fr\/synlab-nouvelle-aquitaine\/nous-connaitre\/decouvrir-synlab-nouvelle-aquitaine\/"]}]},{"@type":"ImageObject","inLanguage":"fr-FR","@id":"https:\/\/www.synlab.fr\/synlab-nouvelle-aquitaine\/nous-connaitre\/decouvrir-synlab-nouvelle-aquitaine\/#primaryimage","url":"https:\/\/www.synlab.fr\/synlab-nouvelle-aquitaine\/wp-content\/uploads\/sites\/45\/2022\/10\/trnava-university-Ao6MBMOB8Po-unsplash.jpg","contentUrl":"https:\/\/www.synlab.fr\/synlab-nouvelle-aquitaine\/wp-content\/uploads\/sites\/45\/2022\/10\/trnava-university-Ao6MBMOB8Po-unsplash.jpg","width":640,"height":960,"caption":"Bureau dans un laboratoire"},{"@type":"BreadcrumbList","@id":"https:\/\/www.synlab.fr\/synlab-nouvelle-aquitaine\/nous-connaitre\/decouvrir-synlab-nouvelle-aquitaine\/#breadcrumb","itemListElement":[{"@type":"ListItem","position":1,"name":"Home","item":"https:\/\/www.synlab.fr\/synlab-nouvelle-aquitaine\/"},{"@type":"ListItem","position":2,"name":"Nous conna\u00eetre","item":"https:\/\/www.synlab.fr\/synlab-nouvelle-aquitaine\/nous-connaitre\/"},{"@type":"ListItem","position":3,"name":"D\u00e9couvrir SYNLAB Nouvelle Aquitaine"}]},{"@type":"WebSite","@id":"https:\/\/www.synlab.fr\/synlab-nouvelle-aquitaine\/#website","url":"https:\/\/www.synlab.fr\/synlab-nouvelle-aquitaine\/","name":"Synlab Nouvelle-Aquitaine","description":"Un site utilisant Synlab","potentialAction":[{"@type":"SearchAction","target":{"@type":"EntryPoint","urlTemplate":"https:\/\/www.synlab.fr\/synlab-nouvelle-aquitaine\/?s={search_term_string}"},"query-input":{"@type":"PropertyValueSpecification","valueRequired":true,"valueName":"search_term_string"}}],"inLanguage":"fr-FR"}]}},"_links":{"self":[{"href":"https:\/\/www.synlab.fr\/synlab-nouvelle-aquitaine\/wp-json\/wp\/v2\/pages\/1380","targetHints":{"allow":["GET"]}}],"collection":[{"href":"https:\/\/www.synlab.fr\/synlab-nouvelle-aquitaine\/wp-json\/wp\/v2\/pages"}],"about":[{"href":"https:\/\/www.synlab.fr\/synlab-nouvelle-aquitaine\/wp-json\/wp\/v2\/types\/page"}],"author":[{"embeddable":true,"href":"https:\/\/www.synlab.fr\/synlab-nouvelle-aquitaine\/wp-json\/wp\/v2\/users\/13"}],"replies":[{"embeddable":true,"href":"https:\/\/www.synlab.fr\/synlab-nouvelle-aquitaine\/wp-json\/wp\/v2\/comments?post=1380"}],"version-history":[{"count":32,"href":"https:\/\/www.synlab.fr\/synlab-nouvelle-aquitaine\/wp-json\/wp\/v2\/pages\/1380\/revisions"}],"predecessor-version":[{"id":5875,"href":"https:\/\/www.synlab.fr\/synlab-nouvelle-aquitaine\/wp-json\/wp\/v2\/pages\/1380\/revisions\/5875"}],"up":[{"embeddable":true,"href":"https:\/\/www.synlab.fr\/synlab-nouvelle-aquitaine\/wp-json\/wp\/v2\/pages\/26"}],"wp:featuredmedia":[{"embeddable":true,"href":"https:\/\/www.synlab.fr\/synlab-nouvelle-aquitaine\/wp-json\/wp\/v2\/media\/3476"}],"wp:attachment":[{"href":"https:\/\/www.synlab.fr\/synlab-nouvelle-aquitaine\/wp-json\/wp\/v2\/media?parent=1380"}],"curies":[{"name":"wp","href":"https:\/\/api.w.org\/{rel}","templated":true}]}}