{"id":18,"date":"2022-04-28T17:16:11","date_gmt":"2022-04-28T15:16:11","guid":{"rendered":"https:\/\/www.synlab.fr\/aix-en-provence\/?page_id=18"},"modified":"2023-06-29T15:36:22","modified_gmt":"2023-06-29T13:36:22","slug":"patient","status":"publish","type":"page","link":"https:\/\/www.synlab.fr\/synlab-nouvelle-aquitaine\/patient\/","title":{"rendered":"Espace patient"},"content":{"rendered":"<div class=\"container block-texte_image\">\n\n\t\t\t<div class=\"block-texte_image-contenu order-1\" style=\"--widthContenu:100%\">\n\t\t\t<h2>Se pr\u00e9parer avant votre arriv\u00e9e dans nos laboratoires d&rsquo;analyses <\/h2>\t\t\t<article><p>Bienvenue dans cet espace de sant\u00e9 o\u00f9 vous pourrez retrouver l&rsquo;ensemble des informations n\u00e9cessaires pour pr\u00e9parer votre visite ou celles de vos proches au sein de nos laboratoires d&rsquo;analyses m\u00e9dicales SYNLAB.<\/p>\n<\/article>\t\t\t\t\t\t\n\t\t\t\t\t<\/div>\n\t\n\t\n\t\t\n<\/div>\n\n\n\n\n\t\n\t\n\n\n\n<div class=\"container-fluid block-separateur\" style=\"--heightDesk:30px;--heightMob:20px;\">\n\n    \n    \n<\/div>\n\n<div class=\"container block-texte_image\">\n\n\t\t\t<div class=\"block-texte_image-contenu order-1\" style=\"--widthContenu:50%\">\n\t\t\t<h2>Avant de venir <\/h2>\t\t\t<article><p>Quels sont les documents \u00e0 apporter ? Quand \u00eatre \u00e0 jeune ?<\/p>\n<p>Toutes les r\u00e9ponses \u00e0 ces questions sont disponibles dans cette rubrique.<\/p>\n<\/article>\t\t\t\t\t\t\n\t\t\t<p><a href=\"https:\/\/www.synlab.fr\/synlab-nouvelle-aquitaine\/patient\/avant-de-venir\/\" style=\"--colorCTA:#003765\" target=\"\" class=\"block-texte_image-contenu-cta\">En savoir plus<\/a><\/p>\t\t<\/div>\n\t\n\t\n\t\t<div class=\"block-texte_image-illustration order-0\" style=\"--widthImage:50%;\">\n\t\t\t<img decoding=\"async\" src=\"https:\/\/www.synlab.fr\/synlab-nouvelle-aquitaine\/wp-content\/uploads\/sites\/45\/2022\/09\/scott-graham-OQMZwNd3ThU-unsplash-1.jpg\" alt=\"scott-graham-OQMZwNd3ThU-unsplash (1)\"\/>\n\t\t<\/div>\n\n\t\n\t\t\n<\/div>\n\n\n\n\n\t\n\t\n\n\n\n<div class=\"container-fluid block-separateur\" style=\"--heightDesk:30px;--heightMob:20px;\">\n\n    \n    \n<\/div>\n\n<div class=\"container block-texte_image\">\n\n\t\t\t<div class=\"block-texte_image-contenu order-0\" style=\"--widthContenu:50%\">\n\t\t\t<h2>A propos de mes analyses m\u00e9dicales <\/h2>\t\t\t<article><p>Vous souhaitez savoir : Si vos analyses sont prises en charge dans leur int\u00e9gralit\u00e9 par votre s\u00e9curit\u00e9 sociale ? Quand et o\u00f9 retrouvez vos r\u00e9sultats d&rsquo;analyses ?<\/p>\n<p>Toutes les r\u00e9ponses \u00e0 ces questions sont disponibles dans cette rubrique.<\/p>\n<\/article>\t\t\t\t\t\t\n\t\t\t<p><a href=\"https:\/\/www.synlab.fr\/synlab-nouvelle-aquitaine\/patient\/a-propos-des-analyses-medicales\/\" style=\"--colorCTA:#003765\" target=\"\" class=\"block-texte_image-contenu-cta\">En savoir plus<\/a><\/p>\t\t<\/div>\n\t\n\t\n\t\t<div class=\"block-texte_image-illustration order-1\" style=\"--widthImage:50%;\">\n\t\t\t<img decoding=\"async\" src=\"https:\/\/www.synlab.fr\/synlab-nouvelle-aquitaine\/wp-content\/uploads\/sites\/45\/2022\/10\/Un-docteur-qui-montre-lecran-de-sa-tablette-a-sa-patiente-.jpg\" alt=\"Un docteur qui montre l'\u00e9cran de sa tablette \u00e0 sa patiente\"\/>\n\t\t<\/div>\n\n\t\n\t\t\n<\/div>\n\n\n\n\n\t\n\t\n\n\n\n<div class=\"container-fluid block-separateur\" style=\"--heightDesk:30px;--heightMob:20px;\">\n\n    \n    \n<\/div>\n\n<div class=\"container block-texte_image\">\n\n\t\t\t<div class=\"block-texte_image-contenu order-1\" style=\"--widthContenu:50%\">\n\t\t\t<h2>SYNLAB au service des jeunes patients<\/h2>\t\t\t<article><p>Venir au laboratoire avec son enfant peut \u00eatre source de stress. C\u2019est pourquoi nos \u00e9quipes mettent tout en \u0153uvre pour vous aider \u00e0 vous pr\u00e9parer afin que tout se passe au mieux.<\/p>\n<\/article>\t\t\t\t\t\t\n\t\t\t<p><a href=\"https:\/\/www.synlab.fr\/synlab-nouvelle-aquitaine\/patient\/comment-preparer-votre-enfant-a-un-prelevement\/\" style=\"--colorCTA:#003765\" target=\"\" class=\"block-texte_image-contenu-cta\">En savoir plus<\/a><\/p>\t\t<\/div>\n\t\n\t\n\t\t<div class=\"block-texte_image-illustration order-0\" style=\"--widthImage:50%;\">\n\t\t\t<img decoding=\"async\" src=\"https:\/\/www.synlab.fr\/synlab-nouvelle-aquitaine\/wp-content\/uploads\/sites\/45\/2023\/04\/Bravo-enfants-e1673971272350-1.png\" alt=\"Bravo-enfants-e1673971272350 (1)\"\/>\n\t\t<\/div>\n\n\t\n\t\t\n<\/div>\n\n\n\n\n\t\n\t\n","protected":false},"excerpt":{"rendered":"","protected":false},"author":1,"featured_media":3671,"parent":0,"menu_order":0,"comment_status":"closed","ping_status":"closed","template":"","meta":{"_acf_changed":false,"footnotes":""},"class_list":["post-18","page","type-page","status-publish","has-post-thumbnail","hentry"],"acf":[],"yoast_head":"<!-- This site is optimized with the Yoast SEO plugin v26.3 - https:\/\/yoast.com\/wordpress\/plugins\/seo\/ -->\n<title>SYNLAB Nouvelle-Aquitaine - Espace Patient<\/title>\n<meta name=\"description\" content=\"Notre espace sant\u00e9 r\u00e9capitule l\u2019ensemble des informations n\u00e9cessaires pour pr\u00e9parer votre visite ou celles de vos proches au sein de nos laboratoires d\u2019analyses m\u00e9dicales SYNLAB.\" \/>\n<meta name=\"robots\" content=\"noindex, follow, max-snippet:-1, max-image-preview:large, max-video-preview:-1\" \/>\n<meta property=\"og:locale\" content=\"fr_FR\" \/>\n<meta property=\"og:type\" content=\"article\" \/>\n<meta property=\"og:title\" content=\"SYNLAB Nouvelle-Aquitaine - Espace Patient\" \/>\n<meta property=\"og:description\" content=\"Notre espace sant\u00e9 r\u00e9capitule l\u2019ensemble des informations n\u00e9cessaires pour pr\u00e9parer votre visite ou celles de vos proches au sein de nos laboratoires d\u2019analyses m\u00e9dicales SYNLAB.\" \/>\n<meta property=\"og:url\" content=\"https:\/\/www.synlab.fr\/clone\/synlab-nouvelle-aquitaine\/patient\/\" \/>\n<meta property=\"og:site_name\" content=\"Synlab Nouvelle-Aquitaine\" \/>\n<meta property=\"article:modified_time\" content=\"2023-06-29T13:36:22+00:00\" \/>\n<meta property=\"og:image\" content=\"https:\/\/www.synlab.fr\/clone\/synlab-nouvelle-aquitaine\/wp-content\/uploads\/sites\/45\/2022\/10\/logo-synlab.png\" \/>\n\t<meta property=\"og:image:width\" content=\"1278\" \/>\n\t<meta property=\"og:image:height\" content=\"717\" \/>\n\t<meta property=\"og:image:type\" content=\"image\/png\" \/>\n<meta name=\"twitter:card\" content=\"summary_large_image\" \/>\n<script type=\"application\/ld+json\" class=\"yoast-schema-graph\">{\"@context\":\"https:\/\/schema.org\",\"@graph\":[{\"@type\":\"WebPage\",\"@id\":\"https:\/\/www.synlab.fr\/clone\/synlab-nouvelle-aquitaine\/patient\/\",\"url\":\"https:\/\/www.synlab.fr\/clone\/synlab-nouvelle-aquitaine\/patient\/\",\"name\":\"SYNLAB Nouvelle-Aquitaine - Espace Patient\",\"isPartOf\":{\"@id\":\"https:\/\/www.synlab.fr\/synlab-nouvelle-aquitaine\/#website\"},\"primaryImageOfPage\":{\"@id\":\"https:\/\/www.synlab.fr\/clone\/synlab-nouvelle-aquitaine\/patient\/#primaryimage\"},\"image\":{\"@id\":\"https:\/\/www.synlab.fr\/clone\/synlab-nouvelle-aquitaine\/patient\/#primaryimage\"},\"thumbnailUrl\":\"https:\/\/www.synlab.fr\/synlab-nouvelle-aquitaine\/wp-content\/uploads\/sites\/45\/2022\/10\/logo-synlab.png\",\"datePublished\":\"2022-04-28T15:16:11+00:00\",\"dateModified\":\"2023-06-29T13:36:22+00:00\",\"description\":\"Notre espace sant\u00e9 r\u00e9capitule l\u2019ensemble des informations n\u00e9cessaires pour pr\u00e9parer votre visite ou celles de vos proches au sein de nos laboratoires d\u2019analyses m\u00e9dicales SYNLAB.\",\"breadcrumb\":{\"@id\":\"https:\/\/www.synlab.fr\/clone\/synlab-nouvelle-aquitaine\/patient\/#breadcrumb\"},\"inLanguage\":\"fr-FR\",\"potentialAction\":[{\"@type\":\"ReadAction\",\"target\":[\"https:\/\/www.synlab.fr\/clone\/synlab-nouvelle-aquitaine\/patient\/\"]}]},{\"@type\":\"ImageObject\",\"inLanguage\":\"fr-FR\",\"@id\":\"https:\/\/www.synlab.fr\/clone\/synlab-nouvelle-aquitaine\/patient\/#primaryimage\",\"url\":\"https:\/\/www.synlab.fr\/synlab-nouvelle-aquitaine\/wp-content\/uploads\/sites\/45\/2022\/10\/logo-synlab.png\",\"contentUrl\":\"https:\/\/www.synlab.fr\/synlab-nouvelle-aquitaine\/wp-content\/uploads\/sites\/45\/2022\/10\/logo-synlab.png\",\"width\":1278,\"height\":717,\"caption\":\"Logo bleu SYNLAB\"},{\"@type\":\"BreadcrumbList\",\"@id\":\"https:\/\/www.synlab.fr\/clone\/synlab-nouvelle-aquitaine\/patient\/#breadcrumb\",\"itemListElement\":[{\"@type\":\"ListItem\",\"position\":1,\"name\":\"Home\",\"item\":\"https:\/\/www.synlab.fr\/synlab-nouvelle-aquitaine\/\"},{\"@type\":\"ListItem\",\"position\":2,\"name\":\"Espace patient\"}]},{\"@type\":\"WebSite\",\"@id\":\"https:\/\/www.synlab.fr\/synlab-nouvelle-aquitaine\/#website\",\"url\":\"https:\/\/www.synlab.fr\/synlab-nouvelle-aquitaine\/\",\"name\":\"Synlab Nouvelle-Aquitaine\",\"description\":\"Un site utilisant Synlab\",\"potentialAction\":[{\"@type\":\"SearchAction\",\"target\":{\"@type\":\"EntryPoint\",\"urlTemplate\":\"https:\/\/www.synlab.fr\/synlab-nouvelle-aquitaine\/?s={search_term_string}\"},\"query-input\":{\"@type\":\"PropertyValueSpecification\",\"valueRequired\":true,\"valueName\":\"search_term_string\"}}],\"inLanguage\":\"fr-FR\"}]}<\/script>\n<!-- \/ Yoast SEO plugin. -->","yoast_head_json":{"title":"SYNLAB Nouvelle-Aquitaine - Espace Patient","description":"Notre espace sant\u00e9 r\u00e9capitule l\u2019ensemble des informations n\u00e9cessaires pour pr\u00e9parer votre visite ou celles de vos proches au sein de nos laboratoires d\u2019analyses m\u00e9dicales SYNLAB.","robots":{"index":"noindex","follow":"follow","max-snippet":"max-snippet:-1","max-image-preview":"max-image-preview:large","max-video-preview":"max-video-preview:-1"},"og_locale":"fr_FR","og_type":"article","og_title":"SYNLAB Nouvelle-Aquitaine - Espace Patient","og_description":"Notre espace sant\u00e9 r\u00e9capitule l\u2019ensemble des informations n\u00e9cessaires pour pr\u00e9parer votre visite ou celles de vos proches au sein de nos laboratoires d\u2019analyses m\u00e9dicales SYNLAB.","og_url":"https:\/\/www.synlab.fr\/clone\/synlab-nouvelle-aquitaine\/patient\/","og_site_name":"Synlab Nouvelle-Aquitaine","article_modified_time":"2023-06-29T13:36:22+00:00","og_image":[{"width":1278,"height":717,"url":"https:\/\/www.synlab.fr\/clone\/synlab-nouvelle-aquitaine\/wp-content\/uploads\/sites\/45\/2022\/10\/logo-synlab.png","type":"image\/png"}],"twitter_card":"summary_large_image","schema":{"@context":"https:\/\/schema.org","@graph":[{"@type":"WebPage","@id":"https:\/\/www.synlab.fr\/clone\/synlab-nouvelle-aquitaine\/patient\/","url":"https:\/\/www.synlab.fr\/clone\/synlab-nouvelle-aquitaine\/patient\/","name":"SYNLAB Nouvelle-Aquitaine - Espace Patient","isPartOf":{"@id":"https:\/\/www.synlab.fr\/synlab-nouvelle-aquitaine\/#website"},"primaryImageOfPage":{"@id":"https:\/\/www.synlab.fr\/clone\/synlab-nouvelle-aquitaine\/patient\/#primaryimage"},"image":{"@id":"https:\/\/www.synlab.fr\/clone\/synlab-nouvelle-aquitaine\/patient\/#primaryimage"},"thumbnailUrl":"https:\/\/www.synlab.fr\/synlab-nouvelle-aquitaine\/wp-content\/uploads\/sites\/45\/2022\/10\/logo-synlab.png","datePublished":"2022-04-28T15:16:11+00:00","dateModified":"2023-06-29T13:36:22+00:00","description":"Notre espace sant\u00e9 r\u00e9capitule l\u2019ensemble des informations n\u00e9cessaires pour pr\u00e9parer votre visite ou celles de vos proches au sein de nos laboratoires d\u2019analyses m\u00e9dicales SYNLAB.","breadcrumb":{"@id":"https:\/\/www.synlab.fr\/clone\/synlab-nouvelle-aquitaine\/patient\/#breadcrumb"},"inLanguage":"fr-FR","potentialAction":[{"@type":"ReadAction","target":["https:\/\/www.synlab.fr\/clone\/synlab-nouvelle-aquitaine\/patient\/"]}]},{"@type":"ImageObject","inLanguage":"fr-FR","@id":"https:\/\/www.synlab.fr\/clone\/synlab-nouvelle-aquitaine\/patient\/#primaryimage","url":"https:\/\/www.synlab.fr\/synlab-nouvelle-aquitaine\/wp-content\/uploads\/sites\/45\/2022\/10\/logo-synlab.png","contentUrl":"https:\/\/www.synlab.fr\/synlab-nouvelle-aquitaine\/wp-content\/uploads\/sites\/45\/2022\/10\/logo-synlab.png","width":1278,"height":717,"caption":"Logo bleu SYNLAB"},{"@type":"BreadcrumbList","@id":"https:\/\/www.synlab.fr\/clone\/synlab-nouvelle-aquitaine\/patient\/#breadcrumb","itemListElement":[{"@type":"ListItem","position":1,"name":"Home","item":"https:\/\/www.synlab.fr\/synlab-nouvelle-aquitaine\/"},{"@type":"ListItem","position":2,"name":"Espace patient"}]},{"@type":"WebSite","@id":"https:\/\/www.synlab.fr\/synlab-nouvelle-aquitaine\/#website","url":"https:\/\/www.synlab.fr\/synlab-nouvelle-aquitaine\/","name":"Synlab Nouvelle-Aquitaine","description":"Un site utilisant Synlab","potentialAction":[{"@type":"SearchAction","target":{"@type":"EntryPoint","urlTemplate":"https:\/\/www.synlab.fr\/synlab-nouvelle-aquitaine\/?s={search_term_string}"},"query-input":{"@type":"PropertyValueSpecification","valueRequired":true,"valueName":"search_term_string"}}],"inLanguage":"fr-FR"}]}},"_links":{"self":[{"href":"https:\/\/www.synlab.fr\/synlab-nouvelle-aquitaine\/wp-json\/wp\/v2\/pages\/18","targetHints":{"allow":["GET"]}}],"collection":[{"href":"https:\/\/www.synlab.fr\/synlab-nouvelle-aquitaine\/wp-json\/wp\/v2\/pages"}],"about":[{"href":"https:\/\/www.synlab.fr\/synlab-nouvelle-aquitaine\/wp-json\/wp\/v2\/types\/page"}],"author":[{"embeddable":true,"href":"https:\/\/www.synlab.fr\/synlab-nouvelle-aquitaine\/wp-json\/wp\/v2\/users\/1"}],"replies":[{"embeddable":true,"href":"https:\/\/www.synlab.fr\/synlab-nouvelle-aquitaine\/wp-json\/wp\/v2\/comments?post=18"}],"version-history":[{"count":22,"href":"https:\/\/www.synlab.fr\/synlab-nouvelle-aquitaine\/wp-json\/wp\/v2\/pages\/18\/revisions"}],"predecessor-version":[{"id":6043,"href":"https:\/\/www.synlab.fr\/synlab-nouvelle-aquitaine\/wp-json\/wp\/v2\/pages\/18\/revisions\/6043"}],"wp:featuredmedia":[{"embeddable":true,"href":"https:\/\/www.synlab.fr\/synlab-nouvelle-aquitaine\/wp-json\/wp\/v2\/media\/3671"}],"wp:attachment":[{"href":"https:\/\/www.synlab.fr\/synlab-nouvelle-aquitaine\/wp-json\/wp\/v2\/media?parent=18"}],"curies":[{"name":"wp","href":"https:\/\/api.w.org\/{rel}","templated":true}]}}