{"id":26,"date":"2022-04-28T17:17:01","date_gmt":"2022-04-28T15:17:01","guid":{"rendered":"https:\/\/www.synlab.fr\/aix-en-provence\/?page_id=26"},"modified":"2023-10-13T14:45:08","modified_gmt":"2023-10-13T12:45:08","slug":"nous-connaitre","status":"publish","type":"page","link":"https:\/\/www.synlab.fr\/synlab-nouvelle-aquitaine\/nous-connaitre\/","title":{"rendered":"Nous conna\u00eetre"},"content":{"rendered":"<div class=\"container block-texte_image\">\n\n\t\t\t<div class=\"block-texte_image-contenu order-1\" style=\"--widthContenu:70%\">\n\t\t\t<h2>D\u00e9couvrir SYNLAB Nouvelle Aquitaine<\/h2>\t\t\t<article><p><strong>Synlab Nouvelle-Aquitaine constitue la plus importante filiale fran\u00e7aise du groupe SYNLAB, leader Europ\u00e9en du diagnostic m\u00e9dical.<\/strong><\/p>\n<\/article>\t\t\t\t\t\t\n\t\t\t<p><a href=\"https:\/\/www.synlab.fr\/synlab-nouvelle-aquitaine\/nous-connaitre\/decouvrir-synlab-nouvelle-aquitaine\/\" style=\"--colorCTA:#003765\" target=\"\" class=\"block-texte_image-contenu-cta\">En savoir plus<\/a><\/p>\t\t<\/div>\n\t\n\t\n\t\t<div class=\"block-texte_image-illustration order-0\" style=\"--widthImage:30%;\">\n\t\t\t<img decoding=\"async\" src=\"https:\/\/www.synlab.fr\/synlab-nouvelle-aquitaine\/wp-content\/uploads\/sites\/45\/2022\/10\/trnava-university-Ao6MBMOB8Po-unsplash.jpg\" alt=\"trnava-university-Ao6MBMOB8Po-unsplash\"\/>\n\t\t<\/div>\n\n\t\n\t\t\n<\/div>\n\n\n\n\n\t\n\t\n\n\n\n<div class=\"container-fluid block-separateur\" style=\"--heightDesk:30px;--heightMob:20px;\">\n\n    \n    \n<\/div>\n\n<div class=\"container block-texte_image\">\n\n\t\t\t<div class=\"block-texte_image-contenu order-1\" style=\"--widthContenu:70%\">\n\t\t\t<h2>Notre offre<\/h2>\t\t\t<article><p>La sant\u00e9 de nos patients est la premi\u00e8re de nos priorit\u00e9s. Nous apportons une gamme tr\u00e8s riche de services de laboratoire clinique (SLC) couvrant tous les domaines du diagnostic m\u00e9dical.<\/p>\n<p>Nous mettons nos comp\u00e9tences au service des patients, des m\u00e9decins, des h\u00f4pitaux et de l\u2019industrie pharmaceutique.<\/p>\n<\/article>\t\t\t\t\t\t\n\t\t\t<p><a href=\"https:\/\/www.synlab.fr\/nous-connaitre\/notre-offre\/\" style=\"--colorCTA:#003765\" target=\"\" class=\"block-texte_image-contenu-cta\">En savoir plus<\/a><\/p>\t\t<\/div>\n\t\n\t\n\t\t<div class=\"block-texte_image-illustration order-0\" style=\"--widthImage:30%;\">\n\t\t\t<img decoding=\"async\" src=\"https:\/\/www.synlab.fr\/synlab-nouvelle-aquitaine\/wp-content\/uploads\/sites\/45\/2022\/09\/national-cancer-institute-9k4Fglw6eFQ-unsplash.jpg\" alt=\"national-cancer-institute-9k4Fglw6eFQ-unsplash\"\/>\n\t\t<\/div>\n\n\t\n\t\t\n<\/div>\n\n\n\n\n\t\n\t\n\n\n\n<div class=\"container-fluid block-separateur\" style=\"--heightDesk:30px;--heightMob:20px;\">\n\n    \n    \n<\/div>\n\n<div class=\"container block-texte_image\">\n\n\t\t\t<div class=\"block-texte_image-contenu order-1\" style=\"--widthContenu:70%\">\n\t\t\t<h2>Missions et valeurs<\/h2>\t\t\t<article><ul>\n<li aria-level=\"1\">Fournir des services de diagnostic aux patients, aux m\u00e9decins, aux h\u00f4pitaux, aux institutions et aux entreprises.<\/li>\n<li aria-level=\"1\">Collecter les \u00e9chantillons, les acheminer vers des plateaux techniques pour les analyser, puis puis communiquer des r\u00e9sultats fiables et pr\u00e9cis dans les meilleurs d\u00e9lais.<\/li>\n<li aria-level=\"1\">Proposer une prestation de conseil pour l\u2019interpr\u00e9tation des r\u00e9sultats et l\u2019aide \u00e0 la d\u00e9cision m\u00e9dicale.<\/li>\n<li aria-level=\"1\">Suivre et s\u2019adapter aux r\u00e9glementations et aux mod\u00e8les commerciaux locaux.<\/li>\n<li aria-level=\"1\">Se concentrer sur l\u2019excellence m\u00e9dicale centr\u00e9e sur le client<\/li>\n<\/ul>\n<p>&nbsp;<\/p>\n<\/article>\t\t\t\t\t\t\n\t\t\t<p><a href=\"https:\/\/www.synlab.fr\/nous-connaitre\/missions-et-valeurs\/\" style=\"--colorCTA:#003765\" target=\"\" class=\"block-texte_image-contenu-cta\">En savoir plus<\/a><\/p>\t\t<\/div>\n\t\n\t\n\t\t<div class=\"block-texte_image-illustration order-0\" style=\"--widthImage:30%;\">\n\t\t\t<img decoding=\"async\" src=\"https:\/\/www.synlab.fr\/synlab-nouvelle-aquitaine\/wp-content\/uploads\/sites\/45\/2022\/10\/Valeurs-.jpeg\" alt=\"Valeurs\"\/>\n\t\t<\/div>\n\n\t\n\t\t\n<\/div>\n\n\n\n\n\t\n\t\n\n\n\n<div class=\"container-fluid block-separateur\" style=\"--heightDesk:30px;--heightMob:20px;\">\n\n    \n    \n<\/div>\n\n<div class=\"container block-texte_image\">\n\n\t\t\t<div class=\"block-texte_image-contenu order-0\" style=\"--widthContenu:70%\">\n\t\t\t<h2>Nos engagements<\/h2>\t\t\t<article><p>En tant qu\u2019entreprise du secteur des soins de sant\u00e9, nous avons la possibilit\u00e9 d\u2019avoir un impact positif sur la sant\u00e9 des gens.\u00a0<strong>La pr\u00e9vention est un \u00e9l\u00e9ment cl\u00e9 de nos engagements.<\/strong>\u00a0Chaque ann\u00e9e, nous nous investissons aupr\u00e8s de plusieurs th\u00e9matiques sant\u00e9 :\u00a0<strong>diab\u00e8te, VIH, d\u00e9pistage du cancer du col de l\u2019ut\u00e9rus ou des actions pour la collecte de dons contre cancer du sein.<\/strong><\/p>\n<\/article>\t\t\t\t\t\t\n\t\t\t<p><a href=\"https:\/\/www.synlab.fr\/nous-connaitre\/nos-engagements\/\" style=\"--colorCTA:#003765\" target=\"\" class=\"block-texte_image-contenu-cta\">En savoir plus<\/a><\/p>\t\t<\/div>\n\t\n\t\n\t\t<div class=\"block-texte_image-illustration order-1\" style=\"--widthImage:30%;\">\n\t\t\t<img decoding=\"async\" src=\"https:\/\/www.synlab.fr\/synlab-nouvelle-aquitaine\/wp-content\/uploads\/sites\/45\/2022\/10\/national-cancer-institute-tV-RX0beDp8-unsplash-2.jpg\" alt=\"national-cancer-institute-tV-RX0beDp8-unsplash (2)\"\/>\n\t\t<\/div>\n\n\t\n\t\t\n<\/div>\n\n\n\n\n\t\n\t\n\n\n\n<div class=\"container-fluid block-separateur\" style=\"--heightDesk:30px;--heightMob:20px;\">\n\n    \n    \n<\/div>\n\n<div class=\"container block-texte_image\">\n\n\t\t\t<div class=\"block-texte_image-contenu order-1\" style=\"--widthContenu:70%\">\n\t\t\t<h2>Index sur l\u2019\u00e9galit\u00e9 Femmes \/ Hommes 2022<\/h2>\t\t\t<article><p>L\u2019\u00e9galit\u00e9 professionnelle entre les femmes et les hommes a \u00e9t\u00e9 d\u00e9clar\u00e9e grande cause nationale par le gouvernement et a fait l\u2019objet de mesures inscrites dans la Loi pour la libert\u00e9 de choisir son avenir professionnel du 5 septembre 2018.<\/p>\n<\/article>\t\t\t\t\t\t\n\t\t\t<p><a href=\"https:\/\/www.synlab.fr\/synlab-nouvelle-aquitaine\/nous-connaitre\/index-sur-legalite-femmes-hommes\/\" style=\"--colorCTA:#003765\" target=\"\" class=\"block-texte_image-contenu-cta\">En savoir plus<\/a><\/p>\t\t<\/div>\n\t\n\t\n\t\t<div class=\"block-texte_image-illustration order-0\" style=\"--widthImage:30%;\">\n\t\t\t<img decoding=\"async\" src=\"https:\/\/www.synlab.fr\/synlab-nouvelle-aquitaine\/wp-content\/uploads\/sites\/45\/2022\/10\/logo-synlab.png\" alt=\"logo synlab\"\/>\n\t\t<\/div>\n\n\t\n\t\t\n<\/div>\n\n\n\n\n\t\n\t\n\n\n\n<div class=\"container-fluid block-separateur\" style=\"--heightDesk:2px;--heightMob:px;\">\n\n    \n    \n<\/div>","protected":false},"excerpt":{"rendered":"","protected":false},"author":1,"featured_media":0,"parent":0,"menu_order":0,"comment_status":"closed","ping_status":"closed","template":"","meta":{"_acf_changed":false,"footnotes":""},"class_list":["post-26","page","type-page","status-publish","hentry"],"acf":[],"yoast_head":"<!-- This site is optimized with the Yoast SEO plugin v26.3 - https:\/\/yoast.com\/wordpress\/plugins\/seo\/ -->\n<title>D\u00e9couvrez l&#039;histoire derri\u00e8re nos laboratoires d&#039;analyses SYNLAB<\/title>\n<meta name=\"description\" content=\"Vous \u00eates un patient ou une personne en recherche d&#039;emploi qui souhaite connaitre plus en d\u00e9tail l&#039;histoire et les valeurs de la soci\u00e9t\u00e9 SYNLAB ? Vous trouverez l&#039;ensemble de vos r\u00e9ponses dans notre rubrique &quot;Nous conna\u00eetre&quot; .\" \/>\n<meta name=\"robots\" content=\"noindex, follow, max-snippet:-1, max-image-preview:large, max-video-preview:-1\" \/>\n<meta property=\"og:locale\" content=\"fr_FR\" \/>\n<meta property=\"og:type\" content=\"article\" \/>\n<meta property=\"og:title\" content=\"D\u00e9couvrez l&#039;histoire derri\u00e8re nos laboratoires d&#039;analyses SYNLAB\" \/>\n<meta property=\"og:description\" content=\"Vous \u00eates un patient ou une personne en recherche d&#039;emploi qui souhaite connaitre plus en d\u00e9tail l&#039;histoire et les valeurs de la soci\u00e9t\u00e9 SYNLAB ? Vous trouverez l&#039;ensemble de vos r\u00e9ponses dans notre rubrique &quot;Nous conna\u00eetre&quot; .\" \/>\n<meta property=\"og:url\" content=\"https:\/\/www.synlab.fr\/synlab-nouvelle-aquitaine\/nous-connaitre\/\" \/>\n<meta property=\"og:site_name\" content=\"Synlab Nouvelle-Aquitaine\" \/>\n<meta property=\"article:modified_time\" content=\"2023-10-13T12:45:08+00:00\" \/>\n<meta name=\"twitter:card\" content=\"summary_large_image\" \/>\n<script type=\"application\/ld+json\" class=\"yoast-schema-graph\">{\"@context\":\"https:\/\/schema.org\",\"@graph\":[{\"@type\":\"WebPage\",\"@id\":\"https:\/\/www.synlab.fr\/synlab-nouvelle-aquitaine\/nous-connaitre\/\",\"url\":\"https:\/\/www.synlab.fr\/synlab-nouvelle-aquitaine\/nous-connaitre\/\",\"name\":\"D\u00e9couvrez l'histoire derri\u00e8re nos laboratoires d'analyses SYNLAB\",\"isPartOf\":{\"@id\":\"https:\/\/www.synlab.fr\/synlab-nouvelle-aquitaine\/#website\"},\"datePublished\":\"2022-04-28T15:17:01+00:00\",\"dateModified\":\"2023-10-13T12:45:08+00:00\",\"description\":\"Vous \u00eates un patient ou une personne en recherche d'emploi qui souhaite connaitre plus en d\u00e9tail l'histoire et les valeurs de la soci\u00e9t\u00e9 SYNLAB ? Vous trouverez l'ensemble de vos r\u00e9ponses dans notre rubrique \\\"Nous conna\u00eetre\\\" .\",\"breadcrumb\":{\"@id\":\"https:\/\/www.synlab.fr\/synlab-nouvelle-aquitaine\/nous-connaitre\/#breadcrumb\"},\"inLanguage\":\"fr-FR\",\"potentialAction\":[{\"@type\":\"ReadAction\",\"target\":[\"https:\/\/www.synlab.fr\/synlab-nouvelle-aquitaine\/nous-connaitre\/\"]}]},{\"@type\":\"BreadcrumbList\",\"@id\":\"https:\/\/www.synlab.fr\/synlab-nouvelle-aquitaine\/nous-connaitre\/#breadcrumb\",\"itemListElement\":[{\"@type\":\"ListItem\",\"position\":1,\"name\":\"Home\",\"item\":\"https:\/\/www.synlab.fr\/synlab-nouvelle-aquitaine\/\"},{\"@type\":\"ListItem\",\"position\":2,\"name\":\"Nous conna\u00eetre\"}]},{\"@type\":\"WebSite\",\"@id\":\"https:\/\/www.synlab.fr\/synlab-nouvelle-aquitaine\/#website\",\"url\":\"https:\/\/www.synlab.fr\/synlab-nouvelle-aquitaine\/\",\"name\":\"Synlab Nouvelle-Aquitaine\",\"description\":\"Un site utilisant Synlab\",\"potentialAction\":[{\"@type\":\"SearchAction\",\"target\":{\"@type\":\"EntryPoint\",\"urlTemplate\":\"https:\/\/www.synlab.fr\/synlab-nouvelle-aquitaine\/?s={search_term_string}\"},\"query-input\":{\"@type\":\"PropertyValueSpecification\",\"valueRequired\":true,\"valueName\":\"search_term_string\"}}],\"inLanguage\":\"fr-FR\"}]}<\/script>\n<!-- \/ Yoast SEO plugin. -->","yoast_head_json":{"title":"D\u00e9couvrez l'histoire derri\u00e8re nos laboratoires d'analyses SYNLAB","description":"Vous \u00eates un patient ou une personne en recherche d'emploi qui souhaite connaitre plus en d\u00e9tail l'histoire et les valeurs de la soci\u00e9t\u00e9 SYNLAB ? Vous trouverez l'ensemble de vos r\u00e9ponses dans notre rubrique \"Nous conna\u00eetre\" .","robots":{"index":"noindex","follow":"follow","max-snippet":"max-snippet:-1","max-image-preview":"max-image-preview:large","max-video-preview":"max-video-preview:-1"},"og_locale":"fr_FR","og_type":"article","og_title":"D\u00e9couvrez l'histoire derri\u00e8re nos laboratoires d'analyses SYNLAB","og_description":"Vous \u00eates un patient ou une personne en recherche d'emploi qui souhaite connaitre plus en d\u00e9tail l'histoire et les valeurs de la soci\u00e9t\u00e9 SYNLAB ? Vous trouverez l'ensemble de vos r\u00e9ponses dans notre rubrique \"Nous conna\u00eetre\" .","og_url":"https:\/\/www.synlab.fr\/synlab-nouvelle-aquitaine\/nous-connaitre\/","og_site_name":"Synlab Nouvelle-Aquitaine","article_modified_time":"2023-10-13T12:45:08+00:00","twitter_card":"summary_large_image","schema":{"@context":"https:\/\/schema.org","@graph":[{"@type":"WebPage","@id":"https:\/\/www.synlab.fr\/synlab-nouvelle-aquitaine\/nous-connaitre\/","url":"https:\/\/www.synlab.fr\/synlab-nouvelle-aquitaine\/nous-connaitre\/","name":"D\u00e9couvrez l'histoire derri\u00e8re nos laboratoires d'analyses SYNLAB","isPartOf":{"@id":"https:\/\/www.synlab.fr\/synlab-nouvelle-aquitaine\/#website"},"datePublished":"2022-04-28T15:17:01+00:00","dateModified":"2023-10-13T12:45:08+00:00","description":"Vous \u00eates un patient ou une personne en recherche d'emploi qui souhaite connaitre plus en d\u00e9tail l'histoire et les valeurs de la soci\u00e9t\u00e9 SYNLAB ? Vous trouverez l'ensemble de vos r\u00e9ponses dans notre rubrique \"Nous conna\u00eetre\" .","breadcrumb":{"@id":"https:\/\/www.synlab.fr\/synlab-nouvelle-aquitaine\/nous-connaitre\/#breadcrumb"},"inLanguage":"fr-FR","potentialAction":[{"@type":"ReadAction","target":["https:\/\/www.synlab.fr\/synlab-nouvelle-aquitaine\/nous-connaitre\/"]}]},{"@type":"BreadcrumbList","@id":"https:\/\/www.synlab.fr\/synlab-nouvelle-aquitaine\/nous-connaitre\/#breadcrumb","itemListElement":[{"@type":"ListItem","position":1,"name":"Home","item":"https:\/\/www.synlab.fr\/synlab-nouvelle-aquitaine\/"},{"@type":"ListItem","position":2,"name":"Nous conna\u00eetre"}]},{"@type":"WebSite","@id":"https:\/\/www.synlab.fr\/synlab-nouvelle-aquitaine\/#website","url":"https:\/\/www.synlab.fr\/synlab-nouvelle-aquitaine\/","name":"Synlab Nouvelle-Aquitaine","description":"Un site utilisant Synlab","potentialAction":[{"@type":"SearchAction","target":{"@type":"EntryPoint","urlTemplate":"https:\/\/www.synlab.fr\/synlab-nouvelle-aquitaine\/?s={search_term_string}"},"query-input":{"@type":"PropertyValueSpecification","valueRequired":true,"valueName":"search_term_string"}}],"inLanguage":"fr-FR"}]}},"_links":{"self":[{"href":"https:\/\/www.synlab.fr\/synlab-nouvelle-aquitaine\/wp-json\/wp\/v2\/pages\/26","targetHints":{"allow":["GET"]}}],"collection":[{"href":"https:\/\/www.synlab.fr\/synlab-nouvelle-aquitaine\/wp-json\/wp\/v2\/pages"}],"about":[{"href":"https:\/\/www.synlab.fr\/synlab-nouvelle-aquitaine\/wp-json\/wp\/v2\/types\/page"}],"author":[{"embeddable":true,"href":"https:\/\/www.synlab.fr\/synlab-nouvelle-aquitaine\/wp-json\/wp\/v2\/users\/1"}],"replies":[{"embeddable":true,"href":"https:\/\/www.synlab.fr\/synlab-nouvelle-aquitaine\/wp-json\/wp\/v2\/comments?post=26"}],"version-history":[{"count":10,"href":"https:\/\/www.synlab.fr\/synlab-nouvelle-aquitaine\/wp-json\/wp\/v2\/pages\/26\/revisions"}],"predecessor-version":[{"id":6236,"href":"https:\/\/www.synlab.fr\/synlab-nouvelle-aquitaine\/wp-json\/wp\/v2\/pages\/26\/revisions\/6236"}],"wp:attachment":[{"href":"https:\/\/www.synlab.fr\/synlab-nouvelle-aquitaine\/wp-json\/wp\/v2\/media?parent=26"}],"curies":[{"name":"wp","href":"https:\/\/api.w.org\/{rel}","templated":true}]}}