{"id":2778,"date":"2022-09-09T16:15:03","date_gmt":"2022-09-09T14:15:03","guid":{"rendered":"https:\/\/www.synlab.fr\/synlab-nouvelle-aquitaine\/?page_id=2778"},"modified":"2023-06-21T14:17:51","modified_gmt":"2023-06-21T12:17:51","slug":"index-sur-legalite-femmes-hommes","status":"publish","type":"page","link":"https:\/\/www.synlab.fr\/synlab-nouvelle-aquitaine\/nous-connaitre\/decouvrir-synlab-nouvelle-aquitaine\/index-sur-legalite-femmes-hommes\/","title":{"rendered":"Index\u00a0sur\u00a0l\u2019\u00e9galit\u00e9\u00a0Femmes\u00a0\/\u00a0Hommes 2022"},"content":{"rendered":"<div class=\"container block-texte_image\">\n\n\t\t\t<div class=\"block-texte_image-contenu order-1\" style=\"--widthContenu:100%\">\n\t\t\t\t\t\t<article><p>L\u2019\u00e9galit\u00e9 professionnelle entre les femmes et les hommes a \u00e9t\u00e9 d\u00e9clar\u00e9e grande cause nationale par le gouvernement et a fait l\u2019objet de mesures inscrites dans la Loi pour la libert\u00e9 de choisir son avenir professionnel du 5 septembre 2018.<\/p>\n<p>L\u2019une des mesures phares du plan d\u2019action du gouvernement porte sur le calcul et la publication par les entreprises chaque ann\u00e9e d\u2019un <strong>index<\/strong> permettant d\u2019\u00e9valuer l\u2019\u00e9galit\u00e9 professionnelle entre les femmes et les hommes au travers de divers indicateurs.<\/p>\n<p><strong>Cet index est calcul\u00e9 sur 100 points r\u00e9partis en 5 indicateurs.<\/strong><\/p>\n<\/article>\t\t\t\t\t\t\n\t\t\t\t\t<\/div>\n\t\n\t\n\t\t\n<\/div>\n\n\n\n\n\t\n\t\n\n\n\n<div class=\"container-fluid block-separateur\" style=\"--heightDesk:10px;--heightMob:15px;\">\n\n    \n    \n<\/div>\n\n<div class=\"container block-texte_image\">\n\n\t\n\t\n\t\t\n<\/div>\n\n\n\n\n\t\n\t\n\n\n<div class=\"container block-texte_image\">\n\n\t\t\t<div class=\"block-texte_image-contenu order-1\" style=\"--widthContenu:100%\">\n\t\t\t\t\t\t<article><h3 style=\"text-align: center;\">L\u2019index obtenu par SYNLAB NOUVELLE AQUITAINE au titre de 2021 est de\u00a0: \u00a094\/100<\/h3>\n<\/article>\t\t\t\t\t\t\n\t\t\t\t\t<\/div>\n\t\n\t\n\t\t\n<\/div>\n\n\n\n\n\t\n\t\n\n\n\n<div class=\"container-fluid block-separateur\" style=\"--heightDesk:10px;--heightMob:15px;\">\n\n    \n    \n<\/div>\n\n<div class=\"container block-texte_image\">\n\n\t\t\t<div class=\"block-texte_image-contenu order-1\" style=\"--widthContenu:100%\">\n\t\t\t\t\t\t<article><p><strong>Le d\u00e9tail des points obtenus pour chaque indicateur est le suivant\u00a0: <\/strong><\/p>\n<ol>\n<li>Ecart de r\u00e9mun\u00e9ration entre les femmes et les hommes, sur 40 points : <strong>39 points.<\/strong><\/li>\n<li>Ecart de taux d\u2019augmentations individuelles entre les femmes et les hommes, sur 35 points : <strong>20 points.<\/strong><\/li>\n<li>Ecart de taux de promotions entre les femmes et les hommes, sur 15 points : <strong>15 points.<\/strong><\/li>\n<li>Augmentation au retour de cong\u00e9 maternit\u00e9, sur 15 points : <strong>15 points.<\/strong><\/li>\n<li>Nombre de salari\u00e9s du sexe sous-repr\u00e9sent\u00e9 parmi les 10 salari\u00e9s ayant per\u00e7u les plus hautes r\u00e9mun\u00e9rations (au moins 4 femmes ou hommes), sur 10 points : <strong>5 points.<\/strong><\/li>\n<\/ol>\n<\/article>\t\t\t\t\t\t\n\t\t\t\t\t<\/div>\n\t\n\t\n\t\t\n<\/div>\n\n\n\n\n\t\n\t\n","protected":false},"excerpt":{"rendered":"","protected":false},"author":13,"featured_media":0,"parent":1380,"menu_order":1,"comment_status":"closed","ping_status":"closed","template":"","meta":{"_acf_changed":false,"footnotes":""},"class_list":["post-2778","page","type-page","status-publish","hentry"],"acf":[],"yoast_head":"<!-- This site is optimized with the Yoast SEO plugin v26.3 - https:\/\/yoast.com\/wordpress\/plugins\/seo\/ -->\n<title>SYNLAB NA - Index sur l&#039;\u00e9galit\u00e9 entre Femmes \/ Hommes<\/title>\n<meta name=\"description\" content=\"SYNLAB Nouvelle-Aquitaine accorde une importance majeure au respect, \u00e0 l&#039;int\u00e9grit\u00e9 et \u00e0 l&#039;\u00e9galit\u00e9 entre les femmes et les hommes mais aussi \u00e0 travers des diverses communaut\u00e9s dont nous faisons partie.\" \/>\n<meta name=\"robots\" content=\"noindex, follow, max-snippet:-1, max-image-preview:large, max-video-preview:-1\" \/>\n<meta property=\"og:locale\" content=\"fr_FR\" \/>\n<meta property=\"og:type\" content=\"article\" \/>\n<meta property=\"og:title\" content=\"SYNLAB NA - Index sur l&#039;\u00e9galit\u00e9 entre Femmes \/ Hommes\" \/>\n<meta property=\"og:description\" content=\"SYNLAB Nouvelle-Aquitaine accorde une importance majeure au respect, \u00e0 l&#039;int\u00e9grit\u00e9 et \u00e0 l&#039;\u00e9galit\u00e9 entre les femmes et les hommes mais aussi \u00e0 travers des diverses communaut\u00e9s dont nous faisons partie.\" \/>\n<meta property=\"og:url\" content=\"https:\/\/www.synlab.fr\/synlab-nouvelle-aquitaine\/nous-connaitre\/decouvrir-synlab-nouvelle-aquitaine\/index-sur-legalite-femmes-hommes\/\" \/>\n<meta property=\"og:site_name\" content=\"Synlab Nouvelle-Aquitaine\" \/>\n<meta property=\"article:modified_time\" content=\"2023-06-21T12:17:51+00:00\" \/>\n<meta name=\"twitter:card\" content=\"summary_large_image\" \/>\n<script type=\"application\/ld+json\" class=\"yoast-schema-graph\">{\"@context\":\"https:\/\/schema.org\",\"@graph\":[{\"@type\":\"WebPage\",\"@id\":\"https:\/\/www.synlab.fr\/synlab-nouvelle-aquitaine\/nous-connaitre\/decouvrir-synlab-nouvelle-aquitaine\/index-sur-legalite-femmes-hommes\/\",\"url\":\"https:\/\/www.synlab.fr\/synlab-nouvelle-aquitaine\/nous-connaitre\/decouvrir-synlab-nouvelle-aquitaine\/index-sur-legalite-femmes-hommes\/\",\"name\":\"SYNLAB NA - Index sur l'\u00e9galit\u00e9 entre Femmes \/ Hommes\",\"isPartOf\":{\"@id\":\"https:\/\/www.synlab.fr\/synlab-nouvelle-aquitaine\/#website\"},\"datePublished\":\"2022-09-09T14:15:03+00:00\",\"dateModified\":\"2023-06-21T12:17:51+00:00\",\"description\":\"SYNLAB Nouvelle-Aquitaine accorde une importance majeure au respect, \u00e0 l'int\u00e9grit\u00e9 et \u00e0 l'\u00e9galit\u00e9 entre les femmes et les hommes mais aussi \u00e0 travers des diverses communaut\u00e9s dont nous faisons partie.\",\"breadcrumb\":{\"@id\":\"https:\/\/www.synlab.fr\/synlab-nouvelle-aquitaine\/nous-connaitre\/decouvrir-synlab-nouvelle-aquitaine\/index-sur-legalite-femmes-hommes\/#breadcrumb\"},\"inLanguage\":\"fr-FR\",\"potentialAction\":[{\"@type\":\"ReadAction\",\"target\":[\"https:\/\/www.synlab.fr\/synlab-nouvelle-aquitaine\/nous-connaitre\/decouvrir-synlab-nouvelle-aquitaine\/index-sur-legalite-femmes-hommes\/\"]}]},{\"@type\":\"BreadcrumbList\",\"@id\":\"https:\/\/www.synlab.fr\/synlab-nouvelle-aquitaine\/nous-connaitre\/decouvrir-synlab-nouvelle-aquitaine\/index-sur-legalite-femmes-hommes\/#breadcrumb\",\"itemListElement\":[{\"@type\":\"ListItem\",\"position\":1,\"name\":\"Home\",\"item\":\"https:\/\/www.synlab.fr\/synlab-nouvelle-aquitaine\/\"},{\"@type\":\"ListItem\",\"position\":2,\"name\":\"Nous conna\u00eetre\",\"item\":\"https:\/\/www.synlab.fr\/synlab-nouvelle-aquitaine\/nous-connaitre\/\"},{\"@type\":\"ListItem\",\"position\":3,\"name\":\"D\u00e9couvrir SYNLAB Nouvelle Aquitaine\",\"item\":\"https:\/\/www.synlab.fr\/synlab-nouvelle-aquitaine\/nous-connaitre\/decouvrir-synlab-nouvelle-aquitaine\/\"},{\"@type\":\"ListItem\",\"position\":4,\"name\":\"Index\u00a0sur\u00a0l\u2019\u00e9galit\u00e9\u00a0Femmes\u00a0\/\u00a0Hommes 2022\"}]},{\"@type\":\"WebSite\",\"@id\":\"https:\/\/www.synlab.fr\/synlab-nouvelle-aquitaine\/#website\",\"url\":\"https:\/\/www.synlab.fr\/synlab-nouvelle-aquitaine\/\",\"name\":\"Synlab Nouvelle-Aquitaine\",\"description\":\"Un site utilisant Synlab\",\"potentialAction\":[{\"@type\":\"SearchAction\",\"target\":{\"@type\":\"EntryPoint\",\"urlTemplate\":\"https:\/\/www.synlab.fr\/synlab-nouvelle-aquitaine\/?s={search_term_string}\"},\"query-input\":{\"@type\":\"PropertyValueSpecification\",\"valueRequired\":true,\"valueName\":\"search_term_string\"}}],\"inLanguage\":\"fr-FR\"}]}<\/script>\n<!-- \/ Yoast SEO plugin. -->","yoast_head_json":{"title":"SYNLAB NA - Index sur l'\u00e9galit\u00e9 entre Femmes \/ Hommes","description":"SYNLAB Nouvelle-Aquitaine accorde une importance majeure au respect, \u00e0 l'int\u00e9grit\u00e9 et \u00e0 l'\u00e9galit\u00e9 entre les femmes et les hommes mais aussi \u00e0 travers des diverses communaut\u00e9s dont nous faisons partie.","robots":{"index":"noindex","follow":"follow","max-snippet":"max-snippet:-1","max-image-preview":"max-image-preview:large","max-video-preview":"max-video-preview:-1"},"og_locale":"fr_FR","og_type":"article","og_title":"SYNLAB NA - Index sur l'\u00e9galit\u00e9 entre Femmes \/ Hommes","og_description":"SYNLAB Nouvelle-Aquitaine accorde une importance majeure au respect, \u00e0 l'int\u00e9grit\u00e9 et \u00e0 l'\u00e9galit\u00e9 entre les femmes et les hommes mais aussi \u00e0 travers des diverses communaut\u00e9s dont nous faisons partie.","og_url":"https:\/\/www.synlab.fr\/synlab-nouvelle-aquitaine\/nous-connaitre\/decouvrir-synlab-nouvelle-aquitaine\/index-sur-legalite-femmes-hommes\/","og_site_name":"Synlab Nouvelle-Aquitaine","article_modified_time":"2023-06-21T12:17:51+00:00","twitter_card":"summary_large_image","schema":{"@context":"https:\/\/schema.org","@graph":[{"@type":"WebPage","@id":"https:\/\/www.synlab.fr\/synlab-nouvelle-aquitaine\/nous-connaitre\/decouvrir-synlab-nouvelle-aquitaine\/index-sur-legalite-femmes-hommes\/","url":"https:\/\/www.synlab.fr\/synlab-nouvelle-aquitaine\/nous-connaitre\/decouvrir-synlab-nouvelle-aquitaine\/index-sur-legalite-femmes-hommes\/","name":"SYNLAB NA - Index sur l'\u00e9galit\u00e9 entre Femmes \/ Hommes","isPartOf":{"@id":"https:\/\/www.synlab.fr\/synlab-nouvelle-aquitaine\/#website"},"datePublished":"2022-09-09T14:15:03+00:00","dateModified":"2023-06-21T12:17:51+00:00","description":"SYNLAB Nouvelle-Aquitaine accorde une importance majeure au respect, \u00e0 l'int\u00e9grit\u00e9 et \u00e0 l'\u00e9galit\u00e9 entre les femmes et les hommes mais aussi \u00e0 travers des diverses communaut\u00e9s dont nous faisons partie.","breadcrumb":{"@id":"https:\/\/www.synlab.fr\/synlab-nouvelle-aquitaine\/nous-connaitre\/decouvrir-synlab-nouvelle-aquitaine\/index-sur-legalite-femmes-hommes\/#breadcrumb"},"inLanguage":"fr-FR","potentialAction":[{"@type":"ReadAction","target":["https:\/\/www.synlab.fr\/synlab-nouvelle-aquitaine\/nous-connaitre\/decouvrir-synlab-nouvelle-aquitaine\/index-sur-legalite-femmes-hommes\/"]}]},{"@type":"BreadcrumbList","@id":"https:\/\/www.synlab.fr\/synlab-nouvelle-aquitaine\/nous-connaitre\/decouvrir-synlab-nouvelle-aquitaine\/index-sur-legalite-femmes-hommes\/#breadcrumb","itemListElement":[{"@type":"ListItem","position":1,"name":"Home","item":"https:\/\/www.synlab.fr\/synlab-nouvelle-aquitaine\/"},{"@type":"ListItem","position":2,"name":"Nous conna\u00eetre","item":"https:\/\/www.synlab.fr\/synlab-nouvelle-aquitaine\/nous-connaitre\/"},{"@type":"ListItem","position":3,"name":"D\u00e9couvrir SYNLAB Nouvelle Aquitaine","item":"https:\/\/www.synlab.fr\/synlab-nouvelle-aquitaine\/nous-connaitre\/decouvrir-synlab-nouvelle-aquitaine\/"},{"@type":"ListItem","position":4,"name":"Index\u00a0sur\u00a0l\u2019\u00e9galit\u00e9\u00a0Femmes\u00a0\/\u00a0Hommes 2022"}]},{"@type":"WebSite","@id":"https:\/\/www.synlab.fr\/synlab-nouvelle-aquitaine\/#website","url":"https:\/\/www.synlab.fr\/synlab-nouvelle-aquitaine\/","name":"Synlab Nouvelle-Aquitaine","description":"Un site utilisant Synlab","potentialAction":[{"@type":"SearchAction","target":{"@type":"EntryPoint","urlTemplate":"https:\/\/www.synlab.fr\/synlab-nouvelle-aquitaine\/?s={search_term_string}"},"query-input":{"@type":"PropertyValueSpecification","valueRequired":true,"valueName":"search_term_string"}}],"inLanguage":"fr-FR"}]}},"_links":{"self":[{"href":"https:\/\/www.synlab.fr\/synlab-nouvelle-aquitaine\/wp-json\/wp\/v2\/pages\/2778","targetHints":{"allow":["GET"]}}],"collection":[{"href":"https:\/\/www.synlab.fr\/synlab-nouvelle-aquitaine\/wp-json\/wp\/v2\/pages"}],"about":[{"href":"https:\/\/www.synlab.fr\/synlab-nouvelle-aquitaine\/wp-json\/wp\/v2\/types\/page"}],"author":[{"embeddable":true,"href":"https:\/\/www.synlab.fr\/synlab-nouvelle-aquitaine\/wp-json\/wp\/v2\/users\/13"}],"replies":[{"embeddable":true,"href":"https:\/\/www.synlab.fr\/synlab-nouvelle-aquitaine\/wp-json\/wp\/v2\/comments?post=2778"}],"version-history":[{"count":17,"href":"https:\/\/www.synlab.fr\/synlab-nouvelle-aquitaine\/wp-json\/wp\/v2\/pages\/2778\/revisions"}],"predecessor-version":[{"id":5876,"href":"https:\/\/www.synlab.fr\/synlab-nouvelle-aquitaine\/wp-json\/wp\/v2\/pages\/2778\/revisions\/5876"}],"up":[{"embeddable":true,"href":"https:\/\/www.synlab.fr\/synlab-nouvelle-aquitaine\/wp-json\/wp\/v2\/pages\/1380"}],"wp:attachment":[{"href":"https:\/\/www.synlab.fr\/synlab-nouvelle-aquitaine\/wp-json\/wp\/v2\/media?parent=2778"}],"curies":[{"name":"wp","href":"https:\/\/api.w.org\/{rel}","templated":true}]}}