{"id":3268,"date":"2022-09-23T09:22:10","date_gmt":"2022-09-23T07:22:10","guid":{"rendered":"https:\/\/www.synlab.fr\/synlab-nouvelle-aquitaine\/?page_id=3268"},"modified":"2022-11-23T14:19:26","modified_gmt":"2022-11-23T13:19:26","slug":"mentions-legales","status":"publish","type":"page","link":"https:\/\/www.synlab.fr\/synlab-nouvelle-aquitaine\/mentions-legales\/","title":{"rendered":"Mentions l\u00e9gales"},"content":{"rendered":"<div class=\"container block-texte_image\">\n\n\t\t\t<div class=\"block-texte_image-contenu order-1\" style=\"--widthContenu:100%\">\n\t\t\t<h2>\u00c9diteur <\/h2>\t\t\t<article><p>GIE SYNLAB Gestion, soci\u00e9t\u00e9 anonyme au capital de 78 300 135 euros<\/p>\n<p><strong>Si\u00e8ge social :<\/strong> 60\/62 Rue d&rsquo;Hauteville, 75010 Paris, France<\/p>\n<p>Immatricul\u00e9e au registre du Commerce et des Soci\u00e9t\u00e9 de Paris sous le num\u00e9ro 752 317 107<\/p>\n<p><strong>Siren <\/strong>: 752 317 107<\/p>\n<p><strong>Tel :<\/strong> +33 (0)1 56 02 67 40<\/p>\n<p><strong>Fax :<\/strong> +33 (0)1 56 02 61 44<\/p>\n<p><strong>Email :<\/strong> communication[@]synlab.fr<\/p>\n<p><strong>Directeur de la publication<\/strong> : Arnaud Gueny<\/p>\n<p><strong>Gestion des contenu <\/strong><\/p>\n<p><strong>Directrice de la communication <\/strong>: Laurence Ricard<\/p>\n<p><strong>Responsables du site Internet : <\/strong>Laurence Ricard<\/p>\n<p><strong>\u00c9crire aux responsables du site :<\/strong> laurence.ricard[@]synlab.fr\u00a0 \u00a0\u00a0<strong>\u00a0<\/strong><\/p>\n<p><strong>Droit d\u2019auteur et reprise de contenu<\/strong><\/p>\n<p>Ont particip\u00e9 \u00e0 la r\u00e9daction des textes :<\/p>\n<ul>\n<li>Am\u00e9lie Pelletier<\/li>\n<li>C\u00e9line K\u00e9ruzor\u00e9<\/li>\n<li>Olivia Royer<\/li>\n<li>G\u00e9raldine Dubois<\/li>\n<\/ul>\n<p>Le pr\u00e9sent site constitue une \u0153uvre dont GIE SYNLAB Gestion est l\u2019auteur, prot\u00e9g\u00e9e par la l\u00e9gislation en vigueur (article L.122-4 du code de la propri\u00e9t\u00e9 intellectuelle). Toute reproduction m\u00eame partielle du site est interdite sauf consentement expresse du Directeur de la publication. Les textes, photographies, vid\u00e9o et tous les autres \u00e9l\u00e9ments composant le site sont la propri\u00e9t\u00e9 de GIE SYNLAB Gestion ou de tiers ayant autoris\u00e9s GIE SYNLAB Gestion \u00e0 les utiliser.<\/p>\n<\/article>\t\t\t\t\t\t\n\t\t\t\t\t<\/div>\n\t\n\t\n\t\t\n<\/div>\n\n\n\n\n\t\n\t\n\n\n\n<div class=\"container-fluid block-separateur\" style=\"--heightDesk:10px;--heightMob:15px;\">\n\n    \n    \n<\/div>\n\n<div class=\"container block-texte_image\">\n\n\t\t\t<div class=\"block-texte_image-contenu order-1\" style=\"--widthContenu:100%\">\n\t\t\t<h2>Charte de mod\u00e9ration sur Facebook <\/h2>\t\t\t<article><p>Retrouvez l\u2019int\u00e9gralit\u00e9 de la charte de bonne conduite et de mod\u00e9ration cr\u00e9\u00e9e pour le Facebook de la page officielle de SYNLAB France \u00e0 l\u2019adresse suivante : <a href=\"https:\/\/www.facebook.com\/synlabfrance\">https:\/\/www.facebook.com\/synlabfrance<\/a><\/p>\n<\/article>\t\t\t\t\t\t\n\t\t\t\t\t<\/div>\n\t\n\t\n\t\t\n<\/div>\n\n\n\n\n\t\n\t\n\n\n\n<div class=\"container-fluid block-separateur\" style=\"--heightDesk:10px;--heightMob:15px;\">\n\n    \n    \n<\/div>\n\n<div class=\"container block-texte_image\">\n\n\t\t\t<div class=\"block-texte_image-contenu order-1\" style=\"--widthContenu:100%\">\n\t\t\t<h2>Protection des donn\u00e9es personnelles <\/h2>\t\t\t<article><p>En tant que responsable du traitement, le GIE SYNLAB Gestion \u00a0est susceptible de mettre en \u0153uvre des traitements de donn\u00e9es personnelles vous concernant.<\/p>\n<p>Pour en savoir plus sur la gestion de vos donn\u00e9es et de vos droits par GIE SYNLAB Gestion, vous \u00eates invit\u00e9s \u00e0 consulter notre politique de protection des donn\u00e9es en cliquant ici :\u00a0 <a href=\"https:\/\/www.synlab.fr\/aix-en-provence\/politique-protection-des-donnees\/\">la politique de protection des donn\u00e9es<\/a>.<\/p>\n<p>Les demandes relatives \u00e0 l\u2019exercice de vos droits s\u2019effectuent \u00e0 l\u2019adresse postale suivante :<\/p>\n<p><strong>DPO SYNLAB GESTION<\/strong><\/p>\n<p>Responsable du traitement des donn\u00e9es personnelles \u2013 60-62 rue de Hauteville 75010 Paris ou par courrier \u00e9lectronique \u00e0 l\u2019adresse : dpo@synlab.fr<\/p>\n<\/article>\t\t\t\t\t\t\n\t\t\t\t\t<\/div>\n\t\n\t\n\t\t\n<\/div>\n\n\n\n\n\t\n\t\n\n\n\n<div class=\"container-fluid block-separateur\" style=\"--heightDesk:10px;--heightMob:15px;\">\n\n    \n    \n<\/div>\n\n<div class=\"container block-texte_image\">\n\n\t\t\t<div class=\"block-texte_image-contenu order-1\" style=\"--widthContenu:100%\">\n\t\t\t<h2>Cookies<\/h2>\t\t\t<article><p>Les utilisateurs sont inform\u00e9s que, lors de leur visite sur ce site, des cookies peuvent s\u2019installer automatiquement sur leur logiciel de navigation. Pour en savoir plus, l\u2019utilisateur est invit\u00e9 \u00e0 prendre connaissance de notre politique de cookies en cliquant ici : <a href=\"https:\/\/www.synlab.fr\/aix-en-provence\/politique-cookies-du-site\/\">la politique de cookies<\/a>.<\/p>\n<\/article>\t\t\t\t\t\t\n\t\t\t\t\t<\/div>\n\t\n\t\n\t\t\n<\/div>\n\n\n\n\n\t\n\t\n\n\n\n<div class=\"container-fluid block-separateur\" style=\"--heightDesk:10px;--heightMob:15px;\">\n\n    \n    \n<\/div>\n\n<div class=\"container block-texte_image\">\n\n\t\t\t<div class=\"block-texte_image-contenu order-1\" style=\"--widthContenu:100%\">\n\t\t\t<h2>R\u00e9alisation technique et graphique du site Internet<\/h2>\t\t\t<article><p>La soci\u00e9t\u00e9 Atecna Paris, soci\u00e9t\u00e9 par actions simplifi\u00e9e au capital de 40 000 euros, immatricul\u00e9e au registre du commerce et des soci\u00e9t\u00e9s de Paris sous le num\u00e9ro 538 542 010, dont le si\u00e8ge social se situe 29 Rue Drouot 75009 PARIS, repr\u00e9sent\u00e9e par son Directeur G\u00e9n\u00e9ral, M. David DUJARDIN, lui-m\u00eame repr\u00e9sent\u00e9e par M. Christian PAWLOWSKI en qualit\u00e9 de Directeur du D\u00e9veloppement d\u00fbment habilit\u00e9.<\/p>\n<\/article>\t\t\t\t\t\t\n\t\t\t\t\t<\/div>\n\t\n\t\n\t\t\n<\/div>\n\n\n\n\n\t\n\t\n\n\n\n<div class=\"container-fluid block-separateur\" style=\"--heightDesk:10px;--heightMob:15px;\">\n\n    \n    \n<\/div>\n\n<div class=\"container block-texte_image\">\n\n\t\t\t<div class=\"block-texte_image-contenu order-1\" style=\"--widthContenu:100%\">\n\t\t\t<h2>H\u00e9bergement du site Internet<\/h2>\t\t\t<article><p>Site h\u00e9berg\u00e9 par: Honds IT GmbH<\/p>\n<\/article>\t\t\t\t\t\t\n\t\t\t\t\t<\/div>\n\t\n\t\n\t\t\n<\/div>\n\n\n\n\n\t\n\t\n\n\n\n<div class=\"container-fluid block-separateur\" style=\"--heightDesk:10px;--heightMob:15px;\">\n\n    \n    \n<\/div>\n\n<div class=\"container block-texte_image\">\n\n\t\t\t<div class=\"block-texte_image-contenu order-1\" style=\"--widthContenu:100%\">\n\t\t\t<h2>Modification<\/h2>\t\t\t<article><p>GIE SYNLAB Gestion se r\u00e9serve le droit de modifier le contenu des pr\u00e9sentes mentions l\u00e9gales \u00e0 tout moment et sans pr\u00e9avis. L\u2019utilisateur est donc invit\u00e9 \u00e0 les consulter r\u00e9guli\u00e8rement.<\/p>\n<p>Date de la derni\u00e8re mise \u00e0 jour : [23\/09\/2022]<\/p>\n<\/article>\t\t\t\t\t\t\n\t\t\t\t\t<\/div>\n\t\n\t\n\t\t\n<\/div>\n\n\n\n\n\t\n\t\n","protected":false},"excerpt":{"rendered":"","protected":false},"author":13,"featured_media":0,"parent":0,"menu_order":0,"comment_status":"closed","ping_status":"closed","template":"","meta":{"_acf_changed":false,"footnotes":""},"class_list":["post-3268","page","type-page","status-publish","hentry"],"acf":[],"yoast_head":"<!-- This site is optimized with the Yoast SEO plugin v26.3 - https:\/\/yoast.com\/wordpress\/plugins\/seo\/ -->\n<title>Mentions l\u00e9gales - Synlab Nouvelle-Aquitaine<\/title>\n<meta name=\"robots\" content=\"noindex, follow\" \/>\n<meta property=\"og:locale\" content=\"fr_FR\" \/>\n<meta property=\"og:type\" content=\"article\" \/>\n<meta property=\"og:title\" content=\"Mentions l\u00e9gales - Synlab Nouvelle-Aquitaine\" \/>\n<meta property=\"og:url\" content=\"https:\/\/www.synlab.fr\/clone\/synlab-nouvelle-aquitaine\/mentions-legales\/\" \/>\n<meta property=\"og:site_name\" content=\"Synlab Nouvelle-Aquitaine\" \/>\n<meta property=\"article:modified_time\" content=\"2022-11-23T13:19:26+00:00\" \/>\n<meta name=\"twitter:card\" content=\"summary_large_image\" \/>\n<script type=\"application\/ld+json\" class=\"yoast-schema-graph\">{\"@context\":\"https:\/\/schema.org\",\"@graph\":[{\"@type\":\"WebPage\",\"@id\":\"https:\/\/www.synlab.fr\/clone\/synlab-nouvelle-aquitaine\/mentions-legales\/\",\"url\":\"https:\/\/www.synlab.fr\/clone\/synlab-nouvelle-aquitaine\/mentions-legales\/\",\"name\":\"Mentions l\u00e9gales - Synlab Nouvelle-Aquitaine\",\"isPartOf\":{\"@id\":\"https:\/\/www.synlab.fr\/synlab-nouvelle-aquitaine\/#website\"},\"datePublished\":\"2022-09-23T07:22:10+00:00\",\"dateModified\":\"2022-11-23T13:19:26+00:00\",\"breadcrumb\":{\"@id\":\"https:\/\/www.synlab.fr\/clone\/synlab-nouvelle-aquitaine\/mentions-legales\/#breadcrumb\"},\"inLanguage\":\"fr-FR\",\"potentialAction\":[{\"@type\":\"ReadAction\",\"target\":[\"https:\/\/www.synlab.fr\/clone\/synlab-nouvelle-aquitaine\/mentions-legales\/\"]}]},{\"@type\":\"BreadcrumbList\",\"@id\":\"https:\/\/www.synlab.fr\/clone\/synlab-nouvelle-aquitaine\/mentions-legales\/#breadcrumb\",\"itemListElement\":[{\"@type\":\"ListItem\",\"position\":1,\"name\":\"Home\",\"item\":\"https:\/\/www.synlab.fr\/synlab-nouvelle-aquitaine\/\"},{\"@type\":\"ListItem\",\"position\":2,\"name\":\"Mentions l\u00e9gales\"}]},{\"@type\":\"WebSite\",\"@id\":\"https:\/\/www.synlab.fr\/synlab-nouvelle-aquitaine\/#website\",\"url\":\"https:\/\/www.synlab.fr\/synlab-nouvelle-aquitaine\/\",\"name\":\"Synlab Nouvelle-Aquitaine\",\"description\":\"Un site utilisant Synlab\",\"potentialAction\":[{\"@type\":\"SearchAction\",\"target\":{\"@type\":\"EntryPoint\",\"urlTemplate\":\"https:\/\/www.synlab.fr\/synlab-nouvelle-aquitaine\/?s={search_term_string}\"},\"query-input\":{\"@type\":\"PropertyValueSpecification\",\"valueRequired\":true,\"valueName\":\"search_term_string\"}}],\"inLanguage\":\"fr-FR\"}]}<\/script>\n<!-- \/ Yoast SEO plugin. -->","yoast_head_json":{"title":"Mentions l\u00e9gales - Synlab Nouvelle-Aquitaine","robots":{"index":"noindex","follow":"follow"},"og_locale":"fr_FR","og_type":"article","og_title":"Mentions l\u00e9gales - Synlab Nouvelle-Aquitaine","og_url":"https:\/\/www.synlab.fr\/clone\/synlab-nouvelle-aquitaine\/mentions-legales\/","og_site_name":"Synlab Nouvelle-Aquitaine","article_modified_time":"2022-11-23T13:19:26+00:00","twitter_card":"summary_large_image","schema":{"@context":"https:\/\/schema.org","@graph":[{"@type":"WebPage","@id":"https:\/\/www.synlab.fr\/clone\/synlab-nouvelle-aquitaine\/mentions-legales\/","url":"https:\/\/www.synlab.fr\/clone\/synlab-nouvelle-aquitaine\/mentions-legales\/","name":"Mentions l\u00e9gales - Synlab Nouvelle-Aquitaine","isPartOf":{"@id":"https:\/\/www.synlab.fr\/synlab-nouvelle-aquitaine\/#website"},"datePublished":"2022-09-23T07:22:10+00:00","dateModified":"2022-11-23T13:19:26+00:00","breadcrumb":{"@id":"https:\/\/www.synlab.fr\/clone\/synlab-nouvelle-aquitaine\/mentions-legales\/#breadcrumb"},"inLanguage":"fr-FR","potentialAction":[{"@type":"ReadAction","target":["https:\/\/www.synlab.fr\/clone\/synlab-nouvelle-aquitaine\/mentions-legales\/"]}]},{"@type":"BreadcrumbList","@id":"https:\/\/www.synlab.fr\/clone\/synlab-nouvelle-aquitaine\/mentions-legales\/#breadcrumb","itemListElement":[{"@type":"ListItem","position":1,"name":"Home","item":"https:\/\/www.synlab.fr\/synlab-nouvelle-aquitaine\/"},{"@type":"ListItem","position":2,"name":"Mentions l\u00e9gales"}]},{"@type":"WebSite","@id":"https:\/\/www.synlab.fr\/synlab-nouvelle-aquitaine\/#website","url":"https:\/\/www.synlab.fr\/synlab-nouvelle-aquitaine\/","name":"Synlab Nouvelle-Aquitaine","description":"Un site utilisant Synlab","potentialAction":[{"@type":"SearchAction","target":{"@type":"EntryPoint","urlTemplate":"https:\/\/www.synlab.fr\/synlab-nouvelle-aquitaine\/?s={search_term_string}"},"query-input":{"@type":"PropertyValueSpecification","valueRequired":true,"valueName":"search_term_string"}}],"inLanguage":"fr-FR"}]}},"_links":{"self":[{"href":"https:\/\/www.synlab.fr\/synlab-nouvelle-aquitaine\/wp-json\/wp\/v2\/pages\/3268","targetHints":{"allow":["GET"]}}],"collection":[{"href":"https:\/\/www.synlab.fr\/synlab-nouvelle-aquitaine\/wp-json\/wp\/v2\/pages"}],"about":[{"href":"https:\/\/www.synlab.fr\/synlab-nouvelle-aquitaine\/wp-json\/wp\/v2\/types\/page"}],"author":[{"embeddable":true,"href":"https:\/\/www.synlab.fr\/synlab-nouvelle-aquitaine\/wp-json\/wp\/v2\/users\/13"}],"replies":[{"embeddable":true,"href":"https:\/\/www.synlab.fr\/synlab-nouvelle-aquitaine\/wp-json\/wp\/v2\/comments?post=3268"}],"version-history":[{"count":5,"href":"https:\/\/www.synlab.fr\/synlab-nouvelle-aquitaine\/wp-json\/wp\/v2\/pages\/3268\/revisions"}],"predecessor-version":[{"id":4276,"href":"https:\/\/www.synlab.fr\/synlab-nouvelle-aquitaine\/wp-json\/wp\/v2\/pages\/3268\/revisions\/4276"}],"wp:attachment":[{"href":"https:\/\/www.synlab.fr\/synlab-nouvelle-aquitaine\/wp-json\/wp\/v2\/media?parent=3268"}],"curies":[{"name":"wp","href":"https:\/\/api.w.org\/{rel}","templated":true}]}}