{"id":3271,"date":"2022-09-23T09:38:35","date_gmt":"2022-09-23T07:38:35","guid":{"rendered":"https:\/\/www.synlab.fr\/synlab-nouvelle-aquitaine\/?page_id=3271"},"modified":"2022-11-23T14:17:36","modified_gmt":"2022-11-23T13:17:36","slug":"politique-cookies-du-site","status":"publish","type":"page","link":"https:\/\/www.synlab.fr\/synlab-nouvelle-aquitaine\/politique-cookies-du-site\/","title":{"rendered":"Politique Cookies du site"},"content":{"rendered":"<div class=\"container block-texte_image\">\n\n\t\t\t<div class=\"block-texte_image-contenu order-1\" style=\"--widthContenu:100%\">\n\t\t\t<h2>1.\tAvant-propos<\/h2>\t\t\t<article><p>Nous souhaitons vous informer de mani\u00e8re claire et transparente sur l\u2019usage des cookies lorsque vous consultez notre site.<\/p>\n<\/article>\t\t\t\t\t\t\n\t\t\t\t\t<\/div>\n\t\n\t\n\t\t\n<\/div>\n\n\n\n\n\t\n\t\n\n\n\n<div class=\"container-fluid block-separateur\" style=\"--heightDesk:10px;--heightMob:15px;\">\n\n    \n    \n<\/div>\n\n<div class=\"container block-texte_image\">\n\n\t\t\t<div class=\"block-texte_image-contenu order-1\" style=\"--widthContenu:100%\">\n\t\t\t<h2>2.\t\tPr\u00e9ambule<\/h2>\t\t\t<article><ol>\n<li>Cette politique est formul\u00e9e en application de la r\u00e9glementation suivante :<\/li>\n<\/ol>\n<p>&nbsp;<\/p>\n<ul>\n<li>l\u2019article 82 de la loi Informatique et libert\u00e9s\u00a0;<\/li>\n<li>le RGPD (2016\/679) et notamment l\u2019article 7 relatif aux modalit\u00e9s de recueil du consentement\u00a0;<\/li>\n<li>les lignes directrices de la Cnil du 17 septembre 2020\u00a0;<\/li>\n<li>les recommandations de la Cnil du 17 septembre 2020.<\/li>\n<\/ul>\n<\/article>\t\t\t\t\t\t\n\t\t\t\t\t<\/div>\n\t\n\t\n\t\t\n<\/div>\n\n\n\n\n\t\n\t\n\n\n\n<div class=\"container-fluid block-separateur\" style=\"--heightDesk:10px;--heightMob:15px;\">\n\n    \n    \n<\/div>\n\n<div class=\"container block-texte_image\">\n\n\t\t\t<div class=\"block-texte_image-contenu order-1\" style=\"--widthContenu:100%\">\n\t\t\t<h2>3. D\u00e9finition<\/h2>\t\t\t<article><p>2. Lors de la consultation de notre site, des informations relatives \u00e0 votre navigation, \u00e0 votre terminal (ordinateur, tablette, smartphone, etc.) peuvent \u00eatre enregistr\u00e9es dans des fichiers texte appel\u00e9s \u00ab cookies \u00bb, install\u00e9s sur votre navigateur. Les cookies vont \u00eatre utilis\u00e9s pour reconna\u00eetre votre navigateur pendant la dur\u00e9e de validit\u00e9 du cookie concern\u00e9. Un cookie est un fichier activ\u00e9 en mode \u00e9criture ou lecture.<\/p>\n<\/article>\t\t\t\t\t\t\n\t\t\t\t\t<\/div>\n\t\n\t\n\t\t\n<\/div>\n\n\n\n\n\t\n\t\n\n\n\n<div class=\"container-fluid block-separateur\" style=\"--heightDesk:10px;--heightMob:15px;\">\n\n    \n    \n<\/div>\n\n<div class=\"container block-texte_image\">\n\n\t\t\t<div class=\"block-texte_image-contenu order-1\" style=\"--widthContenu:100%\">\n\t\t\t<h2>4.\tCookie et finalit\u00e9<\/h2>\t\t\t<article><p>3. Les finalit\u00e9s sont d\u00e9termin\u00e9es en fonction de la nature des cookies.<\/p>\n<p>4. Sur notre site, nous utilisons trois cookies qui ne sont pas soumis \u00e0 votre consentement puisqu\u2019ils sont strictement n\u00e9cessaires.<\/p>\n<p>5. Il s\u2019agit de cookies fonctionnels strictement n\u00e9cessaires qui sont d\u00e9pos\u00e9s par notre domaine et qui enregistrent les donn\u00e9es d&rsquo;acc\u00e8s saisies lorsqu&rsquo;un utilisateur se connecte \u00e0 une zone non accessible \u00e0 tous ou ferm\u00e9e.<\/p>\n<p>6. Ces cookies sont des cookies de session qui ne sont valides que le temps de votre session.<\/p>\n<\/article>\t\t\t\t\t\t\n\t\t\t\t\t<\/div>\n\t\n\t\n\t\t\n<\/div>\n\n\n\n\n\t\n\t\n\n\n<div class=\"container block-tableau\">\n\n\n<table class=\"gras\"><thead><tr><th >N\u00b0<\/th><th >NOM DU COOKIE<\/th><th >CATEGORIE<\/th><th >FINALITE<\/th><th >DUREE DE CONSERVATION<\/th><\/tr><\/thead><tbody><tr><td >1<\/td><td >Accept_cookies<\/td><td >Cookies techniques et fonctionnels strictement n\u00e9cessaires non soumis au consentement .<\/td><td >Informations indiquant si l\u2019utilisateur a accept\u00e9 la banni\u00e8re sup\u00e9rieure sur les cookies (stockage de la r\u00e9ponse au patient). <\/td><td >Fermeture de la session<\/td><\/tr><tr><td >2<\/td><td >PERSISTID<\/td><td >Cookies techniques et fonctionnels strictement n\u00e9cessaires non soumis au consentement  <\/td><td >Cookie d\u00e9fini par l\u2019\u00e9quilibrateur de charge Coreye pour acheminer les requ\u00eates des utilisateurs vers le bon serveur frontal. Permet de maintenir la session sous credential. <\/td><td >Fermeture de la session <\/td><\/tr><tr><td >3<\/td><td >JSESSIONID<\/td><td >Cookies techniques et fonctionnels strictement n\u00e9cessaires non soumis au consentement  <\/td><td >Cookie permettant de maintenir la session sous identifiants.<\/td><td >Fermeture de la session<\/td><\/tr><\/tbody><\/table>\t\n<\/div>\n\n\n\n\n<div class=\"container-fluid block-separateur\" style=\"--heightDesk:10px;--heightMob:15px;\">\n\n    \n    \n<\/div>\n\n<div class=\"container block-texte_image\">\n\n\t\t\t<div class=\"block-texte_image-contenu order-1\" style=\"--widthContenu:100%\">\n\t\t\t<h2>5.\tEntr\u00e9e en vigueur<\/h2>\t\t\t<article><p>7. La pr\u00e9sente politique entre en vigueur \u00e0 la date de sa mise en ligne. Il en est de m\u00eame des modifications.<\/p>\n<\/article>\t\t\t\t\t\t\n\t\t\t\t\t<\/div>\n\t\n\t\n\t\t\n<\/div>\n\n\n\n\n\t\n\t\n","protected":false},"excerpt":{"rendered":"","protected":false},"author":13,"featured_media":3671,"parent":0,"menu_order":0,"comment_status":"closed","ping_status":"closed","template":"","meta":{"_acf_changed":false,"footnotes":""},"class_list":["post-3271","page","type-page","status-publish","has-post-thumbnail","hentry"],"acf":[],"yoast_head":"<!-- This site is optimized with the Yoast SEO plugin v26.3 - https:\/\/yoast.com\/wordpress\/plugins\/seo\/ -->\n<title>Politique Cookies du site - Synlab Nouvelle-Aquitaine<\/title>\n<meta name=\"robots\" content=\"noindex, follow\" \/>\n<meta property=\"og:locale\" content=\"fr_FR\" \/>\n<meta property=\"og:type\" content=\"article\" \/>\n<meta property=\"og:title\" content=\"Politique Cookies du site - Synlab Nouvelle-Aquitaine\" \/>\n<meta property=\"og:url\" content=\"https:\/\/www.synlab.fr\/clone\/synlab-nouvelle-aquitaine\/politique-cookies-du-site\/\" \/>\n<meta property=\"og:site_name\" content=\"Synlab Nouvelle-Aquitaine\" \/>\n<meta property=\"article:modified_time\" content=\"2022-11-23T13:17:36+00:00\" \/>\n<meta property=\"og:image\" content=\"https:\/\/www.synlab.fr\/clone\/synlab-nouvelle-aquitaine\/wp-content\/uploads\/sites\/45\/2022\/10\/logo-synlab.png\" \/>\n\t<meta property=\"og:image:width\" content=\"1278\" \/>\n\t<meta property=\"og:image:height\" content=\"717\" \/>\n\t<meta property=\"og:image:type\" content=\"image\/png\" \/>\n<meta name=\"twitter:card\" content=\"summary_large_image\" \/>\n<script type=\"application\/ld+json\" class=\"yoast-schema-graph\">{\"@context\":\"https:\/\/schema.org\",\"@graph\":[{\"@type\":\"WebPage\",\"@id\":\"https:\/\/www.synlab.fr\/clone\/synlab-nouvelle-aquitaine\/politique-cookies-du-site\/\",\"url\":\"https:\/\/www.synlab.fr\/clone\/synlab-nouvelle-aquitaine\/politique-cookies-du-site\/\",\"name\":\"Politique Cookies du site - Synlab Nouvelle-Aquitaine\",\"isPartOf\":{\"@id\":\"https:\/\/www.synlab.fr\/synlab-nouvelle-aquitaine\/#website\"},\"primaryImageOfPage\":{\"@id\":\"https:\/\/www.synlab.fr\/clone\/synlab-nouvelle-aquitaine\/politique-cookies-du-site\/#primaryimage\"},\"image\":{\"@id\":\"https:\/\/www.synlab.fr\/clone\/synlab-nouvelle-aquitaine\/politique-cookies-du-site\/#primaryimage\"},\"thumbnailUrl\":\"https:\/\/www.synlab.fr\/synlab-nouvelle-aquitaine\/wp-content\/uploads\/sites\/45\/2022\/10\/logo-synlab.png\",\"datePublished\":\"2022-09-23T07:38:35+00:00\",\"dateModified\":\"2022-11-23T13:17:36+00:00\",\"breadcrumb\":{\"@id\":\"https:\/\/www.synlab.fr\/clone\/synlab-nouvelle-aquitaine\/politique-cookies-du-site\/#breadcrumb\"},\"inLanguage\":\"fr-FR\",\"potentialAction\":[{\"@type\":\"ReadAction\",\"target\":[\"https:\/\/www.synlab.fr\/clone\/synlab-nouvelle-aquitaine\/politique-cookies-du-site\/\"]}]},{\"@type\":\"ImageObject\",\"inLanguage\":\"fr-FR\",\"@id\":\"https:\/\/www.synlab.fr\/clone\/synlab-nouvelle-aquitaine\/politique-cookies-du-site\/#primaryimage\",\"url\":\"https:\/\/www.synlab.fr\/synlab-nouvelle-aquitaine\/wp-content\/uploads\/sites\/45\/2022\/10\/logo-synlab.png\",\"contentUrl\":\"https:\/\/www.synlab.fr\/synlab-nouvelle-aquitaine\/wp-content\/uploads\/sites\/45\/2022\/10\/logo-synlab.png\",\"width\":1278,\"height\":717,\"caption\":\"Logo bleu SYNLAB\"},{\"@type\":\"BreadcrumbList\",\"@id\":\"https:\/\/www.synlab.fr\/clone\/synlab-nouvelle-aquitaine\/politique-cookies-du-site\/#breadcrumb\",\"itemListElement\":[{\"@type\":\"ListItem\",\"position\":1,\"name\":\"Home\",\"item\":\"https:\/\/www.synlab.fr\/synlab-nouvelle-aquitaine\/\"},{\"@type\":\"ListItem\",\"position\":2,\"name\":\"Politique Cookies du site\"}]},{\"@type\":\"WebSite\",\"@id\":\"https:\/\/www.synlab.fr\/synlab-nouvelle-aquitaine\/#website\",\"url\":\"https:\/\/www.synlab.fr\/synlab-nouvelle-aquitaine\/\",\"name\":\"Synlab Nouvelle-Aquitaine\",\"description\":\"Un site utilisant Synlab\",\"potentialAction\":[{\"@type\":\"SearchAction\",\"target\":{\"@type\":\"EntryPoint\",\"urlTemplate\":\"https:\/\/www.synlab.fr\/synlab-nouvelle-aquitaine\/?s={search_term_string}\"},\"query-input\":{\"@type\":\"PropertyValueSpecification\",\"valueRequired\":true,\"valueName\":\"search_term_string\"}}],\"inLanguage\":\"fr-FR\"}]}<\/script>\n<!-- \/ Yoast SEO plugin. -->","yoast_head_json":{"title":"Politique Cookies du site - Synlab Nouvelle-Aquitaine","robots":{"index":"noindex","follow":"follow"},"og_locale":"fr_FR","og_type":"article","og_title":"Politique Cookies du site - Synlab Nouvelle-Aquitaine","og_url":"https:\/\/www.synlab.fr\/clone\/synlab-nouvelle-aquitaine\/politique-cookies-du-site\/","og_site_name":"Synlab Nouvelle-Aquitaine","article_modified_time":"2022-11-23T13:17:36+00:00","og_image":[{"width":1278,"height":717,"url":"https:\/\/www.synlab.fr\/clone\/synlab-nouvelle-aquitaine\/wp-content\/uploads\/sites\/45\/2022\/10\/logo-synlab.png","type":"image\/png"}],"twitter_card":"summary_large_image","schema":{"@context":"https:\/\/schema.org","@graph":[{"@type":"WebPage","@id":"https:\/\/www.synlab.fr\/clone\/synlab-nouvelle-aquitaine\/politique-cookies-du-site\/","url":"https:\/\/www.synlab.fr\/clone\/synlab-nouvelle-aquitaine\/politique-cookies-du-site\/","name":"Politique Cookies du site - Synlab Nouvelle-Aquitaine","isPartOf":{"@id":"https:\/\/www.synlab.fr\/synlab-nouvelle-aquitaine\/#website"},"primaryImageOfPage":{"@id":"https:\/\/www.synlab.fr\/clone\/synlab-nouvelle-aquitaine\/politique-cookies-du-site\/#primaryimage"},"image":{"@id":"https:\/\/www.synlab.fr\/clone\/synlab-nouvelle-aquitaine\/politique-cookies-du-site\/#primaryimage"},"thumbnailUrl":"https:\/\/www.synlab.fr\/synlab-nouvelle-aquitaine\/wp-content\/uploads\/sites\/45\/2022\/10\/logo-synlab.png","datePublished":"2022-09-23T07:38:35+00:00","dateModified":"2022-11-23T13:17:36+00:00","breadcrumb":{"@id":"https:\/\/www.synlab.fr\/clone\/synlab-nouvelle-aquitaine\/politique-cookies-du-site\/#breadcrumb"},"inLanguage":"fr-FR","potentialAction":[{"@type":"ReadAction","target":["https:\/\/www.synlab.fr\/clone\/synlab-nouvelle-aquitaine\/politique-cookies-du-site\/"]}]},{"@type":"ImageObject","inLanguage":"fr-FR","@id":"https:\/\/www.synlab.fr\/clone\/synlab-nouvelle-aquitaine\/politique-cookies-du-site\/#primaryimage","url":"https:\/\/www.synlab.fr\/synlab-nouvelle-aquitaine\/wp-content\/uploads\/sites\/45\/2022\/10\/logo-synlab.png","contentUrl":"https:\/\/www.synlab.fr\/synlab-nouvelle-aquitaine\/wp-content\/uploads\/sites\/45\/2022\/10\/logo-synlab.png","width":1278,"height":717,"caption":"Logo bleu SYNLAB"},{"@type":"BreadcrumbList","@id":"https:\/\/www.synlab.fr\/clone\/synlab-nouvelle-aquitaine\/politique-cookies-du-site\/#breadcrumb","itemListElement":[{"@type":"ListItem","position":1,"name":"Home","item":"https:\/\/www.synlab.fr\/synlab-nouvelle-aquitaine\/"},{"@type":"ListItem","position":2,"name":"Politique Cookies du site"}]},{"@type":"WebSite","@id":"https:\/\/www.synlab.fr\/synlab-nouvelle-aquitaine\/#website","url":"https:\/\/www.synlab.fr\/synlab-nouvelle-aquitaine\/","name":"Synlab Nouvelle-Aquitaine","description":"Un site utilisant Synlab","potentialAction":[{"@type":"SearchAction","target":{"@type":"EntryPoint","urlTemplate":"https:\/\/www.synlab.fr\/synlab-nouvelle-aquitaine\/?s={search_term_string}"},"query-input":{"@type":"PropertyValueSpecification","valueRequired":true,"valueName":"search_term_string"}}],"inLanguage":"fr-FR"}]}},"_links":{"self":[{"href":"https:\/\/www.synlab.fr\/synlab-nouvelle-aquitaine\/wp-json\/wp\/v2\/pages\/3271","targetHints":{"allow":["GET"]}}],"collection":[{"href":"https:\/\/www.synlab.fr\/synlab-nouvelle-aquitaine\/wp-json\/wp\/v2\/pages"}],"about":[{"href":"https:\/\/www.synlab.fr\/synlab-nouvelle-aquitaine\/wp-json\/wp\/v2\/types\/page"}],"author":[{"embeddable":true,"href":"https:\/\/www.synlab.fr\/synlab-nouvelle-aquitaine\/wp-json\/wp\/v2\/users\/13"}],"replies":[{"embeddable":true,"href":"https:\/\/www.synlab.fr\/synlab-nouvelle-aquitaine\/wp-json\/wp\/v2\/comments?post=3271"}],"version-history":[{"count":3,"href":"https:\/\/www.synlab.fr\/synlab-nouvelle-aquitaine\/wp-json\/wp\/v2\/pages\/3271\/revisions"}],"predecessor-version":[{"id":4275,"href":"https:\/\/www.synlab.fr\/synlab-nouvelle-aquitaine\/wp-json\/wp\/v2\/pages\/3271\/revisions\/4275"}],"wp:featuredmedia":[{"embeddable":true,"href":"https:\/\/www.synlab.fr\/synlab-nouvelle-aquitaine\/wp-json\/wp\/v2\/media\/3671"}],"wp:attachment":[{"href":"https:\/\/www.synlab.fr\/synlab-nouvelle-aquitaine\/wp-json\/wp\/v2\/media?parent=3271"}],"curies":[{"name":"wp","href":"https:\/\/api.w.org\/{rel}","templated":true}]}}