{"id":340,"date":"2022-07-08T09:25:59","date_gmt":"2022-07-08T07:25:59","guid":{"rendered":"https:\/\/www.synlab.fr\/synlab-nouvelle-aquitaine\/?page_id=340"},"modified":"2023-10-13T14:32:34","modified_gmt":"2023-10-13T12:32:34","slug":"prise-sang","status":"publish","type":"page","link":"https:\/\/www.synlab.fr\/synlab-nouvelle-aquitaine\/prise-sang\/","title":{"rendered":"Prise de sang"},"content":{"rendered":"<div class=\"container block-texte_image\">\n\n\t\t\t<div class=\"block-texte_image-contenu order-1\" style=\"--widthContenu:100%\">\n\t\t\t<h2>En quoi consiste une prise de sang ? <\/h2>\t\t\t<article><p style=\"margin: 0cm; vertical-align: baseline;\"><span style=\"font-family: 'Arial',sans-serif;\">Une prise de sang consiste \u00e0 pr\u00e9lever une petite quantit\u00e9 de votre sang. Ce pr\u00e9l\u00e8vement est r\u00e9alis\u00e9 au moyen d\u2019une \u00ab\u00a0vacuette\u00a0\u00bb. Il s\u2019agit d\u2019une aiguille reli\u00e9e \u00e0 un corps de pompe. Nos pr\u00e9leveurs (ou pr\u00e9leveuses) sont accr\u00e9dit\u00e9s, conform\u00e9ment aux exigences de la norme NF EN ISO 15189 et disposent d\u2019un dipl\u00f4me de capacit\u00e9 de pr\u00e9l\u00e8vement. <\/span><\/p>\n<\/article>\t\t\t\t\t\t\n\t\t\t\t\t<\/div>\n\t\n\t\n\t\t\n<\/div>\n\n\n\n\n\t\n\t\n\n\n\n<div class=\"container-fluid block-separateur\" style=\"--heightDesk:10px;--heightMob:15px;\">\n\n    \n    \n<\/div>\n\n<div class=\"container block-texte_image\">\n\n\t\t\t<div class=\"block-texte_image-contenu order-1\" style=\"--widthContenu:100%\">\n\t\t\t<h2>Comment se pr\u00e9parer avant une prise de sang ?<\/h2>\t\t\t<article><p style=\"margin: 0cm; vertical-align: baseline;\"><span style=\"font-family: 'Arial',sans-serif;\">Certaines analyses n\u00e9cessitent d\u2019\u00eatre \u00e0 jeun. C\u2019est le cas par exemple de la glyc\u00e9mie. Votre m\u00e9decin l\u2019indiquera sur votre ordonnance. Si toutefois vous avez un doute, vous pouvez vous renseigner aupr\u00e8s du secr\u00e9tariat de votre laboratoire.<\/span><\/p>\n<h3>Votre m\u00e9decin vous a prescrit une analyse \u00e0 r\u00e9aliser \u00e0 jeun\u00a0?<\/h3>\n<p>Voici quelques recommandations :<\/p>\n<ul>\n<li>8 \u00e0 12 heures avant votre pr\u00e9l\u00e8vement\u00a0: ne mangez plus, ne buvez pas de boissons alcoolis\u00e9es, sodas, jus de fruit, seule l\u2019eau est autoris\u00e9e<\/li>\n<li>24 heures avant\u00a0le pr\u00e9l\u00e8vement : \u00e9vitez les activit\u00e9s physiques intenses.<\/li>\n<\/ul>\n<p>Dans le cas o\u00f9 ces conditions ne sont pas remplies, seul un biologiste m\u00e9dical pourra prendre la d\u00e9cision de d\u00e9roger \u00e0 l\u2019\u00e9tat de je\u00fbne pour r\u00e9aliser une analyse qui le n\u00e9cessite.<\/p>\n<h3>Si vous avez un traitement en cours par biotine<\/h3>\n<p>Pour certaines analyses (ex : Test HOMA, LH, Pro-BNP), il peut y avoir une interf\u00e9rence possible avec un traitement par biotine (appel\u00e9e vitamine B7 ou vitamine B8 ou vitamine H). La biotine peut-\u00eatre aussi pr\u00e9sente dans un compl\u00e9ment alimentaire. Dans ce cas, il est indispensable d\u2019arr\u00eater la prise de biotine au moins 8 jours avant le pr\u00e9l\u00e8vement. Si c\u2019est votre cas, pensez \u00e0 l\u2019indiquer \u00e0 votre m\u00e9decin ou au personnel du laboratoire.<\/p>\n<h3>Pour les personnes sensibles (ou les enfants ) \u00e0 la piqure<\/h3>\n<p>Afin de vous rassurer ou de diminuer la douleur que pourrait vous provoquer la prise de sang, vous pouvez utiliser un patch anesth\u00e9siant EMLA\u00ae. Il est disponible en pharmacie, uniquement sur prescription m\u00e9dicale. N\u2019h\u00e9sitez pas \u00e0 en parler \u00e0 votre m\u00e9decin traitant.<\/p>\n<p>&nbsp;<\/p>\n<\/article>\t\t\t\t\t\t\n\t\t\t\t\t<\/div>\n\t\n\t\n\t\t\n<\/div>\n\n\n\n\n\t\n\t\n\n\n\n<div class=\"container-fluid block-separateur\" style=\"--heightDesk:10px;--heightMob:15px;\">\n\n    \n    \n<\/div>\n\n<div class=\"container block-texte_image\">\n\n\t\t\t<div class=\"block-texte_image-contenu order-1\" style=\"--widthContenu:100%\">\n\t\t\t<h2>O\u00f9 r\u00e9alisez ma prise de sang ?<\/h2>\t\t\t<article><p style=\"margin: 0cm; vertical-align: baseline;\"><span style=\"font-family: 'Arial',sans-serif;\">Consultez la carte des laboratoires SYNLAB effectuant des prises de sang. <\/span><\/p>\n<p style=\"margin: 0cm; vertical-align: baseline;\"><span style=\"font-family: 'Arial',sans-serif;\">Avant de vous rendre dans votre laboratoire, nous vous invitons \u00e0 contacter le secr\u00e9tariat.<\/span><\/p>\n<p>&nbsp;<\/p>\n<\/article>\t\t\t\t\t\t\n\t\t\t<p><a href=\"https:\/\/www.synlab.fr\/synlab-nouvelle-aquitaine\/trouver-un-laboratoire\/\" style=\"--colorCTA:#dd9933\" target=\"\" class=\"block-texte_image-contenu-cta\">Trouver un laboratoire<\/a><\/p>\t\t<\/div>\n\t\n\t\n\t\t\n<\/div>\n\n\n\n\n\t\n\t\n","protected":false},"excerpt":{"rendered":"","protected":false},"author":13,"featured_media":915,"parent":0,"menu_order":0,"comment_status":"closed","ping_status":"closed","template":"","meta":{"_acf_changed":false,"footnotes":""},"class_list":["post-340","page","type-page","status-publish","has-post-thumbnail","hentry"],"acf":[],"yoast_head":"<!-- This site is optimized with the Yoast SEO plugin v26.3 - https:\/\/yoast.com\/wordpress\/plugins\/seo\/ -->\n<title>SYNLAB Nouvelle-Aquitaine - Prise de sang<\/title>\n<meta name=\"description\" content=\"Les prises de sang sont un processus couramment utilis\u00e9 pour recueillir des \u00e9chantillons de sang dans le but d&#039;effectuer des tests diagnostiques. Ce processus peut \u00eatre effectu\u00e9 au sein de nos laboratoires d&#039;analyses m\u00e9dicales. Les r\u00e9sultats sont g\u00e9n\u00e9ralement disponibles dans un d\u00e9lai de quelques jours.\" \/>\n<meta name=\"robots\" content=\"noindex, follow, max-snippet:-1, max-image-preview:large, max-video-preview:-1\" \/>\n<meta property=\"og:locale\" content=\"fr_FR\" \/>\n<meta property=\"og:type\" content=\"article\" \/>\n<meta property=\"og:title\" content=\"SYNLAB Nouvelle-Aquitaine - Prise de sang\" \/>\n<meta property=\"og:description\" content=\"Les prises de sang sont un processus couramment utilis\u00e9 pour recueillir des \u00e9chantillons de sang dans le but d&#039;effectuer des tests diagnostiques. Ce processus peut \u00eatre effectu\u00e9 au sein de nos laboratoires d&#039;analyses m\u00e9dicales. Les r\u00e9sultats sont g\u00e9n\u00e9ralement disponibles dans un d\u00e9lai de quelques jours.\" \/>\n<meta property=\"og:url\" content=\"https:\/\/www.synlab.fr\/prise-sang\/\" \/>\n<meta property=\"og:site_name\" content=\"Synlab Nouvelle-Aquitaine\" \/>\n<meta property=\"article:modified_time\" content=\"2023-10-13T12:32:34+00:00\" \/>\n<meta property=\"og:image\" content=\"https:\/\/www.synlab.fr\/synlab-nouvelle-aquitaine\/wp-content\/uploads\/sites\/45\/2022\/08\/csm_AdobeStock_249042042__1__a0c304cc33.jpeg\" \/>\n\t<meta property=\"og:image:width\" content=\"280\" \/>\n\t<meta property=\"og:image:height\" content=\"280\" \/>\n\t<meta property=\"og:image:type\" content=\"image\/jpeg\" \/>\n<meta name=\"twitter:card\" content=\"summary_large_image\" \/>\n<script type=\"application\/ld+json\" class=\"yoast-schema-graph\">{\"@context\":\"https:\/\/schema.org\",\"@graph\":[{\"@type\":\"WebPage\",\"@id\":\"https:\/\/www.synlab.fr\/synlab-nouvelle-aquitaine\/prise-sang\/\",\"url\":\"https:\/\/www.synlab.fr\/prise-sang\/\",\"name\":\"SYNLAB Nouvelle-Aquitaine - Prise de sang\",\"isPartOf\":{\"@id\":\"https:\/\/www.synlab.fr\/synlab-nouvelle-aquitaine\/#website\"},\"primaryImageOfPage\":{\"@id\":\"https:\/\/www.synlab.fr\/prise-sang\/#primaryimage\"},\"image\":{\"@id\":\"https:\/\/www.synlab.fr\/prise-sang\/#primaryimage\"},\"thumbnailUrl\":\"https:\/\/www.synlab.fr\/synlab-nouvelle-aquitaine\/wp-content\/uploads\/sites\/45\/2022\/08\/csm_AdobeStock_249042042__1__a0c304cc33.jpeg\",\"datePublished\":\"2022-07-08T07:25:59+00:00\",\"dateModified\":\"2023-10-13T12:32:34+00:00\",\"description\":\"Les prises de sang sont un processus couramment utilis\u00e9 pour recueillir des \u00e9chantillons de sang dans le but d'effectuer des tests diagnostiques. Ce processus peut \u00eatre effectu\u00e9 au sein de nos laboratoires d'analyses m\u00e9dicales. Les r\u00e9sultats sont g\u00e9n\u00e9ralement disponibles dans un d\u00e9lai de quelques jours.\",\"breadcrumb\":{\"@id\":\"https:\/\/www.synlab.fr\/prise-sang\/#breadcrumb\"},\"inLanguage\":\"fr-FR\",\"potentialAction\":[{\"@type\":\"ReadAction\",\"target\":[\"https:\/\/www.synlab.fr\/prise-sang\/\"]}]},{\"@type\":\"ImageObject\",\"inLanguage\":\"fr-FR\",\"@id\":\"https:\/\/www.synlab.fr\/prise-sang\/#primaryimage\",\"url\":\"https:\/\/www.synlab.fr\/synlab-nouvelle-aquitaine\/wp-content\/uploads\/sites\/45\/2022\/08\/csm_AdobeStock_249042042__1__a0c304cc33.jpeg\",\"contentUrl\":\"https:\/\/www.synlab.fr\/synlab-nouvelle-aquitaine\/wp-content\/uploads\/sites\/45\/2022\/08\/csm_AdobeStock_249042042__1__a0c304cc33.jpeg\",\"width\":280,\"height\":280,\"caption\":\"un gant qui porte un tube \u00e0 essai contenant du sang\"},{\"@type\":\"BreadcrumbList\",\"@id\":\"https:\/\/www.synlab.fr\/prise-sang\/#breadcrumb\",\"itemListElement\":[{\"@type\":\"ListItem\",\"position\":1,\"name\":\"Home\",\"item\":\"https:\/\/www.synlab.fr\/synlab-nouvelle-aquitaine\/\"},{\"@type\":\"ListItem\",\"position\":2,\"name\":\"Prise de sang\"}]},{\"@type\":\"WebSite\",\"@id\":\"https:\/\/www.synlab.fr\/synlab-nouvelle-aquitaine\/#website\",\"url\":\"https:\/\/www.synlab.fr\/synlab-nouvelle-aquitaine\/\",\"name\":\"Synlab Nouvelle-Aquitaine\",\"description\":\"Un site utilisant Synlab\",\"potentialAction\":[{\"@type\":\"SearchAction\",\"target\":{\"@type\":\"EntryPoint\",\"urlTemplate\":\"https:\/\/www.synlab.fr\/synlab-nouvelle-aquitaine\/?s={search_term_string}\"},\"query-input\":{\"@type\":\"PropertyValueSpecification\",\"valueRequired\":true,\"valueName\":\"search_term_string\"}}],\"inLanguage\":\"fr-FR\"}]}<\/script>\n<!-- \/ Yoast SEO plugin. -->","yoast_head_json":{"title":"SYNLAB Nouvelle-Aquitaine - Prise de sang","description":"Les prises de sang sont un processus couramment utilis\u00e9 pour recueillir des \u00e9chantillons de sang dans le but d'effectuer des tests diagnostiques. Ce processus peut \u00eatre effectu\u00e9 au sein de nos laboratoires d'analyses m\u00e9dicales. Les r\u00e9sultats sont g\u00e9n\u00e9ralement disponibles dans un d\u00e9lai de quelques jours.","robots":{"index":"noindex","follow":"follow","max-snippet":"max-snippet:-1","max-image-preview":"max-image-preview:large","max-video-preview":"max-video-preview:-1"},"og_locale":"fr_FR","og_type":"article","og_title":"SYNLAB Nouvelle-Aquitaine - Prise de sang","og_description":"Les prises de sang sont un processus couramment utilis\u00e9 pour recueillir des \u00e9chantillons de sang dans le but d'effectuer des tests diagnostiques. Ce processus peut \u00eatre effectu\u00e9 au sein de nos laboratoires d'analyses m\u00e9dicales. Les r\u00e9sultats sont g\u00e9n\u00e9ralement disponibles dans un d\u00e9lai de quelques jours.","og_url":"https:\/\/www.synlab.fr\/prise-sang\/","og_site_name":"Synlab Nouvelle-Aquitaine","article_modified_time":"2023-10-13T12:32:34+00:00","og_image":[{"width":280,"height":280,"url":"https:\/\/www.synlab.fr\/synlab-nouvelle-aquitaine\/wp-content\/uploads\/sites\/45\/2022\/08\/csm_AdobeStock_249042042__1__a0c304cc33.jpeg","type":"image\/jpeg"}],"twitter_card":"summary_large_image","schema":{"@context":"https:\/\/schema.org","@graph":[{"@type":"WebPage","@id":"https:\/\/www.synlab.fr\/synlab-nouvelle-aquitaine\/prise-sang\/","url":"https:\/\/www.synlab.fr\/prise-sang\/","name":"SYNLAB Nouvelle-Aquitaine - Prise de sang","isPartOf":{"@id":"https:\/\/www.synlab.fr\/synlab-nouvelle-aquitaine\/#website"},"primaryImageOfPage":{"@id":"https:\/\/www.synlab.fr\/prise-sang\/#primaryimage"},"image":{"@id":"https:\/\/www.synlab.fr\/prise-sang\/#primaryimage"},"thumbnailUrl":"https:\/\/www.synlab.fr\/synlab-nouvelle-aquitaine\/wp-content\/uploads\/sites\/45\/2022\/08\/csm_AdobeStock_249042042__1__a0c304cc33.jpeg","datePublished":"2022-07-08T07:25:59+00:00","dateModified":"2023-10-13T12:32:34+00:00","description":"Les prises de sang sont un processus couramment utilis\u00e9 pour recueillir des \u00e9chantillons de sang dans le but d'effectuer des tests diagnostiques. Ce processus peut \u00eatre effectu\u00e9 au sein de nos laboratoires d'analyses m\u00e9dicales. Les r\u00e9sultats sont g\u00e9n\u00e9ralement disponibles dans un d\u00e9lai de quelques jours.","breadcrumb":{"@id":"https:\/\/www.synlab.fr\/prise-sang\/#breadcrumb"},"inLanguage":"fr-FR","potentialAction":[{"@type":"ReadAction","target":["https:\/\/www.synlab.fr\/prise-sang\/"]}]},{"@type":"ImageObject","inLanguage":"fr-FR","@id":"https:\/\/www.synlab.fr\/prise-sang\/#primaryimage","url":"https:\/\/www.synlab.fr\/synlab-nouvelle-aquitaine\/wp-content\/uploads\/sites\/45\/2022\/08\/csm_AdobeStock_249042042__1__a0c304cc33.jpeg","contentUrl":"https:\/\/www.synlab.fr\/synlab-nouvelle-aquitaine\/wp-content\/uploads\/sites\/45\/2022\/08\/csm_AdobeStock_249042042__1__a0c304cc33.jpeg","width":280,"height":280,"caption":"un gant qui porte un tube \u00e0 essai contenant du sang"},{"@type":"BreadcrumbList","@id":"https:\/\/www.synlab.fr\/prise-sang\/#breadcrumb","itemListElement":[{"@type":"ListItem","position":1,"name":"Home","item":"https:\/\/www.synlab.fr\/synlab-nouvelle-aquitaine\/"},{"@type":"ListItem","position":2,"name":"Prise de sang"}]},{"@type":"WebSite","@id":"https:\/\/www.synlab.fr\/synlab-nouvelle-aquitaine\/#website","url":"https:\/\/www.synlab.fr\/synlab-nouvelle-aquitaine\/","name":"Synlab Nouvelle-Aquitaine","description":"Un site utilisant Synlab","potentialAction":[{"@type":"SearchAction","target":{"@type":"EntryPoint","urlTemplate":"https:\/\/www.synlab.fr\/synlab-nouvelle-aquitaine\/?s={search_term_string}"},"query-input":{"@type":"PropertyValueSpecification","valueRequired":true,"valueName":"search_term_string"}}],"inLanguage":"fr-FR"}]}},"_links":{"self":[{"href":"https:\/\/www.synlab.fr\/synlab-nouvelle-aquitaine\/wp-json\/wp\/v2\/pages\/340","targetHints":{"allow":["GET"]}}],"collection":[{"href":"https:\/\/www.synlab.fr\/synlab-nouvelle-aquitaine\/wp-json\/wp\/v2\/pages"}],"about":[{"href":"https:\/\/www.synlab.fr\/synlab-nouvelle-aquitaine\/wp-json\/wp\/v2\/types\/page"}],"author":[{"embeddable":true,"href":"https:\/\/www.synlab.fr\/synlab-nouvelle-aquitaine\/wp-json\/wp\/v2\/users\/13"}],"replies":[{"embeddable":true,"href":"https:\/\/www.synlab.fr\/synlab-nouvelle-aquitaine\/wp-json\/wp\/v2\/comments?post=340"}],"version-history":[{"count":8,"href":"https:\/\/www.synlab.fr\/synlab-nouvelle-aquitaine\/wp-json\/wp\/v2\/pages\/340\/revisions"}],"predecessor-version":[{"id":6064,"href":"https:\/\/www.synlab.fr\/synlab-nouvelle-aquitaine\/wp-json\/wp\/v2\/pages\/340\/revisions\/6064"}],"wp:featuredmedia":[{"embeddable":true,"href":"https:\/\/www.synlab.fr\/synlab-nouvelle-aquitaine\/wp-json\/wp\/v2\/media\/915"}],"wp:attachment":[{"href":"https:\/\/www.synlab.fr\/synlab-nouvelle-aquitaine\/wp-json\/wp\/v2\/media?parent=340"}],"curies":[{"name":"wp","href":"https:\/\/api.w.org\/{rel}","templated":true}]}}