{"id":53,"date":"2022-04-29T08:43:23","date_gmt":"2022-04-29T06:43:23","guid":{"rendered":"https:\/\/www.synlab.fr\/aix-en-provence\/?page_id=53"},"modified":"2023-10-13T15:38:43","modified_gmt":"2023-10-13T13:38:43","slug":"provence-laboratoire-danalyse","status":"publish","type":"page","link":"https:\/\/www.synlab.fr\/synlab-nouvelle-aquitaine\/","title":{"rendered":"Accueil"},"content":{"rendered":"<div class=\"block-headerHP\">\n\t\n\n\t<picture>\n\t\t<source media=\"(max-width: 991px)\" srcset=\"https:\/\/www.synlab.fr\/synlab-nouvelle-aquitaine\/wp-content\/uploads\/sites\/45\/2023\/06\/pexels-oli-6377687-600x500.jpg\">\n\t\t<source media=\"(min-width: 992px)\" srcset=\"https:\/\/www.synlab.fr\/synlab-nouvelle-aquitaine\/wp-content\/uploads\/sites\/45\/2023\/06\/pexels-oli-6377687-1450x440.jpg\">\n\t\t<img decoding=\"async\" src=\"https:\/\/www.synlab.fr\/synlab-nouvelle-aquitaine\/wp-content\/uploads\/sites\/45\/2023\/06\/pexels-oli-6377687-1450x440.jpg\" alt=\"\">\n\t<\/picture>\n\n\t<div class=\"block-headerHP-contenu\">\n\t\t<h1>Laboratoires d&rsquo;analyses (33)<br \/>\r\nSYNLAB Nouvelle Aquitaine<br \/>\r\nvous souhaite la bienvenue !<\/h1>\n\t\t<h2>Nos laboratoires d&rsquo;analyses m\u00e9dicales <br \/>\r\nau plus proche de chez vous !<br \/>\r\n<\/h2>\n\t<\/div>\n\t<div class=\"block-headerHP-form container\">\n\t\t\n\t\t\t<div class=\"laboratoire-form\">\n\t\t\t\t<!--<div class=\"laboratoire-form-close\"><img decoding=\"async\" src=\"https:\/\/www.synlab.fr\/synlab-nouvelle-aquitaine\/wp-content\/plugins\/synlab\/assets\/dist\/images\/close.png\" \/><\/div>-->\n\t\t\t\t<div class=\"laboratoire-form-titre\">Trouver un laboratoire d&rsquo;analyses m\u00e9dicales<\/div>\t\t\t\t\t\t\n\t\t\t\t<div class=\"laboratoire-form-search\">\n\t\t\t\t\t<button class=\"laboratoire-findme\"><img decoding=\"async\" src=\"https:\/\/www.synlab.fr\/synlab-nouvelle-aquitaine\/wp-content\/plugins\/synlab\/assets\/dist\/images\/geoloc.svg\"\/><\/button>\n\t\t\t\t\t<input type=\"text\" name=\"laboratoire-user-position\" id=\"laboratoire-user-position\" class=\"laboratoire-form-search-input\" placeholder=\"Ex: 75001\"\/>\n\t\t\t\t\t<div class=\"laboratoire-form-choice\">\n\t\t\t\t\t\t<div class=\"laboratoire-form-choices\">\n\t\t\t\t\t\t<ul class=\"laboratoire-side-dashboard-choice\" data-type=\"services\"><li class=\"first\" data-first=\"Services\">Services<\/li><li data-value=\"rdv\" >RDV<\/li><li data-value=\"rdv-domicile\" >RDV \u00e0 domicile<\/li><li data-value=\"acces-handicape\" >Acc\u00e8s handicap\u00e9<\/li><li data-value=\"parking\" >Parking<\/li><li data-value=\"enfant\" >Espace enfants<\/li><li data-value=\"multilingue\" >Accueil multilingue<\/li><li data-value=\"biologiste\" >Consultation biologiste<\/li><li data-value=\"samedi\" >Ouvert le samedi<\/li><li data-value=\"collation\" >Collation offerte<\/li><\/ul>\n\t\t\t\t\t\t<\/div>\n\t\t\t\t\t\t\n\t\t\t\t\t\t<div class=\"laboratoire-form-choices\">\n\t\t\t\t\t\t\t<ul class=\"laboratoire-side-dashboard-choice\" data-type=\"specialites\"><li class=\"first\" data-first=\"Sp\u00e9cialit\u00e9s\">Sp\u00e9cialit\u00e9s<\/li><li data-value=\"sang\" >Prise de sang<\/li><li data-value=\"mycologiques\" >Pr\u00e9l\u00e8vement mycologique<\/li><li data-value=\"bacteriologiques\" >Pr\u00e9l\u00e8vement bact\u00e9riologique<\/li><li data-value=\"bebes\" >B\u00e9b\u00e9s<\/li><li data-value=\"urine\" >Pr\u00e9l\u00e8vement d&rsquo;urine<\/li><li data-value=\"vaginal\" >Pr\u00e9l\u00e8vement gyn\u00e9cologique<\/li><li data-value=\"covid\" >Test covid<\/li><li data-value=\"amp\" >Assistance M\u00e9dicale (AMP)<\/li><li data-value=\"biologie\" >Biologie fonctionnelle et nutritionnelle<\/li><li data-value=\"cardiovasculaire\" >Cardiovasculaire<\/li><li data-value=\"ist\" >IST (Infection Sexuellement Transmissible)<\/li><li data-value=\"tiques\" >Maladies \u00e0 tiques (Lyme)<\/li><li data-value=\"prevention\" >Pr\u00e9vention et bien-\u00eatre<\/li><li data-value=\"femme\" >Sant\u00e9 de la femme<\/li><li data-value=\"spermiologie\" >Spermiologie<\/li><li data-value=\"selles\" >Pr\u00e9l\u00e8vement de selles<\/li><li data-value=\"autres\" > Autre(s) pr\u00e9l\u00e8vement(s) (helikit, etc) <\/li><\/ul>\n\t\t\t\t\t\t<\/div>\n\t\t\t\t\t<\/div>\n\t\t\t\t\t<button class=\"laboratoire-form-btn-2\" data-redirect=\"https:\/\/www.synlab.fr\/synlab-nouvelle-aquitaine\/trouver-un-laboratoire\/\">Trouver un laboratoire<\/button>\n\t\t\t\t<\/div>\n\t\n\t\t\t\t<div class=\"laboratoire-single-popup-back synlab-geoloc\">Nous ne stockerons pas votre g\u00e9olocalisation.<br \/><a href=\"#\">Protection des donn\u00e9es<\/a><\/div>\n\t\t\t\t<div id=\"map3\"><\/div>\n\t\t\t<\/div>\n\t\t\t\t<\/div>\t\t\t\n\t\t\n<\/div>\t\t\n\n\n<div class=\"container-fluid block-separateur\" style=\"--heightDesk:50px;--heightMob:40px;\">\n\n    \n    \n<\/div>\n\n<div class=\"container-grid block-pictoHP\">\n\t\t<a href=\"https:\/\/www.synlab.fr\/synlab-nouvelle-aquitaine\/trouver-un-laboratoire\/?specialites=covid\" class=\"block-pictoHP-item\"  style=\"--myBgColor:#7d0143\">\n\t\t<img decoding=\"async\" src=\"https:\/\/www.synlab.fr\/synlab-nouvelle-aquitaine\/wp-content\/uploads\/sites\/45\/2022\/05\/Covid.svg\" alt=\"\" \/>\n\t\t<h2>R\u00e9aliser un test COVID sans RDV<\/h2>\n\t<\/a>\n\t\t<a href=\"https:\/\/mesresultats.synlab.fr\/doctor\/rest\/login\" class=\"block-pictoHP-item\"  style=\"--myBgColor:#dd9933\">\n\t\t<img decoding=\"async\" src=\"https:\/\/www.synlab.fr\/synlab-nouvelle-aquitaine\/wp-content\/uploads\/sites\/45\/2022\/05\/resultats.svg\" alt=\"\" \/>\n\t\t<h2>mySYNLAB pour les professionnels de sant\u00e9<\/h2>\n\t<\/a>\n\t\t<a href=\"https:\/\/synlabnouvelleaquitaine.vientchezvous.com\/booking-process\/choose-booking-type\" class=\"block-pictoHP-item\"  style=\"--myBgColor:#003765\">\n\t\t<img decoding=\"async\" src=\"https:\/\/www.synlab.fr\/synlab-nouvelle-aquitaine\/wp-content\/uploads\/sites\/45\/2022\/11\/NAQ_Prelevement-a-domicile_ICONE_WEB_icone-contour-test.png\" alt=\"\" \/>\n\t\t<h2>Ma prise de sang \u00e0 domicile <\/h2>\n\t<\/a>\n\t<\/div>\n\t\n\t\n\n\n<div class=\"container-fluid block-separateur\" style=\"--heightDesk:45px;--heightMob:65px;\">\n\n    \n    \n<\/div>\n\n\n<div class=\"container block-actuHPx\">\n\t<h2>Actualit\u00e9s<\/h2>\n\t\t\t<a href=\"https:\/\/www.synlab.fr\/synlab-nouvelle-aquitaine\/actualites\/\" target=\"\">Voir toutes les actualit\u00e9s<\/a>\n\t\t\n<\/div>\n\t\n\n<div class=\"container-grid block-actuHP slider\">\n\t\n\t\t\t\t<a class=\"block-actuHP-item\" href=\"https:\/\/www.synlab.fr\/synlab-nouvelle-aquitaine\/12-mai-journee-des-infirmiers\/\">\n\t\t\t\t\t<div class=\"block-actuHP-item-img\">\n\t\t\t\t\t\t<picture>\n\t\t\t\t\t\t\t<source media=\"(max-width: 767px)\" srcset=\"https:\/\/www.synlab.fr\/synlab-nouvelle-aquitaine\/wp-content\/uploads\/sites\/45\/2022\/08\/csm_Post_LinkedIn_Interview_infirmier_Dominique_KARINE2_9518053725-500x400.jpg\">\n\t\t\t\t\t\t\t<source media=\"(min-width: 768px)\" srcset=\"https:\/\/www.synlab.fr\/synlab-nouvelle-aquitaine\/wp-content\/uploads\/sites\/45\/2022\/08\/csm_Post_LinkedIn_Interview_infirmier_Dominique_KARINE2_9518053725-570x194.jpg\">\n\t\t\t\t\t\t\t<img decoding=\"async\" src=\"https:\/\/www.synlab.fr\/synlab-nouvelle-aquitaine\/wp-content\/uploads\/sites\/45\/2022\/08\/csm_Post_LinkedIn_Interview_infirmier_Dominique_KARINE2_9518053725-570x194.jpg\" alt=\"\">\n\t\t\t\t\t\t<\/picture>\n\n\t\t\t\t\t\t<div class=\"block-actuHP-item-img-cat\" style=\"--colorTaxo:#1e73be\">\n\t\t\t\t\t\t\t\t\tEvenements<\/div>\t\t\t\t\t\t\n\t\t\t\t\t<\/div>\n\t\t\t\t\t<div class=\"block-actuHP-item-contenu\">\n\t\t\t\t\t\t<time>12 mai 2022<\/time>\n\t\t\t\t\t\t<h3 class=\"block-actuHP-item-titre\">12 mai : journ\u00e9e des infirmiers<\/h3>\n\t\t\t\t\t\t<div class=\"block-actuHP-item-txt\">\u00c0 l&rsquo;occasion de la journ\u00e9e des infirmiers, nous vous invitons \u00e0 d\u00e9couvrir Dominique TRAVO KARINE, infirmier pr\u00e9leveur \u00e0 domicile \u00e0 SYNLAB Nouvelle-Aquitaine. Interview\u00e9 par Antoine Grimaud,&#8230;<\/div>\n\t\t\t\t\t<\/div>\n\t\t\t\t\t\n\t\t\t\t<\/a>\n\t\n\t\t\n\t\t\t\n\t\t\n\t\t\t\t<a class=\"block-actuHP-item\" href=\"https:\/\/www.synlab.fr\/synlab-nouvelle-aquitaine\/calprotectine-fecale\/\">\n\t\t\t\t\t<div class=\"block-actuHP-item-img\">\n\t\t\t\t\t\t<picture>\n\t\t\t\t\t\t\t<source media=\"(max-width: 767px)\" srcset=\"https:\/\/www.synlab.fr\/synlab-nouvelle-aquitaine\/wp-content\/uploads\/sites\/45\/2022\/08\/csm_inflammation_intestinale_113842c4f4-500x400.jpeg\">\n\t\t\t\t\t\t\t<source media=\"(min-width: 768px)\" srcset=\"https:\/\/www.synlab.fr\/synlab-nouvelle-aquitaine\/wp-content\/uploads\/sites\/45\/2022\/08\/csm_inflammation_intestinale_113842c4f4-142x185.jpeg\">\n\t\t\t\t\t\t\t<img decoding=\"async\" src=\"https:\/\/www.synlab.fr\/synlab-nouvelle-aquitaine\/wp-content\/uploads\/sites\/45\/2022\/08\/csm_inflammation_intestinale_113842c4f4-142x185.jpeg\" alt=\"\">\n\t\t\t\t\t\t<\/picture>\n\n\t\t\t\t\t\t<div class=\"block-actuHP-item-img-cat\" style=\"--colorTaxo:#009ece\">\n\t\t\t\t\t\t\t\t\tBien-\u00eatre<\/div>\t\t\t\t\t\t\n\t\t\t\t\t<\/div>\n\t\t\t\t\t<div class=\"block-actuHP-item-contenu\">\n\t\t\t\t\t\t<time>13 mai 2022<\/time>\n\t\t\t\t\t\t<h3 class=\"block-actuHP-item-titre\">Calprotectine f\u00e9cale<\/h3>\n\t\t\t\t\t\t<div class=\"block-actuHP-item-txt\">Les maladies inflammatoires chroniques de l\u2019intestin (ou MICI) regroupent la maladie de Crohn (MC) et la rectocolite h\u00e9morragique (RCH). Elles se caract\u00e9risent par une inflammation de la paroi&#8230;<\/div>\n\t\t\t\t\t<\/div>\n\t\t\t\t\t\n\t\t\t\t<\/a>\n\t\n\t\t\n\t\t\t\n\t\t\n\t\t\t\t<a class=\"block-actuHP-item\" href=\"https:\/\/www.synlab.fr\/synlab-nouvelle-aquitaine\/15-octobre-2019-journee-nationale-des-toxicomanies\/\">\n\t\t\t\t\t<div class=\"block-actuHP-item-img\">\n\t\t\t\t\t\t<picture>\n\t\t\t\t\t\t\t<source media=\"(max-width: 767px)\" srcset=\"https:\/\/www.synlab.fr\/synlab-nouvelle-aquitaine\/wp-content\/uploads\/sites\/45\/2022\/08\/csm_RS5876_sy_drugs_cl_A22449529_clean-scr_84f94bee5b.jpg\">\n\t\t\t\t\t\t\t<source media=\"(min-width: 768px)\" srcset=\"https:\/\/www.synlab.fr\/synlab-nouvelle-aquitaine\/wp-content\/uploads\/sites\/45\/2022\/08\/csm_RS5876_sy_drugs_cl_A22449529_clean-scr_84f94bee5b-142x185.jpg\">\n\t\t\t\t\t\t\t<img decoding=\"async\" src=\"https:\/\/www.synlab.fr\/synlab-nouvelle-aquitaine\/wp-content\/uploads\/sites\/45\/2022\/08\/csm_RS5876_sy_drugs_cl_A22449529_clean-scr_84f94bee5b-142x185.jpg\" alt=\"\">\n\t\t\t\t\t\t<\/picture>\n\n\t\t\t\t\t\t<div class=\"block-actuHP-item-img-cat\" style=\"--colorTaxo:#1e73be\">\n\t\t\t\t\t\t\t\t\tEvenements<\/div>\t\t\t\t\t\t\n\t\t\t\t\t<\/div>\n\t\t\t\t\t<div class=\"block-actuHP-item-contenu\">\n\t\t\t\t\t\t<time>15 octobre 2019<\/time>\n\t\t\t\t\t\t<h3 class=\"block-actuHP-item-titre\">15 octobre 2019 : Journ\u00e9e nationale des toxicomanies<\/h3>\n\t\t\t\t\t\t<div class=\"block-actuHP-item-txt\">La toxicomanie est un probl\u00e8me de sant\u00e9 publique et soci\u00e9tale qui touche toutes les classes sociales.\n\nEn France, les substances psychoactives les plus consomm\u00e9es sont l\u2019alcool, le tabac et le&#8230;<\/div>\n\t\t\t\t\t<\/div>\n\t\t\t\t\t\n\t\t\t\t<\/a>\n\t\n\t\t\n\t\t\t\n\t\t<\/div>\n\t\n\n\n<div class=\"container block-actuHPx-bottom\">\n\t\t\t<a class=\"https:\/\/www.synlab.fr\/synlab-nouvelle-aquitaine\/actualites\/\" target=\"\">Voir toutes les actualit\u00e9s<\/a>\n\t\t\n<\/div>\n\n\n\n<div class=\"container-fluid block-separateur\" style=\"--heightDesk:70px;--heightMob:70px;\">\n\n    \n    \n<\/div>\n\n<div class=\"container block-domainesHP\">\n\t<h2>Nos domaines d&rsquo;action<\/h2>\n<\/div>\n\t\n\n<div class=\"container-grid block-domainesHP\">\n\t                    <a href=\"https:\/\/www.synlab.fr\/votre-sante\/biologie-fonctionnelle-nutritionnelle\/\" class=\"block-domainesHP-item\">\n                <img decoding=\"async\" src=\"https:\/\/www.synlab.fr\/synlab-nouvelle-aquitaine\/wp-content\/uploads\/sites\/45\/2022\/05\/Food.svg\" alt=\"\" \/>\n                <h3>Biologie fonctionnelle  et nutritionnelle<\/h3>\n            <\/a>\n        \t                    <a href=\"https:\/\/www.synlab.fr\/votre-sante\/maladies-vectorielles-tiques-lyme\/\" class=\"block-domainesHP-item\">\n                <img decoding=\"async\" src=\"https:\/\/www.synlab.fr\/synlab-nouvelle-aquitaine\/wp-content\/uploads\/sites\/45\/2022\/05\/Tique.svg\" alt=\"\" \/>\n                <h3>Maladies vectorielles  \u00e0 tiques<\/h3>\n            <\/a>\n        \t                    <a href=\"https:\/\/www.synlab.fr\/votre-sante\/bilan-de-prevention-sans-ordonnance\/\" class=\"block-domainesHP-item\">\n                <img decoding=\"async\" src=\"https:\/\/www.synlab.fr\/synlab-nouvelle-aquitaine\/wp-content\/uploads\/sites\/45\/2022\/05\/Defense.svg\" alt=\"\" \/>\n                <h3>Pr\u00e9vention et bien-\u00eatre<\/h3>\n            <\/a>\n        \t                    <a href=\"https:\/\/www.synlab.fr\/votre-sante\/cardiovasculaires\/\" class=\"block-domainesHP-item\">\n                <img decoding=\"async\" src=\"https:\/\/www.synlab.fr\/synlab-nouvelle-aquitaine\/wp-content\/uploads\/sites\/45\/2022\/05\/Cardio.svg\" alt=\"\" \/>\n                <h3>Cardiovasculaire<\/h3>\n            <\/a>\n        \t                    <a href=\"https:\/\/www.synlab.fr\/votre-sante\/cancer-du-col-de-luterus\/\" class=\"block-domainesHP-item\">\n                <img decoding=\"async\" src=\"https:\/\/www.synlab.fr\/synlab-nouvelle-aquitaine\/wp-content\/uploads\/sites\/45\/2022\/05\/Cancer.svg\" alt=\"\" \/>\n                <h3>Cancers<\/h3>\n            <\/a>\n        \t                    <a href=\"https:\/\/www.synlab.fr\/votre-sante\/sante-femme\/\" class=\"block-domainesHP-item\">\n                <img decoding=\"async\" src=\"https:\/\/www.synlab.fr\/synlab-nouvelle-aquitaine\/wp-content\/uploads\/sites\/45\/2022\/05\/Female.svg\" alt=\"\" \/>\n                <h3>Sant\u00e9 de la femme<\/h3>\n            <\/a>\n        \t                    <a href=\"https:\/\/www.synlab.fr\/votre-sante\/microbiote-intestinal\/\" class=\"block-domainesHP-item\">\n                <img decoding=\"async\" src=\"https:\/\/www.synlab.fr\/synlab-nouvelle-aquitaine\/wp-content\/uploads\/sites\/45\/2022\/07\/Bacterie_turquoise_2.1.png\" alt=\"\" \/>\n                <h3>Microbiote<\/h3>\n            <\/a>\n        \t<\/div>\n\t\n\t\n\n\n<div class=\"container-fluid block-separateur\" style=\"--heightDesk:70px;--heightMob:60px;\">\n\n    \n    \n<\/div>\n\n\n<div class=\"container-fluid bg-bleuClair\">\n\t<div class=\"container-grid block-aPropos\">\n\t\t<h2>A propos de SYNLAB France<\/h2>\n\t\t\n\t\t\n\t\t<article class=\"block-aPropos-texte\"><p>SYNLAB France est un r\u00e9seau de proximit\u00e9 de pr\u00e8s de 400 laboratoires d\u2019analyses m\u00e9dicales (sites de pr\u00e9l\u00e8vements) sur tout le territoire, qui s\u2019appuient sur une quarantaine de plateaux techniques pour assurer le traitement des analyses m\u00e9dicales, avec les technologies les plus avanc\u00e9es et la capacit\u00e9 \u00e0 g\u00e9rer de gros volumes.<\/p>\n<p>L\u2019entreprise offre une gamme compl\u00e8te de diagnostics m\u00e9dicaux innovants et performants pour les patients, les m\u00e9decins et les h\u00f4pitaux et cliniques.<\/p>\n<\/article>\n\n\n\n\t\t\t\t\t\t\t\t<div class=\"block-aPropos-item\">\n\t\t\t\t<img decoding=\"async\" src=\"https:\/\/www.synlab.fr\/synlab-nouvelle-aquitaine\/wp-content\/uploads\/sites\/45\/2022\/05\/Map.svg\" alt=\"\" \/>\n\t\t\t\t<span>400<\/span>\n\t\t\t\tLaboratoires en France\t\t\t<\/div>\n\t\t\t\t\t\t<div class=\"block-aPropos-item\">\n\t\t\t\t<img decoding=\"async\" src=\"https:\/\/www.synlab.fr\/synlab-nouvelle-aquitaine\/wp-content\/uploads\/sites\/45\/2022\/05\/collabs.svg\" alt=\"\" \/>\n\t\t\t\t<span>3 400<\/span>\n\t\t\t\tCollaborateurs\t\t\t<\/div>\n\t\t\t\t\t\t<div class=\"block-aPropos-item\">\n\t\t\t\t<img decoding=\"async\" src=\"https:\/\/www.synlab.fr\/synlab-nouvelle-aquitaine\/wp-content\/uploads\/sites\/45\/2022\/05\/Tech.svg\" alt=\"\" \/>\n\t\t\t\t<span>40<\/span>\n\t\t\t\tCentres techniques\t\t\t<\/div>\n\t\t\t\n\t\t\t\n\t<\/div>\n<\/div>","protected":false},"excerpt":{"rendered":"","protected":false},"author":1,"featured_media":430,"parent":0,"menu_order":0,"comment_status":"closed","ping_status":"closed","template":"","meta":{"_acf_changed":false,"footnotes":""},"class_list":["post-53","page","type-page","status-publish","has-post-thumbnail","hentry"],"acf":[],"yoast_head":"<!-- This site is optimized with the Yoast SEO plugin v26.3 - https:\/\/yoast.com\/wordpress\/plugins\/seo\/ -->\n<title>Synlab Nouvelle-Aquitaine | Laboratoire d&#039;analyses m\u00e9dicales<\/title>\n<meta name=\"description\" content=\"Votre sant\u00e9 est pr\u00e9cieuse, les laboratoires d&#039;analyses m\u00e9dicales de Synlab Nouvelle-Aquitaine vous accompagnent dans votre diagnostic m\u00e9dical.\" \/>\n<meta name=\"robots\" content=\"noindex, follow, max-snippet:-1, max-image-preview:large, max-video-preview:-1\" \/>\n<meta property=\"og:locale\" content=\"fr_FR\" \/>\n<meta property=\"og:type\" content=\"article\" \/>\n<meta property=\"og:title\" content=\"Synlab Nouvelle-Aquitaine | Laboratoire d&#039;analyses m\u00e9dicales\" \/>\n<meta property=\"og:description\" content=\"Votre sant\u00e9 est pr\u00e9cieuse, les laboratoires d&#039;analyses m\u00e9dicales de Synlab Nouvelle-Aquitaine vous accompagnent dans votre diagnostic m\u00e9dical.\" \/>\n<meta property=\"og:url\" content=\"https:\/\/www.synlab.fr\/synlab-nouvelle-aquitaine\/\" \/>\n<meta property=\"og:site_name\" content=\"Synlab Nouvelle-Aquitaine\" \/>\n<meta property=\"article:modified_time\" content=\"2023-10-13T13:38:43+00:00\" \/>\n<meta property=\"og:image\" content=\"https:\/\/www.synlab.fr\/synlab-nouvelle-aquitaine\/wp-content\/uploads\/sites\/45\/2022\/07\/Femme_bras_ouverts_plage_light-5-scaled.jpeg\" \/>\n\t<meta property=\"og:image:width\" content=\"2560\" \/>\n\t<meta property=\"og:image:height\" content=\"1490\" \/>\n\t<meta property=\"og:image:type\" content=\"image\/jpeg\" \/>\n<meta name=\"twitter:card\" content=\"summary_large_image\" \/>\n<script type=\"application\/ld+json\" class=\"yoast-schema-graph\">{\"@context\":\"https:\/\/schema.org\",\"@graph\":[{\"@type\":\"WebPage\",\"@id\":\"https:\/\/www.synlab.fr\/synlab-nouvelle-aquitaine\/\",\"url\":\"https:\/\/www.synlab.fr\/synlab-nouvelle-aquitaine\/\",\"name\":\"Synlab Nouvelle-Aquitaine | Laboratoire d'analyses m\u00e9dicales\",\"isPartOf\":{\"@id\":\"https:\/\/www.synlab.fr\/synlab-nouvelle-aquitaine\/#website\"},\"primaryImageOfPage\":{\"@id\":\"https:\/\/www.synlab.fr\/synlab-nouvelle-aquitaine\/#primaryimage\"},\"image\":{\"@id\":\"https:\/\/www.synlab.fr\/synlab-nouvelle-aquitaine\/#primaryimage\"},\"thumbnailUrl\":\"https:\/\/www.synlab.fr\/synlab-nouvelle-aquitaine\/wp-content\/uploads\/sites\/45\/2022\/07\/Femme_bras_ouverts_plage_light-5-scaled.jpeg\",\"datePublished\":\"2022-04-29T06:43:23+00:00\",\"dateModified\":\"2023-10-13T13:38:43+00:00\",\"description\":\"Votre sant\u00e9 est pr\u00e9cieuse, les laboratoires d'analyses m\u00e9dicales de Synlab Nouvelle-Aquitaine vous accompagnent dans votre diagnostic m\u00e9dical.\",\"breadcrumb\":{\"@id\":\"https:\/\/www.synlab.fr\/synlab-nouvelle-aquitaine\/#breadcrumb\"},\"inLanguage\":\"fr-FR\",\"potentialAction\":[{\"@type\":\"ReadAction\",\"target\":[\"https:\/\/www.synlab.fr\/synlab-nouvelle-aquitaine\/\"]}]},{\"@type\":\"ImageObject\",\"inLanguage\":\"fr-FR\",\"@id\":\"https:\/\/www.synlab.fr\/synlab-nouvelle-aquitaine\/#primaryimage\",\"url\":\"https:\/\/www.synlab.fr\/synlab-nouvelle-aquitaine\/wp-content\/uploads\/sites\/45\/2022\/07\/Femme_bras_ouverts_plage_light-5-scaled.jpeg\",\"contentUrl\":\"https:\/\/www.synlab.fr\/synlab-nouvelle-aquitaine\/wp-content\/uploads\/sites\/45\/2022\/07\/Femme_bras_ouverts_plage_light-5-scaled.jpeg\",\"width\":2560,\"height\":1490,\"caption\":\"Femme ayant les bras \u00e9cart\u00e9s devant la mer\"},{\"@type\":\"BreadcrumbList\",\"@id\":\"https:\/\/www.synlab.fr\/synlab-nouvelle-aquitaine\/#breadcrumb\",\"itemListElement\":[{\"@type\":\"ListItem\",\"position\":1,\"name\":\"Home\",\"item\":\"https:\/\/www.synlab.fr\/synlab-nouvelle-aquitaine\/\"},{\"@type\":\"ListItem\",\"position\":2,\"name\":\"Accueil\"}]},{\"@type\":\"WebSite\",\"@id\":\"https:\/\/www.synlab.fr\/synlab-nouvelle-aquitaine\/#website\",\"url\":\"https:\/\/www.synlab.fr\/synlab-nouvelle-aquitaine\/\",\"name\":\"Synlab Nouvelle-Aquitaine\",\"description\":\"Un site utilisant Synlab\",\"potentialAction\":[{\"@type\":\"SearchAction\",\"target\":{\"@type\":\"EntryPoint\",\"urlTemplate\":\"https:\/\/www.synlab.fr\/synlab-nouvelle-aquitaine\/?s={search_term_string}\"},\"query-input\":{\"@type\":\"PropertyValueSpecification\",\"valueRequired\":true,\"valueName\":\"search_term_string\"}}],\"inLanguage\":\"fr-FR\"}]}<\/script>\n<!-- \/ Yoast SEO plugin. -->","yoast_head_json":{"title":"Synlab Nouvelle-Aquitaine | Laboratoire d'analyses m\u00e9dicales","description":"Votre sant\u00e9 est pr\u00e9cieuse, les laboratoires d'analyses m\u00e9dicales de Synlab Nouvelle-Aquitaine vous accompagnent dans votre diagnostic m\u00e9dical.","robots":{"index":"noindex","follow":"follow","max-snippet":"max-snippet:-1","max-image-preview":"max-image-preview:large","max-video-preview":"max-video-preview:-1"},"og_locale":"fr_FR","og_type":"article","og_title":"Synlab Nouvelle-Aquitaine | Laboratoire d'analyses m\u00e9dicales","og_description":"Votre sant\u00e9 est pr\u00e9cieuse, les laboratoires d'analyses m\u00e9dicales de Synlab Nouvelle-Aquitaine vous accompagnent dans votre diagnostic m\u00e9dical.","og_url":"https:\/\/www.synlab.fr\/synlab-nouvelle-aquitaine\/","og_site_name":"Synlab Nouvelle-Aquitaine","article_modified_time":"2023-10-13T13:38:43+00:00","og_image":[{"width":2560,"height":1490,"url":"https:\/\/www.synlab.fr\/synlab-nouvelle-aquitaine\/wp-content\/uploads\/sites\/45\/2022\/07\/Femme_bras_ouverts_plage_light-5-scaled.jpeg","type":"image\/jpeg"}],"twitter_card":"summary_large_image","schema":{"@context":"https:\/\/schema.org","@graph":[{"@type":"WebPage","@id":"https:\/\/www.synlab.fr\/synlab-nouvelle-aquitaine\/","url":"https:\/\/www.synlab.fr\/synlab-nouvelle-aquitaine\/","name":"Synlab Nouvelle-Aquitaine | Laboratoire d'analyses m\u00e9dicales","isPartOf":{"@id":"https:\/\/www.synlab.fr\/synlab-nouvelle-aquitaine\/#website"},"primaryImageOfPage":{"@id":"https:\/\/www.synlab.fr\/synlab-nouvelle-aquitaine\/#primaryimage"},"image":{"@id":"https:\/\/www.synlab.fr\/synlab-nouvelle-aquitaine\/#primaryimage"},"thumbnailUrl":"https:\/\/www.synlab.fr\/synlab-nouvelle-aquitaine\/wp-content\/uploads\/sites\/45\/2022\/07\/Femme_bras_ouverts_plage_light-5-scaled.jpeg","datePublished":"2022-04-29T06:43:23+00:00","dateModified":"2023-10-13T13:38:43+00:00","description":"Votre sant\u00e9 est pr\u00e9cieuse, les laboratoires d'analyses m\u00e9dicales de Synlab Nouvelle-Aquitaine vous accompagnent dans votre diagnostic m\u00e9dical.","breadcrumb":{"@id":"https:\/\/www.synlab.fr\/synlab-nouvelle-aquitaine\/#breadcrumb"},"inLanguage":"fr-FR","potentialAction":[{"@type":"ReadAction","target":["https:\/\/www.synlab.fr\/synlab-nouvelle-aquitaine\/"]}]},{"@type":"ImageObject","inLanguage":"fr-FR","@id":"https:\/\/www.synlab.fr\/synlab-nouvelle-aquitaine\/#primaryimage","url":"https:\/\/www.synlab.fr\/synlab-nouvelle-aquitaine\/wp-content\/uploads\/sites\/45\/2022\/07\/Femme_bras_ouverts_plage_light-5-scaled.jpeg","contentUrl":"https:\/\/www.synlab.fr\/synlab-nouvelle-aquitaine\/wp-content\/uploads\/sites\/45\/2022\/07\/Femme_bras_ouverts_plage_light-5-scaled.jpeg","width":2560,"height":1490,"caption":"Femme ayant les bras \u00e9cart\u00e9s devant la mer"},{"@type":"BreadcrumbList","@id":"https:\/\/www.synlab.fr\/synlab-nouvelle-aquitaine\/#breadcrumb","itemListElement":[{"@type":"ListItem","position":1,"name":"Home","item":"https:\/\/www.synlab.fr\/synlab-nouvelle-aquitaine\/"},{"@type":"ListItem","position":2,"name":"Accueil"}]},{"@type":"WebSite","@id":"https:\/\/www.synlab.fr\/synlab-nouvelle-aquitaine\/#website","url":"https:\/\/www.synlab.fr\/synlab-nouvelle-aquitaine\/","name":"Synlab Nouvelle-Aquitaine","description":"Un site utilisant Synlab","potentialAction":[{"@type":"SearchAction","target":{"@type":"EntryPoint","urlTemplate":"https:\/\/www.synlab.fr\/synlab-nouvelle-aquitaine\/?s={search_term_string}"},"query-input":{"@type":"PropertyValueSpecification","valueRequired":true,"valueName":"search_term_string"}}],"inLanguage":"fr-FR"}]}},"_links":{"self":[{"href":"https:\/\/www.synlab.fr\/synlab-nouvelle-aquitaine\/wp-json\/wp\/v2\/pages\/53","targetHints":{"allow":["GET"]}}],"collection":[{"href":"https:\/\/www.synlab.fr\/synlab-nouvelle-aquitaine\/wp-json\/wp\/v2\/pages"}],"about":[{"href":"https:\/\/www.synlab.fr\/synlab-nouvelle-aquitaine\/wp-json\/wp\/v2\/types\/page"}],"author":[{"embeddable":true,"href":"https:\/\/www.synlab.fr\/synlab-nouvelle-aquitaine\/wp-json\/wp\/v2\/users\/1"}],"replies":[{"embeddable":true,"href":"https:\/\/www.synlab.fr\/synlab-nouvelle-aquitaine\/wp-json\/wp\/v2\/comments?post=53"}],"version-history":[{"count":139,"href":"https:\/\/www.synlab.fr\/synlab-nouvelle-aquitaine\/wp-json\/wp\/v2\/pages\/53\/revisions"}],"predecessor-version":[{"id":6258,"href":"https:\/\/www.synlab.fr\/synlab-nouvelle-aquitaine\/wp-json\/wp\/v2\/pages\/53\/revisions\/6258"}],"wp:featuredmedia":[{"embeddable":true,"href":"https:\/\/www.synlab.fr\/synlab-nouvelle-aquitaine\/wp-json\/wp\/v2\/media\/430"}],"wp:attachment":[{"href":"https:\/\/www.synlab.fr\/synlab-nouvelle-aquitaine\/wp-json\/wp\/v2\/media?parent=53"}],"curies":[{"name":"wp","href":"https:\/\/api.w.org\/{rel}","templated":true}]}}