{"id":5312,"date":"2023-04-21T13:48:16","date_gmt":"2023-04-21T11:48:16","guid":{"rendered":"https:\/\/www.synlab.fr\/synlab-nouvelle-aquitaine\/?page_id=5312"},"modified":"2023-06-26T10:12:17","modified_gmt":"2023-06-26T08:12:17","slug":"resultats-patients","status":"publish","type":"page","link":"https:\/\/www.synlab.fr\/synlab-nouvelle-aquitaine\/espace-professionnels-de-sante\/prescrire-des-analyses\/resultats-patients\/","title":{"rendered":"R\u00e9sultats patients"},"content":{"rendered":"<div class=\"container block-texte_image\">\n\n\t\t\t<div class=\"block-texte_image-contenu order-1\" style=\"--widthContenu:80%\">\n\t\t\t\t\t\t<article><p><strong>Sur prescription m\u00e9dicale, les r\u00e9sultats sont rendus syst\u00e9matiquement au patient et au m\u00e9decin prescripteur.<\/strong><br \/>\nHors prescription m\u00e9dicale, en fonction de l&rsquo;analyse concern\u00e9e, vous pourrez recevoir un compte-rendu \u00e9galement.<\/p>\n<h3>Cas particuliers<\/h3>\n<p><strong>La transmission de r\u00e9sultats de biologie m\u00e9dicale est soumise \u00e0 une r\u00e9glementation particuli\u00e8re<\/strong> notamment concernant les analyses effectu\u00e9es pour :<\/p>\n<ul>\n<li>la m\u00e9decine du travail \u00a0(r\u00e9sultat uniquement au m\u00e9decin du travail)<\/li>\n<li>les assurances (c\u2019est le patient qui transmet le r\u00e9sultat \u00e0 la compagnie sauf d\u00e9l\u00e9gation \u00e9crite)<\/li>\n<li>les mineurs ( pour test de grossesse, analyse en rapport avec une MST, toxiques urinaires, &#8230;; r\u00e9sultat en double exemplaires au m\u00e9decin prescripteur).<\/li>\n<li>les analyses g\u00e9n\u00e9tiques (r\u00e9sultat uniquement au m\u00e9decin prescripteur).<\/li>\n<\/ul>\n<p>&nbsp;<\/p>\n<h3>D\u00e9lai de rendu des r\u00e9sultats<\/h3>\n<p><strong>La majorit\u00e9 des r\u00e9sultats d\u2019analyses faites au laboratoire sont disponibles le jour m\u00eame<\/strong> par voie t\u00e9l\u00e9matique.<\/p>\n<h3>Incertitudes :<\/h3>\n<p><strong>Les incertitudes \u00e9largies\u00a0de nos param\u00e8tres<\/strong> sont consultables en cliquant\u00a0<a href=\"https:\/\/www.synlab.fr\/synlab-nouvelle-aquitaine\/wp-content\/uploads\/sites\/45\/2023\/04\/incertitudes-de-mesure-2022-pour-site-internet-V14.pdf\" target=\"_blank\" rel=\"noopener\">ici<\/a>.<\/p>\n<\/article>\t\t\t\t\t\t\n\t\t\t\t\t<\/div>\n\t\n\t\n\t\t<div class=\"block-texte_image-illustration order-0\" style=\"--widthImage:20%;\">\n\t\t\t<img decoding=\"async\" src=\"https:\/\/www.synlab.fr\/synlab-nouvelle-aquitaine\/wp-content\/uploads\/sites\/45\/2023\/04\/Sans-titre-33.png\" alt=\"Sans-titre-33\"\/>\n\t\t<\/div>\n\n\t\n\t\t\n<\/div>\n\n\n\n\n\t\n\t\n","protected":false},"excerpt":{"rendered":"","protected":false},"author":13,"featured_media":5313,"parent":1301,"menu_order":1,"comment_status":"closed","ping_status":"closed","template":"","meta":{"_acf_changed":false,"footnotes":""},"class_list":["post-5312","page","type-page","status-publish","has-post-thumbnail","hentry"],"acf":[],"yoast_head":"<!-- This site is optimized with the Yoast SEO plugin v26.3 - https:\/\/yoast.com\/wordpress\/plugins\/seo\/ -->\n<title>R\u00e9sultats patients - Synlab Nouvelle-Aquitaine<\/title>\n<meta name=\"robots\" content=\"noindex, follow, max-snippet:-1, max-image-preview:large, max-video-preview:-1\" \/>\n<meta property=\"og:locale\" content=\"fr_FR\" \/>\n<meta property=\"og:type\" content=\"article\" \/>\n<meta property=\"og:title\" content=\"R\u00e9sultats patients - Synlab Nouvelle-Aquitaine\" \/>\n<meta property=\"og:url\" content=\"https:\/\/www.synlab.fr\/clone\/synlab-nouvelle-aquitaine\/espace-professionnels-de-sante\/prescrire-des-analyses\/resultats-patients\/\" \/>\n<meta property=\"og:site_name\" content=\"Synlab Nouvelle-Aquitaine\" \/>\n<meta property=\"article:modified_time\" content=\"2023-06-26T08:12:17+00:00\" \/>\n<meta property=\"og:image\" content=\"https:\/\/www.synlab.fr\/clone\/synlab-nouvelle-aquitaine\/wp-content\/uploads\/sites\/45\/2023\/04\/Sans-titre-33.png\" \/>\n\t<meta property=\"og:image:width\" content=\"430\" \/>\n\t<meta property=\"og:image:height\" content=\"608\" \/>\n\t<meta property=\"og:image:type\" content=\"image\/png\" \/>\n<meta name=\"twitter:card\" content=\"summary_large_image\" \/>\n<script type=\"application\/ld+json\" class=\"yoast-schema-graph\">{\"@context\":\"https:\/\/schema.org\",\"@graph\":[{\"@type\":\"WebPage\",\"@id\":\"https:\/\/www.synlab.fr\/clone\/synlab-nouvelle-aquitaine\/espace-professionnels-de-sante\/prescrire-des-analyses\/resultats-patients\/\",\"url\":\"https:\/\/www.synlab.fr\/clone\/synlab-nouvelle-aquitaine\/espace-professionnels-de-sante\/prescrire-des-analyses\/resultats-patients\/\",\"name\":\"R\u00e9sultats patients - Synlab Nouvelle-Aquitaine\",\"isPartOf\":{\"@id\":\"https:\/\/www.synlab.fr\/synlab-nouvelle-aquitaine\/#website\"},\"primaryImageOfPage\":{\"@id\":\"https:\/\/www.synlab.fr\/clone\/synlab-nouvelle-aquitaine\/espace-professionnels-de-sante\/prescrire-des-analyses\/resultats-patients\/#primaryimage\"},\"image\":{\"@id\":\"https:\/\/www.synlab.fr\/clone\/synlab-nouvelle-aquitaine\/espace-professionnels-de-sante\/prescrire-des-analyses\/resultats-patients\/#primaryimage\"},\"thumbnailUrl\":\"https:\/\/www.synlab.fr\/synlab-nouvelle-aquitaine\/wp-content\/uploads\/sites\/45\/2023\/04\/Sans-titre-33.png\",\"datePublished\":\"2023-04-21T11:48:16+00:00\",\"dateModified\":\"2023-06-26T08:12:17+00:00\",\"breadcrumb\":{\"@id\":\"https:\/\/www.synlab.fr\/clone\/synlab-nouvelle-aquitaine\/espace-professionnels-de-sante\/prescrire-des-analyses\/resultats-patients\/#breadcrumb\"},\"inLanguage\":\"fr-FR\",\"potentialAction\":[{\"@type\":\"ReadAction\",\"target\":[\"https:\/\/www.synlab.fr\/clone\/synlab-nouvelle-aquitaine\/espace-professionnels-de-sante\/prescrire-des-analyses\/resultats-patients\/\"]}]},{\"@type\":\"ImageObject\",\"inLanguage\":\"fr-FR\",\"@id\":\"https:\/\/www.synlab.fr\/clone\/synlab-nouvelle-aquitaine\/espace-professionnels-de-sante\/prescrire-des-analyses\/resultats-patients\/#primaryimage\",\"url\":\"https:\/\/www.synlab.fr\/synlab-nouvelle-aquitaine\/wp-content\/uploads\/sites\/45\/2023\/04\/Sans-titre-33.png\",\"contentUrl\":\"https:\/\/www.synlab.fr\/synlab-nouvelle-aquitaine\/wp-content\/uploads\/sites\/45\/2023\/04\/Sans-titre-33.png\",\"width\":430,\"height\":608},{\"@type\":\"BreadcrumbList\",\"@id\":\"https:\/\/www.synlab.fr\/clone\/synlab-nouvelle-aquitaine\/espace-professionnels-de-sante\/prescrire-des-analyses\/resultats-patients\/#breadcrumb\",\"itemListElement\":[{\"@type\":\"ListItem\",\"position\":1,\"name\":\"Home\",\"item\":\"https:\/\/www.synlab.fr\/synlab-nouvelle-aquitaine\/\"},{\"@type\":\"ListItem\",\"position\":2,\"name\":\"Espace professionnel de sant\u00e9\",\"item\":\"https:\/\/www.synlab.fr\/clone\/synlab-nouvelle-aquitaine\/espace-professionnels-de-sante\/\"},{\"@type\":\"ListItem\",\"position\":3,\"name\":\"Prescrire des analyses\",\"item\":\"https:\/\/www.synlab.fr\/clone\/synlab-nouvelle-aquitaine\/espace-professionnels-de-sante\/prescrire-des-analyses\/\"},{\"@type\":\"ListItem\",\"position\":4,\"name\":\"R\u00e9sultats patients\"}]},{\"@type\":\"WebSite\",\"@id\":\"https:\/\/www.synlab.fr\/synlab-nouvelle-aquitaine\/#website\",\"url\":\"https:\/\/www.synlab.fr\/synlab-nouvelle-aquitaine\/\",\"name\":\"Synlab Nouvelle-Aquitaine\",\"description\":\"Un site utilisant Synlab\",\"potentialAction\":[{\"@type\":\"SearchAction\",\"target\":{\"@type\":\"EntryPoint\",\"urlTemplate\":\"https:\/\/www.synlab.fr\/synlab-nouvelle-aquitaine\/?s={search_term_string}\"},\"query-input\":{\"@type\":\"PropertyValueSpecification\",\"valueRequired\":true,\"valueName\":\"search_term_string\"}}],\"inLanguage\":\"fr-FR\"}]}<\/script>\n<!-- \/ Yoast SEO plugin. -->","yoast_head_json":{"title":"R\u00e9sultats patients - Synlab Nouvelle-Aquitaine","robots":{"index":"noindex","follow":"follow","max-snippet":"max-snippet:-1","max-image-preview":"max-image-preview:large","max-video-preview":"max-video-preview:-1"},"og_locale":"fr_FR","og_type":"article","og_title":"R\u00e9sultats patients - Synlab Nouvelle-Aquitaine","og_url":"https:\/\/www.synlab.fr\/clone\/synlab-nouvelle-aquitaine\/espace-professionnels-de-sante\/prescrire-des-analyses\/resultats-patients\/","og_site_name":"Synlab Nouvelle-Aquitaine","article_modified_time":"2023-06-26T08:12:17+00:00","og_image":[{"width":430,"height":608,"url":"https:\/\/www.synlab.fr\/clone\/synlab-nouvelle-aquitaine\/wp-content\/uploads\/sites\/45\/2023\/04\/Sans-titre-33.png","type":"image\/png"}],"twitter_card":"summary_large_image","schema":{"@context":"https:\/\/schema.org","@graph":[{"@type":"WebPage","@id":"https:\/\/www.synlab.fr\/clone\/synlab-nouvelle-aquitaine\/espace-professionnels-de-sante\/prescrire-des-analyses\/resultats-patients\/","url":"https:\/\/www.synlab.fr\/clone\/synlab-nouvelle-aquitaine\/espace-professionnels-de-sante\/prescrire-des-analyses\/resultats-patients\/","name":"R\u00e9sultats patients - Synlab Nouvelle-Aquitaine","isPartOf":{"@id":"https:\/\/www.synlab.fr\/synlab-nouvelle-aquitaine\/#website"},"primaryImageOfPage":{"@id":"https:\/\/www.synlab.fr\/clone\/synlab-nouvelle-aquitaine\/espace-professionnels-de-sante\/prescrire-des-analyses\/resultats-patients\/#primaryimage"},"image":{"@id":"https:\/\/www.synlab.fr\/clone\/synlab-nouvelle-aquitaine\/espace-professionnels-de-sante\/prescrire-des-analyses\/resultats-patients\/#primaryimage"},"thumbnailUrl":"https:\/\/www.synlab.fr\/synlab-nouvelle-aquitaine\/wp-content\/uploads\/sites\/45\/2023\/04\/Sans-titre-33.png","datePublished":"2023-04-21T11:48:16+00:00","dateModified":"2023-06-26T08:12:17+00:00","breadcrumb":{"@id":"https:\/\/www.synlab.fr\/clone\/synlab-nouvelle-aquitaine\/espace-professionnels-de-sante\/prescrire-des-analyses\/resultats-patients\/#breadcrumb"},"inLanguage":"fr-FR","potentialAction":[{"@type":"ReadAction","target":["https:\/\/www.synlab.fr\/clone\/synlab-nouvelle-aquitaine\/espace-professionnels-de-sante\/prescrire-des-analyses\/resultats-patients\/"]}]},{"@type":"ImageObject","inLanguage":"fr-FR","@id":"https:\/\/www.synlab.fr\/clone\/synlab-nouvelle-aquitaine\/espace-professionnels-de-sante\/prescrire-des-analyses\/resultats-patients\/#primaryimage","url":"https:\/\/www.synlab.fr\/synlab-nouvelle-aquitaine\/wp-content\/uploads\/sites\/45\/2023\/04\/Sans-titre-33.png","contentUrl":"https:\/\/www.synlab.fr\/synlab-nouvelle-aquitaine\/wp-content\/uploads\/sites\/45\/2023\/04\/Sans-titre-33.png","width":430,"height":608},{"@type":"BreadcrumbList","@id":"https:\/\/www.synlab.fr\/clone\/synlab-nouvelle-aquitaine\/espace-professionnels-de-sante\/prescrire-des-analyses\/resultats-patients\/#breadcrumb","itemListElement":[{"@type":"ListItem","position":1,"name":"Home","item":"https:\/\/www.synlab.fr\/synlab-nouvelle-aquitaine\/"},{"@type":"ListItem","position":2,"name":"Espace professionnel de sant\u00e9","item":"https:\/\/www.synlab.fr\/clone\/synlab-nouvelle-aquitaine\/espace-professionnels-de-sante\/"},{"@type":"ListItem","position":3,"name":"Prescrire des analyses","item":"https:\/\/www.synlab.fr\/clone\/synlab-nouvelle-aquitaine\/espace-professionnels-de-sante\/prescrire-des-analyses\/"},{"@type":"ListItem","position":4,"name":"R\u00e9sultats patients"}]},{"@type":"WebSite","@id":"https:\/\/www.synlab.fr\/synlab-nouvelle-aquitaine\/#website","url":"https:\/\/www.synlab.fr\/synlab-nouvelle-aquitaine\/","name":"Synlab Nouvelle-Aquitaine","description":"Un site utilisant Synlab","potentialAction":[{"@type":"SearchAction","target":{"@type":"EntryPoint","urlTemplate":"https:\/\/www.synlab.fr\/synlab-nouvelle-aquitaine\/?s={search_term_string}"},"query-input":{"@type":"PropertyValueSpecification","valueRequired":true,"valueName":"search_term_string"}}],"inLanguage":"fr-FR"}]}},"_links":{"self":[{"href":"https:\/\/www.synlab.fr\/synlab-nouvelle-aquitaine\/wp-json\/wp\/v2\/pages\/5312","targetHints":{"allow":["GET"]}}],"collection":[{"href":"https:\/\/www.synlab.fr\/synlab-nouvelle-aquitaine\/wp-json\/wp\/v2\/pages"}],"about":[{"href":"https:\/\/www.synlab.fr\/synlab-nouvelle-aquitaine\/wp-json\/wp\/v2\/types\/page"}],"author":[{"embeddable":true,"href":"https:\/\/www.synlab.fr\/synlab-nouvelle-aquitaine\/wp-json\/wp\/v2\/users\/13"}],"replies":[{"embeddable":true,"href":"https:\/\/www.synlab.fr\/synlab-nouvelle-aquitaine\/wp-json\/wp\/v2\/comments?post=5312"}],"version-history":[{"count":5,"href":"https:\/\/www.synlab.fr\/synlab-nouvelle-aquitaine\/wp-json\/wp\/v2\/pages\/5312\/revisions"}],"predecessor-version":[{"id":5787,"href":"https:\/\/www.synlab.fr\/synlab-nouvelle-aquitaine\/wp-json\/wp\/v2\/pages\/5312\/revisions\/5787"}],"up":[{"embeddable":true,"href":"https:\/\/www.synlab.fr\/synlab-nouvelle-aquitaine\/wp-json\/wp\/v2\/pages\/1301"}],"wp:featuredmedia":[{"embeddable":true,"href":"https:\/\/www.synlab.fr\/synlab-nouvelle-aquitaine\/wp-json\/wp\/v2\/media\/5313"}],"wp:attachment":[{"href":"https:\/\/www.synlab.fr\/synlab-nouvelle-aquitaine\/wp-json\/wp\/v2\/media?parent=5312"}],"curies":[{"name":"wp","href":"https:\/\/api.w.org\/{rel}","templated":true}]}}