{"id":5321,"date":"2023-04-21T13:54:16","date_gmt":"2023-04-21T11:54:16","guid":{"rendered":"https:\/\/www.synlab.fr\/synlab-nouvelle-aquitaine\/?page_id=5321"},"modified":"2023-04-28T15:49:13","modified_gmt":"2023-04-28T13:49:13","slug":"analyses-non-remboursees","status":"publish","type":"page","link":"https:\/\/www.synlab.fr\/synlab-nouvelle-aquitaine\/espace-professionnels-de-sante\/prescrire-des-analyses\/analyses-non-remboursees\/","title":{"rendered":"Analyses non rembours\u00e9es"},"content":{"rendered":"<div class=\"container block-texte_image\">\n\n\t\t\t<div class=\"block-texte_image-contenu order-1\" style=\"--widthContenu:100%\">\n\t\t\t\t\t\t<article><p>La tarification des examens de biologie m\u00e9dicale est regie par le code de la Nomenclature des Actes de Biologie M\u00e9dicale (NABM) de l\u2019Assurance Maladie. Elle est consultable sur le site\u00a0<a href=\"http:\/\/www.codage.ext.cnamts.fr\/codif\/nabm\/index_presentation.php?p_site=AMELI\">www.ameli.fr<\/a>. Pour \u00eatre elligible au remboursement les analyses doivent faire l&rsquo;objet d&rsquo;une prescription m\u00e9dicale conforme.<\/p>\n<p>Une prescription m\u00e9dicale conforme doit contenir les \u00e9lements suivants :<\/p>\n<ul>\n<li>Nom \/ N\u00b0 Adeli \/Adresse \/ Tel ou Fax du prescripteur<\/li>\n<li>Date de prescription<\/li>\n<li>Nom et pr\u00e9nom du patient<\/li>\n<li>Signature du prescripteur<\/li>\n<\/ul>\n<p>Certaines analyses sp\u00e9cialis\u00e9es peuvent \u00eatre prescrites par un m\u00e9decin mais ne pas \u00eatre \u00e0 la NABM. Elles sont \u00ab hors nomenclature \u00bb et ne sont pas rembours\u00e9es par la s\u00e9curit\u00e9 sociale. Leur montant sera donc \u00e0 la charge du patient.<\/p>\n<p>Lorsqu\u2019une analyse prescrite est hors nomenclature, le laboratoire informe le patient des conditions pr\u00e9 analytiques et du tarif de l&rsquo;analyse. Le patient est alors libre de r\u00e9aliser ou non l\u2019examen.<\/p>\n<p>Le laboratoire se tient \u00e0 votre disposition pour de plus amples informations.<\/p>\n<p>&nbsp;<\/p>\n<\/article>\t\t\t\t\t\t\n\t\t\t\t\t<\/div>\n\t\n\t\n\t\t\n<\/div>\n\n\n\n\n\t\n\t\n","protected":false},"excerpt":{"rendered":"","protected":false},"author":13,"featured_media":915,"parent":1301,"menu_order":4,"comment_status":"closed","ping_status":"closed","template":"","meta":{"_acf_changed":false,"footnotes":""},"class_list":["post-5321","page","type-page","status-publish","has-post-thumbnail","hentry"],"acf":[],"yoast_head":"<!-- This site is optimized with the Yoast SEO plugin v26.3 - https:\/\/yoast.com\/wordpress\/plugins\/seo\/ -->\n<title>Analyses non rembours\u00e9es - Synlab Nouvelle-Aquitaine<\/title>\n<meta name=\"robots\" content=\"noindex, follow, max-snippet:-1, max-image-preview:large, max-video-preview:-1\" \/>\n<meta property=\"og:locale\" content=\"fr_FR\" \/>\n<meta property=\"og:type\" content=\"article\" \/>\n<meta property=\"og:title\" content=\"Analyses non rembours\u00e9es - Synlab Nouvelle-Aquitaine\" \/>\n<meta property=\"og:url\" content=\"https:\/\/www.synlab.fr\/clone\/synlab-nouvelle-aquitaine\/espace-professionnels-de-sante\/prescrire-des-analyses\/analyses-non-remboursees\/\" \/>\n<meta property=\"og:site_name\" content=\"Synlab Nouvelle-Aquitaine\" \/>\n<meta property=\"article:modified_time\" content=\"2023-04-28T13:49:13+00:00\" \/>\n<meta property=\"og:image\" content=\"https:\/\/www.synlab.fr\/clone\/synlab-nouvelle-aquitaine\/wp-content\/uploads\/sites\/45\/2022\/08\/csm_AdobeStock_249042042__1__a0c304cc33.jpeg\" \/>\n\t<meta property=\"og:image:width\" content=\"280\" \/>\n\t<meta property=\"og:image:height\" content=\"280\" \/>\n\t<meta property=\"og:image:type\" content=\"image\/jpeg\" \/>\n<meta name=\"twitter:card\" content=\"summary_large_image\" \/>\n<script type=\"application\/ld+json\" class=\"yoast-schema-graph\">{\"@context\":\"https:\/\/schema.org\",\"@graph\":[{\"@type\":\"WebPage\",\"@id\":\"https:\/\/www.synlab.fr\/clone\/synlab-nouvelle-aquitaine\/espace-professionnels-de-sante\/prescrire-des-analyses\/analyses-non-remboursees\/\",\"url\":\"https:\/\/www.synlab.fr\/clone\/synlab-nouvelle-aquitaine\/espace-professionnels-de-sante\/prescrire-des-analyses\/analyses-non-remboursees\/\",\"name\":\"Analyses non rembours\u00e9es - Synlab Nouvelle-Aquitaine\",\"isPartOf\":{\"@id\":\"https:\/\/www.synlab.fr\/synlab-nouvelle-aquitaine\/#website\"},\"primaryImageOfPage\":{\"@id\":\"https:\/\/www.synlab.fr\/clone\/synlab-nouvelle-aquitaine\/espace-professionnels-de-sante\/prescrire-des-analyses\/analyses-non-remboursees\/#primaryimage\"},\"image\":{\"@id\":\"https:\/\/www.synlab.fr\/clone\/synlab-nouvelle-aquitaine\/espace-professionnels-de-sante\/prescrire-des-analyses\/analyses-non-remboursees\/#primaryimage\"},\"thumbnailUrl\":\"https:\/\/www.synlab.fr\/synlab-nouvelle-aquitaine\/wp-content\/uploads\/sites\/45\/2022\/08\/csm_AdobeStock_249042042__1__a0c304cc33.jpeg\",\"datePublished\":\"2023-04-21T11:54:16+00:00\",\"dateModified\":\"2023-04-28T13:49:13+00:00\",\"breadcrumb\":{\"@id\":\"https:\/\/www.synlab.fr\/clone\/synlab-nouvelle-aquitaine\/espace-professionnels-de-sante\/prescrire-des-analyses\/analyses-non-remboursees\/#breadcrumb\"},\"inLanguage\":\"fr-FR\",\"potentialAction\":[{\"@type\":\"ReadAction\",\"target\":[\"https:\/\/www.synlab.fr\/clone\/synlab-nouvelle-aquitaine\/espace-professionnels-de-sante\/prescrire-des-analyses\/analyses-non-remboursees\/\"]}]},{\"@type\":\"ImageObject\",\"inLanguage\":\"fr-FR\",\"@id\":\"https:\/\/www.synlab.fr\/clone\/synlab-nouvelle-aquitaine\/espace-professionnels-de-sante\/prescrire-des-analyses\/analyses-non-remboursees\/#primaryimage\",\"url\":\"https:\/\/www.synlab.fr\/synlab-nouvelle-aquitaine\/wp-content\/uploads\/sites\/45\/2022\/08\/csm_AdobeStock_249042042__1__a0c304cc33.jpeg\",\"contentUrl\":\"https:\/\/www.synlab.fr\/synlab-nouvelle-aquitaine\/wp-content\/uploads\/sites\/45\/2022\/08\/csm_AdobeStock_249042042__1__a0c304cc33.jpeg\",\"width\":280,\"height\":280,\"caption\":\"un gant qui porte un tube \u00e0 essai contenant du sang\"},{\"@type\":\"BreadcrumbList\",\"@id\":\"https:\/\/www.synlab.fr\/clone\/synlab-nouvelle-aquitaine\/espace-professionnels-de-sante\/prescrire-des-analyses\/analyses-non-remboursees\/#breadcrumb\",\"itemListElement\":[{\"@type\":\"ListItem\",\"position\":1,\"name\":\"Home\",\"item\":\"https:\/\/www.synlab.fr\/synlab-nouvelle-aquitaine\/\"},{\"@type\":\"ListItem\",\"position\":2,\"name\":\"Espace professionnel de sant\u00e9\",\"item\":\"https:\/\/www.synlab.fr\/clone\/synlab-nouvelle-aquitaine\/espace-professionnels-de-sante\/\"},{\"@type\":\"ListItem\",\"position\":3,\"name\":\"Prescrire des analyses\",\"item\":\"https:\/\/www.synlab.fr\/clone\/synlab-nouvelle-aquitaine\/espace-professionnels-de-sante\/prescrire-des-analyses\/\"},{\"@type\":\"ListItem\",\"position\":4,\"name\":\"Analyses non rembours\u00e9es\"}]},{\"@type\":\"WebSite\",\"@id\":\"https:\/\/www.synlab.fr\/synlab-nouvelle-aquitaine\/#website\",\"url\":\"https:\/\/www.synlab.fr\/synlab-nouvelle-aquitaine\/\",\"name\":\"Synlab Nouvelle-Aquitaine\",\"description\":\"Un site utilisant Synlab\",\"potentialAction\":[{\"@type\":\"SearchAction\",\"target\":{\"@type\":\"EntryPoint\",\"urlTemplate\":\"https:\/\/www.synlab.fr\/synlab-nouvelle-aquitaine\/?s={search_term_string}\"},\"query-input\":{\"@type\":\"PropertyValueSpecification\",\"valueRequired\":true,\"valueName\":\"search_term_string\"}}],\"inLanguage\":\"fr-FR\"}]}<\/script>\n<!-- \/ Yoast SEO plugin. -->","yoast_head_json":{"title":"Analyses non rembours\u00e9es - Synlab Nouvelle-Aquitaine","robots":{"index":"noindex","follow":"follow","max-snippet":"max-snippet:-1","max-image-preview":"max-image-preview:large","max-video-preview":"max-video-preview:-1"},"og_locale":"fr_FR","og_type":"article","og_title":"Analyses non rembours\u00e9es - Synlab Nouvelle-Aquitaine","og_url":"https:\/\/www.synlab.fr\/clone\/synlab-nouvelle-aquitaine\/espace-professionnels-de-sante\/prescrire-des-analyses\/analyses-non-remboursees\/","og_site_name":"Synlab Nouvelle-Aquitaine","article_modified_time":"2023-04-28T13:49:13+00:00","og_image":[{"width":280,"height":280,"url":"https:\/\/www.synlab.fr\/clone\/synlab-nouvelle-aquitaine\/wp-content\/uploads\/sites\/45\/2022\/08\/csm_AdobeStock_249042042__1__a0c304cc33.jpeg","type":"image\/jpeg"}],"twitter_card":"summary_large_image","schema":{"@context":"https:\/\/schema.org","@graph":[{"@type":"WebPage","@id":"https:\/\/www.synlab.fr\/clone\/synlab-nouvelle-aquitaine\/espace-professionnels-de-sante\/prescrire-des-analyses\/analyses-non-remboursees\/","url":"https:\/\/www.synlab.fr\/clone\/synlab-nouvelle-aquitaine\/espace-professionnels-de-sante\/prescrire-des-analyses\/analyses-non-remboursees\/","name":"Analyses non rembours\u00e9es - Synlab Nouvelle-Aquitaine","isPartOf":{"@id":"https:\/\/www.synlab.fr\/synlab-nouvelle-aquitaine\/#website"},"primaryImageOfPage":{"@id":"https:\/\/www.synlab.fr\/clone\/synlab-nouvelle-aquitaine\/espace-professionnels-de-sante\/prescrire-des-analyses\/analyses-non-remboursees\/#primaryimage"},"image":{"@id":"https:\/\/www.synlab.fr\/clone\/synlab-nouvelle-aquitaine\/espace-professionnels-de-sante\/prescrire-des-analyses\/analyses-non-remboursees\/#primaryimage"},"thumbnailUrl":"https:\/\/www.synlab.fr\/synlab-nouvelle-aquitaine\/wp-content\/uploads\/sites\/45\/2022\/08\/csm_AdobeStock_249042042__1__a0c304cc33.jpeg","datePublished":"2023-04-21T11:54:16+00:00","dateModified":"2023-04-28T13:49:13+00:00","breadcrumb":{"@id":"https:\/\/www.synlab.fr\/clone\/synlab-nouvelle-aquitaine\/espace-professionnels-de-sante\/prescrire-des-analyses\/analyses-non-remboursees\/#breadcrumb"},"inLanguage":"fr-FR","potentialAction":[{"@type":"ReadAction","target":["https:\/\/www.synlab.fr\/clone\/synlab-nouvelle-aquitaine\/espace-professionnels-de-sante\/prescrire-des-analyses\/analyses-non-remboursees\/"]}]},{"@type":"ImageObject","inLanguage":"fr-FR","@id":"https:\/\/www.synlab.fr\/clone\/synlab-nouvelle-aquitaine\/espace-professionnels-de-sante\/prescrire-des-analyses\/analyses-non-remboursees\/#primaryimage","url":"https:\/\/www.synlab.fr\/synlab-nouvelle-aquitaine\/wp-content\/uploads\/sites\/45\/2022\/08\/csm_AdobeStock_249042042__1__a0c304cc33.jpeg","contentUrl":"https:\/\/www.synlab.fr\/synlab-nouvelle-aquitaine\/wp-content\/uploads\/sites\/45\/2022\/08\/csm_AdobeStock_249042042__1__a0c304cc33.jpeg","width":280,"height":280,"caption":"un gant qui porte un tube \u00e0 essai contenant du sang"},{"@type":"BreadcrumbList","@id":"https:\/\/www.synlab.fr\/clone\/synlab-nouvelle-aquitaine\/espace-professionnels-de-sante\/prescrire-des-analyses\/analyses-non-remboursees\/#breadcrumb","itemListElement":[{"@type":"ListItem","position":1,"name":"Home","item":"https:\/\/www.synlab.fr\/synlab-nouvelle-aquitaine\/"},{"@type":"ListItem","position":2,"name":"Espace professionnel de sant\u00e9","item":"https:\/\/www.synlab.fr\/clone\/synlab-nouvelle-aquitaine\/espace-professionnels-de-sante\/"},{"@type":"ListItem","position":3,"name":"Prescrire des analyses","item":"https:\/\/www.synlab.fr\/clone\/synlab-nouvelle-aquitaine\/espace-professionnels-de-sante\/prescrire-des-analyses\/"},{"@type":"ListItem","position":4,"name":"Analyses non rembours\u00e9es"}]},{"@type":"WebSite","@id":"https:\/\/www.synlab.fr\/synlab-nouvelle-aquitaine\/#website","url":"https:\/\/www.synlab.fr\/synlab-nouvelle-aquitaine\/","name":"Synlab Nouvelle-Aquitaine","description":"Un site utilisant Synlab","potentialAction":[{"@type":"SearchAction","target":{"@type":"EntryPoint","urlTemplate":"https:\/\/www.synlab.fr\/synlab-nouvelle-aquitaine\/?s={search_term_string}"},"query-input":{"@type":"PropertyValueSpecification","valueRequired":true,"valueName":"search_term_string"}}],"inLanguage":"fr-FR"}]}},"_links":{"self":[{"href":"https:\/\/www.synlab.fr\/synlab-nouvelle-aquitaine\/wp-json\/wp\/v2\/pages\/5321","targetHints":{"allow":["GET"]}}],"collection":[{"href":"https:\/\/www.synlab.fr\/synlab-nouvelle-aquitaine\/wp-json\/wp\/v2\/pages"}],"about":[{"href":"https:\/\/www.synlab.fr\/synlab-nouvelle-aquitaine\/wp-json\/wp\/v2\/types\/page"}],"author":[{"embeddable":true,"href":"https:\/\/www.synlab.fr\/synlab-nouvelle-aquitaine\/wp-json\/wp\/v2\/users\/13"}],"replies":[{"embeddable":true,"href":"https:\/\/www.synlab.fr\/synlab-nouvelle-aquitaine\/wp-json\/wp\/v2\/comments?post=5321"}],"version-history":[{"count":1,"href":"https:\/\/www.synlab.fr\/synlab-nouvelle-aquitaine\/wp-json\/wp\/v2\/pages\/5321\/revisions"}],"predecessor-version":[{"id":5322,"href":"https:\/\/www.synlab.fr\/synlab-nouvelle-aquitaine\/wp-json\/wp\/v2\/pages\/5321\/revisions\/5322"}],"up":[{"embeddable":true,"href":"https:\/\/www.synlab.fr\/synlab-nouvelle-aquitaine\/wp-json\/wp\/v2\/pages\/1301"}],"wp:featuredmedia":[{"embeddable":true,"href":"https:\/\/www.synlab.fr\/synlab-nouvelle-aquitaine\/wp-json\/wp\/v2\/media\/915"}],"wp:attachment":[{"href":"https:\/\/www.synlab.fr\/synlab-nouvelle-aquitaine\/wp-json\/wp\/v2\/media?parent=5321"}],"curies":[{"name":"wp","href":"https:\/\/api.w.org\/{rel}","templated":true}]}}