{"id":5338,"date":"2023-04-21T14:06:35","date_gmt":"2023-04-21T12:06:35","guid":{"rendered":"https:\/\/www.synlab.fr\/synlab-nouvelle-aquitaine\/?page_id=5338"},"modified":"2023-07-03T11:09:12","modified_gmt":"2023-07-03T09:09:12","slug":"hygiene-et-securite","status":"publish","type":"page","link":"https:\/\/www.synlab.fr\/synlab-nouvelle-aquitaine\/espace-professionnels-de-sante\/prelever\/hygiene-et-securite\/","title":{"rendered":"Hygi\u00e8ne et s\u00e9curit\u00e9"},"content":{"rendered":"<div class=\"container block-texte_image\">\n\n\t\t\t<div class=\"block-texte_image-contenu order-1\" style=\"--widthContenu:100%\">\n\t\t\t<h2>DASRI<\/h2>\t\t\t<article><p>Le pr\u00e9leveur est responsable de l\u2019\u00e9limination des d\u00e9chets occasionn\u00e9s. Il existe diff\u00e9rents moyens de les \u00e9liminer, selon l\u2019arr\u00eat\u00e9 du 7 septembre 2009:<\/p>\n<ul>\n<li>Soci\u00e9t\u00e9 sp\u00e9cialis\u00e9e<\/li>\n<li>Centre de collecte<\/li>\n<li>Collectivit\u00e9 locale<\/li>\n<\/ul>\n<p>Il est strictement interdit de retourner au laboratoire des aiguilles souill\u00e9es, m\u00eame prot\u00e9g\u00e9es.<\/p>\n<p>Suite \u00e0 l&rsquo;\u00e9tablissement d&rsquo;une convention \u00e0 titre individuel avec le prestataire COSMOLYS, le laboratoire peut vous faciliter le retrait de vos d\u00e9chets. En effet, les laboratoires Martin-Martine \u00e0 Cambrai, Gambetta \u00e0 Caudry, Solesmes et Centre \u00e0 Douchy les Mines sont centres de collecte. Vous pourrez donc y d\u00e9poser vos DASRI bien identifi\u00e9s.<\/p>\n<p><u>Contact COSMOLYS:<br \/>\n<\/u><strong>T\u00e9l:<\/strong>\u00a003.28.55.32.55<br \/>\n<strong>Mail:<\/strong>\u00a0<a href=\"mailto:commercial@cosmolys.com\">commercial@cosmolys.com<\/a><br \/>\n<strong>Site internet:<\/strong>\u00a0<a href=\"http:\/\/www.cosmolys.com\/\">www.cosmolys.com<\/a><\/p>\n<\/article>\t\t\t\t\t\t\n\t\t\t\t\t<\/div>\n\t\n\t\n\t\t\n<\/div>\n\n\n\n\n\t\n\t\n\n\n\n<div class=\"container-fluid block-separateur\" style=\"--heightDesk:10px;--heightMob:15px;\">\n\n    \n    \n<\/div>\n\n<div class=\"container block-texte_image\">\n\n\t\t\t<div class=\"block-texte_image-contenu order-1\" style=\"--widthContenu:100%\">\n\t\t\t<h2>AES<\/h2>\t\t\t<article><p><strong>En cas d&rsquo;AES :\u00a0<\/strong><\/p>\n<ul>\n<li>conduite \u00e0 tenir :<\/li>\n<\/ul>\n<p><strong>Site 1<\/strong>:\u00a0<a href=\"http:\/\/www.sante.gouv.fr\/IMG\/pdf\/Accident__sang_liquides-web.pdf\">www.sante.gouv.fr\/IMG\/pdf\/Accident__sang_liquides-web.pdf<\/a><\/p>\n<p><strong>Site 2<\/strong>:\u00a0<a href=\"http:\/\/www.geres.org\/05-qfaes\/05_cat.htm\">www.geres.org\/05-qfaes\/05_cat.htm<\/a><\/p>\n<ul>\n<li>r\u00e9cup\u00e9rer l&rsquo;accord du patient source pour lui pr\u00e9lever les tubes suivants: 2 tubes secs (rouges) et bien les identifier.<\/li>\n<\/ul>\n<\/article>\t\t\t\t\t\t\n\t\t\t\t\t<\/div>\n\t\n\t\n\t\t\n<\/div>\n\n\n\n\n\t\n\t\n","protected":false},"excerpt":{"rendered":"","protected":false},"author":13,"featured_media":5375,"parent":1328,"menu_order":7,"comment_status":"closed","ping_status":"closed","template":"","meta":{"_acf_changed":false,"footnotes":""},"class_list":["post-5338","page","type-page","status-publish","has-post-thumbnail","hentry"],"acf":[],"yoast_head":"<!-- This site is optimized with the Yoast SEO plugin v26.3 - https:\/\/yoast.com\/wordpress\/plugins\/seo\/ -->\n<title>SYNLAB Nouvelle-Aquitaine - Hygiene &amp; S\u00e9curit\u00e9<\/title>\n<meta name=\"robots\" content=\"noindex, follow, max-snippet:-1, max-image-preview:large, max-video-preview:-1\" \/>\n<meta property=\"og:locale\" content=\"fr_FR\" \/>\n<meta property=\"og:type\" content=\"article\" \/>\n<meta property=\"og:title\" content=\"SYNLAB Nouvelle-Aquitaine - Hygiene &amp; S\u00e9curit\u00e9\" \/>\n<meta property=\"og:url\" content=\"https:\/\/www.synlab.fr\/clone\/synlab-nouvelle-aquitaine\/espace-professionnels-de-sante\/prelever\/hygiene-et-securite\/\" \/>\n<meta property=\"og:site_name\" content=\"Synlab Nouvelle-Aquitaine\" \/>\n<meta property=\"article:modified_time\" content=\"2023-07-03T09:09:12+00:00\" \/>\n<meta property=\"og:image\" content=\"https:\/\/www.synlab.fr\/clone\/synlab-nouvelle-aquitaine\/wp-content\/uploads\/sites\/45\/2023\/04\/blood-drop-paper-medical-cross-health-diy-element.jpg\" \/>\n\t<meta property=\"og:image:width\" content=\"500\" \/>\n\t<meta property=\"og:image:height\" content=\"500\" \/>\n\t<meta property=\"og:image:type\" content=\"image\/jpeg\" \/>\n<meta name=\"twitter:card\" content=\"summary_large_image\" \/>\n<script type=\"application\/ld+json\" class=\"yoast-schema-graph\">{\"@context\":\"https:\/\/schema.org\",\"@graph\":[{\"@type\":\"WebPage\",\"@id\":\"https:\/\/www.synlab.fr\/clone\/synlab-nouvelle-aquitaine\/espace-professionnels-de-sante\/prelever\/hygiene-et-securite\/\",\"url\":\"https:\/\/www.synlab.fr\/clone\/synlab-nouvelle-aquitaine\/espace-professionnels-de-sante\/prelever\/hygiene-et-securite\/\",\"name\":\"SYNLAB Nouvelle-Aquitaine - Hygiene & S\u00e9curit\u00e9\",\"isPartOf\":{\"@id\":\"https:\/\/www.synlab.fr\/synlab-nouvelle-aquitaine\/#website\"},\"primaryImageOfPage\":{\"@id\":\"https:\/\/www.synlab.fr\/clone\/synlab-nouvelle-aquitaine\/espace-professionnels-de-sante\/prelever\/hygiene-et-securite\/#primaryimage\"},\"image\":{\"@id\":\"https:\/\/www.synlab.fr\/clone\/synlab-nouvelle-aquitaine\/espace-professionnels-de-sante\/prelever\/hygiene-et-securite\/#primaryimage\"},\"thumbnailUrl\":\"https:\/\/www.synlab.fr\/synlab-nouvelle-aquitaine\/wp-content\/uploads\/sites\/45\/2023\/04\/blood-drop-paper-medical-cross-health-diy-element.jpg\",\"datePublished\":\"2023-04-21T12:06:35+00:00\",\"dateModified\":\"2023-07-03T09:09:12+00:00\",\"breadcrumb\":{\"@id\":\"https:\/\/www.synlab.fr\/clone\/synlab-nouvelle-aquitaine\/espace-professionnels-de-sante\/prelever\/hygiene-et-securite\/#breadcrumb\"},\"inLanguage\":\"fr-FR\",\"potentialAction\":[{\"@type\":\"ReadAction\",\"target\":[\"https:\/\/www.synlab.fr\/clone\/synlab-nouvelle-aquitaine\/espace-professionnels-de-sante\/prelever\/hygiene-et-securite\/\"]}]},{\"@type\":\"ImageObject\",\"inLanguage\":\"fr-FR\",\"@id\":\"https:\/\/www.synlab.fr\/clone\/synlab-nouvelle-aquitaine\/espace-professionnels-de-sante\/prelever\/hygiene-et-securite\/#primaryimage\",\"url\":\"https:\/\/www.synlab.fr\/synlab-nouvelle-aquitaine\/wp-content\/uploads\/sites\/45\/2023\/04\/blood-drop-paper-medical-cross-health-diy-element.jpg\",\"contentUrl\":\"https:\/\/www.synlab.fr\/synlab-nouvelle-aquitaine\/wp-content\/uploads\/sites\/45\/2023\/04\/blood-drop-paper-medical-cross-health-diy-element.jpg\",\"width\":500,\"height\":500},{\"@type\":\"BreadcrumbList\",\"@id\":\"https:\/\/www.synlab.fr\/clone\/synlab-nouvelle-aquitaine\/espace-professionnels-de-sante\/prelever\/hygiene-et-securite\/#breadcrumb\",\"itemListElement\":[{\"@type\":\"ListItem\",\"position\":1,\"name\":\"Home\",\"item\":\"https:\/\/www.synlab.fr\/synlab-nouvelle-aquitaine\/\"},{\"@type\":\"ListItem\",\"position\":2,\"name\":\"Espace professionnel de sant\u00e9\",\"item\":\"https:\/\/www.synlab.fr\/clone\/synlab-nouvelle-aquitaine\/espace-professionnels-de-sante\/\"},{\"@type\":\"ListItem\",\"position\":3,\"name\":\"Pr\u00e9lever\",\"item\":\"https:\/\/www.synlab.fr\/clone\/synlab-nouvelle-aquitaine\/espace-professionnels-de-sante\/prelever\/\"},{\"@type\":\"ListItem\",\"position\":4,\"name\":\"Hygi\u00e8ne et s\u00e9curit\u00e9\"}]},{\"@type\":\"WebSite\",\"@id\":\"https:\/\/www.synlab.fr\/synlab-nouvelle-aquitaine\/#website\",\"url\":\"https:\/\/www.synlab.fr\/synlab-nouvelle-aquitaine\/\",\"name\":\"Synlab Nouvelle-Aquitaine\",\"description\":\"Un site utilisant Synlab\",\"potentialAction\":[{\"@type\":\"SearchAction\",\"target\":{\"@type\":\"EntryPoint\",\"urlTemplate\":\"https:\/\/www.synlab.fr\/synlab-nouvelle-aquitaine\/?s={search_term_string}\"},\"query-input\":{\"@type\":\"PropertyValueSpecification\",\"valueRequired\":true,\"valueName\":\"search_term_string\"}}],\"inLanguage\":\"fr-FR\"}]}<\/script>\n<!-- \/ Yoast SEO plugin. -->","yoast_head_json":{"title":"SYNLAB Nouvelle-Aquitaine - Hygiene & S\u00e9curit\u00e9","robots":{"index":"noindex","follow":"follow","max-snippet":"max-snippet:-1","max-image-preview":"max-image-preview:large","max-video-preview":"max-video-preview:-1"},"og_locale":"fr_FR","og_type":"article","og_title":"SYNLAB Nouvelle-Aquitaine - Hygiene & S\u00e9curit\u00e9","og_url":"https:\/\/www.synlab.fr\/clone\/synlab-nouvelle-aquitaine\/espace-professionnels-de-sante\/prelever\/hygiene-et-securite\/","og_site_name":"Synlab Nouvelle-Aquitaine","article_modified_time":"2023-07-03T09:09:12+00:00","og_image":[{"width":500,"height":500,"url":"https:\/\/www.synlab.fr\/clone\/synlab-nouvelle-aquitaine\/wp-content\/uploads\/sites\/45\/2023\/04\/blood-drop-paper-medical-cross-health-diy-element.jpg","type":"image\/jpeg"}],"twitter_card":"summary_large_image","schema":{"@context":"https:\/\/schema.org","@graph":[{"@type":"WebPage","@id":"https:\/\/www.synlab.fr\/clone\/synlab-nouvelle-aquitaine\/espace-professionnels-de-sante\/prelever\/hygiene-et-securite\/","url":"https:\/\/www.synlab.fr\/clone\/synlab-nouvelle-aquitaine\/espace-professionnels-de-sante\/prelever\/hygiene-et-securite\/","name":"SYNLAB Nouvelle-Aquitaine - Hygiene & S\u00e9curit\u00e9","isPartOf":{"@id":"https:\/\/www.synlab.fr\/synlab-nouvelle-aquitaine\/#website"},"primaryImageOfPage":{"@id":"https:\/\/www.synlab.fr\/clone\/synlab-nouvelle-aquitaine\/espace-professionnels-de-sante\/prelever\/hygiene-et-securite\/#primaryimage"},"image":{"@id":"https:\/\/www.synlab.fr\/clone\/synlab-nouvelle-aquitaine\/espace-professionnels-de-sante\/prelever\/hygiene-et-securite\/#primaryimage"},"thumbnailUrl":"https:\/\/www.synlab.fr\/synlab-nouvelle-aquitaine\/wp-content\/uploads\/sites\/45\/2023\/04\/blood-drop-paper-medical-cross-health-diy-element.jpg","datePublished":"2023-04-21T12:06:35+00:00","dateModified":"2023-07-03T09:09:12+00:00","breadcrumb":{"@id":"https:\/\/www.synlab.fr\/clone\/synlab-nouvelle-aquitaine\/espace-professionnels-de-sante\/prelever\/hygiene-et-securite\/#breadcrumb"},"inLanguage":"fr-FR","potentialAction":[{"@type":"ReadAction","target":["https:\/\/www.synlab.fr\/clone\/synlab-nouvelle-aquitaine\/espace-professionnels-de-sante\/prelever\/hygiene-et-securite\/"]}]},{"@type":"ImageObject","inLanguage":"fr-FR","@id":"https:\/\/www.synlab.fr\/clone\/synlab-nouvelle-aquitaine\/espace-professionnels-de-sante\/prelever\/hygiene-et-securite\/#primaryimage","url":"https:\/\/www.synlab.fr\/synlab-nouvelle-aquitaine\/wp-content\/uploads\/sites\/45\/2023\/04\/blood-drop-paper-medical-cross-health-diy-element.jpg","contentUrl":"https:\/\/www.synlab.fr\/synlab-nouvelle-aquitaine\/wp-content\/uploads\/sites\/45\/2023\/04\/blood-drop-paper-medical-cross-health-diy-element.jpg","width":500,"height":500},{"@type":"BreadcrumbList","@id":"https:\/\/www.synlab.fr\/clone\/synlab-nouvelle-aquitaine\/espace-professionnels-de-sante\/prelever\/hygiene-et-securite\/#breadcrumb","itemListElement":[{"@type":"ListItem","position":1,"name":"Home","item":"https:\/\/www.synlab.fr\/synlab-nouvelle-aquitaine\/"},{"@type":"ListItem","position":2,"name":"Espace professionnel de sant\u00e9","item":"https:\/\/www.synlab.fr\/clone\/synlab-nouvelle-aquitaine\/espace-professionnels-de-sante\/"},{"@type":"ListItem","position":3,"name":"Pr\u00e9lever","item":"https:\/\/www.synlab.fr\/clone\/synlab-nouvelle-aquitaine\/espace-professionnels-de-sante\/prelever\/"},{"@type":"ListItem","position":4,"name":"Hygi\u00e8ne et s\u00e9curit\u00e9"}]},{"@type":"WebSite","@id":"https:\/\/www.synlab.fr\/synlab-nouvelle-aquitaine\/#website","url":"https:\/\/www.synlab.fr\/synlab-nouvelle-aquitaine\/","name":"Synlab Nouvelle-Aquitaine","description":"Un site utilisant Synlab","potentialAction":[{"@type":"SearchAction","target":{"@type":"EntryPoint","urlTemplate":"https:\/\/www.synlab.fr\/synlab-nouvelle-aquitaine\/?s={search_term_string}"},"query-input":{"@type":"PropertyValueSpecification","valueRequired":true,"valueName":"search_term_string"}}],"inLanguage":"fr-FR"}]}},"_links":{"self":[{"href":"https:\/\/www.synlab.fr\/synlab-nouvelle-aquitaine\/wp-json\/wp\/v2\/pages\/5338","targetHints":{"allow":["GET"]}}],"collection":[{"href":"https:\/\/www.synlab.fr\/synlab-nouvelle-aquitaine\/wp-json\/wp\/v2\/pages"}],"about":[{"href":"https:\/\/www.synlab.fr\/synlab-nouvelle-aquitaine\/wp-json\/wp\/v2\/types\/page"}],"author":[{"embeddable":true,"href":"https:\/\/www.synlab.fr\/synlab-nouvelle-aquitaine\/wp-json\/wp\/v2\/users\/13"}],"replies":[{"embeddable":true,"href":"https:\/\/www.synlab.fr\/synlab-nouvelle-aquitaine\/wp-json\/wp\/v2\/comments?post=5338"}],"version-history":[{"count":1,"href":"https:\/\/www.synlab.fr\/synlab-nouvelle-aquitaine\/wp-json\/wp\/v2\/pages\/5338\/revisions"}],"predecessor-version":[{"id":5339,"href":"https:\/\/www.synlab.fr\/synlab-nouvelle-aquitaine\/wp-json\/wp\/v2\/pages\/5338\/revisions\/5339"}],"up":[{"embeddable":true,"href":"https:\/\/www.synlab.fr\/synlab-nouvelle-aquitaine\/wp-json\/wp\/v2\/pages\/1328"}],"wp:featuredmedia":[{"embeddable":true,"href":"https:\/\/www.synlab.fr\/synlab-nouvelle-aquitaine\/wp-json\/wp\/v2\/media\/5375"}],"wp:attachment":[{"href":"https:\/\/www.synlab.fr\/synlab-nouvelle-aquitaine\/wp-json\/wp\/v2\/media?parent=5338"}],"curies":[{"name":"wp","href":"https:\/\/api.w.org\/{rel}","templated":true}]}}