{"id":5426,"date":"2023-04-25T16:19:25","date_gmt":"2023-04-25T14:19:25","guid":{"rendered":"https:\/\/www.synlab.fr\/synlab-nouvelle-aquitaine\/?page_id=5426"},"modified":"2023-06-21T14:56:00","modified_gmt":"2023-06-21T12:56:00","slug":"comment-preparer-votre-enfant-a-un-prelevement","status":"publish","type":"page","link":"https:\/\/www.synlab.fr\/synlab-nouvelle-aquitaine\/patient\/comment-preparer-votre-enfant-a-un-prelevement\/","title":{"rendered":"Comment pr\u00e9parer votre enfant \u00e0 une prise de sang ?"},"content":{"rendered":"<div class=\"wp-block-image\">\n<figure class=\"aligncenter size-full\"><img loading=\"lazy\" decoding=\"async\" width=\"900\" height=\"128\" src=\"https:\/\/www.synlab.fr\/synlab-nouvelle-aquitaine\/wp-content\/uploads\/sites\/45\/2023\/04\/csm_Enfants_Banniere_7199dc2324.png\" alt=\"\" class=\"wp-image-5427\" srcset=\"https:\/\/www.synlab.fr\/synlab-nouvelle-aquitaine\/wp-content\/uploads\/sites\/45\/2023\/04\/csm_Enfants_Banniere_7199dc2324.png 900w, https:\/\/www.synlab.fr\/synlab-nouvelle-aquitaine\/wp-content\/uploads\/sites\/45\/2023\/04\/csm_Enfants_Banniere_7199dc2324-300x43.png 300w, https:\/\/www.synlab.fr\/synlab-nouvelle-aquitaine\/wp-content\/uploads\/sites\/45\/2023\/04\/csm_Enfants_Banniere_7199dc2324-768x109.png 768w\" sizes=\"auto, (max-width: 900px) 100vw, 900px\" \/><\/figure>\n<\/div>\n\n\n<div class=\"container-fluid block-separateur\" style=\"--heightDesk:30px;--heightMob:40px;\">\n\n    \n    \n<\/div>\n\n<div class=\"container block-texte_image\">\n\n\t\t\t<div class=\"block-texte_image-contenu order-0\" style=\"--widthContenu:100%\">\n\t\t\t<h2>SYNLAB au service des jeunes patients <\/h2>\t\t\t<article><p>Venir au laboratoire avec son enfant peut \u00eatre source de stress. C&rsquo;est pourquoi nos \u00e9quipes mettent tout en \u0153uvre pour vous aider \u00e0 vous pr\u00e9parer afin que tout se passe au mieux.<\/p>\n<\/article>\t\t\t\t\t\t\n\t\t\t\t\t<\/div>\n\t\n\t\n\t\t\n<\/div>\n\n\n\n\n\t\n\t\n\n\n\n<div class=\"container-fluid block-separateur\" style=\"--heightDesk:30px;--heightMob:40px;\">\n\n    \n    \n<\/div>\n\n<div class=\"container text-center \">\n\t\t\t<h3 class=\"w-100  m-b-40\">L\u2019accueil des enfants chez SYNLAB, c\u2019est :<\/h3>\t<\/div>\n\n<div class=\"container-grid block-securite\">\n\n\t<div class=\"block-securite-left\">\n\t\t<img decoding=\"async\" src=\"https:\/\/www.synlab.fr\/synlab-nouvelle-aquitaine\/wp-content\/uploads\/sites\/45\/2023\/04\/Mascotte_chat-800x800-1-800x800.png\" alt=\"Mascotte_chat-800x800 (1)\" \/>\n\t<\/div>\n\n\t<div class=\"block-securite-right\">\n\t\t\t\t\t<div class=\"block-securite-right-item\">\n\t\t\t<div class=\"block-securite-right-item-picto\">\n\t\t\t\t<img decoding=\"async\" src=\"https:\/\/www.synlab.fr\/synlab-nouvelle-aquitaine\/wp-content\/uploads\/sites\/45\/2023\/04\/Numeros-4-e1673967732636-1.png\" alt=\"Numeros-4-e1673967732636\" \/>\n\t\t\t<\/div>\n\t\t\t<div>\n\t\t\t\t<div class=\"block-securite-right-item-titre\"><\/div>\n\t\t\t\t<div class=\"block-securite-right-item-texte\">Du personnel A L&rsquo;\u00c9COUTE, d\u00e9di\u00e9 \u00e0 la prise en charge des enfants.<\/div>\n\t\t\t\t<\/div>\n\t\t\t\n\t\t<\/div>\n\t\t\t\t<div class=\"block-securite-right-item\">\n\t\t\t<div class=\"block-securite-right-item-picto\">\n\t\t\t\t<img decoding=\"async\" src=\"https:\/\/www.synlab.fr\/synlab-nouvelle-aquitaine\/wp-content\/uploads\/sites\/45\/2023\/04\/Numeros-1-e1673967667413-1.png\" alt=\"Numeros-1-e1673967667413\" \/>\n\t\t\t<\/div>\n\t\t\t<div>\n\t\t\t\t<div class=\"block-securite-right-item-titre\"><\/div>\n\t\t\t\t<div class=\"block-securite-right-item-texte\">Des espaces ADAPT\u00c9S, pour les occuper et les distraire.<\/div>\n\t\t\t\t<\/div>\n\t\t\t\n\t\t<\/div>\n\t\t\t\t<div class=\"block-securite-right-item\">\n\t\t\t<div class=\"block-securite-right-item-picto\">\n\t\t\t\t<img decoding=\"async\" src=\"https:\/\/www.synlab.fr\/synlab-nouvelle-aquitaine\/wp-content\/uploads\/sites\/45\/2023\/04\/Numeros-2-e1673967183955-1.png\" alt=\"Numeros-2-e1673967183955\" \/>\n\t\t\t<\/div>\n\t\t\t<div>\n\t\t\t\t<div class=\"block-securite-right-item-titre\"><\/div>\n\t\t\t\t<div class=\"block-securite-right-item-texte\">Une exp\u00e9rience RAPIDE et EFFICACE pour nos plus jeunes patients.<\/div>\n\t\t\t\t<\/div>\n\t\t\t\n\t\t<\/div>\n\t\t\t\t<\/div>\n<\/div>\n\n\n\n\n<div class=\"container-fluid block-separateur\" style=\"--heightDesk:30px;--heightMob:40px;\">\n\n    \n    \n<\/div>\n\n<div class=\"container block-texte_image\">\n\n\t\t\t<div class=\"block-texte_image-contenu order-1\" style=\"--widthContenu:100%\">\n\t\t\t<h3>La veille de l&rsquo;examen : pr\u00e9venez votre enfant qu&rsquo;il va avoir une prise de sang<\/h3>\t\t\t\t\t\t\t\t\t\n\t\t\t\t\t<\/div>\n\t\n\t\n\t\t\n<\/div>\n\n\n\n\n\t\n\t\n\n\n\n<div class=\"container-fluid block-separateur\" style=\"--heightDesk:20px;--heightMob:15px;\">\n\n    \n    \n<\/div>\n\n\n<div class=\"wp-block-columns is-layout-flex wp-container-core-columns-is-layout-9d6595d7 wp-block-columns-is-layout-flex\">\n<div class=\"wp-block-column is-layout-flow wp-block-column-is-layout-flow\"><div class=\"container block-texte_image\">\n\n\t\t\t<div class=\"block-texte_image-contenu order-1\" style=\"--widthContenu:100%\">\n\t\t\t\t\t\t<article><ul>\n<li><strong>Dites-lui<\/strong> les choses avec<strong> simplicit\u00e9<\/strong> et de fa\u00e7on <strong>rassurante.<\/strong><\/li>\n<li>Aidez-le \u00e0 comprendre l&rsquo;examen qui va se d\u00e9rouler.<\/li>\n<li>Soyez vous-m\u00eame <strong>confiant<\/strong> : l&rsquo;enfant le ressentir.<\/li>\n<\/ul>\n<\/article>\t\t\t\t\t\t\n\t\t\t\t\t<\/div>\n\t\n\t\n\t\t<div class=\"block-texte_image-illustration order-0\" style=\"--widthImage:100%;\">\n\t\t\t<img decoding=\"async\" src=\"https:\/\/www.synlab.fr\/synlab-nouvelle-aquitaine\/wp-content\/uploads\/sites\/45\/2023\/04\/Chat-heureux-e1673974785985.png\" alt=\"Chat-heureux-e1673974785985\"\/>\n\t\t<\/div>\n\n\t\n\t\t\n<\/div>\n\n\n\n\n\t\n\t\n<\/div>\n\n\n\n<div class=\"wp-block-column is-layout-flow wp-block-column-is-layout-flow\"><div class=\"container block-texte_image\">\n\n\t\t\t<div class=\"block-texte_image-contenu order-1\" style=\"--widthContenu:100%\">\n\t\t\t\t\t\t<article><ul>\n<li style=\"list-style-type: none;\">\n<ul>\n<li>Ne lui dites pas : <em>\u00ab\u00a0\u00c7a ne fait pas mal ! C&rsquo;est un mauvais moment \u00e0 passer ! N&rsquo;aie pas peur !\u00a0\u00bb<\/em><\/li>\n<li>Ne lui mentez pas.<\/li>\n<\/ul>\n<\/li>\n<\/ul>\n<\/article>\t\t\t\t\t\t\n\t\t\t\t\t<\/div>\n\t\n\t\n\t\t<div class=\"block-texte_image-illustration order-0\" style=\"--widthImage:100%;\">\n\t\t\t<img decoding=\"async\" src=\"https:\/\/www.synlab.fr\/synlab-nouvelle-aquitaine\/wp-content\/uploads\/sites\/45\/2023\/04\/CHATt-e1673968942127.png\" alt=\"CHATt-e1673968942127\"\/>\n\t\t<\/div>\n\n\t\n\t\t\n<\/div>\n\n\n\n\n\t\n\t\n<\/div>\n<\/div>\n\n\n\n<div class=\"container-fluid block-separateur\" style=\"--heightDesk:20px;--heightMob:15px;\">\n\n    \n    \n<\/div>\n\n<div class=\"container block-texte_image\">\n\n\t\t\t<div class=\"block-texte_image-contenu order-0\" style=\"--widthContenu:100%\">\n\t\t\t<h3>Une heure avant l&rsquo;examen : et si on mettait un patch ?<\/h3>\t\t\t<article><p>Vous pouvez \u00e9ventuellement lui poser un <strong>patch type EMLA\u00ae<\/strong>, achet\u00e9 en pharmacie et prescrit par votre m\u00e9decin.Prenez soin de poser le patch <strong>sur le pli du coude<\/strong> en veillant \u00e0 bien appuyer, pour une meilleure diffusion du produit.Veillez \u00e0 <strong>enlever le patch 15<\/strong> <strong>minutes<\/strong> avant votre venue au laboratoire.N\u2019h\u00e9sitez pas \u00e0 nous demander conseil en cas de doute sur l\u2019application du patch.<\/p>\n<\/article>\t\t\t\t\t\t\n\t\t\t<p><a href=\"https:\/\/www.synlab.fr\/synlab-nouvelle-aquitaine\/nous-contacter\/\" style=\"--colorCTA:#003765\" target=\"\" class=\"block-texte_image-contenu-cta\">Nous contacter<\/a><\/p>\t\t<\/div>\n\t\n\t\n\t\t\n<\/div>\n\n\n\n\n\t\n\t\n\n\n\n<div class=\"container-fluid block-separateur\" style=\"--heightDesk:20px;--heightMob:15px;\">\n\n    \n    \n<\/div>\n\n<div class=\"container block-texte_image\">\n\n\t\t\t<div class=\"block-texte_image-contenu order-1\" style=\"--widthContenu:100%\">\n\t\t\t<h3>Le jour de l\u2019examen : faites confiance \u00e0 l\u2019\u00e9quipe du labo<\/h3>\t\t\t\t\t\t\t\t\t\n\t\t\t\t\t<\/div>\n\t\n\t\n\t\t\n<\/div>\n\n\n\n\n\t\n\t\n\n\n<div class=\"container block-texte_image\">\n\n\t\t\t<div class=\"block-texte_image-contenu order-1\" style=\"--widthContenu:50%\">\n\t\t\t\t\t\t<article><p>Vous confiez votre enfant \u00e0 <strong>un personnel form\u00e9<\/strong>, <strong>comp\u00e9tent et habitu\u00e9<\/strong> \u00e0 recevoir les tout-petits. Les enfants sont pr\u00e9lev\u00e9s <strong>en pr\u00e9sence de l\u2019un des parents ou de l\u2019adulte accompagnant<\/strong>. Si l\u2019adulte refuse d\u2019\u00eatre pr\u00e9sent lors du pr\u00e9l\u00e8vement ou si le pr\u00e9leveur juge qu\u2019il est pr\u00e9f\u00e9rable que le parent ne soit pas pr\u00e9sent, l\u2019enfant pourra \u00eatre pr\u00e9lev\u00e9 seul avec l\u2019accord du parent.<\/p>\n<p>Pensez \u00e0<strong> apporter son doudou ou son objet f\u00e9tiche !<\/strong> Il se sentira ainsi en confiance.<\/p>\n<\/article>\t\t\t\t\t\t\n\t\t\t\t\t<\/div>\n\t\n\t\n\t\t<div class=\"block-texte_image-illustration order-0\" style=\"--widthImage:50%;\">\n\t\t\t<img decoding=\"async\" src=\"https:\/\/www.synlab.fr\/synlab-nouvelle-aquitaine\/wp-content\/uploads\/sites\/45\/2023\/04\/Salle-attente-1-e1673974187235.png\" alt=\"Salle-attente-1-e1673974187235\"\/>\n\t\t<\/div>\n\n\t\n\t\t\n<\/div>\n\n\n\n\n\t\n\t\n\n\n\n<div class=\"container-fluid block-separateur\" style=\"--heightDesk:20px;--heightMob:15px;\">\n\n    \n    \n<\/div>\n\n\n<div class=\"wp-block-columns is-layout-flex wp-container-core-columns-is-layout-9d6595d7 wp-block-columns-is-layout-flex\">\n<div class=\"wp-block-column is-layout-flow wp-block-column-is-layout-flow\"><div class=\"container block-texte_image\">\n\n\t\t\t<div class=\"block-texte_image-contenu order-0\" style=\"--widthContenu:70%\">\n\t\t\t<h3>Apr\u00e8s la prise de sang, c\u2019est d\u00e9j\u00e0 fini !<\/h3>\t\t\t<article><p><strong>F\u00e9licitez votre enfant !<\/strong><br \/>\n<em>\u00ab Tu as \u00e9t\u00e9 courageux ! Bravo ! Je suis fier de toi !\u00bb<\/em>\u00a0Ne vous moquez jamais de lui et\/ou ne le grondez pas s\u2019il pleure ou se plaint.<br \/>\n<strong>Rassurez-le. C&rsquo;est un champion !<\/strong><\/p>\n<\/article>\t\t\t\t\t\t\n\t\t\t\t\t<\/div>\n\t\n\t\n\t\t<div class=\"block-texte_image-illustration order-1\" style=\"--widthImage:30%;\">\n\t\t\t<img decoding=\"async\" src=\"https:\/\/www.synlab.fr\/synlab-nouvelle-aquitaine\/wp-content\/uploads\/sites\/45\/2023\/04\/Bravo-enfants-e1673971272350-1.png\" alt=\"Bravo-enfants-e1673971272350 (1)\"\/>\n\t\t<\/div>\n\n\t\n\t\t\n<\/div>\n\n\n\n\n\t\n\t\n<\/div>\n<\/div>\n\n\n\n<div class=\"container-fluid block-separateur\" style=\"--heightDesk:20px;--heightMob:15px;\">\n\n    \n    \n<\/div>\n\n\n<div class=\"container-grid block-satisfaction\">\n\t\t\t<h3>La reco du labo<\/h3>\t\n\n\t<div class=\"block-satisfaction-left\">\n\t\t<img decoding=\"async\" src=\"https:\/\/www.synlab.fr\/synlab-nouvelle-aquitaine\/wp-content\/uploads\/sites\/45\/2022\/09\/biologiste_sourire.jpeg\" alt=\"biologiste_sourire\" \/>\n\t<\/div>\n\n\t<div class=\"block-satisfaction-right\">\n\t\n\t\t<div class=\"block-securite-right-item-texte\"><p><strong>Contactez votre laboratoire<\/strong> en amont pour que le secr\u00e9tariat vous indique le meilleur jour et cr\u00e9neau horaire pour le pr\u00e9l\u00e8vement de votre enfant. Pour tout autre soin n\u00e9cessitant une pr\u00e9paration sp\u00e9cifique (examen cytobact\u00e9riologique, examen des selles\u2026).<br \/>\nContactez-nous.<\/p>\n<\/div>\n\t\t\t\t\n\t\t\t\n\t\t<p><a href=\"https:\/\/www.synlab.fr\/synlab-nouvelle-aquitaine\/nous-contacter\/\" target=\"\" style=\"--colorCTA:#003765\" class=\"block-texte_image-contenu-cta\">Nous contacter<\/a><\/p>\n\t<\/div>\n<\/div>\n\n\n\n\n<div class=\"container-fluid block-separateur\" style=\"--heightDesk:20px;--heightMob:15px;\">\n\n    \n    \n<\/div>\n\n<div class=\"container block-texte_image\">\n\n\t\t\t<div class=\"block-texte_image-contenu order-1\" style=\"--widthContenu:70%\">\n\t\t\t<h3>Lire notre article sur le pr\u00e9l\u00e8vement urinaire chez les enfants et les nourrissons<\/h3>\t\t\t<article><p>L\u2019infection urinaire se traduit par la pr\u00e9sence d\u2019une quantit\u00e9 significative de bact\u00e9ries dans les urines.<\/p>\n<p>Pour diagnostiquer une infection urinaire chez l\u2019enfant ou le b\u00e9b\u00e9, le m\u00e9decin demande une premi\u00e8re analyse qui consiste \u00e0 plonger une\u00a0<strong>bandelette urinaire<\/strong>\u00a0dans un \u00e9chantillon d\u2019urine. En cas de r\u00e9sultat positif,\u00a0<strong>un examen cytobact\u00e9riologique des urines (ECBU)<\/strong>\u00a0est alors prescrit.<\/p>\n<\/article>\t\t\t\t\t\t\n\t\t\t<p><a href=\"https:\/\/www.synlab.fr\/synlab-nouvelle-aquitaine\/patient\/comment-preparer-votre-enfant-a-un-prelevement\/lanalyse-des-urines-ecbu-chez-lenfant-comment-realiser-le-prelevement-chez-le-nourrisson-et-lenfant-en-bas-age\/\" style=\"--colorCTA:#003765\" target=\"\" class=\"block-texte_image-contenu-cta\">En savoir plus<\/a><\/p>\t\t<\/div>\n\t\n\t\n\t\t<div class=\"block-texte_image-illustration order-0\" style=\"--widthImage:30%;\">\n\t\t\t<img decoding=\"async\" src=\"https:\/\/www.synlab.fr\/synlab-nouvelle-aquitaine\/wp-content\/uploads\/sites\/45\/2023\/04\/pexels-monica-turlui-15855199-e1682499029234.jpg\" alt=\"pexels-monica-turlui-15855199\"\/>\n\t\t<\/div>\n\n\t\n\t\t\n<\/div>\n\n\n\n\n\t\n\t\n","protected":false},"excerpt":{"rendered":"","protected":false},"author":13,"featured_media":5434,"parent":18,"menu_order":3,"comment_status":"closed","ping_status":"closed","template":"","meta":{"_acf_changed":false,"footnotes":""},"class_list":["post-5426","page","type-page","status-publish","has-post-thumbnail","hentry"],"acf":[],"yoast_head":"<!-- This site is optimized with the Yoast SEO plugin v26.3 - https:\/\/yoast.com\/wordpress\/plugins\/seo\/ -->\n<title>SYNLAB NA - Comment pr\u00e9parer votre enfant \u00e0 un pr\u00e9l\u00e8vement ?<\/title>\n<meta name=\"description\" content=\"Venir au laboratoire avec son enfant peut \u00eatre source de stress. C\u2019est pourquoi nos \u00e9quipes mettent tout en \u0153uvre pour vous aider \u00e0 vous pr\u00e9parer afin que tout se passe au mieux.\" \/>\n<meta name=\"robots\" content=\"noindex, follow, max-snippet:-1, max-image-preview:large, max-video-preview:-1\" \/>\n<meta property=\"og:locale\" content=\"fr_FR\" \/>\n<meta property=\"og:type\" content=\"article\" \/>\n<meta property=\"og:title\" content=\"SYNLAB NA - Comment pr\u00e9parer votre enfant \u00e0 un pr\u00e9l\u00e8vement ?\" \/>\n<meta property=\"og:description\" content=\"Venir au laboratoire avec son enfant peut \u00eatre source de stress. C\u2019est pourquoi nos \u00e9quipes mettent tout en \u0153uvre pour vous aider \u00e0 vous pr\u00e9parer afin que tout se passe au mieux.\" \/>\n<meta property=\"og:url\" content=\"https:\/\/www.synlab.fr\/clone\/synlab-nouvelle-aquitaine\/patient\/comment-preparer-votre-enfant-a-un-prelevement\/\" \/>\n<meta property=\"og:site_name\" content=\"Synlab Nouvelle-Aquitaine\" \/>\n<meta property=\"article:modified_time\" content=\"2023-06-21T12:56:00+00:00\" \/>\n<meta property=\"og:image\" content=\"https:\/\/www.synlab.fr\/clone\/synlab-nouvelle-aquitaine\/wp-content\/uploads\/sites\/45\/2023\/04\/Salle-attente-1-e1673974187235.png\" \/>\n\t<meta property=\"og:image:width\" content=\"728\" \/>\n\t<meta property=\"og:image:height\" content=\"388\" \/>\n\t<meta property=\"og:image:type\" content=\"image\/png\" \/>\n<meta name=\"twitter:card\" content=\"summary_large_image\" \/>\n<meta name=\"twitter:label1\" content=\"Dur\u00e9e de lecture estim\u00e9e\" \/>\n\t<meta name=\"twitter:data1\" content=\"1 minute\" \/>\n<script type=\"application\/ld+json\" class=\"yoast-schema-graph\">{\"@context\":\"https:\/\/schema.org\",\"@graph\":[{\"@type\":\"WebPage\",\"@id\":\"https:\/\/www.synlab.fr\/clone\/synlab-nouvelle-aquitaine\/patient\/comment-preparer-votre-enfant-a-un-prelevement\/\",\"url\":\"https:\/\/www.synlab.fr\/clone\/synlab-nouvelle-aquitaine\/patient\/comment-preparer-votre-enfant-a-un-prelevement\/\",\"name\":\"SYNLAB NA - Comment pr\u00e9parer votre enfant \u00e0 un pr\u00e9l\u00e8vement ?\",\"isPartOf\":{\"@id\":\"https:\/\/www.synlab.fr\/synlab-nouvelle-aquitaine\/#website\"},\"primaryImageOfPage\":{\"@id\":\"https:\/\/www.synlab.fr\/clone\/synlab-nouvelle-aquitaine\/patient\/comment-preparer-votre-enfant-a-un-prelevement\/#primaryimage\"},\"image\":{\"@id\":\"https:\/\/www.synlab.fr\/clone\/synlab-nouvelle-aquitaine\/patient\/comment-preparer-votre-enfant-a-un-prelevement\/#primaryimage\"},\"thumbnailUrl\":\"https:\/\/www.synlab.fr\/synlab-nouvelle-aquitaine\/wp-content\/uploads\/sites\/45\/2023\/04\/Salle-attente-1-e1673974187235.png\",\"datePublished\":\"2023-04-25T14:19:25+00:00\",\"dateModified\":\"2023-06-21T12:56:00+00:00\",\"description\":\"Venir au laboratoire avec son enfant peut \u00eatre source de stress. C\u2019est pourquoi nos \u00e9quipes mettent tout en \u0153uvre pour vous aider \u00e0 vous pr\u00e9parer afin que tout se passe au mieux.\",\"breadcrumb\":{\"@id\":\"https:\/\/www.synlab.fr\/clone\/synlab-nouvelle-aquitaine\/patient\/comment-preparer-votre-enfant-a-un-prelevement\/#breadcrumb\"},\"inLanguage\":\"fr-FR\",\"potentialAction\":[{\"@type\":\"ReadAction\",\"target\":[\"https:\/\/www.synlab.fr\/clone\/synlab-nouvelle-aquitaine\/patient\/comment-preparer-votre-enfant-a-un-prelevement\/\"]}]},{\"@type\":\"ImageObject\",\"inLanguage\":\"fr-FR\",\"@id\":\"https:\/\/www.synlab.fr\/clone\/synlab-nouvelle-aquitaine\/patient\/comment-preparer-votre-enfant-a-un-prelevement\/#primaryimage\",\"url\":\"https:\/\/www.synlab.fr\/synlab-nouvelle-aquitaine\/wp-content\/uploads\/sites\/45\/2023\/04\/Salle-attente-1-e1673974187235.png\",\"contentUrl\":\"https:\/\/www.synlab.fr\/synlab-nouvelle-aquitaine\/wp-content\/uploads\/sites\/45\/2023\/04\/Salle-attente-1-e1673974187235.png\",\"width\":728,\"height\":388},{\"@type\":\"BreadcrumbList\",\"@id\":\"https:\/\/www.synlab.fr\/clone\/synlab-nouvelle-aquitaine\/patient\/comment-preparer-votre-enfant-a-un-prelevement\/#breadcrumb\",\"itemListElement\":[{\"@type\":\"ListItem\",\"position\":1,\"name\":\"Home\",\"item\":\"https:\/\/www.synlab.fr\/synlab-nouvelle-aquitaine\/\"},{\"@type\":\"ListItem\",\"position\":2,\"name\":\"Espace patient\",\"item\":\"https:\/\/www.synlab.fr\/clone\/synlab-nouvelle-aquitaine\/patient\/\"},{\"@type\":\"ListItem\",\"position\":3,\"name\":\"Comment pr\u00e9parer votre enfant \u00e0 une prise de sang ?\"}]},{\"@type\":\"WebSite\",\"@id\":\"https:\/\/www.synlab.fr\/synlab-nouvelle-aquitaine\/#website\",\"url\":\"https:\/\/www.synlab.fr\/synlab-nouvelle-aquitaine\/\",\"name\":\"Synlab Nouvelle-Aquitaine\",\"description\":\"Un site utilisant Synlab\",\"potentialAction\":[{\"@type\":\"SearchAction\",\"target\":{\"@type\":\"EntryPoint\",\"urlTemplate\":\"https:\/\/www.synlab.fr\/synlab-nouvelle-aquitaine\/?s={search_term_string}\"},\"query-input\":{\"@type\":\"PropertyValueSpecification\",\"valueRequired\":true,\"valueName\":\"search_term_string\"}}],\"inLanguage\":\"fr-FR\"}]}<\/script>\n<!-- \/ Yoast SEO plugin. -->","yoast_head_json":{"title":"SYNLAB NA - Comment pr\u00e9parer votre enfant \u00e0 un pr\u00e9l\u00e8vement ?","description":"Venir au laboratoire avec son enfant peut \u00eatre source de stress. C\u2019est pourquoi nos \u00e9quipes mettent tout en \u0153uvre pour vous aider \u00e0 vous pr\u00e9parer afin que tout se passe au mieux.","robots":{"index":"noindex","follow":"follow","max-snippet":"max-snippet:-1","max-image-preview":"max-image-preview:large","max-video-preview":"max-video-preview:-1"},"og_locale":"fr_FR","og_type":"article","og_title":"SYNLAB NA - Comment pr\u00e9parer votre enfant \u00e0 un pr\u00e9l\u00e8vement ?","og_description":"Venir au laboratoire avec son enfant peut \u00eatre source de stress. C\u2019est pourquoi nos \u00e9quipes mettent tout en \u0153uvre pour vous aider \u00e0 vous pr\u00e9parer afin que tout se passe au mieux.","og_url":"https:\/\/www.synlab.fr\/clone\/synlab-nouvelle-aquitaine\/patient\/comment-preparer-votre-enfant-a-un-prelevement\/","og_site_name":"Synlab Nouvelle-Aquitaine","article_modified_time":"2023-06-21T12:56:00+00:00","og_image":[{"width":728,"height":388,"url":"https:\/\/www.synlab.fr\/clone\/synlab-nouvelle-aquitaine\/wp-content\/uploads\/sites\/45\/2023\/04\/Salle-attente-1-e1673974187235.png","type":"image\/png"}],"twitter_card":"summary_large_image","twitter_misc":{"Dur\u00e9e de lecture estim\u00e9e":"1 minute"},"schema":{"@context":"https:\/\/schema.org","@graph":[{"@type":"WebPage","@id":"https:\/\/www.synlab.fr\/clone\/synlab-nouvelle-aquitaine\/patient\/comment-preparer-votre-enfant-a-un-prelevement\/","url":"https:\/\/www.synlab.fr\/clone\/synlab-nouvelle-aquitaine\/patient\/comment-preparer-votre-enfant-a-un-prelevement\/","name":"SYNLAB NA - Comment pr\u00e9parer votre enfant \u00e0 un pr\u00e9l\u00e8vement ?","isPartOf":{"@id":"https:\/\/www.synlab.fr\/synlab-nouvelle-aquitaine\/#website"},"primaryImageOfPage":{"@id":"https:\/\/www.synlab.fr\/clone\/synlab-nouvelle-aquitaine\/patient\/comment-preparer-votre-enfant-a-un-prelevement\/#primaryimage"},"image":{"@id":"https:\/\/www.synlab.fr\/clone\/synlab-nouvelle-aquitaine\/patient\/comment-preparer-votre-enfant-a-un-prelevement\/#primaryimage"},"thumbnailUrl":"https:\/\/www.synlab.fr\/synlab-nouvelle-aquitaine\/wp-content\/uploads\/sites\/45\/2023\/04\/Salle-attente-1-e1673974187235.png","datePublished":"2023-04-25T14:19:25+00:00","dateModified":"2023-06-21T12:56:00+00:00","description":"Venir au laboratoire avec son enfant peut \u00eatre source de stress. C\u2019est pourquoi nos \u00e9quipes mettent tout en \u0153uvre pour vous aider \u00e0 vous pr\u00e9parer afin que tout se passe au mieux.","breadcrumb":{"@id":"https:\/\/www.synlab.fr\/clone\/synlab-nouvelle-aquitaine\/patient\/comment-preparer-votre-enfant-a-un-prelevement\/#breadcrumb"},"inLanguage":"fr-FR","potentialAction":[{"@type":"ReadAction","target":["https:\/\/www.synlab.fr\/clone\/synlab-nouvelle-aquitaine\/patient\/comment-preparer-votre-enfant-a-un-prelevement\/"]}]},{"@type":"ImageObject","inLanguage":"fr-FR","@id":"https:\/\/www.synlab.fr\/clone\/synlab-nouvelle-aquitaine\/patient\/comment-preparer-votre-enfant-a-un-prelevement\/#primaryimage","url":"https:\/\/www.synlab.fr\/synlab-nouvelle-aquitaine\/wp-content\/uploads\/sites\/45\/2023\/04\/Salle-attente-1-e1673974187235.png","contentUrl":"https:\/\/www.synlab.fr\/synlab-nouvelle-aquitaine\/wp-content\/uploads\/sites\/45\/2023\/04\/Salle-attente-1-e1673974187235.png","width":728,"height":388},{"@type":"BreadcrumbList","@id":"https:\/\/www.synlab.fr\/clone\/synlab-nouvelle-aquitaine\/patient\/comment-preparer-votre-enfant-a-un-prelevement\/#breadcrumb","itemListElement":[{"@type":"ListItem","position":1,"name":"Home","item":"https:\/\/www.synlab.fr\/synlab-nouvelle-aquitaine\/"},{"@type":"ListItem","position":2,"name":"Espace patient","item":"https:\/\/www.synlab.fr\/clone\/synlab-nouvelle-aquitaine\/patient\/"},{"@type":"ListItem","position":3,"name":"Comment pr\u00e9parer votre enfant \u00e0 une prise de sang ?"}]},{"@type":"WebSite","@id":"https:\/\/www.synlab.fr\/synlab-nouvelle-aquitaine\/#website","url":"https:\/\/www.synlab.fr\/synlab-nouvelle-aquitaine\/","name":"Synlab Nouvelle-Aquitaine","description":"Un site utilisant Synlab","potentialAction":[{"@type":"SearchAction","target":{"@type":"EntryPoint","urlTemplate":"https:\/\/www.synlab.fr\/synlab-nouvelle-aquitaine\/?s={search_term_string}"},"query-input":{"@type":"PropertyValueSpecification","valueRequired":true,"valueName":"search_term_string"}}],"inLanguage":"fr-FR"}]}},"_links":{"self":[{"href":"https:\/\/www.synlab.fr\/synlab-nouvelle-aquitaine\/wp-json\/wp\/v2\/pages\/5426","targetHints":{"allow":["GET"]}}],"collection":[{"href":"https:\/\/www.synlab.fr\/synlab-nouvelle-aquitaine\/wp-json\/wp\/v2\/pages"}],"about":[{"href":"https:\/\/www.synlab.fr\/synlab-nouvelle-aquitaine\/wp-json\/wp\/v2\/types\/page"}],"author":[{"embeddable":true,"href":"https:\/\/www.synlab.fr\/synlab-nouvelle-aquitaine\/wp-json\/wp\/v2\/users\/13"}],"replies":[{"embeddable":true,"href":"https:\/\/www.synlab.fr\/synlab-nouvelle-aquitaine\/wp-json\/wp\/v2\/comments?post=5426"}],"version-history":[{"count":11,"href":"https:\/\/www.synlab.fr\/synlab-nouvelle-aquitaine\/wp-json\/wp\/v2\/pages\/5426\/revisions"}],"predecessor-version":[{"id":6114,"href":"https:\/\/www.synlab.fr\/synlab-nouvelle-aquitaine\/wp-json\/wp\/v2\/pages\/5426\/revisions\/6114"}],"up":[{"embeddable":true,"href":"https:\/\/www.synlab.fr\/synlab-nouvelle-aquitaine\/wp-json\/wp\/v2\/pages\/18"}],"wp:featuredmedia":[{"embeddable":true,"href":"https:\/\/www.synlab.fr\/synlab-nouvelle-aquitaine\/wp-json\/wp\/v2\/media\/5434"}],"wp:attachment":[{"href":"https:\/\/www.synlab.fr\/synlab-nouvelle-aquitaine\/wp-json\/wp\/v2\/media?parent=5426"}],"curies":[{"name":"wp","href":"https:\/\/api.w.org\/{rel}","templated":true}]}}