{"id":5541,"date":"2023-04-26T11:43:00","date_gmt":"2023-04-26T09:43:00","guid":{"rendered":"https:\/\/www.synlab.fr\/synlab-nouvelle-aquitaine\/?page_id=5541"},"modified":"2023-04-26T14:41:39","modified_gmt":"2023-04-26T12:41:39","slug":"synlab-pathologie","status":"publish","type":"page","link":"https:\/\/www.synlab.fr\/synlab-nouvelle-aquitaine\/synlab-pathologie\/","title":{"rendered":"SYNLAB Pathologie"},"content":{"rendered":"<div class=\"container block-texte_image\">\n\n\t\t\t<div class=\"block-texte_image-contenu order-1\" style=\"--widthContenu:70%\">\n\t\t\t\t\t\t<article><div id=\"c608\" class=\"frame frame-default frame-type-textpic frame-layout-0 frame-space-after-medium\">\n<div class=\"ce-textpic ce-right ce-intext ce-nowrap\">\n<div class=\"ce-bodytext\">\n<p>L&rsquo;expertise en anatomo-cyto-pathologie de notre r\u00e9seau est assur\u00e9e par le centre m\u00e9dical expert\u00a0SYNLAB Pathologie bas\u00e9 \u00e0 Lyon. Il op\u00e8re sur toute la France gr\u00e2ce au maillage des laboratoires SYNLAB et en direct aupr\u00e8s des praticiens.<\/p>\n<p>Nos \u00e9quipes y r\u00e9alisent depuis 5 ans des missions diagnostiques, pronostiques, pr\u00e9dictives, \u00e9pid\u00e9miologiques, de recherche et d\u2019archivage.<\/p>\n<\/div>\n<\/div>\n<\/div>\n<div id=\"c606\" class=\"frame frame-default frame-type-text frame-layout-0 frame-space-before-medium\"><\/div>\n<\/article>\t\t\t\t\t\t\n\t\t\t<p><a href=\"https:\/\/www.synlab.fr\/synlab-nouvelle-aquitaine\/nous-contacter\/\" style=\"--colorCTA:#003765\" target=\"\" class=\"block-texte_image-contenu-cta\">Nous contacter<\/a><\/p>\t\t<\/div>\n\t\n\t\n\t\t<div class=\"block-texte_image-illustration order-0\" style=\"--widthImage:30%;\">\n\t\t\t<img decoding=\"async\" src=\"https:\/\/www.synlab.fr\/synlab-nouvelle-aquitaine\/wp-content\/uploads\/sites\/45\/2023\/04\/csm_sy_192_Augsburg_2015_clean_large_bearb_941f53fdf8.jpg\" alt=\"csm_sy_192_Augsburg_2015_clean_large_bearb_941f53fdf8\"\/>\n\t\t<\/div>\n\n\t\n\t\t\n<\/div>\n\n\n\n\n\t\n\t\n\n\n\n<div class=\"container-fluid block-separateur\" style=\"--heightDesk:10px;--heightMob:15px;\">\n\n    \n    \n<\/div>\n\n<div class=\"container block-texte_image\">\n\n\t\t\t<div class=\"block-texte_image-contenu order-1\" style=\"--widthContenu:100%\">\n\t\t\t<h2>Les laboratoires SYNLAB Pathologie<\/h2>\t\t\t<article><div id=\"c608\" class=\"frame frame-default frame-type-textpic frame-layout-0 frame-space-after-medium\">\n<div class=\"ce-textpic ce-right ce-intext ce-nowrap\">\n<div class=\"ce-bodytext\">\n<p>Nous nous mobilisons et mettons notre expertise, notre exp\u00e9rience au service des prescripteurs, pour le bien de leurs patients.<\/p>\n<p>Nos m\u00e9decins sont membres des soci\u00e9t\u00e9s savantes fran\u00e7aises (Soci\u00e9t\u00e9 Fran\u00e7aise de Pathologie, Division Fran\u00e7aise de l&rsquo;Acad\u00e9mie Internationale de Pathologie). A la pointe diagnostique, ils accordent une importance particuli\u00e8re au perfectionnement de leurs pratiques, et participent r\u00e9guli\u00e8rement \u00e0 des congr\u00e8s et \u00e0 des modules de formation continue.<\/p>\n<\/div>\n<\/div>\n<\/div>\n<div id=\"c606\" class=\"frame frame-default frame-type-text frame-layout-0 frame-space-before-medium\"><\/div>\n<\/article>\t\t\t\t\t\t\n\t\t\t\t\t<\/div>\n\t\n\t\n\t\t\n<\/div>\n\n\n\n\n\t\n\t\n","protected":false},"excerpt":{"rendered":"","protected":false},"author":13,"featured_media":5516,"parent":0,"menu_order":2,"comment_status":"closed","ping_status":"closed","template":"","meta":{"_acf_changed":false,"footnotes":""},"class_list":["post-5541","page","type-page","status-publish","has-post-thumbnail","hentry"],"acf":[],"yoast_head":"<!-- This site is optimized with the Yoast SEO plugin v26.3 - https:\/\/yoast.com\/wordpress\/plugins\/seo\/ -->\n<title>SYNLAB Pathologie - Synlab Nouvelle-Aquitaine<\/title>\n<meta name=\"robots\" content=\"noindex, follow, max-snippet:-1, max-image-preview:large, max-video-preview:-1\" \/>\n<meta property=\"og:locale\" content=\"fr_FR\" \/>\n<meta property=\"og:type\" content=\"article\" \/>\n<meta property=\"og:title\" content=\"SYNLAB Pathologie - Synlab Nouvelle-Aquitaine\" \/>\n<meta property=\"og:url\" content=\"https:\/\/www.synlab.fr\/synlab-nouvelle-aquitaine\/nos-expertises__trashed\/synlab-pathologie\/\" \/>\n<meta property=\"og:site_name\" content=\"Synlab Nouvelle-Aquitaine\" \/>\n<meta property=\"article:modified_time\" content=\"2023-04-26T12:41:39+00:00\" \/>\n<meta property=\"og:image\" content=\"https:\/\/www.synlab.fr\/clone\/synlab-nouvelle-aquitaine\/wp-content\/uploads\/sites\/45\/2023\/04\/csm_sy_192_Augsburg_2015_clean_large_bearb_941f53fdf8.jpg\" \/>\n\t<meta property=\"og:image:width\" content=\"289\" \/>\n\t<meta property=\"og:image:height\" content=\"250\" \/>\n\t<meta property=\"og:image:type\" content=\"image\/jpeg\" \/>\n<meta name=\"twitter:card\" content=\"summary_large_image\" \/>\n<script type=\"application\/ld+json\" class=\"yoast-schema-graph\">{\"@context\":\"https:\/\/schema.org\",\"@graph\":[{\"@type\":\"WebPage\",\"@id\":\"https:\/\/www.synlab.fr\/synlab-nouvelle-aquitaine\/nos-expertises__trashed\/synlab-pathologie\/\",\"url\":\"https:\/\/www.synlab.fr\/synlab-nouvelle-aquitaine\/nos-expertises__trashed\/synlab-pathologie\/\",\"name\":\"SYNLAB Pathologie - Synlab Nouvelle-Aquitaine\",\"isPartOf\":{\"@id\":\"https:\/\/www.synlab.fr\/synlab-nouvelle-aquitaine\/#website\"},\"primaryImageOfPage\":{\"@id\":\"https:\/\/www.synlab.fr\/synlab-nouvelle-aquitaine\/nos-expertises__trashed\/synlab-pathologie\/#primaryimage\"},\"image\":{\"@id\":\"https:\/\/www.synlab.fr\/synlab-nouvelle-aquitaine\/nos-expertises__trashed\/synlab-pathologie\/#primaryimage\"},\"thumbnailUrl\":\"https:\/\/www.synlab.fr\/synlab-nouvelle-aquitaine\/wp-content\/uploads\/sites\/45\/2023\/04\/csm_sy_192_Augsburg_2015_clean_large_bearb_941f53fdf8.jpg\",\"datePublished\":\"2023-04-26T09:43:00+00:00\",\"dateModified\":\"2023-04-26T12:41:39+00:00\",\"breadcrumb\":{\"@id\":\"https:\/\/www.synlab.fr\/synlab-nouvelle-aquitaine\/nos-expertises__trashed\/synlab-pathologie\/#breadcrumb\"},\"inLanguage\":\"fr-FR\",\"potentialAction\":[{\"@type\":\"ReadAction\",\"target\":[\"https:\/\/www.synlab.fr\/synlab-nouvelle-aquitaine\/nos-expertises__trashed\/synlab-pathologie\/\"]}]},{\"@type\":\"ImageObject\",\"inLanguage\":\"fr-FR\",\"@id\":\"https:\/\/www.synlab.fr\/synlab-nouvelle-aquitaine\/nos-expertises__trashed\/synlab-pathologie\/#primaryimage\",\"url\":\"https:\/\/www.synlab.fr\/synlab-nouvelle-aquitaine\/wp-content\/uploads\/sites\/45\/2023\/04\/csm_sy_192_Augsburg_2015_clean_large_bearb_941f53fdf8.jpg\",\"contentUrl\":\"https:\/\/www.synlab.fr\/synlab-nouvelle-aquitaine\/wp-content\/uploads\/sites\/45\/2023\/04\/csm_sy_192_Augsburg_2015_clean_large_bearb_941f53fdf8.jpg\",\"width\":289,\"height\":250},{\"@type\":\"BreadcrumbList\",\"@id\":\"https:\/\/www.synlab.fr\/synlab-nouvelle-aquitaine\/nos-expertises__trashed\/synlab-pathologie\/#breadcrumb\",\"itemListElement\":[{\"@type\":\"ListItem\",\"position\":1,\"name\":\"Home\",\"item\":\"https:\/\/www.synlab.fr\/synlab-nouvelle-aquitaine\/\"},{\"@type\":\"ListItem\",\"position\":2,\"name\":\"SYNLAB Pathologie\"}]},{\"@type\":\"WebSite\",\"@id\":\"https:\/\/www.synlab.fr\/synlab-nouvelle-aquitaine\/#website\",\"url\":\"https:\/\/www.synlab.fr\/synlab-nouvelle-aquitaine\/\",\"name\":\"Synlab Nouvelle-Aquitaine\",\"description\":\"Un site utilisant Synlab\",\"potentialAction\":[{\"@type\":\"SearchAction\",\"target\":{\"@type\":\"EntryPoint\",\"urlTemplate\":\"https:\/\/www.synlab.fr\/synlab-nouvelle-aquitaine\/?s={search_term_string}\"},\"query-input\":{\"@type\":\"PropertyValueSpecification\",\"valueRequired\":true,\"valueName\":\"search_term_string\"}}],\"inLanguage\":\"fr-FR\"}]}<\/script>\n<!-- \/ Yoast SEO plugin. -->","yoast_head_json":{"title":"SYNLAB Pathologie - Synlab Nouvelle-Aquitaine","robots":{"index":"noindex","follow":"follow","max-snippet":"max-snippet:-1","max-image-preview":"max-image-preview:large","max-video-preview":"max-video-preview:-1"},"og_locale":"fr_FR","og_type":"article","og_title":"SYNLAB Pathologie - Synlab Nouvelle-Aquitaine","og_url":"https:\/\/www.synlab.fr\/synlab-nouvelle-aquitaine\/nos-expertises__trashed\/synlab-pathologie\/","og_site_name":"Synlab Nouvelle-Aquitaine","article_modified_time":"2023-04-26T12:41:39+00:00","og_image":[{"width":289,"height":250,"url":"https:\/\/www.synlab.fr\/clone\/synlab-nouvelle-aquitaine\/wp-content\/uploads\/sites\/45\/2023\/04\/csm_sy_192_Augsburg_2015_clean_large_bearb_941f53fdf8.jpg","type":"image\/jpeg"}],"twitter_card":"summary_large_image","schema":{"@context":"https:\/\/schema.org","@graph":[{"@type":"WebPage","@id":"https:\/\/www.synlab.fr\/synlab-nouvelle-aquitaine\/nos-expertises__trashed\/synlab-pathologie\/","url":"https:\/\/www.synlab.fr\/synlab-nouvelle-aquitaine\/nos-expertises__trashed\/synlab-pathologie\/","name":"SYNLAB Pathologie - Synlab Nouvelle-Aquitaine","isPartOf":{"@id":"https:\/\/www.synlab.fr\/synlab-nouvelle-aquitaine\/#website"},"primaryImageOfPage":{"@id":"https:\/\/www.synlab.fr\/synlab-nouvelle-aquitaine\/nos-expertises__trashed\/synlab-pathologie\/#primaryimage"},"image":{"@id":"https:\/\/www.synlab.fr\/synlab-nouvelle-aquitaine\/nos-expertises__trashed\/synlab-pathologie\/#primaryimage"},"thumbnailUrl":"https:\/\/www.synlab.fr\/synlab-nouvelle-aquitaine\/wp-content\/uploads\/sites\/45\/2023\/04\/csm_sy_192_Augsburg_2015_clean_large_bearb_941f53fdf8.jpg","datePublished":"2023-04-26T09:43:00+00:00","dateModified":"2023-04-26T12:41:39+00:00","breadcrumb":{"@id":"https:\/\/www.synlab.fr\/synlab-nouvelle-aquitaine\/nos-expertises__trashed\/synlab-pathologie\/#breadcrumb"},"inLanguage":"fr-FR","potentialAction":[{"@type":"ReadAction","target":["https:\/\/www.synlab.fr\/synlab-nouvelle-aquitaine\/nos-expertises__trashed\/synlab-pathologie\/"]}]},{"@type":"ImageObject","inLanguage":"fr-FR","@id":"https:\/\/www.synlab.fr\/synlab-nouvelle-aquitaine\/nos-expertises__trashed\/synlab-pathologie\/#primaryimage","url":"https:\/\/www.synlab.fr\/synlab-nouvelle-aquitaine\/wp-content\/uploads\/sites\/45\/2023\/04\/csm_sy_192_Augsburg_2015_clean_large_bearb_941f53fdf8.jpg","contentUrl":"https:\/\/www.synlab.fr\/synlab-nouvelle-aquitaine\/wp-content\/uploads\/sites\/45\/2023\/04\/csm_sy_192_Augsburg_2015_clean_large_bearb_941f53fdf8.jpg","width":289,"height":250},{"@type":"BreadcrumbList","@id":"https:\/\/www.synlab.fr\/synlab-nouvelle-aquitaine\/nos-expertises__trashed\/synlab-pathologie\/#breadcrumb","itemListElement":[{"@type":"ListItem","position":1,"name":"Home","item":"https:\/\/www.synlab.fr\/synlab-nouvelle-aquitaine\/"},{"@type":"ListItem","position":2,"name":"SYNLAB Pathologie"}]},{"@type":"WebSite","@id":"https:\/\/www.synlab.fr\/synlab-nouvelle-aquitaine\/#website","url":"https:\/\/www.synlab.fr\/synlab-nouvelle-aquitaine\/","name":"Synlab Nouvelle-Aquitaine","description":"Un site utilisant Synlab","potentialAction":[{"@type":"SearchAction","target":{"@type":"EntryPoint","urlTemplate":"https:\/\/www.synlab.fr\/synlab-nouvelle-aquitaine\/?s={search_term_string}"},"query-input":{"@type":"PropertyValueSpecification","valueRequired":true,"valueName":"search_term_string"}}],"inLanguage":"fr-FR"}]}},"_links":{"self":[{"href":"https:\/\/www.synlab.fr\/synlab-nouvelle-aquitaine\/wp-json\/wp\/v2\/pages\/5541","targetHints":{"allow":["GET"]}}],"collection":[{"href":"https:\/\/www.synlab.fr\/synlab-nouvelle-aquitaine\/wp-json\/wp\/v2\/pages"}],"about":[{"href":"https:\/\/www.synlab.fr\/synlab-nouvelle-aquitaine\/wp-json\/wp\/v2\/types\/page"}],"author":[{"embeddable":true,"href":"https:\/\/www.synlab.fr\/synlab-nouvelle-aquitaine\/wp-json\/wp\/v2\/users\/13"}],"replies":[{"embeddable":true,"href":"https:\/\/www.synlab.fr\/synlab-nouvelle-aquitaine\/wp-json\/wp\/v2\/comments?post=5541"}],"version-history":[{"count":5,"href":"https:\/\/www.synlab.fr\/synlab-nouvelle-aquitaine\/wp-json\/wp\/v2\/pages\/5541\/revisions"}],"predecessor-version":[{"id":5598,"href":"https:\/\/www.synlab.fr\/synlab-nouvelle-aquitaine\/wp-json\/wp\/v2\/pages\/5541\/revisions\/5598"}],"wp:featuredmedia":[{"embeddable":true,"href":"https:\/\/www.synlab.fr\/synlab-nouvelle-aquitaine\/wp-json\/wp\/v2\/media\/5516"}],"wp:attachment":[{"href":"https:\/\/www.synlab.fr\/synlab-nouvelle-aquitaine\/wp-json\/wp\/v2\/media?parent=5541"}],"curies":[{"name":"wp","href":"https:\/\/api.w.org\/{rel}","templated":true}]}}