{"id":5547,"date":"2023-04-26T11:53:34","date_gmt":"2023-04-26T09:53:34","guid":{"rendered":"https:\/\/www.synlab.fr\/synlab-nouvelle-aquitaine\/?page_id=5547"},"modified":"2023-04-26T14:40:58","modified_gmt":"2023-04-26T12:40:58","slug":"synlab-genetique-france","status":"publish","type":"page","link":"https:\/\/www.synlab.fr\/synlab-nouvelle-aquitaine\/synlab-genetique-france\/","title":{"rendered":"SYNLAB G\u00e9n\u00e9tique France"},"content":{"rendered":"<div class=\"wp-block-image\">\n<figure class=\"aligncenter size-large is-resized\"><img loading=\"lazy\" decoding=\"async\" src=\"https:\/\/www.synlab.fr\/synlab-nouvelle-aquitaine\/wp-content\/uploads\/sites\/45\/2023\/04\/csm_genetique-adn_5fb83cdc36-1-1024x286.jpg\" alt=\"\" class=\"wp-image-5548\" width=\"1024\" height=\"286\" srcset=\"https:\/\/www.synlab.fr\/synlab-nouvelle-aquitaine\/wp-content\/uploads\/sites\/45\/2023\/04\/csm_genetique-adn_5fb83cdc36-1-1024x286.jpg 1024w, https:\/\/www.synlab.fr\/synlab-nouvelle-aquitaine\/wp-content\/uploads\/sites\/45\/2023\/04\/csm_genetique-adn_5fb83cdc36-1-300x84.jpg 300w, https:\/\/www.synlab.fr\/synlab-nouvelle-aquitaine\/wp-content\/uploads\/sites\/45\/2023\/04\/csm_genetique-adn_5fb83cdc36-1-768x215.jpg 768w, https:\/\/www.synlab.fr\/synlab-nouvelle-aquitaine\/wp-content\/uploads\/sites\/45\/2023\/04\/csm_genetique-adn_5fb83cdc36-1.jpg 1280w\" sizes=\"auto, (max-width: 1024px) 100vw, 1024px\" \/><\/figure>\n<\/div>\n\n\n<div class=\"container-fluid block-separateur\" style=\"--heightDesk:10px;--heightMob:15px;\">\n\n    \n    \n<\/div>\n\n<div class=\"container block-texte_image\">\n\n\t\t\t<div class=\"block-texte_image-contenu order-1\" style=\"--widthContenu:100%\">\n\t\t\t<h2>Alpig\u00e8ne<\/h2>\t\t\t<article><p>L&rsquo;expertise g\u00e9n\u00e9tique de notre r\u00e9seau est assur\u00e9e par le centre m\u00e9dical expert Alpig\u00e8ne. Situ\u00e9 \u00e0 Lyon, ce centre de g\u00e9n\u00e9tique m\u00e9dicale op\u00e8re sur toute la France gr\u00e2ce au maillage des laboratoires SYNLAB et en direct aupr\u00e8s des praticiens.<\/p>\n<p>Nos \u00e9quipes vous y assurent la prise en charge globale du patient au service des prescripteurs.<\/p>\n<\/article>\t\t\t\t\t\t\n\t\t\t<p><a href=\"https:\/\/www.labo-alpigene.fr\/consultation\/\" style=\"--colorCTA:#003765\" target=\"\" class=\"block-texte_image-contenu-cta\">En savoir plus sur SYNLAB G\u00e9n\u00e9tique France<\/a><\/p>\t\t<\/div>\n\t\n\t\n\t\t\n<\/div>\n\n\n\n\n\t\n\t\n\n\n\n<div class=\"container-fluid block-separateur\" style=\"--heightDesk:10px;--heightMob:15px;\">\n\n    \n    \n<\/div>\n\n\n<div class=\"wp-block-columns is-layout-flex wp-container-core-columns-is-layout-9d6595d7 wp-block-columns-is-layout-flex\">\n<div class=\"wp-block-column is-layout-flow wp-block-column-is-layout-flow\"><div class=\"container block-texte_image\">\n\n\t\t\t<div class=\"block-texte_image-contenu order-1\" style=\"--widthContenu:100%\">\n\t\t\t<h2>Oncog\u00e9n\u00e9tique<\/h2>\t\t\t<article><ul>\n<li>Sein-ovaire (cancer du sein et\/ou de l&rsquo;ovaire)<\/li>\n<li>Digestif (syndrome de Lynch, polypose familiale&#8230;)<\/li>\n<li>M\u00e9lanome et autres tumeurs cutan\u00e9es<\/li>\n<li>Autres (cancer du rein, &#8230;)<\/li>\n<\/ul>\n<\/article>\t\t\t\t\t\t\n\t\t\t\t\t<\/div>\n\t\n\t\n\t\t\n<\/div>\n\n\n\n\n\t\n\t\n<\/div>\n\n\n\n<div class=\"wp-block-column is-layout-flow wp-block-column-is-layout-flow\"><div class=\"container block-texte_image\">\n\n\t\t\t<div class=\"block-texte_image-contenu order-1\" style=\"--widthContenu:100%\">\n\t\t\t<h2>Hypofertilit\u00e9 du couple<\/h2>\t\t\t<article><ul>\n<li>Consultation pour bilan de fausses couches<\/li>\n<li>Consultation g\u00e9n\u00e9tique en cas de r\u00e9sultat d&rsquo;un test de g\u00e9n\u00e9tique<\/li>\n<li>Autres<\/li>\n<\/ul>\n<\/article>\t\t\t\t\t\t\n\t\t\t\t\t<\/div>\n\t\n\t\n\t\t\n<\/div>\n\n\n\n\n\t\n\t\n<\/div>\n<\/div>\n\n\n\n<div class=\"container-fluid block-separateur\" style=\"--heightDesk:10px;--heightMob:15px;\">\n\n    \n    \n<\/div>\n\n\n<div class=\"wp-block-columns is-layout-flex wp-container-core-columns-is-layout-9d6595d7 wp-block-columns-is-layout-flex\">\n<div class=\"wp-block-column is-layout-flow wp-block-column-is-layout-flow\"><div class=\"container block-texte_image\">\n\n\t\t\t<div class=\"block-texte_image-contenu order-1\" style=\"--widthContenu:100%\">\n\t\t\t<h2>Consultation de g\u00e9n\u00e9tique g\u00e9n\u00e9rale<\/h2>\t\t\t<article><ul>\n<li>Mucoviscidose<\/li>\n<li>H\u00e9mochromatose<\/li>\n<li>Syndrome de l&rsquo;X fragile<\/li>\n<li>Cousins germains<\/li>\n<li>Autres<\/li>\n<\/ul>\n<\/article>\t\t\t\t\t\t\n\t\t\t\t\t<\/div>\n\t\n\t\n\t\t\n<\/div>\n\n\n\n\n\t\n\t\n<\/div>\n\n\n\n<div class=\"wp-block-column is-layout-flow wp-block-column-is-layout-flow\"><div class=\"container block-texte_image\">\n\n\t\t\t<div class=\"block-texte_image-contenu order-1\" style=\"--widthContenu:100%\">\n\t\t\t<h2>Femme enceinte<\/h2>\t\t\t<article><ul>\n<li>Consultation de g\u00e9n\u00e9tique<\/li>\n<li>Consultation\u00a0<a href=\"http:\/\/www.mon-dpni.fr\/\" target=\"_blank\" rel=\"noopener\">DPNI<\/a><\/li>\n<li>Autres<\/li>\n<\/ul>\n<\/article>\t\t\t\t\t\t\n\t\t\t\t\t<\/div>\n\t\n\t\n\t\t\n<\/div>\n\n\n\n\n\t\n\t\n<\/div>\n<\/div>\n","protected":false},"excerpt":{"rendered":"","protected":false},"author":13,"featured_media":5548,"parent":0,"menu_order":3,"comment_status":"closed","ping_status":"closed","template":"","meta":{"_acf_changed":false,"footnotes":""},"class_list":["post-5547","page","type-page","status-publish","has-post-thumbnail","hentry"],"acf":[],"yoast_head":"<!-- This site is optimized with the Yoast SEO plugin v26.3 - https:\/\/yoast.com\/wordpress\/plugins\/seo\/ -->\n<title>SYNLAB G\u00e9n\u00e9tique France - Synlab Nouvelle-Aquitaine<\/title>\n<meta name=\"robots\" content=\"noindex, follow, max-snippet:-1, max-image-preview:large, max-video-preview:-1\" \/>\n<meta property=\"og:locale\" content=\"fr_FR\" \/>\n<meta property=\"og:type\" content=\"article\" \/>\n<meta property=\"og:title\" content=\"SYNLAB G\u00e9n\u00e9tique France - Synlab Nouvelle-Aquitaine\" \/>\n<meta property=\"og:url\" content=\"https:\/\/www.synlab.fr\/synlab-nouvelle-aquitaine\/nos-expertises__trashed\/synlab-genetique-france\/\" \/>\n<meta property=\"og:site_name\" content=\"Synlab Nouvelle-Aquitaine\" \/>\n<meta property=\"article:modified_time\" content=\"2023-04-26T12:40:58+00:00\" \/>\n<meta property=\"og:image\" content=\"https:\/\/www.synlab.fr\/clone\/synlab-nouvelle-aquitaine\/wp-content\/uploads\/sites\/45\/2023\/04\/csm_genetique-adn_5fb83cdc36-1.jpg\" \/>\n\t<meta property=\"og:image:width\" content=\"1280\" \/>\n\t<meta property=\"og:image:height\" content=\"358\" \/>\n\t<meta property=\"og:image:type\" content=\"image\/jpeg\" \/>\n<meta name=\"twitter:card\" content=\"summary_large_image\" \/>\n<meta name=\"twitter:label1\" content=\"Dur\u00e9e de lecture estim\u00e9e\" \/>\n\t<meta name=\"twitter:data1\" content=\"1 minute\" \/>\n<script type=\"application\/ld+json\" class=\"yoast-schema-graph\">{\"@context\":\"https:\/\/schema.org\",\"@graph\":[{\"@type\":\"WebPage\",\"@id\":\"https:\/\/www.synlab.fr\/synlab-nouvelle-aquitaine\/nos-expertises__trashed\/synlab-genetique-france\/\",\"url\":\"https:\/\/www.synlab.fr\/synlab-nouvelle-aquitaine\/nos-expertises__trashed\/synlab-genetique-france\/\",\"name\":\"SYNLAB G\u00e9n\u00e9tique France - Synlab Nouvelle-Aquitaine\",\"isPartOf\":{\"@id\":\"https:\/\/www.synlab.fr\/synlab-nouvelle-aquitaine\/#website\"},\"primaryImageOfPage\":{\"@id\":\"https:\/\/www.synlab.fr\/synlab-nouvelle-aquitaine\/nos-expertises__trashed\/synlab-genetique-france\/#primaryimage\"},\"image\":{\"@id\":\"https:\/\/www.synlab.fr\/synlab-nouvelle-aquitaine\/nos-expertises__trashed\/synlab-genetique-france\/#primaryimage\"},\"thumbnailUrl\":\"https:\/\/www.synlab.fr\/synlab-nouvelle-aquitaine\/wp-content\/uploads\/sites\/45\/2023\/04\/csm_genetique-adn_5fb83cdc36-1.jpg\",\"datePublished\":\"2023-04-26T09:53:34+00:00\",\"dateModified\":\"2023-04-26T12:40:58+00:00\",\"breadcrumb\":{\"@id\":\"https:\/\/www.synlab.fr\/synlab-nouvelle-aquitaine\/nos-expertises__trashed\/synlab-genetique-france\/#breadcrumb\"},\"inLanguage\":\"fr-FR\",\"potentialAction\":[{\"@type\":\"ReadAction\",\"target\":[\"https:\/\/www.synlab.fr\/synlab-nouvelle-aquitaine\/nos-expertises__trashed\/synlab-genetique-france\/\"]}]},{\"@type\":\"ImageObject\",\"inLanguage\":\"fr-FR\",\"@id\":\"https:\/\/www.synlab.fr\/synlab-nouvelle-aquitaine\/nos-expertises__trashed\/synlab-genetique-france\/#primaryimage\",\"url\":\"https:\/\/www.synlab.fr\/synlab-nouvelle-aquitaine\/wp-content\/uploads\/sites\/45\/2023\/04\/csm_genetique-adn_5fb83cdc36-1.jpg\",\"contentUrl\":\"https:\/\/www.synlab.fr\/synlab-nouvelle-aquitaine\/wp-content\/uploads\/sites\/45\/2023\/04\/csm_genetique-adn_5fb83cdc36-1.jpg\",\"width\":1280,\"height\":358},{\"@type\":\"BreadcrumbList\",\"@id\":\"https:\/\/www.synlab.fr\/synlab-nouvelle-aquitaine\/nos-expertises__trashed\/synlab-genetique-france\/#breadcrumb\",\"itemListElement\":[{\"@type\":\"ListItem\",\"position\":1,\"name\":\"Home\",\"item\":\"https:\/\/www.synlab.fr\/synlab-nouvelle-aquitaine\/\"},{\"@type\":\"ListItem\",\"position\":2,\"name\":\"SYNLAB G\u00e9n\u00e9tique France\"}]},{\"@type\":\"WebSite\",\"@id\":\"https:\/\/www.synlab.fr\/synlab-nouvelle-aquitaine\/#website\",\"url\":\"https:\/\/www.synlab.fr\/synlab-nouvelle-aquitaine\/\",\"name\":\"Synlab Nouvelle-Aquitaine\",\"description\":\"Un site utilisant Synlab\",\"potentialAction\":[{\"@type\":\"SearchAction\",\"target\":{\"@type\":\"EntryPoint\",\"urlTemplate\":\"https:\/\/www.synlab.fr\/synlab-nouvelle-aquitaine\/?s={search_term_string}\"},\"query-input\":{\"@type\":\"PropertyValueSpecification\",\"valueRequired\":true,\"valueName\":\"search_term_string\"}}],\"inLanguage\":\"fr-FR\"}]}<\/script>\n<!-- \/ Yoast SEO plugin. -->","yoast_head_json":{"title":"SYNLAB G\u00e9n\u00e9tique France - Synlab Nouvelle-Aquitaine","robots":{"index":"noindex","follow":"follow","max-snippet":"max-snippet:-1","max-image-preview":"max-image-preview:large","max-video-preview":"max-video-preview:-1"},"og_locale":"fr_FR","og_type":"article","og_title":"SYNLAB G\u00e9n\u00e9tique France - Synlab Nouvelle-Aquitaine","og_url":"https:\/\/www.synlab.fr\/synlab-nouvelle-aquitaine\/nos-expertises__trashed\/synlab-genetique-france\/","og_site_name":"Synlab Nouvelle-Aquitaine","article_modified_time":"2023-04-26T12:40:58+00:00","og_image":[{"width":1280,"height":358,"url":"https:\/\/www.synlab.fr\/clone\/synlab-nouvelle-aquitaine\/wp-content\/uploads\/sites\/45\/2023\/04\/csm_genetique-adn_5fb83cdc36-1.jpg","type":"image\/jpeg"}],"twitter_card":"summary_large_image","twitter_misc":{"Dur\u00e9e de lecture estim\u00e9e":"1 minute"},"schema":{"@context":"https:\/\/schema.org","@graph":[{"@type":"WebPage","@id":"https:\/\/www.synlab.fr\/synlab-nouvelle-aquitaine\/nos-expertises__trashed\/synlab-genetique-france\/","url":"https:\/\/www.synlab.fr\/synlab-nouvelle-aquitaine\/nos-expertises__trashed\/synlab-genetique-france\/","name":"SYNLAB G\u00e9n\u00e9tique France - Synlab Nouvelle-Aquitaine","isPartOf":{"@id":"https:\/\/www.synlab.fr\/synlab-nouvelle-aquitaine\/#website"},"primaryImageOfPage":{"@id":"https:\/\/www.synlab.fr\/synlab-nouvelle-aquitaine\/nos-expertises__trashed\/synlab-genetique-france\/#primaryimage"},"image":{"@id":"https:\/\/www.synlab.fr\/synlab-nouvelle-aquitaine\/nos-expertises__trashed\/synlab-genetique-france\/#primaryimage"},"thumbnailUrl":"https:\/\/www.synlab.fr\/synlab-nouvelle-aquitaine\/wp-content\/uploads\/sites\/45\/2023\/04\/csm_genetique-adn_5fb83cdc36-1.jpg","datePublished":"2023-04-26T09:53:34+00:00","dateModified":"2023-04-26T12:40:58+00:00","breadcrumb":{"@id":"https:\/\/www.synlab.fr\/synlab-nouvelle-aquitaine\/nos-expertises__trashed\/synlab-genetique-france\/#breadcrumb"},"inLanguage":"fr-FR","potentialAction":[{"@type":"ReadAction","target":["https:\/\/www.synlab.fr\/synlab-nouvelle-aquitaine\/nos-expertises__trashed\/synlab-genetique-france\/"]}]},{"@type":"ImageObject","inLanguage":"fr-FR","@id":"https:\/\/www.synlab.fr\/synlab-nouvelle-aquitaine\/nos-expertises__trashed\/synlab-genetique-france\/#primaryimage","url":"https:\/\/www.synlab.fr\/synlab-nouvelle-aquitaine\/wp-content\/uploads\/sites\/45\/2023\/04\/csm_genetique-adn_5fb83cdc36-1.jpg","contentUrl":"https:\/\/www.synlab.fr\/synlab-nouvelle-aquitaine\/wp-content\/uploads\/sites\/45\/2023\/04\/csm_genetique-adn_5fb83cdc36-1.jpg","width":1280,"height":358},{"@type":"BreadcrumbList","@id":"https:\/\/www.synlab.fr\/synlab-nouvelle-aquitaine\/nos-expertises__trashed\/synlab-genetique-france\/#breadcrumb","itemListElement":[{"@type":"ListItem","position":1,"name":"Home","item":"https:\/\/www.synlab.fr\/synlab-nouvelle-aquitaine\/"},{"@type":"ListItem","position":2,"name":"SYNLAB G\u00e9n\u00e9tique France"}]},{"@type":"WebSite","@id":"https:\/\/www.synlab.fr\/synlab-nouvelle-aquitaine\/#website","url":"https:\/\/www.synlab.fr\/synlab-nouvelle-aquitaine\/","name":"Synlab Nouvelle-Aquitaine","description":"Un site utilisant Synlab","potentialAction":[{"@type":"SearchAction","target":{"@type":"EntryPoint","urlTemplate":"https:\/\/www.synlab.fr\/synlab-nouvelle-aquitaine\/?s={search_term_string}"},"query-input":{"@type":"PropertyValueSpecification","valueRequired":true,"valueName":"search_term_string"}}],"inLanguage":"fr-FR"}]}},"_links":{"self":[{"href":"https:\/\/www.synlab.fr\/synlab-nouvelle-aquitaine\/wp-json\/wp\/v2\/pages\/5547","targetHints":{"allow":["GET"]}}],"collection":[{"href":"https:\/\/www.synlab.fr\/synlab-nouvelle-aquitaine\/wp-json\/wp\/v2\/pages"}],"about":[{"href":"https:\/\/www.synlab.fr\/synlab-nouvelle-aquitaine\/wp-json\/wp\/v2\/types\/page"}],"author":[{"embeddable":true,"href":"https:\/\/www.synlab.fr\/synlab-nouvelle-aquitaine\/wp-json\/wp\/v2\/users\/13"}],"replies":[{"embeddable":true,"href":"https:\/\/www.synlab.fr\/synlab-nouvelle-aquitaine\/wp-json\/wp\/v2\/comments?post=5547"}],"version-history":[{"count":6,"href":"https:\/\/www.synlab.fr\/synlab-nouvelle-aquitaine\/wp-json\/wp\/v2\/pages\/5547\/revisions"}],"predecessor-version":[{"id":5597,"href":"https:\/\/www.synlab.fr\/synlab-nouvelle-aquitaine\/wp-json\/wp\/v2\/pages\/5547\/revisions\/5597"}],"wp:featuredmedia":[{"embeddable":true,"href":"https:\/\/www.synlab.fr\/synlab-nouvelle-aquitaine\/wp-json\/wp\/v2\/media\/5548"}],"wp:attachment":[{"href":"https:\/\/www.synlab.fr\/synlab-nouvelle-aquitaine\/wp-json\/wp\/v2\/media?parent=5547"}],"curies":[{"name":"wp","href":"https:\/\/api.w.org\/{rel}","templated":true}]}}