{"id":5556,"date":"2023-04-26T11:58:22","date_gmt":"2023-04-26T09:58:22","guid":{"rendered":"https:\/\/www.synlab.fr\/synlab-nouvelle-aquitaine\/?page_id=5556"},"modified":"2023-04-26T14:48:00","modified_gmt":"2023-04-26T12:48:00","slug":"sequencage-du-microbiote-intestinal","status":"publish","type":"page","link":"https:\/\/www.synlab.fr\/synlab-nouvelle-aquitaine\/sequencage-du-microbiote-intestinal\/","title":{"rendered":"S\u00e9quen\u00e7age du microbiote intestinal"},"content":{"rendered":"<div class=\"container block-texte_image\">\n\n\t\t\t<div class=\"block-texte_image-contenu order-1\" style=\"--widthContenu:100%\">\n\t\t\t<h2>SYNLAB propose un test complet et innovant du microbiote intestinal<\/h2>\t\t\t<article><ul>\n<li>Pour le bien-\u00eatre et le suivi de vos patients<\/li>\n<li>Pour vos patients en recherche d\u2019une m\u00e9decine pr\u00e9ventive, personnalis\u00e9e et plus naturelle<\/li>\n<li>Pour enrichir votre offre de conseil et d\u2019accompagnement th\u00e9rapeutique, avec une approche compl\u00e9mentaire \u00e0 la m\u00e9decine traditionnelle<\/li>\n<\/ul>\n<\/article>\t\t\t\t\t\t\n\t\t\t\t\t<\/div>\n\t\n\t\n\t\t\n<\/div>\n\n\n\n\n\t\n\t\n\n\n\n<div class=\"container-fluid block-separateur\" style=\"--heightDesk:10px;--heightMob:15px;\">\n\n    \n    \n<\/div>\n\n<div class=\"container block-texte_image\">\n\n\t\t\t<div class=\"block-texte_image-contenu order-1\" style=\"--widthContenu:70%\">\n\t\t\t<h3>Pourquoi proposer une exploration du microbiote intestinal \u00e0 vos patients ?<\/h3>\t\t\t<article><p>Appel\u00e9 aussi \u00ab\u00a0<i>second cerveau<\/i>\u00a0\u00bb,\u00a0<strong>le microbiote intestinal repose sur un \u00e9quilibre complexe et fragile entre les micro-organismes qui le composent<\/strong><strong>.<\/strong>\u00a0Il\u00a0<strong>peut \u00eatre d\u00e9t\u00e9rior\u00e9 par des facteurs externes<\/strong>\u00a0(alimentation, m\u00e9dicaments, stress, \u00e2ge, environnement&#8230;) qui influencent la quantit\u00e9 et la diversit\u00e9 bact\u00e9rienne.<\/p>\n<p><strong>Une baisse de la diversit\u00e9 microbienne, en particulier la disparition de bact\u00e9ries anti-inflammatoires b\u00e9n\u00e9fiques, est associ\u00e9e \u00e0 de nombreux probl\u00e8mes de sant\u00e9<\/strong>\u00a0: des maladies cardio-m\u00e9taboliques (ob\u00e9sit\u00e9, diab\u00e8te, maladies cardio-vasculaires, etc.) ; des maladies intestinales comme le Syndrome de l\u2019intestin irritable (SII), la maladie de Crohn ou la rectocolite h\u00e9morragique.<\/p>\n<\/article>\t\t\t\t\t\t\n\t\t\t\t\t<\/div>\n\t\n\t\n\t\t<div class=\"block-texte_image-illustration order-0\" style=\"--widthImage:30%;\">\n\t\t\t<img decoding=\"async\" src=\"https:\/\/www.synlab.fr\/synlab-nouvelle-aquitaine\/wp-content\/uploads\/sites\/45\/2023\/04\/csm_Bacteria_Par_picture-waterfall_AdobeStock_279829303_c415b8a16a.jpeg\" alt=\"csm_Bacteria_Par_picture-waterfall_AdobeStock_279829303_c415b8a16a\"\/>\n\t\t<\/div>\n\n\t\n\t\t\n<\/div>\n\n\n\n\n\t\n\t\n\n\n\n<div class=\"container-fluid block-separateur\" style=\"--heightDesk:10px;--heightMob:15px;\">\n\n    \n    \n<\/div>\n\n<div class=\"container block-texte_image\">\n\n\t\t\t<div class=\"block-texte_image-contenu order-1\" style=\"--widthContenu:100%\">\n\t\t\t\t\t\t<article><p><strong>L\u2019exploration du microbiote intestinal est donc particuli\u00e8rement appropri\u00e9e pour les personnes qui ont\u00a0des affections digestives ou des maladies m\u00e9taboliques.\u00a0<\/strong><\/p>\n<p><strong>Il est \u00e9galement adapt\u00e9 aux personnes qui cherchent \u00e0 perdre du poids de mani\u00e8re efficace et durable, ou tout simplement \u00e0 entretenir leur bien-\u00eatre, gr\u00e2ce un r\u00e9\u00e9quilibrage de la flore intestinale.<\/strong><\/p>\n<\/article>\t\t\t\t\t\t\n\t\t\t\t\t<\/div>\n\t\n\t\n\t\t\n<\/div>\n\n\n\n\n\t\n\t\n\n\n\n<div class=\"container-fluid block-separateur\" style=\"--heightDesk:10px;--heightMob:15px;\">\n\n    \n    \n<\/div>\n\n<div class=\"container text-center \">\n\t\t\t<h2 class=\"w-100  m-b-40\">Les b\u00e9n\u00e9fices d&rsquo;un microbiote intestinal \u00e9quilibr\u00e9 <\/h2>\t<\/div>\n\n<div class=\"container-grid block-securite\">\n\n\t<div class=\"block-securite-left\">\n\t\t<img decoding=\"async\" src=\"https:\/\/www.synlab.fr\/synlab-nouvelle-aquitaine\/wp-content\/uploads\/sites\/45\/2022\/08\/csm_ventre_test_b485541489.jpg\" alt=\"csm_ventre_test_b485541489\" \/>\n\t<\/div>\n\n\t<div class=\"block-securite-right\">\n\t\t\t\t\t<div class=\"block-securite-right-item\">\n\t\t\t<div class=\"block-securite-right-item-picto\">\n\t\t\t\t<img decoding=\"async\" src=\"https:\/\/www.synlab.fr\/synlab-nouvelle-aquitaine\/wp-content\/uploads\/sites\/45\/2023\/04\/Numeros-4-e1673967732636-1.png\" alt=\"Numeros-4-e1673967732636\" \/>\n\t\t\t<\/div>\n\t\t\t<div>\n\t\t\t\t<div class=\"block-securite-right-item-titre\">EFFET BARRI\u00c8RE<\/div>\n\t\t\t\t<div class=\"block-securite-right-item-texte\">Il renforce la barri\u00e8re intestinale et prot\u00e8ge naturellement contre les bact\u00e9ries, pathog\u00e8nes, pouvant causer des troubles.<\/div>\n\t\t\t\t<\/div>\n\t\t\t\n\t\t<\/div>\n\t\t\t\t<div class=\"block-securite-right-item\">\n\t\t\t<div class=\"block-securite-right-item-picto\">\n\t\t\t\t<img decoding=\"async\" src=\"https:\/\/www.synlab.fr\/synlab-nouvelle-aquitaine\/wp-content\/uploads\/sites\/45\/2023\/04\/Numeros-1-e1673967667413-1.png\" alt=\"Numeros-1-e1673967667413\" \/>\n\t\t\t<\/div>\n\t\t\t<div>\n\t\t\t\t<div class=\"block-securite-right-item-titre\">D\u00c9VELOPPEMENT ET MATURATION DU SYST\u00c8ME IMMUNITAIRE :<\/div>\n\t\t\t\t<div class=\"block-securite-right-item-texte\">La r\u00e9ponse immunitaire est influenc\u00e9e par la composition de la flore intestinale.<\/div>\n\t\t\t\t<\/div>\n\t\t\t\n\t\t<\/div>\n\t\t\t\t<div class=\"block-securite-right-item\">\n\t\t\t<div class=\"block-securite-right-item-picto\">\n\t\t\t\t<img decoding=\"async\" src=\"https:\/\/www.synlab.fr\/synlab-nouvelle-aquitaine\/wp-content\/uploads\/sites\/45\/2023\/04\/Numeros-2-e1673967183955-1.png\" alt=\"Numeros-2-e1673967183955\" \/>\n\t\t\t<\/div>\n\t\t\t<div>\n\t\t\t\t<div class=\"block-securite-right-item-titre\">DIGESTION ET M\u00c9TABOLISME :<\/div>\n\t\t\t\t<div class=\"block-securite-right-item-texte\">Il aide \u00e0 absorber certains nutriments, il en produit lui-m\u00eame et se nourrit d\u2019aliments non dig\u00e9r\u00e9s dans l\u2019intestin.<\/div>\n\t\t\t\t<\/div>\n\t\t\t\n\t\t<\/div>\n\t\t\t\t<\/div>\n<\/div>\n\n\n\n\n<div class=\"container-fluid block-separateur\" style=\"--heightDesk:10px;--heightMob:15px;\">\n\n    \n    \n<\/div>\n\n\n<figure class=\"wp-block-image size-full is-resized\"><img loading=\"lazy\" decoding=\"async\" src=\"https:\/\/www.synlab.fr\/synlab-nouvelle-aquitaine\/wp-content\/uploads\/sites\/45\/2023\/04\/csm_banner_microbiote-01_689e8714ea.jpg\" alt=\"\" class=\"wp-image-5567\" width=\"1179\" height=\"38\" srcset=\"https:\/\/www.synlab.fr\/synlab-nouvelle-aquitaine\/wp-content\/uploads\/sites\/45\/2023\/04\/csm_banner_microbiote-01_689e8714ea.jpg 900w, https:\/\/www.synlab.fr\/synlab-nouvelle-aquitaine\/wp-content\/uploads\/sites\/45\/2023\/04\/csm_banner_microbiote-01_689e8714ea-300x10.jpg 300w, https:\/\/www.synlab.fr\/synlab-nouvelle-aquitaine\/wp-content\/uploads\/sites\/45\/2023\/04\/csm_banner_microbiote-01_689e8714ea-768x25.jpg 768w\" sizes=\"auto, (max-width: 1179px) 100vw, 1179px\" \/><\/figure>\n\n\n\n<div class=\"container-fluid block-separateur\" style=\"--heightDesk:10px;--heightMob:15px;\">\n\n    \n    \n<\/div>\n\n<div class=\"container block-texte_image\">\n\n\t\t\t<div class=\"block-texte_image-contenu order-0\" style=\"--widthContenu:100%\">\n\t\t\t<h2>Comment obtenir un kit de test du microbiote ?<\/h2>\t\t\t<article><p>Le test 1test1\u2122 se pr\u00e9sente sous la forme d\u2019un\u00a0<strong>kit de pr\u00e9l\u00e8vement de selles<\/strong>, pratique, hygi\u00e9nique et simple d\u2019utilisation et d\u2019une boite pr\u00e9-affranchie pour retourner l\u2019\u00e9chantillon de selles au laboratoire d\u2019analyses sp\u00e9cialis\u00e9es SYNLAB Barla.<\/p>\n<p>Le kit est disponible aupr\u00e8s d\u2019un\u00a0<a href=\"https:\/\/www.synlab.fr\/synlab-nouvelle-aquitaine\/trouver-un-laboratoire\/\" target=\"_blank\" rel=\"noopener\">laboratoire SYNLAB partenaire<\/a>\u00a0ou sur\u00a0<a href=\"https:\/\/labo-barla.eu\/produit\/kit-microbiote-1test1\/\" target=\"_blank\" rel=\"noopener\">commande en ligne<\/a>.<\/p>\n<\/article>\t\t\t\t\t\t\n\t\t\t\t\t<\/div>\n\t\n\t\n\t\t<div class=\"block-texte_image-illustration order-1\" style=\"--widthImage:100%;\">\n\t\t\t<img decoding=\"async\" src=\"https:\/\/www.synlab.fr\/synlab-nouvelle-aquitaine\/wp-content\/uploads\/sites\/45\/2022\/08\/csm_synlab_kit1test1_e699a5eca0.png\" alt=\"csm_synlab_kit1test1_e699a5eca0\"\/>\n\t\t<\/div>\n\n\t\n\t\t\n<\/div>\n\n\n\n\n\t\n\t\n\n\n\n<div class=\"container-fluid block-separateur\" style=\"--heightDesk:10px;--heightMob:15px;\">\n\n    \n    \n<\/div>\n\n<div class=\"container block-texte_image\">\n\n\t\t\t<div class=\"block-texte_image-contenu order-1\" style=\"--widthContenu:100%\">\n\t\t\t<h3>COMBIEN \u00c7A CO\u00dbTE ?<\/h3>\t\t\t<article><h4>Le bilan du microbiote co\u00fbte 199 \u20ac*<\/h4>\n<p>Ce tarif incl\u00fbt :<\/p>\n<ul>\n<li>Un kit de pr\u00e9l\u00e8vement et un mode d&#8217;emploi<\/li>\n<li>Une boite affranchie pour l\u2019envoi\u00a0des pr\u00e9l\u00e8vements au laboratoire<\/li>\n<li>Le\u00a0diagnostic du microbiote<\/li>\n<li>Le\u00a0rapport complet des r\u00e9sultats avec des conseils personnalis\u00e9s<\/li>\n<\/ul>\n<p>&nbsp;<\/p>\n<p><strong>En cas de commande en ligne, les frais d&rsquo;envoi\u00a0du kit \u00e0 domicile seront factur\u00e9s 4,95\u20ac.<\/strong><\/p>\n<p>*Le bilan n&rsquo;est pas rembours\u00e9 par l&rsquo;Asssurance Maladie. Certaines mutuelles peuvent prendre en charge ce type de test selon les garanties du contrat.<\/p>\n<\/article>\t\t\t\t\t\t\n\t\t\t<p><a href=\"https:\/\/labo-barla.eu\/produit\/kit-microbiote-1test1\/\" style=\"--colorCTA:#003765\" target=\"\" class=\"block-texte_image-contenu-cta\">Commander un kit 1test1<\/a><a href=\"https:\/\/www.synlab.fr\/synlab-nouvelle-aquitaine\/trouver-un-laboratoire\/\" style=\"--colorCTA:#dd9933\" target=\"\" class=\"block-texte_image-contenu-cta\">Trouver un labo partenaire <\/a><\/p>\t\t<\/div>\n\t\n\t\n\t\t\n<\/div>\n\n\n\n\n\t\n\t\n\n\n\n<div class=\"container-fluid block-separateur\" style=\"--heightDesk:10px;--heightMob:15px;\">\n\n    \n    \n<\/div>\n\n<div class=\"container block-texte_image\">\n\n\t\t\t<div class=\"block-texte_image-contenu order-1\" style=\"--widthContenu:100%\">\n\t\t\t<h2>Les r\u00e9sultats d&rsquo;analyses du microbiote intestinal<\/h2>\t\t\t<article><div id=\"c3232\" class=\"frame frame-default frame-type-text frame-layout-0 frame-space-before-extra-small frame-space-after-extra-small\">\n<p>\u00c0 partir d\u2019une analyse m\u00e9tag\u00e9nomique de l\u2019ADN du microbiote, SYNLAB \u00e9value la perte de diversit\u00e9 bact\u00e9rienne du microbiote intestinal et les carences en bonnes bact\u00e9ries.\u00a0<strong>Nous rendons un diagnostic portant sur 20 familles de bact\u00e9ries essentielles au bon fonctionnement de l\u2019organisme et au syst\u00e8me immunitaire. Sous 15 jours \u00e0 compter de la r\u00e9ception des pr\u00e9l\u00e8vements de selles,\u00a0<\/strong>le prescripteur re\u00e7oit un rapport complet et illustr\u00e9 ainsi que des recommandations adapt\u00e9es au profil du patient.\u00a0Les r\u00e9sultats obtenus vous permettent\u00a0de personnaliser le r\u00e9\u00e9quilibrage du microbiote intestinal du patient, \u00e0 partir d\u2019un changement alimentaire et la prise de compl\u00e9ments pr\u00e9biotiques ou probiotiques, le cas \u00e9ch\u00e9ant.<\/p>\n<\/div>\n<div id=\"c3256\" class=\"frame frame-default frame-type-text frame-layout-0 frame-space-before-medium\">\n<p><i>* Le kit 1Test1 a \u00e9t\u00e9 con\u00e7u par notre partenaire\u00a0<a href=\"https:\/\/www.luxia-scientific.com\/fr\/\" target=\"_blank\" rel=\"noopener\">LUXIA Scientific<\/a>, premi\u00e8re soci\u00e9t\u00e9 fran\u00e7aise de biotechnologie, enti\u00e8rement d\u00e9di\u00e9e \u00e0 la recherche et au d\u00e9veloppement de diagnostics innovants ciblant les microbiotes.<\/i><\/p>\n<\/div>\n<\/article>\t\t\t\t\t\t\n\t\t\t\t\t<\/div>\n\t\n\t\n\t\t\n<\/div>\n\n\n\n\n\t\n\t\n\n\n\n<div class=\"container-fluid block-separateur\" style=\"--heightDesk:10px;--heightMob:15px;\">\n\n    \n    \n<\/div>\n\n\n<div class=\"container-grid block-satisfaction\">\n\t\t\t<h3>En savoir plus et se former<\/h3>\t\n\n\t<div class=\"block-satisfaction-left\">\n\t\t<img decoding=\"async\" src=\"https:\/\/www.synlab.fr\/synlab-nouvelle-aquitaine\/wp-content\/uploads\/sites\/45\/2022\/09\/biologiste_sourire.jpeg\" alt=\"biologiste_sourire\" \/>\n\t<\/div>\n\n\t<div class=\"block-satisfaction-right\">\n\t\n\t\t<div class=\"block-securite-right-item-texte\"><p><strong>L&rsquo;Acad\u00e9mie SYNLAB propose un webinaire pour les professionnels de sant\u00e9 :<\/strong><\/p>\n<p><strong>\u00ab\u00a0LE DIAGNOSTIC DU MICROBIOTE INTESTINAL :<br \/>\nQuels b\u00e9n\u00e9fices pour vos patients ? Comment l\u2019interpr\u00e9ter ?\u00a0\u00bb<\/strong><\/p>\n<p>Dur\u00e9e : 1h30<\/p>\n<p><strong>Intervenants\u00a0<\/strong>:<\/p>\n<p>&#8211; Professeure Alessandra Cervino, Fondatrice de Luxia Scientific<br \/>\n&#8211; Docteur Florian Scherrer, biologiste, SYNLAB<\/p>\n<\/div>\n\t\t\t\t\n\t\t\t\n\t\t<p><a href=\"https:\/\/app.livestorm.co\/synlab-france\/diagnostic-du-microbiote-intestinal\" target=\"\" style=\"--colorCTA:#003765\" class=\"block-texte_image-contenu-cta\">Acc\u00e9dez au replay<\/a><\/p>\n\t<\/div>\n<\/div>\n\n","protected":false},"excerpt":{"rendered":"","protected":false},"author":13,"featured_media":5557,"parent":0,"menu_order":4,"comment_status":"closed","ping_status":"closed","template":"","meta":{"_acf_changed":false,"footnotes":""},"class_list":["post-5556","page","type-page","status-publish","has-post-thumbnail","hentry"],"acf":[],"yoast_head":"<!-- This site is optimized with the Yoast SEO plugin v26.3 - https:\/\/yoast.com\/wordpress\/plugins\/seo\/ -->\n<title>S\u00e9quen\u00e7age du microbiote intestinal - Synlab Nouvelle-Aquitaine<\/title>\n<meta name=\"robots\" content=\"noindex, follow, max-snippet:-1, max-image-preview:large, max-video-preview:-1\" \/>\n<meta property=\"og:locale\" content=\"fr_FR\" \/>\n<meta property=\"og:type\" content=\"article\" \/>\n<meta property=\"og:title\" content=\"S\u00e9quen\u00e7age du microbiote intestinal - Synlab Nouvelle-Aquitaine\" \/>\n<meta property=\"og:url\" content=\"https:\/\/www.synlab.fr\/synlab-nouvelle-aquitaine\/nos-expertises__trashed\/sequencage-du-microbiote-intestinal\/\" \/>\n<meta property=\"og:site_name\" content=\"Synlab Nouvelle-Aquitaine\" \/>\n<meta property=\"article:modified_time\" content=\"2023-04-26T12:48:00+00:00\" \/>\n<meta property=\"og:image\" content=\"https:\/\/www.synlab.fr\/clone\/synlab-nouvelle-aquitaine\/wp-content\/uploads\/sites\/45\/2023\/04\/csm_Bacteria_Par_picture-waterfall_AdobeStock_279829303_c415b8a16a.jpeg\" \/>\n\t<meta property=\"og:image:width\" content=\"200\" \/>\n\t<meta property=\"og:image:height\" content=\"250\" \/>\n\t<meta property=\"og:image:type\" content=\"image\/jpeg\" \/>\n<meta name=\"twitter:card\" content=\"summary_large_image\" \/>\n<meta name=\"twitter:label1\" content=\"Dur\u00e9e de lecture estim\u00e9e\" \/>\n\t<meta name=\"twitter:data1\" content=\"1 minute\" \/>\n<script type=\"application\/ld+json\" class=\"yoast-schema-graph\">{\"@context\":\"https:\/\/schema.org\",\"@graph\":[{\"@type\":\"WebPage\",\"@id\":\"https:\/\/www.synlab.fr\/synlab-nouvelle-aquitaine\/nos-expertises__trashed\/sequencage-du-microbiote-intestinal\/\",\"url\":\"https:\/\/www.synlab.fr\/synlab-nouvelle-aquitaine\/nos-expertises__trashed\/sequencage-du-microbiote-intestinal\/\",\"name\":\"S\u00e9quen\u00e7age du microbiote intestinal - Synlab Nouvelle-Aquitaine\",\"isPartOf\":{\"@id\":\"https:\/\/www.synlab.fr\/synlab-nouvelle-aquitaine\/#website\"},\"primaryImageOfPage\":{\"@id\":\"https:\/\/www.synlab.fr\/synlab-nouvelle-aquitaine\/nos-expertises__trashed\/sequencage-du-microbiote-intestinal\/#primaryimage\"},\"image\":{\"@id\":\"https:\/\/www.synlab.fr\/synlab-nouvelle-aquitaine\/nos-expertises__trashed\/sequencage-du-microbiote-intestinal\/#primaryimage\"},\"thumbnailUrl\":\"https:\/\/www.synlab.fr\/synlab-nouvelle-aquitaine\/wp-content\/uploads\/sites\/45\/2023\/04\/csm_Bacteria_Par_picture-waterfall_AdobeStock_279829303_c415b8a16a.jpeg\",\"datePublished\":\"2023-04-26T09:58:22+00:00\",\"dateModified\":\"2023-04-26T12:48:00+00:00\",\"breadcrumb\":{\"@id\":\"https:\/\/www.synlab.fr\/synlab-nouvelle-aquitaine\/nos-expertises__trashed\/sequencage-du-microbiote-intestinal\/#breadcrumb\"},\"inLanguage\":\"fr-FR\",\"potentialAction\":[{\"@type\":\"ReadAction\",\"target\":[\"https:\/\/www.synlab.fr\/synlab-nouvelle-aquitaine\/nos-expertises__trashed\/sequencage-du-microbiote-intestinal\/\"]}]},{\"@type\":\"ImageObject\",\"inLanguage\":\"fr-FR\",\"@id\":\"https:\/\/www.synlab.fr\/synlab-nouvelle-aquitaine\/nos-expertises__trashed\/sequencage-du-microbiote-intestinal\/#primaryimage\",\"url\":\"https:\/\/www.synlab.fr\/synlab-nouvelle-aquitaine\/wp-content\/uploads\/sites\/45\/2023\/04\/csm_Bacteria_Par_picture-waterfall_AdobeStock_279829303_c415b8a16a.jpeg\",\"contentUrl\":\"https:\/\/www.synlab.fr\/synlab-nouvelle-aquitaine\/wp-content\/uploads\/sites\/45\/2023\/04\/csm_Bacteria_Par_picture-waterfall_AdobeStock_279829303_c415b8a16a.jpeg\",\"width\":200,\"height\":250},{\"@type\":\"BreadcrumbList\",\"@id\":\"https:\/\/www.synlab.fr\/synlab-nouvelle-aquitaine\/nos-expertises__trashed\/sequencage-du-microbiote-intestinal\/#breadcrumb\",\"itemListElement\":[{\"@type\":\"ListItem\",\"position\":1,\"name\":\"Home\",\"item\":\"https:\/\/www.synlab.fr\/synlab-nouvelle-aquitaine\/\"},{\"@type\":\"ListItem\",\"position\":2,\"name\":\"S\u00e9quen\u00e7age du microbiote intestinal\"}]},{\"@type\":\"WebSite\",\"@id\":\"https:\/\/www.synlab.fr\/synlab-nouvelle-aquitaine\/#website\",\"url\":\"https:\/\/www.synlab.fr\/synlab-nouvelle-aquitaine\/\",\"name\":\"Synlab Nouvelle-Aquitaine\",\"description\":\"Un site utilisant Synlab\",\"potentialAction\":[{\"@type\":\"SearchAction\",\"target\":{\"@type\":\"EntryPoint\",\"urlTemplate\":\"https:\/\/www.synlab.fr\/synlab-nouvelle-aquitaine\/?s={search_term_string}\"},\"query-input\":{\"@type\":\"PropertyValueSpecification\",\"valueRequired\":true,\"valueName\":\"search_term_string\"}}],\"inLanguage\":\"fr-FR\"}]}<\/script>\n<!-- \/ Yoast SEO plugin. -->","yoast_head_json":{"title":"S\u00e9quen\u00e7age du microbiote intestinal - Synlab Nouvelle-Aquitaine","robots":{"index":"noindex","follow":"follow","max-snippet":"max-snippet:-1","max-image-preview":"max-image-preview:large","max-video-preview":"max-video-preview:-1"},"og_locale":"fr_FR","og_type":"article","og_title":"S\u00e9quen\u00e7age du microbiote intestinal - Synlab Nouvelle-Aquitaine","og_url":"https:\/\/www.synlab.fr\/synlab-nouvelle-aquitaine\/nos-expertises__trashed\/sequencage-du-microbiote-intestinal\/","og_site_name":"Synlab Nouvelle-Aquitaine","article_modified_time":"2023-04-26T12:48:00+00:00","og_image":[{"width":200,"height":250,"url":"https:\/\/www.synlab.fr\/clone\/synlab-nouvelle-aquitaine\/wp-content\/uploads\/sites\/45\/2023\/04\/csm_Bacteria_Par_picture-waterfall_AdobeStock_279829303_c415b8a16a.jpeg","type":"image\/jpeg"}],"twitter_card":"summary_large_image","twitter_misc":{"Dur\u00e9e de lecture estim\u00e9e":"1 minute"},"schema":{"@context":"https:\/\/schema.org","@graph":[{"@type":"WebPage","@id":"https:\/\/www.synlab.fr\/synlab-nouvelle-aquitaine\/nos-expertises__trashed\/sequencage-du-microbiote-intestinal\/","url":"https:\/\/www.synlab.fr\/synlab-nouvelle-aquitaine\/nos-expertises__trashed\/sequencage-du-microbiote-intestinal\/","name":"S\u00e9quen\u00e7age du microbiote intestinal - Synlab Nouvelle-Aquitaine","isPartOf":{"@id":"https:\/\/www.synlab.fr\/synlab-nouvelle-aquitaine\/#website"},"primaryImageOfPage":{"@id":"https:\/\/www.synlab.fr\/synlab-nouvelle-aquitaine\/nos-expertises__trashed\/sequencage-du-microbiote-intestinal\/#primaryimage"},"image":{"@id":"https:\/\/www.synlab.fr\/synlab-nouvelle-aquitaine\/nos-expertises__trashed\/sequencage-du-microbiote-intestinal\/#primaryimage"},"thumbnailUrl":"https:\/\/www.synlab.fr\/synlab-nouvelle-aquitaine\/wp-content\/uploads\/sites\/45\/2023\/04\/csm_Bacteria_Par_picture-waterfall_AdobeStock_279829303_c415b8a16a.jpeg","datePublished":"2023-04-26T09:58:22+00:00","dateModified":"2023-04-26T12:48:00+00:00","breadcrumb":{"@id":"https:\/\/www.synlab.fr\/synlab-nouvelle-aquitaine\/nos-expertises__trashed\/sequencage-du-microbiote-intestinal\/#breadcrumb"},"inLanguage":"fr-FR","potentialAction":[{"@type":"ReadAction","target":["https:\/\/www.synlab.fr\/synlab-nouvelle-aquitaine\/nos-expertises__trashed\/sequencage-du-microbiote-intestinal\/"]}]},{"@type":"ImageObject","inLanguage":"fr-FR","@id":"https:\/\/www.synlab.fr\/synlab-nouvelle-aquitaine\/nos-expertises__trashed\/sequencage-du-microbiote-intestinal\/#primaryimage","url":"https:\/\/www.synlab.fr\/synlab-nouvelle-aquitaine\/wp-content\/uploads\/sites\/45\/2023\/04\/csm_Bacteria_Par_picture-waterfall_AdobeStock_279829303_c415b8a16a.jpeg","contentUrl":"https:\/\/www.synlab.fr\/synlab-nouvelle-aquitaine\/wp-content\/uploads\/sites\/45\/2023\/04\/csm_Bacteria_Par_picture-waterfall_AdobeStock_279829303_c415b8a16a.jpeg","width":200,"height":250},{"@type":"BreadcrumbList","@id":"https:\/\/www.synlab.fr\/synlab-nouvelle-aquitaine\/nos-expertises__trashed\/sequencage-du-microbiote-intestinal\/#breadcrumb","itemListElement":[{"@type":"ListItem","position":1,"name":"Home","item":"https:\/\/www.synlab.fr\/synlab-nouvelle-aquitaine\/"},{"@type":"ListItem","position":2,"name":"S\u00e9quen\u00e7age du microbiote intestinal"}]},{"@type":"WebSite","@id":"https:\/\/www.synlab.fr\/synlab-nouvelle-aquitaine\/#website","url":"https:\/\/www.synlab.fr\/synlab-nouvelle-aquitaine\/","name":"Synlab Nouvelle-Aquitaine","description":"Un site utilisant Synlab","potentialAction":[{"@type":"SearchAction","target":{"@type":"EntryPoint","urlTemplate":"https:\/\/www.synlab.fr\/synlab-nouvelle-aquitaine\/?s={search_term_string}"},"query-input":{"@type":"PropertyValueSpecification","valueRequired":true,"valueName":"search_term_string"}}],"inLanguage":"fr-FR"}]}},"_links":{"self":[{"href":"https:\/\/www.synlab.fr\/synlab-nouvelle-aquitaine\/wp-json\/wp\/v2\/pages\/5556","targetHints":{"allow":["GET"]}}],"collection":[{"href":"https:\/\/www.synlab.fr\/synlab-nouvelle-aquitaine\/wp-json\/wp\/v2\/pages"}],"about":[{"href":"https:\/\/www.synlab.fr\/synlab-nouvelle-aquitaine\/wp-json\/wp\/v2\/types\/page"}],"author":[{"embeddable":true,"href":"https:\/\/www.synlab.fr\/synlab-nouvelle-aquitaine\/wp-json\/wp\/v2\/users\/13"}],"replies":[{"embeddable":true,"href":"https:\/\/www.synlab.fr\/synlab-nouvelle-aquitaine\/wp-json\/wp\/v2\/comments?post=5556"}],"version-history":[{"count":25,"href":"https:\/\/www.synlab.fr\/synlab-nouvelle-aquitaine\/wp-json\/wp\/v2\/pages\/5556\/revisions"}],"predecessor-version":[{"id":5606,"href":"https:\/\/www.synlab.fr\/synlab-nouvelle-aquitaine\/wp-json\/wp\/v2\/pages\/5556\/revisions\/5606"}],"wp:featuredmedia":[{"embeddable":true,"href":"https:\/\/www.synlab.fr\/synlab-nouvelle-aquitaine\/wp-json\/wp\/v2\/media\/5557"}],"wp:attachment":[{"href":"https:\/\/www.synlab.fr\/synlab-nouvelle-aquitaine\/wp-json\/wp\/v2\/media?parent=5556"}],"curies":[{"name":"wp","href":"https:\/\/api.w.org\/{rel}","templated":true}]}}