{"id":6176,"date":"2023-10-09T15:57:30","date_gmt":"2023-10-09T13:57:30","guid":{"rendered":"https:\/\/www.synlab.fr\/synlab-nouvelle-aquitaine\/?page_id=6176"},"modified":"2023-10-13T14:28:08","modified_gmt":"2023-10-13T12:28:08","slug":"nos-opportunites-synlab","status":"publish","type":"page","link":"https:\/\/www.synlab.fr\/synlab-nouvelle-aquitaine\/nos-opportunites-synlab\/","title":{"rendered":"Travailler chez SYNLAB"},"content":{"rendered":"<div class=\"container block-texte_image\">\n\n\t\t\t<div class=\"block-texte_image-contenu order-1\" style=\"--widthContenu:70%\">\n\t\t\t<h2>D\u00e9couvrir nos offres <\/h2>\t\t\t<article><p>Que vous soyez junior ou exp\u00e9riment\u00e9(e), que vous pr\u00e9f\u00e9riez travailler sur un plateau technique ou sur un site pr\u00e9-post analytique, occuper une fonction m\u00e9dicale ou une fonction support\u2026 vous pourrez trouver dans nos \u00e9quipes une place qui correspond \u00e0 votre projet.<\/p>\n<\/article>\t\t\t\t\t\t\n\t\t\t<p><a href=\"https:\/\/www.synlab.fr\/synlab-nouvelle-aquitaine\/nos-opportunites-synlab\/decouvrir-nos-offres\/\" style=\"--colorCTA:#003765\" target=\"\" class=\"block-texte_image-contenu-cta\">En savoir plus<\/a><\/p>\t\t<\/div>\n\t\n\t\n\t\t<div class=\"block-texte_image-illustration order-0\" style=\"--widthImage:30%;\">\n\t\t\t<img decoding=\"async\" src=\"https:\/\/www.synlab.fr\/synlab-nouvelle-aquitaine\/wp-content\/uploads\/sites\/45\/2023\/10\/Offres-demploi5-2.jpeg\" alt=\"The hand puts the cube block with the inscription JOB. New job or search job symbol\"\/>\n\t\t<\/div>\n\n\t\n\t\t\n<\/div>\n\n\n\n\n\t\n\t\n\n\n\n<div class=\"container-fluid block-separateur\" style=\"--heightDesk:10px;--heightMob:15px;\">\n\n    \n    \n<\/div>\n\n<div class=\"container block-texte_image\">\n\n\t\t\t<div class=\"block-texte_image-contenu order-0\" style=\"--widthContenu:70%\">\n\t\t\t<h2>Nos m\u00e9tiers<\/h2>\t\t\t<article><p>Pour tout conna\u00eetre sur nos m\u00e9tiers, d\u00e9couvrir les comp\u00e9tences que nous recherchons, visionner des t\u00e9moignages de nos collaborateurs\u2026 cliquez ici !<\/p>\n<\/article>\t\t\t\t\t\t\n\t\t\t<p><a href=\"https:\/\/www.synlab.fr\/nos-opportunites-synlab\/nos-metiers-synlab\/\" style=\"--colorCTA:#003765\" target=\"\" class=\"block-texte_image-contenu-cta\">En savoir plus<\/a><\/p>\t\t<\/div>\n\t\n\t\n\t\t<div class=\"block-texte_image-illustration order-1\" style=\"--widthImage:30%;\">\n\t\t\t<img decoding=\"async\" src=\"https:\/\/www.synlab.fr\/synlab-nouvelle-aquitaine\/wp-content\/uploads\/sites\/45\/2023\/10\/Nos-metiers.jpg\" alt=\"Nos-metiers\"\/>\n\t\t<\/div>\n\n\t\n\t\t\n<\/div>\n\n\n\n\n\t\n\t\n\n\n\n<div class=\"container-fluid block-separateur\" style=\"--heightDesk:10px;--heightMob:15px;\">\n\n    \n    \n<\/div>\n\n<div class=\"container block-texte_image\">\n\n\t\t\t<div class=\"block-texte_image-contenu order-1\" style=\"--widthContenu:70%\">\n\t\t\t<h2>SYNLAB vu de l&rsquo;int\u00e9rieur<\/h2>\t\t\t<article><p>Collaboration, polyvalence, entraide, solidarit\u00e9\u2026 d\u00e9couvrez les piliers qui constituent l\u2019ADN de SYNLAB !<\/p>\n<\/article>\t\t\t\t\t\t\n\t\t\t<p><a href=\"https:\/\/www.synlab.fr\/nos-opportunites-synlab\/synlab-vu-de-interieur\/\" style=\"--colorCTA:#003765\" target=\"\" class=\"block-texte_image-contenu-cta\">En savoir plus<\/a><\/p>\t\t<\/div>\n\t\n\t\n\t\t<div class=\"block-texte_image-illustration order-0\" style=\"--widthImage:30%;\">\n\t\t\t<img decoding=\"async\" src=\"https:\/\/www.synlab.fr\/synlab-nouvelle-aquitaine\/wp-content\/uploads\/sites\/45\/2023\/10\/SYNLAB-vu-de-linterieur-e1693317236464.jpeg\" alt=\"SYNLAB-vu-de-linterieur-e1693317236464\"\/>\n\t\t<\/div>\n\n\t\n\t\t\n<\/div>\n\n\n\n\n\t\n\t\n\n\n\n<div class=\"container-fluid block-separateur\" style=\"--heightDesk:10px;--heightMob:15px;\">\n\n    \n    \n<\/div>\n\n<div class=\"container block-texte_image\">\n\n\t\t\t<div class=\"block-texte_image-contenu order-0\" style=\"--widthContenu:70%\">\n\t\t\t<h2>Se d\u00e9velopper chez SYNLAB<\/h2>\t\t\t<article><p>Des formations sur mesure, des possibilit\u00e9s d\u2019\u00e9volution, une place pour les jeunes\u2026 acc\u00e9dez \u00e0 un univers d\u2019opportunit\u00e9s !<\/p>\n<\/article>\t\t\t\t\t\t\n\t\t\t<p><a href=\"https:\/\/www.synlab.fr\/nos-opportunites-synlab\/se-developper\/\" style=\"--colorCTA:#003765\" target=\"\" class=\"block-texte_image-contenu-cta\">En savoir plus<\/a><\/p>\t\t<\/div>\n\t\n\t\n\t\t<div class=\"block-texte_image-illustration order-1\" style=\"--widthImage:30%;\">\n\t\t\t<img decoding=\"async\" src=\"https:\/\/www.synlab.fr\/synlab-nouvelle-aquitaine\/wp-content\/uploads\/sites\/45\/2023\/10\/Se-developper-1.jpeg\" alt=\"Space shuttle in the space near Earth. Clouds and sky on backgro\"\/>\n\t\t<\/div>\n\n\t\n\t\t\n<\/div>\n\n\n\n\n\t\n\t\n","protected":false},"excerpt":{"rendered":"","protected":false},"author":13,"featured_media":0,"parent":0,"menu_order":0,"comment_status":"closed","ping_status":"closed","template":"","meta":{"_acf_changed":false,"footnotes":""},"class_list":["post-6176","page","type-page","status-publish","hentry"],"acf":[],"yoast_head":"<!-- This site is optimized with the Yoast SEO plugin v26.3 - https:\/\/yoast.com\/wordpress\/plugins\/seo\/ -->\n<title>Travailler chez SYNLAB - D\u00e9couvrez nos opportunit\u00e9s<\/title>\n<meta name=\"description\" content=\"&quot;D\u00e9couvrez vos opportunit\u00e9s chez SYNLAB Nouvelle-Aquitaine : Que vous soyez junior ou exp\u00e9riment\u00e9(e), trouvez la place qui correspond \u00e0 votre projet.\" \/>\n<meta name=\"robots\" content=\"noindex, follow, max-snippet:-1, max-image-preview:large, max-video-preview:-1\" \/>\n<meta property=\"og:locale\" content=\"fr_FR\" \/>\n<meta property=\"og:type\" content=\"article\" \/>\n<meta property=\"og:title\" content=\"Travailler chez SYNLAB - D\u00e9couvrez nos opportunit\u00e9s\" \/>\n<meta property=\"og:description\" content=\"&quot;D\u00e9couvrez vos opportunit\u00e9s chez SYNLAB Nouvelle-Aquitaine : Que vous soyez junior ou exp\u00e9riment\u00e9(e), trouvez la place qui correspond \u00e0 votre projet.\" \/>\n<meta property=\"og:url\" content=\"https:\/\/www.synlab.fr\/nos-opportunites-synlab\/\" \/>\n<meta property=\"og:site_name\" content=\"Synlab Nouvelle-Aquitaine\" \/>\n<meta property=\"article:modified_time\" content=\"2023-10-13T12:28:08+00:00\" \/>\n<meta name=\"twitter:card\" content=\"summary_large_image\" \/>\n<script type=\"application\/ld+json\" class=\"yoast-schema-graph\">{\"@context\":\"https:\/\/schema.org\",\"@graph\":[{\"@type\":\"WebPage\",\"@id\":\"https:\/\/www.synlab.fr\/synlab-nouvelle-aquitaine\/nos-opportunites-synlab\/\",\"url\":\"https:\/\/www.synlab.fr\/nos-opportunites-synlab\/\",\"name\":\"Travailler chez SYNLAB - D\u00e9couvrez nos opportunit\u00e9s\",\"isPartOf\":{\"@id\":\"https:\/\/www.synlab.fr\/synlab-nouvelle-aquitaine\/#website\"},\"datePublished\":\"2023-10-09T13:57:30+00:00\",\"dateModified\":\"2023-10-13T12:28:08+00:00\",\"description\":\"\\\"D\u00e9couvrez vos opportunit\u00e9s chez SYNLAB Nouvelle-Aquitaine : Que vous soyez junior ou exp\u00e9riment\u00e9(e), trouvez la place qui correspond \u00e0 votre projet.\",\"breadcrumb\":{\"@id\":\"https:\/\/www.synlab.fr\/nos-opportunites-synlab\/#breadcrumb\"},\"inLanguage\":\"fr-FR\",\"potentialAction\":[{\"@type\":\"ReadAction\",\"target\":[\"https:\/\/www.synlab.fr\/nos-opportunites-synlab\/\"]}]},{\"@type\":\"BreadcrumbList\",\"@id\":\"https:\/\/www.synlab.fr\/nos-opportunites-synlab\/#breadcrumb\",\"itemListElement\":[{\"@type\":\"ListItem\",\"position\":1,\"name\":\"Home\",\"item\":\"https:\/\/www.synlab.fr\/synlab-nouvelle-aquitaine\/\"},{\"@type\":\"ListItem\",\"position\":2,\"name\":\"Travailler chez SYNLAB\"}]},{\"@type\":\"WebSite\",\"@id\":\"https:\/\/www.synlab.fr\/synlab-nouvelle-aquitaine\/#website\",\"url\":\"https:\/\/www.synlab.fr\/synlab-nouvelle-aquitaine\/\",\"name\":\"Synlab Nouvelle-Aquitaine\",\"description\":\"Un site utilisant Synlab\",\"potentialAction\":[{\"@type\":\"SearchAction\",\"target\":{\"@type\":\"EntryPoint\",\"urlTemplate\":\"https:\/\/www.synlab.fr\/synlab-nouvelle-aquitaine\/?s={search_term_string}\"},\"query-input\":{\"@type\":\"PropertyValueSpecification\",\"valueRequired\":true,\"valueName\":\"search_term_string\"}}],\"inLanguage\":\"fr-FR\"}]}<\/script>\n<!-- \/ Yoast SEO plugin. -->","yoast_head_json":{"title":"Travailler chez SYNLAB - D\u00e9couvrez nos opportunit\u00e9s","description":"\"D\u00e9couvrez vos opportunit\u00e9s chez SYNLAB Nouvelle-Aquitaine : Que vous soyez junior ou exp\u00e9riment\u00e9(e), trouvez la place qui correspond \u00e0 votre projet.","robots":{"index":"noindex","follow":"follow","max-snippet":"max-snippet:-1","max-image-preview":"max-image-preview:large","max-video-preview":"max-video-preview:-1"},"og_locale":"fr_FR","og_type":"article","og_title":"Travailler chez SYNLAB - D\u00e9couvrez nos opportunit\u00e9s","og_description":"\"D\u00e9couvrez vos opportunit\u00e9s chez SYNLAB Nouvelle-Aquitaine : Que vous soyez junior ou exp\u00e9riment\u00e9(e), trouvez la place qui correspond \u00e0 votre projet.","og_url":"https:\/\/www.synlab.fr\/nos-opportunites-synlab\/","og_site_name":"Synlab Nouvelle-Aquitaine","article_modified_time":"2023-10-13T12:28:08+00:00","twitter_card":"summary_large_image","schema":{"@context":"https:\/\/schema.org","@graph":[{"@type":"WebPage","@id":"https:\/\/www.synlab.fr\/synlab-nouvelle-aquitaine\/nos-opportunites-synlab\/","url":"https:\/\/www.synlab.fr\/nos-opportunites-synlab\/","name":"Travailler chez SYNLAB - D\u00e9couvrez nos opportunit\u00e9s","isPartOf":{"@id":"https:\/\/www.synlab.fr\/synlab-nouvelle-aquitaine\/#website"},"datePublished":"2023-10-09T13:57:30+00:00","dateModified":"2023-10-13T12:28:08+00:00","description":"\"D\u00e9couvrez vos opportunit\u00e9s chez SYNLAB Nouvelle-Aquitaine : Que vous soyez junior ou exp\u00e9riment\u00e9(e), trouvez la place qui correspond \u00e0 votre projet.","breadcrumb":{"@id":"https:\/\/www.synlab.fr\/nos-opportunites-synlab\/#breadcrumb"},"inLanguage":"fr-FR","potentialAction":[{"@type":"ReadAction","target":["https:\/\/www.synlab.fr\/nos-opportunites-synlab\/"]}]},{"@type":"BreadcrumbList","@id":"https:\/\/www.synlab.fr\/nos-opportunites-synlab\/#breadcrumb","itemListElement":[{"@type":"ListItem","position":1,"name":"Home","item":"https:\/\/www.synlab.fr\/synlab-nouvelle-aquitaine\/"},{"@type":"ListItem","position":2,"name":"Travailler chez SYNLAB"}]},{"@type":"WebSite","@id":"https:\/\/www.synlab.fr\/synlab-nouvelle-aquitaine\/#website","url":"https:\/\/www.synlab.fr\/synlab-nouvelle-aquitaine\/","name":"Synlab Nouvelle-Aquitaine","description":"Un site utilisant Synlab","potentialAction":[{"@type":"SearchAction","target":{"@type":"EntryPoint","urlTemplate":"https:\/\/www.synlab.fr\/synlab-nouvelle-aquitaine\/?s={search_term_string}"},"query-input":{"@type":"PropertyValueSpecification","valueRequired":true,"valueName":"search_term_string"}}],"inLanguage":"fr-FR"}]}},"_links":{"self":[{"href":"https:\/\/www.synlab.fr\/synlab-nouvelle-aquitaine\/wp-json\/wp\/v2\/pages\/6176","targetHints":{"allow":["GET"]}}],"collection":[{"href":"https:\/\/www.synlab.fr\/synlab-nouvelle-aquitaine\/wp-json\/wp\/v2\/pages"}],"about":[{"href":"https:\/\/www.synlab.fr\/synlab-nouvelle-aquitaine\/wp-json\/wp\/v2\/types\/page"}],"author":[{"embeddable":true,"href":"https:\/\/www.synlab.fr\/synlab-nouvelle-aquitaine\/wp-json\/wp\/v2\/users\/13"}],"replies":[{"embeddable":true,"href":"https:\/\/www.synlab.fr\/synlab-nouvelle-aquitaine\/wp-json\/wp\/v2\/comments?post=6176"}],"version-history":[{"count":4,"href":"https:\/\/www.synlab.fr\/synlab-nouvelle-aquitaine\/wp-json\/wp\/v2\/pages\/6176\/revisions"}],"predecessor-version":[{"id":6232,"href":"https:\/\/www.synlab.fr\/synlab-nouvelle-aquitaine\/wp-json\/wp\/v2\/pages\/6176\/revisions\/6232"}],"wp:attachment":[{"href":"https:\/\/www.synlab.fr\/synlab-nouvelle-aquitaine\/wp-json\/wp\/v2\/media?parent=6176"}],"curies":[{"name":"wp","href":"https:\/\/api.w.org\/{rel}","templated":true}]}}